{"id":214,"date":"2017-06-26T17:58:41","date_gmt":"2017-06-26T15:58:41","guid":{"rendered":"https:\/\/web.umons.ac.be\/fau\/?page_id=214"},"modified":"2026-03-13T15:25:20","modified_gmt":"2026-03-13T14:25:20","slug":"activites-de-recherche","status":"publish","type":"page","link":"https:\/\/web.umons.ac.be\/fau\/fr\/activites-de-recherche\/","title":{"rendered":"Activit\u00e9s d&rsquo;enseignement et de recherche"},"content":{"rendered":"<h2>D\u00e9couvrir les domaines de recherche<a href=\"https:\/\/web.umons.ac.be\/app\/uploads\/sites\/5\/2024\/05\/Faculte-Forum.png\"><img loading=\"lazy\" decoding=\"async\" class=\"alignright wp-image-3107 size-medium\" src=\"https:\/\/web.umons.ac.be\/app\/uploads\/sites\/5\/2024\/05\/Faculte-Forum-300x300.png\" alt=\"Une des sp\u00e9cificit\u00e9s de l\u2019enseignement universitaire est, certainement, d\u2019enrichir ses enseignements des acquis par la recherche.\" width=\"300\" height=\"300\" srcset=\"https:\/\/web.umons.ac.be\/app\/uploads\/sites\/5\/2024\/05\/Faculte-Forum-300x300.png 300w, https:\/\/web.umons.ac.be\/app\/uploads\/sites\/5\/2024\/05\/Faculte-Forum-1024x1024.png 1024w, https:\/\/web.umons.ac.be\/app\/uploads\/sites\/5\/2024\/05\/Faculte-Forum-150x150.png 150w, https:\/\/web.umons.ac.be\/app\/uploads\/sites\/5\/2024\/05\/Faculte-Forum-768x768.png 768w, https:\/\/web.umons.ac.be\/app\/uploads\/sites\/5\/2024\/05\/Faculte-Forum-1536x1536.png 1536w, https:\/\/web.umons.ac.be\/app\/uploads\/sites\/5\/2024\/05\/Faculte-Forum-660x660.png 660w, https:\/\/web.umons.ac.be\/app\/uploads\/sites\/5\/2024\/05\/Faculte-Forum-30x30.png 30w, https:\/\/web.umons.ac.be\/app\/uploads\/sites\/5\/2024\/05\/Faculte-Forum-80x80.png 80w, https:\/\/web.umons.ac.be\/app\/uploads\/sites\/5\/2024\/05\/Faculte-Forum-60x60.png 60w, https:\/\/web.umons.ac.be\/app\/uploads\/sites\/5\/2024\/05\/Faculte-Forum-360x360.png 360w, https:\/\/web.umons.ac.be\/app\/uploads\/sites\/5\/2024\/05\/Faculte-Forum-400x400.png 400w, https:\/\/web.umons.ac.be\/app\/uploads\/sites\/5\/2024\/05\/Faculte-Forum-200x200.png 200w, https:\/\/web.umons.ac.be\/app\/uploads\/sites\/5\/2024\/05\/Faculte-Forum.png 2000w\" sizes=\"auto, (max-width: 300px) 100vw, 300px\" \/><\/a><\/h2>\n<p>La cr\u00e9ation des services a permis, d\u2019une part, de regrouper en ensembles coh\u00e9rents les enseignements et les comp\u00e9tences articul\u00e9es autour du projet d\u2019architecture et, d\u2019autre part, d\u2019assurer des missions de recherche ax\u00e9es sur leurs th\u00e9matiques :<\/p>\n<ul>\n<li>(A)m\u00e9nagement des Territoires<\/li>\n<li style=\"font-size: 14px;\">Conception, P\u00e9dagogie, Medium, Mediation<\/li>\n<li>Etudes Culturelles, Ecologiques, Critiques<\/li>\n<li style=\"font-size: 14px;\">Patrimoines et H\u00e9ritages Architecturaux<\/li>\n<li>Sciences, Construction, Mat\u00e9riaux et Energies<\/li>\n<li>Territorialit\u00e9s, R\u00e9g\u00e9n\u00e9rations, Marges et Soci\u00e9t\u00e9s<\/li>\n<li style=\"font-size: 14px;\">Th\u00e9ories et pratique du Num\u00e9rique en Architecture<\/li>\n<li>Urbanisme et Adaptation<\/li>\n<\/ul>\n<p>Une des sp\u00e9cificit\u00e9s de l\u2019enseignement universitaire est, certainement, d\u2019enrichir ses enseignements des acquis par la recherche. C\u2019est dans cette perspective que les services de la Facult\u00e9 sont garants de la coh\u00e9rence des axes de recherche qu\u2019ils soutiennent. Notre domaine a \u00e9galement un r\u00e9el r\u00f4le \u00e0 jouer dans les services \u00e0 rendre \u00e0 la soci\u00e9t\u00e9, en ce sens \u00e0 un large public.<a href=\"https:\/\/web.umons.ac.be\/app\/uploads\/sites\/5\/2026\/02\/Services-2-scaled.png\"><img loading=\"lazy\" decoding=\"async\" class=\"wp-image-3635 size-full aligncenter\" src=\"https:\/\/web.umons.ac.be\/app\/uploads\/sites\/5\/2026\/02\/Services-2-scaled.png\" alt=\"\" width=\"2048\" height=\"2560\" srcset=\"https:\/\/web.umons.ac.be\/app\/uploads\/sites\/5\/2026\/02\/Services-2-scaled.png 2048w, https:\/\/web.umons.ac.be\/app\/uploads\/sites\/5\/2026\/02\/Services-2-240x300.png 240w, https:\/\/web.umons.ac.be\/app\/uploads\/sites\/5\/2026\/02\/Services-2-819x1024.png 819w, https:\/\/web.umons.ac.be\/app\/uploads\/sites\/5\/2026\/02\/Services-2-768x960.png 768w, https:\/\/web.umons.ac.be\/app\/uploads\/sites\/5\/2026\/02\/Services-2-1229x1536.png 1229w, https:\/\/web.umons.ac.be\/app\/uploads\/sites\/5\/2026\/02\/Services-2-1638x2048.png 1638w, https:\/\/web.umons.ac.be\/app\/uploads\/sites\/5\/2026\/02\/Services-2-528x660.png 528w, https:\/\/web.umons.ac.be\/app\/uploads\/sites\/5\/2026\/02\/Services-2-30x38.png 30w, https:\/\/web.umons.ac.be\/app\/uploads\/sites\/5\/2026\/02\/Services-2-48x60.png 48w, https:\/\/web.umons.ac.be\/app\/uploads\/sites\/5\/2026\/02\/Services-2-360x450.png 360w\" sizes=\"auto, (max-width: 2048px) 100vw, 2048px\" \/><\/a><\/p>\n","protected":false},"excerpt":{"rendered":"<p>D\u00e9couvrir les domaines de recherche La cr\u00e9ation des services a permis, d\u2019une part, de regrouper en ensembles coh\u00e9rents les enseignements et les comp\u00e9tences articul\u00e9es autour du projet d\u2019architecture et, d\u2019autre part, d\u2019assurer des missions de recherche ax\u00e9es sur leurs th\u00e9matiques : (A)m\u00e9nagement des Territoires Conception, P\u00e9dagogie, Medium, Mediation Etudes Culturelles, Ecologiques, Critiques Patrimoines et H\u00e9ritages [&hellip;]<\/p>\n","protected":false},"author":2,"featured_media":0,"parent":0,"menu_order":7,"comment_status":"closed","ping_status":"closed","template":"","meta":{"footnotes":""},"class_list":["post-214","page","type-page","status-publish","hentry"],"yoast_head":"<!-- This site is optimized with the Yoast SEO plugin v27.2 - https:\/\/yoast.com\/product\/yoast-seo-wordpress\/ -->\n<title>Activit\u00e9s de Recherche \u00e0 la FA+U<\/title>\n<meta name=\"description\" content=\"Une des sp\u00e9cificit\u00e9s de l\u2019enseignement universitaire est, certainement, d\u2019enrichir ses enseignements des acquis par la recherche.\" \/>\n<meta name=\"robots\" content=\"index, follow, max-snippet:-1, max-image-preview:large, max-video-preview:-1\" \/>\n<link rel=\"canonical\" href=\"https:\/\/web.umons.ac.be\/fau\/fr\/activites-de-recherche\/\" \/>\n<meta property=\"og:locale\" content=\"fr_FR\" \/>\n<meta property=\"og:type\" content=\"article\" \/>\n<meta property=\"og:title\" content=\"Activit\u00e9s de Recherche \u00e0 la FA+U\" \/>\n<meta property=\"og:description\" content=\"Une des sp\u00e9cificit\u00e9s de l\u2019enseignement universitaire est, certainement, d\u2019enrichir ses enseignements des acquis par la recherche.\" \/>\n<meta property=\"og:url\" content=\"https:\/\/web.umons.ac.be\/fau\/fr\/activites-de-recherche\/\" \/>\n<meta property=\"og:site_name\" content=\"Facult\u00e9 \/ FAU\" \/>\n<meta property=\"article:modified_time\" content=\"2026-03-13T14:25:20+00:00\" \/>\n<meta property=\"og:image\" content=\"https:\/\/web.umons.ac.be\/app\/uploads\/sites\/5\/2024\/05\/Faculte-Forum.png\" \/>\n\t<meta property=\"og:image:width\" content=\"2000\" \/>\n\t<meta property=\"og:image:height\" content=\"2000\" \/>\n\t<meta property=\"og:image:type\" content=\"image\/png\" \/>\n<meta name=\"twitter:card\" content=\"summary_large_image\" \/>\n<meta name=\"twitter:label1\" content=\"Dur\u00e9e de lecture estim\u00e9e\" \/>\n\t<meta name=\"twitter:data1\" content=\"2 minutes\" \/>\n<script type=\"application\/ld+json\" class=\"yoast-schema-graph\">{\"@context\":\"https:\/\/schema.org\",\"@graph\":[{\"@type\":\"WebPage\",\"@id\":\"https:\/\/web.umons.ac.be\/fau\/fr\/activites-de-recherche\/\",\"url\":\"https:\/\/web.umons.ac.be\/fau\/fr\/activites-de-recherche\/\",\"name\":\"Activit\u00e9s de Recherche \u00e0 la FA+U\",\"isPartOf\":{\"@id\":\"https:\/\/web.umons.ac.be\/fau\/#website\"},\"primaryImageOfPage\":{\"@id\":\"https:\/\/web.umons.ac.be\/fau\/fr\/activites-de-recherche\/#primaryimage\"},\"image\":{\"@id\":\"https:\/\/web.umons.ac.be\/fau\/fr\/activites-de-recherche\/#primaryimage\"},\"thumbnailUrl\":\"https:\/\/web.umons.ac.be\/app\/uploads\/sites\/5\/2024\/05\/Faculte-Forum-300x300.png\",\"datePublished\":\"2017-06-26T15:58:41+00:00\",\"dateModified\":\"2026-03-13T14:25:20+00:00\",\"description\":\"Une des sp\u00e9cificit\u00e9s de l\u2019enseignement universitaire est, certainement, d\u2019enrichir ses enseignements des acquis par la recherche.\",\"breadcrumb\":{\"@id\":\"https:\/\/web.umons.ac.be\/fau\/fr\/activites-de-recherche\/#breadcrumb\"},\"inLanguage\":\"fr-FR\",\"potentialAction\":[{\"@type\":\"ReadAction\",\"target\":[\"https:\/\/web.umons.ac.be\/fau\/fr\/activites-de-recherche\/\"]}]},{\"@type\":\"ImageObject\",\"inLanguage\":\"fr-FR\",\"@id\":\"https:\/\/web.umons.ac.be\/fau\/fr\/activites-de-recherche\/#primaryimage\",\"url\":\"https:\/\/web.umons.ac.be\/app\/uploads\/sites\/5\/2024\/05\/Faculte-Forum-300x300.png\",\"contentUrl\":\"https:\/\/web.umons.ac.be\/app\/uploads\/sites\/5\/2024\/05\/Faculte-Forum-300x300.png\"},{\"@type\":\"BreadcrumbList\",\"@id\":\"https:\/\/web.umons.ac.be\/fau\/fr\/activites-de-recherche\/#breadcrumb\",\"itemListElement\":[{\"@type\":\"ListItem\",\"position\":1,\"name\":\"Accueil\",\"item\":\"https:\/\/web.umons.ac.be\/fau\/fr\/\"},{\"@type\":\"ListItem\",\"position\":2,\"name\":\"Activit\u00e9s d&rsquo;enseignement et de recherche\"}]},{\"@type\":\"WebSite\",\"@id\":\"https:\/\/web.umons.ac.be\/fau\/#website\",\"url\":\"https:\/\/web.umons.ac.be\/fau\/\",\"name\":\"Facult\u00e9 \/ FAU\",\"description\":\"\",\"potentialAction\":[{\"@type\":\"SearchAction\",\"target\":{\"@type\":\"EntryPoint\",\"urlTemplate\":\"https:\/\/web.umons.ac.be\/fau\/?s={search_term_string}\"},\"query-input\":{\"@type\":\"PropertyValueSpecification\",\"valueRequired\":true,\"valueName\":\"search_term_string\"}}],\"inLanguage\":\"fr-FR\"}]}<\/script>\n<!-- \/ Yoast SEO plugin. -->","yoast_head_json":{"title":"Activit\u00e9s de Recherche \u00e0 la FA+U","description":"Une des sp\u00e9cificit\u00e9s de l\u2019enseignement universitaire est, certainement, d\u2019enrichir ses enseignements des acquis par la recherche.","robots":{"index":"index","follow":"follow","max-snippet":"max-snippet:-1","max-image-preview":"max-image-preview:large","max-video-preview":"max-video-preview:-1"},"canonical":"https:\/\/web.umons.ac.be\/fau\/fr\/activites-de-recherche\/","og_locale":"fr_FR","og_type":"article","og_title":"Activit\u00e9s de Recherche \u00e0 la FA+U","og_description":"Une des sp\u00e9cificit\u00e9s de l\u2019enseignement universitaire est, certainement, d\u2019enrichir ses enseignements des acquis par la recherche.","og_url":"https:\/\/web.umons.ac.be\/fau\/fr\/activites-de-recherche\/","og_site_name":"Facult\u00e9 \/ FAU","article_modified_time":"2026-03-13T14:25:20+00:00","og_image":[{"width":2000,"height":2000,"url":"https:\/\/web.umons.ac.be\/app\/uploads\/sites\/5\/2024\/05\/Faculte-Forum.png","type":"image\/png"}],"twitter_card":"summary_large_image","twitter_misc":{"Dur\u00e9e de lecture estim\u00e9e":"2 minutes"},"schema":{"@context":"https:\/\/schema.org","@graph":[{"@type":"WebPage","@id":"https:\/\/web.umons.ac.be\/fau\/fr\/activites-de-recherche\/","url":"https:\/\/web.umons.ac.be\/fau\/fr\/activites-de-recherche\/","name":"Activit\u00e9s de Recherche \u00e0 la FA+U","isPartOf":{"@id":"https:\/\/web.umons.ac.be\/fau\/#website"},"primaryImageOfPage":{"@id":"https:\/\/web.umons.ac.be\/fau\/fr\/activites-de-recherche\/#primaryimage"},"image":{"@id":"https:\/\/web.umons.ac.be\/fau\/fr\/activites-de-recherche\/#primaryimage"},"thumbnailUrl":"https:\/\/web.umons.ac.be\/app\/uploads\/sites\/5\/2024\/05\/Faculte-Forum-300x300.png","datePublished":"2017-06-26T15:58:41+00:00","dateModified":"2026-03-13T14:25:20+00:00","description":"Une des sp\u00e9cificit\u00e9s de l\u2019enseignement universitaire est, certainement, d\u2019enrichir ses enseignements des acquis par la recherche.","breadcrumb":{"@id":"https:\/\/web.umons.ac.be\/fau\/fr\/activites-de-recherche\/#breadcrumb"},"inLanguage":"fr-FR","potentialAction":[{"@type":"ReadAction","target":["https:\/\/web.umons.ac.be\/fau\/fr\/activites-de-recherche\/"]}]},{"@type":"ImageObject","inLanguage":"fr-FR","@id":"https:\/\/web.umons.ac.be\/fau\/fr\/activites-de-recherche\/#primaryimage","url":"https:\/\/web.umons.ac.be\/app\/uploads\/sites\/5\/2024\/05\/Faculte-Forum-300x300.png","contentUrl":"https:\/\/web.umons.ac.be\/app\/uploads\/sites\/5\/2024\/05\/Faculte-Forum-300x300.png"},{"@type":"BreadcrumbList","@id":"https:\/\/web.umons.ac.be\/fau\/fr\/activites-de-recherche\/#breadcrumb","itemListElement":[{"@type":"ListItem","position":1,"name":"Accueil","item":"https:\/\/web.umons.ac.be\/fau\/fr\/"},{"@type":"ListItem","position":2,"name":"Activit\u00e9s d&rsquo;enseignement et de recherche"}]},{"@type":"WebSite","@id":"https:\/\/web.umons.ac.be\/fau\/#website","url":"https:\/\/web.umons.ac.be\/fau\/","name":"Facult\u00e9 \/ FAU","description":"","potentialAction":[{"@type":"SearchAction","target":{"@type":"EntryPoint","urlTemplate":"https:\/\/web.umons.ac.be\/fau\/?s={search_term_string}"},"query-input":{"@type":"PropertyValueSpecification","valueRequired":true,"valueName":"search_term_string"}}],"inLanguage":"fr-FR"}]}},"lang":"fr","translations":{"fr":214,"en":488},"pll_sync_post":[],"_links":{"self":[{"href":"https:\/\/web.umons.ac.be\/fau\/wp-json\/wp\/v2\/pages\/214","targetHints":{"allow":["GET"]}}],"collection":[{"href":"https:\/\/web.umons.ac.be\/fau\/wp-json\/wp\/v2\/pages"}],"about":[{"href":"https:\/\/web.umons.ac.be\/fau\/wp-json\/wp\/v2\/types\/page"}],"author":[{"embeddable":true,"href":"https:\/\/web.umons.ac.be\/fau\/wp-json\/wp\/v2\/users\/2"}],"replies":[{"embeddable":true,"href":"https:\/\/web.umons.ac.be\/fau\/wp-json\/wp\/v2\/comments?post=214"}],"version-history":[{"count":4,"href":"https:\/\/web.umons.ac.be\/fau\/wp-json\/wp\/v2\/pages\/214\/revisions"}],"predecessor-version":[{"id":3744,"href":"https:\/\/web.umons.ac.be\/fau\/wp-json\/wp\/v2\/pages\/214\/revisions\/3744"}],"wp:attachment":[{"href":"https:\/\/web.umons.ac.be\/fau\/wp-json\/wp\/v2\/media?parent=214"}],"curies":[{"name":"wp","href":"https:\/\/api.w.org\/{rel}","templated":true}]}}