{"id":265,"date":"2017-06-27T16:50:56","date_gmt":"2017-06-27T14:50:56","guid":{"rendered":"https:\/\/web.umons.ac.be\/fau\/?page_id=265"},"modified":"2022-06-23T09:22:53","modified_gmt":"2022-06-23T07:22:53","slug":"instituts-de-recherche","status":"publish","type":"page","link":"https:\/\/web.umons.ac.be\/fau\/fr\/activites-de-recherche\/instituts-de-recherche\/","title":{"rendered":"Instituts de recherche"},"content":{"rendered":"<p>La recherche au sein de l\u2019Universit\u00e9 de Mons est structur\u00e9e en Instituts qui regroupent les diff\u00e9rentes \u00e9quipes (services) de recherche de ses facult\u00e9s.<\/p>\n<p>Les \u00e9quipes de recherche de la <span style=\"color: #a2c301\"><strong>Facult\u00e9 d\u2019Architecture et d\u2019Urbanisme<\/strong><\/span> participent aux activit\u00e9s des Instituts de Recherche suivants :<\/p>\n<h2>Institut \u00c9nergie : Probl\u00e9matiques \u00c9nerg\u00e9tiques<a href=\"https:\/\/web.umons.ac.be\/app\/uploads\/sites\/5\/2022\/05\/Institut-Energie.png\"><img loading=\"lazy\" decoding=\"async\" class=\"alignright wp-image-2172\" src=\"https:\/\/web.umons.ac.be\/app\/uploads\/sites\/5\/2022\/05\/Institut-Energie-300x212.png\" alt=\"\" width=\"215\" height=\"152\" srcset=\"https:\/\/web.umons.ac.be\/app\/uploads\/sites\/5\/2022\/05\/Institut-Energie-300x212.png 300w, https:\/\/web.umons.ac.be\/app\/uploads\/sites\/5\/2022\/05\/Institut-Energie-1024x724.png 1024w, https:\/\/web.umons.ac.be\/app\/uploads\/sites\/5\/2022\/05\/Institut-Energie-768x543.png 768w, https:\/\/web.umons.ac.be\/app\/uploads\/sites\/5\/2022\/05\/Institut-Energie-934x660.png 934w, https:\/\/web.umons.ac.be\/app\/uploads\/sites\/5\/2022\/05\/Institut-Energie-30x21.png 30w, https:\/\/web.umons.ac.be\/app\/uploads\/sites\/5\/2022\/05\/Institut-Energie-60x42.png 60w, https:\/\/web.umons.ac.be\/app\/uploads\/sites\/5\/2022\/05\/Institut-Energie-360x254.png 360w, https:\/\/web.umons.ac.be\/app\/uploads\/sites\/5\/2022\/05\/Institut-Energie.png 1132w\" sizes=\"auto, (max-width: 215px) 100vw, 215px\" \/><\/a><\/h2>\n<p>L\u2019Institut <a href=\"https:\/\/web.umons.ac.be\/energie\/fr\/\">ENERGIE<\/a> est d\u00e9di\u00e9 aux activit\u00e9s de recherche et d\u00e9veloppement en relation avec la probl\u00e9matique \u00e9nerg\u00e9tique. Cette th\u00e9matique multidisciplinaire couvre des aspects scientifiques, technologiques, soci\u00e9taux, l\u00e9gislatifs, \u00e9conomiques et politiques. Elle n\u00e9cessite donc une approche int\u00e9gr\u00e9e de nombreuses disciplines.<\/p>\n<p><strong>Services\u00a0FAU :<\/strong> <a href=\"https:\/\/web.umons.ac.be\/pvt\/\">Projets, Ville et Territoire<\/a> &amp; <a href=\"https:\/\/web.umons.ac.be\/stc\/\">Sciences et Techniques de Construction\u00a0<\/a><\/p>\n<h2>Institut Numediart : Technologies Cr\u00e9atives<a href=\"https:\/\/web.umons.ac.be\/app\/uploads\/sites\/5\/2022\/05\/Institu-Numediart.png\"><img loading=\"lazy\" decoding=\"async\" class=\"wp-image-2171 alignright\" src=\"https:\/\/web.umons.ac.be\/app\/uploads\/sites\/5\/2022\/05\/Institu-Numediart-300x212.png\" alt=\"\" width=\"215\" height=\"152\" srcset=\"https:\/\/web.umons.ac.be\/app\/uploads\/sites\/5\/2022\/05\/Institu-Numediart-300x212.png 300w, https:\/\/web.umons.ac.be\/app\/uploads\/sites\/5\/2022\/05\/Institu-Numediart-1024x724.png 1024w, https:\/\/web.umons.ac.be\/app\/uploads\/sites\/5\/2022\/05\/Institu-Numediart-768x543.png 768w, https:\/\/web.umons.ac.be\/app\/uploads\/sites\/5\/2022\/05\/Institu-Numediart-934x660.png 934w, https:\/\/web.umons.ac.be\/app\/uploads\/sites\/5\/2022\/05\/Institu-Numediart-30x21.png 30w, https:\/\/web.umons.ac.be\/app\/uploads\/sites\/5\/2022\/05\/Institu-Numediart-60x42.png 60w, https:\/\/web.umons.ac.be\/app\/uploads\/sites\/5\/2022\/05\/Institu-Numediart-360x254.png 360w, https:\/\/web.umons.ac.be\/app\/uploads\/sites\/5\/2022\/05\/Institu-Numediart.png 1132w\" sizes=\"auto, (max-width: 215px) 100vw, 215px\" \/><\/a><\/h2>\n<p><a href=\"https:\/\/web.umons.ac.be\/numediart\/fr\/\">NUMEDIART<\/a> est l\u2019institut de recherche de l\u2019UMONS qui a pour mission d\u2019assurer des activit\u00e9s de formation et de\u00a0recherche dans le domaine des technologies cr\u00e9atives. Cr\u00e9\u00e9 en 2010, il b\u00e9n\u00e9ficie d\u2019une expertise reconnue au niveau\u00a0international dans le domaine du deep learning appliqu\u00e9 au traitement du son, de l\u2019image, de la vid\u00e9o, des gestes et des biosignaux pour les applications o\u00f9 l\u2019interaction homme-machine vise \u00e0 faire na\u00eetre l\u2019\u00e9motion.<\/p>\n<p><strong>Services FAU :<\/strong> <a href=\"https:\/\/web.umons.ac.be\/ca\/\">Conception Architecturale<\/a><\/p>\n<h2>Institut Risques : Sciences et Management des Risques<a href=\"https:\/\/web.umons.ac.be\/app\/uploads\/sites\/5\/2022\/05\/Institut-Risques.png\"><img loading=\"lazy\" decoding=\"async\" class=\"alignright wp-image-2174\" src=\"https:\/\/web.umons.ac.be\/app\/uploads\/sites\/5\/2022\/05\/Institut-Risques-300x212.png\" alt=\"\" width=\"215\" height=\"152\" srcset=\"https:\/\/web.umons.ac.be\/app\/uploads\/sites\/5\/2022\/05\/Institut-Risques-300x212.png 300w, https:\/\/web.umons.ac.be\/app\/uploads\/sites\/5\/2022\/05\/Institut-Risques-1024x724.png 1024w, https:\/\/web.umons.ac.be\/app\/uploads\/sites\/5\/2022\/05\/Institut-Risques-768x543.png 768w, https:\/\/web.umons.ac.be\/app\/uploads\/sites\/5\/2022\/05\/Institut-Risques-934x660.png 934w, https:\/\/web.umons.ac.be\/app\/uploads\/sites\/5\/2022\/05\/Institut-Risques-30x21.png 30w, https:\/\/web.umons.ac.be\/app\/uploads\/sites\/5\/2022\/05\/Institut-Risques-60x42.png 60w, https:\/\/web.umons.ac.be\/app\/uploads\/sites\/5\/2022\/05\/Institut-Risques-360x254.png 360w, https:\/\/web.umons.ac.be\/app\/uploads\/sites\/5\/2022\/05\/Institut-Risques.png 1132w\" sizes=\"auto, (max-width: 215px) 100vw, 215px\" \/><\/a><\/h2>\n<p>Cr\u00e9\u00e9 en 2012 pour f\u00e9d\u00e9rer des comp\u00e9tences uniques en Communaut\u00e9 fran\u00e7aise de Belgique en mati\u00e8re de ma\u00eetrise des risques, l\u2019Institut de Re (ISMR) mise r\u00e9solument sur la transversalit\u00e9 d\u2019une approche scientifique pluridisciplinaire pour la pr\u00e9vention des dangers et la gestion des crises. Avec une production scientifique remarquable, l\u2019Institut <a href=\"https:\/\/web.umons.ac.be\/risques\/fr\/\">RISQUES<\/a> contribue, depuis sa cr\u00e9ation, aux d\u00e9bats qui animent la communaut\u00e9 scientifique et la soci\u00e9t\u00e9 civile concernant les futurs d\u00e9fis li\u00e9s aux risques.<\/p>\n<p><strong>Service\u00a0FAU :<\/strong> <a href=\"https:\/\/web.umons.ac.be\/pvt\/\">Projets, Ville et Territoire<\/a><\/p>\n<h2>Institut Soci&amp;Ter : D\u00e9veloppement\u00a0soci\u00e9tal\u00a0et\u00a0territorial<a href=\"https:\/\/web.umons.ac.be\/app\/uploads\/sites\/5\/2022\/05\/Institut-Societer.png\"><img loading=\"lazy\" decoding=\"async\" class=\"alignright wp-image-2173\" src=\"https:\/\/web.umons.ac.be\/app\/uploads\/sites\/5\/2022\/05\/Institut-Societer-300x212.png\" alt=\"\" width=\"215\" height=\"152\" srcset=\"https:\/\/web.umons.ac.be\/app\/uploads\/sites\/5\/2022\/05\/Institut-Societer-300x212.png 300w, https:\/\/web.umons.ac.be\/app\/uploads\/sites\/5\/2022\/05\/Institut-Societer-1024x724.png 1024w, https:\/\/web.umons.ac.be\/app\/uploads\/sites\/5\/2022\/05\/Institut-Societer-768x543.png 768w, https:\/\/web.umons.ac.be\/app\/uploads\/sites\/5\/2022\/05\/Institut-Societer-934x660.png 934w, https:\/\/web.umons.ac.be\/app\/uploads\/sites\/5\/2022\/05\/Institut-Societer-30x21.png 30w, https:\/\/web.umons.ac.be\/app\/uploads\/sites\/5\/2022\/05\/Institut-Societer-60x42.png 60w, https:\/\/web.umons.ac.be\/app\/uploads\/sites\/5\/2022\/05\/Institut-Societer-360x254.png 360w, https:\/\/web.umons.ac.be\/app\/uploads\/sites\/5\/2022\/05\/Institut-Societer.png 1132w\" sizes=\"auto, (max-width: 215px) 100vw, 215px\" \/><\/a><\/h2>\n<p>L\u2019Institut de Recherche\u00a0<a href=\"https:\/\/web.umons.ac.be\/soci_e_ter\/fr\/\">SOCI&amp;TER<\/a>\u00a0f\u00e9d\u00e8re des chercheurs (\u00e9conomistes, gestionnaires, juristes, urbanistes, architectes, sociologues, philosophes e.a.) autour des grands d\u00e9fis indissociablement \u00e9cologiques, \u00e9conomiques et sociaux auxquels nos soci\u00e9t\u00e9s sont confront\u00e9es. Pour cette raison, les recherches men\u00e9es au sein de l\u2019Institut\u00a0SOCI&amp;TER\u00a0sont chaque fois interdisciplinaires et inclusives. Elles ont pour objectif de participer au d\u00e9veloppement des territoires.<\/p>\n<p><strong>Service FAU : <\/strong><a href=\"https:\/\/web.umons.ac.be\/as\/\">Architecture et Soci\u00e9t\u00e9<\/a>\u00a0&amp; <a href=\"https:\/\/web.umons.ac.be\/atr\/\">Arts et Techniques de repr\u00e9sentation<\/a> &amp; <a href=\"https:\/\/web.umons.ac.be\/ca\/\">Conception architecturale<\/a><\/p>\n<p>&nbsp;<\/p>\n<p>&nbsp;<\/p>\n","protected":false},"excerpt":{"rendered":"<p>La recherche au sein de l\u2019Universit\u00e9 de Mons est structur\u00e9e en Instituts qui regroupent les diff\u00e9rentes \u00e9quipes (services) de recherche de ses facult\u00e9s. Les \u00e9quipes de recherche de la Facult\u00e9 d\u2019Architecture et d\u2019Urbanisme participent aux activit\u00e9s des Instituts de Recherche suivants : Institut \u00c9nergie : Probl\u00e9matiques \u00c9nerg\u00e9tiques L\u2019Institut ENERGIE est d\u00e9di\u00e9 aux activit\u00e9s de recherche [&hellip;]<\/p>\n","protected":false},"author":2,"featured_media":0,"parent":214,"menu_order":2,"comment_status":"closed","ping_status":"closed","template":"","meta":{"footnotes":""},"class_list":["post-265","page","type-page","status-publish","hentry"],"yoast_head":"<!-- This site is optimized with the Yoast SEO plugin v27.2 - https:\/\/yoast.com\/product\/yoast-seo-wordpress\/ -->\n<title>Instituts de Recherche<\/title>\n<meta name=\"description\" content=\"Les \u00e9quipes de recherche de la FA+U participent aux activit\u00e9s des Instituts Energie, Num\u00e9diart, Risques et Soci&amp;ter\" \/>\n<meta name=\"robots\" content=\"index, follow, max-snippet:-1, max-image-preview:large, max-video-preview:-1\" \/>\n<link rel=\"canonical\" href=\"https:\/\/web.umons.ac.be\/fau\/fr\/activites-de-recherche\/instituts-de-recherche\/\" \/>\n<meta property=\"og:locale\" content=\"fr_FR\" \/>\n<meta property=\"og:type\" content=\"article\" \/>\n<meta property=\"og:title\" content=\"Instituts de Recherche\" \/>\n<meta property=\"og:description\" content=\"Les \u00e9quipes de recherche de la FA+U participent aux activit\u00e9s des Instituts Energie, Num\u00e9diart, Risques et Soci&amp;ter\" \/>\n<meta property=\"og:url\" content=\"https:\/\/web.umons.ac.be\/fau\/fr\/activites-de-recherche\/instituts-de-recherche\/\" \/>\n<meta property=\"og:site_name\" content=\"Facult\u00e9 \/ FAU\" \/>\n<meta property=\"article:modified_time\" content=\"2022-06-23T07:22:53+00:00\" \/>\n<meta property=\"og:image\" content=\"https:\/\/web.umons.ac.be\/app\/uploads\/sites\/5\/2022\/05\/Institut-Energie-300x212.png\" \/>\n<meta name=\"twitter:card\" content=\"summary_large_image\" \/>\n<meta name=\"twitter:label1\" content=\"Dur\u00e9e de lecture estim\u00e9e\" \/>\n\t<meta name=\"twitter:data1\" content=\"3 minutes\" \/>\n<script type=\"application\/ld+json\" class=\"yoast-schema-graph\">{\"@context\":\"https:\/\/schema.org\",\"@graph\":[{\"@type\":\"WebPage\",\"@id\":\"https:\/\/web.umons.ac.be\/fau\/fr\/activites-de-recherche\/instituts-de-recherche\/\",\"url\":\"https:\/\/web.umons.ac.be\/fau\/fr\/activites-de-recherche\/instituts-de-recherche\/\",\"name\":\"Instituts de Recherche\",\"isPartOf\":{\"@id\":\"https:\/\/web.umons.ac.be\/fau\/#website\"},\"primaryImageOfPage\":{\"@id\":\"https:\/\/web.umons.ac.be\/fau\/fr\/activites-de-recherche\/instituts-de-recherche\/#primaryimage\"},\"image\":{\"@id\":\"https:\/\/web.umons.ac.be\/fau\/fr\/activites-de-recherche\/instituts-de-recherche\/#primaryimage\"},\"thumbnailUrl\":\"https:\/\/web.umons.ac.be\/app\/uploads\/sites\/5\/2022\/05\/Institut-Energie-300x212.png\",\"datePublished\":\"2017-06-27T14:50:56+00:00\",\"dateModified\":\"2022-06-23T07:22:53+00:00\",\"description\":\"Les \u00e9quipes de recherche de la FA+U participent aux activit\u00e9s des Instituts Energie, Num\u00e9diart, Risques et Soci&ter\",\"breadcrumb\":{\"@id\":\"https:\/\/web.umons.ac.be\/fau\/fr\/activites-de-recherche\/instituts-de-recherche\/#breadcrumb\"},\"inLanguage\":\"fr-FR\",\"potentialAction\":[{\"@type\":\"ReadAction\",\"target\":[\"https:\/\/web.umons.ac.be\/fau\/fr\/activites-de-recherche\/instituts-de-recherche\/\"]}]},{\"@type\":\"ImageObject\",\"inLanguage\":\"fr-FR\",\"@id\":\"https:\/\/web.umons.ac.be\/fau\/fr\/activites-de-recherche\/instituts-de-recherche\/#primaryimage\",\"url\":\"https:\/\/web.umons.ac.be\/app\/uploads\/sites\/5\/2022\/05\/Institut-Energie-300x212.png\",\"contentUrl\":\"https:\/\/web.umons.ac.be\/app\/uploads\/sites\/5\/2022\/05\/Institut-Energie-300x212.png\"},{\"@type\":\"BreadcrumbList\",\"@id\":\"https:\/\/web.umons.ac.be\/fau\/fr\/activites-de-recherche\/instituts-de-recherche\/#breadcrumb\",\"itemListElement\":[{\"@type\":\"ListItem\",\"position\":1,\"name\":\"Accueil\",\"item\":\"https:\/\/web.umons.ac.be\/fau\/fr\/\"},{\"@type\":\"ListItem\",\"position\":2,\"name\":\"Activit\u00e9s d&rsquo;enseignement et de recherche\",\"item\":\"https:\/\/web.umons.ac.be\/fau\/fr\/activites-de-recherche\/\"},{\"@type\":\"ListItem\",\"position\":3,\"name\":\"Instituts de recherche\"}]},{\"@type\":\"WebSite\",\"@id\":\"https:\/\/web.umons.ac.be\/fau\/#website\",\"url\":\"https:\/\/web.umons.ac.be\/fau\/\",\"name\":\"Facult\u00e9 \/ FAU\",\"description\":\"\",\"potentialAction\":[{\"@type\":\"SearchAction\",\"target\":{\"@type\":\"EntryPoint\",\"urlTemplate\":\"https:\/\/web.umons.ac.be\/fau\/?s={search_term_string}\"},\"query-input\":{\"@type\":\"PropertyValueSpecification\",\"valueRequired\":true,\"valueName\":\"search_term_string\"}}],\"inLanguage\":\"fr-FR\"}]}<\/script>\n<!-- \/ Yoast SEO plugin. -->","yoast_head_json":{"title":"Instituts de Recherche","description":"Les \u00e9quipes de recherche de la FA+U participent aux activit\u00e9s des Instituts Energie, Num\u00e9diart, Risques et Soci&ter","robots":{"index":"index","follow":"follow","max-snippet":"max-snippet:-1","max-image-preview":"max-image-preview:large","max-video-preview":"max-video-preview:-1"},"canonical":"https:\/\/web.umons.ac.be\/fau\/fr\/activites-de-recherche\/instituts-de-recherche\/","og_locale":"fr_FR","og_type":"article","og_title":"Instituts de Recherche","og_description":"Les \u00e9quipes de recherche de la FA+U participent aux activit\u00e9s des Instituts Energie, Num\u00e9diart, Risques et Soci&ter","og_url":"https:\/\/web.umons.ac.be\/fau\/fr\/activites-de-recherche\/instituts-de-recherche\/","og_site_name":"Facult\u00e9 \/ FAU","article_modified_time":"2022-06-23T07:22:53+00:00","og_image":[{"url":"https:\/\/web.umons.ac.be\/app\/uploads\/sites\/5\/2022\/05\/Institut-Energie-300x212.png","type":"","width":"","height":""}],"twitter_card":"summary_large_image","twitter_misc":{"Dur\u00e9e de lecture estim\u00e9e":"3 minutes"},"schema":{"@context":"https:\/\/schema.org","@graph":[{"@type":"WebPage","@id":"https:\/\/web.umons.ac.be\/fau\/fr\/activites-de-recherche\/instituts-de-recherche\/","url":"https:\/\/web.umons.ac.be\/fau\/fr\/activites-de-recherche\/instituts-de-recherche\/","name":"Instituts de Recherche","isPartOf":{"@id":"https:\/\/web.umons.ac.be\/fau\/#website"},"primaryImageOfPage":{"@id":"https:\/\/web.umons.ac.be\/fau\/fr\/activites-de-recherche\/instituts-de-recherche\/#primaryimage"},"image":{"@id":"https:\/\/web.umons.ac.be\/fau\/fr\/activites-de-recherche\/instituts-de-recherche\/#primaryimage"},"thumbnailUrl":"https:\/\/web.umons.ac.be\/app\/uploads\/sites\/5\/2022\/05\/Institut-Energie-300x212.png","datePublished":"2017-06-27T14:50:56+00:00","dateModified":"2022-06-23T07:22:53+00:00","description":"Les \u00e9quipes de recherche de la FA+U participent aux activit\u00e9s des Instituts Energie, Num\u00e9diart, Risques et Soci&ter","breadcrumb":{"@id":"https:\/\/web.umons.ac.be\/fau\/fr\/activites-de-recherche\/instituts-de-recherche\/#breadcrumb"},"inLanguage":"fr-FR","potentialAction":[{"@type":"ReadAction","target":["https:\/\/web.umons.ac.be\/fau\/fr\/activites-de-recherche\/instituts-de-recherche\/"]}]},{"@type":"ImageObject","inLanguage":"fr-FR","@id":"https:\/\/web.umons.ac.be\/fau\/fr\/activites-de-recherche\/instituts-de-recherche\/#primaryimage","url":"https:\/\/web.umons.ac.be\/app\/uploads\/sites\/5\/2022\/05\/Institut-Energie-300x212.png","contentUrl":"https:\/\/web.umons.ac.be\/app\/uploads\/sites\/5\/2022\/05\/Institut-Energie-300x212.png"},{"@type":"BreadcrumbList","@id":"https:\/\/web.umons.ac.be\/fau\/fr\/activites-de-recherche\/instituts-de-recherche\/#breadcrumb","itemListElement":[{"@type":"ListItem","position":1,"name":"Accueil","item":"https:\/\/web.umons.ac.be\/fau\/fr\/"},{"@type":"ListItem","position":2,"name":"Activit\u00e9s d&rsquo;enseignement et de recherche","item":"https:\/\/web.umons.ac.be\/fau\/fr\/activites-de-recherche\/"},{"@type":"ListItem","position":3,"name":"Instituts de recherche"}]},{"@type":"WebSite","@id":"https:\/\/web.umons.ac.be\/fau\/#website","url":"https:\/\/web.umons.ac.be\/fau\/","name":"Facult\u00e9 \/ FAU","description":"","potentialAction":[{"@type":"SearchAction","target":{"@type":"EntryPoint","urlTemplate":"https:\/\/web.umons.ac.be\/fau\/?s={search_term_string}"},"query-input":{"@type":"PropertyValueSpecification","valueRequired":true,"valueName":"search_term_string"}}],"inLanguage":"fr-FR"}]}},"lang":"fr","translations":{"fr":265,"en":694},"pll_sync_post":[],"_links":{"self":[{"href":"https:\/\/web.umons.ac.be\/fau\/wp-json\/wp\/v2\/pages\/265","targetHints":{"allow":["GET"]}}],"collection":[{"href":"https:\/\/web.umons.ac.be\/fau\/wp-json\/wp\/v2\/pages"}],"about":[{"href":"https:\/\/web.umons.ac.be\/fau\/wp-json\/wp\/v2\/types\/page"}],"author":[{"embeddable":true,"href":"https:\/\/web.umons.ac.be\/fau\/wp-json\/wp\/v2\/users\/2"}],"replies":[{"embeddable":true,"href":"https:\/\/web.umons.ac.be\/fau\/wp-json\/wp\/v2\/comments?post=265"}],"version-history":[{"count":5,"href":"https:\/\/web.umons.ac.be\/fau\/wp-json\/wp\/v2\/pages\/265\/revisions"}],"predecessor-version":[{"id":2170,"href":"https:\/\/web.umons.ac.be\/fau\/wp-json\/wp\/v2\/pages\/265\/revisions\/2170"}],"up":[{"embeddable":true,"href":"https:\/\/web.umons.ac.be\/fau\/wp-json\/wp\/v2\/pages\/214"}],"wp:attachment":[{"href":"https:\/\/web.umons.ac.be\/fau\/wp-json\/wp\/v2\/media?parent=265"}],"curies":[{"name":"wp","href":"https:\/\/api.w.org\/{rel}","templated":true}]}}