{"id":2798,"date":"2024-02-14T12:22:00","date_gmt":"2024-02-14T11:22:00","guid":{"rendered":"https:\/\/web.umons.ac.be\/fau\/?page_id=2798"},"modified":"2024-05-22T13:32:25","modified_gmt":"2024-05-22T11:32:25","slug":"architecte-et-ingenieur-specialite-genie-civil-et-batiment","status":"publish","type":"page","link":"https:\/\/web.umons.ac.be\/fau\/fr\/loffre-de-formation\/architecte-et-ingenieur-specialite-genie-civil-et-batiment\/","title":{"rendered":"Master en Architecture et Dipl\u00f4me d\u2019Ing\u00e9nieur sp\u00e9cialit\u00e9 G\u00e9nie Civil et B\u00e2timent"},"content":{"rendered":"<p><a href=\"https:\/\/web.umons.ac.be\/app\/uploads\/sites\/5\/2024\/02\/Bi-cursus-1.png\"><img loading=\"lazy\" decoding=\"async\" class=\"alignright wp-image-2806\" src=\"https:\/\/web.umons.ac.be\/app\/uploads\/sites\/5\/2024\/02\/Bi-cursus-1-300x300.png\" alt=\"Architecte et Ing\u00e9nieur sp\u00e9cialit\u00e9 G\u00e9nie Civil et B\u00e2timent\" width=\"160\" height=\"160\" srcset=\"https:\/\/web.umons.ac.be\/app\/uploads\/sites\/5\/2024\/02\/Bi-cursus-1-300x300.png 300w, https:\/\/web.umons.ac.be\/app\/uploads\/sites\/5\/2024\/02\/Bi-cursus-1-150x150.png 150w, https:\/\/web.umons.ac.be\/app\/uploads\/sites\/5\/2024\/02\/Bi-cursus-1-30x30.png 30w, https:\/\/web.umons.ac.be\/app\/uploads\/sites\/5\/2024\/02\/Bi-cursus-1-80x80.png 80w, https:\/\/web.umons.ac.be\/app\/uploads\/sites\/5\/2024\/02\/Bi-cursus-1-60x60.png 60w, https:\/\/web.umons.ac.be\/app\/uploads\/sites\/5\/2024\/02\/Bi-cursus-1-360x360.png 360w, https:\/\/web.umons.ac.be\/app\/uploads\/sites\/5\/2024\/02\/Bi-cursus-1-400x400.png 400w, https:\/\/web.umons.ac.be\/app\/uploads\/sites\/5\/2024\/02\/Bi-cursus-1-200x200.png 200w, https:\/\/web.umons.ac.be\/app\/uploads\/sites\/5\/2024\/02\/Bi-cursus-1.png 500w\" sizes=\"auto, (max-width: 160px) 100vw, 160px\" \/><\/a><\/p>\n<h4>Architecte et Ing\u00e9nieur sp\u00e9cialit\u00e9 G\u00e9nie Civil et B\u00e2timent en 2 ann\u00e9es suppl\u00e9mentaires \u00e0 la suite de l&rsquo;un ou l&rsquo;autre cursus<\/h4>\n<p>Partenaires de longue date, L\u2019<a href=\"https:\/\/web.umons.ac.be\/fr\/\">UMONS<\/a> et l\u2019INSA-UPHF des Hauts-de-France soulignent l\u2019int\u00e9r\u00eat que repr\u00e9sente la mise en commun de ressources p\u00e9dagogiques et scientifiques, afin de permettre \u00e0 leurs \u00e9tudiants de b\u00e9n\u00e9ficier r\u00e9ciproquement de formations sp\u00e9cifiques dans le domaine de l\u2019architecture et de l\u2019ing\u00e9nierie. D\u00e8s l\u2019ann\u00e9e acad\u00e9mique prochaine, les \u00e9tudiants titulaires d\u2019un Master en Architecture de la FA+U auront la possibilit\u00e9 de s\u2019inscrire aux \u00e9tudes d\u2019Ing\u00e9nieur sp\u00e9cialit\u00e9 G\u00e9nie Civil et B\u00e2timent (GCB). Ils obtiendront aux termes de 2 ann\u00e9es d\u2019\u00e9tudes suppl\u00e9mentaires un dipl\u00f4me d\u2019Ing\u00e9nieur d\u00e9livr\u00e9 par l\u2019<a href=\"https:\/\/www.groupe-insa.fr\/preparer\/nos-formations\/ingenieur\/genie-civil-et-batiment\">INSA Hauts-de-France<\/a>. A l\u2019inverse, les \u00e9tudiants dipl\u00f4m\u00e9s de l\u2019INSA auront acc\u00e8s, sous conditions, au Master en Architecture \u00e0 l\u2019UMONS.<\/p>\n<p>&nbsp;<\/p>\n<start-cask-shortcode-wrapper>    <div class=\"accordion content-block scheme-fau\">\n                <div class=\"accordion-inner\">\n            <div class=\"accordion-bellow\">\n                <button class=\"accordion-bellow-toggle scheme-background-hover\" data-target=\"#accordion-content-6617e4644d321\">\n                    <span class=\"icon umons-icon-chevron-down\" aria-hidden=\"true\"><\/span> Atouts de la formation                <\/button>\n            <\/div>\n            <div id=\"accordion-content-6617e4644d321\" class=\"accordion-content\">\n            \t<div class=\"inner editor-front\">\n            \t\t<p>La <a href=\"https:\/\/www.groupe-insa.fr\/preparer\/nos-formations\/ingenieur\/genie-civil-et-batiment\">sp\u00e9cialit\u00e9 GCB<\/a> est destin\u00e9e \u00e0 former des cadres du b\u00e2timent ayant de solides comp\u00e9tences en ing\u00e9nierie num\u00e9rique, architecturale et civile. Former des ing\u00e9nieurs du secteur de la construction capable d\u2019exploiter les technologies num\u00e9riques au cours des diff\u00e9rentes phases du produit construit, en ayant une vision globale de l\u2019acte de construire est l\u2019objectif de cette formation. Les ing\u00e9nieurs du G\u00e9nie Civil et du B\u00e2timent doivent \u00eatre en mesure d\u2019appr\u00e9hender l\u2019ensemble du cycle de vie dans le cadre d\u2019une d\u00e9marche BIM.<\/p>\n            \t<\/div>\n            <\/div>\n        <\/div>\n                <div class=\"accordion-inner\">\n            <div class=\"accordion-bellow\">\n                <button class=\"accordion-bellow-toggle scheme-background-hover\" data-target=\"#accordion-content-6617e4644f0af\">\n                    <span class=\"icon umons-icon-chevron-down\" aria-hidden=\"true\"><\/span> Quelques comp\u00e9tences sp\u00e9cifiques de la sp\u00e9cialit\u00e9 GCB                <\/button>\n            <\/div>\n            <div id=\"accordion-content-6617e4644f0af\" class=\"accordion-content\">\n            \t<div class=\"inner editor-front\">\n            \t\t<ul>\n<li>Ma\u00eetriser des m\u00e9thodes et des outils de l\u2019ing\u00e9nieur : identification, mod\u00e9lisation et r\u00e9solution de probl\u00e8mes m\u00eame non familiers et incompl\u00e8tement d\u00e9finis, utilisation des outils informatiques, analyse et conception de syst\u00e8mes &lt; Ma\u00eetriser les logiciels de conception et d\u2019analyse de donn\u00e9es g\u00e9ographiques<\/li>\n<li><span style=\"font-size: 14px;\">Ma\u00eetriser des logiciels sp\u00e9cifiques \u00e0 un domaine technique<\/span><\/li>\n<li>D\u00e9finir, mod\u00e9liser, d\u00e9velopper et g\u00e9rer des bases de donn\u00e9es et la maquette num\u00e9rique d\u2019un projet de construction<\/li>\n<li>D\u00e9finir, organiser et g\u00e9rer l\u2019interop\u00e9rabilit\u00e9 entre des outils de mod\u00e9lisation, de conception et de suivi de projets<\/li>\n<li>Capacit\u00e9 \u00e0 concevoir, concr\u00e9tiser, tester et valider des solutions, des m\u00e9thodes, produits, syst\u00e8mes et services innovants.<\/li>\n<li>Elaborer des solutions adapt\u00e9es aux sp\u00e9cificit\u00e9s du projet en termes de techniques constructives et d\u2019approches coop\u00e9ratives telles que la r\u00e9daction de chartes de partenariat \u00ab BIM \u00bb<\/li>\n<li>Int\u00e9grer les technologies r\u00e9centes dans les projets, li\u00e9es aux progr\u00e8s de la domotique et de l\u2019urbatique<\/li>\n<\/ul>\n            \t<\/div>\n            <\/div>\n        <\/div>\n                <div class=\"accordion-inner\">\n            <div class=\"accordion-bellow\">\n                <button class=\"accordion-bellow-toggle scheme-background-hover\" data-target=\"#accordion-content-6617e4644f213\">\n                    <span class=\"icon umons-icon-chevron-down\" aria-hidden=\"true\"><\/span> M\u00e9tiers potentiels identifi\u00e9s                <\/button>\n            <\/div>\n            <div id=\"accordion-content-6617e4644f213\" class=\"accordion-content\">\n            \t<div class=\"inner editor-front\">\n            \t\t<ul>\n<li>BIM Manager<\/li>\n<li>BIM Coordinateur(trice)<\/li>\n<li>Ing\u00e9nieur(e) d\u2019\u00c9tudes en Conception<\/li>\n<li>Ing\u00e9nieur(e) BTP \u00c9conomie de la Construction<\/li>\n<li>Ing\u00e9nieur(e) Expert BTP &#8211; Technique du b\u00e2timent<\/li>\n<li>Charg\u00e9(e) d\u2019Affaires Contr\u00f4le Technique de Construction<\/li>\n<li>Ing\u00e9nieur(e) Travaux, Gestionnaire de patrimoine<\/li>\n<\/ul>\n            \t<\/div>\n            <\/div>\n        <\/div>\n            <\/div>\n<end-cask-shortcode-wrapper>\n<h4>Partenaires<\/h4>\n<p><a href=\"https:\/\/web.umons.ac.be\/app\/uploads\/sites\/5\/2024\/02\/UMONS-INSA.png\"><img loading=\"lazy\" decoding=\"async\" class=\"alignnone wp-image-2801\" src=\"https:\/\/web.umons.ac.be\/app\/uploads\/sites\/5\/2024\/02\/UMONS-INSA-300x86.png\" alt=\"\" width=\"373\" height=\"107\" srcset=\"https:\/\/web.umons.ac.be\/app\/uploads\/sites\/5\/2024\/02\/UMONS-INSA-300x86.png 300w, https:\/\/web.umons.ac.be\/app\/uploads\/sites\/5\/2024\/02\/UMONS-INSA-1024x294.png 1024w, https:\/\/web.umons.ac.be\/app\/uploads\/sites\/5\/2024\/02\/UMONS-INSA-768x220.png 768w, https:\/\/web.umons.ac.be\/app\/uploads\/sites\/5\/2024\/02\/UMONS-INSA-1536x441.png 1536w, https:\/\/web.umons.ac.be\/app\/uploads\/sites\/5\/2024\/02\/UMONS-INSA-2048x588.png 2048w, https:\/\/web.umons.ac.be\/app\/uploads\/sites\/5\/2024\/02\/UMONS-INSA-1600x459.png 1600w, https:\/\/web.umons.ac.be\/app\/uploads\/sites\/5\/2024\/02\/UMONS-INSA-30x9.png 30w, https:\/\/web.umons.ac.be\/app\/uploads\/sites\/5\/2024\/02\/UMONS-INSA-60x17.png 60w, https:\/\/web.umons.ac.be\/app\/uploads\/sites\/5\/2024\/02\/UMONS-INSA-360x103.png 360w\" sizes=\"auto, (max-width: 373px) 100vw, 373px\" \/><\/a><\/p>\n<p>&nbsp;<\/p>\n","protected":false},"excerpt":{"rendered":"<p>Architecte et Ing\u00e9nieur sp\u00e9cialit\u00e9 G\u00e9nie Civil et B\u00e2timent en 2 ann\u00e9es suppl\u00e9mentaires \u00e0 la suite de l&rsquo;un ou l&rsquo;autre cursus Partenaires de longue date, L\u2019UMONS et l\u2019INSA-UPHF des Hauts-de-France soulignent l\u2019int\u00e9r\u00eat que repr\u00e9sente la mise en commun de ressources p\u00e9dagogiques et scientifiques, afin de permettre \u00e0 leurs \u00e9tudiants de b\u00e9n\u00e9ficier r\u00e9ciproquement de formations sp\u00e9cifiques dans [&hellip;]<\/p>\n","protected":false},"author":3,"featured_media":0,"parent":435,"menu_order":0,"comment_status":"closed","ping_status":"closed","template":"","meta":{"footnotes":""},"class_list":["post-2798","page","type-page","status-publish","hentry"],"yoast_head":"<!-- This site is optimized with the Yoast SEO plugin v27.2 - https:\/\/yoast.com\/product\/yoast-seo-wordpress\/ -->\n<title>Architecte et Ing\u00e9nieur sp\u00e9cialit\u00e9 G\u00e9nie Civil et B\u00e2timent<\/title>\n<meta name=\"description\" content=\"Architecte et Ing\u00e9nieur sp\u00e9cialit\u00e9 G\u00e9nie Civil et B\u00e2timent - Bi-cursus innovant UMONS &amp; INSA menant \u00e0 une double diplomation.\" \/>\n<meta name=\"robots\" content=\"index, follow, max-snippet:-1, max-image-preview:large, max-video-preview:-1\" \/>\n<link rel=\"canonical\" href=\"https:\/\/web.umons.ac.be\/fau\/fr\/loffre-de-formation\/architecte-et-ingenieur-specialite-genie-civil-et-batiment\/\" \/>\n<meta property=\"og:locale\" content=\"fr_FR\" \/>\n<meta property=\"og:type\" content=\"article\" \/>\n<meta property=\"og:title\" content=\"Architecte et Ing\u00e9nieur sp\u00e9cialit\u00e9 G\u00e9nie Civil et B\u00e2timent\" \/>\n<meta property=\"og:description\" content=\"Architecte et Ing\u00e9nieur sp\u00e9cialit\u00e9 G\u00e9nie Civil et B\u00e2timent - Bi-cursus innovant UMONS &amp; INSA menant \u00e0 une double diplomation.\" \/>\n<meta property=\"og:url\" content=\"https:\/\/web.umons.ac.be\/fau\/fr\/loffre-de-formation\/architecte-et-ingenieur-specialite-genie-civil-et-batiment\/\" \/>\n<meta property=\"og:site_name\" content=\"Facult\u00e9 \/ FAU\" \/>\n<meta property=\"article:modified_time\" content=\"2024-05-22T11:32:25+00:00\" \/>\n<meta property=\"og:image\" content=\"https:\/\/web.umons.ac.be\/app\/uploads\/sites\/5\/2024\/02\/Bi-cursus-1-300x300.png\" \/>\n<meta name=\"twitter:card\" content=\"summary_large_image\" \/>\n<meta name=\"twitter:label1\" content=\"Dur\u00e9e de lecture estim\u00e9e\" \/>\n\t<meta name=\"twitter:data1\" content=\"2 minutes\" \/>\n<script type=\"application\/ld+json\" class=\"yoast-schema-graph\">{\"@context\":\"https:\/\/schema.org\",\"@graph\":[{\"@type\":\"WebPage\",\"@id\":\"https:\/\/web.umons.ac.be\/fau\/fr\/loffre-de-formation\/architecte-et-ingenieur-specialite-genie-civil-et-batiment\/\",\"url\":\"https:\/\/web.umons.ac.be\/fau\/fr\/loffre-de-formation\/architecte-et-ingenieur-specialite-genie-civil-et-batiment\/\",\"name\":\"Architecte et Ing\u00e9nieur sp\u00e9cialit\u00e9 G\u00e9nie Civil et B\u00e2timent\",\"isPartOf\":{\"@id\":\"https:\/\/web.umons.ac.be\/fau\/#website\"},\"primaryImageOfPage\":{\"@id\":\"https:\/\/web.umons.ac.be\/fau\/fr\/loffre-de-formation\/architecte-et-ingenieur-specialite-genie-civil-et-batiment\/#primaryimage\"},\"image\":{\"@id\":\"https:\/\/web.umons.ac.be\/fau\/fr\/loffre-de-formation\/architecte-et-ingenieur-specialite-genie-civil-et-batiment\/#primaryimage\"},\"thumbnailUrl\":\"https:\/\/web.umons.ac.be\/app\/uploads\/sites\/5\/2024\/02\/Bi-cursus-1-300x300.png\",\"datePublished\":\"2024-02-14T11:22:00+00:00\",\"dateModified\":\"2024-05-22T11:32:25+00:00\",\"description\":\"Architecte et Ing\u00e9nieur sp\u00e9cialit\u00e9 G\u00e9nie Civil et B\u00e2timent - Bi-cursus innovant UMONS & INSA menant \u00e0 une double diplomation.\",\"breadcrumb\":{\"@id\":\"https:\/\/web.umons.ac.be\/fau\/fr\/loffre-de-formation\/architecte-et-ingenieur-specialite-genie-civil-et-batiment\/#breadcrumb\"},\"inLanguage\":\"fr-FR\",\"potentialAction\":[{\"@type\":\"ReadAction\",\"target\":[\"https:\/\/web.umons.ac.be\/fau\/fr\/loffre-de-formation\/architecte-et-ingenieur-specialite-genie-civil-et-batiment\/\"]}]},{\"@type\":\"ImageObject\",\"inLanguage\":\"fr-FR\",\"@id\":\"https:\/\/web.umons.ac.be\/fau\/fr\/loffre-de-formation\/architecte-et-ingenieur-specialite-genie-civil-et-batiment\/#primaryimage\",\"url\":\"https:\/\/web.umons.ac.be\/app\/uploads\/sites\/5\/2024\/02\/Bi-cursus-1-300x300.png\",\"contentUrl\":\"https:\/\/web.umons.ac.be\/app\/uploads\/sites\/5\/2024\/02\/Bi-cursus-1-300x300.png\"},{\"@type\":\"BreadcrumbList\",\"@id\":\"https:\/\/web.umons.ac.be\/fau\/fr\/loffre-de-formation\/architecte-et-ingenieur-specialite-genie-civil-et-batiment\/#breadcrumb\",\"itemListElement\":[{\"@type\":\"ListItem\",\"position\":1,\"name\":\"Accueil\",\"item\":\"https:\/\/web.umons.ac.be\/fau\/fr\/\"},{\"@type\":\"ListItem\",\"position\":2,\"name\":\"L&rsquo;offre de formation\",\"item\":\"https:\/\/web.umons.ac.be\/fau\/fr\/loffre-de-formation\/\"},{\"@type\":\"ListItem\",\"position\":3,\"name\":\"Master en Architecture et Dipl\u00f4me d\u2019Ing\u00e9nieur sp\u00e9cialit\u00e9 G\u00e9nie Civil et B\u00e2timent\"}]},{\"@type\":\"WebSite\",\"@id\":\"https:\/\/web.umons.ac.be\/fau\/#website\",\"url\":\"https:\/\/web.umons.ac.be\/fau\/\",\"name\":\"Facult\u00e9 \/ FAU\",\"description\":\"\",\"potentialAction\":[{\"@type\":\"SearchAction\",\"target\":{\"@type\":\"EntryPoint\",\"urlTemplate\":\"https:\/\/web.umons.ac.be\/fau\/?s={search_term_string}\"},\"query-input\":{\"@type\":\"PropertyValueSpecification\",\"valueRequired\":true,\"valueName\":\"search_term_string\"}}],\"inLanguage\":\"fr-FR\"}]}<\/script>\n<!-- \/ Yoast SEO plugin. -->","yoast_head_json":{"title":"Architecte et Ing\u00e9nieur sp\u00e9cialit\u00e9 G\u00e9nie Civil et B\u00e2timent","description":"Architecte et Ing\u00e9nieur sp\u00e9cialit\u00e9 G\u00e9nie Civil et B\u00e2timent - Bi-cursus innovant UMONS & INSA menant \u00e0 une double diplomation.","robots":{"index":"index","follow":"follow","max-snippet":"max-snippet:-1","max-image-preview":"max-image-preview:large","max-video-preview":"max-video-preview:-1"},"canonical":"https:\/\/web.umons.ac.be\/fau\/fr\/loffre-de-formation\/architecte-et-ingenieur-specialite-genie-civil-et-batiment\/","og_locale":"fr_FR","og_type":"article","og_title":"Architecte et Ing\u00e9nieur sp\u00e9cialit\u00e9 G\u00e9nie Civil et B\u00e2timent","og_description":"Architecte et Ing\u00e9nieur sp\u00e9cialit\u00e9 G\u00e9nie Civil et B\u00e2timent - Bi-cursus innovant UMONS & INSA menant \u00e0 une double diplomation.","og_url":"https:\/\/web.umons.ac.be\/fau\/fr\/loffre-de-formation\/architecte-et-ingenieur-specialite-genie-civil-et-batiment\/","og_site_name":"Facult\u00e9 \/ FAU","article_modified_time":"2024-05-22T11:32:25+00:00","og_image":[{"url":"https:\/\/web.umons.ac.be\/app\/uploads\/sites\/5\/2024\/02\/Bi-cursus-1-300x300.png","type":"","width":"","height":""}],"twitter_card":"summary_large_image","twitter_misc":{"Dur\u00e9e de lecture estim\u00e9e":"2 minutes"},"schema":{"@context":"https:\/\/schema.org","@graph":[{"@type":"WebPage","@id":"https:\/\/web.umons.ac.be\/fau\/fr\/loffre-de-formation\/architecte-et-ingenieur-specialite-genie-civil-et-batiment\/","url":"https:\/\/web.umons.ac.be\/fau\/fr\/loffre-de-formation\/architecte-et-ingenieur-specialite-genie-civil-et-batiment\/","name":"Architecte et Ing\u00e9nieur sp\u00e9cialit\u00e9 G\u00e9nie Civil et B\u00e2timent","isPartOf":{"@id":"https:\/\/web.umons.ac.be\/fau\/#website"},"primaryImageOfPage":{"@id":"https:\/\/web.umons.ac.be\/fau\/fr\/loffre-de-formation\/architecte-et-ingenieur-specialite-genie-civil-et-batiment\/#primaryimage"},"image":{"@id":"https:\/\/web.umons.ac.be\/fau\/fr\/loffre-de-formation\/architecte-et-ingenieur-specialite-genie-civil-et-batiment\/#primaryimage"},"thumbnailUrl":"https:\/\/web.umons.ac.be\/app\/uploads\/sites\/5\/2024\/02\/Bi-cursus-1-300x300.png","datePublished":"2024-02-14T11:22:00+00:00","dateModified":"2024-05-22T11:32:25+00:00","description":"Architecte et Ing\u00e9nieur sp\u00e9cialit\u00e9 G\u00e9nie Civil et B\u00e2timent - Bi-cursus innovant UMONS & INSA menant \u00e0 une double diplomation.","breadcrumb":{"@id":"https:\/\/web.umons.ac.be\/fau\/fr\/loffre-de-formation\/architecte-et-ingenieur-specialite-genie-civil-et-batiment\/#breadcrumb"},"inLanguage":"fr-FR","potentialAction":[{"@type":"ReadAction","target":["https:\/\/web.umons.ac.be\/fau\/fr\/loffre-de-formation\/architecte-et-ingenieur-specialite-genie-civil-et-batiment\/"]}]},{"@type":"ImageObject","inLanguage":"fr-FR","@id":"https:\/\/web.umons.ac.be\/fau\/fr\/loffre-de-formation\/architecte-et-ingenieur-specialite-genie-civil-et-batiment\/#primaryimage","url":"https:\/\/web.umons.ac.be\/app\/uploads\/sites\/5\/2024\/02\/Bi-cursus-1-300x300.png","contentUrl":"https:\/\/web.umons.ac.be\/app\/uploads\/sites\/5\/2024\/02\/Bi-cursus-1-300x300.png"},{"@type":"BreadcrumbList","@id":"https:\/\/web.umons.ac.be\/fau\/fr\/loffre-de-formation\/architecte-et-ingenieur-specialite-genie-civil-et-batiment\/#breadcrumb","itemListElement":[{"@type":"ListItem","position":1,"name":"Accueil","item":"https:\/\/web.umons.ac.be\/fau\/fr\/"},{"@type":"ListItem","position":2,"name":"L&rsquo;offre de formation","item":"https:\/\/web.umons.ac.be\/fau\/fr\/loffre-de-formation\/"},{"@type":"ListItem","position":3,"name":"Master en Architecture et Dipl\u00f4me d\u2019Ing\u00e9nieur sp\u00e9cialit\u00e9 G\u00e9nie Civil et B\u00e2timent"}]},{"@type":"WebSite","@id":"https:\/\/web.umons.ac.be\/fau\/#website","url":"https:\/\/web.umons.ac.be\/fau\/","name":"Facult\u00e9 \/ FAU","description":"","potentialAction":[{"@type":"SearchAction","target":{"@type":"EntryPoint","urlTemplate":"https:\/\/web.umons.ac.be\/fau\/?s={search_term_string}"},"query-input":{"@type":"PropertyValueSpecification","valueRequired":true,"valueName":"search_term_string"}}],"inLanguage":"fr-FR"}]}},"lang":"fr","translations":{"fr":2798,"en":2996},"pll_sync_post":[],"_links":{"self":[{"href":"https:\/\/web.umons.ac.be\/fau\/wp-json\/wp\/v2\/pages\/2798","targetHints":{"allow":["GET"]}}],"collection":[{"href":"https:\/\/web.umons.ac.be\/fau\/wp-json\/wp\/v2\/pages"}],"about":[{"href":"https:\/\/web.umons.ac.be\/fau\/wp-json\/wp\/v2\/types\/page"}],"author":[{"embeddable":true,"href":"https:\/\/web.umons.ac.be\/fau\/wp-json\/wp\/v2\/users\/3"}],"replies":[{"embeddable":true,"href":"https:\/\/web.umons.ac.be\/fau\/wp-json\/wp\/v2\/comments?post=2798"}],"version-history":[{"count":3,"href":"https:\/\/web.umons.ac.be\/fau\/wp-json\/wp\/v2\/pages\/2798\/revisions"}],"predecessor-version":[{"id":2811,"href":"https:\/\/web.umons.ac.be\/fau\/wp-json\/wp\/v2\/pages\/2798\/revisions\/2811"}],"up":[{"embeddable":true,"href":"https:\/\/web.umons.ac.be\/fau\/wp-json\/wp\/v2\/pages\/435"}],"wp:attachment":[{"href":"https:\/\/web.umons.ac.be\/fau\/wp-json\/wp\/v2\/media?parent=2798"}],"curies":[{"name":"wp","href":"https:\/\/api.w.org\/{rel}","templated":true}]}}