{"id":295,"date":"2017-07-03T17:38:46","date_gmt":"2017-07-03T15:38:46","guid":{"rendered":"https:\/\/web.umons.ac.be\/fau\/?page_id=295"},"modified":"2026-03-02T15:15:37","modified_gmt":"2026-03-02T14:15:37","slug":"le-mot-du-doyen","status":"publish","type":"page","link":"https:\/\/web.umons.ac.be\/fau\/fr\/etudier-larchitecture-a-mons\/le-mot-du-doyen\/","title":{"rendered":"Mot du Doyen"},"content":{"rendered":"<p><img loading=\"lazy\" decoding=\"async\" class=\"alignright wp-image-902 size-medium\" src=\"https:\/\/web.umons.ac.be\/app\/uploads\/sites\/5\/2018\/11\/Etienne-Godimus-300x300.png\" alt=\"Le Mot du Doyen, Etienne Godimus\" width=\"300\" height=\"300\" srcset=\"https:\/\/web.umons.ac.be\/app\/uploads\/sites\/5\/2018\/11\/Etienne-Godimus-300x300.png 300w, https:\/\/web.umons.ac.be\/app\/uploads\/sites\/5\/2018\/11\/Etienne-Godimus-150x150.png 150w, https:\/\/web.umons.ac.be\/app\/uploads\/sites\/5\/2018\/11\/Etienne-Godimus-661x660.png 661w, https:\/\/web.umons.ac.be\/app\/uploads\/sites\/5\/2018\/11\/Etienne-Godimus-30x30.png 30w, https:\/\/web.umons.ac.be\/app\/uploads\/sites\/5\/2018\/11\/Etienne-Godimus-80x80.png 80w, https:\/\/web.umons.ac.be\/app\/uploads\/sites\/5\/2018\/11\/Etienne-Godimus-60x60.png 60w, https:\/\/web.umons.ac.be\/app\/uploads\/sites\/5\/2018\/11\/Etienne-Godimus-360x360.png 360w, https:\/\/web.umons.ac.be\/app\/uploads\/sites\/5\/2018\/11\/Etienne-Godimus-400x400.png 400w, https:\/\/web.umons.ac.be\/app\/uploads\/sites\/5\/2018\/11\/Etienne-Godimus-200x200.png 200w, https:\/\/web.umons.ac.be\/app\/uploads\/sites\/5\/2018\/11\/Etienne-Godimus.png 752w\" sizes=\"auto, (max-width: 300px) 100vw, 300px\" \/><\/p>\n<p><strong>L\u2019enseignement de l\u2019architecture a toujours suscit\u00e9 des d\u00e9bats.<\/strong> Le XVIIIe si\u00e8cle, connu comme le Si\u00e8cle des Lumi\u00e8res, marque un tournant majeur dans l\u2019histoire de l\u2019Europe occidentale, notamment en mati\u00e8re d\u2019organisation professionnelle. C\u2019est dans ce contexte de valorisation de l\u2019art et de l\u2019artisanat qu\u2019est fond\u00e9e \u00e0 Mons, en 1789, l\u2019Acad\u00e9mie Royale de dessin, peinture et architecture, \u00e0 l\u2019origine de notre facult\u00e9 actuelle. L\u2019int\u00e9gration de cette formation dans le cadre universitaire a permis d\u2019y associer la recherche, enrichissant ainsi nos enseignements.<\/p>\n<p><strong>Parler de l\u2019\u00e9volution de l\u2019enseignement de l\u2019architecture, c\u2019est aussi interroger la d\u00e9finition m\u00eame de cette discipline.<\/strong> Historiquement rattach\u00e9e aux arts, l\u2019architecture a vu son champ s\u2019\u00e9largir consid\u00e9rablement. Aujourd\u2019hui, elle englobe des dimensions techniques, culturelles, sociales, environnementales et num\u00e9riques. Notre mission est de transmettre \u00e0 nos \u00e9tudiants les cl\u00e9s de la cr\u00e9ativit\u00e9, une sensibilit\u00e9 artistique, des comp\u00e9tences techniques solides, une culture g\u00e9n\u00e9rale approfondie, une conscience des enjeux soci\u00e9taux, ainsi qu\u2019une ma\u00eetrise des outils d\u2019am\u00e9nagement du territoire. A cela s\u2019ajoute une approche critique du num\u00e9rique et, surtout, une attention particuli\u00e8re aux enjeux environnementaux et une sensibilisation aux pratiques constructives alternatives.<\/p>\n<p><strong>L\u2019identit\u00e9 de notre facult\u00e9 est souvent questionn\u00e9e<\/strong>. Situ\u00e9e au c\u0153ur de la ville de Mons, elle porte naturellement en elle une forte empreinte patrimoniale. Mais au-del\u00e0 de cette richesse historique, les enjeux li\u00e9s \u00e0 la r\u00e9habilitation, \u00e0 la reconversion et \u00e0 la densification urbaine prennent aujourd\u2019hui une importance soci\u00e9tale majeure. Notre territoire regorge de b\u00e2timents \u00e0 la fois dignes de conservation et marqu\u00e9s par l\u2019obsolescence. Leur r\u00e9novation ou reconversion s\u2019impose de plus en plus comme une alternative pertinente \u00e0 la d\u00e9molition-reconstruction, tant sur le plan environnemental qu\u2019\u00e9conomique.<\/p>\n<p><strong>De nouvelles formes de gouvernance encouragent la participation citoyenne dans les projets architecturaux.<\/strong> Nos cours de sociologie, d\u2019anthropologie et de philosophie pr\u00e9parent les futurs dipl\u00f4m\u00e9s \u00e0 endosser ce r\u00f4le de chef d\u2019orchestre que requiert la pratique professionnelle.<\/p>\n<p><strong>Le num\u00e9rique, bien plus qu\u2019un simple outil, devient une discipline \u00e0 part enti\u00e8re.<\/strong> Il ouvre la voie \u00e0 de nouvelles approches conceptuelles, \u00e0 une utilisation raisonn\u00e9e de l\u2019IA, \u00e0 des m\u00e9thodes innovantes de construction, ou encore \u00e0 des fa\u00e7ons in\u00e9dites d\u2019habiter ou de concevoir l\u2019espace public.<\/p>\n<p><strong>Notre programme de formation est en pleine transformation.<\/strong> D\u00e8s l\u2019ann\u00e9e acad\u00e9mique prochaine, le programme des cours actualis\u00e9 sera mis en \u0153uvre. Il visera \u00e0 r\u00e9pondre aux d\u00e9fis contemporains des m\u00e9tiers de l\u2019architecture et portera l\u2019ambition de former des \u00abConcepteurs pluridisciplinaires \u00bb.<\/p>\n<p><strong>Une Facult\u00e9 d\u2019Architecture et d\u2019Urbanisme : f<\/strong>ace \u00e0 l\u2019absence d\u2019une formation universitaire sp\u00e9cifique en FWB, nous avons lanc\u00e9 \u00e0 Charleroi en 2024-2025, en partenariat avec l\u2019ULB, un <a href=\"https:\/\/web.umons.ac.be\/fau\/fr\/formations\/m2-urbadt\/\">master de 120 cr\u00e9dits en Urbanisme et D\u00e9veloppement territorial<\/a>. Accessible directement depuis notre bachelier, et via valorisation des acquis depuis notre master en architecture, ce programme est \u00e9galement ouvert \u00e0 d\u2019autres disciplines.<\/p>\n<p><strong>Nous croyons aussi fermement \u00e0 l\u2019importance de la formation continue.<\/strong> Pour r\u00e9pondre aux besoins \u00e9volutifs de la profession, nous d\u00e9veloppons des <a href=\"https:\/\/web.umons.ac.be\/fau\/fr\/loffre-de-formation\/reprise-detudes\/certificats\/\">certificats universitaires<\/a> dans des domaines vari\u00e9s : BIM, gestion anticipative des risques, pratiques professionnelles, int\u00e9gration du vivant en milieu urbain, etc.<\/p>\n<p><strong>En collaboration avec l\u2019INSA Hauts-de-France<\/strong>, nous proposons un <a href=\"https:\/\/www.groupe-insa.fr\/preparer\/nos-formations\/ingenieur\/genie-civil-et-batiment\">bi-cursus menant \u00e0 une double diplomation architecte et ing\u00e9nieur<\/a>. Enfin, le dipl\u00f4me de master universitaire ouvre l\u2019acc\u00e8s au doctorat et \u00e0 une carri\u00e8re acad\u00e9mique.<\/p>\n<p><strong>Nos formations r\u00e9pondent \u00e0 l\u2019aspiration de nombreux jeunes : devenir des acteurs engag\u00e9s de la transition environnementale.<\/strong> L\u2019architecture, et plus largement le secteur de la construction, constitue un levier essentiel pour relever les d\u00e9fis climatiques, notamment celui de la neutralit\u00e9 carbone. Etudiants, enseignants et chercheurs s\u2019interrogent, \u00e9valuent et proposent r\u00e9guli\u00e8rement des \u00e9volutions de notre cursus, en s\u2019inspirant notamment des initiatives du <a href=\"https:\/\/web.umons.ac.be\/fr\/universite\/universite-responsable\/le-developpement-durable\/\">Conseil du D\u00e9veloppement Durable<\/a> (CDD) de l\u2019UMONS.<\/p>\n<p><em><strong>Etienne Godimus<\/strong><\/em><\/p>\n","protected":false},"excerpt":{"rendered":"<p>L\u2019enseignement de l\u2019architecture a toujours suscit\u00e9 des d\u00e9bats. Le XVIIIe si\u00e8cle, connu comme le Si\u00e8cle des Lumi\u00e8res, marque un tournant majeur dans l\u2019histoire de l\u2019Europe occidentale, notamment en mati\u00e8re d\u2019organisation professionnelle. C\u2019est dans ce contexte de valorisation de l\u2019art et de l\u2019artisanat qu\u2019est fond\u00e9e \u00e0 Mons, en 1789, l\u2019Acad\u00e9mie Royale de dessin, peinture et architecture, [&hellip;]<\/p>\n","protected":false},"author":2,"featured_media":0,"parent":194,"menu_order":1,"comment_status":"closed","ping_status":"closed","template":"","meta":{"footnotes":""},"class_list":["post-295","page","type-page","status-publish","hentry"],"yoast_head":"<!-- This site is optimized with the Yoast SEO plugin v27.2 - https:\/\/yoast.com\/product\/yoast-seo-wordpress\/ -->\n<title>Mot du Doyen<\/title>\n<meta name=\"description\" content=\"Notre formation se doit de transmettre une sensibilit\u00e9 artistique, des comp\u00e9tences techniques, une culture, un regard sur les enjeux soci\u00e9taux, une connaissance des outils de l\u2019am\u00e9nagement du territoire, une approche holistique du \u00ab num\u00e9rique \u00bb, et bien \u00e9videmment prioritairement les enjeux environnementaux et les pratiques alternatives de construction, le tout soumis \u00e0 un sens critique.\" \/>\n<meta name=\"robots\" content=\"index, follow, max-snippet:-1, max-image-preview:large, max-video-preview:-1\" \/>\n<link rel=\"canonical\" href=\"https:\/\/web.umons.ac.be\/fau\/fr\/etudier-larchitecture-a-mons\/le-mot-du-doyen\/\" \/>\n<meta property=\"og:locale\" content=\"fr_FR\" \/>\n<meta property=\"og:type\" content=\"article\" \/>\n<meta property=\"og:title\" content=\"Mot du Doyen\" \/>\n<meta property=\"og:description\" content=\"Notre formation se doit de transmettre une sensibilit\u00e9 artistique, des comp\u00e9tences techniques, une culture, un regard sur les enjeux soci\u00e9taux, une connaissance des outils de l\u2019am\u00e9nagement du territoire, une approche holistique du \u00ab num\u00e9rique \u00bb, et bien \u00e9videmment prioritairement les enjeux environnementaux et les pratiques alternatives de construction, le tout soumis \u00e0 un sens critique.\" \/>\n<meta property=\"og:url\" content=\"https:\/\/web.umons.ac.be\/fau\/fr\/etudier-larchitecture-a-mons\/le-mot-du-doyen\/\" \/>\n<meta property=\"og:site_name\" content=\"Facult\u00e9 \/ FAU\" \/>\n<meta property=\"article:modified_time\" content=\"2026-03-02T14:15:37+00:00\" \/>\n<meta property=\"og:image\" content=\"https:\/\/web.umons.ac.be\/app\/uploads\/sites\/5\/2018\/11\/Etienne-Godimus.png\" \/>\n\t<meta property=\"og:image:width\" content=\"752\" \/>\n\t<meta property=\"og:image:height\" content=\"751\" \/>\n\t<meta property=\"og:image:type\" content=\"image\/png\" \/>\n<meta name=\"twitter:card\" content=\"summary_large_image\" \/>\n<meta name=\"twitter:label1\" content=\"Dur\u00e9e de lecture estim\u00e9e\" \/>\n\t<meta name=\"twitter:data1\" content=\"4 minutes\" \/>\n<script type=\"application\/ld+json\" class=\"yoast-schema-graph\">{\"@context\":\"https:\/\/schema.org\",\"@graph\":[{\"@type\":\"WebPage\",\"@id\":\"https:\/\/web.umons.ac.be\/fau\/fr\/etudier-larchitecture-a-mons\/le-mot-du-doyen\/\",\"url\":\"https:\/\/web.umons.ac.be\/fau\/fr\/etudier-larchitecture-a-mons\/le-mot-du-doyen\/\",\"name\":\"Mot du Doyen\",\"isPartOf\":{\"@id\":\"https:\/\/web.umons.ac.be\/fau\/#website\"},\"primaryImageOfPage\":{\"@id\":\"https:\/\/web.umons.ac.be\/fau\/fr\/etudier-larchitecture-a-mons\/le-mot-du-doyen\/#primaryimage\"},\"image\":{\"@id\":\"https:\/\/web.umons.ac.be\/fau\/fr\/etudier-larchitecture-a-mons\/le-mot-du-doyen\/#primaryimage\"},\"thumbnailUrl\":\"https:\/\/web.umons.ac.be\/app\/uploads\/sites\/5\/2018\/11\/Etienne-Godimus-300x300.png\",\"datePublished\":\"2017-07-03T15:38:46+00:00\",\"dateModified\":\"2026-03-02T14:15:37+00:00\",\"description\":\"Notre formation se doit de transmettre une sensibilit\u00e9 artistique, des comp\u00e9tences techniques, une culture, un regard sur les enjeux soci\u00e9taux, une connaissance des outils de l\u2019am\u00e9nagement du territoire, une approche holistique du \u00ab num\u00e9rique \u00bb, et bien \u00e9videmment prioritairement les enjeux environnementaux et les pratiques alternatives de construction, le tout soumis \u00e0 un sens critique.\",\"breadcrumb\":{\"@id\":\"https:\/\/web.umons.ac.be\/fau\/fr\/etudier-larchitecture-a-mons\/le-mot-du-doyen\/#breadcrumb\"},\"inLanguage\":\"fr-FR\",\"potentialAction\":[{\"@type\":\"ReadAction\",\"target\":[\"https:\/\/web.umons.ac.be\/fau\/fr\/etudier-larchitecture-a-mons\/le-mot-du-doyen\/\"]}]},{\"@type\":\"ImageObject\",\"inLanguage\":\"fr-FR\",\"@id\":\"https:\/\/web.umons.ac.be\/fau\/fr\/etudier-larchitecture-a-mons\/le-mot-du-doyen\/#primaryimage\",\"url\":\"https:\/\/web.umons.ac.be\/app\/uploads\/sites\/5\/2018\/11\/Etienne-Godimus-300x300.png\",\"contentUrl\":\"https:\/\/web.umons.ac.be\/app\/uploads\/sites\/5\/2018\/11\/Etienne-Godimus-300x300.png\"},{\"@type\":\"BreadcrumbList\",\"@id\":\"https:\/\/web.umons.ac.be\/fau\/fr\/etudier-larchitecture-a-mons\/le-mot-du-doyen\/#breadcrumb\",\"itemListElement\":[{\"@type\":\"ListItem\",\"position\":1,\"name\":\"Accueil\",\"item\":\"https:\/\/web.umons.ac.be\/fau\/fr\/\"},{\"@type\":\"ListItem\",\"position\":2,\"name\":\"Etudier l\u2019architecture \u00e0 Mons\",\"item\":\"https:\/\/web.umons.ac.be\/fau\/fr\/etudier-larchitecture-a-mons\/\"},{\"@type\":\"ListItem\",\"position\":3,\"name\":\"Mot du Doyen\"}]},{\"@type\":\"WebSite\",\"@id\":\"https:\/\/web.umons.ac.be\/fau\/#website\",\"url\":\"https:\/\/web.umons.ac.be\/fau\/\",\"name\":\"Facult\u00e9 \/ FAU\",\"description\":\"\",\"potentialAction\":[{\"@type\":\"SearchAction\",\"target\":{\"@type\":\"EntryPoint\",\"urlTemplate\":\"https:\/\/web.umons.ac.be\/fau\/?s={search_term_string}\"},\"query-input\":{\"@type\":\"PropertyValueSpecification\",\"valueRequired\":true,\"valueName\":\"search_term_string\"}}],\"inLanguage\":\"fr-FR\"}]}<\/script>\n<!-- \/ Yoast SEO plugin. -->","yoast_head_json":{"title":"Mot du Doyen","description":"Notre formation se doit de transmettre une sensibilit\u00e9 artistique, des comp\u00e9tences techniques, une culture, un regard sur les enjeux soci\u00e9taux, une connaissance des outils de l\u2019am\u00e9nagement du territoire, une approche holistique du \u00ab num\u00e9rique \u00bb, et bien \u00e9videmment prioritairement les enjeux environnementaux et les pratiques alternatives de construction, le tout soumis \u00e0 un sens critique.","robots":{"index":"index","follow":"follow","max-snippet":"max-snippet:-1","max-image-preview":"max-image-preview:large","max-video-preview":"max-video-preview:-1"},"canonical":"https:\/\/web.umons.ac.be\/fau\/fr\/etudier-larchitecture-a-mons\/le-mot-du-doyen\/","og_locale":"fr_FR","og_type":"article","og_title":"Mot du Doyen","og_description":"Notre formation se doit de transmettre une sensibilit\u00e9 artistique, des comp\u00e9tences techniques, une culture, un regard sur les enjeux soci\u00e9taux, une connaissance des outils de l\u2019am\u00e9nagement du territoire, une approche holistique du \u00ab num\u00e9rique \u00bb, et bien \u00e9videmment prioritairement les enjeux environnementaux et les pratiques alternatives de construction, le tout soumis \u00e0 un sens critique.","og_url":"https:\/\/web.umons.ac.be\/fau\/fr\/etudier-larchitecture-a-mons\/le-mot-du-doyen\/","og_site_name":"Facult\u00e9 \/ FAU","article_modified_time":"2026-03-02T14:15:37+00:00","og_image":[{"width":752,"height":751,"url":"https:\/\/web.umons.ac.be\/app\/uploads\/sites\/5\/2018\/11\/Etienne-Godimus.png","type":"image\/png"}],"twitter_card":"summary_large_image","twitter_misc":{"Dur\u00e9e de lecture estim\u00e9e":"4 minutes"},"schema":{"@context":"https:\/\/schema.org","@graph":[{"@type":"WebPage","@id":"https:\/\/web.umons.ac.be\/fau\/fr\/etudier-larchitecture-a-mons\/le-mot-du-doyen\/","url":"https:\/\/web.umons.ac.be\/fau\/fr\/etudier-larchitecture-a-mons\/le-mot-du-doyen\/","name":"Mot du Doyen","isPartOf":{"@id":"https:\/\/web.umons.ac.be\/fau\/#website"},"primaryImageOfPage":{"@id":"https:\/\/web.umons.ac.be\/fau\/fr\/etudier-larchitecture-a-mons\/le-mot-du-doyen\/#primaryimage"},"image":{"@id":"https:\/\/web.umons.ac.be\/fau\/fr\/etudier-larchitecture-a-mons\/le-mot-du-doyen\/#primaryimage"},"thumbnailUrl":"https:\/\/web.umons.ac.be\/app\/uploads\/sites\/5\/2018\/11\/Etienne-Godimus-300x300.png","datePublished":"2017-07-03T15:38:46+00:00","dateModified":"2026-03-02T14:15:37+00:00","description":"Notre formation se doit de transmettre une sensibilit\u00e9 artistique, des comp\u00e9tences techniques, une culture, un regard sur les enjeux soci\u00e9taux, une connaissance des outils de l\u2019am\u00e9nagement du territoire, une approche holistique du \u00ab num\u00e9rique \u00bb, et bien \u00e9videmment prioritairement les enjeux environnementaux et les pratiques alternatives de construction, le tout soumis \u00e0 un sens critique.","breadcrumb":{"@id":"https:\/\/web.umons.ac.be\/fau\/fr\/etudier-larchitecture-a-mons\/le-mot-du-doyen\/#breadcrumb"},"inLanguage":"fr-FR","potentialAction":[{"@type":"ReadAction","target":["https:\/\/web.umons.ac.be\/fau\/fr\/etudier-larchitecture-a-mons\/le-mot-du-doyen\/"]}]},{"@type":"ImageObject","inLanguage":"fr-FR","@id":"https:\/\/web.umons.ac.be\/fau\/fr\/etudier-larchitecture-a-mons\/le-mot-du-doyen\/#primaryimage","url":"https:\/\/web.umons.ac.be\/app\/uploads\/sites\/5\/2018\/11\/Etienne-Godimus-300x300.png","contentUrl":"https:\/\/web.umons.ac.be\/app\/uploads\/sites\/5\/2018\/11\/Etienne-Godimus-300x300.png"},{"@type":"BreadcrumbList","@id":"https:\/\/web.umons.ac.be\/fau\/fr\/etudier-larchitecture-a-mons\/le-mot-du-doyen\/#breadcrumb","itemListElement":[{"@type":"ListItem","position":1,"name":"Accueil","item":"https:\/\/web.umons.ac.be\/fau\/fr\/"},{"@type":"ListItem","position":2,"name":"Etudier l\u2019architecture \u00e0 Mons","item":"https:\/\/web.umons.ac.be\/fau\/fr\/etudier-larchitecture-a-mons\/"},{"@type":"ListItem","position":3,"name":"Mot du Doyen"}]},{"@type":"WebSite","@id":"https:\/\/web.umons.ac.be\/fau\/#website","url":"https:\/\/web.umons.ac.be\/fau\/","name":"Facult\u00e9 \/ FAU","description":"","potentialAction":[{"@type":"SearchAction","target":{"@type":"EntryPoint","urlTemplate":"https:\/\/web.umons.ac.be\/fau\/?s={search_term_string}"},"query-input":{"@type":"PropertyValueSpecification","valueRequired":true,"valueName":"search_term_string"}}],"inLanguage":"fr-FR"}]}},"lang":"fr","translations":{"fr":295,"en":475},"pll_sync_post":[],"_links":{"self":[{"href":"https:\/\/web.umons.ac.be\/fau\/wp-json\/wp\/v2\/pages\/295","targetHints":{"allow":["GET"]}}],"collection":[{"href":"https:\/\/web.umons.ac.be\/fau\/wp-json\/wp\/v2\/pages"}],"about":[{"href":"https:\/\/web.umons.ac.be\/fau\/wp-json\/wp\/v2\/types\/page"}],"author":[{"embeddable":true,"href":"https:\/\/web.umons.ac.be\/fau\/wp-json\/wp\/v2\/users\/2"}],"replies":[{"embeddable":true,"href":"https:\/\/web.umons.ac.be\/fau\/wp-json\/wp\/v2\/comments?post=295"}],"version-history":[{"count":4,"href":"https:\/\/web.umons.ac.be\/fau\/wp-json\/wp\/v2\/pages\/295\/revisions"}],"predecessor-version":[{"id":3632,"href":"https:\/\/web.umons.ac.be\/fau\/wp-json\/wp\/v2\/pages\/295\/revisions\/3632"}],"up":[{"embeddable":true,"href":"https:\/\/web.umons.ac.be\/fau\/wp-json\/wp\/v2\/pages\/194"}],"wp:attachment":[{"href":"https:\/\/web.umons.ac.be\/fau\/wp-json\/wp\/v2\/media?parent=295"}],"curies":[{"name":"wp","href":"https:\/\/api.w.org\/{rel}","templated":true}]}}