{"id":307,"date":"2017-07-03T17:46:27","date_gmt":"2017-07-03T15:46:27","guid":{"rendered":"https:\/\/web.umons.ac.be\/fau\/?page_id=307"},"modified":"2025-01-09T11:19:40","modified_gmt":"2025-01-09T10:19:40","slug":"3eme-cycle-doctorat","status":"publish","type":"page","link":"https:\/\/web.umons.ac.be\/fau\/fr\/activites-de-recherche\/3eme-cycle-doctorat\/","title":{"rendered":"3\u00e8me Cycle : Doctorat"},"content":{"rendered":"<h2>Le Doctorat et la Formation doctorale<\/h2>\n<p>Le doctorat est d\u00e9fini comme \u00e9tant le troisi\u00e8me cycle d\u2019\u00e9tudes universitaires ayant pour objectif la formation par la recherche scientifique. Ce grade, est obtenu \u00e0 la suite d&rsquo;une formation de 180 cr\u00e9dits et\u00a0conduit au grade acad\u00e9mique de\u00a0<a href=\"https:\/\/web.umons.ac.be\/fau\/fr\/formations\/do-archit\/\"><strong>Doctorat<\/strong>\u00a0<strong>en Art de B\u00e2tir et Urbanisme<\/strong><\/a> ou de <a href=\"https:\/\/web.umons.ac.be\/fau\/fr\/formations\/do-art\/\">Doctorat <strong>en Art et Sciences de l\u2019Art<\/strong><\/a>. Ce grade, repr\u00e9sentant la plus haute qualification d\u2019un domaine d\u2019\u00e9tude particulier, est conf\u00e9r\u00e9 par la Facult\u00e9 \u00e0 la suite de la pr\u00e9sentation d\u2019une th\u00e8se de doctorat.<\/p>\n<p>Le m\u00e9tier de doctorant consiste en une combinaison de travaux de recherche et de formations personnalis\u00e9es, permettant d\u2019acqu\u00e9rir des connaissances scientifiques pointues ainsi qu\u2019un large \u00e9ventail de comp\u00e9tences transversales. Le Doctorant s\u2019ins\u00e8re au sein d\u2019un projet de recherche dans lequel intervient souvent toute une \u00e9quipe de chercheurs. Il est accompagn\u00e9 de son promoteur, qui le supervise et le conseille et l\u2019aide tout au long de ce projet de longue haleine.\u00a0On peut dire que le doctorant b\u00e9n\u00e9ficie de l\u2019exp\u00e9rience de ses pairs et d\u2019un encadrement tout au long de l\u2019\u00e9laboration de sa th\u00e8se de doctorat.<\/p>\n<p>Le doctorant est aussi souvent amen\u00e9 \u00e0 voyager pour mener \u00e0 bien son projet de recherche.\u00a0Il est important de noter qu\u2019en plus d\u2019\u00eatre un m\u00e9tier \u00e0 part enti\u00e8re, le doctorat donne au chercheur une opportunit\u00e9 unique de se former tout au long de la dur\u00e9e de sa th\u00e8se.<\/p>\n<p>Le Doctorat ouvre aux jeunes dipl\u00f4m\u00e9s qui s\u2019y investissent des perspectives de carri\u00e8res passionnantes dans l\u2019enseignement universitaire et dans les m\u00e9tiers de la recherche et d\u00e9veloppement, tant dans le secteur priv\u00e9 que public.<\/p>\n<h2>Les \u00e9tapes importantes du doctorat<\/h2>\n<p><a href=\"https:\/\/web.umons.ac.be\/fr\/recherche\/le-doctorat\/\">Tout savoir sur le doctorat<\/a><\/p>\n<ul>\n<li>Choix d&rsquo;un promoteur au sein d&rsquo;un service :\n<ul>\n<li><a href=\"https:\/\/web.umons.ac.be\/as\/\">Service Architecture et Soci\u00e9t\u00e9<\/a><\/li>\n<li><a href=\"https:\/\/web.umons.ac.be\/atr\/\">Service Arts et Techniques de Repr\u00e9sentation<\/a><\/li>\n<li><a href=\"https:\/\/web.umons.ac.be\/ca\/\">Service Conception Architecturale<\/a><\/li>\n<li><a href=\"https:\/\/web.umons.ac.be\/pvt\/\">Service Projets, Ville et Territoire<\/a><\/li>\n<li><a href=\"https:\/\/web.umons.ac.be\/stc\/\">Service Sciences et Techniques de Construction<\/a><\/li>\n<\/ul>\n<\/li>\n<li>Choix d&rsquo;un sujet\n<ul>\n<li>D\u00e9couvrez <a href=\"https:\/\/web.umons.ac.be\/fr\/these\/FAU\">ici<\/a> une liste non-exhaustive de sujets de recherche disponibles au sein de notre Facult\u00e9<\/li>\n<\/ul>\n<\/li>\n<li>Trouver un financement\n<ul>\n<li>L\u2019 <a href=\"https:\/\/web.umons.ac.be\/fr\/recherche\/avre\/\">AVRE<\/a> (Administration et Valorisation de la Recherche) est \u00e0 disposition pour aider \u00e0 identifier le financement le plus adapt\u00e9 au projet.<\/li>\n<\/ul>\n<\/li>\n<li><a href=\"https:\/\/web.umons.ac.be\/fr\/enseignement\/sinscrire\/3e-cycle-phd-doctorat\/\">Admission et inscription<\/a><\/li>\n<li>La formation doctorale<\/li>\n<li>La recherche<\/li>\n<li>La r\u00e9daction<\/li>\n<li>La soutenance priv\u00e9e et publique\n<ul>\n<li><a href=\"https:\/\/web.umons.ac.be\/fau\/fr\/theses-soutenues\/\">Th\u00e8ses soutenues \u00e0 la Facult\u00e9 d&rsquo;Architecture et d&rsquo;Urbanisme<\/a><\/li>\n<\/ul>\n<\/li>\n<\/ul>\n<p><a href=\"https:\/\/web.umons.ac.be\/fr\/recherche\/le-doctorat\/comment-proceder\/\">Comment proc\u00e9der ?<\/a><\/p>\n","protected":false},"excerpt":{"rendered":"<p>Le Doctorat et la Formation doctorale Le doctorat est d\u00e9fini comme \u00e9tant le troisi\u00e8me cycle d\u2019\u00e9tudes universitaires ayant pour objectif la formation par la recherche scientifique. Ce grade, est obtenu \u00e0 la suite d&rsquo;une formation de 180 cr\u00e9dits et\u00a0conduit au grade acad\u00e9mique de\u00a0Doctorat\u00a0en Art de B\u00e2tir et Urbanisme ou de Doctorat en Art et Sciences [&hellip;]<\/p>\n","protected":false},"author":2,"featured_media":0,"parent":214,"menu_order":3,"comment_status":"closed","ping_status":"closed","template":"","meta":{"footnotes":""},"class_list":["post-307","page","type-page","status-publish","hentry"],"yoast_head":"<!-- This site is optimized with the Yoast SEO plugin v27.2 - https:\/\/yoast.com\/product\/yoast-seo-wordpress\/ -->\n<title>3\u00e8me Cycle : Doctorat - Facult\u00e9 \/ FAU<\/title>\n<meta name=\"robots\" content=\"index, follow, max-snippet:-1, max-image-preview:large, max-video-preview:-1\" \/>\n<link rel=\"canonical\" href=\"https:\/\/web.umons.ac.be\/fau\/fr\/activites-de-recherche\/3eme-cycle-doctorat\/\" \/>\n<meta property=\"og:locale\" content=\"fr_FR\" \/>\n<meta property=\"og:type\" content=\"article\" \/>\n<meta property=\"og:title\" content=\"3\u00e8me Cycle : Doctorat - Facult\u00e9 \/ FAU\" \/>\n<meta property=\"og:description\" content=\"Le Doctorat et la Formation doctorale Le doctorat est d\u00e9fini comme \u00e9tant le troisi\u00e8me cycle d\u2019\u00e9tudes universitaires ayant pour objectif la formation par la recherche scientifique. Ce grade, est obtenu \u00e0 la suite d&rsquo;une formation de 180 cr\u00e9dits et\u00a0conduit au grade acad\u00e9mique de\u00a0Doctorat\u00a0en Art de B\u00e2tir et Urbanisme ou de Doctorat en Art et Sciences [&hellip;]\" \/>\n<meta property=\"og:url\" content=\"https:\/\/web.umons.ac.be\/fau\/fr\/activites-de-recherche\/3eme-cycle-doctorat\/\" \/>\n<meta property=\"og:site_name\" content=\"Facult\u00e9 \/ FAU\" \/>\n<meta property=\"article:modified_time\" content=\"2025-01-09T10:19:40+00:00\" \/>\n<meta name=\"twitter:card\" content=\"summary_large_image\" \/>\n<meta name=\"twitter:label1\" content=\"Dur\u00e9e de lecture estim\u00e9e\" \/>\n\t<meta name=\"twitter:data1\" content=\"2 minutes\" \/>\n<script type=\"application\/ld+json\" class=\"yoast-schema-graph\">{\"@context\":\"https:\/\/schema.org\",\"@graph\":[{\"@type\":\"WebPage\",\"@id\":\"https:\/\/web.umons.ac.be\/fau\/fr\/activites-de-recherche\/3eme-cycle-doctorat\/\",\"url\":\"https:\/\/web.umons.ac.be\/fau\/fr\/activites-de-recherche\/3eme-cycle-doctorat\/\",\"name\":\"3\u00e8me Cycle : Doctorat - Facult\u00e9 \/ FAU\",\"isPartOf\":{\"@id\":\"https:\/\/web.umons.ac.be\/fau\/#website\"},\"datePublished\":\"2017-07-03T15:46:27+00:00\",\"dateModified\":\"2025-01-09T10:19:40+00:00\",\"breadcrumb\":{\"@id\":\"https:\/\/web.umons.ac.be\/fau\/fr\/activites-de-recherche\/3eme-cycle-doctorat\/#breadcrumb\"},\"inLanguage\":\"fr-FR\",\"potentialAction\":[{\"@type\":\"ReadAction\",\"target\":[\"https:\/\/web.umons.ac.be\/fau\/fr\/activites-de-recherche\/3eme-cycle-doctorat\/\"]}]},{\"@type\":\"BreadcrumbList\",\"@id\":\"https:\/\/web.umons.ac.be\/fau\/fr\/activites-de-recherche\/3eme-cycle-doctorat\/#breadcrumb\",\"itemListElement\":[{\"@type\":\"ListItem\",\"position\":1,\"name\":\"Accueil\",\"item\":\"https:\/\/web.umons.ac.be\/fau\/fr\/\"},{\"@type\":\"ListItem\",\"position\":2,\"name\":\"Activit\u00e9s d&rsquo;enseignement et de recherche\",\"item\":\"https:\/\/web.umons.ac.be\/fau\/fr\/activites-de-recherche\/\"},{\"@type\":\"ListItem\",\"position\":3,\"name\":\"3\u00e8me Cycle : Doctorat\"}]},{\"@type\":\"WebSite\",\"@id\":\"https:\/\/web.umons.ac.be\/fau\/#website\",\"url\":\"https:\/\/web.umons.ac.be\/fau\/\",\"name\":\"Facult\u00e9 \/ FAU\",\"description\":\"\",\"potentialAction\":[{\"@type\":\"SearchAction\",\"target\":{\"@type\":\"EntryPoint\",\"urlTemplate\":\"https:\/\/web.umons.ac.be\/fau\/?s={search_term_string}\"},\"query-input\":{\"@type\":\"PropertyValueSpecification\",\"valueRequired\":true,\"valueName\":\"search_term_string\"}}],\"inLanguage\":\"fr-FR\"}]}<\/script>\n<!-- \/ Yoast SEO plugin. -->","yoast_head_json":{"title":"3\u00e8me Cycle : Doctorat - Facult\u00e9 \/ FAU","robots":{"index":"index","follow":"follow","max-snippet":"max-snippet:-1","max-image-preview":"max-image-preview:large","max-video-preview":"max-video-preview:-1"},"canonical":"https:\/\/web.umons.ac.be\/fau\/fr\/activites-de-recherche\/3eme-cycle-doctorat\/","og_locale":"fr_FR","og_type":"article","og_title":"3\u00e8me Cycle : Doctorat - Facult\u00e9 \/ FAU","og_description":"Le Doctorat et la Formation doctorale Le doctorat est d\u00e9fini comme \u00e9tant le troisi\u00e8me cycle d\u2019\u00e9tudes universitaires ayant pour objectif la formation par la recherche scientifique. Ce grade, est obtenu \u00e0 la suite d&rsquo;une formation de 180 cr\u00e9dits et\u00a0conduit au grade acad\u00e9mique de\u00a0Doctorat\u00a0en Art de B\u00e2tir et Urbanisme ou de Doctorat en Art et Sciences [&hellip;]","og_url":"https:\/\/web.umons.ac.be\/fau\/fr\/activites-de-recherche\/3eme-cycle-doctorat\/","og_site_name":"Facult\u00e9 \/ FAU","article_modified_time":"2025-01-09T10:19:40+00:00","twitter_card":"summary_large_image","twitter_misc":{"Dur\u00e9e de lecture estim\u00e9e":"2 minutes"},"schema":{"@context":"https:\/\/schema.org","@graph":[{"@type":"WebPage","@id":"https:\/\/web.umons.ac.be\/fau\/fr\/activites-de-recherche\/3eme-cycle-doctorat\/","url":"https:\/\/web.umons.ac.be\/fau\/fr\/activites-de-recherche\/3eme-cycle-doctorat\/","name":"3\u00e8me Cycle : Doctorat - Facult\u00e9 \/ FAU","isPartOf":{"@id":"https:\/\/web.umons.ac.be\/fau\/#website"},"datePublished":"2017-07-03T15:46:27+00:00","dateModified":"2025-01-09T10:19:40+00:00","breadcrumb":{"@id":"https:\/\/web.umons.ac.be\/fau\/fr\/activites-de-recherche\/3eme-cycle-doctorat\/#breadcrumb"},"inLanguage":"fr-FR","potentialAction":[{"@type":"ReadAction","target":["https:\/\/web.umons.ac.be\/fau\/fr\/activites-de-recherche\/3eme-cycle-doctorat\/"]}]},{"@type":"BreadcrumbList","@id":"https:\/\/web.umons.ac.be\/fau\/fr\/activites-de-recherche\/3eme-cycle-doctorat\/#breadcrumb","itemListElement":[{"@type":"ListItem","position":1,"name":"Accueil","item":"https:\/\/web.umons.ac.be\/fau\/fr\/"},{"@type":"ListItem","position":2,"name":"Activit\u00e9s d&rsquo;enseignement et de recherche","item":"https:\/\/web.umons.ac.be\/fau\/fr\/activites-de-recherche\/"},{"@type":"ListItem","position":3,"name":"3\u00e8me Cycle : Doctorat"}]},{"@type":"WebSite","@id":"https:\/\/web.umons.ac.be\/fau\/#website","url":"https:\/\/web.umons.ac.be\/fau\/","name":"Facult\u00e9 \/ FAU","description":"","potentialAction":[{"@type":"SearchAction","target":{"@type":"EntryPoint","urlTemplate":"https:\/\/web.umons.ac.be\/fau\/?s={search_term_string}"},"query-input":{"@type":"PropertyValueSpecification","valueRequired":true,"valueName":"search_term_string"}}],"inLanguage":"fr-FR"}]}},"lang":"fr","translations":{"fr":307,"en":658},"pll_sync_post":[],"_links":{"self":[{"href":"https:\/\/web.umons.ac.be\/fau\/wp-json\/wp\/v2\/pages\/307","targetHints":{"allow":["GET"]}}],"collection":[{"href":"https:\/\/web.umons.ac.be\/fau\/wp-json\/wp\/v2\/pages"}],"about":[{"href":"https:\/\/web.umons.ac.be\/fau\/wp-json\/wp\/v2\/types\/page"}],"author":[{"embeddable":true,"href":"https:\/\/web.umons.ac.be\/fau\/wp-json\/wp\/v2\/users\/2"}],"replies":[{"embeddable":true,"href":"https:\/\/web.umons.ac.be\/fau\/wp-json\/wp\/v2\/comments?post=307"}],"version-history":[{"count":5,"href":"https:\/\/web.umons.ac.be\/fau\/wp-json\/wp\/v2\/pages\/307\/revisions"}],"predecessor-version":[{"id":3391,"href":"https:\/\/web.umons.ac.be\/fau\/wp-json\/wp\/v2\/pages\/307\/revisions\/3391"}],"up":[{"embeddable":true,"href":"https:\/\/web.umons.ac.be\/fau\/wp-json\/wp\/v2\/pages\/214"}],"wp:attachment":[{"href":"https:\/\/web.umons.ac.be\/fau\/wp-json\/wp\/v2\/media?parent=307"}],"curies":[{"name":"wp","href":"https:\/\/api.w.org\/{rel}","templated":true}]}}