{"id":313,"date":"2017-07-03T17:50:45","date_gmt":"2017-07-03T15:50:45","guid":{"rendered":"https:\/\/web.umons.ac.be\/fau\/?page_id=313"},"modified":"2025-06-20T15:11:44","modified_gmt":"2025-06-20T13:11:44","slug":"reprise-detudes","status":"publish","type":"page","link":"https:\/\/web.umons.ac.be\/fau\/fr\/loffre-de-formation\/reprise-detudes\/","title":{"rendered":"Reprise d\u2019\u00e9tudes"},"content":{"rendered":"<p>En reprise d&rsquo;\u00e9tudes, la Facult\u00e9 d&rsquo;Architecture se pose depuis de tr\u00e8s nombreuses ann\u00e9es en partenaire privil\u00e9gi\u00e9 pour l&rsquo;\u00e9ducation tout au long de la vie et pour le d\u00e9veloppement de votre carri\u00e8re professionnelle.<\/p>\n<h4>La Facult\u00e9 d&rsquo;Architecture et d&rsquo;Urbanisme propose plusieurs types de formation continue :<\/h4>\n<ul>\n<li>Programmes menant \u00e0 un dipl\u00f4me reconnu par la Communaut\u00e9 fran\u00e7aise de Belgique (<a href=\"https:\/\/web.umons.ac.be\/fau\/fr\/loffre-de-formation\/reprise-detudes\/master-de-specialisation\/\"><strong>Master de sp\u00e9cialisation<\/strong><\/a>)<\/li>\n<li>Programmes certifiants conduisant \u00e0 un <a href=\"https:\/\/web.umons.ac.be\/fau\/fr\/loffre-de-formation\/reprise-detudes\/certificats\/\"><strong>Certificat d\u2019universit\u00e9<\/strong><\/a><\/li>\n<li>Bi-cursus innovant menant \u00e0 une double diplomation (<a href=\"https:\/\/web.umons.ac.be\/fau\/fr\/loffre-de-formation\/architecte-et-ingenieur-specialite-genie-civil-et-batiment\/\">Master en Architecture et Dipl\u00f4me d\u2019Ing\u00e9nieur sp\u00e9cialit\u00e9 G\u00e9nie Civil et B\u00e2timent<\/a>)<\/li>\n<li>MasterClass Interuniversitaire en partenariat avec l\u2019<a href=\"https:\/\/ordredesarchitectes.be\/actualites\/completer-votre-bagage-professionnel\">Ordre des Architectes<\/a><\/li>\n<\/ul>\n<p>Ces programmes de reprise d&rsquo;\u00e9tudes sont am\u00e9nag\u00e9s afin de faciliter la conciliation entre la formation et la vie professionnelle et personnelle: <span class=\"ms-rteCustom-Gras\">horaire adapt\u00e9 <\/span>(regroupement de cours sur certains jours de la semaine), <span class=\"ms-rteCustom-Gras\">horaire d\u00e9cal\u00e9 <\/span>(cours dispens\u00e9s le soir et\/ou le week-end), possibilit\u00e9 d\u2019\u00e9talement d\u2019une ann\u00e9e acad\u00e9mique,\u2026<\/p>\n<p>A l\u2019UMONS, la coordination et l\u2019organisation d<span style=\"font-size: 14px;\">es formations menant \u00e0 un titre p\u00e9dagogique (<\/span><a style=\"font-size: 14px;\" href=\"https:\/\/web.umons.ac.be\/efe\/fr\/enseignement-maternel-primaire-secondaire\/\">Master en Enseignement Section 5<\/a><span style=\"font-size: 14px;\">,<\/span><span style=\"font-size: 14px;\">\u00a0<\/span><a style=\"font-size: 14px;\" href=\"https:\/\/web.umons.ac.be\/efe\/fr\/capaes\/\">CAPAES<\/a><span style=\"font-size: 14px;\">) <\/span>ont \u00e9t\u00e9 confi\u00e9s \u00e0 l\u2019Ecole de Formation des Enseignants (EFE).<\/p>\n<p><a href=\"https:\/\/web.umons.ac.be\/efe\/fr\/\">Ecole de Formation des Enseignants<\/a><\/p>\n<p>Place Warocqu\u00e9, 17<br \/>\n7000 Mons<br \/>\n+32 (0) 65 37 32 29<\/p>\n<div><strong>Patricia LAURENT<\/strong><br \/>\nResponsable du secr\u00e9tariat des \u00e9tudes<br \/>\n<a href=\"mailto:patricia.laurent@umons.ac.be\">patricia.laurent@umons.ac.be<\/a><\/div>\n<h4><a href=\"https:\/\/web.umons.ac.be\/fr\/alumni\/votre-futur-metier-une-fois-diplome-de-lumons\/les-interviews-par-faculte-ecole-de-nos-diplomes\/\">Alumni : Les interviews de nos dipl\u00f4m\u00e9s<\/a><\/h4>\n","protected":false},"excerpt":{"rendered":"<p>En reprise d&rsquo;\u00e9tudes, la Facult\u00e9 d&rsquo;Architecture se pose depuis de tr\u00e8s nombreuses ann\u00e9es en partenaire privil\u00e9gi\u00e9 pour l&rsquo;\u00e9ducation tout au long de la vie et pour le d\u00e9veloppement de votre carri\u00e8re professionnelle. La Facult\u00e9 d&rsquo;Architecture et d&rsquo;Urbanisme propose plusieurs types de formation continue : Programmes menant \u00e0 un dipl\u00f4me reconnu par la Communaut\u00e9 fran\u00e7aise de [&hellip;]<\/p>\n","protected":false},"author":2,"featured_media":0,"parent":435,"menu_order":4,"comment_status":"closed","ping_status":"closed","template":"","meta":{"footnotes":""},"class_list":["post-313","page","type-page","status-publish","hentry"],"yoast_head":"<!-- This site is optimized with the Yoast SEO plugin v27.2 - https:\/\/yoast.com\/product\/yoast-seo-wordpress\/ -->\n<title>Reprise d&#039;\u00e9tudes<\/title>\n<meta name=\"description\" content=\"En reprise d&#039;\u00e9tudes, la FA+U vous propose : Master de sp\u00e9cialisation, Certificats d\u2019universit\u00e9, Bi-cursus menant \u00e0 une double diplomation\" \/>\n<meta name=\"robots\" content=\"index, follow, max-snippet:-1, max-image-preview:large, max-video-preview:-1\" \/>\n<link rel=\"canonical\" href=\"https:\/\/web.umons.ac.be\/fau\/fr\/loffre-de-formation\/reprise-detudes\/\" \/>\n<meta property=\"og:locale\" content=\"fr_FR\" \/>\n<meta property=\"og:type\" content=\"article\" \/>\n<meta property=\"og:title\" content=\"Reprise d&#039;\u00e9tudes\" \/>\n<meta property=\"og:description\" content=\"En reprise d&#039;\u00e9tudes, la FA+U vous propose : Master de sp\u00e9cialisation, Certificats d\u2019universit\u00e9, Bi-cursus menant \u00e0 une double diplomation\" \/>\n<meta property=\"og:url\" content=\"https:\/\/web.umons.ac.be\/fau\/fr\/loffre-de-formation\/reprise-detudes\/\" \/>\n<meta property=\"og:site_name\" content=\"Facult\u00e9 \/ FAU\" \/>\n<meta property=\"article:modified_time\" content=\"2025-06-20T13:11:44+00:00\" \/>\n<meta name=\"twitter:card\" content=\"summary_large_image\" \/>\n<meta name=\"twitter:label1\" content=\"Dur\u00e9e de lecture estim\u00e9e\" \/>\n\t<meta name=\"twitter:data1\" content=\"2 minutes\" \/>\n<script type=\"application\/ld+json\" class=\"yoast-schema-graph\">{\"@context\":\"https:\/\/schema.org\",\"@graph\":[{\"@type\":\"WebPage\",\"@id\":\"https:\/\/web.umons.ac.be\/fau\/fr\/loffre-de-formation\/reprise-detudes\/\",\"url\":\"https:\/\/web.umons.ac.be\/fau\/fr\/loffre-de-formation\/reprise-detudes\/\",\"name\":\"Reprise d'\u00e9tudes\",\"isPartOf\":{\"@id\":\"https:\/\/web.umons.ac.be\/fau\/#website\"},\"datePublished\":\"2017-07-03T15:50:45+00:00\",\"dateModified\":\"2025-06-20T13:11:44+00:00\",\"description\":\"En reprise d'\u00e9tudes, la FA+U vous propose : Master de sp\u00e9cialisation, Certificats d\u2019universit\u00e9, Bi-cursus menant \u00e0 une double diplomation\",\"breadcrumb\":{\"@id\":\"https:\/\/web.umons.ac.be\/fau\/fr\/loffre-de-formation\/reprise-detudes\/#breadcrumb\"},\"inLanguage\":\"fr-FR\",\"potentialAction\":[{\"@type\":\"ReadAction\",\"target\":[\"https:\/\/web.umons.ac.be\/fau\/fr\/loffre-de-formation\/reprise-detudes\/\"]}]},{\"@type\":\"BreadcrumbList\",\"@id\":\"https:\/\/web.umons.ac.be\/fau\/fr\/loffre-de-formation\/reprise-detudes\/#breadcrumb\",\"itemListElement\":[{\"@type\":\"ListItem\",\"position\":1,\"name\":\"Accueil\",\"item\":\"https:\/\/web.umons.ac.be\/fau\/fr\/\"},{\"@type\":\"ListItem\",\"position\":2,\"name\":\"L&rsquo;offre de formation\",\"item\":\"https:\/\/web.umons.ac.be\/fau\/fr\/loffre-de-formation\/\"},{\"@type\":\"ListItem\",\"position\":3,\"name\":\"Reprise d\u2019\u00e9tudes\"}]},{\"@type\":\"WebSite\",\"@id\":\"https:\/\/web.umons.ac.be\/fau\/#website\",\"url\":\"https:\/\/web.umons.ac.be\/fau\/\",\"name\":\"Facult\u00e9 \/ FAU\",\"description\":\"\",\"potentialAction\":[{\"@type\":\"SearchAction\",\"target\":{\"@type\":\"EntryPoint\",\"urlTemplate\":\"https:\/\/web.umons.ac.be\/fau\/?s={search_term_string}\"},\"query-input\":{\"@type\":\"PropertyValueSpecification\",\"valueRequired\":true,\"valueName\":\"search_term_string\"}}],\"inLanguage\":\"fr-FR\"}]}<\/script>\n<!-- \/ Yoast SEO plugin. -->","yoast_head_json":{"title":"Reprise d'\u00e9tudes","description":"En reprise d'\u00e9tudes, la FA+U vous propose : Master de sp\u00e9cialisation, Certificats d\u2019universit\u00e9, Bi-cursus menant \u00e0 une double diplomation","robots":{"index":"index","follow":"follow","max-snippet":"max-snippet:-1","max-image-preview":"max-image-preview:large","max-video-preview":"max-video-preview:-1"},"canonical":"https:\/\/web.umons.ac.be\/fau\/fr\/loffre-de-formation\/reprise-detudes\/","og_locale":"fr_FR","og_type":"article","og_title":"Reprise d'\u00e9tudes","og_description":"En reprise d'\u00e9tudes, la FA+U vous propose : Master de sp\u00e9cialisation, Certificats d\u2019universit\u00e9, Bi-cursus menant \u00e0 une double diplomation","og_url":"https:\/\/web.umons.ac.be\/fau\/fr\/loffre-de-formation\/reprise-detudes\/","og_site_name":"Facult\u00e9 \/ FAU","article_modified_time":"2025-06-20T13:11:44+00:00","twitter_card":"summary_large_image","twitter_misc":{"Dur\u00e9e de lecture estim\u00e9e":"2 minutes"},"schema":{"@context":"https:\/\/schema.org","@graph":[{"@type":"WebPage","@id":"https:\/\/web.umons.ac.be\/fau\/fr\/loffre-de-formation\/reprise-detudes\/","url":"https:\/\/web.umons.ac.be\/fau\/fr\/loffre-de-formation\/reprise-detudes\/","name":"Reprise d'\u00e9tudes","isPartOf":{"@id":"https:\/\/web.umons.ac.be\/fau\/#website"},"datePublished":"2017-07-03T15:50:45+00:00","dateModified":"2025-06-20T13:11:44+00:00","description":"En reprise d'\u00e9tudes, la FA+U vous propose : Master de sp\u00e9cialisation, Certificats d\u2019universit\u00e9, Bi-cursus menant \u00e0 une double diplomation","breadcrumb":{"@id":"https:\/\/web.umons.ac.be\/fau\/fr\/loffre-de-formation\/reprise-detudes\/#breadcrumb"},"inLanguage":"fr-FR","potentialAction":[{"@type":"ReadAction","target":["https:\/\/web.umons.ac.be\/fau\/fr\/loffre-de-formation\/reprise-detudes\/"]}]},{"@type":"BreadcrumbList","@id":"https:\/\/web.umons.ac.be\/fau\/fr\/loffre-de-formation\/reprise-detudes\/#breadcrumb","itemListElement":[{"@type":"ListItem","position":1,"name":"Accueil","item":"https:\/\/web.umons.ac.be\/fau\/fr\/"},{"@type":"ListItem","position":2,"name":"L&rsquo;offre de formation","item":"https:\/\/web.umons.ac.be\/fau\/fr\/loffre-de-formation\/"},{"@type":"ListItem","position":3,"name":"Reprise d\u2019\u00e9tudes"}]},{"@type":"WebSite","@id":"https:\/\/web.umons.ac.be\/fau\/#website","url":"https:\/\/web.umons.ac.be\/fau\/","name":"Facult\u00e9 \/ FAU","description":"","potentialAction":[{"@type":"SearchAction","target":{"@type":"EntryPoint","urlTemplate":"https:\/\/web.umons.ac.be\/fau\/?s={search_term_string}"},"query-input":{"@type":"PropertyValueSpecification","valueRequired":true,"valueName":"search_term_string"}}],"inLanguage":"fr-FR"}]}},"lang":"fr","translations":{"fr":313,"en":516},"pll_sync_post":[],"_links":{"self":[{"href":"https:\/\/web.umons.ac.be\/fau\/wp-json\/wp\/v2\/pages\/313","targetHints":{"allow":["GET"]}}],"collection":[{"href":"https:\/\/web.umons.ac.be\/fau\/wp-json\/wp\/v2\/pages"}],"about":[{"href":"https:\/\/web.umons.ac.be\/fau\/wp-json\/wp\/v2\/types\/page"}],"author":[{"embeddable":true,"href":"https:\/\/web.umons.ac.be\/fau\/wp-json\/wp\/v2\/users\/2"}],"replies":[{"embeddable":true,"href":"https:\/\/web.umons.ac.be\/fau\/wp-json\/wp\/v2\/comments?post=313"}],"version-history":[{"count":4,"href":"https:\/\/web.umons.ac.be\/fau\/wp-json\/wp\/v2\/pages\/313\/revisions"}],"predecessor-version":[{"id":3497,"href":"https:\/\/web.umons.ac.be\/fau\/wp-json\/wp\/v2\/pages\/313\/revisions\/3497"}],"up":[{"embeddable":true,"href":"https:\/\/web.umons.ac.be\/fau\/wp-json\/wp\/v2\/pages\/435"}],"wp:attachment":[{"href":"https:\/\/web.umons.ac.be\/fau\/wp-json\/wp\/v2\/media?parent=313"}],"curies":[{"name":"wp","href":"https:\/\/api.w.org\/{rel}","templated":true}]}}