{"id":353,"date":"2017-07-12T14:48:15","date_gmt":"2017-07-12T12:48:15","guid":{"rendered":"https:\/\/web.umons.ac.be\/fau\/?page_id=353"},"modified":"2024-05-23T11:56:32","modified_gmt":"2024-05-23T09:56:32","slug":"international","status":"publish","type":"page","link":"https:\/\/web.umons.ac.be\/fau\/fr\/etudes\/international\/","title":{"rendered":"International"},"content":{"rendered":"<p><a href=\"https:\/\/web.umons.ac.be\/app\/uploads\/sites\/5\/2024\/05\/Faculte-Rue-Brisselot-1.png\"><img loading=\"lazy\" decoding=\"async\" class=\"wp-image-3119 size-medium alignright\" src=\"https:\/\/web.umons.ac.be\/app\/uploads\/sites\/5\/2024\/05\/Faculte-Rue-Brisselot-1-300x300.png\" alt=\"\" width=\"300\" height=\"300\" srcset=\"https:\/\/web.umons.ac.be\/app\/uploads\/sites\/5\/2024\/05\/Faculte-Rue-Brisselot-1-300x300.png 300w, https:\/\/web.umons.ac.be\/app\/uploads\/sites\/5\/2024\/05\/Faculte-Rue-Brisselot-1-1024x1024.png 1024w, https:\/\/web.umons.ac.be\/app\/uploads\/sites\/5\/2024\/05\/Faculte-Rue-Brisselot-1-150x150.png 150w, https:\/\/web.umons.ac.be\/app\/uploads\/sites\/5\/2024\/05\/Faculte-Rue-Brisselot-1-768x768.png 768w, https:\/\/web.umons.ac.be\/app\/uploads\/sites\/5\/2024\/05\/Faculte-Rue-Brisselot-1-1536x1536.png 1536w, https:\/\/web.umons.ac.be\/app\/uploads\/sites\/5\/2024\/05\/Faculte-Rue-Brisselot-1-660x660.png 660w, https:\/\/web.umons.ac.be\/app\/uploads\/sites\/5\/2024\/05\/Faculte-Rue-Brisselot-1-30x30.png 30w, https:\/\/web.umons.ac.be\/app\/uploads\/sites\/5\/2024\/05\/Faculte-Rue-Brisselot-1-80x80.png 80w, https:\/\/web.umons.ac.be\/app\/uploads\/sites\/5\/2024\/05\/Faculte-Rue-Brisselot-1-60x60.png 60w, https:\/\/web.umons.ac.be\/app\/uploads\/sites\/5\/2024\/05\/Faculte-Rue-Brisselot-1-360x360.png 360w, https:\/\/web.umons.ac.be\/app\/uploads\/sites\/5\/2024\/05\/Faculte-Rue-Brisselot-1-400x400.png 400w, https:\/\/web.umons.ac.be\/app\/uploads\/sites\/5\/2024\/05\/Faculte-Rue-Brisselot-1-200x200.png 200w, https:\/\/web.umons.ac.be\/app\/uploads\/sites\/5\/2024\/05\/Faculte-Rue-Brisselot-1.png 2000w\" sizes=\"auto, (max-width: 300px) 100vw, 300px\" \/><\/a>L\u2019enseignement de l\u2019architecture est vaste, complexe, nourri par nos cultures et par l\u2019\u00e9volution de nos soci\u00e9t\u00e9s. \u00c0 l\u2019heure des nombreux d\u00e9bats sur la mondialisation et l\u2019identit\u00e9 culturelle, la facult\u00e9 d\u2019Architecture et d\u2019Urbanisme encourage l\u2019ouverture sur le monde. Un <span style=\"color: #a2c301;\"><strong>r\u00e9seau international<\/strong> <\/span>en pleine expansion se tisse avec des partenaires internationaux par l\u2019action de workshops, s\u00e9minaires, colloques et conf\u00e9rences.<\/p>\n<p><span style=\"color: #a2c301;\"><strong>La mobilit\u00e9 des \u00e9tudiants<\/strong><\/span> s\u2019appuie sur un r\u00e9seau de nombreux <span style=\"color: #a2c301;\"><strong>partenaires universitaires en Europe et hors Europe.<\/strong><\/span> Les \u00e9tudiants peuvent r\u00e9aliser deux s\u00e9jours \u00e0 l\u2019\u00e9tranger au cours de leur cursus, un durant le premier cycle de Bachelier et l\u2019autre durant le deuxi\u00e8me cycle de Master. La dur\u00e9e de la mobilit\u00e9 est de 6 mois \u00e0 un an. La Facult\u00e9 d\u2019Architecture et d\u2019Urbanisme accueille \u00e9galement des \u00e9tudiants venus d\u2019Europe et des quatre coins du monde.<\/p>\n<p><span style=\"color: #a2c301;\"><strong>La mobilit\u00e9 des enseignants et chercheurs<\/strong><\/span> est au c\u0153ur du partage international des expertises, du d\u00e9veloppement de recherches multidisciplinaires, renfor\u00e7ant une relation active avec nos partenaires internationaux.<\/p>\n<p>L\u2019internationalisation de la Facult\u00e9 d\u2019Architecture et d\u2019Urbanisme est soutenue par l\u2019\u00e9quipe du Service des Relations Internationales et de son vice-Recteur.<\/p>\n","protected":false},"excerpt":{"rendered":"<p>L\u2019enseignement de l\u2019architecture est vaste, complexe, nourri par nos cultures et par l\u2019\u00e9volution de nos soci\u00e9t\u00e9s. \u00c0 l\u2019heure des nombreux d\u00e9bats sur la mondialisation et l\u2019identit\u00e9 culturelle, la facult\u00e9 d\u2019Architecture et d\u2019Urbanisme encourage l\u2019ouverture sur le monde. Un r\u00e9seau international en pleine expansion se tisse avec des partenaires internationaux par l\u2019action de workshops, s\u00e9minaires, colloques [&hellip;]<\/p>\n","protected":false},"author":2,"featured_media":3069,"parent":183,"menu_order":4,"comment_status":"closed","ping_status":"closed","template":"","meta":{"footnotes":""},"class_list":["post-353","page","type-page","status-publish","has-post-thumbnail","hentry"],"yoast_head":"<!-- This site is optimized with the Yoast SEO plugin v27.2 - https:\/\/yoast.com\/product\/yoast-seo-wordpress\/ -->\n<title>International \u00e0 la FA+U<\/title>\n<meta name=\"description\" content=\"\u00c0 l\u2019heure des nombreux d\u00e9bats sur la mondialisation et l\u2019identit\u00e9 culturelle, la facult\u00e9 d\u2019Architecture et d\u2019Urbanisme encourage l\u2019ouverture sur le monde.\" \/>\n<meta name=\"robots\" content=\"index, follow, max-snippet:-1, max-image-preview:large, max-video-preview:-1\" \/>\n<link rel=\"canonical\" href=\"https:\/\/web.umons.ac.be\/fau\/fr\/etudes\/international\/\" \/>\n<meta property=\"og:locale\" content=\"fr_FR\" \/>\n<meta property=\"og:type\" content=\"article\" \/>\n<meta property=\"og:title\" content=\"International \u00e0 la FA+U\" \/>\n<meta property=\"og:description\" content=\"\u00c0 l\u2019heure des nombreux d\u00e9bats sur la mondialisation et l\u2019identit\u00e9 culturelle, la facult\u00e9 d\u2019Architecture et d\u2019Urbanisme encourage l\u2019ouverture sur le monde.\" \/>\n<meta property=\"og:url\" content=\"https:\/\/web.umons.ac.be\/fau\/fr\/etudes\/international\/\" \/>\n<meta property=\"og:site_name\" content=\"Facult\u00e9 \/ FAU\" \/>\n<meta property=\"article:modified_time\" content=\"2024-05-23T09:56:32+00:00\" \/>\n<meta property=\"og:image\" content=\"https:\/\/web.umons.ac.be\/app\/uploads\/sites\/5\/2024\/05\/INTERNATIONAL1420pxX500px-1024x361.png\" \/>\n\t<meta property=\"og:image:width\" content=\"1024\" \/>\n\t<meta property=\"og:image:height\" content=\"361\" \/>\n\t<meta property=\"og:image:type\" content=\"image\/png\" \/>\n<meta name=\"twitter:card\" content=\"summary_large_image\" \/>\n<meta name=\"twitter:label1\" content=\"Dur\u00e9e de lecture estim\u00e9e\" \/>\n\t<meta name=\"twitter:data1\" content=\"2 minutes\" \/>\n<script type=\"application\/ld+json\" class=\"yoast-schema-graph\">{\"@context\":\"https:\/\/schema.org\",\"@graph\":[{\"@type\":\"WebPage\",\"@id\":\"https:\/\/web.umons.ac.be\/fau\/fr\/etudes\/international\/\",\"url\":\"https:\/\/web.umons.ac.be\/fau\/fr\/etudes\/international\/\",\"name\":\"International \u00e0 la FA+U\",\"isPartOf\":{\"@id\":\"https:\/\/web.umons.ac.be\/fau\/#website\"},\"primaryImageOfPage\":{\"@id\":\"https:\/\/web.umons.ac.be\/fau\/fr\/etudes\/international\/#primaryimage\"},\"image\":{\"@id\":\"https:\/\/web.umons.ac.be\/fau\/fr\/etudes\/international\/#primaryimage\"},\"thumbnailUrl\":\"https:\/\/web.umons.ac.be\/app\/uploads\/sites\/5\/2024\/05\/INTERNATIONAL1420pxX500px.png\",\"datePublished\":\"2017-07-12T12:48:15+00:00\",\"dateModified\":\"2024-05-23T09:56:32+00:00\",\"description\":\"\u00c0 l\u2019heure des nombreux d\u00e9bats sur la mondialisation et l\u2019identit\u00e9 culturelle, la facult\u00e9 d\u2019Architecture et d\u2019Urbanisme encourage l\u2019ouverture sur le monde.\",\"breadcrumb\":{\"@id\":\"https:\/\/web.umons.ac.be\/fau\/fr\/etudes\/international\/#breadcrumb\"},\"inLanguage\":\"fr-FR\",\"potentialAction\":[{\"@type\":\"ReadAction\",\"target\":[\"https:\/\/web.umons.ac.be\/fau\/fr\/etudes\/international\/\"]}]},{\"@type\":\"ImageObject\",\"inLanguage\":\"fr-FR\",\"@id\":\"https:\/\/web.umons.ac.be\/fau\/fr\/etudes\/international\/#primaryimage\",\"url\":\"https:\/\/web.umons.ac.be\/app\/uploads\/sites\/5\/2024\/05\/INTERNATIONAL1420pxX500px.png\",\"contentUrl\":\"https:\/\/web.umons.ac.be\/app\/uploads\/sites\/5\/2024\/05\/INTERNATIONAL1420pxX500px.png\",\"width\":2840,\"height\":1000},{\"@type\":\"BreadcrumbList\",\"@id\":\"https:\/\/web.umons.ac.be\/fau\/fr\/etudes\/international\/#breadcrumb\",\"itemListElement\":[{\"@type\":\"ListItem\",\"position\":1,\"name\":\"Accueil\",\"item\":\"https:\/\/web.umons.ac.be\/fau\/fr\/\"},{\"@type\":\"ListItem\",\"position\":2,\"name\":\"Etudes\",\"item\":\"https:\/\/web.umons.ac.be\/fau\/fr\/etudes\/\"},{\"@type\":\"ListItem\",\"position\":3,\"name\":\"International\"}]},{\"@type\":\"WebSite\",\"@id\":\"https:\/\/web.umons.ac.be\/fau\/#website\",\"url\":\"https:\/\/web.umons.ac.be\/fau\/\",\"name\":\"Facult\u00e9 \/ FAU\",\"description\":\"\",\"potentialAction\":[{\"@type\":\"SearchAction\",\"target\":{\"@type\":\"EntryPoint\",\"urlTemplate\":\"https:\/\/web.umons.ac.be\/fau\/?s={search_term_string}\"},\"query-input\":{\"@type\":\"PropertyValueSpecification\",\"valueRequired\":true,\"valueName\":\"search_term_string\"}}],\"inLanguage\":\"fr-FR\"}]}<\/script>\n<!-- \/ Yoast SEO plugin. -->","yoast_head_json":{"title":"International \u00e0 la FA+U","description":"\u00c0 l\u2019heure des nombreux d\u00e9bats sur la mondialisation et l\u2019identit\u00e9 culturelle, la facult\u00e9 d\u2019Architecture et d\u2019Urbanisme encourage l\u2019ouverture sur le monde.","robots":{"index":"index","follow":"follow","max-snippet":"max-snippet:-1","max-image-preview":"max-image-preview:large","max-video-preview":"max-video-preview:-1"},"canonical":"https:\/\/web.umons.ac.be\/fau\/fr\/etudes\/international\/","og_locale":"fr_FR","og_type":"article","og_title":"International \u00e0 la FA+U","og_description":"\u00c0 l\u2019heure des nombreux d\u00e9bats sur la mondialisation et l\u2019identit\u00e9 culturelle, la facult\u00e9 d\u2019Architecture et d\u2019Urbanisme encourage l\u2019ouverture sur le monde.","og_url":"https:\/\/web.umons.ac.be\/fau\/fr\/etudes\/international\/","og_site_name":"Facult\u00e9 \/ FAU","article_modified_time":"2024-05-23T09:56:32+00:00","og_image":[{"width":1024,"height":361,"url":"https:\/\/web.umons.ac.be\/app\/uploads\/sites\/5\/2024\/05\/INTERNATIONAL1420pxX500px-1024x361.png","type":"image\/png"}],"twitter_card":"summary_large_image","twitter_misc":{"Dur\u00e9e de lecture estim\u00e9e":"2 minutes"},"schema":{"@context":"https:\/\/schema.org","@graph":[{"@type":"WebPage","@id":"https:\/\/web.umons.ac.be\/fau\/fr\/etudes\/international\/","url":"https:\/\/web.umons.ac.be\/fau\/fr\/etudes\/international\/","name":"International \u00e0 la FA+U","isPartOf":{"@id":"https:\/\/web.umons.ac.be\/fau\/#website"},"primaryImageOfPage":{"@id":"https:\/\/web.umons.ac.be\/fau\/fr\/etudes\/international\/#primaryimage"},"image":{"@id":"https:\/\/web.umons.ac.be\/fau\/fr\/etudes\/international\/#primaryimage"},"thumbnailUrl":"https:\/\/web.umons.ac.be\/app\/uploads\/sites\/5\/2024\/05\/INTERNATIONAL1420pxX500px.png","datePublished":"2017-07-12T12:48:15+00:00","dateModified":"2024-05-23T09:56:32+00:00","description":"\u00c0 l\u2019heure des nombreux d\u00e9bats sur la mondialisation et l\u2019identit\u00e9 culturelle, la facult\u00e9 d\u2019Architecture et d\u2019Urbanisme encourage l\u2019ouverture sur le monde.","breadcrumb":{"@id":"https:\/\/web.umons.ac.be\/fau\/fr\/etudes\/international\/#breadcrumb"},"inLanguage":"fr-FR","potentialAction":[{"@type":"ReadAction","target":["https:\/\/web.umons.ac.be\/fau\/fr\/etudes\/international\/"]}]},{"@type":"ImageObject","inLanguage":"fr-FR","@id":"https:\/\/web.umons.ac.be\/fau\/fr\/etudes\/international\/#primaryimage","url":"https:\/\/web.umons.ac.be\/app\/uploads\/sites\/5\/2024\/05\/INTERNATIONAL1420pxX500px.png","contentUrl":"https:\/\/web.umons.ac.be\/app\/uploads\/sites\/5\/2024\/05\/INTERNATIONAL1420pxX500px.png","width":2840,"height":1000},{"@type":"BreadcrumbList","@id":"https:\/\/web.umons.ac.be\/fau\/fr\/etudes\/international\/#breadcrumb","itemListElement":[{"@type":"ListItem","position":1,"name":"Accueil","item":"https:\/\/web.umons.ac.be\/fau\/fr\/"},{"@type":"ListItem","position":2,"name":"Etudes","item":"https:\/\/web.umons.ac.be\/fau\/fr\/etudes\/"},{"@type":"ListItem","position":3,"name":"International"}]},{"@type":"WebSite","@id":"https:\/\/web.umons.ac.be\/fau\/#website","url":"https:\/\/web.umons.ac.be\/fau\/","name":"Facult\u00e9 \/ FAU","description":"","potentialAction":[{"@type":"SearchAction","target":{"@type":"EntryPoint","urlTemplate":"https:\/\/web.umons.ac.be\/fau\/?s={search_term_string}"},"query-input":{"@type":"PropertyValueSpecification","valueRequired":true,"valueName":"search_term_string"}}],"inLanguage":"fr-FR"}]}},"lang":"fr","translations":{"fr":353,"en":524},"pll_sync_post":[],"_links":{"self":[{"href":"https:\/\/web.umons.ac.be\/fau\/wp-json\/wp\/v2\/pages\/353","targetHints":{"allow":["GET"]}}],"collection":[{"href":"https:\/\/web.umons.ac.be\/fau\/wp-json\/wp\/v2\/pages"}],"about":[{"href":"https:\/\/web.umons.ac.be\/fau\/wp-json\/wp\/v2\/types\/page"}],"author":[{"embeddable":true,"href":"https:\/\/web.umons.ac.be\/fau\/wp-json\/wp\/v2\/users\/2"}],"replies":[{"embeddable":true,"href":"https:\/\/web.umons.ac.be\/fau\/wp-json\/wp\/v2\/comments?post=353"}],"version-history":[{"count":3,"href":"https:\/\/web.umons.ac.be\/fau\/wp-json\/wp\/v2\/pages\/353\/revisions"}],"predecessor-version":[{"id":3184,"href":"https:\/\/web.umons.ac.be\/fau\/wp-json\/wp\/v2\/pages\/353\/revisions\/3184"}],"up":[{"embeddable":true,"href":"https:\/\/web.umons.ac.be\/fau\/wp-json\/wp\/v2\/pages\/183"}],"wp:featuredmedia":[{"embeddable":true,"href":"https:\/\/web.umons.ac.be\/fau\/wp-json\/wp\/v2\/media\/3069"}],"wp:attachment":[{"href":"https:\/\/web.umons.ac.be\/fau\/wp-json\/wp\/v2\/media?parent=353"}],"curies":[{"name":"wp","href":"https:\/\/api.w.org\/{rel}","templated":true}]}}