{"id":362,"date":"2017-07-20T11:48:48","date_gmt":"2017-07-20T09:48:48","guid":{"rendered":"https:\/\/web.umons.ac.be\/fau\/?page_id=362"},"modified":"2026-02-10T12:13:39","modified_gmt":"2026-02-10T11:13:39","slug":"services-denseignement-et-de-recherche-et-de-recherche","status":"publish","type":"page","link":"https:\/\/web.umons.ac.be\/fau\/fr\/activites-de-recherche\/services-denseignement-et-de-recherche-et-de-recherche\/","title":{"rendered":"Services d&rsquo;enseignement et de recherche"},"content":{"rendered":"<h1>Services d&rsquo;enseignement et de recherche<\/h1>\n<p>Nos chercheurs ne sont pas que des enseignants : ils sont impliqu\u00e9s dans des recherches de pointe et participent activement \u00e0 de tr\u00e8s nombreuses collaborations internationales avec des \u00e9quipes d\u2019universit\u00e9s \u00e9trang\u00e8res ou au sein de grands centres de recherche internationaux, mais \u00e9galement avec des entreprises. En navigant sur les sites des services, vous vous rendez compte de la diversit\u00e9 et de l\u2019ampleur des recherches men\u00e9es au sein de notre Facult\u00e9.<\/p>\n","protected":false},"excerpt":{"rendered":"<p>Services d&rsquo;enseignement et de recherche Nos chercheurs ne sont pas que des enseignants : ils sont impliqu\u00e9s dans des recherches de pointe et participent activement \u00e0 de tr\u00e8s nombreuses collaborations internationales avec des \u00e9quipes d\u2019universit\u00e9s \u00e9trang\u00e8res ou au sein de grands centres de recherche internationaux, mais \u00e9galement avec des entreprises. En navigant sur les sites [&hellip;]<\/p>\n","protected":false},"author":2,"featured_media":0,"parent":214,"menu_order":1,"comment_status":"closed","ping_status":"closed","template":"page-templates\/archive-service.php","meta":{"footnotes":""},"class_list":["post-362","page","type-page","status-publish","hentry"],"yoast_head":"<!-- This site is optimized with the Yoast SEO plugin v27.2 - https:\/\/yoast.com\/product\/yoast-seo-wordpress\/ -->\n<title>Service d&#039;Enseignement et de Recherche<\/title>\n<meta name=\"description\" content=\"Nos chercheurs sont impliqu\u00e9s dans des recherches de pointe et participent \u00e0 de tr\u00e8s nombreuses collaborations internationales.\" \/>\n<meta name=\"robots\" content=\"index, follow, max-snippet:-1, max-image-preview:large, max-video-preview:-1\" \/>\n<link rel=\"canonical\" href=\"https:\/\/web.umons.ac.be\/fau\/fr\/activites-de-recherche\/services-denseignement-et-de-recherche-et-de-recherche\/\" \/>\n<meta property=\"og:locale\" content=\"fr_FR\" \/>\n<meta property=\"og:type\" content=\"article\" \/>\n<meta property=\"og:title\" content=\"Service d&#039;Enseignement et de Recherche\" \/>\n<meta property=\"og:description\" content=\"Nos chercheurs sont impliqu\u00e9s dans des recherches de pointe et participent \u00e0 de tr\u00e8s nombreuses collaborations internationales.\" \/>\n<meta property=\"og:url\" content=\"https:\/\/web.umons.ac.be\/fau\/fr\/activites-de-recherche\/services-denseignement-et-de-recherche-et-de-recherche\/\" \/>\n<meta property=\"og:site_name\" content=\"Facult\u00e9 \/ FAU\" \/>\n<meta property=\"article:modified_time\" content=\"2026-02-10T11:13:39+00:00\" \/>\n<meta name=\"twitter:card\" content=\"summary_large_image\" \/>\n<meta name=\"twitter:label1\" content=\"Dur\u00e9e de lecture estim\u00e9e\" \/>\n\t<meta name=\"twitter:data1\" content=\"1 minute\" \/>\n<script type=\"application\/ld+json\" class=\"yoast-schema-graph\">{\"@context\":\"https:\/\/schema.org\",\"@graph\":[{\"@type\":\"WebPage\",\"@id\":\"https:\/\/web.umons.ac.be\/fau\/fr\/activites-de-recherche\/services-denseignement-et-de-recherche-et-de-recherche\/\",\"url\":\"https:\/\/web.umons.ac.be\/fau\/fr\/activites-de-recherche\/services-denseignement-et-de-recherche-et-de-recherche\/\",\"name\":\"Service d'Enseignement et de Recherche\",\"isPartOf\":{\"@id\":\"https:\/\/web.umons.ac.be\/fau\/#website\"},\"datePublished\":\"2017-07-20T09:48:48+00:00\",\"dateModified\":\"2026-02-10T11:13:39+00:00\",\"description\":\"Nos chercheurs sont impliqu\u00e9s dans des recherches de pointe et participent \u00e0 de tr\u00e8s nombreuses collaborations internationales.\",\"breadcrumb\":{\"@id\":\"https:\/\/web.umons.ac.be\/fau\/fr\/activites-de-recherche\/services-denseignement-et-de-recherche-et-de-recherche\/#breadcrumb\"},\"inLanguage\":\"fr-FR\",\"potentialAction\":[{\"@type\":\"ReadAction\",\"target\":[\"https:\/\/web.umons.ac.be\/fau\/fr\/activites-de-recherche\/services-denseignement-et-de-recherche-et-de-recherche\/\"]}]},{\"@type\":\"BreadcrumbList\",\"@id\":\"https:\/\/web.umons.ac.be\/fau\/fr\/activites-de-recherche\/services-denseignement-et-de-recherche-et-de-recherche\/#breadcrumb\",\"itemListElement\":[{\"@type\":\"ListItem\",\"position\":1,\"name\":\"Accueil\",\"item\":\"https:\/\/web.umons.ac.be\/fau\/fr\/\"},{\"@type\":\"ListItem\",\"position\":2,\"name\":\"Activit\u00e9s d&rsquo;enseignement et de recherche\",\"item\":\"https:\/\/web.umons.ac.be\/fau\/fr\/activites-de-recherche\/\"},{\"@type\":\"ListItem\",\"position\":3,\"name\":\"Services d&rsquo;enseignement et de recherche\"}]},{\"@type\":\"WebSite\",\"@id\":\"https:\/\/web.umons.ac.be\/fau\/#website\",\"url\":\"https:\/\/web.umons.ac.be\/fau\/\",\"name\":\"Facult\u00e9 \/ FAU\",\"description\":\"\",\"potentialAction\":[{\"@type\":\"SearchAction\",\"target\":{\"@type\":\"EntryPoint\",\"urlTemplate\":\"https:\/\/web.umons.ac.be\/fau\/?s={search_term_string}\"},\"query-input\":{\"@type\":\"PropertyValueSpecification\",\"valueRequired\":true,\"valueName\":\"search_term_string\"}}],\"inLanguage\":\"fr-FR\"}]}<\/script>\n<!-- \/ Yoast SEO plugin. -->","yoast_head_json":{"title":"Service d'Enseignement et de Recherche","description":"Nos chercheurs sont impliqu\u00e9s dans des recherches de pointe et participent \u00e0 de tr\u00e8s nombreuses collaborations internationales.","robots":{"index":"index","follow":"follow","max-snippet":"max-snippet:-1","max-image-preview":"max-image-preview:large","max-video-preview":"max-video-preview:-1"},"canonical":"https:\/\/web.umons.ac.be\/fau\/fr\/activites-de-recherche\/services-denseignement-et-de-recherche-et-de-recherche\/","og_locale":"fr_FR","og_type":"article","og_title":"Service d'Enseignement et de Recherche","og_description":"Nos chercheurs sont impliqu\u00e9s dans des recherches de pointe et participent \u00e0 de tr\u00e8s nombreuses collaborations internationales.","og_url":"https:\/\/web.umons.ac.be\/fau\/fr\/activites-de-recherche\/services-denseignement-et-de-recherche-et-de-recherche\/","og_site_name":"Facult\u00e9 \/ FAU","article_modified_time":"2026-02-10T11:13:39+00:00","twitter_card":"summary_large_image","twitter_misc":{"Dur\u00e9e de lecture estim\u00e9e":"1 minute"},"schema":{"@context":"https:\/\/schema.org","@graph":[{"@type":"WebPage","@id":"https:\/\/web.umons.ac.be\/fau\/fr\/activites-de-recherche\/services-denseignement-et-de-recherche-et-de-recherche\/","url":"https:\/\/web.umons.ac.be\/fau\/fr\/activites-de-recherche\/services-denseignement-et-de-recherche-et-de-recherche\/","name":"Service d'Enseignement et de Recherche","isPartOf":{"@id":"https:\/\/web.umons.ac.be\/fau\/#website"},"datePublished":"2017-07-20T09:48:48+00:00","dateModified":"2026-02-10T11:13:39+00:00","description":"Nos chercheurs sont impliqu\u00e9s dans des recherches de pointe et participent \u00e0 de tr\u00e8s nombreuses collaborations internationales.","breadcrumb":{"@id":"https:\/\/web.umons.ac.be\/fau\/fr\/activites-de-recherche\/services-denseignement-et-de-recherche-et-de-recherche\/#breadcrumb"},"inLanguage":"fr-FR","potentialAction":[{"@type":"ReadAction","target":["https:\/\/web.umons.ac.be\/fau\/fr\/activites-de-recherche\/services-denseignement-et-de-recherche-et-de-recherche\/"]}]},{"@type":"BreadcrumbList","@id":"https:\/\/web.umons.ac.be\/fau\/fr\/activites-de-recherche\/services-denseignement-et-de-recherche-et-de-recherche\/#breadcrumb","itemListElement":[{"@type":"ListItem","position":1,"name":"Accueil","item":"https:\/\/web.umons.ac.be\/fau\/fr\/"},{"@type":"ListItem","position":2,"name":"Activit\u00e9s d&rsquo;enseignement et de recherche","item":"https:\/\/web.umons.ac.be\/fau\/fr\/activites-de-recherche\/"},{"@type":"ListItem","position":3,"name":"Services d&rsquo;enseignement et de recherche"}]},{"@type":"WebSite","@id":"https:\/\/web.umons.ac.be\/fau\/#website","url":"https:\/\/web.umons.ac.be\/fau\/","name":"Facult\u00e9 \/ FAU","description":"","potentialAction":[{"@type":"SearchAction","target":{"@type":"EntryPoint","urlTemplate":"https:\/\/web.umons.ac.be\/fau\/?s={search_term_string}"},"query-input":{"@type":"PropertyValueSpecification","valueRequired":true,"valueName":"search_term_string"}}],"inLanguage":"fr-FR"}]}},"lang":"fr","translations":{"fr":362,"en":628},"pll_sync_post":[],"_links":{"self":[{"href":"https:\/\/web.umons.ac.be\/fau\/wp-json\/wp\/v2\/pages\/362","targetHints":{"allow":["GET"]}}],"collection":[{"href":"https:\/\/web.umons.ac.be\/fau\/wp-json\/wp\/v2\/pages"}],"about":[{"href":"https:\/\/web.umons.ac.be\/fau\/wp-json\/wp\/v2\/types\/page"}],"author":[{"embeddable":true,"href":"https:\/\/web.umons.ac.be\/fau\/wp-json\/wp\/v2\/users\/2"}],"replies":[{"embeddable":true,"href":"https:\/\/web.umons.ac.be\/fau\/wp-json\/wp\/v2\/comments?post=362"}],"version-history":[{"count":4,"href":"https:\/\/web.umons.ac.be\/fau\/wp-json\/wp\/v2\/pages\/362\/revisions"}],"predecessor-version":[{"id":2876,"href":"https:\/\/web.umons.ac.be\/fau\/wp-json\/wp\/v2\/pages\/362\/revisions\/2876"}],"up":[{"embeddable":true,"href":"https:\/\/web.umons.ac.be\/fau\/wp-json\/wp\/v2\/pages\/214"}],"wp:attachment":[{"href":"https:\/\/web.umons.ac.be\/fau\/wp-json\/wp\/v2\/media?parent=362"}],"curies":[{"name":"wp","href":"https:\/\/api.w.org\/{rel}","templated":true}]}}