{"id":3646,"date":"2026-02-10T12:04:08","date_gmt":"2026-02-10T11:04:08","guid":{"rendered":"https:\/\/web.umons.ac.be\/fau\/?page_id=3646"},"modified":"2026-02-10T12:04:08","modified_gmt":"2026-02-10T11:04:08","slug":"projets-de-recherche","status":"publish","type":"page","link":"https:\/\/web.umons.ac.be\/fau\/fr\/projets-de-recherche\/","title":{"rendered":"Projets de Recherche"},"content":{"rendered":"<p>Il n\u2019y aura pas d\u2019avenir dans notre soci\u00e9t\u00e9 sans une recherche de qualit\u00e9 assurant l\u2019\u00e9mergence de nouveaux projets capables de relever les d\u00e9fis soci\u00e9taux, environnementaux et \u00e9conomiques auxquels elle est confront\u00e9e.<\/p>\n<p>Si, de tout temps, le principal objectif de la science a \u00e9t\u00e9 d\u2019\u00e9tendre les limites du savoir, aujourd\u2019hui, cet objectif est devenu indissociable d\u2019enjeux strat\u00e9giques et plan\u00e9taires. La soci\u00e9t\u00e9 a besoin de la recherche pour am\u00e9liorer la qualit\u00e9 de vie ou pour permettre \u00e0 nos \u00e9conomies de rester comp\u00e9titives. Elle en a besoin pour att\u00e9nuer les menaces qui p\u00e8sent sur l\u2019environnement.<\/p>\n<p>La recherche peut prendre diverses formes, allant d\u2019une recherche fondamentale capable d\u2019anticiper les changements futurs dans une multitude de disciplines, \u00e0 une recherche appliqu\u00e9e et orient\u00e9e r\u00e9pondant \u00e0 des besoins pr\u00e9cis \u00e9manant des entreprises ou de la soci\u00e9t\u00e9, en passant par une recherche active dans le domaine des sciences humaines et sociales pour \u00e9clairer les d\u00e9fis et les choix de soci\u00e9t\u00e9, et pour d\u00e9velopper les approches interdisciplinaires indispensables \u00e0 la compr\u00e9hension d\u2019un monde toujours plus complexe.<\/p>\n","protected":false},"excerpt":{"rendered":"<p>Il n\u2019y aura pas d\u2019avenir dans notre soci\u00e9t\u00e9 sans une recherche de qualit\u00e9 assurant l\u2019\u00e9mergence de nouveaux projets capables de relever les d\u00e9fis soci\u00e9taux, environnementaux et \u00e9conomiques auxquels elle est confront\u00e9e. Si, de tout temps, le principal objectif de la science a \u00e9t\u00e9 d\u2019\u00e9tendre les limites du savoir, aujourd\u2019hui, cet objectif est devenu indissociable d\u2019enjeux [&hellip;]<\/p>\n","protected":false},"author":3,"featured_media":0,"parent":0,"menu_order":0,"comment_status":"closed","ping_status":"closed","template":"","meta":{"footnotes":""},"class_list":["post-3646","page","type-page","status-publish","hentry"],"yoast_head":"<!-- This site is optimized with the Yoast SEO plugin v27.2 - https:\/\/yoast.com\/product\/yoast-seo-wordpress\/ -->\n<title>Projets de Recherche - Facult\u00e9 \/ FAU<\/title>\n<meta name=\"robots\" content=\"index, follow, max-snippet:-1, max-image-preview:large, max-video-preview:-1\" \/>\n<link rel=\"canonical\" href=\"https:\/\/web.umons.ac.be\/fau\/fr\/projets-de-recherche\/\" \/>\n<meta property=\"og:locale\" content=\"fr_FR\" \/>\n<meta property=\"og:type\" content=\"article\" \/>\n<meta property=\"og:title\" content=\"Projets de Recherche - Facult\u00e9 \/ FAU\" \/>\n<meta property=\"og:description\" content=\"Il n\u2019y aura pas d\u2019avenir dans notre soci\u00e9t\u00e9 sans une recherche de qualit\u00e9 assurant l\u2019\u00e9mergence de nouveaux projets capables de relever les d\u00e9fis soci\u00e9taux, environnementaux et \u00e9conomiques auxquels elle est confront\u00e9e. Si, de tout temps, le principal objectif de la science a \u00e9t\u00e9 d\u2019\u00e9tendre les limites du savoir, aujourd\u2019hui, cet objectif est devenu indissociable d\u2019enjeux [&hellip;]\" \/>\n<meta property=\"og:url\" content=\"https:\/\/web.umons.ac.be\/fau\/fr\/projets-de-recherche\/\" \/>\n<meta property=\"og:site_name\" content=\"Facult\u00e9 \/ FAU\" \/>\n<meta name=\"twitter:card\" content=\"summary_large_image\" \/>\n<meta name=\"twitter:label1\" content=\"Dur\u00e9e de lecture estim\u00e9e\" \/>\n\t<meta name=\"twitter:data1\" content=\"1 minute\" \/>\n<script type=\"application\/ld+json\" class=\"yoast-schema-graph\">{\"@context\":\"https:\/\/schema.org\",\"@graph\":[{\"@type\":\"WebPage\",\"@id\":\"https:\/\/web.umons.ac.be\/fau\/fr\/projets-de-recherche\/\",\"url\":\"https:\/\/web.umons.ac.be\/fau\/fr\/projets-de-recherche\/\",\"name\":\"Projets de Recherche - Facult\u00e9 \/ FAU\",\"isPartOf\":{\"@id\":\"https:\/\/web.umons.ac.be\/fau\/#website\"},\"datePublished\":\"2026-02-10T11:04:08+00:00\",\"breadcrumb\":{\"@id\":\"https:\/\/web.umons.ac.be\/fau\/fr\/projets-de-recherche\/#breadcrumb\"},\"inLanguage\":\"fr-FR\",\"potentialAction\":[{\"@type\":\"ReadAction\",\"target\":[\"https:\/\/web.umons.ac.be\/fau\/fr\/projets-de-recherche\/\"]}]},{\"@type\":\"BreadcrumbList\",\"@id\":\"https:\/\/web.umons.ac.be\/fau\/fr\/projets-de-recherche\/#breadcrumb\",\"itemListElement\":[{\"@type\":\"ListItem\",\"position\":1,\"name\":\"Accueil\",\"item\":\"https:\/\/web.umons.ac.be\/fau\/fr\/\"},{\"@type\":\"ListItem\",\"position\":2,\"name\":\"Projets de Recherche\"}]},{\"@type\":\"WebSite\",\"@id\":\"https:\/\/web.umons.ac.be\/fau\/#website\",\"url\":\"https:\/\/web.umons.ac.be\/fau\/\",\"name\":\"Facult\u00e9 \/ FAU\",\"description\":\"\",\"potentialAction\":[{\"@type\":\"SearchAction\",\"target\":{\"@type\":\"EntryPoint\",\"urlTemplate\":\"https:\/\/web.umons.ac.be\/fau\/?s={search_term_string}\"},\"query-input\":{\"@type\":\"PropertyValueSpecification\",\"valueRequired\":true,\"valueName\":\"search_term_string\"}}],\"inLanguage\":\"fr-FR\"}]}<\/script>\n<!-- \/ Yoast SEO plugin. -->","yoast_head_json":{"title":"Projets de Recherche - Facult\u00e9 \/ FAU","robots":{"index":"index","follow":"follow","max-snippet":"max-snippet:-1","max-image-preview":"max-image-preview:large","max-video-preview":"max-video-preview:-1"},"canonical":"https:\/\/web.umons.ac.be\/fau\/fr\/projets-de-recherche\/","og_locale":"fr_FR","og_type":"article","og_title":"Projets de Recherche - Facult\u00e9 \/ FAU","og_description":"Il n\u2019y aura pas d\u2019avenir dans notre soci\u00e9t\u00e9 sans une recherche de qualit\u00e9 assurant l\u2019\u00e9mergence de nouveaux projets capables de relever les d\u00e9fis soci\u00e9taux, environnementaux et \u00e9conomiques auxquels elle est confront\u00e9e. Si, de tout temps, le principal objectif de la science a \u00e9t\u00e9 d\u2019\u00e9tendre les limites du savoir, aujourd\u2019hui, cet objectif est devenu indissociable d\u2019enjeux [&hellip;]","og_url":"https:\/\/web.umons.ac.be\/fau\/fr\/projets-de-recherche\/","og_site_name":"Facult\u00e9 \/ FAU","twitter_card":"summary_large_image","twitter_misc":{"Dur\u00e9e de lecture estim\u00e9e":"1 minute"},"schema":{"@context":"https:\/\/schema.org","@graph":[{"@type":"WebPage","@id":"https:\/\/web.umons.ac.be\/fau\/fr\/projets-de-recherche\/","url":"https:\/\/web.umons.ac.be\/fau\/fr\/projets-de-recherche\/","name":"Projets de Recherche - Facult\u00e9 \/ FAU","isPartOf":{"@id":"https:\/\/web.umons.ac.be\/fau\/#website"},"datePublished":"2026-02-10T11:04:08+00:00","breadcrumb":{"@id":"https:\/\/web.umons.ac.be\/fau\/fr\/projets-de-recherche\/#breadcrumb"},"inLanguage":"fr-FR","potentialAction":[{"@type":"ReadAction","target":["https:\/\/web.umons.ac.be\/fau\/fr\/projets-de-recherche\/"]}]},{"@type":"BreadcrumbList","@id":"https:\/\/web.umons.ac.be\/fau\/fr\/projets-de-recherche\/#breadcrumb","itemListElement":[{"@type":"ListItem","position":1,"name":"Accueil","item":"https:\/\/web.umons.ac.be\/fau\/fr\/"},{"@type":"ListItem","position":2,"name":"Projets de Recherche"}]},{"@type":"WebSite","@id":"https:\/\/web.umons.ac.be\/fau\/#website","url":"https:\/\/web.umons.ac.be\/fau\/","name":"Facult\u00e9 \/ FAU","description":"","potentialAction":[{"@type":"SearchAction","target":{"@type":"EntryPoint","urlTemplate":"https:\/\/web.umons.ac.be\/fau\/?s={search_term_string}"},"query-input":{"@type":"PropertyValueSpecification","valueRequired":true,"valueName":"search_term_string"}}],"inLanguage":"fr-FR"}]}},"lang":"fr","translations":{"fr":3646},"pll_sync_post":[],"_links":{"self":[{"href":"https:\/\/web.umons.ac.be\/fau\/wp-json\/wp\/v2\/pages\/3646","targetHints":{"allow":["GET"]}}],"collection":[{"href":"https:\/\/web.umons.ac.be\/fau\/wp-json\/wp\/v2\/pages"}],"about":[{"href":"https:\/\/web.umons.ac.be\/fau\/wp-json\/wp\/v2\/types\/page"}],"author":[{"embeddable":true,"href":"https:\/\/web.umons.ac.be\/fau\/wp-json\/wp\/v2\/users\/3"}],"replies":[{"embeddable":true,"href":"https:\/\/web.umons.ac.be\/fau\/wp-json\/wp\/v2\/comments?post=3646"}],"version-history":[{"count":1,"href":"https:\/\/web.umons.ac.be\/fau\/wp-json\/wp\/v2\/pages\/3646\/revisions"}],"predecessor-version":[{"id":3647,"href":"https:\/\/web.umons.ac.be\/fau\/wp-json\/wp\/v2\/pages\/3646\/revisions\/3647"}],"wp:attachment":[{"href":"https:\/\/web.umons.ac.be\/fau\/wp-json\/wp\/v2\/media?parent=3646"}],"curies":[{"name":"wp","href":"https:\/\/api.w.org\/{rel}","templated":true}]}}