{"id":3687,"date":"2026-03-02T14:10:58","date_gmt":"2026-03-02T13:10:58","guid":{"rendered":"https:\/\/web.umons.ac.be\/fau\/?page_id=3687"},"modified":"2026-03-02T15:08:17","modified_gmt":"2026-03-02T14:08:17","slug":"appui-pedagogique","status":"publish","type":"page","link":"https:\/\/web.umons.ac.be\/fau\/fr\/appui-pedagogique\/","title":{"rendered":"Appui p\u00e9dagogique"},"content":{"rendered":"<p>La transition entre l&rsquo;enseignement secondaire et l&rsquo;enseignement sup\u00e9rieur constitue une \u00e9tape importante dans la vie des \u00e9tudiants.\u00a0 Nos <span style=\"color: #a2c301;\"><strong>adjointes p\u00e9dagogiques<\/strong> <\/span>de la cellule de p\u00e9dagogie facultaire sont \u00e0 disposition des \u00e9tudiants d\u00e8s leur entr\u00e9e en bachelier et tout au long de leur parcours.<\/p>\n<p>En appui p\u00e9dagogique \u00e0 la FA+U, afin de contacter vos interlocutrices privil\u00e9gi\u00e9es, une seule adresse :\u00a0 <a style=\"font-family: 'Helvetica Neue', Helvetica, Arial, sans-serif; font-size: 14px; font-style: normal; font-variant-ligatures: normal; font-variant-caps: normal; color: #de3369;\" href=\"mailto:aidepedagogique.fau@umons.ac.be\"><span style=\"font-weight: bold; font-size: 14px;\">aidepedagogique.fau@umons.ac.be<\/span><\/a><\/p>\n<p><strong>Adjointes p\u00e9dagogiques :\u00a0<\/strong><\/p>\n<ul>\n<li><strong>Mathilde DAUMAS<\/strong><\/li>\n<li><strong>Vinca DECAUSEMAECKRE\u00a0<\/strong><\/li>\n<\/ul>\n<p>La FA+U met \u00e9galement \u00e0 disposition des \u00e9tudiants diff\u00e9rents outils d\u2019<a href=\"https:\/\/web.umons.ac.be\/fau\/fr\/etudes\/aides-reussite\/\">aides \u00e0 la r\u00e9ussite<\/a>\u00a0 et ce, en compl\u00e9ment de<span style=\"font-family: 'Helvetica Neue', Helvetica, Arial, sans-serif; font-size: 14px; font-style: normal; font-variant-ligatures: normal; font-variant-caps: normal; font-weight: 400;\">s <a href=\"https:\/\/web.umons.ac.be\/fr\/enseignement\/des-outils-et-des-ressources-a-disposition-de-lenseignement\/aides-a-la-reussite\/\">Services g\u00e9n\u00e9raux d&rsquo;accompagnement de l&rsquo;UMONS<\/a> pr\u00e9sents pour guider et aider nos futurs \u00e9tudiants dans leur nouvelle vie universitaire.<\/span><\/p>\n<start-cask-shortcode-wrapper>    <div class=\"accordion content-block scheme-fau\">\n                <div class=\"accordion-inner\">\n            <div class=\"accordion-bellow\">\n                <button class=\"accordion-bellow-toggle scheme-background-hover\" data-target=\"#accordion-content-69a0392aed5d6\">\n                    <span class=\"icon umons-icon-chevron-down\" aria-hidden=\"true\"><\/span> Les Services g\u00e9n\u00e9raux d'accompagnement                <\/button>\n            <\/div>\n            <div id=\"accordion-content-69a0392aed5d6\" class=\"accordion-content\">\n            \t<div class=\"inner editor-front\">\n            \t\t<p><a style=\"margin-top: 0px; font-style: normal; font-variant-ligatures: normal; font-variant-caps: normal; font-family: 'Helvetica Neue', Helvetica, Arial, sans-serif; font-size: 14px; color: #de3369;\" href=\"https:\/\/web.umons.ac.be\/app\/uploads\/sites\/5\/2024\/02\/AOE.png\"><img loading=\"lazy\" decoding=\"async\" class=\"wp-image-2841 alignright\" style=\"font-size: 14px;\" src=\"https:\/\/web.umons.ac.be\/app\/uploads\/sites\/5\/2024\/02\/AOE-300x168.png\" alt=\"\" width=\"243\" height=\"136\" srcset=\"https:\/\/web.umons.ac.be\/app\/uploads\/sites\/5\/2024\/02\/AOE-300x168.png 300w, https:\/\/web.umons.ac.be\/app\/uploads\/sites\/5\/2024\/02\/AOE-1024x573.png 1024w, https:\/\/web.umons.ac.be\/app\/uploads\/sites\/5\/2024\/02\/AOE-768x430.png 768w, https:\/\/web.umons.ac.be\/app\/uploads\/sites\/5\/2024\/02\/AOE-1536x860.png 1536w, https:\/\/web.umons.ac.be\/app\/uploads\/sites\/5\/2024\/02\/AOE-1179x660.png 1179w, https:\/\/web.umons.ac.be\/app\/uploads\/sites\/5\/2024\/02\/AOE-30x17.png 30w, https:\/\/web.umons.ac.be\/app\/uploads\/sites\/5\/2024\/02\/AOE-60x34.png 60w, https:\/\/web.umons.ac.be\/app\/uploads\/sites\/5\/2024\/02\/AOE-360x202.png 360w, https:\/\/web.umons.ac.be\/app\/uploads\/sites\/5\/2024\/02\/AOE.png 1570w\" sizes=\"auto, (max-width: 243px) 100vw, 243px\" \/><\/a>Le\u00a0<a href=\"https:\/\/web.umons.ac.be\/fr\/enseignement\/accompagnement-et-orientation-etudiants\/\">Service Accompagnement et Orientation Etudiants<\/a>\u00a0r\u00e9pond aux questions que peut se poser l\u2019\u00e9tudiant en mati\u00e8re\u00a0programme, les possibilit\u00e9s d\u2019obtenir des valorisations, sur les d\u00e9marches administratives, sur les aides \u00e0 la reprise d\u2019\u00e9tudes (all\u00e8gement, cong\u00e9 \u00e9ducation, \u2026).\u00a0Il propose un accompagnement individualis\u00e9 en mati\u00e8re d\u2019orientation et de r\u00e9orientation, des informations sur les possibilit\u00e9s de remise \u00e0 niveau, d\u2019adaptation au monde universitaire, \u2026Il r\u00e9pond \u00e0 toutes tes questions relatives aux \u00e9tudes, \u00e0 leur organisation et aux proc\u00e9dures acad\u00e9miques.\u00a0Il peux \u00e9galement accompagner l\u2019\u00e9tudiant dans les d\u00e9marches acad\u00e9miques et\/ou administratives.<\/p>\n<p><a href=\"https:\/\/web.umons.ac.be\/app\/uploads\/sites\/5\/2024\/03\/SAP.png\"><img loading=\"lazy\" decoding=\"async\" class=\"alignright wp-image-2852 \" src=\"https:\/\/web.umons.ac.be\/app\/uploads\/sites\/5\/2024\/03\/SAP-e1709304415119-300x189.png\" alt=\"\" width=\"249\" height=\"157\" srcset=\"https:\/\/web.umons.ac.be\/app\/uploads\/sites\/5\/2024\/03\/SAP-e1709304415119-300x189.png 300w, https:\/\/web.umons.ac.be\/app\/uploads\/sites\/5\/2024\/03\/SAP-e1709304415119-1024x645.png 1024w, https:\/\/web.umons.ac.be\/app\/uploads\/sites\/5\/2024\/03\/SAP-e1709304415119-768x483.png 768w, https:\/\/web.umons.ac.be\/app\/uploads\/sites\/5\/2024\/03\/SAP-e1709304415119-1049x660.png 1049w, https:\/\/web.umons.ac.be\/app\/uploads\/sites\/5\/2024\/03\/SAP-e1709304415119-30x19.png 30w, https:\/\/web.umons.ac.be\/app\/uploads\/sites\/5\/2024\/03\/SAP-e1709304415119-60x38.png 60w, https:\/\/web.umons.ac.be\/app\/uploads\/sites\/5\/2024\/03\/SAP-e1709304415119-360x227.png 360w, https:\/\/web.umons.ac.be\/app\/uploads\/sites\/5\/2024\/03\/SAP-e1709304415119.png 1136w\" sizes=\"auto, (max-width: 249px) 100vw, 249px\" \/><\/a>Le\u00a0<a href=\"https:\/\/web.umons.ac.be\/fr\/universite\/lumons-en-bref\/structure-de-luniversite\/administration\/direction-affaires-academiques-daa\/\">Service d\u2019Appui P\u00e9dagogique<\/a> propose des ressources\u00a0 \u00e0 destination des \u00e9tudiants afin de les accompagner et de les guider dans leur cheminement individuel. Il collabore avec les adjoints p\u00e9dagogiques des facult\u00e9s pour proposer des activit\u00e9s collectives de m\u00e9thodes de travail, prise de notes, simulation d\u2019examens, gestion du temps, pr\u00e9paration du blocus, \u2026Le SAP propose un cours en ligne de \u00a0\u00bb Strat\u00e9gies d&rsquo;apprentissage \u00ab\u00a0.\u00a0Ce cours en ligne a pour objectifs de vous accompagner \u00e0 :<\/p>\n<ul>\n<li>Appr\u00e9hender votre environnement de travail<\/li>\n<li>Trouver les bons interlocuteurs<\/li>\n<li>Vous former \u00e0 la m\u00e9thodologie du travail universitaire<\/li>\n<li>D\u00e9velopper des comp\u00e9tences transversales<\/li>\n<\/ul>\n<p><a href=\"https:\/\/web.umons.ac.be\/app\/uploads\/sites\/5\/2024\/02\/Un-aide-pour-qui.png\"><img loading=\"lazy\" decoding=\"async\" class=\"wp-image-2843 alignleft\" src=\"https:\/\/web.umons.ac.be\/app\/uploads\/sites\/5\/2024\/02\/Un-aide-pour-qui.png\" sizes=\"auto, (max-width: 360px) 100vw, 360px\" srcset=\"https:\/\/web.umons.ac.be\/app\/uploads\/sites\/5\/2024\/02\/Un-aide-pour-qui.png 1001w, https:\/\/web.umons.ac.be\/app\/uploads\/sites\/5\/2024\/02\/Un-aide-pour-qui-300x212.png 300w, https:\/\/web.umons.ac.be\/app\/uploads\/sites\/5\/2024\/02\/Un-aide-pour-qui-768x542.png 768w, https:\/\/web.umons.ac.be\/app\/uploads\/sites\/5\/2024\/02\/Un-aide-pour-qui-934x660.png 934w, https:\/\/web.umons.ac.be\/app\/uploads\/sites\/5\/2024\/02\/Un-aide-pour-qui-30x21.png 30w, https:\/\/web.umons.ac.be\/app\/uploads\/sites\/5\/2024\/02\/Un-aide-pour-qui-60x42.png 60w, https:\/\/web.umons.ac.be\/app\/uploads\/sites\/5\/2024\/02\/Un-aide-pour-qui-360x254.png 360w\" alt=\"\" width=\"360\" height=\"254\" \/><\/a><\/p>\n<p>L\u2019ASBL <a href=\"https:\/\/web.umons.ac.be\/lescedres\/\">Les C\u00e8dres<\/a> est le service d\u2019accueil et d\u2019accompagnement de l\u2019UMONS pour les \u00e9tudiants reconnus en situation de handicap avec des besoins sp\u00e9cifiques. L\u2019\u00e9tudiant \u00e0 besoins sp\u00e9cifiques pourra alors b\u00e9n\u00e9ficier d\u2019une aide p\u00e9dagogique individualis\u00e9e et d\u2019am\u00e9nagements raisonnables adapt\u00e9s \u00e0 la nature du handicap. Pour ce faire, il doit introduire sa demande aupr\u00e8s des C\u00e8dres d\u00e8s que possible et au plus tard le 15 novembre pour le premier quadrimestre ou le 15 mars pour le second quadrimestre de l\u2019ann\u00e9e acad\u00e9mique en cours. Le service dispose \u00e9galement d\u2019une interpr\u00e8te en langue des signes francophone belge (LSFB) et d\u2019une coordinatrice p\u00e9dagogique poss\u00e9dant l\u2019UE 12 en LSFB.<\/p>\n            \t<\/div>\n            <\/div>\n        <\/div>\n                <div class=\"accordion-inner\">\n            <div class=\"accordion-bellow\">\n                <button class=\"accordion-bellow-toggle scheme-background-hover\" data-target=\"#accordion-content-69a0392af0242\">\n                    <span class=\"icon umons-icon-chevron-down\" aria-hidden=\"true\"><\/span> U-HELP                <\/button>\n            <\/div>\n            <div id=\"accordion-content-69a0392af0242\" class=\"accordion-content\">\n            \t<div class=\"inner editor-front\">\n            \t\t<p><a href=\"https:\/\/web.umons.ac.be\/fr\/vie-campus\/le-service-social\/\">U-HELP<\/a> se tient \u00e0 la disposition des \u00e9tudiants et de leur famille pour r\u00e9pondre \u00e0 toutes questions concernant l\u2019adaptation \u00e0 la vie universitaire.<\/p>\n<p><strong>Il propose des informations individualis\u00e9es sur :<\/strong><\/p>\n<ul>\n<li>Le co\u00fbt d\u2019une ann\u00e9e d\u2019\u00e9tudes<\/li>\n<li>Les allocations d\u2019\u00e9tudes octroy\u00e9es par la F\u00e9d\u00e9ration Wallonie-Bruxelles<\/li>\n<li>Les possibilit\u00e9s de r\u00e9duction des droits d\u2019inscription<\/li>\n<li>Les aides\u00a0 financi\u00e8res qu\u2019il octroie<\/li>\n<li>Les organismes auxquels vous pouvez faire appel (CPAS,\u2026)<\/li>\n<li>Les aides au logement<\/li>\n<li>L\u2019obtention des supports de cours obligatoires gratuits<\/li>\n<\/ul>\n<p><strong>Il propose des interventions financi\u00e8res\u00a0\u00e0 l\u2019\u00e9tudiant, selon certains crit\u00e8res et apr\u00e8s analyse du dossier :<\/strong><\/p>\n<ul>\n<li>Un pr\u00eat (sans int\u00e9r\u00eat)\u00a0 afin de permettre d\u2019\u00e9chelonner le paiement de ses droits d\u2019inscription<\/li>\n<li>Un pr\u00eat s\u2019il b\u00e9n\u00e9ficie d\u2019une allocation d\u2019\u00e9tudes de la F\u00e9d\u00e9ration Wallonie-Bruxelles<\/li>\n<li>Une allocation (non remboursable) pour les d\u00e9penses li\u00e9es aux \u00e9tudes compte tenu de sa situation \u00e9conomique, sociale, familiale et acad\u00e9mique<\/li>\n<li>Une aide au logement<\/li>\n<li>Une aide informatique<\/li>\n<li>Une aide aux d\u00e9placements<\/li>\n<li>Une aide dans le cadre de la mobilit\u00e9 \u00e9tudiante<\/li>\n<li>Une aide alimentaire<\/li>\n<\/ul>\n            \t<\/div>\n            <\/div>\n        <\/div>\n                <div class=\"accordion-inner\">\n            <div class=\"accordion-bellow\">\n                <button class=\"accordion-bellow-toggle scheme-background-hover\" data-target=\"#accordion-content-69a0392af0549\">\n                    <span class=\"icon umons-icon-chevron-down\" aria-hidden=\"true\"><\/span> U-PSY                <\/button>\n            <\/div>\n            <div id=\"accordion-content-69a0392af0549\" class=\"accordion-content\">\n            \t<div class=\"inner editor-front\">\n            \t\t<p>Le service UPSY propose sur rendez-vous et ce, gratuitement, des entretiens psychologiques &#8211; en fran\u00e7ais ou en anglais &#8211; aux \u00e9tudiants de l&rsquo;UMONS.\u00a0Ce service mets \u00e9galement \u00e0 disposition de la communaut\u00e9 \u00e9tudiante des cours de sophrologie, une permanence du planning familial, des ateliers dont les th\u00e9matiques sont centr\u00e9es sur le bien-\u00eatre \u00e9tudiant etc..<\/p>\n<h5>R\u00e9seaux sociaux<\/h5>\n<p><a href=\"https:\/\/www.instagram.com\/u_psy_u_mons\/\" target=\"_blank\" rel=\"noopener\"><img loading=\"lazy\" decoding=\"async\" class=\"wp-image-2037 alignleft\" src=\"https:\/\/web.umons.ac.be\/app\/uploads\/sites\/5\/2022\/01\/instagram.png\" alt=\"\" width=\"50\" height=\"50\" srcset=\"https:\/\/web.umons.ac.be\/app\/uploads\/sites\/5\/2022\/01\/instagram.png 256w, https:\/\/web.umons.ac.be\/app\/uploads\/sites\/5\/2022\/01\/instagram-150x150.png 150w, https:\/\/web.umons.ac.be\/app\/uploads\/sites\/5\/2022\/01\/instagram-30x30.png 30w, https:\/\/web.umons.ac.be\/app\/uploads\/sites\/5\/2022\/01\/instagram-80x80.png 80w, https:\/\/web.umons.ac.be\/app\/uploads\/sites\/5\/2022\/01\/instagram-60x60.png 60w, https:\/\/web.umons.ac.be\/app\/uploads\/sites\/5\/2022\/01\/instagram-200x200.png 200w\" sizes=\"auto, (max-width: 50px) 100vw, 50px\" \/><\/a><a href=\"https:\/\/www.facebook.com\/profile.php?id=100076289107871\" target=\"_blank\" rel=\"noopener\"><img loading=\"lazy\" decoding=\"async\" class=\"wp-image-2036 alignleft\" src=\"https:\/\/web.umons.ac.be\/app\/uploads\/sites\/5\/2022\/01\/facebook.png\" alt=\"\" width=\"50\" height=\"50\" srcset=\"https:\/\/web.umons.ac.be\/app\/uploads\/sites\/5\/2022\/01\/facebook.png 256w, https:\/\/web.umons.ac.be\/app\/uploads\/sites\/5\/2022\/01\/facebook-150x150.png 150w, https:\/\/web.umons.ac.be\/app\/uploads\/sites\/5\/2022\/01\/facebook-30x30.png 30w, https:\/\/web.umons.ac.be\/app\/uploads\/sites\/5\/2022\/01\/facebook-80x80.png 80w, https:\/\/web.umons.ac.be\/app\/uploads\/sites\/5\/2022\/01\/facebook-60x60.png 60w, https:\/\/web.umons.ac.be\/app\/uploads\/sites\/5\/2022\/01\/facebook-200x200.png 200w\" sizes=\"auto, (max-width: 50px) 100vw, 50px\" \/><\/a><\/p>\n            \t<\/div>\n            <\/div>\n        <\/div>\n            <\/div>\n<end-cask-shortcode-wrapper>\n","protected":false},"excerpt":{"rendered":"<p>La transition entre l&rsquo;enseignement secondaire et l&rsquo;enseignement sup\u00e9rieur constitue une \u00e9tape importante dans la vie des \u00e9tudiants.\u00a0 Nos adjointes p\u00e9dagogiques de la cellule de p\u00e9dagogie facultaire sont \u00e0 disposition des \u00e9tudiants d\u00e8s leur entr\u00e9e en bachelier et tout au long de leur parcours. En appui p\u00e9dagogique \u00e0 la FA+U, afin de contacter vos interlocutrices privil\u00e9gi\u00e9es, [&hellip;]<\/p>\n","protected":false},"author":3,"featured_media":0,"parent":0,"menu_order":0,"comment_status":"closed","ping_status":"closed","template":"","meta":{"footnotes":""},"class_list":["post-3687","page","type-page","status-publish","hentry"],"yoast_head":"<!-- This site is optimized with the Yoast SEO plugin v27.2 - https:\/\/yoast.com\/product\/yoast-seo-wordpress\/ -->\n<title>Appui p\u00e9dagogique<\/title>\n<meta name=\"description\" content=\"Nos adjointes p\u00e9dagogiques de la cellule de p\u00e9dagogie facultaire sont \u00e0 disposition des \u00e9tudiants tout au long de leur parcours.\" \/>\n<meta name=\"robots\" content=\"index, follow, max-snippet:-1, max-image-preview:large, max-video-preview:-1\" \/>\n<link rel=\"canonical\" href=\"https:\/\/web.umons.ac.be\/fau\/fr\/appui-pedagogique\/\" \/>\n<meta property=\"og:locale\" content=\"fr_FR\" \/>\n<meta property=\"og:type\" content=\"article\" \/>\n<meta property=\"og:title\" content=\"Appui p\u00e9dagogique\" \/>\n<meta property=\"og:description\" content=\"Nos adjointes p\u00e9dagogiques de la cellule de p\u00e9dagogie facultaire sont \u00e0 disposition des \u00e9tudiants tout au long de leur parcours.\" \/>\n<meta property=\"og:url\" content=\"https:\/\/web.umons.ac.be\/fau\/fr\/appui-pedagogique\/\" \/>\n<meta property=\"og:site_name\" content=\"Facult\u00e9 \/ FAU\" \/>\n<meta property=\"article:modified_time\" content=\"2026-03-02T14:08:17+00:00\" \/>\n<meta name=\"twitter:card\" content=\"summary_large_image\" \/>\n<meta name=\"twitter:label1\" content=\"Dur\u00e9e de lecture estim\u00e9e\" \/>\n\t<meta name=\"twitter:data1\" content=\"1 minute\" \/>\n<script type=\"application\/ld+json\" class=\"yoast-schema-graph\">{\"@context\":\"https:\/\/schema.org\",\"@graph\":[{\"@type\":\"WebPage\",\"@id\":\"https:\/\/web.umons.ac.be\/fau\/fr\/appui-pedagogique\/\",\"url\":\"https:\/\/web.umons.ac.be\/fau\/fr\/appui-pedagogique\/\",\"name\":\"Appui p\u00e9dagogique\",\"isPartOf\":{\"@id\":\"https:\/\/web.umons.ac.be\/fau\/#website\"},\"datePublished\":\"2026-03-02T13:10:58+00:00\",\"dateModified\":\"2026-03-02T14:08:17+00:00\",\"description\":\"Nos adjointes p\u00e9dagogiques de la cellule de p\u00e9dagogie facultaire sont \u00e0 disposition des \u00e9tudiants tout au long de leur parcours.\",\"breadcrumb\":{\"@id\":\"https:\/\/web.umons.ac.be\/fau\/fr\/appui-pedagogique\/#breadcrumb\"},\"inLanguage\":\"fr-FR\",\"potentialAction\":[{\"@type\":\"ReadAction\",\"target\":[\"https:\/\/web.umons.ac.be\/fau\/fr\/appui-pedagogique\/\"]}]},{\"@type\":\"BreadcrumbList\",\"@id\":\"https:\/\/web.umons.ac.be\/fau\/fr\/appui-pedagogique\/#breadcrumb\",\"itemListElement\":[{\"@type\":\"ListItem\",\"position\":1,\"name\":\"Accueil\",\"item\":\"https:\/\/web.umons.ac.be\/fau\/fr\/\"},{\"@type\":\"ListItem\",\"position\":2,\"name\":\"Appui p\u00e9dagogique\"}]},{\"@type\":\"WebSite\",\"@id\":\"https:\/\/web.umons.ac.be\/fau\/#website\",\"url\":\"https:\/\/web.umons.ac.be\/fau\/\",\"name\":\"Facult\u00e9 \/ FAU\",\"description\":\"\",\"potentialAction\":[{\"@type\":\"SearchAction\",\"target\":{\"@type\":\"EntryPoint\",\"urlTemplate\":\"https:\/\/web.umons.ac.be\/fau\/?s={search_term_string}\"},\"query-input\":{\"@type\":\"PropertyValueSpecification\",\"valueRequired\":true,\"valueName\":\"search_term_string\"}}],\"inLanguage\":\"fr-FR\"}]}<\/script>\n<!-- \/ Yoast SEO plugin. -->","yoast_head_json":{"title":"Appui p\u00e9dagogique","description":"Nos adjointes p\u00e9dagogiques de la cellule de p\u00e9dagogie facultaire sont \u00e0 disposition des \u00e9tudiants tout au long de leur parcours.","robots":{"index":"index","follow":"follow","max-snippet":"max-snippet:-1","max-image-preview":"max-image-preview:large","max-video-preview":"max-video-preview:-1"},"canonical":"https:\/\/web.umons.ac.be\/fau\/fr\/appui-pedagogique\/","og_locale":"fr_FR","og_type":"article","og_title":"Appui p\u00e9dagogique","og_description":"Nos adjointes p\u00e9dagogiques de la cellule de p\u00e9dagogie facultaire sont \u00e0 disposition des \u00e9tudiants tout au long de leur parcours.","og_url":"https:\/\/web.umons.ac.be\/fau\/fr\/appui-pedagogique\/","og_site_name":"Facult\u00e9 \/ FAU","article_modified_time":"2026-03-02T14:08:17+00:00","twitter_card":"summary_large_image","twitter_misc":{"Dur\u00e9e de lecture estim\u00e9e":"1 minute"},"schema":{"@context":"https:\/\/schema.org","@graph":[{"@type":"WebPage","@id":"https:\/\/web.umons.ac.be\/fau\/fr\/appui-pedagogique\/","url":"https:\/\/web.umons.ac.be\/fau\/fr\/appui-pedagogique\/","name":"Appui p\u00e9dagogique","isPartOf":{"@id":"https:\/\/web.umons.ac.be\/fau\/#website"},"datePublished":"2026-03-02T13:10:58+00:00","dateModified":"2026-03-02T14:08:17+00:00","description":"Nos adjointes p\u00e9dagogiques de la cellule de p\u00e9dagogie facultaire sont \u00e0 disposition des \u00e9tudiants tout au long de leur parcours.","breadcrumb":{"@id":"https:\/\/web.umons.ac.be\/fau\/fr\/appui-pedagogique\/#breadcrumb"},"inLanguage":"fr-FR","potentialAction":[{"@type":"ReadAction","target":["https:\/\/web.umons.ac.be\/fau\/fr\/appui-pedagogique\/"]}]},{"@type":"BreadcrumbList","@id":"https:\/\/web.umons.ac.be\/fau\/fr\/appui-pedagogique\/#breadcrumb","itemListElement":[{"@type":"ListItem","position":1,"name":"Accueil","item":"https:\/\/web.umons.ac.be\/fau\/fr\/"},{"@type":"ListItem","position":2,"name":"Appui p\u00e9dagogique"}]},{"@type":"WebSite","@id":"https:\/\/web.umons.ac.be\/fau\/#website","url":"https:\/\/web.umons.ac.be\/fau\/","name":"Facult\u00e9 \/ FAU","description":"","potentialAction":[{"@type":"SearchAction","target":{"@type":"EntryPoint","urlTemplate":"https:\/\/web.umons.ac.be\/fau\/?s={search_term_string}"},"query-input":{"@type":"PropertyValueSpecification","valueRequired":true,"valueName":"search_term_string"}}],"inLanguage":"fr-FR"}]}},"lang":"fr","translations":{"fr":3687},"pll_sync_post":[],"_links":{"self":[{"href":"https:\/\/web.umons.ac.be\/fau\/wp-json\/wp\/v2\/pages\/3687","targetHints":{"allow":["GET"]}}],"collection":[{"href":"https:\/\/web.umons.ac.be\/fau\/wp-json\/wp\/v2\/pages"}],"about":[{"href":"https:\/\/web.umons.ac.be\/fau\/wp-json\/wp\/v2\/types\/page"}],"author":[{"embeddable":true,"href":"https:\/\/web.umons.ac.be\/fau\/wp-json\/wp\/v2\/users\/3"}],"replies":[{"embeddable":true,"href":"https:\/\/web.umons.ac.be\/fau\/wp-json\/wp\/v2\/comments?post=3687"}],"version-history":[{"count":3,"href":"https:\/\/web.umons.ac.be\/fau\/wp-json\/wp\/v2\/pages\/3687\/revisions"}],"predecessor-version":[{"id":3727,"href":"https:\/\/web.umons.ac.be\/fau\/wp-json\/wp\/v2\/pages\/3687\/revisions\/3727"}],"wp:attachment":[{"href":"https:\/\/web.umons.ac.be\/fau\/wp-json\/wp\/v2\/media?parent=3687"}],"curies":[{"name":"wp","href":"https:\/\/api.w.org\/{rel}","templated":true}]}}