{"id":435,"date":"2017-09-20T15:28:39","date_gmt":"2017-09-20T13:28:39","guid":{"rendered":"https:\/\/web.umons.ac.be\/fau\/?page_id=435"},"modified":"2026-01-22T12:58:59","modified_gmt":"2026-01-22T11:58:59","slug":"loffre-de-formation","status":"publish","type":"page","link":"https:\/\/web.umons.ac.be\/fau\/fr\/loffre-de-formation\/","title":{"rendered":"L&rsquo;offre de formation"},"content":{"rendered":"<h2>La Facult\u00e9 d\u2019Architecture et d\u2019Urbanisme propose :<\/h2>\n<ul>\n<li><a href=\"https:\/\/web.umons.ac.be\/fau\/fr\/formations\/ba-archit\/\">Bachelier en Architecture<\/a><\/li>\n<li><a href=\"https:\/\/web.umons.ac.be\/fau\/fr\/formations\/m2-finadb\/\">Master en Architecture<\/a>. Ce Master permet, entre autres, l\u2019exercice du m\u00e9tier d\u2019architecte en tant que profession lib\u00e9rale \u00e0 la suite de deux ans de stage sous la responsabilit\u00e9 d\u2019un architecte ma\u00eetre de stage et sous le contr\u00f4le de de l\u2019<a href=\"https:\/\/ordredesarchitectes.be\/\">Ordre des Architectes<\/a>.<\/li>\n<li><a href=\"https:\/\/web.umons.ac.be\/fau\/fr\/formations\/urbadt\/\">Master en Urbanisme et D\u00e9veloppement territorial<\/a><\/li>\n<li><a href=\"https:\/\/web.umons.ac.be\/fau\/fr\/formations\/do-archit\/\">Doctorat en Art de b\u00e2tir et urbanisme<\/a><\/li>\n<li><a href=\"https:\/\/web.umons.ac.be\/fau\/fr\/formations\/do-art\/\">Doctorat en Art et sciences de l\u2019art<\/a><\/li>\n<li><a href=\"https:\/\/web.umons.ac.be\/fpms\/fr\/formations\/conservation-et-restauration-du-patrimoine-culturel-immobilier\/\">Master interuniversitaire de sp\u00e9cialisation en Conservation et Restauration du Patrimoine culturel immobilier<\/a> UMONS, ULB, ULi\u00e8ge, UCLouvain, UNamur.<a href=\"https:\/\/web.umons.ac.be\/app\/uploads\/sites\/5\/2022\/05\/En-pause-2.png\"><img loading=\"lazy\" decoding=\"async\" class=\"alignright wp-image-3454\" src=\"https:\/\/web.umons.ac.be\/app\/uploads\/sites\/5\/2022\/05\/En-pause-2.png\" alt=\"\" width=\"80\" height=\"76\" srcset=\"https:\/\/web.umons.ac.be\/app\/uploads\/sites\/5\/2022\/05\/En-pause-2.png 210w, https:\/\/web.umons.ac.be\/app\/uploads\/sites\/5\/2022\/05\/En-pause-2-30x29.png 30w, https:\/\/web.umons.ac.be\/app\/uploads\/sites\/5\/2022\/05\/En-pause-2-60x57.png 60w\" sizes=\"auto, (max-width: 80px) 100vw, 80px\" \/><\/a><\/li>\n<\/ul>\n<ul>\n<li><a href=\"https:\/\/web.umons.ac.be\/fau\/fr\/formations\/cu-data4bim\/\">Certificat interuniversitaire en mod\u00e9lisation des donn\u00e9es du b\u00e2timent orient\u00e9 BIM (DATA4BIM)<\/a> UMONS, Haute Ecole Condorcet.<a href=\"https:\/\/web.umons.ac.be\/app\/uploads\/sites\/5\/2022\/05\/En-pause-2.png\"><img loading=\"lazy\" decoding=\"async\" class=\"alignright wp-image-3454\" src=\"https:\/\/web.umons.ac.be\/app\/uploads\/sites\/5\/2022\/05\/En-pause-2.png\" alt=\"\" width=\"80\" height=\"76\" srcset=\"https:\/\/web.umons.ac.be\/app\/uploads\/sites\/5\/2022\/05\/En-pause-2.png 210w, https:\/\/web.umons.ac.be\/app\/uploads\/sites\/5\/2022\/05\/En-pause-2-30x29.png 30w, https:\/\/web.umons.ac.be\/app\/uploads\/sites\/5\/2022\/05\/En-pause-2-60x57.png 60w\" sizes=\"auto, (max-width: 80px) 100vw, 80px\" \/><\/a><\/li>\n<li><a href=\"https:\/\/web.umons.ac.be\/fau\/fr\/formations\/cu-ux4bim\/\">Certificat interuniversitaire en exploitation, interaction et visualisation des maquettes num\u00e9riques (UX4BIM)<\/a> UMONS, ULB.<\/li>\n<li><a href=\"https:\/\/web.umons.ac.be\/fau\/fr\/formations\/ciu-gairc\/\">Certificat interuniversitaire en gestion anticipative et interdisciplinaire des risques et des crises<\/a> UMONS, ULB, ULi\u00e8ge, UCLouvain.<\/li>\n<li><a href=\"https:\/\/web.umons.ac.be\/efe\/fr\/training\/m1-mearc5\/\">Master en enseignement Section 5<\/a><\/li>\n<li><a href=\"https:\/\/web.umons.ac.be\/fau\/fr\/masterclass-interuniversitaire\/\">MasterClass interuniversitaire en \u201cpratique professionnelle et gestion de projets d\u2019architecture\u201d<\/a> Ordre des Architectes, UMONS, ULB, ULi\u00e8ge, UCLouvain.<\/li>\n<\/ul>\n<p>&nbsp;<\/p>\n","protected":false},"excerpt":{"rendered":"<p>La Facult\u00e9 d\u2019Architecture et d\u2019Urbanisme propose : Bachelier en Architecture Master en Architecture. Ce Master permet, entre autres, l\u2019exercice du m\u00e9tier d\u2019architecte en tant que profession lib\u00e9rale \u00e0 la suite de deux ans de stage sous la responsabilit\u00e9 d\u2019un architecte ma\u00eetre de stage et sous le contr\u00f4le de de l\u2019Ordre des Architectes. Master en Urbanisme [&hellip;]<\/p>\n","protected":false},"author":2,"featured_media":3070,"parent":0,"menu_order":3,"comment_status":"closed","ping_status":"closed","template":"","meta":{"footnotes":""},"class_list":["post-435","page","type-page","status-publish","has-post-thumbnail","hentry"],"yoast_head":"<!-- This site is optimized with the Yoast SEO plugin v27.2 - https:\/\/yoast.com\/product\/yoast-seo-wordpress\/ -->\n<title>L&#039;offre de formation \u00e0 la FA+U - UMONS<\/title>\n<meta name=\"description\" content=\"Par son offre de formation, la FA+U d\u00e9livre un dipl\u00f4me de Master en Architecture \u00e0 finalit\u00e9 sp\u00e9cialis\u00e9e en Art de b\u00e2tir ou Urbanisme.\" \/>\n<meta name=\"robots\" content=\"index, follow, max-snippet:-1, max-image-preview:large, max-video-preview:-1\" \/>\n<link rel=\"canonical\" href=\"https:\/\/web.umons.ac.be\/fau\/fr\/loffre-de-formation\/\" \/>\n<meta property=\"og:locale\" content=\"fr_FR\" \/>\n<meta property=\"og:type\" content=\"article\" \/>\n<meta property=\"og:title\" content=\"L&#039;offre de formation \u00e0 la FA+U - UMONS\" \/>\n<meta property=\"og:description\" content=\"Par son offre de formation, la FA+U d\u00e9livre un dipl\u00f4me de Master en Architecture \u00e0 finalit\u00e9 sp\u00e9cialis\u00e9e en Art de b\u00e2tir ou Urbanisme.\" \/>\n<meta property=\"og:url\" content=\"https:\/\/web.umons.ac.be\/fau\/fr\/loffre-de-formation\/\" \/>\n<meta property=\"og:site_name\" content=\"Facult\u00e9 \/ FAU\" \/>\n<meta property=\"article:modified_time\" content=\"2026-01-22T11:58:59+00:00\" \/>\n<meta property=\"og:image\" content=\"https:\/\/web.umons.ac.be\/app\/uploads\/sites\/5\/2024\/05\/OFFREDEFORMATION1420pxX500px.png\" \/>\n\t<meta property=\"og:image:width\" content=\"1024\" \/>\n\t<meta property=\"og:image:height\" content=\"361\" \/>\n\t<meta property=\"og:image:type\" content=\"image\/png\" \/>\n<meta name=\"twitter:card\" content=\"summary_large_image\" \/>\n<meta name=\"twitter:label1\" content=\"Dur\u00e9e de lecture estim\u00e9e\" \/>\n\t<meta name=\"twitter:data1\" content=\"2 minutes\" \/>\n<script type=\"application\/ld+json\" class=\"yoast-schema-graph\">{\"@context\":\"https:\/\/schema.org\",\"@graph\":[{\"@type\":\"WebPage\",\"@id\":\"https:\/\/web.umons.ac.be\/fau\/fr\/loffre-de-formation\/\",\"url\":\"https:\/\/web.umons.ac.be\/fau\/fr\/loffre-de-formation\/\",\"name\":\"L'offre de formation \u00e0 la FA+U - UMONS\",\"isPartOf\":{\"@id\":\"https:\/\/web.umons.ac.be\/fau\/#website\"},\"primaryImageOfPage\":{\"@id\":\"https:\/\/web.umons.ac.be\/fau\/fr\/loffre-de-formation\/#primaryimage\"},\"image\":{\"@id\":\"https:\/\/web.umons.ac.be\/fau\/fr\/loffre-de-formation\/#primaryimage\"},\"thumbnailUrl\":\"https:\/\/web.umons.ac.be\/app\/uploads\/sites\/5\/2024\/05\/OFFREDEFORMATION1420pxX500px.png\",\"datePublished\":\"2017-09-20T13:28:39+00:00\",\"dateModified\":\"2026-01-22T11:58:59+00:00\",\"description\":\"Par son offre de formation, la FA+U d\u00e9livre un dipl\u00f4me de Master en Architecture \u00e0 finalit\u00e9 sp\u00e9cialis\u00e9e en Art de b\u00e2tir ou Urbanisme.\",\"breadcrumb\":{\"@id\":\"https:\/\/web.umons.ac.be\/fau\/fr\/loffre-de-formation\/#breadcrumb\"},\"inLanguage\":\"fr-FR\",\"potentialAction\":[{\"@type\":\"ReadAction\",\"target\":[\"https:\/\/web.umons.ac.be\/fau\/fr\/loffre-de-formation\/\"]}]},{\"@type\":\"ImageObject\",\"inLanguage\":\"fr-FR\",\"@id\":\"https:\/\/web.umons.ac.be\/fau\/fr\/loffre-de-formation\/#primaryimage\",\"url\":\"https:\/\/web.umons.ac.be\/app\/uploads\/sites\/5\/2024\/05\/OFFREDEFORMATION1420pxX500px.png\",\"contentUrl\":\"https:\/\/web.umons.ac.be\/app\/uploads\/sites\/5\/2024\/05\/OFFREDEFORMATION1420pxX500px.png\",\"width\":2840,\"height\":1000},{\"@type\":\"BreadcrumbList\",\"@id\":\"https:\/\/web.umons.ac.be\/fau\/fr\/loffre-de-formation\/#breadcrumb\",\"itemListElement\":[{\"@type\":\"ListItem\",\"position\":1,\"name\":\"Accueil\",\"item\":\"https:\/\/web.umons.ac.be\/fau\/fr\/\"},{\"@type\":\"ListItem\",\"position\":2,\"name\":\"L&rsquo;offre de formation\"}]},{\"@type\":\"WebSite\",\"@id\":\"https:\/\/web.umons.ac.be\/fau\/#website\",\"url\":\"https:\/\/web.umons.ac.be\/fau\/\",\"name\":\"Facult\u00e9 \/ FAU\",\"description\":\"\",\"potentialAction\":[{\"@type\":\"SearchAction\",\"target\":{\"@type\":\"EntryPoint\",\"urlTemplate\":\"https:\/\/web.umons.ac.be\/fau\/?s={search_term_string}\"},\"query-input\":{\"@type\":\"PropertyValueSpecification\",\"valueRequired\":true,\"valueName\":\"search_term_string\"}}],\"inLanguage\":\"fr-FR\"}]}<\/script>\n<!-- \/ Yoast SEO plugin. -->","yoast_head_json":{"title":"L'offre de formation \u00e0 la FA+U - UMONS","description":"Par son offre de formation, la FA+U d\u00e9livre un dipl\u00f4me de Master en Architecture \u00e0 finalit\u00e9 sp\u00e9cialis\u00e9e en Art de b\u00e2tir ou Urbanisme.","robots":{"index":"index","follow":"follow","max-snippet":"max-snippet:-1","max-image-preview":"max-image-preview:large","max-video-preview":"max-video-preview:-1"},"canonical":"https:\/\/web.umons.ac.be\/fau\/fr\/loffre-de-formation\/","og_locale":"fr_FR","og_type":"article","og_title":"L'offre de formation \u00e0 la FA+U - UMONS","og_description":"Par son offre de formation, la FA+U d\u00e9livre un dipl\u00f4me de Master en Architecture \u00e0 finalit\u00e9 sp\u00e9cialis\u00e9e en Art de b\u00e2tir ou Urbanisme.","og_url":"https:\/\/web.umons.ac.be\/fau\/fr\/loffre-de-formation\/","og_site_name":"Facult\u00e9 \/ FAU","article_modified_time":"2026-01-22T11:58:59+00:00","og_image":[{"url":"https:\/\/web.umons.ac.be\/app\/uploads\/sites\/5\/2024\/05\/OFFREDEFORMATION1420pxX500px.png","width":1024,"height":361,"type":"image\/png"}],"twitter_card":"summary_large_image","twitter_misc":{"Dur\u00e9e de lecture estim\u00e9e":"2 minutes"},"schema":{"@context":"https:\/\/schema.org","@graph":[{"@type":"WebPage","@id":"https:\/\/web.umons.ac.be\/fau\/fr\/loffre-de-formation\/","url":"https:\/\/web.umons.ac.be\/fau\/fr\/loffre-de-formation\/","name":"L'offre de formation \u00e0 la FA+U - UMONS","isPartOf":{"@id":"https:\/\/web.umons.ac.be\/fau\/#website"},"primaryImageOfPage":{"@id":"https:\/\/web.umons.ac.be\/fau\/fr\/loffre-de-formation\/#primaryimage"},"image":{"@id":"https:\/\/web.umons.ac.be\/fau\/fr\/loffre-de-formation\/#primaryimage"},"thumbnailUrl":"https:\/\/web.umons.ac.be\/app\/uploads\/sites\/5\/2024\/05\/OFFREDEFORMATION1420pxX500px.png","datePublished":"2017-09-20T13:28:39+00:00","dateModified":"2026-01-22T11:58:59+00:00","description":"Par son offre de formation, la FA+U d\u00e9livre un dipl\u00f4me de Master en Architecture \u00e0 finalit\u00e9 sp\u00e9cialis\u00e9e en Art de b\u00e2tir ou Urbanisme.","breadcrumb":{"@id":"https:\/\/web.umons.ac.be\/fau\/fr\/loffre-de-formation\/#breadcrumb"},"inLanguage":"fr-FR","potentialAction":[{"@type":"ReadAction","target":["https:\/\/web.umons.ac.be\/fau\/fr\/loffre-de-formation\/"]}]},{"@type":"ImageObject","inLanguage":"fr-FR","@id":"https:\/\/web.umons.ac.be\/fau\/fr\/loffre-de-formation\/#primaryimage","url":"https:\/\/web.umons.ac.be\/app\/uploads\/sites\/5\/2024\/05\/OFFREDEFORMATION1420pxX500px.png","contentUrl":"https:\/\/web.umons.ac.be\/app\/uploads\/sites\/5\/2024\/05\/OFFREDEFORMATION1420pxX500px.png","width":2840,"height":1000},{"@type":"BreadcrumbList","@id":"https:\/\/web.umons.ac.be\/fau\/fr\/loffre-de-formation\/#breadcrumb","itemListElement":[{"@type":"ListItem","position":1,"name":"Accueil","item":"https:\/\/web.umons.ac.be\/fau\/fr\/"},{"@type":"ListItem","position":2,"name":"L&rsquo;offre de formation"}]},{"@type":"WebSite","@id":"https:\/\/web.umons.ac.be\/fau\/#website","url":"https:\/\/web.umons.ac.be\/fau\/","name":"Facult\u00e9 \/ FAU","description":"","potentialAction":[{"@type":"SearchAction","target":{"@type":"EntryPoint","urlTemplate":"https:\/\/web.umons.ac.be\/fau\/?s={search_term_string}"},"query-input":{"@type":"PropertyValueSpecification","valueRequired":true,"valueName":"search_term_string"}}],"inLanguage":"fr-FR"}]}},"lang":"fr","translations":{"fr":435,"en":509},"pll_sync_post":[],"_links":{"self":[{"href":"https:\/\/web.umons.ac.be\/fau\/wp-json\/wp\/v2\/pages\/435","targetHints":{"allow":["GET"]}}],"collection":[{"href":"https:\/\/web.umons.ac.be\/fau\/wp-json\/wp\/v2\/pages"}],"about":[{"href":"https:\/\/web.umons.ac.be\/fau\/wp-json\/wp\/v2\/types\/page"}],"author":[{"embeddable":true,"href":"https:\/\/web.umons.ac.be\/fau\/wp-json\/wp\/v2\/users\/2"}],"replies":[{"embeddable":true,"href":"https:\/\/web.umons.ac.be\/fau\/wp-json\/wp\/v2\/comments?post=435"}],"version-history":[{"count":4,"href":"https:\/\/web.umons.ac.be\/fau\/wp-json\/wp\/v2\/pages\/435\/revisions"}],"predecessor-version":[{"id":3615,"href":"https:\/\/web.umons.ac.be\/fau\/wp-json\/wp\/v2\/pages\/435\/revisions\/3615"}],"wp:featuredmedia":[{"embeddable":true,"href":"https:\/\/web.umons.ac.be\/fau\/wp-json\/wp\/v2\/media\/3070"}],"wp:attachment":[{"href":"https:\/\/web.umons.ac.be\/fau\/wp-json\/wp\/v2\/media?parent=435"}],"curies":[{"name":"wp","href":"https:\/\/api.w.org\/{rel}","templated":true}]}}