{"id":530,"date":"2017-10-19T16:14:01","date_gmt":"2017-10-19T14:14:01","guid":{"rendered":"https:\/\/web.umons.ac.be\/fau\/?page_id=530"},"modified":"2024-05-23T11:08:54","modified_gmt":"2024-05-23T09:08:54","slug":"les-associations-detudiants","status":"publish","type":"page","link":"https:\/\/web.umons.ac.be\/fau\/en\/a-propos-de-la-faculte\/les-associations-detudiants\/","title":{"rendered":"Student Associations"},"content":{"rendered":"<p>The student associations of the Faculty of Architecture and Urban Planning form an important part of student life, and are also organised around cultural and sporting events. These associations offer sponsorship systems that allow exchanges, knowledge sharing and peer support.<\/p>\n<p>They are constantly active and proudly represent the Faculty and its endeavours at different university events in Mons.<\/p>\n<p>Students participate in the <strong>Faculty Council<\/strong> (CFAC) according to the terms of the decree on student participation and representation in higher education. Students are selected to represent their classmates during the various exchanges and votes of the Faculty Council.<\/p>\n<h2>A.G.E. Students\u2019 Association<\/h2>\n<p>The A.G.E. Archi is the general students\u2019 association of the Faculty of Architecture and Urban Planning and is composed of students from different years of study at Bachelor and Master level. The team aims to facilitate contact between the students, teachers and administrative services of the Faculty. A general presentation is given to new students at the beginning of the Bachelor cycle to explain how both the Faculty and the University work.<\/p>\n<p>A.G.E. Archi is actively involved in the development of sports, cultural and festive activities. Introductory sessions and training in different sports are organised on a weekly basis. A.G.E. Archi also organises regular visits, as well as projections and discussions, related to the discipline of architecture. During the year, several festive events are scheduled to strengthen the bond between our students.<\/p>\n<h5>Team :<\/h5>\n<ul>\n<li>Luna SIRINGO \u2013 Pr\u00e9sidente<a href=\"https:\/\/web.umons.ac.be\/app\/uploads\/sites\/5\/2024\/05\/Age-Archi-New.jpg\"><img loading=\"lazy\" decoding=\"async\" class=\"wp-image-3180 size-medium alignright\" src=\"https:\/\/web.umons.ac.be\/app\/uploads\/sites\/5\/2024\/05\/Age-Archi-New-300x300.jpg\" alt=\"\" width=\"300\" height=\"300\" srcset=\"https:\/\/web.umons.ac.be\/app\/uploads\/sites\/5\/2024\/05\/Age-Archi-New-300x300.jpg 300w, https:\/\/web.umons.ac.be\/app\/uploads\/sites\/5\/2024\/05\/Age-Archi-New-150x150.jpg 150w, https:\/\/web.umons.ac.be\/app\/uploads\/sites\/5\/2024\/05\/Age-Archi-New-768x768.jpg 768w, https:\/\/web.umons.ac.be\/app\/uploads\/sites\/5\/2024\/05\/Age-Archi-New-660x660.jpg 660w, https:\/\/web.umons.ac.be\/app\/uploads\/sites\/5\/2024\/05\/Age-Archi-New-30x30.jpg 30w, https:\/\/web.umons.ac.be\/app\/uploads\/sites\/5\/2024\/05\/Age-Archi-New-80x80.jpg 80w, https:\/\/web.umons.ac.be\/app\/uploads\/sites\/5\/2024\/05\/Age-Archi-New-60x60.jpg 60w, https:\/\/web.umons.ac.be\/app\/uploads\/sites\/5\/2024\/05\/Age-Archi-New-360x360.jpg 360w, https:\/\/web.umons.ac.be\/app\/uploads\/sites\/5\/2024\/05\/Age-Archi-New-400x400.jpg 400w, https:\/\/web.umons.ac.be\/app\/uploads\/sites\/5\/2024\/05\/Age-Archi-New-200x200.jpg 200w, https:\/\/web.umons.ac.be\/app\/uploads\/sites\/5\/2024\/05\/Age-Archi-New.jpg 1000w\" sizes=\"auto, (max-width: 300px) 100vw, 300px\" \/><\/a><\/li>\n<li>Logan LEBLANC \u2013\u00a0Pr\u00e9sident<\/li>\n<li>Am\u00e9lie GILLES \u2013 Secr\u00e9taire<\/li>\n<li>Lara BORREMANS \u2013 Tr\u00e9sori\u00e8re<\/li>\n<li>Margaux FLAMAND \u2013 Communication<\/li>\n<li>Valentine PITEUS \u2013 Culture<\/li>\n<li>Thomas STARON \u2013 Culture<\/li>\n<li>Thomas ROUANET \u2013 Events<\/li>\n<li>Richard PLAYE \u2013 Events<\/li>\n<li>Hugo TORMEN \u2013 Events<\/li>\n<li>Louise VINCK \u2013 Sport<\/li>\n<li>Alexandre POLLART \u2013 Sport<\/li>\n<li>Oc\u00e9ane POUILLY \u2013 D\u00e9l\u00e9gu\u00e9 p\u00e9dagogique<\/li>\n<li>Riham KEBBAB \u2013 D\u00e9l\u00e9gu\u00e9 p\u00e9dagogique<\/li>\n<li>Am\u00e9lie GILLES \u2013 Suppl\u00e9ante ERASMUS<\/li>\n<\/ul>\n<p><em>More info<\/em>\u00a0:\u00a0<a href=\"https:\/\/www.facebook.com\/age.archi?ref=br_rs\">AGE Archi<\/a>\u00a0\u2013\u00a0<a href=\"mailto:age.archi@umons.ac.be\">age.archi@umons.ac.be<\/a><\/p>\n<h2>Comit\u00e9 des F\u00eates<\/h2>\n<p>The Comit\u00e9 des F\u00eates Archi is composed of students from different years of study at Bachelor and Master level, and represents one of the seven student circles of UMONS, called \u201cLe Cercle Archi\u201d (the architecture circle). Its mission is to promote the festive, sports, cultural and folklore activities of the Faculty. It also sets up student support services.<\/p>\n<p>During the year, the Committee organises many activities, some of which are open to all. These include the Academic Ball of the Faculty, the Semaine Proven\u00e7ale (Provencal Week), the Descente de la Lesse (Kayak trip down the River Lesse), as well as activities reserved for \u201cbaptised\u201d students, such as La Bleusaille, Saint Nicholas, the Folklore Team of the Mons Cup, and many parties.<\/p>\n<h5>Team :<\/h5>\n<ul>\n<li>Clara SIRIEZ \u2013 Pr\u00e9sidente<a href=\"https:\/\/web.umons.ac.be\/fau\/fr\/a-propos-de-la-faculte\/associations-etudiants-architecture-urbanisme\/comite-des-fetes-2\/\" rel=\"attachment wp-att-1806\"><img loading=\"lazy\" decoding=\"async\" class=\"size-medium wp-image-1806 alignright\" src=\"https:\/\/web.umons.ac.be\/app\/uploads\/sites\/5\/2021\/06\/Comite-des-Fetes-300x206.png\" sizes=\"auto, (max-width: 300px) 100vw, 300px\" srcset=\"https:\/\/web.umons.ac.be\/app\/uploads\/sites\/5\/2021\/06\/Comite-des-Fetes-300x206.png 300w, https:\/\/web.umons.ac.be\/app\/uploads\/sites\/5\/2021\/06\/Comite-des-Fetes-1024x703.png 1024w, https:\/\/web.umons.ac.be\/app\/uploads\/sites\/5\/2021\/06\/Comite-des-Fetes-768x527.png 768w, https:\/\/web.umons.ac.be\/app\/uploads\/sites\/5\/2021\/06\/Comite-des-Fetes-1536x1054.png 1536w, https:\/\/web.umons.ac.be\/app\/uploads\/sites\/5\/2021\/06\/Comite-des-Fetes-962x660.png 962w, https:\/\/web.umons.ac.be\/app\/uploads\/sites\/5\/2021\/06\/Comite-des-Fetes-30x21.png 30w, https:\/\/web.umons.ac.be\/app\/uploads\/sites\/5\/2021\/06\/Comite-des-Fetes-60x41.png 60w, https:\/\/web.umons.ac.be\/app\/uploads\/sites\/5\/2021\/06\/Comite-des-Fetes-360x247.png 360w, https:\/\/web.umons.ac.be\/app\/uploads\/sites\/5\/2021\/06\/Comite-des-Fetes.png 2048w\" alt=\"\" width=\"300\" height=\"206\" \/><\/a><\/li>\n<li>Alexandre FORTUNATO \u2013 Pr\u00e9sident<\/li>\n<li>Nathan QUENON \u2013 Tr\u00e9sorier<\/li>\n<li>Quentin VANDEVOORT \u2013 Secr\u00e9taire<\/li>\n<li>Emilien DELHAYE \u2013 Culture<\/li>\n<li>Emeline BALAND \u2013 Folklore<\/li>\n<li>Justin LHOST \u2013 Bar<\/li>\n<li>Nathan STERNO \u2013 Sport<\/li>\n<\/ul>\n<p><em>More info<\/em> : <a href=\"https:\/\/www.facebook.com\/profile.php?id=100011495945296\">Comit\u00e9 des F\u00eates<\/a> on Facebook<\/p>\n","protected":false},"excerpt":{"rendered":"<p>The student associations of the Faculty of Architecture and Urban Planning form an important part of student life, and are also organised around cultural and sporting events. These associations offer sponsorship systems that allow exchanges, knowledge sharing and peer support. They are constantly active and proudly represent the Faculty and its endeavours at different university [&hellip;]<\/p>\n","protected":false},"author":3,"featured_media":0,"parent":472,"menu_order":6,"comment_status":"closed","ping_status":"closed","template":"","meta":{"footnotes":""},"class_list":["post-530","page","type-page","status-publish","hentry"],"yoast_head":"<!-- This site is optimized with the Yoast SEO plugin v27.2 - https:\/\/yoast.com\/product\/yoast-seo-wordpress\/ -->\n<title>Student Associations - Facult\u00e9 \/ FAU<\/title>\n<meta name=\"robots\" content=\"index, follow, max-snippet:-1, max-image-preview:large, max-video-preview:-1\" \/>\n<link rel=\"canonical\" href=\"https:\/\/web.umons.ac.be\/fau\/en\/a-propos-de-la-faculte\/les-associations-detudiants\/\" \/>\n<meta property=\"og:locale\" content=\"fr_FR\" \/>\n<meta property=\"og:type\" content=\"article\" \/>\n<meta property=\"og:title\" content=\"Student Associations - Facult\u00e9 \/ FAU\" \/>\n<meta property=\"og:description\" content=\"The student associations of the Faculty of Architecture and Urban Planning form an important part of student life, and are also organised around cultural and sporting events. These associations offer sponsorship systems that allow exchanges, knowledge sharing and peer support. They are constantly active and proudly represent the Faculty and its endeavours at different university [&hellip;]\" \/>\n<meta property=\"og:url\" content=\"https:\/\/web.umons.ac.be\/fau\/en\/a-propos-de-la-faculte\/les-associations-detudiants\/\" \/>\n<meta property=\"og:site_name\" content=\"Facult\u00e9 \/ FAU\" \/>\n<meta property=\"article:modified_time\" content=\"2024-05-23T09:08:54+00:00\" \/>\n<meta property=\"og:image\" content=\"https:\/\/web.umons.ac.be\/app\/uploads\/sites\/5\/2024\/05\/Age-Archi-New-300x300.jpg\" \/>\n<meta name=\"twitter:card\" content=\"summary_large_image\" \/>\n<meta name=\"twitter:label1\" content=\"Dur\u00e9e de lecture estim\u00e9e\" \/>\n\t<meta name=\"twitter:data1\" content=\"3 minutes\" \/>\n<script type=\"application\/ld+json\" class=\"yoast-schema-graph\">{\"@context\":\"https:\/\/schema.org\",\"@graph\":[{\"@type\":\"WebPage\",\"@id\":\"https:\/\/web.umons.ac.be\/fau\/en\/a-propos-de-la-faculte\/les-associations-detudiants\/\",\"url\":\"https:\/\/web.umons.ac.be\/fau\/en\/a-propos-de-la-faculte\/les-associations-detudiants\/\",\"name\":\"Student Associations - Facult\u00e9 \/ FAU\",\"isPartOf\":{\"@id\":\"https:\/\/web.umons.ac.be\/fau\/#website\"},\"primaryImageOfPage\":{\"@id\":\"https:\/\/web.umons.ac.be\/fau\/en\/a-propos-de-la-faculte\/les-associations-detudiants\/#primaryimage\"},\"image\":{\"@id\":\"https:\/\/web.umons.ac.be\/fau\/en\/a-propos-de-la-faculte\/les-associations-detudiants\/#primaryimage\"},\"thumbnailUrl\":\"https:\/\/web.umons.ac.be\/app\/uploads\/sites\/5\/2024\/05\/Age-Archi-New-300x300.jpg\",\"datePublished\":\"2017-10-19T14:14:01+00:00\",\"dateModified\":\"2024-05-23T09:08:54+00:00\",\"breadcrumb\":{\"@id\":\"https:\/\/web.umons.ac.be\/fau\/en\/a-propos-de-la-faculte\/les-associations-detudiants\/#breadcrumb\"},\"inLanguage\":\"fr-FR\",\"potentialAction\":[{\"@type\":\"ReadAction\",\"target\":[\"https:\/\/web.umons.ac.be\/fau\/en\/a-propos-de-la-faculte\/les-associations-detudiants\/\"]}]},{\"@type\":\"ImageObject\",\"inLanguage\":\"fr-FR\",\"@id\":\"https:\/\/web.umons.ac.be\/fau\/en\/a-propos-de-la-faculte\/les-associations-detudiants\/#primaryimage\",\"url\":\"https:\/\/web.umons.ac.be\/app\/uploads\/sites\/5\/2024\/05\/Age-Archi-New-300x300.jpg\",\"contentUrl\":\"https:\/\/web.umons.ac.be\/app\/uploads\/sites\/5\/2024\/05\/Age-Archi-New-300x300.jpg\"},{\"@type\":\"BreadcrumbList\",\"@id\":\"https:\/\/web.umons.ac.be\/fau\/en\/a-propos-de-la-faculte\/les-associations-detudiants\/#breadcrumb\",\"itemListElement\":[{\"@type\":\"ListItem\",\"position\":1,\"name\":\"Accueil\",\"item\":\"https:\/\/web.umons.ac.be\/fau\/fr\/\"},{\"@type\":\"ListItem\",\"position\":2,\"name\":\"About the Faculty\",\"item\":\"https:\/\/web.umons.ac.be\/fau\/en\/a-propos-de-la-faculte\/\"},{\"@type\":\"ListItem\",\"position\":3,\"name\":\"Student Associations\"}]},{\"@type\":\"WebSite\",\"@id\":\"https:\/\/web.umons.ac.be\/fau\/#website\",\"url\":\"https:\/\/web.umons.ac.be\/fau\/\",\"name\":\"Facult\u00e9 \/ FAU\",\"description\":\"\",\"potentialAction\":[{\"@type\":\"SearchAction\",\"target\":{\"@type\":\"EntryPoint\",\"urlTemplate\":\"https:\/\/web.umons.ac.be\/fau\/?s={search_term_string}\"},\"query-input\":{\"@type\":\"PropertyValueSpecification\",\"valueRequired\":true,\"valueName\":\"search_term_string\"}}],\"inLanguage\":\"fr-FR\"}]}<\/script>\n<!-- \/ Yoast SEO plugin. -->","yoast_head_json":{"title":"Student Associations - Facult\u00e9 \/ FAU","robots":{"index":"index","follow":"follow","max-snippet":"max-snippet:-1","max-image-preview":"max-image-preview:large","max-video-preview":"max-video-preview:-1"},"canonical":"https:\/\/web.umons.ac.be\/fau\/en\/a-propos-de-la-faculte\/les-associations-detudiants\/","og_locale":"fr_FR","og_type":"article","og_title":"Student Associations - Facult\u00e9 \/ FAU","og_description":"The student associations of the Faculty of Architecture and Urban Planning form an important part of student life, and are also organised around cultural and sporting events. These associations offer sponsorship systems that allow exchanges, knowledge sharing and peer support. They are constantly active and proudly represent the Faculty and its endeavours at different university [&hellip;]","og_url":"https:\/\/web.umons.ac.be\/fau\/en\/a-propos-de-la-faculte\/les-associations-detudiants\/","og_site_name":"Facult\u00e9 \/ FAU","article_modified_time":"2024-05-23T09:08:54+00:00","og_image":[{"url":"https:\/\/web.umons.ac.be\/app\/uploads\/sites\/5\/2024\/05\/Age-Archi-New-300x300.jpg","type":"","width":"","height":""}],"twitter_card":"summary_large_image","twitter_misc":{"Dur\u00e9e de lecture estim\u00e9e":"3 minutes"},"schema":{"@context":"https:\/\/schema.org","@graph":[{"@type":"WebPage","@id":"https:\/\/web.umons.ac.be\/fau\/en\/a-propos-de-la-faculte\/les-associations-detudiants\/","url":"https:\/\/web.umons.ac.be\/fau\/en\/a-propos-de-la-faculte\/les-associations-detudiants\/","name":"Student Associations - Facult\u00e9 \/ FAU","isPartOf":{"@id":"https:\/\/web.umons.ac.be\/fau\/#website"},"primaryImageOfPage":{"@id":"https:\/\/web.umons.ac.be\/fau\/en\/a-propos-de-la-faculte\/les-associations-detudiants\/#primaryimage"},"image":{"@id":"https:\/\/web.umons.ac.be\/fau\/en\/a-propos-de-la-faculte\/les-associations-detudiants\/#primaryimage"},"thumbnailUrl":"https:\/\/web.umons.ac.be\/app\/uploads\/sites\/5\/2024\/05\/Age-Archi-New-300x300.jpg","datePublished":"2017-10-19T14:14:01+00:00","dateModified":"2024-05-23T09:08:54+00:00","breadcrumb":{"@id":"https:\/\/web.umons.ac.be\/fau\/en\/a-propos-de-la-faculte\/les-associations-detudiants\/#breadcrumb"},"inLanguage":"fr-FR","potentialAction":[{"@type":"ReadAction","target":["https:\/\/web.umons.ac.be\/fau\/en\/a-propos-de-la-faculte\/les-associations-detudiants\/"]}]},{"@type":"ImageObject","inLanguage":"fr-FR","@id":"https:\/\/web.umons.ac.be\/fau\/en\/a-propos-de-la-faculte\/les-associations-detudiants\/#primaryimage","url":"https:\/\/web.umons.ac.be\/app\/uploads\/sites\/5\/2024\/05\/Age-Archi-New-300x300.jpg","contentUrl":"https:\/\/web.umons.ac.be\/app\/uploads\/sites\/5\/2024\/05\/Age-Archi-New-300x300.jpg"},{"@type":"BreadcrumbList","@id":"https:\/\/web.umons.ac.be\/fau\/en\/a-propos-de-la-faculte\/les-associations-detudiants\/#breadcrumb","itemListElement":[{"@type":"ListItem","position":1,"name":"Accueil","item":"https:\/\/web.umons.ac.be\/fau\/fr\/"},{"@type":"ListItem","position":2,"name":"About the Faculty","item":"https:\/\/web.umons.ac.be\/fau\/en\/a-propos-de-la-faculte\/"},{"@type":"ListItem","position":3,"name":"Student Associations"}]},{"@type":"WebSite","@id":"https:\/\/web.umons.ac.be\/fau\/#website","url":"https:\/\/web.umons.ac.be\/fau\/","name":"Facult\u00e9 \/ FAU","description":"","potentialAction":[{"@type":"SearchAction","target":{"@type":"EntryPoint","urlTemplate":"https:\/\/web.umons.ac.be\/fau\/?s={search_term_string}"},"query-input":{"@type":"PropertyValueSpecification","valueRequired":true,"valueName":"search_term_string"}}],"inLanguage":"fr-FR"}]}},"lang":"en","translations":{"en":530,"fr":347},"pll_sync_post":[],"_links":{"self":[{"href":"https:\/\/web.umons.ac.be\/fau\/wp-json\/wp\/v2\/pages\/530","targetHints":{"allow":["GET"]}}],"collection":[{"href":"https:\/\/web.umons.ac.be\/fau\/wp-json\/wp\/v2\/pages"}],"about":[{"href":"https:\/\/web.umons.ac.be\/fau\/wp-json\/wp\/v2\/types\/page"}],"author":[{"embeddable":true,"href":"https:\/\/web.umons.ac.be\/fau\/wp-json\/wp\/v2\/users\/3"}],"replies":[{"embeddable":true,"href":"https:\/\/web.umons.ac.be\/fau\/wp-json\/wp\/v2\/comments?post=530"}],"version-history":[{"count":4,"href":"https:\/\/web.umons.ac.be\/fau\/wp-json\/wp\/v2\/pages\/530\/revisions"}],"predecessor-version":[{"id":3182,"href":"https:\/\/web.umons.ac.be\/fau\/wp-json\/wp\/v2\/pages\/530\/revisions\/3182"}],"up":[{"embeddable":true,"href":"https:\/\/web.umons.ac.be\/fau\/wp-json\/wp\/v2\/pages\/472"}],"wp:attachment":[{"href":"https:\/\/web.umons.ac.be\/fau\/wp-json\/wp\/v2\/media?parent=530"}],"curies":[{"name":"wp","href":"https:\/\/api.w.org\/{rel}","templated":true}]}}