{"id":573,"date":"2017-11-08T11:35:07","date_gmt":"2017-11-08T10:35:07","guid":{"rendered":"https:\/\/web.umons.ac.be\/fau\/?page_id=573"},"modified":"2024-05-08T15:13:47","modified_gmt":"2024-05-08T13:13:47","slug":"voyage-detude-en-architecture","status":"publish","type":"page","link":"https:\/\/web.umons.ac.be\/fau\/fr\/etudes\/international\/voyage-detude-en-architecture\/","title":{"rendered":"Voyage d\u2019\u00e9tude en architecture"},"content":{"rendered":"<h2>L\u2019architecture est la rencontre des lieux et des usages par la mise en place de la spatialit\u00e9.<\/h2>\n<p>Pour Le Corbusier, l\u2019architecture ne se con\u00e7oit pas en termes de \u00ab tableaux \u00bb, c.\u00e0.d. dans une lecture frontale et statique de l\u2019\u0153uvre, mais en fonction d\u2019un regard attentif et <span style=\"color: #a2c301;\"><strong>en mouvement<\/strong>.<\/span><\/p>\n<blockquote><p>L\u2019architecture ne se voit pas d\u2019une fois, elle se voit en la parcourant, en se tournant. Les hommes ont des yeux devant et non pas autour de la t\u00eate et ils ont les yeux \u00e0 1.60 m au-dessus du sol, et cela est p\u00e9remptoire pour consid\u00e9rer les \u0153uvres d\u2019architecture. <sup>[1]<\/sup><\/p><\/blockquote>\n<p>On comprend que le d\u00e9placement de l\u2019observateur par rapport \u00e0 l\u2019\u0153uvre architecturale observ\u00e9e est indispensable \u00e0 son appr\u00e9hension et sa compr\u00e9hension. Il semble bien que cette compr\u00e9hension repose sur l\u2019exp\u00e9rience subjective de la r\u00e9alit\u00e9 et que c\u2019est par l\u2019observation de situations r\u00e9elles que s\u2019op\u00e8re la connaissance de l\u2019espace architectural et de son usage dans sa dimension v\u00e9cue.<\/p>\n<p>Ceci nous am\u00e8ne \u00e0 penser que, au-del\u00e0 de la simple exp\u00e9rience visuelle, la r\u00e9alit\u00e9 architecturale appelle l\u2019exp\u00e9rience sensorielle individuelle qui se r\u00e9alise par le biais des diff\u00e9rents sens (vision, ou\u00efe, toucher, etc.) et que sa r\u00e9alit\u00e9 mat\u00e9rielle, ne peut se comprendre qu\u2019\u00e0 travers les exp\u00e9riences psychologiques et subjectives personnelles v\u00e9cues<span style=\"color: #a2c301;\"> <strong>in situ<\/strong><\/span>. Chaque individu est ainsi appel\u00e9 \u00e0 faire et refaire par lui-m\u00eame cette exp\u00e9rience de la mat\u00e9rialit\u00e9 \u00e0 travers son propre corps, ses propres capacit\u00e9s sensorielles et son propre v\u00e9cu par le biais de sa rem\u00e9moration.<\/p>\n<p>On peut en conclure que la lecture \u00ab\u00a0architecturale\u00a0\u00bb dans sa dimension r\u00e9elle est li\u00e9e \u00e0 l\u2019exp\u00e9rience du corps en mouvement dans le contexte b\u00e2ti.<\/p>\n<p>C\u2019est pourquoi, l\u2019int\u00e9r\u00eat du voyage d\u2019\u00e9tude en architecture r\u00e9side dans <span style=\"color: #a2c301;\"><strong>la construction du parcours personnel sensoriel, \u00e9motionnel et r\u00e9f\u00e9rentiel des futurs architectes<\/strong><\/span>. Cette exp\u00e9rience est primordiale \u00e0 l\u2019\u00e9mergence de la cr\u00e9ativit\u00e9 architecturale par la confrontation des futurs concepteurs avec la r\u00e9alit\u00e9 construite de l\u2019architecture.<\/p>\n<p>Les voyages sont programm\u00e9s tout au long du parcours universitaire de l\u2019\u00e9tudiant en architecture avec des destinations en lien direct avec <span style=\"color: #a2c301;\"><strong>les programmes et les th\u00e9matiques des ateliers d\u2019architecture ainsi que des workshops<\/strong><\/span>. Les destinations ont des orientations nationales et internationales. Ils sont partiellement financ\u00e9s par la Facult\u00e9 d\u2019Architecture et d\u2019Urbanisme qui offre un subside par \u00e9tudiant et par destination pour l\u2019encourager et l\u2019accompagner dans sa d\u00e9marche de d\u00e9couverte et de formation.<\/p>\n<p><em>[1] Le Corbusier, Vers une architecture, \u00e9ditions Cr\u00e8s et Cie, Paris, 1923.<\/em><\/p>\n<p><iframe loading=\"lazy\" src=\"\/\/www.youtube.com\/embed\/X5Cb2sx9NwY?si=CqUAAlnPXLIDy-4N\" width=\"560\" height=\"314\" allowfullscreen=\"allowfullscreen\"><\/iframe><\/p>\n","protected":false},"excerpt":{"rendered":"<p>L\u2019architecture est la rencontre des lieux et des usages par la mise en place de la spatialit\u00e9. Pour Le Corbusier, l\u2019architecture ne se con\u00e7oit pas en termes de \u00ab tableaux \u00bb, c.\u00e0.d. dans une lecture frontale et statique de l\u2019\u0153uvre, mais en fonction d\u2019un regard attentif et en mouvement. L\u2019architecture ne se voit pas d\u2019une [&hellip;]<\/p>\n","protected":false},"author":2,"featured_media":0,"parent":353,"menu_order":5,"comment_status":"closed","ping_status":"closed","template":"","meta":{"footnotes":""},"class_list":["post-573","page","type-page","status-publish","hentry"],"yoast_head":"<!-- This site is optimized with the Yoast SEO plugin v27.2 - https:\/\/yoast.com\/product\/yoast-seo-wordpress\/ -->\n<title>Voyage d\u2019\u00e9tude en architecture - Facult\u00e9 \/ FAU<\/title>\n<meta name=\"robots\" content=\"index, follow, max-snippet:-1, max-image-preview:large, max-video-preview:-1\" \/>\n<link rel=\"canonical\" href=\"https:\/\/web.umons.ac.be\/fau\/fr\/etudes\/international\/voyage-detude-en-architecture\/\" \/>\n<meta property=\"og:locale\" content=\"fr_FR\" \/>\n<meta property=\"og:type\" content=\"article\" \/>\n<meta property=\"og:title\" content=\"Voyage d\u2019\u00e9tude en architecture - Facult\u00e9 \/ FAU\" \/>\n<meta property=\"og:description\" content=\"L\u2019architecture est la rencontre des lieux et des usages par la mise en place de la spatialit\u00e9. Pour Le Corbusier, l\u2019architecture ne se con\u00e7oit pas en termes de \u00ab tableaux \u00bb, c.\u00e0.d. dans une lecture frontale et statique de l\u2019\u0153uvre, mais en fonction d\u2019un regard attentif et en mouvement. L\u2019architecture ne se voit pas d\u2019une [&hellip;]\" \/>\n<meta property=\"og:url\" content=\"https:\/\/web.umons.ac.be\/fau\/fr\/etudes\/international\/voyage-detude-en-architecture\/\" \/>\n<meta property=\"og:site_name\" content=\"Facult\u00e9 \/ FAU\" \/>\n<meta property=\"article:modified_time\" content=\"2024-05-08T13:13:47+00:00\" \/>\n<meta name=\"twitter:card\" content=\"summary_large_image\" \/>\n<meta name=\"twitter:label1\" content=\"Dur\u00e9e de lecture estim\u00e9e\" \/>\n\t<meta name=\"twitter:data1\" content=\"2 minutes\" \/>\n<script type=\"application\/ld+json\" class=\"yoast-schema-graph\">{\"@context\":\"https:\/\/schema.org\",\"@graph\":[{\"@type\":\"WebPage\",\"@id\":\"https:\/\/web.umons.ac.be\/fau\/fr\/etudes\/international\/voyage-detude-en-architecture\/\",\"url\":\"https:\/\/web.umons.ac.be\/fau\/fr\/etudes\/international\/voyage-detude-en-architecture\/\",\"name\":\"Voyage d\u2019\u00e9tude en architecture - Facult\u00e9 \/ FAU\",\"isPartOf\":{\"@id\":\"https:\/\/web.umons.ac.be\/fau\/#website\"},\"datePublished\":\"2017-11-08T10:35:07+00:00\",\"dateModified\":\"2024-05-08T13:13:47+00:00\",\"breadcrumb\":{\"@id\":\"https:\/\/web.umons.ac.be\/fau\/fr\/etudes\/international\/voyage-detude-en-architecture\/#breadcrumb\"},\"inLanguage\":\"fr-FR\",\"potentialAction\":[{\"@type\":\"ReadAction\",\"target\":[\"https:\/\/web.umons.ac.be\/fau\/fr\/etudes\/international\/voyage-detude-en-architecture\/\"]}]},{\"@type\":\"BreadcrumbList\",\"@id\":\"https:\/\/web.umons.ac.be\/fau\/fr\/etudes\/international\/voyage-detude-en-architecture\/#breadcrumb\",\"itemListElement\":[{\"@type\":\"ListItem\",\"position\":1,\"name\":\"Accueil\",\"item\":\"https:\/\/web.umons.ac.be\/fau\/fr\/\"},{\"@type\":\"ListItem\",\"position\":2,\"name\":\"Etudes\",\"item\":\"https:\/\/web.umons.ac.be\/fau\/fr\/etudes\/\"},{\"@type\":\"ListItem\",\"position\":3,\"name\":\"International\",\"item\":\"https:\/\/web.umons.ac.be\/fau\/fr\/etudes\/international\/\"},{\"@type\":\"ListItem\",\"position\":4,\"name\":\"Voyage d\u2019\u00e9tude en architecture\"}]},{\"@type\":\"WebSite\",\"@id\":\"https:\/\/web.umons.ac.be\/fau\/#website\",\"url\":\"https:\/\/web.umons.ac.be\/fau\/\",\"name\":\"Facult\u00e9 \/ FAU\",\"description\":\"\",\"potentialAction\":[{\"@type\":\"SearchAction\",\"target\":{\"@type\":\"EntryPoint\",\"urlTemplate\":\"https:\/\/web.umons.ac.be\/fau\/?s={search_term_string}\"},\"query-input\":{\"@type\":\"PropertyValueSpecification\",\"valueRequired\":true,\"valueName\":\"search_term_string\"}}],\"inLanguage\":\"fr-FR\"}]}<\/script>\n<!-- \/ Yoast SEO plugin. -->","yoast_head_json":{"title":"Voyage d\u2019\u00e9tude en architecture - Facult\u00e9 \/ FAU","robots":{"index":"index","follow":"follow","max-snippet":"max-snippet:-1","max-image-preview":"max-image-preview:large","max-video-preview":"max-video-preview:-1"},"canonical":"https:\/\/web.umons.ac.be\/fau\/fr\/etudes\/international\/voyage-detude-en-architecture\/","og_locale":"fr_FR","og_type":"article","og_title":"Voyage d\u2019\u00e9tude en architecture - Facult\u00e9 \/ FAU","og_description":"L\u2019architecture est la rencontre des lieux et des usages par la mise en place de la spatialit\u00e9. Pour Le Corbusier, l\u2019architecture ne se con\u00e7oit pas en termes de \u00ab tableaux \u00bb, c.\u00e0.d. dans une lecture frontale et statique de l\u2019\u0153uvre, mais en fonction d\u2019un regard attentif et en mouvement. L\u2019architecture ne se voit pas d\u2019une [&hellip;]","og_url":"https:\/\/web.umons.ac.be\/fau\/fr\/etudes\/international\/voyage-detude-en-architecture\/","og_site_name":"Facult\u00e9 \/ FAU","article_modified_time":"2024-05-08T13:13:47+00:00","twitter_card":"summary_large_image","twitter_misc":{"Dur\u00e9e de lecture estim\u00e9e":"2 minutes"},"schema":{"@context":"https:\/\/schema.org","@graph":[{"@type":"WebPage","@id":"https:\/\/web.umons.ac.be\/fau\/fr\/etudes\/international\/voyage-detude-en-architecture\/","url":"https:\/\/web.umons.ac.be\/fau\/fr\/etudes\/international\/voyage-detude-en-architecture\/","name":"Voyage d\u2019\u00e9tude en architecture - Facult\u00e9 \/ FAU","isPartOf":{"@id":"https:\/\/web.umons.ac.be\/fau\/#website"},"datePublished":"2017-11-08T10:35:07+00:00","dateModified":"2024-05-08T13:13:47+00:00","breadcrumb":{"@id":"https:\/\/web.umons.ac.be\/fau\/fr\/etudes\/international\/voyage-detude-en-architecture\/#breadcrumb"},"inLanguage":"fr-FR","potentialAction":[{"@type":"ReadAction","target":["https:\/\/web.umons.ac.be\/fau\/fr\/etudes\/international\/voyage-detude-en-architecture\/"]}]},{"@type":"BreadcrumbList","@id":"https:\/\/web.umons.ac.be\/fau\/fr\/etudes\/international\/voyage-detude-en-architecture\/#breadcrumb","itemListElement":[{"@type":"ListItem","position":1,"name":"Accueil","item":"https:\/\/web.umons.ac.be\/fau\/fr\/"},{"@type":"ListItem","position":2,"name":"Etudes","item":"https:\/\/web.umons.ac.be\/fau\/fr\/etudes\/"},{"@type":"ListItem","position":3,"name":"International","item":"https:\/\/web.umons.ac.be\/fau\/fr\/etudes\/international\/"},{"@type":"ListItem","position":4,"name":"Voyage d\u2019\u00e9tude en architecture"}]},{"@type":"WebSite","@id":"https:\/\/web.umons.ac.be\/fau\/#website","url":"https:\/\/web.umons.ac.be\/fau\/","name":"Facult\u00e9 \/ FAU","description":"","potentialAction":[{"@type":"SearchAction","target":{"@type":"EntryPoint","urlTemplate":"https:\/\/web.umons.ac.be\/fau\/?s={search_term_string}"},"query-input":{"@type":"PropertyValueSpecification","valueRequired":true,"valueName":"search_term_string"}}],"inLanguage":"fr-FR"}]}},"lang":"fr","translations":{"fr":573,"en":617},"pll_sync_post":[],"_links":{"self":[{"href":"https:\/\/web.umons.ac.be\/fau\/wp-json\/wp\/v2\/pages\/573","targetHints":{"allow":["GET"]}}],"collection":[{"href":"https:\/\/web.umons.ac.be\/fau\/wp-json\/wp\/v2\/pages"}],"about":[{"href":"https:\/\/web.umons.ac.be\/fau\/wp-json\/wp\/v2\/types\/page"}],"author":[{"embeddable":true,"href":"https:\/\/web.umons.ac.be\/fau\/wp-json\/wp\/v2\/users\/2"}],"replies":[{"embeddable":true,"href":"https:\/\/web.umons.ac.be\/fau\/wp-json\/wp\/v2\/comments?post=573"}],"version-history":[{"count":3,"href":"https:\/\/web.umons.ac.be\/fau\/wp-json\/wp\/v2\/pages\/573\/revisions"}],"predecessor-version":[{"id":2979,"href":"https:\/\/web.umons.ac.be\/fau\/wp-json\/wp\/v2\/pages\/573\/revisions\/2979"}],"up":[{"embeddable":true,"href":"https:\/\/web.umons.ac.be\/fau\/wp-json\/wp\/v2\/pages\/353"}],"wp:attachment":[{"href":"https:\/\/web.umons.ac.be\/fau\/wp-json\/wp\/v2\/media?parent=573"}],"curies":[{"name":"wp","href":"https:\/\/api.w.org\/{rel}","templated":true}]}}