{"id":611,"date":"2017-12-11T11:05:30","date_gmt":"2017-12-11T10:05:30","guid":{"rendered":"https:\/\/web.umons.ac.be\/fau\/?page_id=611"},"modified":"2024-05-22T13:37:55","modified_gmt":"2024-05-22T11:37:55","slug":"etudes","status":"publish","type":"page","link":"https:\/\/web.umons.ac.be\/fau\/en\/etudes\/","title":{"rendered":"Courses of Study"},"content":{"rendered":"<h2>Our teaching approach<\/h2>\n<p>Our teaching is part of a specific teaching practice based on architectural and urban design.<\/p>\n<p>Courses are organised in the form of workshops attended by around twenty students. The workshops are intended as places for reflection and creativity, where students learn to use the theoretical and practical knowledge they have acquired throughout their studies.<\/p>\n<p>Students are encouraged to gradually integrate the artistic, technical, social, landscape and cultural dimensions of architecture, according to their personal choices. This teaching method, which involves continuous assessment, encourages both collaboration between students and teachers and the development of the autonomy and critical thinking needed to carry out their personal projects. The Faculty also offers specific expertise in a number of areas:<\/p>\n<ul>\n<li>The redevelopment and revitalisation of areas affected by major changes in terms of activities (industrial wasteland, etc.)<\/li>\n<li>The study of architectural heritage from a regional perspective<\/li>\n<li>The study of urban processes, industrial ecology and the ability to adapt to environmental challenges.<\/li>\n<\/ul>\n<p>The Faculty of Architecture and Urban Planning offers students the opportunity to develop their skills through a wide range of activities associated with the course, such as lectures, trips, seminars, workshops and film debates, notably in collaboration with the of the\u00a0<a href=\"https:\/\/ordredesarchitectes.be\/\">Belgian \u2018Order of Architects\u2019<\/a>\u00a0(Ordre des Architectes).<\/p>\n<start-cask-shortcode-wrapper>\n<blockquote class=\"shortcode-testimonial scheme-fau\">\n    <div class=\"testimonial-quote\">\n        <div>\u00ab L\u2019architecture, selon moi, est un art multidisciplinaire qui repr\u00e9sente la fusion harmonieuse de la conception, de la planification et de la construction d\u2019espaces cr\u00e9ant ainsi une connexion entre l&hellip;<\/div>\n                <a href=\"#testimonial-modal-337\" class=\"button-secondary open-testimonial scheme-border scheme-color-hover-important\">\n            Poursuivre la lecture <span class=\"icon umons-icon-tail-right\" aria-hidden=\"true\"><\/span>\n        <\/a>\n            <\/div>\n    <div class=\"testimonial-author\">\n                <div class=\"testimonial-picture\">\n            <img decoding=\"async\" src=\"https:\/\/web.umons.ac.be\/app\/uploads\/sites\/5\/2024\/01\/photo-Charlotte-80x80.png\" alt=\"\" \/>\n        <\/div>\n                <div class=\"testimonial-text\">\n            <div class=\"testimonial-identity\">\n                <span class=\"testimonial-author-name\">Charlotte Daue<\/span>\n                            <\/div>\n            <div class=\"testimonial-meta\">\n                                                <span class=\"testimonial-group\">Etudiante en Fin de cycle de Master en Architecture<\/span>\n                            <\/div>\n        <\/div>\n    <\/div>\n<\/blockquote>\n<div id=\"testimonial-modal-337\" class=\"testimonial-modal-wrap normal\" style=\"display: none;\">\n    <div class=\"shortcode-testimonial-modal\">\n        <blockquote class=\"shortcode-testimonial\">\n            <div class=\"testimonial-quote editor-front\">\n                                <blockquote class=\"highlighted-quote\">L\u2019architecture, selon moi, est un art multidisciplinaire qui repr\u00e9sente la fusion harmonieuse de la conception, de la planification et de la construction d\u2019espaces cr\u00e9ant ainsi une connexion entre l\u2019humain et son environnement construit.<\/blockquote>\n                                                <div class=\"testimonial-full-quote\"><p>\u00ab L\u2019architecture, selon moi, est un art multidisciplinaire qui repr\u00e9sente la fusion harmonieuse de la conception, de la planification et de la construction d\u2019espaces cr\u00e9ant ainsi une connexion entre l\u2019humain et son environnement construit. Au-del\u00e0 de la fonctionnalit\u00e9, l\u2019architecture a une influence profonde sur le bien-\u00eatre, le comportement et l\u2019exp\u00e9rience des individus. Les espaces que nous habitons ne sont pas simplement des structures inertes, mais des lieux vivants qui d\u00e9terminent la qualit\u00e9 de notre vie quotidienne. Ils sont les d\u00e9cors o\u00f9 se joue le quotidien de nos vies, influen\u00e7ant nos \u00e9motions et nos interactions. Cet impact s\u2019\u00e9tend \u00e9galement \u00e0 notre environnement naturel. L\u2019architecture peut jouer un r\u00f4le majeur dans le futur de notre plan\u00e8te, en adoptant des approches durables et en repensant la relation entre l\u2019homme et la nature. Elle devient ainsi un acteur cl\u00e9 dans la qu\u00eate d\u2019un \u00e9quilibre entre le d\u00e9veloppement humain et la pr\u00e9servation de notre \u00e9cosyst\u00e8me fragile. En pr\u00e9servant notre pass\u00e9, l\u2019architecture devient une sorte de m\u00e9moire concr\u00e8te. Les vestiges de lieux, d\u2019\u00e9difices et de monuments racontent l\u2019histoire de civilisations r\u00e9volues, offrant des fen\u00eatres sur notre h\u00e9ritage culturel. Les villes deviennent ainsi des mus\u00e9es \u00e0 ciel ouvert, o\u00f9 chaque rue r\u00e9sonne des \u00e9chos du pass\u00e9, invitant les g\u00e9n\u00e9rations pr\u00e9sentes \u00e0 se connecter avec leurs racines. En r\u00e9sum\u00e9, l\u2019architecture va au-del\u00e0 de la simple construction de structures ; elle incarne un art complexe qui tisse des liens entre le pass\u00e9, le pr\u00e9sent et le futur, tout en fa\u00e7onnant notre exp\u00e9rience humaine dans le monde b\u00e2ti. \u00bb<\/p>\n<\/div>\n                            <\/div>\n            <div class=\"testimonial-author\">\n                                <div class=\"testimonial-picture\">\n                    <img decoding=\"async\" src=\"https:\/\/web.umons.ac.be\/app\/uploads\/sites\/5\/2024\/01\/photo-Charlotte-80x80.png\" alt=\"\" \/>\n                <\/div>\n                                <div class=\"testimonial-text\">\n                    <div class=\"testimonial-identity\">\n                        <span class=\"testimonial-author-name\">Charlotte Daue<\/span>\n                                            <\/div>\n                    <div class=\"testimonial-meta\">\n                                                                        <span class=\"testimonial-group\">(Etudiante en Fin de cycle de Master en Architecture)<\/span>\n                                            <\/div>\n                <\/div>\n            <\/div>\n        <\/blockquote>\n    <\/div>\n<\/div>\n<end-cask-shortcode-wrapper>\n","protected":false},"excerpt":{"rendered":"<p>Our teaching approach Our teaching is part of a specific teaching practice based on architectural and urban design. Courses are organised in the form of workshops attended by around twenty students. The workshops are intended as places for reflection and creativity, where students learn to use the theoretical and practical knowledge they have acquired throughout [&hellip;]<\/p>\n","protected":false},"author":3,"featured_media":0,"parent":0,"menu_order":4,"comment_status":"closed","ping_status":"closed","template":"","meta":{"footnotes":""},"class_list":["post-611","page","type-page","status-publish","hentry"],"yoast_head":"<!-- This site is optimized with the Yoast SEO plugin v27.2 - https:\/\/yoast.com\/product\/yoast-seo-wordpress\/ -->\n<title>Courses of Study - Facult\u00e9 \/ FAU<\/title>\n<meta name=\"robots\" content=\"index, follow, max-snippet:-1, max-image-preview:large, max-video-preview:-1\" \/>\n<link rel=\"canonical\" href=\"https:\/\/web.umons.ac.be\/fau\/en\/etudes\/\" \/>\n<meta property=\"og:locale\" content=\"fr_FR\" \/>\n<meta property=\"og:type\" content=\"article\" \/>\n<meta property=\"og:title\" content=\"Courses of Study - Facult\u00e9 \/ FAU\" \/>\n<meta property=\"og:description\" content=\"Our teaching approach Our teaching is part of a specific teaching practice based on architectural and urban design. Courses are organised in the form of workshops attended by around twenty students. The workshops are intended as places for reflection and creativity, where students learn to use the theoretical and practical knowledge they have acquired throughout [&hellip;]\" \/>\n<meta property=\"og:url\" content=\"https:\/\/web.umons.ac.be\/fau\/en\/etudes\/\" \/>\n<meta property=\"og:site_name\" content=\"Facult\u00e9 \/ FAU\" \/>\n<meta property=\"article:modified_time\" content=\"2024-05-22T11:37:55+00:00\" \/>\n<meta name=\"twitter:card\" content=\"summary_large_image\" \/>\n<meta name=\"twitter:label1\" content=\"Dur\u00e9e de lecture estim\u00e9e\" \/>\n\t<meta name=\"twitter:data1\" content=\"2 minutes\" \/>\n<script type=\"application\/ld+json\" class=\"yoast-schema-graph\">{\"@context\":\"https:\/\/schema.org\",\"@graph\":[{\"@type\":\"WebPage\",\"@id\":\"https:\/\/web.umons.ac.be\/fau\/en\/etudes\/\",\"url\":\"https:\/\/web.umons.ac.be\/fau\/en\/etudes\/\",\"name\":\"Courses of Study - Facult\u00e9 \/ FAU\",\"isPartOf\":{\"@id\":\"https:\/\/web.umons.ac.be\/fau\/#website\"},\"datePublished\":\"2017-12-11T10:05:30+00:00\",\"dateModified\":\"2024-05-22T11:37:55+00:00\",\"breadcrumb\":{\"@id\":\"https:\/\/web.umons.ac.be\/fau\/en\/etudes\/#breadcrumb\"},\"inLanguage\":\"fr-FR\",\"potentialAction\":[{\"@type\":\"ReadAction\",\"target\":[\"https:\/\/web.umons.ac.be\/fau\/en\/etudes\/\"]}]},{\"@type\":\"BreadcrumbList\",\"@id\":\"https:\/\/web.umons.ac.be\/fau\/en\/etudes\/#breadcrumb\",\"itemListElement\":[{\"@type\":\"ListItem\",\"position\":1,\"name\":\"Accueil\",\"item\":\"https:\/\/web.umons.ac.be\/fau\/fr\/\"},{\"@type\":\"ListItem\",\"position\":2,\"name\":\"Courses of Study\"}]},{\"@type\":\"WebSite\",\"@id\":\"https:\/\/web.umons.ac.be\/fau\/#website\",\"url\":\"https:\/\/web.umons.ac.be\/fau\/\",\"name\":\"Facult\u00e9 \/ FAU\",\"description\":\"\",\"potentialAction\":[{\"@type\":\"SearchAction\",\"target\":{\"@type\":\"EntryPoint\",\"urlTemplate\":\"https:\/\/web.umons.ac.be\/fau\/?s={search_term_string}\"},\"query-input\":{\"@type\":\"PropertyValueSpecification\",\"valueRequired\":true,\"valueName\":\"search_term_string\"}}],\"inLanguage\":\"fr-FR\"}]}<\/script>\n<!-- \/ Yoast SEO plugin. -->","yoast_head_json":{"title":"Courses of Study - Facult\u00e9 \/ FAU","robots":{"index":"index","follow":"follow","max-snippet":"max-snippet:-1","max-image-preview":"max-image-preview:large","max-video-preview":"max-video-preview:-1"},"canonical":"https:\/\/web.umons.ac.be\/fau\/en\/etudes\/","og_locale":"fr_FR","og_type":"article","og_title":"Courses of Study - Facult\u00e9 \/ FAU","og_description":"Our teaching approach Our teaching is part of a specific teaching practice based on architectural and urban design. Courses are organised in the form of workshops attended by around twenty students. The workshops are intended as places for reflection and creativity, where students learn to use the theoretical and practical knowledge they have acquired throughout [&hellip;]","og_url":"https:\/\/web.umons.ac.be\/fau\/en\/etudes\/","og_site_name":"Facult\u00e9 \/ FAU","article_modified_time":"2024-05-22T11:37:55+00:00","twitter_card":"summary_large_image","twitter_misc":{"Dur\u00e9e de lecture estim\u00e9e":"2 minutes"},"schema":{"@context":"https:\/\/schema.org","@graph":[{"@type":"WebPage","@id":"https:\/\/web.umons.ac.be\/fau\/en\/etudes\/","url":"https:\/\/web.umons.ac.be\/fau\/en\/etudes\/","name":"Courses of Study - Facult\u00e9 \/ FAU","isPartOf":{"@id":"https:\/\/web.umons.ac.be\/fau\/#website"},"datePublished":"2017-12-11T10:05:30+00:00","dateModified":"2024-05-22T11:37:55+00:00","breadcrumb":{"@id":"https:\/\/web.umons.ac.be\/fau\/en\/etudes\/#breadcrumb"},"inLanguage":"fr-FR","potentialAction":[{"@type":"ReadAction","target":["https:\/\/web.umons.ac.be\/fau\/en\/etudes\/"]}]},{"@type":"BreadcrumbList","@id":"https:\/\/web.umons.ac.be\/fau\/en\/etudes\/#breadcrumb","itemListElement":[{"@type":"ListItem","position":1,"name":"Accueil","item":"https:\/\/web.umons.ac.be\/fau\/fr\/"},{"@type":"ListItem","position":2,"name":"Courses of Study"}]},{"@type":"WebSite","@id":"https:\/\/web.umons.ac.be\/fau\/#website","url":"https:\/\/web.umons.ac.be\/fau\/","name":"Facult\u00e9 \/ FAU","description":"","potentialAction":[{"@type":"SearchAction","target":{"@type":"EntryPoint","urlTemplate":"https:\/\/web.umons.ac.be\/fau\/?s={search_term_string}"},"query-input":{"@type":"PropertyValueSpecification","valueRequired":true,"valueName":"search_term_string"}}],"inLanguage":"fr-FR"}]}},"lang":"en","translations":{"en":611,"fr":183},"pll_sync_post":[],"_links":{"self":[{"href":"https:\/\/web.umons.ac.be\/fau\/wp-json\/wp\/v2\/pages\/611","targetHints":{"allow":["GET"]}}],"collection":[{"href":"https:\/\/web.umons.ac.be\/fau\/wp-json\/wp\/v2\/pages"}],"about":[{"href":"https:\/\/web.umons.ac.be\/fau\/wp-json\/wp\/v2\/types\/page"}],"author":[{"embeddable":true,"href":"https:\/\/web.umons.ac.be\/fau\/wp-json\/wp\/v2\/users\/3"}],"replies":[{"embeddable":true,"href":"https:\/\/web.umons.ac.be\/fau\/wp-json\/wp\/v2\/comments?post=611"}],"version-history":[{"count":3,"href":"https:\/\/web.umons.ac.be\/fau\/wp-json\/wp\/v2\/pages\/611\/revisions"}],"predecessor-version":[{"id":3041,"href":"https:\/\/web.umons.ac.be\/fau\/wp-json\/wp\/v2\/pages\/611\/revisions\/3041"}],"wp:attachment":[{"href":"https:\/\/web.umons.ac.be\/fau\/wp-json\/wp\/v2\/media?parent=611"}],"curies":[{"name":"wp","href":"https:\/\/api.w.org\/{rel}","templated":true}]}}