{"id":617,"date":"2017-12-11T11:56:06","date_gmt":"2017-12-11T10:56:06","guid":{"rendered":"https:\/\/web.umons.ac.be\/fau\/?page_id=617"},"modified":"2024-05-22T13:42:34","modified_gmt":"2024-05-22T11:42:34","slug":"voyage-detude-en-architecture","status":"publish","type":"page","link":"https:\/\/web.umons.ac.be\/fau\/en\/etudes\/les-visites-voyages-conferences-expositions-concours\/voyage-detude-en-architecture\/","title":{"rendered":"Architecture Study Trip"},"content":{"rendered":"<h2>Architecture is about <strong>places<\/strong>, their <strong>uses<\/strong>, and <strong>spatiality<\/strong>.<\/h2>\n<p>According to Le Corbusier, architecture is not conceived in the same way as \u201cpaintings\u201d, i.e. from one, forward-looking position, as the observer is moving, more attentive, and can see the work from different positions.<\/p>\n<blockquote><p>L\u2019architecture ne se voit pas d\u2019une fois, elle se voit en la parcourant, en se tournant. Les hommes ont des yeux devant et non pas autour de la t\u00eate et ils ont les yeux \u00e0 1.60 m au-dessus du sol, et cela est p\u00e9remptoire pour consid\u00e9rer les \u0153uvres d\u2019architecture. <sup>[1]<\/sup><\/p><\/blockquote>\n<p>It is understandable that the observer\u2019s movement with respect to the architectural work observed is essential to their perception and understanding. It seems that this understanding is based on the subjective experience of reality, and that it is through the observation of real situations that the knowledge of architectural space and its use in its setting transpires.<\/p>\n<p>This leads us to think that, beyond the simple visual experience, architectural realities call upon the individual sensory experience that is realised through the different senses (vision, hearing, touch, etc.) and that its material reality can only be understood through personal psychological and subjective experiences <span style=\"color: #a0ca3c;\">in situ<\/span>. Each individual is therefore called to repeat this experience of materiality through their own body, their own sensory abilities and their own experience.<\/p>\n<p>It can be concluded that understanding \u201carchitecture\u201d in its real dimensions is linked to the experience of the moving body in built environments.<\/p>\n<p>This is why the interest of the study trip in architecture lies in <span style=\"color: #a0ca3c;\">the construction of the personal, sensory, emotional and referential path of the future architects.<\/span> This experience is crucial to the emergence of architectural creativity, as future designers are confronted with the constructed reality of architecture.<\/p>\n<p>Trips are scheduled throughout the student\u2019s studies in architecture, with national and international destinations directly linked to their <span style=\"color: #a0ca3c;\">study programmes and thematic architectural workshops.<\/span> They are partially funded by the Faculty of Architecture and Urban Planning, which offers aid to each student, and according to the chosen destination, to encourage and assist them in their discovery and training.<\/p>\n<p><em>[1] Le Corbusier, Vers une architecture, \u00e9ditions Cr\u00e8s et Cie, Paris, 1923.<\/em><\/p>\n<p><iframe loading=\"lazy\" title=\"2023 Erasmus Blanche PENE\" width=\"500\" height=\"281\" src=\"https:\/\/www.youtube.com\/embed\/X5Cb2sx9NwY?feature=oembed\" frameborder=\"0\" allow=\"accelerometer; autoplay; clipboard-write; encrypted-media; gyroscope; picture-in-picture; web-share\" referrerpolicy=\"strict-origin-when-cross-origin\" allowfullscreen><\/iframe><\/p>\n","protected":false},"excerpt":{"rendered":"<p>Architecture is about places, their uses, and spatiality. According to Le Corbusier, architecture is not conceived in the same way as \u201cpaintings\u201d, i.e. from one, forward-looking position, as the observer is moving, more attentive, and can see the work from different positions. L\u2019architecture ne se voit pas d\u2019une fois, elle se voit en la parcourant, [&hellip;]<\/p>\n","protected":false},"author":3,"featured_media":0,"parent":524,"menu_order":6,"comment_status":"closed","ping_status":"closed","template":"","meta":{"footnotes":""},"class_list":["post-617","page","type-page","status-publish","hentry"],"yoast_head":"<!-- This site is optimized with the Yoast SEO plugin v27.2 - https:\/\/yoast.com\/product\/yoast-seo-wordpress\/ -->\n<title>Architecture Study Trip - Facult\u00e9 \/ FAU<\/title>\n<meta name=\"robots\" content=\"index, follow, max-snippet:-1, max-image-preview:large, max-video-preview:-1\" \/>\n<link rel=\"canonical\" href=\"https:\/\/web.umons.ac.be\/fau\/en\/etudes\/les-visites-voyages-conferences-expositions-concours\/voyage-detude-en-architecture\/\" \/>\n<meta property=\"og:locale\" content=\"fr_FR\" \/>\n<meta property=\"og:type\" content=\"article\" \/>\n<meta property=\"og:title\" content=\"Architecture Study Trip - Facult\u00e9 \/ FAU\" \/>\n<meta property=\"og:description\" content=\"Architecture is about places, their uses, and spatiality. According to Le Corbusier, architecture is not conceived in the same way as \u201cpaintings\u201d, i.e. from one, forward-looking position, as the observer is moving, more attentive, and can see the work from different positions. L\u2019architecture ne se voit pas d\u2019une fois, elle se voit en la parcourant, [&hellip;]\" \/>\n<meta property=\"og:url\" content=\"https:\/\/web.umons.ac.be\/fau\/en\/etudes\/les-visites-voyages-conferences-expositions-concours\/voyage-detude-en-architecture\/\" \/>\n<meta property=\"og:site_name\" content=\"Facult\u00e9 \/ FAU\" \/>\n<meta property=\"article:modified_time\" content=\"2024-05-22T11:42:34+00:00\" \/>\n<meta name=\"twitter:card\" content=\"summary_large_image\" \/>\n<meta name=\"twitter:label1\" content=\"Dur\u00e9e de lecture estim\u00e9e\" \/>\n\t<meta name=\"twitter:data1\" content=\"2 minutes\" \/>\n<script type=\"application\/ld+json\" class=\"yoast-schema-graph\">{\"@context\":\"https:\/\/schema.org\",\"@graph\":[{\"@type\":\"WebPage\",\"@id\":\"https:\/\/web.umons.ac.be\/fau\/en\/etudes\/les-visites-voyages-conferences-expositions-concours\/voyage-detude-en-architecture\/\",\"url\":\"https:\/\/web.umons.ac.be\/fau\/en\/etudes\/les-visites-voyages-conferences-expositions-concours\/voyage-detude-en-architecture\/\",\"name\":\"Architecture Study Trip - Facult\u00e9 \/ FAU\",\"isPartOf\":{\"@id\":\"https:\/\/web.umons.ac.be\/fau\/#website\"},\"datePublished\":\"2017-12-11T10:56:06+00:00\",\"dateModified\":\"2024-05-22T11:42:34+00:00\",\"breadcrumb\":{\"@id\":\"https:\/\/web.umons.ac.be\/fau\/en\/etudes\/les-visites-voyages-conferences-expositions-concours\/voyage-detude-en-architecture\/#breadcrumb\"},\"inLanguage\":\"fr-FR\",\"potentialAction\":[{\"@type\":\"ReadAction\",\"target\":[\"https:\/\/web.umons.ac.be\/fau\/en\/etudes\/les-visites-voyages-conferences-expositions-concours\/voyage-detude-en-architecture\/\"]}]},{\"@type\":\"BreadcrumbList\",\"@id\":\"https:\/\/web.umons.ac.be\/fau\/en\/etudes\/les-visites-voyages-conferences-expositions-concours\/voyage-detude-en-architecture\/#breadcrumb\",\"itemListElement\":[{\"@type\":\"ListItem\",\"position\":1,\"name\":\"Accueil\",\"item\":\"https:\/\/web.umons.ac.be\/fau\/fr\/\"},{\"@type\":\"ListItem\",\"position\":2,\"name\":\"Courses of Study\",\"item\":\"https:\/\/web.umons.ac.be\/fau\/en\/etudes\/\"},{\"@type\":\"ListItem\",\"position\":3,\"name\":\"International Relations\",\"item\":\"https:\/\/web.umons.ac.be\/fau\/en\/etudes\/les-visites-voyages-conferences-expositions-concours\/\"},{\"@type\":\"ListItem\",\"position\":4,\"name\":\"Architecture Study Trip\"}]},{\"@type\":\"WebSite\",\"@id\":\"https:\/\/web.umons.ac.be\/fau\/#website\",\"url\":\"https:\/\/web.umons.ac.be\/fau\/\",\"name\":\"Facult\u00e9 \/ FAU\",\"description\":\"\",\"potentialAction\":[{\"@type\":\"SearchAction\",\"target\":{\"@type\":\"EntryPoint\",\"urlTemplate\":\"https:\/\/web.umons.ac.be\/fau\/?s={search_term_string}\"},\"query-input\":{\"@type\":\"PropertyValueSpecification\",\"valueRequired\":true,\"valueName\":\"search_term_string\"}}],\"inLanguage\":\"fr-FR\"}]}<\/script>\n<!-- \/ Yoast SEO plugin. -->","yoast_head_json":{"title":"Architecture Study Trip - Facult\u00e9 \/ FAU","robots":{"index":"index","follow":"follow","max-snippet":"max-snippet:-1","max-image-preview":"max-image-preview:large","max-video-preview":"max-video-preview:-1"},"canonical":"https:\/\/web.umons.ac.be\/fau\/en\/etudes\/les-visites-voyages-conferences-expositions-concours\/voyage-detude-en-architecture\/","og_locale":"fr_FR","og_type":"article","og_title":"Architecture Study Trip - Facult\u00e9 \/ FAU","og_description":"Architecture is about places, their uses, and spatiality. According to Le Corbusier, architecture is not conceived in the same way as \u201cpaintings\u201d, i.e. from one, forward-looking position, as the observer is moving, more attentive, and can see the work from different positions. L\u2019architecture ne se voit pas d\u2019une fois, elle se voit en la parcourant, [&hellip;]","og_url":"https:\/\/web.umons.ac.be\/fau\/en\/etudes\/les-visites-voyages-conferences-expositions-concours\/voyage-detude-en-architecture\/","og_site_name":"Facult\u00e9 \/ FAU","article_modified_time":"2024-05-22T11:42:34+00:00","twitter_card":"summary_large_image","twitter_misc":{"Dur\u00e9e de lecture estim\u00e9e":"2 minutes"},"schema":{"@context":"https:\/\/schema.org","@graph":[{"@type":"WebPage","@id":"https:\/\/web.umons.ac.be\/fau\/en\/etudes\/les-visites-voyages-conferences-expositions-concours\/voyage-detude-en-architecture\/","url":"https:\/\/web.umons.ac.be\/fau\/en\/etudes\/les-visites-voyages-conferences-expositions-concours\/voyage-detude-en-architecture\/","name":"Architecture Study Trip - Facult\u00e9 \/ FAU","isPartOf":{"@id":"https:\/\/web.umons.ac.be\/fau\/#website"},"datePublished":"2017-12-11T10:56:06+00:00","dateModified":"2024-05-22T11:42:34+00:00","breadcrumb":{"@id":"https:\/\/web.umons.ac.be\/fau\/en\/etudes\/les-visites-voyages-conferences-expositions-concours\/voyage-detude-en-architecture\/#breadcrumb"},"inLanguage":"fr-FR","potentialAction":[{"@type":"ReadAction","target":["https:\/\/web.umons.ac.be\/fau\/en\/etudes\/les-visites-voyages-conferences-expositions-concours\/voyage-detude-en-architecture\/"]}]},{"@type":"BreadcrumbList","@id":"https:\/\/web.umons.ac.be\/fau\/en\/etudes\/les-visites-voyages-conferences-expositions-concours\/voyage-detude-en-architecture\/#breadcrumb","itemListElement":[{"@type":"ListItem","position":1,"name":"Accueil","item":"https:\/\/web.umons.ac.be\/fau\/fr\/"},{"@type":"ListItem","position":2,"name":"Courses of Study","item":"https:\/\/web.umons.ac.be\/fau\/en\/etudes\/"},{"@type":"ListItem","position":3,"name":"International Relations","item":"https:\/\/web.umons.ac.be\/fau\/en\/etudes\/les-visites-voyages-conferences-expositions-concours\/"},{"@type":"ListItem","position":4,"name":"Architecture Study Trip"}]},{"@type":"WebSite","@id":"https:\/\/web.umons.ac.be\/fau\/#website","url":"https:\/\/web.umons.ac.be\/fau\/","name":"Facult\u00e9 \/ FAU","description":"","potentialAction":[{"@type":"SearchAction","target":{"@type":"EntryPoint","urlTemplate":"https:\/\/web.umons.ac.be\/fau\/?s={search_term_string}"},"query-input":{"@type":"PropertyValueSpecification","valueRequired":true,"valueName":"search_term_string"}}],"inLanguage":"fr-FR"}]}},"lang":"en","translations":{"en":617,"fr":573},"pll_sync_post":[],"_links":{"self":[{"href":"https:\/\/web.umons.ac.be\/fau\/wp-json\/wp\/v2\/pages\/617","targetHints":{"allow":["GET"]}}],"collection":[{"href":"https:\/\/web.umons.ac.be\/fau\/wp-json\/wp\/v2\/pages"}],"about":[{"href":"https:\/\/web.umons.ac.be\/fau\/wp-json\/wp\/v2\/types\/page"}],"author":[{"embeddable":true,"href":"https:\/\/web.umons.ac.be\/fau\/wp-json\/wp\/v2\/users\/3"}],"replies":[{"embeddable":true,"href":"https:\/\/web.umons.ac.be\/fau\/wp-json\/wp\/v2\/comments?post=617"}],"version-history":[{"count":3,"href":"https:\/\/web.umons.ac.be\/fau\/wp-json\/wp\/v2\/pages\/617\/revisions"}],"predecessor-version":[{"id":2983,"href":"https:\/\/web.umons.ac.be\/fau\/wp-json\/wp\/v2\/pages\/617\/revisions\/2983"}],"up":[{"embeddable":true,"href":"https:\/\/web.umons.ac.be\/fau\/wp-json\/wp\/v2\/pages\/524"}],"wp:attachment":[{"href":"https:\/\/web.umons.ac.be\/fau\/wp-json\/wp\/v2\/media?parent=617"}],"curies":[{"name":"wp","href":"https:\/\/api.w.org\/{rel}","templated":true}]}}