{"id":985,"date":"2019-04-09T12:55:15","date_gmt":"2019-04-09T10:55:15","guid":{"rendered":"https:\/\/web.umons.ac.be\/fau\/?page_id=985"},"modified":"2024-06-25T10:48:28","modified_gmt":"2024-06-25T08:48:28","slug":"stage-et-travail-fin-etudes","status":"publish","type":"page","link":"https:\/\/web.umons.ac.be\/fau\/fr\/etudes\/stage-et-travail-fin-etudes\/","title":{"rendered":"Stages et Travail de fin d&rsquo;\u00e9tudes"},"content":{"rendered":"<h2>Stages<\/h2>\n<p>Les \u00e9tudiants de la Facult\u00e9 d\u2019Architecture et d\u2019Urbanisme r\u00e9alisent un stage par cycle (Bac\/Master).<\/p>\n<p><span style=\"font-family: 'Helvetica Neue', Helvetica, Arial, sans-serif; font-size: 14px; font-style: normal; font-variant-ligatures: normal; font-variant-caps: normal; font-weight: 400;\">Les objectifs du stage, outre l\u2019exp\u00e9rience en milieu de travail, consistent \u00e0 confronter les acquis des enseignements re\u00e7us au sein de la Facult\u00e9 d\u2019Architecture et d&rsquo;Urbanisme et les missions confi\u00e9es aux architectes dans leur vie professionnelle. Il s\u2019effectuera dans un seul organisme d\u2019accueil durant une p\u00e9riode de 15 jours ouvrables<\/span><span style=\"font-family: 'Helvetica Neue', Helvetica, Arial, sans-serif; font-size: 14px; font-style: normal; font-variant-ligatures: normal; font-variant-caps: normal; font-weight: 400;\">, hors p\u00e9riodes de cours.<\/span><\/p>\n<p>En Bachelier, les stages sont r\u00e9alis\u00e9s dans une entreprise de con<span style=\"font-size: 14px;\">struction ou en bureau d\u2019\u00e9tudes (Architecte, HVAC, Project Manager,&#8230;). Les objectifs durant le bachelier sont notamment l&rsquo;immersion des \u00e9tudiants dans un contexte professionnel en lien avec le domaine d&rsquo;\u00e9tudes et renforcer les liens entre la conception architecturale et la r\u00e9alisation de projets.\u00a0<\/span>\u00a0Le stage sera orient\u00e9 \u00ab\u00a0chantier\u00a0\u00bb et privil\u00e9giera la compr\u00e9hension des r\u00f4les des intervenants dans la gestion directe de la construction d\u2019immeubles. Le stage peut \u00eatre organis\u00e9 durant plusieurs p\u00e9riodes afin de couvrir les diff\u00e9rentes phases de la construction de ceux-ci. Le suivi d\u2019un gros-\u0153uvre reste une priorit\u00e9 en bachelier. Les stages au sein des bureaux d\u2019\u00e9tudes ou bureaux d\u2019architecture est recevable \u00e0 la condition imp\u00e9rative qu\u2019il soit orient\u00e9 \u00ab\u00a0chantier\u00a0\u00bb et permette \u00e0 l\u2019\u00e9tudiant d\u2019appr\u00e9hender les liens entre le projet (plans, m\u00e9tr\u00e9, cahier sp\u00e9cial des charges,\u2026) et le chantier.<\/p>\n<p>Durant le Master, l&rsquo;exp\u00e9rience en milieu de travail s&rsquo;effectuera en agence d&rsquo;architecture ou en bureau d&rsquo;\u00e9tudes exclusivement ou encore dans une administration en lien avec l\u2019architecture et\/ou l\u2019urbanisme (priv\u00e9 ou public).<\/p>\n<p>Un rapport de stage obligatoire respectant les consignes sera r\u00e9dig\u00e9 par l&rsquo;\u00e9tudiant. Il pr\u00e9cisera les prestations effectu\u00e9es et expliquera, de mani\u00e8re structur\u00e9e, d\u00e9taill\u00e9e et critique l&rsquo;exp\u00e9rience v\u00e9cue au titulaire de l\u2019UE (Unit\u00e9 d&rsquo;Enseignement) qui d\u00e9clarera la qualit\u00e9 de celui-ci et si les objectifs du stage sont atteints.<\/p>\n<h2>Travail de fin d&rsquo;\u00e9tudes<\/h2>\n<h6><em><span style=\"color: #a2c301;\">Par la r\u00e9alisation d&rsquo;un travail \u00e9crit personnel relatif \u00e0 un sujet en rapport direct avec l&rsquo;architecture, l&rsquo;\u00e9tudiant d\u00e9veloppe et illustre ses capacit\u00e9s de prospection, d&rsquo;analyse et de synth\u00e8se.\u00a0<\/span><\/em><\/h6>\n<p>Le travail de fin d\u2019\u00e9tudes (TFE) est un important exercice intellectuel d\u2019expression \u00e9crite.\u00a0 Il apporte les bases d\u2019une initiation aux m\u00e9thodes d\u2019investigation et de structuration de la pens\u00e9e, d\u2019approfondissement des connaissances, de critique objective et de v\u00e9rification des id\u00e9es.\u00a0 Il doit susciter chez les \u00e9tudiant(e)s le go\u00fbt de l\u2019interrogation et de la d\u00e9couverte, de la r\u00e9flexion et de la formulation claire.\u00a0 Il permet aussi de fonder les bases d\u2019un d\u00e9veloppement personnel de la connaissance (apprendre \u00e0 apprendre) et de s\u2019ouvrir \u00e0 la recherche objective et d\u00e9sint\u00e9ress\u00e9e.<\/p>\n<p>R\u00e9aliser un TFE \u00e9crit, c\u2019est en outre se pr\u00e9parer au d\u00e9veloppement de recherches ult\u00e9rieures et \u00e0 la confrontation des id\u00e9es par l&rsquo;analyse syst\u00e9matique de celles-ci.<\/p>\n<p>Les travaux de fin d&rsquo;\u00e9tudes des \u00e9tudiants de la FA+U sont r\u00e9alis\u00e9s au cours du Master 2 et ne sont pas obligatoirement li\u00e9s aux stages. Les sujets doivent \u00eatre d\u00e9finis au cours du Master 1 et un \u00e9tat d&rsquo;avancement doit \u00eatre valid\u00e9 en fin de Master 1.<\/p>\n","protected":false},"excerpt":{"rendered":"<p>Stages Les \u00e9tudiants de la Facult\u00e9 d\u2019Architecture et d\u2019Urbanisme r\u00e9alisent un stage par cycle (Bac\/Master). Les objectifs du stage, outre l\u2019exp\u00e9rience en milieu de travail, consistent \u00e0 confronter les acquis des enseignements re\u00e7us au sein de la Facult\u00e9 d\u2019Architecture et d&rsquo;Urbanisme et les missions confi\u00e9es aux architectes dans leur vie professionnelle. Il s\u2019effectuera dans un [&hellip;]<\/p>\n","protected":false},"author":2,"featured_media":0,"parent":183,"menu_order":5,"comment_status":"closed","ping_status":"closed","template":"","meta":{"footnotes":""},"class_list":["post-985","page","type-page","status-publish","hentry"],"yoast_head":"<!-- This site is optimized with the Yoast SEO plugin v27.2 - https:\/\/yoast.com\/product\/yoast-seo-wordpress\/ -->\n<title>Stages et travail de fin d&#039;\u00e9tudes<\/title>\n<meta name=\"description\" content=\"Dans le cadre des stages et travail de fin d&#039;\u00e9tudes, les \u00e9tudiants r\u00e9alisent un stage par cycle et les TFE s&#039;effectuent au cours du Master 2.\" \/>\n<meta name=\"robots\" content=\"index, follow, max-snippet:-1, max-image-preview:large, max-video-preview:-1\" \/>\n<link rel=\"canonical\" href=\"https:\/\/web.umons.ac.be\/fau\/fr\/etudes\/stage-et-travail-fin-etudes\/\" \/>\n<meta property=\"og:locale\" content=\"fr_FR\" \/>\n<meta property=\"og:type\" content=\"article\" \/>\n<meta property=\"og:title\" content=\"Stages et travail de fin d&#039;\u00e9tudes\" \/>\n<meta property=\"og:description\" content=\"Dans le cadre des stages et travail de fin d&#039;\u00e9tudes, les \u00e9tudiants r\u00e9alisent un stage par cycle et les TFE s&#039;effectuent au cours du Master 2.\" \/>\n<meta property=\"og:url\" content=\"https:\/\/web.umons.ac.be\/fau\/fr\/etudes\/stage-et-travail-fin-etudes\/\" \/>\n<meta property=\"og:site_name\" content=\"Facult\u00e9 \/ FAU\" \/>\n<meta property=\"article:modified_time\" content=\"2024-06-25T08:48:28+00:00\" \/>\n<meta name=\"twitter:card\" content=\"summary_large_image\" \/>\n<meta name=\"twitter:label1\" content=\"Dur\u00e9e de lecture estim\u00e9e\" \/>\n\t<meta name=\"twitter:data1\" content=\"3 minutes\" \/>\n<script type=\"application\/ld+json\" class=\"yoast-schema-graph\">{\"@context\":\"https:\/\/schema.org\",\"@graph\":[{\"@type\":\"WebPage\",\"@id\":\"https:\/\/web.umons.ac.be\/fau\/fr\/etudes\/stage-et-travail-fin-etudes\/\",\"url\":\"https:\/\/web.umons.ac.be\/fau\/fr\/etudes\/stage-et-travail-fin-etudes\/\",\"name\":\"Stages et travail de fin d'\u00e9tudes\",\"isPartOf\":{\"@id\":\"https:\/\/web.umons.ac.be\/fau\/#website\"},\"datePublished\":\"2019-04-09T10:55:15+00:00\",\"dateModified\":\"2024-06-25T08:48:28+00:00\",\"description\":\"Dans le cadre des stages et travail de fin d'\u00e9tudes, les \u00e9tudiants r\u00e9alisent un stage par cycle et les TFE s'effectuent au cours du Master 2.\",\"breadcrumb\":{\"@id\":\"https:\/\/web.umons.ac.be\/fau\/fr\/etudes\/stage-et-travail-fin-etudes\/#breadcrumb\"},\"inLanguage\":\"fr-FR\",\"potentialAction\":[{\"@type\":\"ReadAction\",\"target\":[\"https:\/\/web.umons.ac.be\/fau\/fr\/etudes\/stage-et-travail-fin-etudes\/\"]}]},{\"@type\":\"BreadcrumbList\",\"@id\":\"https:\/\/web.umons.ac.be\/fau\/fr\/etudes\/stage-et-travail-fin-etudes\/#breadcrumb\",\"itemListElement\":[{\"@type\":\"ListItem\",\"position\":1,\"name\":\"Accueil\",\"item\":\"https:\/\/web.umons.ac.be\/fau\/fr\/\"},{\"@type\":\"ListItem\",\"position\":2,\"name\":\"Etudes\",\"item\":\"https:\/\/web.umons.ac.be\/fau\/fr\/etudes\/\"},{\"@type\":\"ListItem\",\"position\":3,\"name\":\"Stages et Travail de fin d&rsquo;\u00e9tudes\"}]},{\"@type\":\"WebSite\",\"@id\":\"https:\/\/web.umons.ac.be\/fau\/#website\",\"url\":\"https:\/\/web.umons.ac.be\/fau\/\",\"name\":\"Facult\u00e9 \/ FAU\",\"description\":\"\",\"potentialAction\":[{\"@type\":\"SearchAction\",\"target\":{\"@type\":\"EntryPoint\",\"urlTemplate\":\"https:\/\/web.umons.ac.be\/fau\/?s={search_term_string}\"},\"query-input\":{\"@type\":\"PropertyValueSpecification\",\"valueRequired\":true,\"valueName\":\"search_term_string\"}}],\"inLanguage\":\"fr-FR\"}]}<\/script>\n<!-- \/ Yoast SEO plugin. -->","yoast_head_json":{"title":"Stages et travail de fin d'\u00e9tudes","description":"Dans le cadre des stages et travail de fin d'\u00e9tudes, les \u00e9tudiants r\u00e9alisent un stage par cycle et les TFE s'effectuent au cours du Master 2.","robots":{"index":"index","follow":"follow","max-snippet":"max-snippet:-1","max-image-preview":"max-image-preview:large","max-video-preview":"max-video-preview:-1"},"canonical":"https:\/\/web.umons.ac.be\/fau\/fr\/etudes\/stage-et-travail-fin-etudes\/","og_locale":"fr_FR","og_type":"article","og_title":"Stages et travail de fin d'\u00e9tudes","og_description":"Dans le cadre des stages et travail de fin d'\u00e9tudes, les \u00e9tudiants r\u00e9alisent un stage par cycle et les TFE s'effectuent au cours du Master 2.","og_url":"https:\/\/web.umons.ac.be\/fau\/fr\/etudes\/stage-et-travail-fin-etudes\/","og_site_name":"Facult\u00e9 \/ FAU","article_modified_time":"2024-06-25T08:48:28+00:00","twitter_card":"summary_large_image","twitter_misc":{"Dur\u00e9e de lecture estim\u00e9e":"3 minutes"},"schema":{"@context":"https:\/\/schema.org","@graph":[{"@type":"WebPage","@id":"https:\/\/web.umons.ac.be\/fau\/fr\/etudes\/stage-et-travail-fin-etudes\/","url":"https:\/\/web.umons.ac.be\/fau\/fr\/etudes\/stage-et-travail-fin-etudes\/","name":"Stages et travail de fin d'\u00e9tudes","isPartOf":{"@id":"https:\/\/web.umons.ac.be\/fau\/#website"},"datePublished":"2019-04-09T10:55:15+00:00","dateModified":"2024-06-25T08:48:28+00:00","description":"Dans le cadre des stages et travail de fin d'\u00e9tudes, les \u00e9tudiants r\u00e9alisent un stage par cycle et les TFE s'effectuent au cours du Master 2.","breadcrumb":{"@id":"https:\/\/web.umons.ac.be\/fau\/fr\/etudes\/stage-et-travail-fin-etudes\/#breadcrumb"},"inLanguage":"fr-FR","potentialAction":[{"@type":"ReadAction","target":["https:\/\/web.umons.ac.be\/fau\/fr\/etudes\/stage-et-travail-fin-etudes\/"]}]},{"@type":"BreadcrumbList","@id":"https:\/\/web.umons.ac.be\/fau\/fr\/etudes\/stage-et-travail-fin-etudes\/#breadcrumb","itemListElement":[{"@type":"ListItem","position":1,"name":"Accueil","item":"https:\/\/web.umons.ac.be\/fau\/fr\/"},{"@type":"ListItem","position":2,"name":"Etudes","item":"https:\/\/web.umons.ac.be\/fau\/fr\/etudes\/"},{"@type":"ListItem","position":3,"name":"Stages et Travail de fin d&rsquo;\u00e9tudes"}]},{"@type":"WebSite","@id":"https:\/\/web.umons.ac.be\/fau\/#website","url":"https:\/\/web.umons.ac.be\/fau\/","name":"Facult\u00e9 \/ FAU","description":"","potentialAction":[{"@type":"SearchAction","target":{"@type":"EntryPoint","urlTemplate":"https:\/\/web.umons.ac.be\/fau\/?s={search_term_string}"},"query-input":{"@type":"PropertyValueSpecification","valueRequired":true,"valueName":"search_term_string"}}],"inLanguage":"fr-FR"}]}},"lang":"fr","translations":{"fr":985,"en":3355},"pll_sync_post":[],"_links":{"self":[{"href":"https:\/\/web.umons.ac.be\/fau\/wp-json\/wp\/v2\/pages\/985","targetHints":{"allow":["GET"]}}],"collection":[{"href":"https:\/\/web.umons.ac.be\/fau\/wp-json\/wp\/v2\/pages"}],"about":[{"href":"https:\/\/web.umons.ac.be\/fau\/wp-json\/wp\/v2\/types\/page"}],"author":[{"embeddable":true,"href":"https:\/\/web.umons.ac.be\/fau\/wp-json\/wp\/v2\/users\/2"}],"replies":[{"embeddable":true,"href":"https:\/\/web.umons.ac.be\/fau\/wp-json\/wp\/v2\/comments?post=985"}],"version-history":[{"count":4,"href":"https:\/\/web.umons.ac.be\/fau\/wp-json\/wp\/v2\/pages\/985\/revisions"}],"predecessor-version":[{"id":2921,"href":"https:\/\/web.umons.ac.be\/fau\/wp-json\/wp\/v2\/pages\/985\/revisions\/2921"}],"up":[{"embeddable":true,"href":"https:\/\/web.umons.ac.be\/fau\/wp-json\/wp\/v2\/pages\/183"}],"wp:attachment":[{"href":"https:\/\/web.umons.ac.be\/fau\/wp-json\/wp\/v2\/media?parent=985"}],"curies":[{"name":"wp","href":"https:\/\/api.w.org\/{rel}","templated":true}]}}