{"id":15,"date":"2021-11-10T08:44:50","date_gmt":"2021-11-10T07:44:50","guid":{"rendered":"https:\/\/web.umons.ac.be\/fina\/activites-de-recherche\/"},"modified":"2024-10-23T20:18:11","modified_gmt":"2024-10-23T18:18:11","slug":"activites-de-recherche","status":"publish","type":"page","link":"https:\/\/web.umons.ac.be\/fina\/activites-de-recherche\/","title":{"rendered":"Activit\u00e9s de recherche"},"content":{"rendered":"<ul>\n<li><span data-olk-copy-source=\"MessageBody\">Investissement socialement responsable<\/span><\/li>\n<li>Investissement coop\u00e9ratif<\/li>\n<li>Performance ESG<\/li>\n<li>Comportement des investisseurs<\/li>\n<li>Ph\u00e9nom\u00e8ne de faillite d&rsquo;entreprises<\/li>\n<li>Rebond entrepreneurial<\/li>\n<li>Endettement<\/li>\n<li>Evaluation d\u2019entreprise<\/li>\n<li>Fusions et acquisitions<\/li>\n<li>OPA<\/li>\n<li>Financement d\u2019investissement<\/li>\n<li>Education financi\u00e8re<\/li>\n<li>Communication financi\u00e8re<\/li>\n<li>Internet<\/li>\n<li>Les march\u00e9s non r\u00e9glement\u00e9s<\/li>\n<li>M\u00e9thodologie de la th\u00e9orisation enracin\u00e9e (MTE)<\/li>\n<li>Impact des mobilit\u00e9s internationales (type Erasmus)<\/li>\n<\/ul>\n<hr \/>\n<p>Notre service est, par ailleurs rattach\u00e9 \u00e0 un institut de recherche de l\u2019UMONS :<\/p>\n<start-cask-shortcode-wrapper>\t\t<div class=\"associated-institutes content-block scheme-fweg\">\n\t\t\t<ul class=\"institutes-list\">\n\t\t\t\t\t\t\t\t\t\t<li>\n\t\t\t\t\t\t\t<a href=\"https:\/\/web.umons.ac.be\/soci_e_ter\" title=\"Acc\u00e9der au site web de : Institut \/ Soci&amp;ter\" class=\"associated-institute\">\n\t\t\t\t\t\t\t\t<img loading=\"lazy\" decoding=\"async\" width=\"1\" height=\"1\" src=\"https:\/\/web.umons.ac.be\/app\/uploads\/sites\/33\/2021\/11\/Societer-FR.svg\" class=\"attachment-thumbnail size-thumbnail\" alt=\"\" \/>\t\t\t\t\t\t\t<\/a>\t\t\t\n\t\t\t\t\t\t<\/li>\n\t\t\t\t\t\t\t\t\t\t<li>\n\t\t\t\t\t\t\t<a href=\"https:\/\/web.umons.ac.be\/risques\" title=\"Acc\u00e9der au site web de : Institut \/ Risques\" class=\"associated-institute\">\n\t\t\t\t\t\t\t\t<img loading=\"lazy\" decoding=\"async\" width=\"1\" height=\"1\" src=\"https:\/\/web.umons.ac.be\/app\/uploads\/sites\/36\/2017\/12\/risques_logo_fr.svg\" class=\"attachment-thumbnail size-thumbnail\" alt=\"\" \/>\t\t\t\t\t\t\t<\/a>\t\t\t\n\t\t\t\t\t\t<\/li>\n\t\t\t\t\t\t\t<\/ul>\n\t\t<\/div>\n <end-cask-shortcode-wrapper>\n","protected":false},"excerpt":{"rendered":"<p>Investissement socialement responsable Investissement coop\u00e9ratif Performance ESG Comportement des investisseurs Ph\u00e9nom\u00e8ne de faillite d&rsquo;entreprises Rebond entrepreneurial Endettement Evaluation d\u2019entreprise Fusions et acquisitions OPA Financement d\u2019investissement Education financi\u00e8re Communication financi\u00e8re Internet Les march\u00e9s non r\u00e9glement\u00e9s M\u00e9thodologie de la th\u00e9orisation enracin\u00e9e (MTE) Impact des mobilit\u00e9s internationales (type Erasmus) Notre service est, par ailleurs rattach\u00e9 \u00e0 un institut [&hellip;]<\/p>\n","protected":false},"author":4,"featured_media":0,"parent":0,"menu_order":0,"comment_status":"closed","ping_status":"closed","template":"","meta":{"footnotes":""},"class_list":["post-15","page","type-page","status-publish","hentry"],"yoast_head":"<!-- This site is optimized with the Yoast SEO plugin v27.2 - https:\/\/yoast.com\/product\/yoast-seo-wordpress\/ -->\n<title>Activit\u00e9s de recherche - Service \/ FWEG - Finance<\/title>\n<meta name=\"robots\" content=\"index, follow, max-snippet:-1, max-image-preview:large, max-video-preview:-1\" \/>\n<link rel=\"canonical\" href=\"https:\/\/web.umons.ac.be\/fina\/activites-de-recherche\/\" \/>\n<meta property=\"og:locale\" content=\"fr_FR\" \/>\n<meta property=\"og:type\" content=\"article\" \/>\n<meta property=\"og:title\" content=\"Activit\u00e9s de recherche - Service \/ FWEG - Finance\" \/>\n<meta property=\"og:description\" content=\"Investissement socialement responsable Investissement coop\u00e9ratif Performance ESG Comportement des investisseurs Ph\u00e9nom\u00e8ne de faillite d&rsquo;entreprises Rebond entrepreneurial Endettement Evaluation d\u2019entreprise Fusions et acquisitions OPA Financement d\u2019investissement Education financi\u00e8re Communication financi\u00e8re Internet Les march\u00e9s non r\u00e9glement\u00e9s M\u00e9thodologie de la th\u00e9orisation enracin\u00e9e (MTE) Impact des mobilit\u00e9s internationales (type Erasmus) Notre service est, par ailleurs rattach\u00e9 \u00e0 un institut [&hellip;]\" \/>\n<meta property=\"og:url\" content=\"https:\/\/web.umons.ac.be\/fina\/activites-de-recherche\/\" \/>\n<meta property=\"og:site_name\" content=\"Service \/ FWEG - Finance\" \/>\n<meta property=\"article:modified_time\" content=\"2024-10-23T18:18:11+00:00\" \/>\n<meta name=\"twitter:card\" content=\"summary_large_image\" \/>\n<meta name=\"twitter:label1\" content=\"Dur\u00e9e de lecture estim\u00e9e\" \/>\n\t<meta name=\"twitter:data1\" content=\"1 minute\" \/>\n<script type=\"application\/ld+json\" class=\"yoast-schema-graph\">{\"@context\":\"https:\/\/schema.org\",\"@graph\":[{\"@type\":\"WebPage\",\"@id\":\"https:\/\/web.umons.ac.be\/fina\/activites-de-recherche\/\",\"url\":\"https:\/\/web.umons.ac.be\/fina\/activites-de-recherche\/\",\"name\":\"Activit\u00e9s de recherche - Service \/ FWEG - Finance\",\"isPartOf\":{\"@id\":\"https:\/\/web.umons.ac.be\/fina\/#website\"},\"datePublished\":\"2021-11-10T07:44:50+00:00\",\"dateModified\":\"2024-10-23T18:18:11+00:00\",\"breadcrumb\":{\"@id\":\"https:\/\/web.umons.ac.be\/fina\/activites-de-recherche\/#breadcrumb\"},\"inLanguage\":\"fr-FR\",\"potentialAction\":[{\"@type\":\"ReadAction\",\"target\":[\"https:\/\/web.umons.ac.be\/fina\/activites-de-recherche\/\"]}]},{\"@type\":\"BreadcrumbList\",\"@id\":\"https:\/\/web.umons.ac.be\/fina\/activites-de-recherche\/#breadcrumb\",\"itemListElement\":[{\"@type\":\"ListItem\",\"position\":1,\"name\":\"Home\",\"item\":\"https:\/\/web.umons.ac.be\/fina\/\"},{\"@type\":\"ListItem\",\"position\":2,\"name\":\"Activit\u00e9s de recherche\"}]},{\"@type\":\"WebSite\",\"@id\":\"https:\/\/web.umons.ac.be\/fina\/#website\",\"url\":\"https:\/\/web.umons.ac.be\/fina\/\",\"name\":\"Service \/ FWEG - Finance\",\"description\":\"\",\"potentialAction\":[{\"@type\":\"SearchAction\",\"target\":{\"@type\":\"EntryPoint\",\"urlTemplate\":\"https:\/\/web.umons.ac.be\/fina\/?s={search_term_string}\"},\"query-input\":{\"@type\":\"PropertyValueSpecification\",\"valueRequired\":true,\"valueName\":\"search_term_string\"}}],\"inLanguage\":\"fr-FR\"}]}<\/script>\n<!-- \/ Yoast SEO plugin. -->","yoast_head_json":{"title":"Activit\u00e9s de recherche - Service \/ FWEG - Finance","robots":{"index":"index","follow":"follow","max-snippet":"max-snippet:-1","max-image-preview":"max-image-preview:large","max-video-preview":"max-video-preview:-1"},"canonical":"https:\/\/web.umons.ac.be\/fina\/activites-de-recherche\/","og_locale":"fr_FR","og_type":"article","og_title":"Activit\u00e9s de recherche - Service \/ FWEG - Finance","og_description":"Investissement socialement responsable Investissement coop\u00e9ratif Performance ESG Comportement des investisseurs Ph\u00e9nom\u00e8ne de faillite d&rsquo;entreprises Rebond entrepreneurial Endettement Evaluation d\u2019entreprise Fusions et acquisitions OPA Financement d\u2019investissement Education financi\u00e8re Communication financi\u00e8re Internet Les march\u00e9s non r\u00e9glement\u00e9s M\u00e9thodologie de la th\u00e9orisation enracin\u00e9e (MTE) Impact des mobilit\u00e9s internationales (type Erasmus) Notre service est, par ailleurs rattach\u00e9 \u00e0 un institut [&hellip;]","og_url":"https:\/\/web.umons.ac.be\/fina\/activites-de-recherche\/","og_site_name":"Service \/ FWEG - Finance","article_modified_time":"2024-10-23T18:18:11+00:00","twitter_card":"summary_large_image","twitter_misc":{"Dur\u00e9e de lecture estim\u00e9e":"1 minute"},"schema":{"@context":"https:\/\/schema.org","@graph":[{"@type":"WebPage","@id":"https:\/\/web.umons.ac.be\/fina\/activites-de-recherche\/","url":"https:\/\/web.umons.ac.be\/fina\/activites-de-recherche\/","name":"Activit\u00e9s de recherche - Service \/ FWEG - Finance","isPartOf":{"@id":"https:\/\/web.umons.ac.be\/fina\/#website"},"datePublished":"2021-11-10T07:44:50+00:00","dateModified":"2024-10-23T18:18:11+00:00","breadcrumb":{"@id":"https:\/\/web.umons.ac.be\/fina\/activites-de-recherche\/#breadcrumb"},"inLanguage":"fr-FR","potentialAction":[{"@type":"ReadAction","target":["https:\/\/web.umons.ac.be\/fina\/activites-de-recherche\/"]}]},{"@type":"BreadcrumbList","@id":"https:\/\/web.umons.ac.be\/fina\/activites-de-recherche\/#breadcrumb","itemListElement":[{"@type":"ListItem","position":1,"name":"Home","item":"https:\/\/web.umons.ac.be\/fina\/"},{"@type":"ListItem","position":2,"name":"Activit\u00e9s de recherche"}]},{"@type":"WebSite","@id":"https:\/\/web.umons.ac.be\/fina\/#website","url":"https:\/\/web.umons.ac.be\/fina\/","name":"Service \/ FWEG - Finance","description":"","potentialAction":[{"@type":"SearchAction","target":{"@type":"EntryPoint","urlTemplate":"https:\/\/web.umons.ac.be\/fina\/?s={search_term_string}"},"query-input":{"@type":"PropertyValueSpecification","valueRequired":true,"valueName":"search_term_string"}}],"inLanguage":"fr-FR"}]}},"lang":"fr","translations":{"fr":15,"en":17},"pll_sync_post":[],"_links":{"self":[{"href":"https:\/\/web.umons.ac.be\/fina\/wp-json\/wp\/v2\/pages\/15","targetHints":{"allow":["GET"]}}],"collection":[{"href":"https:\/\/web.umons.ac.be\/fina\/wp-json\/wp\/v2\/pages"}],"about":[{"href":"https:\/\/web.umons.ac.be\/fina\/wp-json\/wp\/v2\/types\/page"}],"author":[{"embeddable":true,"href":"https:\/\/web.umons.ac.be\/fina\/wp-json\/wp\/v2\/users\/4"}],"replies":[{"embeddable":true,"href":"https:\/\/web.umons.ac.be\/fina\/wp-json\/wp\/v2\/comments?post=15"}],"version-history":[{"count":4,"href":"https:\/\/web.umons.ac.be\/fina\/wp-json\/wp\/v2\/pages\/15\/revisions"}],"predecessor-version":[{"id":112,"href":"https:\/\/web.umons.ac.be\/fina\/wp-json\/wp\/v2\/pages\/15\/revisions\/112"}],"wp:attachment":[{"href":"https:\/\/web.umons.ac.be\/fina\/wp-json\/wp\/v2\/media?parent=15"}],"curies":[{"name":"wp","href":"https:\/\/api.w.org\/{rel}","templated":true}]}}