{"id":15,"date":"2021-11-26T08:45:45","date_gmt":"2021-11-26T07:45:45","guid":{"rendered":"https:\/\/web.umons.ac.be\/flma\/activites-de-recherche\/"},"modified":"2022-01-19T14:11:58","modified_gmt":"2022-01-19T13:11:58","slug":"activites-de-recherche","status":"publish","type":"page","link":"https:\/\/web.umons.ac.be\/flma\/activites-de-recherche\/","title":{"rendered":"Activit\u00e9s de recherche"},"content":{"rendered":"<p>Les domaines de recherche du service concernent :<\/p>\n<ul>\n<li>La simulation num\u00e9rique des \u00e9coulements turbulents, \u00e9galement r\u00e9actifs, appliqu\u00e9e aux applications \u00e9nerg\u00e9tiques ;<\/li>\n<li>Les simulations haute-performances de la turbulence aux grandes \u00e9chelles (LES) dans le domaine des turbines \u00e0 gaz ainsi que la mod\u00e9lisation des cycles des turbines \u00e0 gaz.<\/li>\n<li>Le d\u00e9veloppement de m\u00e9thodologies et les simulations op\u00e9rationnelles et massivement parall\u00e8les pour des applications d&rsquo;ing\u00e9nierie \u00e9olienne et environnementale tels que l\u2019\u00e9nergie \u00e9olienne, la dispersion de polluants atmosph\u00e9riques et les \u00e9coulements urbains.<\/li>\n<li>Les \u00e9coulements biologiques avec l\u2019\u00e9tude de l\u2019h\u00e9modynamique pulsative de syst\u00e8mes visant \u00e0 combattre les maladies cardiovasculaires telles que les an\u00e9vrismes et les st\u00e9noses. Ces activit\u00e9s sont aussi bien num\u00e9riques (Calcul en Dynamique des Fluides CFD) qu\u2019exp\u00e9rimentales via l\u2019utilisation de chambres in vitro. Gr\u00e2ce aux collaborations avec le milieu hospitalier, nous d\u00e9veloppons, am\u00e9liorons et assurons le suivi op\u00e9rationnel de chambres in vitro en flux pulsatif.<\/li>\n<li>Le d\u00e9veloppement d\u2019outils et de m\u00e9thodes avanc\u00e9es de prototypage virtuel et d\u2019optimisation par simulation CFD et multi-physique. Cette comp\u00e9tence inclue les m\u00e9thodologies intelligentes par m\u00e9thodes gradients, euristiques et hybrides. Ces activit\u00e9s et ces d\u00e9veloppements s\u2019inscrivent et contribuent aux axes de recherche de l\u2019\u00ab Institut \u00e9nergie ), de l\u2019\u00ab Institut risques \u00bb et et l\u2019\u00ab Institut sant\u00e9 \u00bb de l\u2019UMONS.<\/li>\n<\/ul>\n<hr \/>\n<p>Notre service est, par ailleurs rattach\u00e9 \u00e0 un institut de recherche de l\u2019UMONS :<\/p>\n<start-cask-shortcode-wrapper>\t\t<div class=\"associated-institutes content-block scheme-fpms\">\n\t\t\t<ul class=\"institutes-list\">\n\t\t\t\t\t\t\t\t\t\t<li>\n\t\t\t\t\t\t\t<a href=\"https:\/\/web.umons.ac.be\/energie\" title=\"Acc\u00e9der au site web de : Institut \/ \u00c9nergie\" class=\"associated-institute\">\n\t\t\t\t\t\t\t\t<img loading=\"lazy\" decoding=\"async\" width=\"1\" height=\"1\" src=\"https:\/\/web.umons.ac.be\/app\/uploads\/sites\/32\/2017\/11\/energie_logo_fr.svg\" class=\"attachment-thumbnail size-thumbnail\" alt=\"\" \/>\t\t\t\t\t\t\t<\/a>\t\t\t\n\t\t\t\t\t\t<\/li>\n\t\t\t\t\t\t\t\t\t\t<li>\n\t\t\t\t\t\t\t<a href=\"https:\/\/web.umons.ac.be\/risques\" title=\"Acc\u00e9der au site web de : Institut \/ Risques\" class=\"associated-institute\">\n\t\t\t\t\t\t\t\t<img loading=\"lazy\" decoding=\"async\" width=\"1\" height=\"1\" src=\"https:\/\/web.umons.ac.be\/app\/uploads\/sites\/36\/2017\/12\/risques_logo_fr.svg\" class=\"attachment-thumbnail size-thumbnail\" alt=\"\" \/>\t\t\t\t\t\t\t<\/a>\t\t\t\n\t\t\t\t\t\t<\/li>\n\t\t\t\t\t\t\t<\/ul>\n\t\t<\/div>\n <end-cask-shortcode-wrapper>\n","protected":false},"excerpt":{"rendered":"<p>Les domaines de recherche du service concernent : La simulation num\u00e9rique des \u00e9coulements turbulents, \u00e9galement r\u00e9actifs, appliqu\u00e9e aux applications \u00e9nerg\u00e9tiques ; Les simulations haute-performances de la turbulence aux grandes \u00e9chelles (LES) dans le domaine des turbines \u00e0 gaz ainsi que la mod\u00e9lisation des cycles des turbines \u00e0 gaz. Le d\u00e9veloppement de m\u00e9thodologies et les simulations [&hellip;]<\/p>\n","protected":false},"author":4,"featured_media":0,"parent":0,"menu_order":0,"comment_status":"closed","ping_status":"closed","template":"","meta":{"footnotes":""},"class_list":["post-15","page","type-page","status-publish","hentry"],"yoast_head":"<!-- This site is optimized with the Yoast SEO plugin v27.2 - https:\/\/yoast.com\/product\/yoast-seo-wordpress\/ -->\n<title>Activit\u00e9s de recherche - Service \/ FPMS - Fluides - Machines<\/title>\n<meta name=\"robots\" content=\"index, follow, max-snippet:-1, max-image-preview:large, max-video-preview:-1\" \/>\n<link rel=\"canonical\" href=\"https:\/\/web.umons.ac.be\/flma\/activites-de-recherche\/\" \/>\n<meta property=\"og:locale\" content=\"fr_FR\" \/>\n<meta property=\"og:type\" content=\"article\" \/>\n<meta property=\"og:title\" content=\"Activit\u00e9s de recherche - Service \/ FPMS - Fluides - Machines\" \/>\n<meta property=\"og:description\" content=\"Les domaines de recherche du service concernent : La simulation num\u00e9rique des \u00e9coulements turbulents, \u00e9galement r\u00e9actifs, appliqu\u00e9e aux applications \u00e9nerg\u00e9tiques ; Les simulations haute-performances de la turbulence aux grandes \u00e9chelles (LES) dans le domaine des turbines \u00e0 gaz ainsi que la mod\u00e9lisation des cycles des turbines \u00e0 gaz. Le d\u00e9veloppement de m\u00e9thodologies et les simulations [&hellip;]\" \/>\n<meta property=\"og:url\" content=\"https:\/\/web.umons.ac.be\/flma\/activites-de-recherche\/\" \/>\n<meta property=\"og:site_name\" content=\"Service \/ FPMS - Fluides - Machines\" \/>\n<meta property=\"article:modified_time\" content=\"2022-01-19T13:11:58+00:00\" \/>\n<meta name=\"twitter:card\" content=\"summary_large_image\" \/>\n<meta name=\"twitter:label1\" content=\"Dur\u00e9e de lecture estim\u00e9e\" \/>\n\t<meta name=\"twitter:data1\" content=\"1 minute\" \/>\n<script type=\"application\/ld+json\" class=\"yoast-schema-graph\">{\"@context\":\"https:\/\/schema.org\",\"@graph\":[{\"@type\":\"WebPage\",\"@id\":\"https:\/\/web.umons.ac.be\/flma\/activites-de-recherche\/\",\"url\":\"https:\/\/web.umons.ac.be\/flma\/activites-de-recherche\/\",\"name\":\"Activit\u00e9s de recherche - Service \/ FPMS - Fluides - Machines\",\"isPartOf\":{\"@id\":\"https:\/\/web.umons.ac.be\/flma\/#website\"},\"datePublished\":\"2021-11-26T07:45:45+00:00\",\"dateModified\":\"2022-01-19T13:11:58+00:00\",\"breadcrumb\":{\"@id\":\"https:\/\/web.umons.ac.be\/flma\/activites-de-recherche\/#breadcrumb\"},\"inLanguage\":\"fr-FR\",\"potentialAction\":[{\"@type\":\"ReadAction\",\"target\":[\"https:\/\/web.umons.ac.be\/flma\/activites-de-recherche\/\"]}]},{\"@type\":\"BreadcrumbList\",\"@id\":\"https:\/\/web.umons.ac.be\/flma\/activites-de-recherche\/#breadcrumb\",\"itemListElement\":[{\"@type\":\"ListItem\",\"position\":1,\"name\":\"Home\",\"item\":\"https:\/\/web.umons.ac.be\/flma\/\"},{\"@type\":\"ListItem\",\"position\":2,\"name\":\"Activit\u00e9s de recherche\"}]},{\"@type\":\"WebSite\",\"@id\":\"https:\/\/web.umons.ac.be\/flma\/#website\",\"url\":\"https:\/\/web.umons.ac.be\/flma\/\",\"name\":\"Service \/ FPMS - Fluides - Machines\",\"description\":\"\",\"potentialAction\":[{\"@type\":\"SearchAction\",\"target\":{\"@type\":\"EntryPoint\",\"urlTemplate\":\"https:\/\/web.umons.ac.be\/flma\/?s={search_term_string}\"},\"query-input\":{\"@type\":\"PropertyValueSpecification\",\"valueRequired\":true,\"valueName\":\"search_term_string\"}}],\"inLanguage\":\"fr-FR\"}]}<\/script>\n<!-- \/ Yoast SEO plugin. -->","yoast_head_json":{"title":"Activit\u00e9s de recherche - Service \/ FPMS - Fluides - Machines","robots":{"index":"index","follow":"follow","max-snippet":"max-snippet:-1","max-image-preview":"max-image-preview:large","max-video-preview":"max-video-preview:-1"},"canonical":"https:\/\/web.umons.ac.be\/flma\/activites-de-recherche\/","og_locale":"fr_FR","og_type":"article","og_title":"Activit\u00e9s de recherche - Service \/ FPMS - Fluides - Machines","og_description":"Les domaines de recherche du service concernent : La simulation num\u00e9rique des \u00e9coulements turbulents, \u00e9galement r\u00e9actifs, appliqu\u00e9e aux applications \u00e9nerg\u00e9tiques ; Les simulations haute-performances de la turbulence aux grandes \u00e9chelles (LES) dans le domaine des turbines \u00e0 gaz ainsi que la mod\u00e9lisation des cycles des turbines \u00e0 gaz. Le d\u00e9veloppement de m\u00e9thodologies et les simulations [&hellip;]","og_url":"https:\/\/web.umons.ac.be\/flma\/activites-de-recherche\/","og_site_name":"Service \/ FPMS - Fluides - Machines","article_modified_time":"2022-01-19T13:11:58+00:00","twitter_card":"summary_large_image","twitter_misc":{"Dur\u00e9e de lecture estim\u00e9e":"1 minute"},"schema":{"@context":"https:\/\/schema.org","@graph":[{"@type":"WebPage","@id":"https:\/\/web.umons.ac.be\/flma\/activites-de-recherche\/","url":"https:\/\/web.umons.ac.be\/flma\/activites-de-recherche\/","name":"Activit\u00e9s de recherche - Service \/ FPMS - Fluides - Machines","isPartOf":{"@id":"https:\/\/web.umons.ac.be\/flma\/#website"},"datePublished":"2021-11-26T07:45:45+00:00","dateModified":"2022-01-19T13:11:58+00:00","breadcrumb":{"@id":"https:\/\/web.umons.ac.be\/flma\/activites-de-recherche\/#breadcrumb"},"inLanguage":"fr-FR","potentialAction":[{"@type":"ReadAction","target":["https:\/\/web.umons.ac.be\/flma\/activites-de-recherche\/"]}]},{"@type":"BreadcrumbList","@id":"https:\/\/web.umons.ac.be\/flma\/activites-de-recherche\/#breadcrumb","itemListElement":[{"@type":"ListItem","position":1,"name":"Home","item":"https:\/\/web.umons.ac.be\/flma\/"},{"@type":"ListItem","position":2,"name":"Activit\u00e9s de recherche"}]},{"@type":"WebSite","@id":"https:\/\/web.umons.ac.be\/flma\/#website","url":"https:\/\/web.umons.ac.be\/flma\/","name":"Service \/ FPMS - Fluides - Machines","description":"","potentialAction":[{"@type":"SearchAction","target":{"@type":"EntryPoint","urlTemplate":"https:\/\/web.umons.ac.be\/flma\/?s={search_term_string}"},"query-input":{"@type":"PropertyValueSpecification","valueRequired":true,"valueName":"search_term_string"}}],"inLanguage":"fr-FR"}]}},"lang":"fr","translations":{"fr":15,"en":17},"pll_sync_post":[],"_links":{"self":[{"href":"https:\/\/web.umons.ac.be\/flma\/wp-json\/wp\/v2\/pages\/15","targetHints":{"allow":["GET"]}}],"collection":[{"href":"https:\/\/web.umons.ac.be\/flma\/wp-json\/wp\/v2\/pages"}],"about":[{"href":"https:\/\/web.umons.ac.be\/flma\/wp-json\/wp\/v2\/types\/page"}],"author":[{"embeddable":true,"href":"https:\/\/web.umons.ac.be\/flma\/wp-json\/wp\/v2\/users\/4"}],"replies":[{"embeddable":true,"href":"https:\/\/web.umons.ac.be\/flma\/wp-json\/wp\/v2\/comments?post=15"}],"version-history":[{"count":2,"href":"https:\/\/web.umons.ac.be\/flma\/wp-json\/wp\/v2\/pages\/15\/revisions"}],"predecessor-version":[{"id":54,"href":"https:\/\/web.umons.ac.be\/flma\/wp-json\/wp\/v2\/pages\/15\/revisions\/54"}],"wp:attachment":[{"href":"https:\/\/web.umons.ac.be\/flma\/wp-json\/wp\/v2\/media?parent=15"}],"curies":[{"name":"wp","href":"https:\/\/api.w.org\/{rel}","templated":true}]}}