{"id":11,"date":"2021-11-04T16:20:54","date_gmt":"2021-11-04T15:20:54","guid":{"rendered":"https:\/\/web.umons.ac.be\/fpfi\/activites-denseignement\/"},"modified":"2021-11-04T16:38:17","modified_gmt":"2021-11-04T15:38:17","slug":"activites-denseignement","status":"publish","type":"page","link":"https:\/\/web.umons.ac.be\/fpfi\/activites-denseignement\/","title":{"rendered":"Activit\u00e9s d&rsquo;enseignement"},"content":{"rendered":"<p>Les membres du service assurent les enseignements suivants :<\/p>\n<ul>\n<li>Connaissance des administrations publiques (en partie)<\/li>\n<li>Finances publiques<\/li>\n<li>Fiscalit\u00e9 &#8211; IPP<\/li>\n<li>Fiscalit\u00e9 et finances locales<\/li>\n<li>Fiscalit\u00e9 &#8211; TVA &amp; ISOC<\/li>\n<li>Gestion financi\u00e8re publique et contr\u00f4le budg\u00e9taire<\/li>\n<li>Management des pouvoirs locaux (en partie)<\/li>\n<li>Politique et actualit\u00e9 \u00e9conomiques et sociales<\/li>\n<li>Public Finance<\/li>\n<li>S\u00e9minaire de fiscalit\u00e9 appliqu\u00e9e<\/li>\n<li>S\u00e9minaire de question d&rsquo;actualit\u00e9 politique, \u00e9conomique et sociale dans le monde (en partie)<\/li>\n<li>Strat\u00e9gie et politique en fiscalit\u00e9<\/li>\n<\/ul>\n","protected":false},"excerpt":{"rendered":"<p>Les membres du service assurent les enseignements suivants : Connaissance des administrations publiques (en partie) Finances publiques Fiscalit\u00e9 &#8211; IPP Fiscalit\u00e9 et finances locales Fiscalit\u00e9 &#8211; TVA &amp; ISOC Gestion financi\u00e8re publique et contr\u00f4le budg\u00e9taire Management des pouvoirs locaux (en partie) Politique et actualit\u00e9 \u00e9conomiques et sociales Public Finance S\u00e9minaire de fiscalit\u00e9 appliqu\u00e9e S\u00e9minaire de [&hellip;]<\/p>\n","protected":false},"author":4,"featured_media":0,"parent":0,"menu_order":0,"comment_status":"closed","ping_status":"closed","template":"","meta":{"footnotes":""},"class_list":["post-11","page","type-page","status-publish","hentry"],"yoast_head":"<!-- This site is optimized with the Yoast SEO plugin v27.2 - https:\/\/yoast.com\/product\/yoast-seo-wordpress\/ -->\n<title>Activit\u00e9s d&#039;enseignement - Service \/ FWEG - Finances publiques et Fiscalit\u00e9<\/title>\n<meta name=\"robots\" content=\"index, follow, max-snippet:-1, max-image-preview:large, max-video-preview:-1\" \/>\n<link rel=\"canonical\" href=\"https:\/\/web.umons.ac.be\/fpfi\/activites-denseignement\/\" \/>\n<meta property=\"og:locale\" content=\"fr_FR\" \/>\n<meta property=\"og:type\" content=\"article\" \/>\n<meta property=\"og:title\" content=\"Activit\u00e9s d&#039;enseignement - Service \/ FWEG - Finances publiques et Fiscalit\u00e9\" \/>\n<meta property=\"og:description\" content=\"Les membres du service assurent les enseignements suivants : Connaissance des administrations publiques (en partie) Finances publiques Fiscalit\u00e9 &#8211; IPP Fiscalit\u00e9 et finances locales Fiscalit\u00e9 &#8211; TVA &amp; ISOC Gestion financi\u00e8re publique et contr\u00f4le budg\u00e9taire Management des pouvoirs locaux (en partie) Politique et actualit\u00e9 \u00e9conomiques et sociales Public Finance S\u00e9minaire de fiscalit\u00e9 appliqu\u00e9e S\u00e9minaire de [&hellip;]\" \/>\n<meta property=\"og:url\" content=\"https:\/\/web.umons.ac.be\/fpfi\/activites-denseignement\/\" \/>\n<meta property=\"og:site_name\" content=\"Service \/ FWEG - Finances publiques et Fiscalit\u00e9\" \/>\n<meta property=\"article:modified_time\" content=\"2021-11-04T15:38:17+00:00\" \/>\n<meta name=\"twitter:card\" content=\"summary_large_image\" \/>\n<meta name=\"twitter:label1\" content=\"Dur\u00e9e de lecture estim\u00e9e\" \/>\n\t<meta name=\"twitter:data1\" content=\"1 minute\" \/>\n<script type=\"application\/ld+json\" class=\"yoast-schema-graph\">{\"@context\":\"https:\/\/schema.org\",\"@graph\":[{\"@type\":\"WebPage\",\"@id\":\"https:\/\/web.umons.ac.be\/fpfi\/activites-denseignement\/\",\"url\":\"https:\/\/web.umons.ac.be\/fpfi\/activites-denseignement\/\",\"name\":\"Activit\u00e9s d'enseignement - Service \/ FWEG - Finances publiques et Fiscalit\u00e9\",\"isPartOf\":{\"@id\":\"https:\/\/web.umons.ac.be\/fpfi\/#website\"},\"datePublished\":\"2021-11-04T15:20:54+00:00\",\"dateModified\":\"2021-11-04T15:38:17+00:00\",\"breadcrumb\":{\"@id\":\"https:\/\/web.umons.ac.be\/fpfi\/activites-denseignement\/#breadcrumb\"},\"inLanguage\":\"fr-FR\",\"potentialAction\":[{\"@type\":\"ReadAction\",\"target\":[\"https:\/\/web.umons.ac.be\/fpfi\/activites-denseignement\/\"]}]},{\"@type\":\"BreadcrumbList\",\"@id\":\"https:\/\/web.umons.ac.be\/fpfi\/activites-denseignement\/#breadcrumb\",\"itemListElement\":[{\"@type\":\"ListItem\",\"position\":1,\"name\":\"Home\",\"item\":\"https:\/\/web.umons.ac.be\/fpfi\/\"},{\"@type\":\"ListItem\",\"position\":2,\"name\":\"Activit\u00e9s d&rsquo;enseignement\"}]},{\"@type\":\"WebSite\",\"@id\":\"https:\/\/web.umons.ac.be\/fpfi\/#website\",\"url\":\"https:\/\/web.umons.ac.be\/fpfi\/\",\"name\":\"Service \/ FWEG - Finances publiques et Fiscalit\u00e9\",\"description\":\"\",\"potentialAction\":[{\"@type\":\"SearchAction\",\"target\":{\"@type\":\"EntryPoint\",\"urlTemplate\":\"https:\/\/web.umons.ac.be\/fpfi\/?s={search_term_string}\"},\"query-input\":{\"@type\":\"PropertyValueSpecification\",\"valueRequired\":true,\"valueName\":\"search_term_string\"}}],\"inLanguage\":\"fr-FR\"}]}<\/script>\n<!-- \/ Yoast SEO plugin. -->","yoast_head_json":{"title":"Activit\u00e9s d'enseignement - Service \/ FWEG - Finances publiques et Fiscalit\u00e9","robots":{"index":"index","follow":"follow","max-snippet":"max-snippet:-1","max-image-preview":"max-image-preview:large","max-video-preview":"max-video-preview:-1"},"canonical":"https:\/\/web.umons.ac.be\/fpfi\/activites-denseignement\/","og_locale":"fr_FR","og_type":"article","og_title":"Activit\u00e9s d'enseignement - Service \/ FWEG - Finances publiques et Fiscalit\u00e9","og_description":"Les membres du service assurent les enseignements suivants : Connaissance des administrations publiques (en partie) Finances publiques Fiscalit\u00e9 &#8211; IPP Fiscalit\u00e9 et finances locales Fiscalit\u00e9 &#8211; TVA &amp; ISOC Gestion financi\u00e8re publique et contr\u00f4le budg\u00e9taire Management des pouvoirs locaux (en partie) Politique et actualit\u00e9 \u00e9conomiques et sociales Public Finance S\u00e9minaire de fiscalit\u00e9 appliqu\u00e9e S\u00e9minaire de [&hellip;]","og_url":"https:\/\/web.umons.ac.be\/fpfi\/activites-denseignement\/","og_site_name":"Service \/ FWEG - Finances publiques et Fiscalit\u00e9","article_modified_time":"2021-11-04T15:38:17+00:00","twitter_card":"summary_large_image","twitter_misc":{"Dur\u00e9e de lecture estim\u00e9e":"1 minute"},"schema":{"@context":"https:\/\/schema.org","@graph":[{"@type":"WebPage","@id":"https:\/\/web.umons.ac.be\/fpfi\/activites-denseignement\/","url":"https:\/\/web.umons.ac.be\/fpfi\/activites-denseignement\/","name":"Activit\u00e9s d'enseignement - Service \/ FWEG - Finances publiques et Fiscalit\u00e9","isPartOf":{"@id":"https:\/\/web.umons.ac.be\/fpfi\/#website"},"datePublished":"2021-11-04T15:20:54+00:00","dateModified":"2021-11-04T15:38:17+00:00","breadcrumb":{"@id":"https:\/\/web.umons.ac.be\/fpfi\/activites-denseignement\/#breadcrumb"},"inLanguage":"fr-FR","potentialAction":[{"@type":"ReadAction","target":["https:\/\/web.umons.ac.be\/fpfi\/activites-denseignement\/"]}]},{"@type":"BreadcrumbList","@id":"https:\/\/web.umons.ac.be\/fpfi\/activites-denseignement\/#breadcrumb","itemListElement":[{"@type":"ListItem","position":1,"name":"Home","item":"https:\/\/web.umons.ac.be\/fpfi\/"},{"@type":"ListItem","position":2,"name":"Activit\u00e9s d&rsquo;enseignement"}]},{"@type":"WebSite","@id":"https:\/\/web.umons.ac.be\/fpfi\/#website","url":"https:\/\/web.umons.ac.be\/fpfi\/","name":"Service \/ FWEG - Finances publiques et Fiscalit\u00e9","description":"","potentialAction":[{"@type":"SearchAction","target":{"@type":"EntryPoint","urlTemplate":"https:\/\/web.umons.ac.be\/fpfi\/?s={search_term_string}"},"query-input":{"@type":"PropertyValueSpecification","valueRequired":true,"valueName":"search_term_string"}}],"inLanguage":"fr-FR"}]}},"lang":"fr","translations":{"fr":11,"en":13},"pll_sync_post":[],"_links":{"self":[{"href":"https:\/\/web.umons.ac.be\/fpfi\/wp-json\/wp\/v2\/pages\/11","targetHints":{"allow":["GET"]}}],"collection":[{"href":"https:\/\/web.umons.ac.be\/fpfi\/wp-json\/wp\/v2\/pages"}],"about":[{"href":"https:\/\/web.umons.ac.be\/fpfi\/wp-json\/wp\/v2\/types\/page"}],"author":[{"embeddable":true,"href":"https:\/\/web.umons.ac.be\/fpfi\/wp-json\/wp\/v2\/users\/4"}],"replies":[{"embeddable":true,"href":"https:\/\/web.umons.ac.be\/fpfi\/wp-json\/wp\/v2\/comments?post=11"}],"version-history":[{"count":1,"href":"https:\/\/web.umons.ac.be\/fpfi\/wp-json\/wp\/v2\/pages\/11\/revisions"}],"predecessor-version":[{"id":49,"href":"https:\/\/web.umons.ac.be\/fpfi\/wp-json\/wp\/v2\/pages\/11\/revisions\/49"}],"wp:attachment":[{"href":"https:\/\/web.umons.ac.be\/fpfi\/wp-json\/wp\/v2\/media?parent=11"}],"curies":[{"name":"wp","href":"https:\/\/api.w.org\/{rel}","templated":true}]}}