{"id":104,"date":"2017-07-07T12:31:00","date_gmt":"2017-07-07T10:31:00","guid":{"rendered":"https:\/\/web.umons.ac.be\/fpms\/?page_id=104"},"modified":"2021-10-18T14:51:24","modified_gmt":"2021-10-18T12:51:24","slug":"1er-cycle-bachelier","status":"publish","type":"page","link":"https:\/\/web.umons.ac.be\/fpms\/fr\/offre-de-formation\/1er-cycle-bachelier\/","title":{"rendered":"1er cycle : Bachelier"},"content":{"rendered":"<p>Les <strong>ann\u00e9es de Bachelier<\/strong> constituent un cycle de formation scientifique fondamental. Elles visent \u00e0 donner une formation de base notamment destin\u00e9e \u00e0 apprendre \u00e0 conduire un raisonnement avec la rigueur n\u00e9cessaire, \u00e0 acqu\u00e9rir un esprit de synth\u00e8se, \u00e0 assimiler des connaissances de base dans diverses disciplines scientifiques et \u00e0 savoir utiliser les outils math\u00e9matiques et informatiques de l\u2019ing\u00e9nieur. Ce premier cycle est sanctionn\u00e9 par le dipl\u00f4me de bachelier en sciences de l\u2019ing\u00e9nieur orientation <strong>ing\u00e9nieur civil<\/strong> ou orientation <strong>ing\u00e9nieur civil architecte<\/strong>. Les deux formations sont similaires mais les \u00e9tudiants de la section architecture re\u00e7oivent d\u2019embl\u00e9e des enseignements permettant de les sensibiliser \u00e0 l\u2019art de b\u00e2tir en int\u00e9grant les approches esth\u00e9tiques. Il invite tout naturellement son d\u00e9tenteur \u00e0 poursuivre sa formation dans la m\u00eame discipline au cours du deuxi\u00e8me cycle.<\/p>\n<p>&nbsp;<\/p>\n<start-cask-shortcode-wrapper>    <div class=\"accordion content-block scheme-fpms\">\n                <div class=\"accordion-inner\">\n            <div class=\"accordion-bellow\">\n                <button class=\"accordion-bellow-toggle scheme-background-hover\" data-target=\"#accordion-content-616d6d791a978\">\n                    <span class=\"icon umons-icon-chevron-down\" aria-hidden=\"true\"><\/span> Bachelier Ing\u00e9nieur civil Architecte : Une acquisition progressive de savoirs et de comp\u00e9tences dans un cursus diff\u00e9renci\u00e9 d\u00e8s la premi\u00e8re ann\u00e9e                <\/button>\n            <\/div>\n            <div id=\"accordion-content-616d6d791a978\" class=\"accordion-content\">\n            \t<div class=\"inner editor-front\">\n            \t\t<p><img loading=\"lazy\" decoding=\"async\" class=\"aligncenter wp-image-1910 size-full\" src=\"https:\/\/web.umons.ac.be\/app\/uploads\/sites\/6\/2021\/09\/BAIGarchi.png\" sizes=\"auto, (max-width: 813px) 100vw, 813px\" srcset=\"https:\/\/web.umons.ac.be\/app\/uploads\/sites\/6\/2021\/09\/BAIGarchi.png 813w, https:\/\/web.umons.ac.be\/app\/uploads\/sites\/6\/2021\/09\/BAIGarchi-258x300.png 258w, https:\/\/web.umons.ac.be\/app\/uploads\/sites\/6\/2021\/09\/BAIGarchi-768x894.png 768w, https:\/\/web.umons.ac.be\/app\/uploads\/sites\/6\/2021\/09\/BAIGarchi-567x660.png 567w, https:\/\/web.umons.ac.be\/app\/uploads\/sites\/6\/2021\/09\/BAIGarchi-30x35.png 30w, https:\/\/web.umons.ac.be\/app\/uploads\/sites\/6\/2021\/09\/BAIGarchi-52x60.png 52w, https:\/\/web.umons.ac.be\/app\/uploads\/sites\/6\/2021\/09\/BAIGarchi-360x419.png 360w\" alt=\"\" width=\"813\" height=\"946\" \/><\/p>\n            \t<\/div>\n            <\/div>\n        <\/div>\n                <div class=\"accordion-inner\">\n            <div class=\"accordion-bellow\">\n                <button class=\"accordion-bellow-toggle scheme-background-hover\" data-target=\"#accordion-content-616d6d791ded3\">\n                    <span class=\"icon umons-icon-chevron-down\" aria-hidden=\"true\"><\/span> Bachelier Ing\u00e9nieur civil :Une acquisition progressive de savoirs et de comp\u00e9tences dans un contexte p\u00e9dagogique privil\u00e9gi\u00e9                <\/button>\n            <\/div>\n            <div id=\"accordion-content-616d6d791ded3\" class=\"accordion-content\">\n            \t<div class=\"inner editor-front\">\n            \t\t<p><img loading=\"lazy\" decoding=\"async\" class=\"aligncenter wp-image-1911 size-full\" src=\"https:\/\/web.umons.ac.be\/app\/uploads\/sites\/6\/2021\/09\/BAIGcivil.png\" sizes=\"auto, (max-width: 801px) 100vw, 801px\" srcset=\"https:\/\/web.umons.ac.be\/app\/uploads\/sites\/6\/2021\/09\/BAIGcivil.png 801w, https:\/\/web.umons.ac.be\/app\/uploads\/sites\/6\/2021\/09\/BAIGcivil-256x300.png 256w, https:\/\/web.umons.ac.be\/app\/uploads\/sites\/6\/2021\/09\/BAIGcivil-768x901.png 768w, https:\/\/web.umons.ac.be\/app\/uploads\/sites\/6\/2021\/09\/BAIGcivil-562x660.png 562w, https:\/\/web.umons.ac.be\/app\/uploads\/sites\/6\/2021\/09\/BAIGcivil-30x35.png 30w, https:\/\/web.umons.ac.be\/app\/uploads\/sites\/6\/2021\/09\/BAIGcivil-51x60.png 51w, https:\/\/web.umons.ac.be\/app\/uploads\/sites\/6\/2021\/09\/BAIGcivil-360x422.png 360w\" alt=\"\" width=\"801\" height=\"940\" \/><\/p>\n            \t<\/div>\n            <\/div>\n        <\/div>\n            <\/div>\n<end-cask-shortcode-wrapper>\n<p>&nbsp;<\/p>\n<h2>Un continuum dans la d\u00e9marche Projets<\/h2>\n<p><strong>D\u00e9marche Projet<\/strong><\/p>\n<p>Qu\u2019il s\u2019agisse de la construction d\u2019un ouvrage important, de la mise sur pied d\u2019une nouvelle unit\u00e9 de\u00a0production, ou encore du d\u00e9veloppement d\u2019un logiciel informatique de grande envergure, l\u2019Ing\u00e9nieur\u00a0est souvent charg\u00e9 d\u2019amener des projets \u00e0 leur r\u00e9ussite. Pour y parvenir, il doit poss\u00e9der des comp\u00e9tences transversales telles que la rigueur scientifique, l\u2019autonomie, la capacit\u00e9 de g\u00e9rer des projets\u00a0et de travailler en \u00e9quipe, ainsi que des capacit\u00e9s de communication, orale et \u00e9crite.<\/p>\n<p><strong>Un continuum&#8230;<\/strong><\/p>\n<p>Dans la perspective de mettre progressivement les \u00e9tudiants en situation authentique, des projets sont inscrits dans chacune des ann\u00e9es du cycle de formation. Les d\u00e9fis pos\u00e9s sont de complexit\u00e9 croissante et les relations avec le client, de plus en plus autonomes et r\u00e9alistes. Au fur et \u00e0 mesure de leur parcours, les \u00e9tudiants apprennent \u00e0 assumer leur r\u00f4le au sein d\u2019une \u00e9quipe de projet, dans une dynamique allant jusqu\u2019\u00e0 une solution concr\u00e8te et convaincante tant d\u2019un point de vue technique\u00a0qu\u2019\u00e9conomique.<\/p>\n<p><img loading=\"lazy\" decoding=\"async\" class=\"aligncenter wp-image-1912 size-full\" src=\"https:\/\/web.umons.ac.be\/app\/uploads\/sites\/6\/2021\/09\/continuum.png\" alt=\"\" width=\"1377\" height=\"633\" srcset=\"https:\/\/web.umons.ac.be\/app\/uploads\/sites\/6\/2021\/09\/continuum.png 1377w, https:\/\/web.umons.ac.be\/app\/uploads\/sites\/6\/2021\/09\/continuum-300x138.png 300w, https:\/\/web.umons.ac.be\/app\/uploads\/sites\/6\/2021\/09\/continuum-1024x471.png 1024w, https:\/\/web.umons.ac.be\/app\/uploads\/sites\/6\/2021\/09\/continuum-768x353.png 768w, https:\/\/web.umons.ac.be\/app\/uploads\/sites\/6\/2021\/09\/continuum-30x14.png 30w, https:\/\/web.umons.ac.be\/app\/uploads\/sites\/6\/2021\/09\/continuum-60x28.png 60w, https:\/\/web.umons.ac.be\/app\/uploads\/sites\/6\/2021\/09\/continuum-360x165.png 360w\" sizes=\"auto, (max-width: 1377px) 100vw, 1377px\" \/><\/p>\n<start-cask-shortcode-wrapper>    <div class=\"accordion content-block scheme-fpms\">\n                <div class=\"accordion-inner\">\n            <div class=\"accordion-bellow\">\n                <button class=\"accordion-bellow-toggle scheme-background-hover\" data-target=\"#accordion-content-616d6d2050b0b\">\n                    <span class=\"icon umons-icon-chevron-down\" aria-hidden=\"true\"><\/span> StarTech *                <\/button>\n            <\/div>\n            <div id=\"accordion-content-616d6d2050b0b\" class=\"accordion-content\">\n            \t<div class=\"inner editor-front\">\n            \t\t<p><em>Le programme StarTech permet aux \u00e9tudiants de 2\u00e8me Bachelier de se confronter aux entreprises en lan\u00e7ant des projets technologiques dont ils ont d\u00e9j\u00e0 l\u2019id\u00e9e. Au-del\u00e0 de la technique, il s\u2019agit de faire \u00e9voluer les projets en relation r\u00e9guli\u00e8re avec le client en suivant des m\u00e9thodes \u00ab agiles \u00bb et en se rapprochant d\u2019un mod\u00e8le \u00e9conomique (Business Model Canevas). Le programme StarTech s\u2019\u00e9tale sur une dizaine de semaines, de f\u00e9vrier \u00e0 mai, et se termine par un concours qui r\u00e9compense les meilleurs projets.<\/em><\/p>\n            \t<\/div>\n            <\/div>\n        <\/div>\n                <div class=\"accordion-inner\">\n            <div class=\"accordion-bellow\">\n                <button class=\"accordion-bellow-toggle scheme-background-hover\" data-target=\"#accordion-content-616d6d2ceb0b8\">\n                    <span class=\"icon umons-icon-chevron-down\" aria-hidden=\"true\"><\/span> Cr\u00e9actifs ! **                <\/button>\n            <\/div>\n            <div id=\"accordion-content-616d6d2ceb0b8\" class=\"accordion-content\">\n            \t<div class=\"inner editor-front\">\n            \t\t<p><em>Nous avons choisi d\u2019effectuer notre projet de BA2 dans le contexte des projets \u00ab Cr\u00e9actifs! \u00bb. Nous avons ainsi pu proposer notre propre id\u00e9e de projet. Cette libert\u00e9 de choix nous a vraiment s\u00e9duits car elle nous a permis de travailler sur un projet vraiment personnel. Celui-ci, intitul\u00e9 \u00ab Motion Dancing Puppet \u00bb, consiste \u00e0 faire bouger une marionnette \u00e0 distance au moyen des technologies actuelles.<\/em><br \/>\n<em>Nous r\u00e9cup\u00e9rons, \u00e0 distance, les donn\u00e9es des mouvements de la main au moyen d\u2019un \u00ab Leap Motion Controller \u00bb, nous les traitons et, par l\u2019interm\u00e9diaire de servomoteurs, nous faisons bouger les fils de la marionnette. pour mener \u00e0 bien ce projet. Une vid\u00e9o de d\u00e9monstration est disponible \u00e0 sur youtube: \u00ab Projet Cr\u00e9actifs! \u2013 Motion Dancing Puppet \u00bb<\/em><\/p>\n            \t<\/div>\n            <\/div>\n        <\/div>\n                <div class=\"accordion-inner\">\n            <div class=\"accordion-bellow\">\n                <button class=\"accordion-bellow-toggle scheme-background-hover\" data-target=\"#accordion-content-616d6d3c3e7bb\">\n                    <span class=\"icon umons-icon-chevron-down\" aria-hidden=\"true\"><\/span> Cr\u00e9athon POLYTECH ***                <\/button>\n            <\/div>\n            <div id=\"accordion-content-616d6d3c3e7bb\" class=\"accordion-content\">\n            \t<div class=\"inner editor-front\">\n            \t\t<p><em>\u00ab Moins Mais Mieux ! \u00bb ou \u00ab Comment exploiter au mieux la technologie pour r\u00e9pondre aux enjeux soci\u00e9taux ? \u00bb, tels sont les fils conducteurs du Cr\u00e9athon Polytech qui invite les \u00e9tudiants de 3\u00e8me Bachelier \u00e0 imaginer le monde de demain, en exploitant les technologies de pointe dans la dynamique des Objectifs du D\u00e9veloppement Durable de l\u2019ONU. Regroup\u00e9s en \u00e9quipes pluridisciplinaires m\u00ealant les \u00e9tudiants des diff\u00e9rentes dominantes, les futurs Ing\u00e9nieurs civils sont confront\u00e9s \u00e0 leur r\u00f4le dans la soci\u00e9t\u00e9 et cherchent \u00e0 apporter des solutions innovantes et concr\u00e8tes aux d\u00e9fis contemporains et locaux.<\/em><\/p>\n            \t<\/div>\n            <\/div>\n        <\/div>\n            <\/div>\n<end-cask-shortcode-wrapper>\n<p>&nbsp;<\/p>\n","protected":false},"excerpt":{"rendered":"<p>Les ann\u00e9es de Bachelier constituent un cycle de formation scientifique fondamental. Elles visent \u00e0 donner une formation de base notamment destin\u00e9e \u00e0 apprendre \u00e0 conduire un raisonnement avec la rigueur n\u00e9cessaire, \u00e0 acqu\u00e9rir un esprit de synth\u00e8se, \u00e0 assimiler des connaissances de base dans diverses disciplines scientifiques et \u00e0 savoir utiliser les outils math\u00e9matiques et [&hellip;]<\/p>\n","protected":false},"author":2,"featured_media":0,"parent":325,"menu_order":1,"comment_status":"closed","ping_status":"closed","template":"","meta":{"footnotes":""},"class_list":["post-104","page","type-page","status-publish","hentry"],"yoast_head":"<!-- This site is optimized with the Yoast SEO plugin v27.2 - https:\/\/yoast.com\/product\/yoast-seo-wordpress\/ -->\n<title>1er cycle : Bachelier - Facult\u00e9 \/ FPMS<\/title>\n<meta name=\"robots\" content=\"index, follow, max-snippet:-1, max-image-preview:large, max-video-preview:-1\" \/>\n<link rel=\"canonical\" href=\"https:\/\/web.umons.ac.be\/fpms\/fr\/offre-de-formation\/1er-cycle-bachelier\/\" \/>\n<meta property=\"og:locale\" content=\"fr_FR\" \/>\n<meta property=\"og:type\" content=\"article\" \/>\n<meta property=\"og:title\" content=\"1er cycle : Bachelier - Facult\u00e9 \/ FPMS\" \/>\n<meta property=\"og:description\" content=\"Les ann\u00e9es de Bachelier constituent un cycle de formation scientifique fondamental. Elles visent \u00e0 donner une formation de base notamment destin\u00e9e \u00e0 apprendre \u00e0 conduire un raisonnement avec la rigueur n\u00e9cessaire, \u00e0 acqu\u00e9rir un esprit de synth\u00e8se, \u00e0 assimiler des connaissances de base dans diverses disciplines scientifiques et \u00e0 savoir utiliser les outils math\u00e9matiques et [&hellip;]\" \/>\n<meta property=\"og:url\" content=\"https:\/\/web.umons.ac.be\/fpms\/fr\/offre-de-formation\/1er-cycle-bachelier\/\" \/>\n<meta property=\"og:site_name\" content=\"Facult\u00e9 \/ FPMS\" \/>\n<meta property=\"article:modified_time\" content=\"2021-10-18T12:51:24+00:00\" \/>\n<meta property=\"og:image\" content=\"https:\/\/web.umons.ac.be\/app\/uploads\/sites\/6\/2021\/09\/continuum.png\" \/>\n<meta name=\"twitter:card\" content=\"summary_large_image\" \/>\n<meta name=\"twitter:label1\" content=\"Dur\u00e9e de lecture estim\u00e9e\" \/>\n\t<meta name=\"twitter:data1\" content=\"2 minutes\" \/>\n<script type=\"application\/ld+json\" class=\"yoast-schema-graph\">{\"@context\":\"https:\/\/schema.org\",\"@graph\":[{\"@type\":\"WebPage\",\"@id\":\"https:\/\/web.umons.ac.be\/fpms\/fr\/offre-de-formation\/1er-cycle-bachelier\/\",\"url\":\"https:\/\/web.umons.ac.be\/fpms\/fr\/offre-de-formation\/1er-cycle-bachelier\/\",\"name\":\"1er cycle : Bachelier - Facult\u00e9 \/ FPMS\",\"isPartOf\":{\"@id\":\"https:\/\/web.umons.ac.be\/fpms\/#website\"},\"primaryImageOfPage\":{\"@id\":\"https:\/\/web.umons.ac.be\/fpms\/fr\/offre-de-formation\/1er-cycle-bachelier\/#primaryimage\"},\"image\":{\"@id\":\"https:\/\/web.umons.ac.be\/fpms\/fr\/offre-de-formation\/1er-cycle-bachelier\/#primaryimage\"},\"thumbnailUrl\":\"https:\/\/web.umons.ac.be\/app\/uploads\/sites\/6\/2021\/09\/continuum.png\",\"datePublished\":\"2017-07-07T10:31:00+00:00\",\"dateModified\":\"2021-10-18T12:51:24+00:00\",\"breadcrumb\":{\"@id\":\"https:\/\/web.umons.ac.be\/fpms\/fr\/offre-de-formation\/1er-cycle-bachelier\/#breadcrumb\"},\"inLanguage\":\"fr-FR\",\"potentialAction\":[{\"@type\":\"ReadAction\",\"target\":[\"https:\/\/web.umons.ac.be\/fpms\/fr\/offre-de-formation\/1er-cycle-bachelier\/\"]}]},{\"@type\":\"ImageObject\",\"inLanguage\":\"fr-FR\",\"@id\":\"https:\/\/web.umons.ac.be\/fpms\/fr\/offre-de-formation\/1er-cycle-bachelier\/#primaryimage\",\"url\":\"https:\/\/web.umons.ac.be\/app\/uploads\/sites\/6\/2021\/09\/continuum.png\",\"contentUrl\":\"https:\/\/web.umons.ac.be\/app\/uploads\/sites\/6\/2021\/09\/continuum.png\"},{\"@type\":\"BreadcrumbList\",\"@id\":\"https:\/\/web.umons.ac.be\/fpms\/fr\/offre-de-formation\/1er-cycle-bachelier\/#breadcrumb\",\"itemListElement\":[{\"@type\":\"ListItem\",\"position\":1,\"name\":\"Accueil\",\"item\":\"https:\/\/web.umons.ac.be\/fpms\/fr\/\"},{\"@type\":\"ListItem\",\"position\":2,\"name\":\"L&rsquo;offre de formation\",\"item\":\"https:\/\/web.umons.ac.be\/fpms\/fr\/offre-de-formation\/\"},{\"@type\":\"ListItem\",\"position\":3,\"name\":\"1er cycle : Bachelier\"}]},{\"@type\":\"WebSite\",\"@id\":\"https:\/\/web.umons.ac.be\/fpms\/#website\",\"url\":\"https:\/\/web.umons.ac.be\/fpms\/\",\"name\":\"Facult\u00e9 \/ FPMS\",\"description\":\"Un site utilisant Universit\u00e9 de Mons \u2013 UMONS\",\"potentialAction\":[{\"@type\":\"SearchAction\",\"target\":{\"@type\":\"EntryPoint\",\"urlTemplate\":\"https:\/\/web.umons.ac.be\/fpms\/?s={search_term_string}\"},\"query-input\":{\"@type\":\"PropertyValueSpecification\",\"valueRequired\":true,\"valueName\":\"search_term_string\"}}],\"inLanguage\":\"fr-FR\"}]}<\/script>\n<!-- \/ Yoast SEO plugin. -->","yoast_head_json":{"title":"1er cycle : Bachelier - Facult\u00e9 \/ FPMS","robots":{"index":"index","follow":"follow","max-snippet":"max-snippet:-1","max-image-preview":"max-image-preview:large","max-video-preview":"max-video-preview:-1"},"canonical":"https:\/\/web.umons.ac.be\/fpms\/fr\/offre-de-formation\/1er-cycle-bachelier\/","og_locale":"fr_FR","og_type":"article","og_title":"1er cycle : Bachelier - Facult\u00e9 \/ FPMS","og_description":"Les ann\u00e9es de Bachelier constituent un cycle de formation scientifique fondamental. Elles visent \u00e0 donner une formation de base notamment destin\u00e9e \u00e0 apprendre \u00e0 conduire un raisonnement avec la rigueur n\u00e9cessaire, \u00e0 acqu\u00e9rir un esprit de synth\u00e8se, \u00e0 assimiler des connaissances de base dans diverses disciplines scientifiques et \u00e0 savoir utiliser les outils math\u00e9matiques et [&hellip;]","og_url":"https:\/\/web.umons.ac.be\/fpms\/fr\/offre-de-formation\/1er-cycle-bachelier\/","og_site_name":"Facult\u00e9 \/ FPMS","article_modified_time":"2021-10-18T12:51:24+00:00","og_image":[{"url":"https:\/\/web.umons.ac.be\/app\/uploads\/sites\/6\/2021\/09\/continuum.png","type":"","width":"","height":""}],"twitter_card":"summary_large_image","twitter_misc":{"Dur\u00e9e de lecture estim\u00e9e":"2 minutes"},"schema":{"@context":"https:\/\/schema.org","@graph":[{"@type":"WebPage","@id":"https:\/\/web.umons.ac.be\/fpms\/fr\/offre-de-formation\/1er-cycle-bachelier\/","url":"https:\/\/web.umons.ac.be\/fpms\/fr\/offre-de-formation\/1er-cycle-bachelier\/","name":"1er cycle : Bachelier - Facult\u00e9 \/ FPMS","isPartOf":{"@id":"https:\/\/web.umons.ac.be\/fpms\/#website"},"primaryImageOfPage":{"@id":"https:\/\/web.umons.ac.be\/fpms\/fr\/offre-de-formation\/1er-cycle-bachelier\/#primaryimage"},"image":{"@id":"https:\/\/web.umons.ac.be\/fpms\/fr\/offre-de-formation\/1er-cycle-bachelier\/#primaryimage"},"thumbnailUrl":"https:\/\/web.umons.ac.be\/app\/uploads\/sites\/6\/2021\/09\/continuum.png","datePublished":"2017-07-07T10:31:00+00:00","dateModified":"2021-10-18T12:51:24+00:00","breadcrumb":{"@id":"https:\/\/web.umons.ac.be\/fpms\/fr\/offre-de-formation\/1er-cycle-bachelier\/#breadcrumb"},"inLanguage":"fr-FR","potentialAction":[{"@type":"ReadAction","target":["https:\/\/web.umons.ac.be\/fpms\/fr\/offre-de-formation\/1er-cycle-bachelier\/"]}]},{"@type":"ImageObject","inLanguage":"fr-FR","@id":"https:\/\/web.umons.ac.be\/fpms\/fr\/offre-de-formation\/1er-cycle-bachelier\/#primaryimage","url":"https:\/\/web.umons.ac.be\/app\/uploads\/sites\/6\/2021\/09\/continuum.png","contentUrl":"https:\/\/web.umons.ac.be\/app\/uploads\/sites\/6\/2021\/09\/continuum.png"},{"@type":"BreadcrumbList","@id":"https:\/\/web.umons.ac.be\/fpms\/fr\/offre-de-formation\/1er-cycle-bachelier\/#breadcrumb","itemListElement":[{"@type":"ListItem","position":1,"name":"Accueil","item":"https:\/\/web.umons.ac.be\/fpms\/fr\/"},{"@type":"ListItem","position":2,"name":"L&rsquo;offre de formation","item":"https:\/\/web.umons.ac.be\/fpms\/fr\/offre-de-formation\/"},{"@type":"ListItem","position":3,"name":"1er cycle : Bachelier"}]},{"@type":"WebSite","@id":"https:\/\/web.umons.ac.be\/fpms\/#website","url":"https:\/\/web.umons.ac.be\/fpms\/","name":"Facult\u00e9 \/ FPMS","description":"Un site utilisant Universit\u00e9 de Mons \u2013 UMONS","potentialAction":[{"@type":"SearchAction","target":{"@type":"EntryPoint","urlTemplate":"https:\/\/web.umons.ac.be\/fpms\/?s={search_term_string}"},"query-input":{"@type":"PropertyValueSpecification","valueRequired":true,"valueName":"search_term_string"}}],"inLanguage":"fr-FR"}]}},"lang":"fr","translations":{"fr":104,"en":546},"pll_sync_post":[],"_links":{"self":[{"href":"https:\/\/web.umons.ac.be\/fpms\/wp-json\/wp\/v2\/pages\/104","targetHints":{"allow":["GET"]}}],"collection":[{"href":"https:\/\/web.umons.ac.be\/fpms\/wp-json\/wp\/v2\/pages"}],"about":[{"href":"https:\/\/web.umons.ac.be\/fpms\/wp-json\/wp\/v2\/types\/page"}],"author":[{"embeddable":true,"href":"https:\/\/web.umons.ac.be\/fpms\/wp-json\/wp\/v2\/users\/2"}],"replies":[{"embeddable":true,"href":"https:\/\/web.umons.ac.be\/fpms\/wp-json\/wp\/v2\/comments?post=104"}],"version-history":[{"count":13,"href":"https:\/\/web.umons.ac.be\/fpms\/wp-json\/wp\/v2\/pages\/104\/revisions"}],"predecessor-version":[{"id":1983,"href":"https:\/\/web.umons.ac.be\/fpms\/wp-json\/wp\/v2\/pages\/104\/revisions\/1983"}],"up":[{"embeddable":true,"href":"https:\/\/web.umons.ac.be\/fpms\/wp-json\/wp\/v2\/pages\/325"}],"wp:attachment":[{"href":"https:\/\/web.umons.ac.be\/fpms\/wp-json\/wp\/v2\/media?parent=104"}],"curies":[{"name":"wp","href":"https:\/\/api.w.org\/{rel}","templated":true}]}}