{"id":1089,"date":"2019-01-09T12:40:28","date_gmt":"2019-01-09T11:40:28","guid":{"rendered":"https:\/\/web.umons.ac.be\/fpms\/?page_id=1089"},"modified":"2024-04-15T15:42:35","modified_gmt":"2024-04-15T13:42:35","slug":"mobilite-etudiante","status":"publish","type":"page","link":"https:\/\/web.umons.ac.be\/fpms\/fr\/mobilite-etudiante\/","title":{"rendered":"Mobilit\u00e9 \u00e9tudiante &#8211; International"},"content":{"rendered":"<p>Tous les dipl\u00f4mes de Polytech Mons sont labellis\u00e9s EUR-ACE au niveau Europ\u00e9en et accr\u00e9dit\u00e9s par la Commission des Titres d\u2019Ing\u00e9nieur (France) attestant de la conformit\u00e9 de nos formations aux crit\u00e8res de qua\u00adlit\u00e9 \u00e9labor\u00e9s \u00e0 l\u2019\u00e9chelle europ\u00e9enne pour les formations d\u2019ing\u00e9nieurs. L\u2019employabilit\u00e9 de nos dipl\u00f4m\u00e9s et la mobilit\u00e9 internationale s\u2019en trouvent encore renforc\u00e9es. <strong>Plus de 40 % de nos dipl\u00f4m\u00e9s ont effectu\u00e9 un s\u00e9jour d\u2019\u00e9tude \u00e0 l\u2019\u00e9tranger au cours de leur formation (plus de 20 destinations \u00e0 travers le monde).<\/strong><\/p>\n<p>En Bachelier, les \u00e9tudiants peuvent d\u00e9j\u00e0 effectuer une partie de leur formation \u00e0 l\u2019\u00e9tranger. Les Masters de Polytech Mons offrent \u00e9galement des opportunit\u00e9s de mobilit\u00e9 \u00e0 tous les \u00e9tudiants, via les programmes ERASMUS, dans une centaine d\u2019institutions partenaires r\u00e9parties dans le monde entier. L\u2019exp\u00e9rience internationale en Master prend la forme d\u2019un s\u00e9jour acad\u00e9mique d\u2019un quadrimestre au minimum. Celui-ci est souvent consacr\u00e9 \u00e0 la r\u00e9alisation du Travail de Fin d\u2019Etudes.<\/p>\n<p><iframe loading=\"lazy\" title=\"Thibault @ Curtin University - Malaisie\" width=\"500\" height=\"281\" src=\"https:\/\/www.youtube.com\/embed\/8KQxQH41JbM?feature=oembed\" frameborder=\"0\" allow=\"accelerometer; autoplay; clipboard-write; encrypted-media; gyroscope; picture-in-picture; web-share\" referrerpolicy=\"strict-origin-when-cross-origin\" allowfullscreen><\/iframe><\/p>\n<p>Gr\u00e2ce \u00e0 la participation de Polytech Mons au r\u00e9seau <strong>T.I.M.E. (Top Industrial Managers in Engineering) <\/strong>qui regroupe les plus grandes Ecoles d\u2019Ing\u00e9nieurs dans le monde, les \u00e9tudiants ont la possibilit\u00e9 d\u2019obtenir un second dipl\u00f4me dans une autre institution de haut niveau (e.a. Supa\u00e9ro \u00e0 Toulouse, Sup\u00e9lec \u00e0 Paris, Ecole Centrale de Lille, Universidad Politecnica de Madrid, Politecnico di Milano, Technische Universit\u00e4t Wien).<\/p>\n<p><strong>T\u00e9moignages<\/strong><a href=\"https:\/\/timeassociation.org\/dt_testimonials\/louise-leger-and-charles-dehombreux-t-i-m-e-alumni-polytechnique-de-mons-%f0%9f%87%a7%f0%9f%87%aa-and-isae-supaero-%f0%9f%87%ab%f0%9f%87%b7\/\"><img loading=\"lazy\" decoding=\"async\" class=\"alignnone size-medium wp-image-2903\" src=\"https:\/\/web.umons.ac.be\/app\/uploads\/sites\/6\/2024\/04\/TIME_CD-300x215.png\" alt=\"\" width=\"300\" height=\"215\" srcset=\"https:\/\/web.umons.ac.be\/app\/uploads\/sites\/6\/2024\/04\/TIME_CD-300x215.png 300w, https:\/\/web.umons.ac.be\/app\/uploads\/sites\/6\/2024\/04\/TIME_CD-30x22.png 30w, https:\/\/web.umons.ac.be\/app\/uploads\/sites\/6\/2024\/04\/TIME_CD-60x43.png 60w, https:\/\/web.umons.ac.be\/app\/uploads\/sites\/6\/2024\/04\/TIME_CD-360x258.png 360w, https:\/\/web.umons.ac.be\/app\/uploads\/sites\/6\/2024\/04\/TIME_CD.png 428w\" sizes=\"auto, (max-width: 300px) 100vw, 300px\" \/><\/a><\/p>\n<p>Video : Louise LEGER and Charles DEHOMBREUX &#8211; T.I.M.E. Alumni Polytechnique de Mons (\ud83c\udde7\ud83c\uddea) and ISAE-SUPAERO (FR)<\/p>\n<p>Depuis plusieurs ann\u00e9es, des \u00e9quipes d\u2019\u00e9tudiants Ing\u00e9nieurs participent \u00e0 des comp\u00e9titions nation\u00adales ou internationales les opposant \u00e0 d\u2019autres \u00e9quipes d\u2019\u00e9tudiants de toutes nationalit\u00e9s, comme la Coupe de Robotique ou le Shell Eco-Marathon. C\u2019est l\u2019occasion de relever des d\u00e9fis surprenants et exigeants tout en nouant des contacts avec d\u2019autres partenaires.<\/p>\n<div id='gallery-1' class='gallery galleryid-1089 gallery-columns-3 gallery-size-thumbnail'><figure class='gallery-item'>\n\t\t\t<div class='gallery-icon landscape'>\n\t\t\t\t<a href='https:\/\/web.umons.ac.be\/app\/uploads\/sites\/6\/2019\/12\/Cl\u00e9ment.jpg'><img loading=\"lazy\" decoding=\"async\" width=\"150\" height=\"150\" src=\"https:\/\/web.umons.ac.be\/app\/uploads\/sites\/6\/2019\/12\/Cl\u00e9ment-150x150.jpg\" class=\"attachment-thumbnail size-thumbnail\" alt=\"\" srcset=\"https:\/\/web.umons.ac.be\/app\/uploads\/sites\/6\/2019\/12\/Cl\u00e9ment-150x150.jpg 150w, https:\/\/web.umons.ac.be\/app\/uploads\/sites\/6\/2019\/12\/Cl\u00e9ment-80x80.jpg 80w, https:\/\/web.umons.ac.be\/app\/uploads\/sites\/6\/2019\/12\/Cl\u00e9ment-400x400.jpg 400w, https:\/\/web.umons.ac.be\/app\/uploads\/sites\/6\/2019\/12\/Cl\u00e9ment-200x200.jpg 200w\" sizes=\"auto, (max-width: 150px) 100vw, 150px\" \/><\/a>\n\t\t\t<\/div><\/figure><figure class='gallery-item'>\n\t\t\t<div class='gallery-icon landscape'>\n\t\t\t\t<a href='https:\/\/web.umons.ac.be\/app\/uploads\/sites\/6\/2019\/12\/Luc.jpg'><img loading=\"lazy\" decoding=\"async\" width=\"150\" height=\"150\" src=\"https:\/\/web.umons.ac.be\/app\/uploads\/sites\/6\/2019\/12\/Luc-150x150.jpg\" class=\"attachment-thumbnail size-thumbnail\" alt=\"\" srcset=\"https:\/\/web.umons.ac.be\/app\/uploads\/sites\/6\/2019\/12\/Luc-150x150.jpg 150w, https:\/\/web.umons.ac.be\/app\/uploads\/sites\/6\/2019\/12\/Luc-80x80.jpg 80w, https:\/\/web.umons.ac.be\/app\/uploads\/sites\/6\/2019\/12\/Luc-400x400.jpg 400w, https:\/\/web.umons.ac.be\/app\/uploads\/sites\/6\/2019\/12\/Luc-200x200.jpg 200w\" sizes=\"auto, (max-width: 150px) 100vw, 150px\" \/><\/a>\n\t\t\t<\/div><\/figure><figure class='gallery-item'>\n\t\t\t<div class='gallery-icon landscape'>\n\t\t\t\t<a href='https:\/\/web.umons.ac.be\/app\/uploads\/sites\/6\/2019\/12\/M\u00e9lody.jpg'><img loading=\"lazy\" decoding=\"async\" width=\"150\" height=\"150\" src=\"https:\/\/web.umons.ac.be\/app\/uploads\/sites\/6\/2019\/12\/M\u00e9lody-150x150.jpg\" class=\"attachment-thumbnail size-thumbnail\" alt=\"\" srcset=\"https:\/\/web.umons.ac.be\/app\/uploads\/sites\/6\/2019\/12\/M\u00e9lody-150x150.jpg 150w, https:\/\/web.umons.ac.be\/app\/uploads\/sites\/6\/2019\/12\/M\u00e9lody-80x80.jpg 80w, https:\/\/web.umons.ac.be\/app\/uploads\/sites\/6\/2019\/12\/M\u00e9lody-400x400.jpg 400w, https:\/\/web.umons.ac.be\/app\/uploads\/sites\/6\/2019\/12\/M\u00e9lody-200x200.jpg 200w\" sizes=\"auto, (max-width: 150px) 100vw, 150px\" \/><\/a>\n\t\t\t<\/div><\/figure><figure class='gallery-item'>\n\t\t\t<div class='gallery-icon landscape'>\n\t\t\t\t<a href='https:\/\/web.umons.ac.be\/app\/uploads\/sites\/6\/2019\/12\/Benjamin.jpg'><img loading=\"lazy\" decoding=\"async\" width=\"150\" height=\"150\" src=\"https:\/\/web.umons.ac.be\/app\/uploads\/sites\/6\/2019\/12\/Benjamin-150x150.jpg\" class=\"attachment-thumbnail size-thumbnail\" alt=\"\" srcset=\"https:\/\/web.umons.ac.be\/app\/uploads\/sites\/6\/2019\/12\/Benjamin-150x150.jpg 150w, https:\/\/web.umons.ac.be\/app\/uploads\/sites\/6\/2019\/12\/Benjamin-80x80.jpg 80w, https:\/\/web.umons.ac.be\/app\/uploads\/sites\/6\/2019\/12\/Benjamin-400x400.jpg 400w, https:\/\/web.umons.ac.be\/app\/uploads\/sites\/6\/2019\/12\/Benjamin-200x200.jpg 200w\" sizes=\"auto, (max-width: 150px) 100vw, 150px\" \/><\/a>\n\t\t\t<\/div><\/figure><figure class='gallery-item'>\n\t\t\t<div class='gallery-icon landscape'>\n\t\t\t\t<a href='https:\/\/web.umons.ac.be\/app\/uploads\/sites\/6\/2019\/12\/Thibault.png'><img loading=\"lazy\" decoding=\"async\" width=\"150\" height=\"150\" src=\"https:\/\/web.umons.ac.be\/app\/uploads\/sites\/6\/2019\/12\/Thibault-150x150.png\" class=\"attachment-thumbnail size-thumbnail\" alt=\"\" srcset=\"https:\/\/web.umons.ac.be\/app\/uploads\/sites\/6\/2019\/12\/Thibault-150x150.png 150w, https:\/\/web.umons.ac.be\/app\/uploads\/sites\/6\/2019\/12\/Thibault-80x80.png 80w, https:\/\/web.umons.ac.be\/app\/uploads\/sites\/6\/2019\/12\/Thibault-400x400.png 400w, https:\/\/web.umons.ac.be\/app\/uploads\/sites\/6\/2019\/12\/Thibault-200x200.png 200w\" sizes=\"auto, (max-width: 150px) 100vw, 150px\" \/><\/a>\n\t\t\t<\/div><\/figure><figure class='gallery-item'>\n\t\t\t<div class='gallery-icon landscape'>\n\t\t\t\t<a href='https:\/\/web.umons.ac.be\/app\/uploads\/sites\/6\/2019\/12\/Aude.png'><img loading=\"lazy\" decoding=\"async\" width=\"150\" height=\"150\" src=\"https:\/\/web.umons.ac.be\/app\/uploads\/sites\/6\/2019\/12\/Aude-150x150.png\" class=\"attachment-thumbnail size-thumbnail\" alt=\"\" srcset=\"https:\/\/web.umons.ac.be\/app\/uploads\/sites\/6\/2019\/12\/Aude-150x150.png 150w, https:\/\/web.umons.ac.be\/app\/uploads\/sites\/6\/2019\/12\/Aude-30x30.png 30w, https:\/\/web.umons.ac.be\/app\/uploads\/sites\/6\/2019\/12\/Aude-80x80.png 80w, https:\/\/web.umons.ac.be\/app\/uploads\/sites\/6\/2019\/12\/Aude-60x60.png 60w, https:\/\/web.umons.ac.be\/app\/uploads\/sites\/6\/2019\/12\/Aude-400x400.png 400w, https:\/\/web.umons.ac.be\/app\/uploads\/sites\/6\/2019\/12\/Aude-200x200.png 200w\" sizes=\"auto, (max-width: 150px) 100vw, 150px\" \/><\/a>\n\t\t\t<\/div><\/figure>\n\t\t<\/div>\n\n","protected":false},"excerpt":{"rendered":"<p>Tous les dipl\u00f4mes de Polytech Mons sont labellis\u00e9s EUR-ACE au niveau Europ\u00e9en et accr\u00e9dit\u00e9s par la Commission des Titres d\u2019Ing\u00e9nieur (France) attestant de la conformit\u00e9 de nos formations aux crit\u00e8res de qua\u00adlit\u00e9 \u00e9labor\u00e9s \u00e0 l\u2019\u00e9chelle europ\u00e9enne pour les formations d\u2019ing\u00e9nieurs. L\u2019employabilit\u00e9 de nos dipl\u00f4m\u00e9s et la mobilit\u00e9 internationale s\u2019en trouvent encore renforc\u00e9es. Plus de 40 [&hellip;]<\/p>\n","protected":false},"author":2,"featured_media":0,"parent":0,"menu_order":6,"comment_status":"closed","ping_status":"closed","template":"","meta":{"footnotes":""},"class_list":["post-1089","page","type-page","status-publish","hentry"],"yoast_head":"<!-- This site is optimized with the Yoast SEO plugin v27.2 - https:\/\/yoast.com\/product\/yoast-seo-wordpress\/ -->\n<title>Mobilit\u00e9 \u00e9tudiante - International - Facult\u00e9 \/ FPMS<\/title>\n<meta name=\"robots\" content=\"index, follow, max-snippet:-1, max-image-preview:large, max-video-preview:-1\" \/>\n<link rel=\"canonical\" href=\"https:\/\/web.umons.ac.be\/fpms\/fr\/mobilite-etudiante\/\" \/>\n<meta property=\"og:locale\" content=\"fr_FR\" \/>\n<meta property=\"og:type\" content=\"article\" \/>\n<meta property=\"og:title\" content=\"Mobilit\u00e9 \u00e9tudiante - International - Facult\u00e9 \/ FPMS\" \/>\n<meta property=\"og:description\" content=\"Tous les dipl\u00f4mes de Polytech Mons sont labellis\u00e9s EUR-ACE au niveau Europ\u00e9en et accr\u00e9dit\u00e9s par la Commission des Titres d\u2019Ing\u00e9nieur (France) attestant de la conformit\u00e9 de nos formations aux crit\u00e8res de qua\u00adlit\u00e9 \u00e9labor\u00e9s \u00e0 l\u2019\u00e9chelle europ\u00e9enne pour les formations d\u2019ing\u00e9nieurs. L\u2019employabilit\u00e9 de nos dipl\u00f4m\u00e9s et la mobilit\u00e9 internationale s\u2019en trouvent encore renforc\u00e9es. Plus de 40 [&hellip;]\" \/>\n<meta property=\"og:url\" content=\"https:\/\/web.umons.ac.be\/fpms\/fr\/mobilite-etudiante\/\" \/>\n<meta property=\"og:site_name\" content=\"Facult\u00e9 \/ FPMS\" \/>\n<meta property=\"article:modified_time\" content=\"2024-04-15T13:42:35+00:00\" \/>\n<meta property=\"og:image\" content=\"https:\/\/web.umons.ac.be\/app\/uploads\/sites\/6\/2019\/12\/Cl\u00e9ment-150x150.jpg\" \/>\n<meta name=\"twitter:card\" content=\"summary_large_image\" \/>\n<meta name=\"twitter:label1\" content=\"Dur\u00e9e de lecture estim\u00e9e\" \/>\n\t<meta name=\"twitter:data1\" content=\"2 minutes\" \/>\n<script type=\"application\/ld+json\" class=\"yoast-schema-graph\">{\"@context\":\"https:\/\/schema.org\",\"@graph\":[{\"@type\":\"WebPage\",\"@id\":\"https:\/\/web.umons.ac.be\/fpms\/fr\/mobilite-etudiante\/\",\"url\":\"https:\/\/web.umons.ac.be\/fpms\/fr\/mobilite-etudiante\/\",\"name\":\"Mobilit\u00e9 \u00e9tudiante - International - Facult\u00e9 \/ FPMS\",\"isPartOf\":{\"@id\":\"https:\/\/web.umons.ac.be\/fpms\/#website\"},\"primaryImageOfPage\":{\"@id\":\"https:\/\/web.umons.ac.be\/fpms\/fr\/mobilite-etudiante\/#primaryimage\"},\"image\":{\"@id\":\"https:\/\/web.umons.ac.be\/fpms\/fr\/mobilite-etudiante\/#primaryimage\"},\"thumbnailUrl\":\"https:\/\/web.umons.ac.be\/app\/uploads\/sites\/6\/2024\/04\/TIME_CD-300x215.png\",\"datePublished\":\"2019-01-09T11:40:28+00:00\",\"dateModified\":\"2024-04-15T13:42:35+00:00\",\"breadcrumb\":{\"@id\":\"https:\/\/web.umons.ac.be\/fpms\/fr\/mobilite-etudiante\/#breadcrumb\"},\"inLanguage\":\"fr-FR\",\"potentialAction\":[{\"@type\":\"ReadAction\",\"target\":[\"https:\/\/web.umons.ac.be\/fpms\/fr\/mobilite-etudiante\/\"]}]},{\"@type\":\"ImageObject\",\"inLanguage\":\"fr-FR\",\"@id\":\"https:\/\/web.umons.ac.be\/fpms\/fr\/mobilite-etudiante\/#primaryimage\",\"url\":\"https:\/\/web.umons.ac.be\/app\/uploads\/sites\/6\/2024\/04\/TIME_CD-300x215.png\",\"contentUrl\":\"https:\/\/web.umons.ac.be\/app\/uploads\/sites\/6\/2024\/04\/TIME_CD-300x215.png\"},{\"@type\":\"BreadcrumbList\",\"@id\":\"https:\/\/web.umons.ac.be\/fpms\/fr\/mobilite-etudiante\/#breadcrumb\",\"itemListElement\":[{\"@type\":\"ListItem\",\"position\":1,\"name\":\"Accueil\",\"item\":\"https:\/\/web.umons.ac.be\/fpms\/fr\/\"},{\"@type\":\"ListItem\",\"position\":2,\"name\":\"Mobilit\u00e9 \u00e9tudiante &#8211; International\"}]},{\"@type\":\"WebSite\",\"@id\":\"https:\/\/web.umons.ac.be\/fpms\/#website\",\"url\":\"https:\/\/web.umons.ac.be\/fpms\/\",\"name\":\"Facult\u00e9 \/ FPMS\",\"description\":\"Un site utilisant Universit\u00e9 de Mons \u2013 UMONS\",\"potentialAction\":[{\"@type\":\"SearchAction\",\"target\":{\"@type\":\"EntryPoint\",\"urlTemplate\":\"https:\/\/web.umons.ac.be\/fpms\/?s={search_term_string}\"},\"query-input\":{\"@type\":\"PropertyValueSpecification\",\"valueRequired\":true,\"valueName\":\"search_term_string\"}}],\"inLanguage\":\"fr-FR\"}]}<\/script>\n<!-- \/ Yoast SEO plugin. -->","yoast_head_json":{"title":"Mobilit\u00e9 \u00e9tudiante - International - Facult\u00e9 \/ FPMS","robots":{"index":"index","follow":"follow","max-snippet":"max-snippet:-1","max-image-preview":"max-image-preview:large","max-video-preview":"max-video-preview:-1"},"canonical":"https:\/\/web.umons.ac.be\/fpms\/fr\/mobilite-etudiante\/","og_locale":"fr_FR","og_type":"article","og_title":"Mobilit\u00e9 \u00e9tudiante - International - Facult\u00e9 \/ FPMS","og_description":"Tous les dipl\u00f4mes de Polytech Mons sont labellis\u00e9s EUR-ACE au niveau Europ\u00e9en et accr\u00e9dit\u00e9s par la Commission des Titres d\u2019Ing\u00e9nieur (France) attestant de la conformit\u00e9 de nos formations aux crit\u00e8res de qua\u00adlit\u00e9 \u00e9labor\u00e9s \u00e0 l\u2019\u00e9chelle europ\u00e9enne pour les formations d\u2019ing\u00e9nieurs. L\u2019employabilit\u00e9 de nos dipl\u00f4m\u00e9s et la mobilit\u00e9 internationale s\u2019en trouvent encore renforc\u00e9es. Plus de 40 [&hellip;]","og_url":"https:\/\/web.umons.ac.be\/fpms\/fr\/mobilite-etudiante\/","og_site_name":"Facult\u00e9 \/ FPMS","article_modified_time":"2024-04-15T13:42:35+00:00","og_image":[{"url":"https:\/\/web.umons.ac.be\/app\/uploads\/sites\/6\/2019\/12\/Cl\u00e9ment-150x150.jpg","type":"","width":"","height":""}],"twitter_card":"summary_large_image","twitter_misc":{"Dur\u00e9e de lecture estim\u00e9e":"2 minutes"},"schema":{"@context":"https:\/\/schema.org","@graph":[{"@type":"WebPage","@id":"https:\/\/web.umons.ac.be\/fpms\/fr\/mobilite-etudiante\/","url":"https:\/\/web.umons.ac.be\/fpms\/fr\/mobilite-etudiante\/","name":"Mobilit\u00e9 \u00e9tudiante - International - Facult\u00e9 \/ FPMS","isPartOf":{"@id":"https:\/\/web.umons.ac.be\/fpms\/#website"},"primaryImageOfPage":{"@id":"https:\/\/web.umons.ac.be\/fpms\/fr\/mobilite-etudiante\/#primaryimage"},"image":{"@id":"https:\/\/web.umons.ac.be\/fpms\/fr\/mobilite-etudiante\/#primaryimage"},"thumbnailUrl":"https:\/\/web.umons.ac.be\/app\/uploads\/sites\/6\/2024\/04\/TIME_CD-300x215.png","datePublished":"2019-01-09T11:40:28+00:00","dateModified":"2024-04-15T13:42:35+00:00","breadcrumb":{"@id":"https:\/\/web.umons.ac.be\/fpms\/fr\/mobilite-etudiante\/#breadcrumb"},"inLanguage":"fr-FR","potentialAction":[{"@type":"ReadAction","target":["https:\/\/web.umons.ac.be\/fpms\/fr\/mobilite-etudiante\/"]}]},{"@type":"ImageObject","inLanguage":"fr-FR","@id":"https:\/\/web.umons.ac.be\/fpms\/fr\/mobilite-etudiante\/#primaryimage","url":"https:\/\/web.umons.ac.be\/app\/uploads\/sites\/6\/2024\/04\/TIME_CD-300x215.png","contentUrl":"https:\/\/web.umons.ac.be\/app\/uploads\/sites\/6\/2024\/04\/TIME_CD-300x215.png"},{"@type":"BreadcrumbList","@id":"https:\/\/web.umons.ac.be\/fpms\/fr\/mobilite-etudiante\/#breadcrumb","itemListElement":[{"@type":"ListItem","position":1,"name":"Accueil","item":"https:\/\/web.umons.ac.be\/fpms\/fr\/"},{"@type":"ListItem","position":2,"name":"Mobilit\u00e9 \u00e9tudiante &#8211; International"}]},{"@type":"WebSite","@id":"https:\/\/web.umons.ac.be\/fpms\/#website","url":"https:\/\/web.umons.ac.be\/fpms\/","name":"Facult\u00e9 \/ FPMS","description":"Un site utilisant Universit\u00e9 de Mons \u2013 UMONS","potentialAction":[{"@type":"SearchAction","target":{"@type":"EntryPoint","urlTemplate":"https:\/\/web.umons.ac.be\/fpms\/?s={search_term_string}"},"query-input":{"@type":"PropertyValueSpecification","valueRequired":true,"valueName":"search_term_string"}}],"inLanguage":"fr-FR"}]}},"lang":"fr","translations":{"fr":1089,"en":1321},"pll_sync_post":[],"_links":{"self":[{"href":"https:\/\/web.umons.ac.be\/fpms\/wp-json\/wp\/v2\/pages\/1089","targetHints":{"allow":["GET"]}}],"collection":[{"href":"https:\/\/web.umons.ac.be\/fpms\/wp-json\/wp\/v2\/pages"}],"about":[{"href":"https:\/\/web.umons.ac.be\/fpms\/wp-json\/wp\/v2\/types\/page"}],"author":[{"embeddable":true,"href":"https:\/\/web.umons.ac.be\/fpms\/wp-json\/wp\/v2\/users\/2"}],"replies":[{"embeddable":true,"href":"https:\/\/web.umons.ac.be\/fpms\/wp-json\/wp\/v2\/comments?post=1089"}],"version-history":[{"count":3,"href":"https:\/\/web.umons.ac.be\/fpms\/wp-json\/wp\/v2\/pages\/1089\/revisions"}],"predecessor-version":[{"id":2906,"href":"https:\/\/web.umons.ac.be\/fpms\/wp-json\/wp\/v2\/pages\/1089\/revisions\/2906"}],"wp:attachment":[{"href":"https:\/\/web.umons.ac.be\/fpms\/wp-json\/wp\/v2\/media?parent=1089"}],"curies":[{"name":"wp","href":"https:\/\/api.w.org\/{rel}","templated":true}]}}