{"id":1091,"date":"2019-01-09T12:41:33","date_gmt":"2019-01-09T11:41:33","guid":{"rendered":"https:\/\/web.umons.ac.be\/fpms\/?page_id=1091"},"modified":"2019-02-27T12:11:15","modified_gmt":"2019-02-27T11:11:15","slug":"venir-en-mobilite-in","status":"publish","type":"page","link":"https:\/\/web.umons.ac.be\/fpms\/fr\/mobilite-etudiante\/venir-en-mobilite-in\/","title":{"rendered":"Venir en mobilit\u00e9 IN"},"content":{"rendered":"<h2>Erasmus et \u00e9changes internationaux \u00e0 la Facult\u00e9 polytechnique<\/h2>\n<p>Si vous d\u00e9sirez r\u00e9aliser un \u00e9change international \u00e0 l\u2019UMONS et plus particuli\u00e8rement \u00e0 la Facult\u00e9 Polytechnique, nous vous recommandons de lire attentivement les informations d\u00e9taill\u00e9es sur notre site web. Vous trouverez ainsi les r\u00e9ponses \u00e0 la plupart des questions qui vous pouvez vous poser.<\/p>\n<p>\u00c9videmment, si vous avez d\u2019autres questions, nous serions heureux de vous aider. Vous pouvez alors contacter les <a href=\"https:\/\/web.umons.ac.be\/fpms\/fr\/mobilite-etudiante\/venir-en-mobilite-in\/contacts\/\">coordinateurs<\/a> des \u00e9changes internationaux pour la Facult\u00e9.<\/p>\n<div class=\"contact-block\">\n<p>&nbsp;<\/p>\n<\/div>\n<p>&nbsp;<\/p>\n","protected":false},"excerpt":{"rendered":"<p>Erasmus et \u00e9changes internationaux \u00e0 la Facult\u00e9 polytechnique Si vous d\u00e9sirez r\u00e9aliser un \u00e9change international \u00e0 l\u2019UMONS et plus particuli\u00e8rement \u00e0 la Facult\u00e9 Polytechnique, nous vous recommandons de lire attentivement les informations d\u00e9taill\u00e9es sur notre site web. Vous trouverez ainsi les r\u00e9ponses \u00e0 la plupart des questions qui vous pouvez vous poser. \u00c9videmment, si vous [&hellip;]<\/p>\n","protected":false},"author":2,"featured_media":0,"parent":1089,"menu_order":0,"comment_status":"closed","ping_status":"closed","template":"","meta":{"footnotes":""},"class_list":["post-1091","page","type-page","status-publish","hentry"],"yoast_head":"<!-- This site is optimized with the Yoast SEO plugin v27.2 - https:\/\/yoast.com\/product\/yoast-seo-wordpress\/ -->\n<title>Venir en mobilit\u00e9 IN - Facult\u00e9 \/ FPMS<\/title>\n<meta name=\"robots\" content=\"index, follow, max-snippet:-1, max-image-preview:large, max-video-preview:-1\" \/>\n<link rel=\"canonical\" href=\"https:\/\/web.umons.ac.be\/fpms\/fr\/mobilite-etudiante\/venir-en-mobilite-in\/\" \/>\n<meta property=\"og:locale\" content=\"fr_FR\" \/>\n<meta property=\"og:type\" content=\"article\" \/>\n<meta property=\"og:title\" content=\"Venir en mobilit\u00e9 IN - Facult\u00e9 \/ FPMS\" \/>\n<meta property=\"og:description\" content=\"Erasmus et \u00e9changes internationaux \u00e0 la Facult\u00e9 polytechnique Si vous d\u00e9sirez r\u00e9aliser un \u00e9change international \u00e0 l\u2019UMONS et plus particuli\u00e8rement \u00e0 la Facult\u00e9 Polytechnique, nous vous recommandons de lire attentivement les informations d\u00e9taill\u00e9es sur notre site web. Vous trouverez ainsi les r\u00e9ponses \u00e0 la plupart des questions qui vous pouvez vous poser. \u00c9videmment, si vous [&hellip;]\" \/>\n<meta property=\"og:url\" content=\"https:\/\/web.umons.ac.be\/fpms\/fr\/mobilite-etudiante\/venir-en-mobilite-in\/\" \/>\n<meta property=\"og:site_name\" content=\"Facult\u00e9 \/ FPMS\" \/>\n<meta property=\"article:modified_time\" content=\"2019-02-27T11:11:15+00:00\" \/>\n<meta name=\"twitter:card\" content=\"summary_large_image\" \/>\n<script type=\"application\/ld+json\" class=\"yoast-schema-graph\">{\"@context\":\"https:\/\/schema.org\",\"@graph\":[{\"@type\":\"WebPage\",\"@id\":\"https:\/\/web.umons.ac.be\/fpms\/fr\/mobilite-etudiante\/venir-en-mobilite-in\/\",\"url\":\"https:\/\/web.umons.ac.be\/fpms\/fr\/mobilite-etudiante\/venir-en-mobilite-in\/\",\"name\":\"Venir en mobilit\u00e9 IN - Facult\u00e9 \/ FPMS\",\"isPartOf\":{\"@id\":\"https:\/\/web.umons.ac.be\/fpms\/#website\"},\"datePublished\":\"2019-01-09T11:41:33+00:00\",\"dateModified\":\"2019-02-27T11:11:15+00:00\",\"breadcrumb\":{\"@id\":\"https:\/\/web.umons.ac.be\/fpms\/fr\/mobilite-etudiante\/venir-en-mobilite-in\/#breadcrumb\"},\"inLanguage\":\"fr-FR\",\"potentialAction\":[{\"@type\":\"ReadAction\",\"target\":[\"https:\/\/web.umons.ac.be\/fpms\/fr\/mobilite-etudiante\/venir-en-mobilite-in\/\"]}]},{\"@type\":\"BreadcrumbList\",\"@id\":\"https:\/\/web.umons.ac.be\/fpms\/fr\/mobilite-etudiante\/venir-en-mobilite-in\/#breadcrumb\",\"itemListElement\":[{\"@type\":\"ListItem\",\"position\":1,\"name\":\"Accueil\",\"item\":\"https:\/\/web.umons.ac.be\/fpms\/fr\/\"},{\"@type\":\"ListItem\",\"position\":2,\"name\":\"Mobilit\u00e9 \u00e9tudiante &#8211; International\",\"item\":\"https:\/\/web.umons.ac.be\/fpms\/fr\/mobilite-etudiante\/\"},{\"@type\":\"ListItem\",\"position\":3,\"name\":\"Venir en mobilit\u00e9 IN\"}]},{\"@type\":\"WebSite\",\"@id\":\"https:\/\/web.umons.ac.be\/fpms\/#website\",\"url\":\"https:\/\/web.umons.ac.be\/fpms\/\",\"name\":\"Facult\u00e9 \/ FPMS\",\"description\":\"Un site utilisant Universit\u00e9 de Mons \u2013 UMONS\",\"potentialAction\":[{\"@type\":\"SearchAction\",\"target\":{\"@type\":\"EntryPoint\",\"urlTemplate\":\"https:\/\/web.umons.ac.be\/fpms\/?s={search_term_string}\"},\"query-input\":{\"@type\":\"PropertyValueSpecification\",\"valueRequired\":true,\"valueName\":\"search_term_string\"}}],\"inLanguage\":\"fr-FR\"}]}<\/script>\n<!-- \/ Yoast SEO plugin. -->","yoast_head_json":{"title":"Venir en mobilit\u00e9 IN - Facult\u00e9 \/ FPMS","robots":{"index":"index","follow":"follow","max-snippet":"max-snippet:-1","max-image-preview":"max-image-preview:large","max-video-preview":"max-video-preview:-1"},"canonical":"https:\/\/web.umons.ac.be\/fpms\/fr\/mobilite-etudiante\/venir-en-mobilite-in\/","og_locale":"fr_FR","og_type":"article","og_title":"Venir en mobilit\u00e9 IN - Facult\u00e9 \/ FPMS","og_description":"Erasmus et \u00e9changes internationaux \u00e0 la Facult\u00e9 polytechnique Si vous d\u00e9sirez r\u00e9aliser un \u00e9change international \u00e0 l\u2019UMONS et plus particuli\u00e8rement \u00e0 la Facult\u00e9 Polytechnique, nous vous recommandons de lire attentivement les informations d\u00e9taill\u00e9es sur notre site web. Vous trouverez ainsi les r\u00e9ponses \u00e0 la plupart des questions qui vous pouvez vous poser. \u00c9videmment, si vous [&hellip;]","og_url":"https:\/\/web.umons.ac.be\/fpms\/fr\/mobilite-etudiante\/venir-en-mobilite-in\/","og_site_name":"Facult\u00e9 \/ FPMS","article_modified_time":"2019-02-27T11:11:15+00:00","twitter_card":"summary_large_image","schema":{"@context":"https:\/\/schema.org","@graph":[{"@type":"WebPage","@id":"https:\/\/web.umons.ac.be\/fpms\/fr\/mobilite-etudiante\/venir-en-mobilite-in\/","url":"https:\/\/web.umons.ac.be\/fpms\/fr\/mobilite-etudiante\/venir-en-mobilite-in\/","name":"Venir en mobilit\u00e9 IN - Facult\u00e9 \/ FPMS","isPartOf":{"@id":"https:\/\/web.umons.ac.be\/fpms\/#website"},"datePublished":"2019-01-09T11:41:33+00:00","dateModified":"2019-02-27T11:11:15+00:00","breadcrumb":{"@id":"https:\/\/web.umons.ac.be\/fpms\/fr\/mobilite-etudiante\/venir-en-mobilite-in\/#breadcrumb"},"inLanguage":"fr-FR","potentialAction":[{"@type":"ReadAction","target":["https:\/\/web.umons.ac.be\/fpms\/fr\/mobilite-etudiante\/venir-en-mobilite-in\/"]}]},{"@type":"BreadcrumbList","@id":"https:\/\/web.umons.ac.be\/fpms\/fr\/mobilite-etudiante\/venir-en-mobilite-in\/#breadcrumb","itemListElement":[{"@type":"ListItem","position":1,"name":"Accueil","item":"https:\/\/web.umons.ac.be\/fpms\/fr\/"},{"@type":"ListItem","position":2,"name":"Mobilit\u00e9 \u00e9tudiante &#8211; International","item":"https:\/\/web.umons.ac.be\/fpms\/fr\/mobilite-etudiante\/"},{"@type":"ListItem","position":3,"name":"Venir en mobilit\u00e9 IN"}]},{"@type":"WebSite","@id":"https:\/\/web.umons.ac.be\/fpms\/#website","url":"https:\/\/web.umons.ac.be\/fpms\/","name":"Facult\u00e9 \/ FPMS","description":"Un site utilisant Universit\u00e9 de Mons \u2013 UMONS","potentialAction":[{"@type":"SearchAction","target":{"@type":"EntryPoint","urlTemplate":"https:\/\/web.umons.ac.be\/fpms\/?s={search_term_string}"},"query-input":{"@type":"PropertyValueSpecification","valueRequired":true,"valueName":"search_term_string"}}],"inLanguage":"fr-FR"}]}},"lang":"fr","translations":{"fr":1091,"en":1323},"pll_sync_post":[],"_links":{"self":[{"href":"https:\/\/web.umons.ac.be\/fpms\/wp-json\/wp\/v2\/pages\/1091","targetHints":{"allow":["GET"]}}],"collection":[{"href":"https:\/\/web.umons.ac.be\/fpms\/wp-json\/wp\/v2\/pages"}],"about":[{"href":"https:\/\/web.umons.ac.be\/fpms\/wp-json\/wp\/v2\/types\/page"}],"author":[{"embeddable":true,"href":"https:\/\/web.umons.ac.be\/fpms\/wp-json\/wp\/v2\/users\/2"}],"replies":[{"embeddable":true,"href":"https:\/\/web.umons.ac.be\/fpms\/wp-json\/wp\/v2\/comments?post=1091"}],"version-history":[{"count":6,"href":"https:\/\/web.umons.ac.be\/fpms\/wp-json\/wp\/v2\/pages\/1091\/revisions"}],"predecessor-version":[{"id":1193,"href":"https:\/\/web.umons.ac.be\/fpms\/wp-json\/wp\/v2\/pages\/1091\/revisions\/1193"}],"up":[{"embeddable":true,"href":"https:\/\/web.umons.ac.be\/fpms\/wp-json\/wp\/v2\/pages\/1089"}],"wp:attachment":[{"href":"https:\/\/web.umons.ac.be\/fpms\/wp-json\/wp\/v2\/media?parent=1091"}],"curies":[{"name":"wp","href":"https:\/\/api.w.org\/{rel}","templated":true}]}}