{"id":1095,"date":"2019-01-09T12:43:32","date_gmt":"2019-01-09T11:43:32","guid":{"rendered":"https:\/\/web.umons.ac.be\/fpms\/?page_id=1095"},"modified":"2019-01-09T12:53:58","modified_gmt":"2019-01-09T11:53:58","slug":"programme-detudes","status":"publish","type":"page","link":"https:\/\/web.umons.ac.be\/fpms\/fr\/mobilite-etudiante\/venir-en-mobilite-in\/programme-detudes\/","title":{"rendered":"Programme d\u2019\u00e9tudes"},"content":{"rendered":"<p>La Facult\u00e9 Polytechnique de Mons offre une large gamme de cours de Bachelier et de Master enseign\u00e9s en fran\u00e7ais ou en anglais (voir langue d\u2019enseignement dans la fiche ECTS du cours concern\u00e9).<\/p>\n<p>En tant qu\u2019\u00e9tudiant en \u00e9change, vous avez la possibilit\u00e9 de composer votre propre programme acad\u00e9mique afin de respecter vos objectifs de carri\u00e8re, conform\u00e9ment \u00e0 votre \u00e9tablissement d\u2019origine.<\/p>\n<p>Tout en conservant une base de cours Polytech, vous pouvez donner \u00e0 votre programme un accent particulier en choisissant des mati\u00e8res en fran\u00e7ais et\/ou en anglais dans d\u2019autres programmes de l\u2019Universit\u00e9 de Mons.<\/p>\n<p>Afin d\u2019organiser votre programme acad\u00e9mique, vous devrez remplir un learning agreement d\u00e9taillant la liste des cours que vous aurez choisi de prendre.<\/p>\n","protected":false},"excerpt":{"rendered":"<p>La Facult\u00e9 Polytechnique de Mons offre une large gamme de cours de Bachelier et de Master enseign\u00e9s en fran\u00e7ais ou en anglais (voir langue d\u2019enseignement dans la fiche ECTS du cours concern\u00e9). En tant qu\u2019\u00e9tudiant en \u00e9change, vous avez la possibilit\u00e9 de composer votre propre programme acad\u00e9mique afin de respecter vos objectifs de carri\u00e8re, conform\u00e9ment [&hellip;]<\/p>\n","protected":false},"author":2,"featured_media":0,"parent":1091,"menu_order":2,"comment_status":"closed","ping_status":"closed","template":"","meta":{"footnotes":""},"class_list":["post-1095","page","type-page","status-publish","hentry"],"yoast_head":"<!-- This site is optimized with the Yoast SEO plugin v27.2 - https:\/\/yoast.com\/product\/yoast-seo-wordpress\/ -->\n<title>Programme d\u2019\u00e9tudes - Facult\u00e9 \/ FPMS<\/title>\n<meta name=\"robots\" content=\"index, follow, max-snippet:-1, max-image-preview:large, max-video-preview:-1\" \/>\n<link rel=\"canonical\" href=\"https:\/\/web.umons.ac.be\/fpms\/fr\/mobilite-etudiante\/venir-en-mobilite-in\/programme-detudes\/\" \/>\n<meta property=\"og:locale\" content=\"fr_FR\" \/>\n<meta property=\"og:type\" content=\"article\" \/>\n<meta property=\"og:title\" content=\"Programme d\u2019\u00e9tudes - Facult\u00e9 \/ FPMS\" \/>\n<meta property=\"og:description\" content=\"La Facult\u00e9 Polytechnique de Mons offre une large gamme de cours de Bachelier et de Master enseign\u00e9s en fran\u00e7ais ou en anglais (voir langue d\u2019enseignement dans la fiche ECTS du cours concern\u00e9). En tant qu\u2019\u00e9tudiant en \u00e9change, vous avez la possibilit\u00e9 de composer votre propre programme acad\u00e9mique afin de respecter vos objectifs de carri\u00e8re, conform\u00e9ment [&hellip;]\" \/>\n<meta property=\"og:url\" content=\"https:\/\/web.umons.ac.be\/fpms\/fr\/mobilite-etudiante\/venir-en-mobilite-in\/programme-detudes\/\" \/>\n<meta property=\"og:site_name\" content=\"Facult\u00e9 \/ FPMS\" \/>\n<meta property=\"article:modified_time\" content=\"2019-01-09T11:53:58+00:00\" \/>\n<meta name=\"twitter:card\" content=\"summary_large_image\" \/>\n<meta name=\"twitter:label1\" content=\"Dur\u00e9e de lecture estim\u00e9e\" \/>\n\t<meta name=\"twitter:data1\" content=\"1 minute\" \/>\n<script type=\"application\/ld+json\" class=\"yoast-schema-graph\">{\"@context\":\"https:\/\/schema.org\",\"@graph\":[{\"@type\":\"WebPage\",\"@id\":\"https:\/\/web.umons.ac.be\/fpms\/fr\/mobilite-etudiante\/venir-en-mobilite-in\/programme-detudes\/\",\"url\":\"https:\/\/web.umons.ac.be\/fpms\/fr\/mobilite-etudiante\/venir-en-mobilite-in\/programme-detudes\/\",\"name\":\"Programme d\u2019\u00e9tudes - Facult\u00e9 \/ FPMS\",\"isPartOf\":{\"@id\":\"https:\/\/web.umons.ac.be\/fpms\/#website\"},\"datePublished\":\"2019-01-09T11:43:32+00:00\",\"dateModified\":\"2019-01-09T11:53:58+00:00\",\"breadcrumb\":{\"@id\":\"https:\/\/web.umons.ac.be\/fpms\/fr\/mobilite-etudiante\/venir-en-mobilite-in\/programme-detudes\/#breadcrumb\"},\"inLanguage\":\"fr-FR\",\"potentialAction\":[{\"@type\":\"ReadAction\",\"target\":[\"https:\/\/web.umons.ac.be\/fpms\/fr\/mobilite-etudiante\/venir-en-mobilite-in\/programme-detudes\/\"]}]},{\"@type\":\"BreadcrumbList\",\"@id\":\"https:\/\/web.umons.ac.be\/fpms\/fr\/mobilite-etudiante\/venir-en-mobilite-in\/programme-detudes\/#breadcrumb\",\"itemListElement\":[{\"@type\":\"ListItem\",\"position\":1,\"name\":\"Accueil\",\"item\":\"https:\/\/web.umons.ac.be\/fpms\/fr\/\"},{\"@type\":\"ListItem\",\"position\":2,\"name\":\"Mobilit\u00e9 \u00e9tudiante &#8211; International\",\"item\":\"https:\/\/web.umons.ac.be\/fpms\/fr\/mobilite-etudiante\/\"},{\"@type\":\"ListItem\",\"position\":3,\"name\":\"Venir en mobilit\u00e9 IN\",\"item\":\"https:\/\/web.umons.ac.be\/fpms\/fr\/mobilite-etudiante\/venir-en-mobilite-in\/\"},{\"@type\":\"ListItem\",\"position\":4,\"name\":\"Programme d\u2019\u00e9tudes\"}]},{\"@type\":\"WebSite\",\"@id\":\"https:\/\/web.umons.ac.be\/fpms\/#website\",\"url\":\"https:\/\/web.umons.ac.be\/fpms\/\",\"name\":\"Facult\u00e9 \/ FPMS\",\"description\":\"Un site utilisant Universit\u00e9 de Mons \u2013 UMONS\",\"potentialAction\":[{\"@type\":\"SearchAction\",\"target\":{\"@type\":\"EntryPoint\",\"urlTemplate\":\"https:\/\/web.umons.ac.be\/fpms\/?s={search_term_string}\"},\"query-input\":{\"@type\":\"PropertyValueSpecification\",\"valueRequired\":true,\"valueName\":\"search_term_string\"}}],\"inLanguage\":\"fr-FR\"}]}<\/script>\n<!-- \/ Yoast SEO plugin. -->","yoast_head_json":{"title":"Programme d\u2019\u00e9tudes - Facult\u00e9 \/ FPMS","robots":{"index":"index","follow":"follow","max-snippet":"max-snippet:-1","max-image-preview":"max-image-preview:large","max-video-preview":"max-video-preview:-1"},"canonical":"https:\/\/web.umons.ac.be\/fpms\/fr\/mobilite-etudiante\/venir-en-mobilite-in\/programme-detudes\/","og_locale":"fr_FR","og_type":"article","og_title":"Programme d\u2019\u00e9tudes - Facult\u00e9 \/ FPMS","og_description":"La Facult\u00e9 Polytechnique de Mons offre une large gamme de cours de Bachelier et de Master enseign\u00e9s en fran\u00e7ais ou en anglais (voir langue d\u2019enseignement dans la fiche ECTS du cours concern\u00e9). En tant qu\u2019\u00e9tudiant en \u00e9change, vous avez la possibilit\u00e9 de composer votre propre programme acad\u00e9mique afin de respecter vos objectifs de carri\u00e8re, conform\u00e9ment [&hellip;]","og_url":"https:\/\/web.umons.ac.be\/fpms\/fr\/mobilite-etudiante\/venir-en-mobilite-in\/programme-detudes\/","og_site_name":"Facult\u00e9 \/ FPMS","article_modified_time":"2019-01-09T11:53:58+00:00","twitter_card":"summary_large_image","twitter_misc":{"Dur\u00e9e de lecture estim\u00e9e":"1 minute"},"schema":{"@context":"https:\/\/schema.org","@graph":[{"@type":"WebPage","@id":"https:\/\/web.umons.ac.be\/fpms\/fr\/mobilite-etudiante\/venir-en-mobilite-in\/programme-detudes\/","url":"https:\/\/web.umons.ac.be\/fpms\/fr\/mobilite-etudiante\/venir-en-mobilite-in\/programme-detudes\/","name":"Programme d\u2019\u00e9tudes - Facult\u00e9 \/ FPMS","isPartOf":{"@id":"https:\/\/web.umons.ac.be\/fpms\/#website"},"datePublished":"2019-01-09T11:43:32+00:00","dateModified":"2019-01-09T11:53:58+00:00","breadcrumb":{"@id":"https:\/\/web.umons.ac.be\/fpms\/fr\/mobilite-etudiante\/venir-en-mobilite-in\/programme-detudes\/#breadcrumb"},"inLanguage":"fr-FR","potentialAction":[{"@type":"ReadAction","target":["https:\/\/web.umons.ac.be\/fpms\/fr\/mobilite-etudiante\/venir-en-mobilite-in\/programme-detudes\/"]}]},{"@type":"BreadcrumbList","@id":"https:\/\/web.umons.ac.be\/fpms\/fr\/mobilite-etudiante\/venir-en-mobilite-in\/programme-detudes\/#breadcrumb","itemListElement":[{"@type":"ListItem","position":1,"name":"Accueil","item":"https:\/\/web.umons.ac.be\/fpms\/fr\/"},{"@type":"ListItem","position":2,"name":"Mobilit\u00e9 \u00e9tudiante &#8211; International","item":"https:\/\/web.umons.ac.be\/fpms\/fr\/mobilite-etudiante\/"},{"@type":"ListItem","position":3,"name":"Venir en mobilit\u00e9 IN","item":"https:\/\/web.umons.ac.be\/fpms\/fr\/mobilite-etudiante\/venir-en-mobilite-in\/"},{"@type":"ListItem","position":4,"name":"Programme d\u2019\u00e9tudes"}]},{"@type":"WebSite","@id":"https:\/\/web.umons.ac.be\/fpms\/#website","url":"https:\/\/web.umons.ac.be\/fpms\/","name":"Facult\u00e9 \/ FPMS","description":"Un site utilisant Universit\u00e9 de Mons \u2013 UMONS","potentialAction":[{"@type":"SearchAction","target":{"@type":"EntryPoint","urlTemplate":"https:\/\/web.umons.ac.be\/fpms\/?s={search_term_string}"},"query-input":{"@type":"PropertyValueSpecification","valueRequired":true,"valueName":"search_term_string"}}],"inLanguage":"fr-FR"}]}},"lang":"fr","translations":{"fr":1095,"en":1325},"pll_sync_post":[],"_links":{"self":[{"href":"https:\/\/web.umons.ac.be\/fpms\/wp-json\/wp\/v2\/pages\/1095","targetHints":{"allow":["GET"]}}],"collection":[{"href":"https:\/\/web.umons.ac.be\/fpms\/wp-json\/wp\/v2\/pages"}],"about":[{"href":"https:\/\/web.umons.ac.be\/fpms\/wp-json\/wp\/v2\/types\/page"}],"author":[{"embeddable":true,"href":"https:\/\/web.umons.ac.be\/fpms\/wp-json\/wp\/v2\/users\/2"}],"replies":[{"embeddable":true,"href":"https:\/\/web.umons.ac.be\/fpms\/wp-json\/wp\/v2\/comments?post=1095"}],"version-history":[{"count":2,"href":"https:\/\/web.umons.ac.be\/fpms\/wp-json\/wp\/v2\/pages\/1095\/revisions"}],"predecessor-version":[{"id":1107,"href":"https:\/\/web.umons.ac.be\/fpms\/wp-json\/wp\/v2\/pages\/1095\/revisions\/1107"}],"up":[{"embeddable":true,"href":"https:\/\/web.umons.ac.be\/fpms\/wp-json\/wp\/v2\/pages\/1091"}],"wp:attachment":[{"href":"https:\/\/web.umons.ac.be\/fpms\/wp-json\/wp\/v2\/media?parent=1095"}],"curies":[{"name":"wp","href":"https:\/\/api.w.org\/{rel}","templated":true}]}}