{"id":1099,"date":"2019-01-09T12:46:24","date_gmt":"2019-01-09T11:46:24","guid":{"rendered":"https:\/\/web.umons.ac.be\/fpms\/?page_id=1099"},"modified":"2022-05-02T15:23:44","modified_gmt":"2022-05-02T13:23:44","slug":"reseau-t-i-m-e","status":"publish","type":"page","link":"https:\/\/web.umons.ac.be\/fpms\/fr\/mobilite-etudiante\/venir-en-mobilite-in\/reseau-t-i-m-e\/","title":{"rendered":"R\u00e9seau T.I.M.E"},"content":{"rendered":"<p><img loading=\"lazy\" decoding=\"async\" class=\"aligncenter size-full wp-image-2225\" src=\"https:\/\/web.umons.ac.be\/app\/uploads\/sites\/6\/2022\/05\/time-logo-65.png\" alt=\"\" width=\"260\" height=\"65\" srcset=\"https:\/\/web.umons.ac.be\/app\/uploads\/sites\/6\/2022\/05\/time-logo-65.png 260w, https:\/\/web.umons.ac.be\/app\/uploads\/sites\/6\/2022\/05\/time-logo-65-30x8.png 30w, https:\/\/web.umons.ac.be\/app\/uploads\/sites\/6\/2022\/05\/time-logo-65-60x15.png 60w\" sizes=\"auto, (max-width: 260px) 100vw, 260px\" \/><\/p>\n<p>Le r\u00e9seau <a href=\"http:\/\/www.time-association.org\/\" target=\"_blank\" rel=\"noopener\">TIME (Top Industrial Managers for Europe)<\/a>\u00a0regroupe une cinquantaine d&rsquo;universit\u00e9s dispensant une formation d&rsquo;ing\u00e9nieur.<\/p>\n<p>Les \u00e9tudiants participant \u00e0 ce programme de mobilit\u00e9 se voient offrir l&rsquo;occasion de suivre une formation \u00e0 l&rsquo;\u00e9tranger pendant deux ans, et d&rsquo;obtenir en fin de cursus le dipl\u00f4me de leur universit\u00e9 d&rsquo;accueil en plus de celui de leur universit\u00e9 d&rsquo;origine (Double dipl\u00f4me).<\/p>\n<p>Ce r\u00e9seau a \u00e9t\u00e9 cr\u00e9\u00e9 notamment \u00e0 l&rsquo;initiative de l&rsquo;\u00c9cole Centrale Paris dans les ann\u00e9es 1980.<\/p>\n","protected":false},"excerpt":{"rendered":"<p>Le r\u00e9seau TIME (Top Industrial Managers for Europe)\u00a0regroupe une cinquantaine d&rsquo;universit\u00e9s dispensant une formation d&rsquo;ing\u00e9nieur. Les \u00e9tudiants participant \u00e0 ce programme de mobilit\u00e9 se voient offrir l&rsquo;occasion de suivre une formation \u00e0 l&rsquo;\u00e9tranger pendant deux ans, et d&rsquo;obtenir en fin de cursus le dipl\u00f4me de leur universit\u00e9 d&rsquo;accueil en plus de celui de leur universit\u00e9 [&hellip;]<\/p>\n","protected":false},"author":2,"featured_media":0,"parent":1091,"menu_order":4,"comment_status":"closed","ping_status":"closed","template":"","meta":{"footnotes":""},"class_list":["post-1099","page","type-page","status-publish","hentry"],"yoast_head":"<!-- This site is optimized with the Yoast SEO plugin v27.2 - https:\/\/yoast.com\/product\/yoast-seo-wordpress\/ -->\n<title>R\u00e9seau T.I.M.E - Facult\u00e9 \/ FPMS<\/title>\n<meta name=\"robots\" content=\"index, follow, max-snippet:-1, max-image-preview:large, max-video-preview:-1\" \/>\n<link rel=\"canonical\" href=\"https:\/\/web.umons.ac.be\/fpms\/fr\/mobilite-etudiante\/venir-en-mobilite-in\/reseau-t-i-m-e\/\" \/>\n<meta property=\"og:locale\" content=\"fr_FR\" \/>\n<meta property=\"og:type\" content=\"article\" \/>\n<meta property=\"og:title\" content=\"R\u00e9seau T.I.M.E - Facult\u00e9 \/ FPMS\" \/>\n<meta property=\"og:description\" content=\"Le r\u00e9seau TIME (Top Industrial Managers for Europe)\u00a0regroupe une cinquantaine d&rsquo;universit\u00e9s dispensant une formation d&rsquo;ing\u00e9nieur. Les \u00e9tudiants participant \u00e0 ce programme de mobilit\u00e9 se voient offrir l&rsquo;occasion de suivre une formation \u00e0 l&rsquo;\u00e9tranger pendant deux ans, et d&rsquo;obtenir en fin de cursus le dipl\u00f4me de leur universit\u00e9 d&rsquo;accueil en plus de celui de leur universit\u00e9 [&hellip;]\" \/>\n<meta property=\"og:url\" content=\"https:\/\/web.umons.ac.be\/fpms\/fr\/mobilite-etudiante\/venir-en-mobilite-in\/reseau-t-i-m-e\/\" \/>\n<meta property=\"og:site_name\" content=\"Facult\u00e9 \/ FPMS\" \/>\n<meta property=\"article:modified_time\" content=\"2022-05-02T13:23:44+00:00\" \/>\n<meta property=\"og:image\" content=\"https:\/\/web.umons.ac.be\/app\/uploads\/sites\/6\/2022\/05\/time-logo-65.png\" \/>\n<meta name=\"twitter:card\" content=\"summary_large_image\" \/>\n<script type=\"application\/ld+json\" class=\"yoast-schema-graph\">{\"@context\":\"https:\/\/schema.org\",\"@graph\":[{\"@type\":\"WebPage\",\"@id\":\"https:\/\/web.umons.ac.be\/fpms\/fr\/mobilite-etudiante\/venir-en-mobilite-in\/reseau-t-i-m-e\/\",\"url\":\"https:\/\/web.umons.ac.be\/fpms\/fr\/mobilite-etudiante\/venir-en-mobilite-in\/reseau-t-i-m-e\/\",\"name\":\"R\u00e9seau T.I.M.E - Facult\u00e9 \/ FPMS\",\"isPartOf\":{\"@id\":\"https:\/\/web.umons.ac.be\/fpms\/#website\"},\"primaryImageOfPage\":{\"@id\":\"https:\/\/web.umons.ac.be\/fpms\/fr\/mobilite-etudiante\/venir-en-mobilite-in\/reseau-t-i-m-e\/#primaryimage\"},\"image\":{\"@id\":\"https:\/\/web.umons.ac.be\/fpms\/fr\/mobilite-etudiante\/venir-en-mobilite-in\/reseau-t-i-m-e\/#primaryimage\"},\"thumbnailUrl\":\"https:\/\/web.umons.ac.be\/app\/uploads\/sites\/6\/2022\/05\/time-logo-65.png\",\"datePublished\":\"2019-01-09T11:46:24+00:00\",\"dateModified\":\"2022-05-02T13:23:44+00:00\",\"breadcrumb\":{\"@id\":\"https:\/\/web.umons.ac.be\/fpms\/fr\/mobilite-etudiante\/venir-en-mobilite-in\/reseau-t-i-m-e\/#breadcrumb\"},\"inLanguage\":\"fr-FR\",\"potentialAction\":[{\"@type\":\"ReadAction\",\"target\":[\"https:\/\/web.umons.ac.be\/fpms\/fr\/mobilite-etudiante\/venir-en-mobilite-in\/reseau-t-i-m-e\/\"]}]},{\"@type\":\"ImageObject\",\"inLanguage\":\"fr-FR\",\"@id\":\"https:\/\/web.umons.ac.be\/fpms\/fr\/mobilite-etudiante\/venir-en-mobilite-in\/reseau-t-i-m-e\/#primaryimage\",\"url\":\"https:\/\/web.umons.ac.be\/app\/uploads\/sites\/6\/2022\/05\/time-logo-65.png\",\"contentUrl\":\"https:\/\/web.umons.ac.be\/app\/uploads\/sites\/6\/2022\/05\/time-logo-65.png\"},{\"@type\":\"BreadcrumbList\",\"@id\":\"https:\/\/web.umons.ac.be\/fpms\/fr\/mobilite-etudiante\/venir-en-mobilite-in\/reseau-t-i-m-e\/#breadcrumb\",\"itemListElement\":[{\"@type\":\"ListItem\",\"position\":1,\"name\":\"Accueil\",\"item\":\"https:\/\/web.umons.ac.be\/fpms\/fr\/\"},{\"@type\":\"ListItem\",\"position\":2,\"name\":\"Mobilit\u00e9 \u00e9tudiante &#8211; International\",\"item\":\"https:\/\/web.umons.ac.be\/fpms\/fr\/mobilite-etudiante\/\"},{\"@type\":\"ListItem\",\"position\":3,\"name\":\"Venir en mobilit\u00e9 IN\",\"item\":\"https:\/\/web.umons.ac.be\/fpms\/fr\/mobilite-etudiante\/venir-en-mobilite-in\/\"},{\"@type\":\"ListItem\",\"position\":4,\"name\":\"R\u00e9seau T.I.M.E\"}]},{\"@type\":\"WebSite\",\"@id\":\"https:\/\/web.umons.ac.be\/fpms\/#website\",\"url\":\"https:\/\/web.umons.ac.be\/fpms\/\",\"name\":\"Facult\u00e9 \/ FPMS\",\"description\":\"Un site utilisant Universit\u00e9 de Mons \u2013 UMONS\",\"potentialAction\":[{\"@type\":\"SearchAction\",\"target\":{\"@type\":\"EntryPoint\",\"urlTemplate\":\"https:\/\/web.umons.ac.be\/fpms\/?s={search_term_string}\"},\"query-input\":{\"@type\":\"PropertyValueSpecification\",\"valueRequired\":true,\"valueName\":\"search_term_string\"}}],\"inLanguage\":\"fr-FR\"}]}<\/script>\n<!-- \/ Yoast SEO plugin. -->","yoast_head_json":{"title":"R\u00e9seau T.I.M.E - Facult\u00e9 \/ FPMS","robots":{"index":"index","follow":"follow","max-snippet":"max-snippet:-1","max-image-preview":"max-image-preview:large","max-video-preview":"max-video-preview:-1"},"canonical":"https:\/\/web.umons.ac.be\/fpms\/fr\/mobilite-etudiante\/venir-en-mobilite-in\/reseau-t-i-m-e\/","og_locale":"fr_FR","og_type":"article","og_title":"R\u00e9seau T.I.M.E - Facult\u00e9 \/ FPMS","og_description":"Le r\u00e9seau TIME (Top Industrial Managers for Europe)\u00a0regroupe une cinquantaine d&rsquo;universit\u00e9s dispensant une formation d&rsquo;ing\u00e9nieur. Les \u00e9tudiants participant \u00e0 ce programme de mobilit\u00e9 se voient offrir l&rsquo;occasion de suivre une formation \u00e0 l&rsquo;\u00e9tranger pendant deux ans, et d&rsquo;obtenir en fin de cursus le dipl\u00f4me de leur universit\u00e9 d&rsquo;accueil en plus de celui de leur universit\u00e9 [&hellip;]","og_url":"https:\/\/web.umons.ac.be\/fpms\/fr\/mobilite-etudiante\/venir-en-mobilite-in\/reseau-t-i-m-e\/","og_site_name":"Facult\u00e9 \/ FPMS","article_modified_time":"2022-05-02T13:23:44+00:00","og_image":[{"url":"https:\/\/web.umons.ac.be\/app\/uploads\/sites\/6\/2022\/05\/time-logo-65.png","type":"","width":"","height":""}],"twitter_card":"summary_large_image","schema":{"@context":"https:\/\/schema.org","@graph":[{"@type":"WebPage","@id":"https:\/\/web.umons.ac.be\/fpms\/fr\/mobilite-etudiante\/venir-en-mobilite-in\/reseau-t-i-m-e\/","url":"https:\/\/web.umons.ac.be\/fpms\/fr\/mobilite-etudiante\/venir-en-mobilite-in\/reseau-t-i-m-e\/","name":"R\u00e9seau T.I.M.E - Facult\u00e9 \/ FPMS","isPartOf":{"@id":"https:\/\/web.umons.ac.be\/fpms\/#website"},"primaryImageOfPage":{"@id":"https:\/\/web.umons.ac.be\/fpms\/fr\/mobilite-etudiante\/venir-en-mobilite-in\/reseau-t-i-m-e\/#primaryimage"},"image":{"@id":"https:\/\/web.umons.ac.be\/fpms\/fr\/mobilite-etudiante\/venir-en-mobilite-in\/reseau-t-i-m-e\/#primaryimage"},"thumbnailUrl":"https:\/\/web.umons.ac.be\/app\/uploads\/sites\/6\/2022\/05\/time-logo-65.png","datePublished":"2019-01-09T11:46:24+00:00","dateModified":"2022-05-02T13:23:44+00:00","breadcrumb":{"@id":"https:\/\/web.umons.ac.be\/fpms\/fr\/mobilite-etudiante\/venir-en-mobilite-in\/reseau-t-i-m-e\/#breadcrumb"},"inLanguage":"fr-FR","potentialAction":[{"@type":"ReadAction","target":["https:\/\/web.umons.ac.be\/fpms\/fr\/mobilite-etudiante\/venir-en-mobilite-in\/reseau-t-i-m-e\/"]}]},{"@type":"ImageObject","inLanguage":"fr-FR","@id":"https:\/\/web.umons.ac.be\/fpms\/fr\/mobilite-etudiante\/venir-en-mobilite-in\/reseau-t-i-m-e\/#primaryimage","url":"https:\/\/web.umons.ac.be\/app\/uploads\/sites\/6\/2022\/05\/time-logo-65.png","contentUrl":"https:\/\/web.umons.ac.be\/app\/uploads\/sites\/6\/2022\/05\/time-logo-65.png"},{"@type":"BreadcrumbList","@id":"https:\/\/web.umons.ac.be\/fpms\/fr\/mobilite-etudiante\/venir-en-mobilite-in\/reseau-t-i-m-e\/#breadcrumb","itemListElement":[{"@type":"ListItem","position":1,"name":"Accueil","item":"https:\/\/web.umons.ac.be\/fpms\/fr\/"},{"@type":"ListItem","position":2,"name":"Mobilit\u00e9 \u00e9tudiante &#8211; International","item":"https:\/\/web.umons.ac.be\/fpms\/fr\/mobilite-etudiante\/"},{"@type":"ListItem","position":3,"name":"Venir en mobilit\u00e9 IN","item":"https:\/\/web.umons.ac.be\/fpms\/fr\/mobilite-etudiante\/venir-en-mobilite-in\/"},{"@type":"ListItem","position":4,"name":"R\u00e9seau T.I.M.E"}]},{"@type":"WebSite","@id":"https:\/\/web.umons.ac.be\/fpms\/#website","url":"https:\/\/web.umons.ac.be\/fpms\/","name":"Facult\u00e9 \/ FPMS","description":"Un site utilisant Universit\u00e9 de Mons \u2013 UMONS","potentialAction":[{"@type":"SearchAction","target":{"@type":"EntryPoint","urlTemplate":"https:\/\/web.umons.ac.be\/fpms\/?s={search_term_string}"},"query-input":{"@type":"PropertyValueSpecification","valueRequired":true,"valueName":"search_term_string"}}],"inLanguage":"fr-FR"}]}},"lang":"fr","translations":{"fr":1099,"en":1329},"pll_sync_post":[],"_links":{"self":[{"href":"https:\/\/web.umons.ac.be\/fpms\/wp-json\/wp\/v2\/pages\/1099","targetHints":{"allow":["GET"]}}],"collection":[{"href":"https:\/\/web.umons.ac.be\/fpms\/wp-json\/wp\/v2\/pages"}],"about":[{"href":"https:\/\/web.umons.ac.be\/fpms\/wp-json\/wp\/v2\/types\/page"}],"author":[{"embeddable":true,"href":"https:\/\/web.umons.ac.be\/fpms\/wp-json\/wp\/v2\/users\/2"}],"replies":[{"embeddable":true,"href":"https:\/\/web.umons.ac.be\/fpms\/wp-json\/wp\/v2\/comments?post=1099"}],"version-history":[{"count":3,"href":"https:\/\/web.umons.ac.be\/fpms\/wp-json\/wp\/v2\/pages\/1099\/revisions"}],"predecessor-version":[{"id":2226,"href":"https:\/\/web.umons.ac.be\/fpms\/wp-json\/wp\/v2\/pages\/1099\/revisions\/2226"}],"up":[{"embeddable":true,"href":"https:\/\/web.umons.ac.be\/fpms\/wp-json\/wp\/v2\/pages\/1091"}],"wp:attachment":[{"href":"https:\/\/web.umons.ac.be\/fpms\/wp-json\/wp\/v2\/media?parent=1099"}],"curies":[{"name":"wp","href":"https:\/\/api.w.org\/{rel}","templated":true}]}}