{"id":111,"date":"2017-07-07T13:00:01","date_gmt":"2017-07-07T11:00:01","guid":{"rendered":"https:\/\/web.umons.ac.be\/fpms\/?page_id=111"},"modified":"2023-03-31T10:07:58","modified_gmt":"2023-03-31T08:07:58","slug":"2eme-cycle-master","status":"publish","type":"page","link":"https:\/\/web.umons.ac.be\/fpms\/fr\/offre-de-formation\/2eme-cycle-master\/","title":{"rendered":"2\u00e8me cycle : Master"},"content":{"rendered":"<p>Les <strong>ann\u00e9es de Master<\/strong> ont pour objectif d\u2019approfondir progressivement une des grandes disciplines de l\u2019ing\u00e9nieur, d\u2019apprendre \u00e0 appliquer pour concevoir, produire ou organiser. La formation dispens\u00e9e \u00e0 la Facult\u00e9 Polytechnique de Mons respecte le caract\u00e8re g\u00e9n\u00e9raliste appr\u00e9ci\u00e9 par les milieux professionnels (stage de 8 \u00e0 12 semaines, travaux personnels en collaboration avec les entreprises, compagnonnage, etc.). Les formations de master conduisent \u00e0 des comp\u00e9tences techniques sp\u00e9cialis\u00e9es qui r\u00e9pondent aux besoins soci\u00e9taux du futur. Ces formations s\u2019appuient sur les activit\u00e9s de recherche men\u00e9es au sein des Instituts de recherche de l\u2019Institution. Il s\u2019agit l\u00e0 d\u2019une caract\u00e9ristique fondamentale de l\u2019enseignement universitaire.<\/p>\n<blockquote><p>7 Masters d\u2019excellence en lien avec nos activit\u00e9s de recherche<\/p><\/blockquote>\n<p><a href=\"https:\/\/web.umons.ac.be\/app\/uploads\/sites\/6\/2023\/03\/tableau_master_FPMs_FRENCH_High_Resolution.png\"><img loading=\"lazy\" decoding=\"async\" class=\"aligncenter wp-image-2632 size-large\" src=\"https:\/\/web.umons.ac.be\/app\/uploads\/sites\/6\/2023\/03\/tableau_master_FPMs_FRENCH_High_Resolution-1024x707.png\" alt=\"\" width=\"1024\" height=\"707\" srcset=\"https:\/\/web.umons.ac.be\/app\/uploads\/sites\/6\/2023\/03\/tableau_master_FPMs_FRENCH_High_Resolution-1024x707.png 1024w, https:\/\/web.umons.ac.be\/app\/uploads\/sites\/6\/2023\/03\/tableau_master_FPMs_FRENCH_High_Resolution-300x207.png 300w, https:\/\/web.umons.ac.be\/app\/uploads\/sites\/6\/2023\/03\/tableau_master_FPMs_FRENCH_High_Resolution-768x530.png 768w, https:\/\/web.umons.ac.be\/app\/uploads\/sites\/6\/2023\/03\/tableau_master_FPMs_FRENCH_High_Resolution-956x660.png 956w, https:\/\/web.umons.ac.be\/app\/uploads\/sites\/6\/2023\/03\/tableau_master_FPMs_FRENCH_High_Resolution-30x21.png 30w, https:\/\/web.umons.ac.be\/app\/uploads\/sites\/6\/2023\/03\/tableau_master_FPMs_FRENCH_High_Resolution-60x41.png 60w, https:\/\/web.umons.ac.be\/app\/uploads\/sites\/6\/2023\/03\/tableau_master_FPMs_FRENCH_High_Resolution-360x248.png 360w\" sizes=\"auto, (max-width: 1024px) 100vw, 1024px\" \/><\/a><\/p>\n<p>&nbsp;<\/p>\n","protected":false},"excerpt":{"rendered":"<p>Les ann\u00e9es de Master ont pour objectif d\u2019approfondir progressivement une des grandes disciplines de l\u2019ing\u00e9nieur, d\u2019apprendre \u00e0 appliquer pour concevoir, produire ou organiser. La formation dispens\u00e9e \u00e0 la Facult\u00e9 Polytechnique de Mons respecte le caract\u00e8re g\u00e9n\u00e9raliste appr\u00e9ci\u00e9 par les milieux professionnels (stage de 8 \u00e0 12 semaines, travaux personnels en collaboration avec les entreprises, compagnonnage, [&hellip;]<\/p>\n","protected":false},"author":2,"featured_media":0,"parent":325,"menu_order":2,"comment_status":"closed","ping_status":"closed","template":"","meta":{"footnotes":""},"class_list":["post-111","page","type-page","status-publish","hentry"],"yoast_head":"<!-- This site is optimized with the Yoast SEO plugin v27.2 - https:\/\/yoast.com\/product\/yoast-seo-wordpress\/ -->\n<title>2\u00e8me cycle : Master - Facult\u00e9 \/ FPMS<\/title>\n<meta name=\"robots\" content=\"index, follow, max-snippet:-1, max-image-preview:large, max-video-preview:-1\" \/>\n<link rel=\"canonical\" href=\"https:\/\/web.umons.ac.be\/fpms\/fr\/offre-de-formation\/2eme-cycle-master\/\" \/>\n<meta property=\"og:locale\" content=\"fr_FR\" \/>\n<meta property=\"og:type\" content=\"article\" \/>\n<meta property=\"og:title\" content=\"2\u00e8me cycle : Master - Facult\u00e9 \/ FPMS\" \/>\n<meta property=\"og:description\" content=\"Les ann\u00e9es de Master ont pour objectif d\u2019approfondir progressivement une des grandes disciplines de l\u2019ing\u00e9nieur, d\u2019apprendre \u00e0 appliquer pour concevoir, produire ou organiser. La formation dispens\u00e9e \u00e0 la Facult\u00e9 Polytechnique de Mons respecte le caract\u00e8re g\u00e9n\u00e9raliste appr\u00e9ci\u00e9 par les milieux professionnels (stage de 8 \u00e0 12 semaines, travaux personnels en collaboration avec les entreprises, compagnonnage, [&hellip;]\" \/>\n<meta property=\"og:url\" content=\"https:\/\/web.umons.ac.be\/fpms\/fr\/offre-de-formation\/2eme-cycle-master\/\" \/>\n<meta property=\"og:site_name\" content=\"Facult\u00e9 \/ FPMS\" \/>\n<meta property=\"article:modified_time\" content=\"2023-03-31T08:07:58+00:00\" \/>\n<meta property=\"og:image\" content=\"https:\/\/web.umons.ac.be\/app\/uploads\/sites\/6\/2023\/03\/tableau_master_FPMs_FRENCH_High_Resolution-1024x707.png\" \/>\n<meta name=\"twitter:card\" content=\"summary_large_image\" \/>\n<meta name=\"twitter:label1\" content=\"Dur\u00e9e de lecture estim\u00e9e\" \/>\n\t<meta name=\"twitter:data1\" content=\"1 minute\" \/>\n<script type=\"application\/ld+json\" class=\"yoast-schema-graph\">{\"@context\":\"https:\/\/schema.org\",\"@graph\":[{\"@type\":\"WebPage\",\"@id\":\"https:\/\/web.umons.ac.be\/fpms\/fr\/offre-de-formation\/2eme-cycle-master\/\",\"url\":\"https:\/\/web.umons.ac.be\/fpms\/fr\/offre-de-formation\/2eme-cycle-master\/\",\"name\":\"2\u00e8me cycle : Master - Facult\u00e9 \/ FPMS\",\"isPartOf\":{\"@id\":\"https:\/\/web.umons.ac.be\/fpms\/#website\"},\"primaryImageOfPage\":{\"@id\":\"https:\/\/web.umons.ac.be\/fpms\/fr\/offre-de-formation\/2eme-cycle-master\/#primaryimage\"},\"image\":{\"@id\":\"https:\/\/web.umons.ac.be\/fpms\/fr\/offre-de-formation\/2eme-cycle-master\/#primaryimage\"},\"thumbnailUrl\":\"https:\/\/web.umons.ac.be\/app\/uploads\/sites\/6\/2023\/03\/tableau_master_FPMs_FRENCH_High_Resolution-1024x707.png\",\"datePublished\":\"2017-07-07T11:00:01+00:00\",\"dateModified\":\"2023-03-31T08:07:58+00:00\",\"breadcrumb\":{\"@id\":\"https:\/\/web.umons.ac.be\/fpms\/fr\/offre-de-formation\/2eme-cycle-master\/#breadcrumb\"},\"inLanguage\":\"fr-FR\",\"potentialAction\":[{\"@type\":\"ReadAction\",\"target\":[\"https:\/\/web.umons.ac.be\/fpms\/fr\/offre-de-formation\/2eme-cycle-master\/\"]}]},{\"@type\":\"ImageObject\",\"inLanguage\":\"fr-FR\",\"@id\":\"https:\/\/web.umons.ac.be\/fpms\/fr\/offre-de-formation\/2eme-cycle-master\/#primaryimage\",\"url\":\"https:\/\/web.umons.ac.be\/app\/uploads\/sites\/6\/2023\/03\/tableau_master_FPMs_FRENCH_High_Resolution-1024x707.png\",\"contentUrl\":\"https:\/\/web.umons.ac.be\/app\/uploads\/sites\/6\/2023\/03\/tableau_master_FPMs_FRENCH_High_Resolution-1024x707.png\"},{\"@type\":\"BreadcrumbList\",\"@id\":\"https:\/\/web.umons.ac.be\/fpms\/fr\/offre-de-formation\/2eme-cycle-master\/#breadcrumb\",\"itemListElement\":[{\"@type\":\"ListItem\",\"position\":1,\"name\":\"Accueil\",\"item\":\"https:\/\/web.umons.ac.be\/fpms\/fr\/\"},{\"@type\":\"ListItem\",\"position\":2,\"name\":\"L&rsquo;offre de formation\",\"item\":\"https:\/\/web.umons.ac.be\/fpms\/fr\/offre-de-formation\/\"},{\"@type\":\"ListItem\",\"position\":3,\"name\":\"2\u00e8me cycle : Master\"}]},{\"@type\":\"WebSite\",\"@id\":\"https:\/\/web.umons.ac.be\/fpms\/#website\",\"url\":\"https:\/\/web.umons.ac.be\/fpms\/\",\"name\":\"Facult\u00e9 \/ FPMS\",\"description\":\"Un site utilisant Universit\u00e9 de Mons \u2013 UMONS\",\"potentialAction\":[{\"@type\":\"SearchAction\",\"target\":{\"@type\":\"EntryPoint\",\"urlTemplate\":\"https:\/\/web.umons.ac.be\/fpms\/?s={search_term_string}\"},\"query-input\":{\"@type\":\"PropertyValueSpecification\",\"valueRequired\":true,\"valueName\":\"search_term_string\"}}],\"inLanguage\":\"fr-FR\"}]}<\/script>\n<!-- \/ Yoast SEO plugin. -->","yoast_head_json":{"title":"2\u00e8me cycle : Master - Facult\u00e9 \/ FPMS","robots":{"index":"index","follow":"follow","max-snippet":"max-snippet:-1","max-image-preview":"max-image-preview:large","max-video-preview":"max-video-preview:-1"},"canonical":"https:\/\/web.umons.ac.be\/fpms\/fr\/offre-de-formation\/2eme-cycle-master\/","og_locale":"fr_FR","og_type":"article","og_title":"2\u00e8me cycle : Master - Facult\u00e9 \/ FPMS","og_description":"Les ann\u00e9es de Master ont pour objectif d\u2019approfondir progressivement une des grandes disciplines de l\u2019ing\u00e9nieur, d\u2019apprendre \u00e0 appliquer pour concevoir, produire ou organiser. La formation dispens\u00e9e \u00e0 la Facult\u00e9 Polytechnique de Mons respecte le caract\u00e8re g\u00e9n\u00e9raliste appr\u00e9ci\u00e9 par les milieux professionnels (stage de 8 \u00e0 12 semaines, travaux personnels en collaboration avec les entreprises, compagnonnage, [&hellip;]","og_url":"https:\/\/web.umons.ac.be\/fpms\/fr\/offre-de-formation\/2eme-cycle-master\/","og_site_name":"Facult\u00e9 \/ FPMS","article_modified_time":"2023-03-31T08:07:58+00:00","og_image":[{"url":"https:\/\/web.umons.ac.be\/app\/uploads\/sites\/6\/2023\/03\/tableau_master_FPMs_FRENCH_High_Resolution-1024x707.png","type":"","width":"","height":""}],"twitter_card":"summary_large_image","twitter_misc":{"Dur\u00e9e de lecture estim\u00e9e":"1 minute"},"schema":{"@context":"https:\/\/schema.org","@graph":[{"@type":"WebPage","@id":"https:\/\/web.umons.ac.be\/fpms\/fr\/offre-de-formation\/2eme-cycle-master\/","url":"https:\/\/web.umons.ac.be\/fpms\/fr\/offre-de-formation\/2eme-cycle-master\/","name":"2\u00e8me cycle : Master - Facult\u00e9 \/ FPMS","isPartOf":{"@id":"https:\/\/web.umons.ac.be\/fpms\/#website"},"primaryImageOfPage":{"@id":"https:\/\/web.umons.ac.be\/fpms\/fr\/offre-de-formation\/2eme-cycle-master\/#primaryimage"},"image":{"@id":"https:\/\/web.umons.ac.be\/fpms\/fr\/offre-de-formation\/2eme-cycle-master\/#primaryimage"},"thumbnailUrl":"https:\/\/web.umons.ac.be\/app\/uploads\/sites\/6\/2023\/03\/tableau_master_FPMs_FRENCH_High_Resolution-1024x707.png","datePublished":"2017-07-07T11:00:01+00:00","dateModified":"2023-03-31T08:07:58+00:00","breadcrumb":{"@id":"https:\/\/web.umons.ac.be\/fpms\/fr\/offre-de-formation\/2eme-cycle-master\/#breadcrumb"},"inLanguage":"fr-FR","potentialAction":[{"@type":"ReadAction","target":["https:\/\/web.umons.ac.be\/fpms\/fr\/offre-de-formation\/2eme-cycle-master\/"]}]},{"@type":"ImageObject","inLanguage":"fr-FR","@id":"https:\/\/web.umons.ac.be\/fpms\/fr\/offre-de-formation\/2eme-cycle-master\/#primaryimage","url":"https:\/\/web.umons.ac.be\/app\/uploads\/sites\/6\/2023\/03\/tableau_master_FPMs_FRENCH_High_Resolution-1024x707.png","contentUrl":"https:\/\/web.umons.ac.be\/app\/uploads\/sites\/6\/2023\/03\/tableau_master_FPMs_FRENCH_High_Resolution-1024x707.png"},{"@type":"BreadcrumbList","@id":"https:\/\/web.umons.ac.be\/fpms\/fr\/offre-de-formation\/2eme-cycle-master\/#breadcrumb","itemListElement":[{"@type":"ListItem","position":1,"name":"Accueil","item":"https:\/\/web.umons.ac.be\/fpms\/fr\/"},{"@type":"ListItem","position":2,"name":"L&rsquo;offre de formation","item":"https:\/\/web.umons.ac.be\/fpms\/fr\/offre-de-formation\/"},{"@type":"ListItem","position":3,"name":"2\u00e8me cycle : Master"}]},{"@type":"WebSite","@id":"https:\/\/web.umons.ac.be\/fpms\/#website","url":"https:\/\/web.umons.ac.be\/fpms\/","name":"Facult\u00e9 \/ FPMS","description":"Un site utilisant Universit\u00e9 de Mons \u2013 UMONS","potentialAction":[{"@type":"SearchAction","target":{"@type":"EntryPoint","urlTemplate":"https:\/\/web.umons.ac.be\/fpms\/?s={search_term_string}"},"query-input":{"@type":"PropertyValueSpecification","valueRequired":true,"valueName":"search_term_string"}}],"inLanguage":"fr-FR"}]}},"lang":"fr","translations":{"fr":111,"en":804},"pll_sync_post":[],"_links":{"self":[{"href":"https:\/\/web.umons.ac.be\/fpms\/wp-json\/wp\/v2\/pages\/111","targetHints":{"allow":["GET"]}}],"collection":[{"href":"https:\/\/web.umons.ac.be\/fpms\/wp-json\/wp\/v2\/pages"}],"about":[{"href":"https:\/\/web.umons.ac.be\/fpms\/wp-json\/wp\/v2\/types\/page"}],"author":[{"embeddable":true,"href":"https:\/\/web.umons.ac.be\/fpms\/wp-json\/wp\/v2\/users\/2"}],"replies":[{"embeddable":true,"href":"https:\/\/web.umons.ac.be\/fpms\/wp-json\/wp\/v2\/comments?post=111"}],"version-history":[{"count":3,"href":"https:\/\/web.umons.ac.be\/fpms\/wp-json\/wp\/v2\/pages\/111\/revisions"}],"predecessor-version":[{"id":2633,"href":"https:\/\/web.umons.ac.be\/fpms\/wp-json\/wp\/v2\/pages\/111\/revisions\/2633"}],"up":[{"embeddable":true,"href":"https:\/\/web.umons.ac.be\/fpms\/wp-json\/wp\/v2\/pages\/325"}],"wp:attachment":[{"href":"https:\/\/web.umons.ac.be\/fpms\/wp-json\/wp\/v2\/media?parent=111"}],"curies":[{"name":"wp","href":"https:\/\/api.w.org\/{rel}","templated":true}]}}