{"id":1117,"date":"2019-01-09T16:14:58","date_gmt":"2019-01-09T15:14:58","guid":{"rendered":"https:\/\/web.umons.ac.be\/fpms\/?page_id=1117"},"modified":"2019-09-04T09:28:42","modified_gmt":"2019-09-04T07:28:42","slug":"travail-de-fin-detudes-master-thesis","status":"publish","type":"page","link":"https:\/\/web.umons.ac.be\/fpms\/fr\/mobilite-etudiante\/venir-en-mobilite-in\/travail-de-fin-detudes-master-thesis\/","title":{"rendered":"Travail de fin d\u2019\u00e9tudes"},"content":{"rendered":"<p>Vous suivez une formation de second cycle dans votre universit\u00e9 ou souhaitez r\u00e9aliser votre travail de fin d&rsquo;\u00e9tudes \u00e0 la Facult\u00e9 Polytechnique de Mons ?<\/p>\n<p>La liste des travaux de fin d&rsquo;\u00e9tudes est disponible sur demande (voir <a href=\"https:\/\/web.umons.ac.be\/fpms\/fr\/mobilite-etudiante\/venir-en-mobilite-in\/contacts\/\">Contacts facultaires<\/a>).<\/p>\n<p>Deux formules s&rsquo;offrent \u00e0 vous :<\/p>\n<ul>\n<li>La formule \u00ab\u00a0Learning Agreement\u00a0\u00bb<\/li>\n<li>La formule \u00ab\u00a0Stages\u00a0\u00bb<\/li>\n<\/ul>\n<h2>Formule \u00ab\u00a0Learning Agreement\u00a0\u00bb<\/h2>\n<ul>\n<li>Votre universit\u00e9 a un accord en bonne et due forme avec l&rsquo;UMONS (en particulier la FPMs)<\/li>\n<li>Vous choisissez dans notre programme de cours, le <a href=\"https:\/\/web.umons.ac.be\/fpms\/fr\/etudes\/travail-de-fin-detudes\/\">travail de fin d&rsquo;\u00e9tudes<\/a>\u00a0en fonction de votre profil<\/li>\n<li>Le travail de fin d&rsquo;\u00e9tudes sera cr\u00e9dit\u00e9 de 20 ECTS<\/li>\n<li>Vous devez r\u00e9diger votre travail durant votre s\u00e9jour et pr\u00e9senter celui-ci \u00e0 la Facult\u00e9 Polytechnique de Mons<\/li>\n<\/ul>\n<h2>Formule \u00ab\u00a0Stages\u00a0\u00bb<\/h2>\n<ul>\n<li>Votre avez (ou un enseignant de votre universit\u00e9) un contact avec un enseignant de chez nous et ce dernier souhaite vous accueillir dans son laboratoire pour un travail de recherche ou un stage pratique<\/li>\n<li>Votre travail de fin d&rsquo;\u00e9tudes sera cr\u00e9dit\u00e9 dans votre universit\u00e9 d&rsquo;origine<\/li>\n<\/ul>\n<p>REMARQUE : il est important que la formule et le travail soient enti\u00e8rement d\u00e9termin\u00e9s AVANT votre arriv\u00e9e dans notre Facult\u00e9 !<\/p>\n","protected":false},"excerpt":{"rendered":"<p>Vous suivez une formation de second cycle dans votre universit\u00e9 ou souhaitez r\u00e9aliser votre travail de fin d&rsquo;\u00e9tudes \u00e0 la Facult\u00e9 Polytechnique de Mons ? La liste des travaux de fin d&rsquo;\u00e9tudes est disponible sur demande (voir Contacts facultaires). Deux formules s&rsquo;offrent \u00e0 vous : La formule \u00ab\u00a0Learning Agreement\u00a0\u00bb La formule \u00ab\u00a0Stages\u00a0\u00bb Formule \u00ab\u00a0Learning Agreement\u00a0\u00bb [&hellip;]<\/p>\n","protected":false},"author":2,"featured_media":0,"parent":1091,"menu_order":8,"comment_status":"closed","ping_status":"closed","template":"","meta":{"footnotes":""},"class_list":["post-1117","page","type-page","status-publish","hentry"],"yoast_head":"<!-- This site is optimized with the Yoast SEO plugin v27.2 - https:\/\/yoast.com\/product\/yoast-seo-wordpress\/ -->\n<title>Travail de fin d\u2019\u00e9tudes - Facult\u00e9 \/ FPMS<\/title>\n<meta name=\"robots\" content=\"index, follow, max-snippet:-1, max-image-preview:large, max-video-preview:-1\" \/>\n<link rel=\"canonical\" href=\"https:\/\/web.umons.ac.be\/fpms\/fr\/mobilite-etudiante\/venir-en-mobilite-in\/travail-de-fin-detudes-master-thesis\/\" \/>\n<meta property=\"og:locale\" content=\"fr_FR\" \/>\n<meta property=\"og:type\" content=\"article\" \/>\n<meta property=\"og:title\" content=\"Travail de fin d\u2019\u00e9tudes - Facult\u00e9 \/ FPMS\" \/>\n<meta property=\"og:description\" content=\"Vous suivez une formation de second cycle dans votre universit\u00e9 ou souhaitez r\u00e9aliser votre travail de fin d&rsquo;\u00e9tudes \u00e0 la Facult\u00e9 Polytechnique de Mons ? La liste des travaux de fin d&rsquo;\u00e9tudes est disponible sur demande (voir Contacts facultaires). Deux formules s&rsquo;offrent \u00e0 vous : La formule \u00ab\u00a0Learning Agreement\u00a0\u00bb La formule \u00ab\u00a0Stages\u00a0\u00bb Formule \u00ab\u00a0Learning Agreement\u00a0\u00bb [&hellip;]\" \/>\n<meta property=\"og:url\" content=\"https:\/\/web.umons.ac.be\/fpms\/fr\/mobilite-etudiante\/venir-en-mobilite-in\/travail-de-fin-detudes-master-thesis\/\" \/>\n<meta property=\"og:site_name\" content=\"Facult\u00e9 \/ FPMS\" \/>\n<meta property=\"article:modified_time\" content=\"2019-09-04T07:28:42+00:00\" \/>\n<meta name=\"twitter:card\" content=\"summary_large_image\" \/>\n<meta name=\"twitter:label1\" content=\"Dur\u00e9e de lecture estim\u00e9e\" \/>\n\t<meta name=\"twitter:data1\" content=\"1 minute\" \/>\n<script type=\"application\/ld+json\" class=\"yoast-schema-graph\">{\"@context\":\"https:\/\/schema.org\",\"@graph\":[{\"@type\":\"WebPage\",\"@id\":\"https:\/\/web.umons.ac.be\/fpms\/fr\/mobilite-etudiante\/venir-en-mobilite-in\/travail-de-fin-detudes-master-thesis\/\",\"url\":\"https:\/\/web.umons.ac.be\/fpms\/fr\/mobilite-etudiante\/venir-en-mobilite-in\/travail-de-fin-detudes-master-thesis\/\",\"name\":\"Travail de fin d\u2019\u00e9tudes - Facult\u00e9 \/ FPMS\",\"isPartOf\":{\"@id\":\"https:\/\/web.umons.ac.be\/fpms\/#website\"},\"datePublished\":\"2019-01-09T15:14:58+00:00\",\"dateModified\":\"2019-09-04T07:28:42+00:00\",\"breadcrumb\":{\"@id\":\"https:\/\/web.umons.ac.be\/fpms\/fr\/mobilite-etudiante\/venir-en-mobilite-in\/travail-de-fin-detudes-master-thesis\/#breadcrumb\"},\"inLanguage\":\"fr-FR\",\"potentialAction\":[{\"@type\":\"ReadAction\",\"target\":[\"https:\/\/web.umons.ac.be\/fpms\/fr\/mobilite-etudiante\/venir-en-mobilite-in\/travail-de-fin-detudes-master-thesis\/\"]}]},{\"@type\":\"BreadcrumbList\",\"@id\":\"https:\/\/web.umons.ac.be\/fpms\/fr\/mobilite-etudiante\/venir-en-mobilite-in\/travail-de-fin-detudes-master-thesis\/#breadcrumb\",\"itemListElement\":[{\"@type\":\"ListItem\",\"position\":1,\"name\":\"Accueil\",\"item\":\"https:\/\/web.umons.ac.be\/fpms\/fr\/\"},{\"@type\":\"ListItem\",\"position\":2,\"name\":\"Mobilit\u00e9 \u00e9tudiante &#8211; International\",\"item\":\"https:\/\/web.umons.ac.be\/fpms\/fr\/mobilite-etudiante\/\"},{\"@type\":\"ListItem\",\"position\":3,\"name\":\"Venir en mobilit\u00e9 IN\",\"item\":\"https:\/\/web.umons.ac.be\/fpms\/fr\/mobilite-etudiante\/venir-en-mobilite-in\/\"},{\"@type\":\"ListItem\",\"position\":4,\"name\":\"Travail de fin d\u2019\u00e9tudes\"}]},{\"@type\":\"WebSite\",\"@id\":\"https:\/\/web.umons.ac.be\/fpms\/#website\",\"url\":\"https:\/\/web.umons.ac.be\/fpms\/\",\"name\":\"Facult\u00e9 \/ FPMS\",\"description\":\"Un site utilisant Universit\u00e9 de Mons \u2013 UMONS\",\"potentialAction\":[{\"@type\":\"SearchAction\",\"target\":{\"@type\":\"EntryPoint\",\"urlTemplate\":\"https:\/\/web.umons.ac.be\/fpms\/?s={search_term_string}\"},\"query-input\":{\"@type\":\"PropertyValueSpecification\",\"valueRequired\":true,\"valueName\":\"search_term_string\"}}],\"inLanguage\":\"fr-FR\"}]}<\/script>\n<!-- \/ Yoast SEO plugin. -->","yoast_head_json":{"title":"Travail de fin d\u2019\u00e9tudes - Facult\u00e9 \/ FPMS","robots":{"index":"index","follow":"follow","max-snippet":"max-snippet:-1","max-image-preview":"max-image-preview:large","max-video-preview":"max-video-preview:-1"},"canonical":"https:\/\/web.umons.ac.be\/fpms\/fr\/mobilite-etudiante\/venir-en-mobilite-in\/travail-de-fin-detudes-master-thesis\/","og_locale":"fr_FR","og_type":"article","og_title":"Travail de fin d\u2019\u00e9tudes - Facult\u00e9 \/ FPMS","og_description":"Vous suivez une formation de second cycle dans votre universit\u00e9 ou souhaitez r\u00e9aliser votre travail de fin d&rsquo;\u00e9tudes \u00e0 la Facult\u00e9 Polytechnique de Mons ? La liste des travaux de fin d&rsquo;\u00e9tudes est disponible sur demande (voir Contacts facultaires). Deux formules s&rsquo;offrent \u00e0 vous : La formule \u00ab\u00a0Learning Agreement\u00a0\u00bb La formule \u00ab\u00a0Stages\u00a0\u00bb Formule \u00ab\u00a0Learning Agreement\u00a0\u00bb [&hellip;]","og_url":"https:\/\/web.umons.ac.be\/fpms\/fr\/mobilite-etudiante\/venir-en-mobilite-in\/travail-de-fin-detudes-master-thesis\/","og_site_name":"Facult\u00e9 \/ FPMS","article_modified_time":"2019-09-04T07:28:42+00:00","twitter_card":"summary_large_image","twitter_misc":{"Dur\u00e9e de lecture estim\u00e9e":"1 minute"},"schema":{"@context":"https:\/\/schema.org","@graph":[{"@type":"WebPage","@id":"https:\/\/web.umons.ac.be\/fpms\/fr\/mobilite-etudiante\/venir-en-mobilite-in\/travail-de-fin-detudes-master-thesis\/","url":"https:\/\/web.umons.ac.be\/fpms\/fr\/mobilite-etudiante\/venir-en-mobilite-in\/travail-de-fin-detudes-master-thesis\/","name":"Travail de fin d\u2019\u00e9tudes - Facult\u00e9 \/ FPMS","isPartOf":{"@id":"https:\/\/web.umons.ac.be\/fpms\/#website"},"datePublished":"2019-01-09T15:14:58+00:00","dateModified":"2019-09-04T07:28:42+00:00","breadcrumb":{"@id":"https:\/\/web.umons.ac.be\/fpms\/fr\/mobilite-etudiante\/venir-en-mobilite-in\/travail-de-fin-detudes-master-thesis\/#breadcrumb"},"inLanguage":"fr-FR","potentialAction":[{"@type":"ReadAction","target":["https:\/\/web.umons.ac.be\/fpms\/fr\/mobilite-etudiante\/venir-en-mobilite-in\/travail-de-fin-detudes-master-thesis\/"]}]},{"@type":"BreadcrumbList","@id":"https:\/\/web.umons.ac.be\/fpms\/fr\/mobilite-etudiante\/venir-en-mobilite-in\/travail-de-fin-detudes-master-thesis\/#breadcrumb","itemListElement":[{"@type":"ListItem","position":1,"name":"Accueil","item":"https:\/\/web.umons.ac.be\/fpms\/fr\/"},{"@type":"ListItem","position":2,"name":"Mobilit\u00e9 \u00e9tudiante &#8211; International","item":"https:\/\/web.umons.ac.be\/fpms\/fr\/mobilite-etudiante\/"},{"@type":"ListItem","position":3,"name":"Venir en mobilit\u00e9 IN","item":"https:\/\/web.umons.ac.be\/fpms\/fr\/mobilite-etudiante\/venir-en-mobilite-in\/"},{"@type":"ListItem","position":4,"name":"Travail de fin d\u2019\u00e9tudes"}]},{"@type":"WebSite","@id":"https:\/\/web.umons.ac.be\/fpms\/#website","url":"https:\/\/web.umons.ac.be\/fpms\/","name":"Facult\u00e9 \/ FPMS","description":"Un site utilisant Universit\u00e9 de Mons \u2013 UMONS","potentialAction":[{"@type":"SearchAction","target":{"@type":"EntryPoint","urlTemplate":"https:\/\/web.umons.ac.be\/fpms\/?s={search_term_string}"},"query-input":{"@type":"PropertyValueSpecification","valueRequired":true,"valueName":"search_term_string"}}],"inLanguage":"fr-FR"}]}},"lang":"fr","translations":{"fr":1117,"en":1345},"pll_sync_post":[],"_links":{"self":[{"href":"https:\/\/web.umons.ac.be\/fpms\/wp-json\/wp\/v2\/pages\/1117","targetHints":{"allow":["GET"]}}],"collection":[{"href":"https:\/\/web.umons.ac.be\/fpms\/wp-json\/wp\/v2\/pages"}],"about":[{"href":"https:\/\/web.umons.ac.be\/fpms\/wp-json\/wp\/v2\/types\/page"}],"author":[{"embeddable":true,"href":"https:\/\/web.umons.ac.be\/fpms\/wp-json\/wp\/v2\/users\/2"}],"replies":[{"embeddable":true,"href":"https:\/\/web.umons.ac.be\/fpms\/wp-json\/wp\/v2\/comments?post=1117"}],"version-history":[{"count":3,"href":"https:\/\/web.umons.ac.be\/fpms\/wp-json\/wp\/v2\/pages\/1117\/revisions"}],"predecessor-version":[{"id":1142,"href":"https:\/\/web.umons.ac.be\/fpms\/wp-json\/wp\/v2\/pages\/1117\/revisions\/1142"}],"up":[{"embeddable":true,"href":"https:\/\/web.umons.ac.be\/fpms\/wp-json\/wp\/v2\/pages\/1091"}],"wp:attachment":[{"href":"https:\/\/web.umons.ac.be\/fpms\/wp-json\/wp\/v2\/media?parent=1117"}],"curies":[{"name":"wp","href":"https:\/\/api.w.org\/{rel}","templated":true}]}}