{"id":1119,"date":"2019-01-09T16:17:43","date_gmt":"2019-01-09T15:17:43","guid":{"rendered":"https:\/\/web.umons.ac.be\/fpms\/?page_id=1119"},"modified":"2019-01-09T16:48:43","modified_gmt":"2019-01-09T15:48:43","slug":"systeme-devaluation","status":"publish","type":"page","link":"https:\/\/web.umons.ac.be\/fpms\/fr\/mobilite-etudiante\/venir-en-mobilite-in\/systeme-devaluation\/","title":{"rendered":"Syst\u00e8me d\u2019\u00e9valuation"},"content":{"rendered":"<p>Apr\u00e8s les examens finaux (oral et\/ou \u00e9crit), votre note sera exprim\u00e9e en score entre 0 et 20. Pour r\u00e9ussir, vous devez obtenir un score d\u2019au moins 10\/20.<\/p>\n<table>\n<tbody>\n<tr>\n<td colspan=\"2\" width=\"409\"><strong>Table de Conversion Cours de Bachelier \u2013 FPMs<\/strong><\/td>\n<\/tr>\n<tr>\n<td width=\"205\"><strong>A : excellent<\/strong><\/td>\n<td width=\"205\">de 17 \u00e0 20<\/td>\n<\/tr>\n<tr>\n<td width=\"205\"><strong>B : very good<\/strong><\/td>\n<td width=\"205\">de 14.5 \u00e0 16.5<\/td>\n<\/tr>\n<tr>\n<td width=\"205\"><strong>C : good<\/strong><\/td>\n<td width=\"205\">de 12 \u00e0 14<\/td>\n<\/tr>\n<tr>\n<td width=\"205\"><strong>D : satisfactory<\/strong><\/td>\n<td width=\"205\">de 10.5 \u00e0 11.5<\/td>\n<\/tr>\n<tr>\n<td width=\"205\"><strong>E : sufficient<\/strong><\/td>\n<td width=\"205\">10<\/td>\n<\/tr>\n<tr>\n<td width=\"205\"><strong>Fx : fail<\/strong><\/td>\n<td width=\"205\">entre 8 et 9.5 \/20<\/td>\n<\/tr>\n<tr>\n<td width=\"205\"><strong>F : fail<\/strong><\/td>\n<td width=\"205\">inf\u00e9rieur \u00e0 8<\/td>\n<\/tr>\n<\/tbody>\n<\/table>\n<p>&nbsp;<\/p>\n<table>\n<tbody>\n<tr>\n<td colspan=\"2\" width=\"409\"><strong>Table de Conversion Cours de Master \u2013 FPMs<\/strong><\/td>\n<\/tr>\n<tr>\n<td width=\"205\"><strong>A : excellent<\/strong><\/td>\n<td width=\"205\">entre 18 et 20<\/td>\n<\/tr>\n<tr>\n<td width=\"205\"><strong>B : very good<\/strong><\/td>\n<td width=\"205\">entre 16 et 17.5<\/td>\n<\/tr>\n<tr>\n<td width=\"205\"><strong>C : good<\/strong><\/td>\n<td width=\"205\">entre 14 et 15.5<\/td>\n<\/tr>\n<tr>\n<td width=\"205\"><strong>D : satisfactory<\/strong><\/td>\n<td width=\"205\">entre 11.5 et 13.5<\/td>\n<\/tr>\n<tr>\n<td width=\"205\"><strong>E : sufficient<\/strong><\/td>\n<td width=\"205\">entre 10 et 11<\/td>\n<\/tr>\n<tr>\n<td width=\"205\"><strong>Fx : fail<\/strong><\/td>\n<td width=\"205\">entre 8 et 9.5 \/20<\/td>\n<\/tr>\n<tr>\n<td width=\"205\"><strong>F : fail<\/strong><\/td>\n<td width=\"205\">inf\u00e9rieur \u00e0 8<\/td>\n<\/tr>\n<\/tbody>\n<\/table>\n<p>\u00c0 la fin d\u2019un s\u00e9jour d\u2019\u00e9change \u00e0 l\u2019UMONS, les r\u00e9sultats des examens sont envoy\u00e9s par la facult\u00e9 d\u2019accueil directement \u00e0 l\u2019universit\u00e9 d\u2019origine de l\u2019\u00e9tudiant dans le syst\u00e8me de classement belge et le syst\u00e8me de notation ECTS.<\/p>\n","protected":false},"excerpt":{"rendered":"<p>Apr\u00e8s les examens finaux (oral et\/ou \u00e9crit), votre note sera exprim\u00e9e en score entre 0 et 20. Pour r\u00e9ussir, vous devez obtenir un score d\u2019au moins 10\/20. Table de Conversion Cours de Bachelier \u2013 FPMs A : excellent de 17 \u00e0 20 B : very good de 14.5 \u00e0 16.5 C : good de 12 [&hellip;]<\/p>\n","protected":false},"author":2,"featured_media":0,"parent":1091,"menu_order":9,"comment_status":"closed","ping_status":"closed","template":"","meta":{"footnotes":""},"class_list":["post-1119","page","type-page","status-publish","hentry"],"yoast_head":"<!-- This site is optimized with the Yoast SEO plugin v27.2 - https:\/\/yoast.com\/product\/yoast-seo-wordpress\/ -->\n<title>Syst\u00e8me d\u2019\u00e9valuation - Facult\u00e9 \/ FPMS<\/title>\n<meta name=\"robots\" content=\"index, follow, max-snippet:-1, max-image-preview:large, max-video-preview:-1\" \/>\n<link rel=\"canonical\" href=\"https:\/\/web.umons.ac.be\/fpms\/fr\/mobilite-etudiante\/venir-en-mobilite-in\/systeme-devaluation\/\" \/>\n<meta property=\"og:locale\" content=\"fr_FR\" \/>\n<meta property=\"og:type\" content=\"article\" \/>\n<meta property=\"og:title\" content=\"Syst\u00e8me d\u2019\u00e9valuation - Facult\u00e9 \/ FPMS\" \/>\n<meta property=\"og:description\" content=\"Apr\u00e8s les examens finaux (oral et\/ou \u00e9crit), votre note sera exprim\u00e9e en score entre 0 et 20. Pour r\u00e9ussir, vous devez obtenir un score d\u2019au moins 10\/20. Table de Conversion Cours de Bachelier \u2013 FPMs A : excellent de 17 \u00e0 20 B : very good de 14.5 \u00e0 16.5 C : good de 12 [&hellip;]\" \/>\n<meta property=\"og:url\" content=\"https:\/\/web.umons.ac.be\/fpms\/fr\/mobilite-etudiante\/venir-en-mobilite-in\/systeme-devaluation\/\" \/>\n<meta property=\"og:site_name\" content=\"Facult\u00e9 \/ FPMS\" \/>\n<meta property=\"article:modified_time\" content=\"2019-01-09T15:48:43+00:00\" \/>\n<meta name=\"twitter:card\" content=\"summary_large_image\" \/>\n<meta name=\"twitter:label1\" content=\"Dur\u00e9e de lecture estim\u00e9e\" \/>\n\t<meta name=\"twitter:data1\" content=\"1 minute\" \/>\n<script type=\"application\/ld+json\" class=\"yoast-schema-graph\">{\"@context\":\"https:\/\/schema.org\",\"@graph\":[{\"@type\":\"WebPage\",\"@id\":\"https:\/\/web.umons.ac.be\/fpms\/fr\/mobilite-etudiante\/venir-en-mobilite-in\/systeme-devaluation\/\",\"url\":\"https:\/\/web.umons.ac.be\/fpms\/fr\/mobilite-etudiante\/venir-en-mobilite-in\/systeme-devaluation\/\",\"name\":\"Syst\u00e8me d\u2019\u00e9valuation - Facult\u00e9 \/ FPMS\",\"isPartOf\":{\"@id\":\"https:\/\/web.umons.ac.be\/fpms\/#website\"},\"datePublished\":\"2019-01-09T15:17:43+00:00\",\"dateModified\":\"2019-01-09T15:48:43+00:00\",\"breadcrumb\":{\"@id\":\"https:\/\/web.umons.ac.be\/fpms\/fr\/mobilite-etudiante\/venir-en-mobilite-in\/systeme-devaluation\/#breadcrumb\"},\"inLanguage\":\"fr-FR\",\"potentialAction\":[{\"@type\":\"ReadAction\",\"target\":[\"https:\/\/web.umons.ac.be\/fpms\/fr\/mobilite-etudiante\/venir-en-mobilite-in\/systeme-devaluation\/\"]}]},{\"@type\":\"BreadcrumbList\",\"@id\":\"https:\/\/web.umons.ac.be\/fpms\/fr\/mobilite-etudiante\/venir-en-mobilite-in\/systeme-devaluation\/#breadcrumb\",\"itemListElement\":[{\"@type\":\"ListItem\",\"position\":1,\"name\":\"Accueil\",\"item\":\"https:\/\/web.umons.ac.be\/fpms\/fr\/\"},{\"@type\":\"ListItem\",\"position\":2,\"name\":\"Mobilit\u00e9 \u00e9tudiante &#8211; International\",\"item\":\"https:\/\/web.umons.ac.be\/fpms\/fr\/mobilite-etudiante\/\"},{\"@type\":\"ListItem\",\"position\":3,\"name\":\"Venir en mobilit\u00e9 IN\",\"item\":\"https:\/\/web.umons.ac.be\/fpms\/fr\/mobilite-etudiante\/venir-en-mobilite-in\/\"},{\"@type\":\"ListItem\",\"position\":4,\"name\":\"Syst\u00e8me d\u2019\u00e9valuation\"}]},{\"@type\":\"WebSite\",\"@id\":\"https:\/\/web.umons.ac.be\/fpms\/#website\",\"url\":\"https:\/\/web.umons.ac.be\/fpms\/\",\"name\":\"Facult\u00e9 \/ FPMS\",\"description\":\"Un site utilisant Universit\u00e9 de Mons \u2013 UMONS\",\"potentialAction\":[{\"@type\":\"SearchAction\",\"target\":{\"@type\":\"EntryPoint\",\"urlTemplate\":\"https:\/\/web.umons.ac.be\/fpms\/?s={search_term_string}\"},\"query-input\":{\"@type\":\"PropertyValueSpecification\",\"valueRequired\":true,\"valueName\":\"search_term_string\"}}],\"inLanguage\":\"fr-FR\"}]}<\/script>\n<!-- \/ Yoast SEO plugin. -->","yoast_head_json":{"title":"Syst\u00e8me d\u2019\u00e9valuation - Facult\u00e9 \/ FPMS","robots":{"index":"index","follow":"follow","max-snippet":"max-snippet:-1","max-image-preview":"max-image-preview:large","max-video-preview":"max-video-preview:-1"},"canonical":"https:\/\/web.umons.ac.be\/fpms\/fr\/mobilite-etudiante\/venir-en-mobilite-in\/systeme-devaluation\/","og_locale":"fr_FR","og_type":"article","og_title":"Syst\u00e8me d\u2019\u00e9valuation - Facult\u00e9 \/ FPMS","og_description":"Apr\u00e8s les examens finaux (oral et\/ou \u00e9crit), votre note sera exprim\u00e9e en score entre 0 et 20. Pour r\u00e9ussir, vous devez obtenir un score d\u2019au moins 10\/20. Table de Conversion Cours de Bachelier \u2013 FPMs A : excellent de 17 \u00e0 20 B : very good de 14.5 \u00e0 16.5 C : good de 12 [&hellip;]","og_url":"https:\/\/web.umons.ac.be\/fpms\/fr\/mobilite-etudiante\/venir-en-mobilite-in\/systeme-devaluation\/","og_site_name":"Facult\u00e9 \/ FPMS","article_modified_time":"2019-01-09T15:48:43+00:00","twitter_card":"summary_large_image","twitter_misc":{"Dur\u00e9e de lecture estim\u00e9e":"1 minute"},"schema":{"@context":"https:\/\/schema.org","@graph":[{"@type":"WebPage","@id":"https:\/\/web.umons.ac.be\/fpms\/fr\/mobilite-etudiante\/venir-en-mobilite-in\/systeme-devaluation\/","url":"https:\/\/web.umons.ac.be\/fpms\/fr\/mobilite-etudiante\/venir-en-mobilite-in\/systeme-devaluation\/","name":"Syst\u00e8me d\u2019\u00e9valuation - Facult\u00e9 \/ FPMS","isPartOf":{"@id":"https:\/\/web.umons.ac.be\/fpms\/#website"},"datePublished":"2019-01-09T15:17:43+00:00","dateModified":"2019-01-09T15:48:43+00:00","breadcrumb":{"@id":"https:\/\/web.umons.ac.be\/fpms\/fr\/mobilite-etudiante\/venir-en-mobilite-in\/systeme-devaluation\/#breadcrumb"},"inLanguage":"fr-FR","potentialAction":[{"@type":"ReadAction","target":["https:\/\/web.umons.ac.be\/fpms\/fr\/mobilite-etudiante\/venir-en-mobilite-in\/systeme-devaluation\/"]}]},{"@type":"BreadcrumbList","@id":"https:\/\/web.umons.ac.be\/fpms\/fr\/mobilite-etudiante\/venir-en-mobilite-in\/systeme-devaluation\/#breadcrumb","itemListElement":[{"@type":"ListItem","position":1,"name":"Accueil","item":"https:\/\/web.umons.ac.be\/fpms\/fr\/"},{"@type":"ListItem","position":2,"name":"Mobilit\u00e9 \u00e9tudiante &#8211; International","item":"https:\/\/web.umons.ac.be\/fpms\/fr\/mobilite-etudiante\/"},{"@type":"ListItem","position":3,"name":"Venir en mobilit\u00e9 IN","item":"https:\/\/web.umons.ac.be\/fpms\/fr\/mobilite-etudiante\/venir-en-mobilite-in\/"},{"@type":"ListItem","position":4,"name":"Syst\u00e8me d\u2019\u00e9valuation"}]},{"@type":"WebSite","@id":"https:\/\/web.umons.ac.be\/fpms\/#website","url":"https:\/\/web.umons.ac.be\/fpms\/","name":"Facult\u00e9 \/ FPMS","description":"Un site utilisant Universit\u00e9 de Mons \u2013 UMONS","potentialAction":[{"@type":"SearchAction","target":{"@type":"EntryPoint","urlTemplate":"https:\/\/web.umons.ac.be\/fpms\/?s={search_term_string}"},"query-input":{"@type":"PropertyValueSpecification","valueRequired":true,"valueName":"search_term_string"}}],"inLanguage":"fr-FR"}]}},"lang":"fr","translations":{"fr":1119,"en":1348},"pll_sync_post":[],"_links":{"self":[{"href":"https:\/\/web.umons.ac.be\/fpms\/wp-json\/wp\/v2\/pages\/1119","targetHints":{"allow":["GET"]}}],"collection":[{"href":"https:\/\/web.umons.ac.be\/fpms\/wp-json\/wp\/v2\/pages"}],"about":[{"href":"https:\/\/web.umons.ac.be\/fpms\/wp-json\/wp\/v2\/types\/page"}],"author":[{"embeddable":true,"href":"https:\/\/web.umons.ac.be\/fpms\/wp-json\/wp\/v2\/users\/2"}],"replies":[{"embeddable":true,"href":"https:\/\/web.umons.ac.be\/fpms\/wp-json\/wp\/v2\/comments?post=1119"}],"version-history":[{"count":2,"href":"https:\/\/web.umons.ac.be\/fpms\/wp-json\/wp\/v2\/pages\/1119\/revisions"}],"predecessor-version":[{"id":1140,"href":"https:\/\/web.umons.ac.be\/fpms\/wp-json\/wp\/v2\/pages\/1119\/revisions\/1140"}],"up":[{"embeddable":true,"href":"https:\/\/web.umons.ac.be\/fpms\/wp-json\/wp\/v2\/pages\/1091"}],"wp:attachment":[{"href":"https:\/\/web.umons.ac.be\/fpms\/wp-json\/wp\/v2\/media?parent=1119"}],"curies":[{"name":"wp","href":"https:\/\/api.w.org\/{rel}","templated":true}]}}