{"id":1121,"date":"2019-01-09T16:20:44","date_gmt":"2019-01-09T15:20:44","guid":{"rendered":"https:\/\/web.umons.ac.be\/fpms\/?page_id=1121"},"modified":"2019-01-09T16:48:22","modified_gmt":"2019-01-09T15:48:22","slug":"infos-pratiques","status":"publish","type":"page","link":"https:\/\/web.umons.ac.be\/fpms\/fr\/mobilite-etudiante\/venir-en-mobilite-in\/infos-pratiques\/","title":{"rendered":"Infos pratiques"},"content":{"rendered":"<h2>Le rythme&#8230;<\/h2>\n<p>A la Facult\u00e9 Polytechnique de Mons, les cours sont dispens\u00e9s sur un quadrimestre (le premier ou le deuxi\u00e8me) d\u00e9di\u00e9 aux cours et aux examens. Cette information importante, surtout si vous ne venez qu&rsquo;un quadrimestre chez nous, est indiqu\u00e9e dans la colonne p\u00e9riode des programmes de cours.<\/p>\n<ul>\n<li>Le 1er quadrimestre (Q1) de l\u2019ann\u00e9e acad\u00e9mique commence \u00e0 la mi-septembre et se termine \u00e0 la fin du mois de janvier.<\/li>\n<li>Le 2\u00e8me quadrimestre (Q2) se d\u00e9roule de d\u00e9but f\u00e9vrier \u00e0 fin juin<\/li>\n<\/ul>\n<h2>Les pr\u00e9requis&#8230;<\/h2>\n<p>Avant votre s\u00e9jour dans notre Facult\u00e9, vous allez devoir \u00e9tablir le programme de cours que vous allez suivre chez nous. Les fiches ECTS sont l\u00e0 pour vous aider !<\/p>\n<p>En effet en cliquant, dans le programme de cours en ligne, sur les noms des cours, vous verrez apparaitre le descriptif du cours. Ces fiches sont v\u00e9ritablement les cartes d&rsquo;identit\u00e9 du cours.<\/p>\n<p>Dans les rubriques pr\u00e9requis, vous trouverez les mati\u00e8res ou notions que vous devez maitriser avant de prendre le cours en question.<\/p>\n<p><strong>Les programmes sont disponibles \u00e0 <a href=\"https:\/\/web.umons.ac.be\/fpms\/fr\/offre-de-formation\/\">ICI<\/a>\u00a0<\/strong><\/p>\n<p><a href=\"https:\/\/web.umons.ac.be\/fr\/international\/mobilite-incoming\/\"><strong>Autres informations pratiques g\u00e9n\u00e9rales<\/strong> <\/a>(Le co\u00fbt moyen d\u2019une ann\u00e9e d\u2019\u00e9tudes, Les logements, Pour prendre soin de vous et rester en forme, Les transports, \u2026)<\/p>\n","protected":false},"excerpt":{"rendered":"<p>Le rythme&#8230; A la Facult\u00e9 Polytechnique de Mons, les cours sont dispens\u00e9s sur un quadrimestre (le premier ou le deuxi\u00e8me) d\u00e9di\u00e9 aux cours et aux examens. Cette information importante, surtout si vous ne venez qu&rsquo;un quadrimestre chez nous, est indiqu\u00e9e dans la colonne p\u00e9riode des programmes de cours. Le 1er quadrimestre (Q1) de l\u2019ann\u00e9e acad\u00e9mique [&hellip;]<\/p>\n","protected":false},"author":2,"featured_media":0,"parent":1091,"menu_order":10,"comment_status":"closed","ping_status":"closed","template":"","meta":{"footnotes":""},"class_list":["post-1121","page","type-page","status-publish","hentry"],"yoast_head":"<!-- This site is optimized with the Yoast SEO plugin v27.2 - https:\/\/yoast.com\/product\/yoast-seo-wordpress\/ -->\n<title>Infos pratiques - Facult\u00e9 \/ FPMS<\/title>\n<meta name=\"robots\" content=\"index, follow, max-snippet:-1, max-image-preview:large, max-video-preview:-1\" \/>\n<link rel=\"canonical\" href=\"https:\/\/web.umons.ac.be\/fpms\/fr\/mobilite-etudiante\/venir-en-mobilite-in\/infos-pratiques\/\" \/>\n<meta property=\"og:locale\" content=\"fr_FR\" \/>\n<meta property=\"og:type\" content=\"article\" \/>\n<meta property=\"og:title\" content=\"Infos pratiques - Facult\u00e9 \/ FPMS\" \/>\n<meta property=\"og:description\" content=\"Le rythme&#8230; A la Facult\u00e9 Polytechnique de Mons, les cours sont dispens\u00e9s sur un quadrimestre (le premier ou le deuxi\u00e8me) d\u00e9di\u00e9 aux cours et aux examens. Cette information importante, surtout si vous ne venez qu&rsquo;un quadrimestre chez nous, est indiqu\u00e9e dans la colonne p\u00e9riode des programmes de cours. Le 1er quadrimestre (Q1) de l\u2019ann\u00e9e acad\u00e9mique [&hellip;]\" \/>\n<meta property=\"og:url\" content=\"https:\/\/web.umons.ac.be\/fpms\/fr\/mobilite-etudiante\/venir-en-mobilite-in\/infos-pratiques\/\" \/>\n<meta property=\"og:site_name\" content=\"Facult\u00e9 \/ FPMS\" \/>\n<meta property=\"article:modified_time\" content=\"2019-01-09T15:48:22+00:00\" \/>\n<meta name=\"twitter:card\" content=\"summary_large_image\" \/>\n<meta name=\"twitter:label1\" content=\"Dur\u00e9e de lecture estim\u00e9e\" \/>\n\t<meta name=\"twitter:data1\" content=\"1 minute\" \/>\n<script type=\"application\/ld+json\" class=\"yoast-schema-graph\">{\"@context\":\"https:\/\/schema.org\",\"@graph\":[{\"@type\":\"WebPage\",\"@id\":\"https:\/\/web.umons.ac.be\/fpms\/fr\/mobilite-etudiante\/venir-en-mobilite-in\/infos-pratiques\/\",\"url\":\"https:\/\/web.umons.ac.be\/fpms\/fr\/mobilite-etudiante\/venir-en-mobilite-in\/infos-pratiques\/\",\"name\":\"Infos pratiques - Facult\u00e9 \/ FPMS\",\"isPartOf\":{\"@id\":\"https:\/\/web.umons.ac.be\/fpms\/#website\"},\"datePublished\":\"2019-01-09T15:20:44+00:00\",\"dateModified\":\"2019-01-09T15:48:22+00:00\",\"breadcrumb\":{\"@id\":\"https:\/\/web.umons.ac.be\/fpms\/fr\/mobilite-etudiante\/venir-en-mobilite-in\/infos-pratiques\/#breadcrumb\"},\"inLanguage\":\"fr-FR\",\"potentialAction\":[{\"@type\":\"ReadAction\",\"target\":[\"https:\/\/web.umons.ac.be\/fpms\/fr\/mobilite-etudiante\/venir-en-mobilite-in\/infos-pratiques\/\"]}]},{\"@type\":\"BreadcrumbList\",\"@id\":\"https:\/\/web.umons.ac.be\/fpms\/fr\/mobilite-etudiante\/venir-en-mobilite-in\/infos-pratiques\/#breadcrumb\",\"itemListElement\":[{\"@type\":\"ListItem\",\"position\":1,\"name\":\"Accueil\",\"item\":\"https:\/\/web.umons.ac.be\/fpms\/fr\/\"},{\"@type\":\"ListItem\",\"position\":2,\"name\":\"Mobilit\u00e9 \u00e9tudiante &#8211; International\",\"item\":\"https:\/\/web.umons.ac.be\/fpms\/fr\/mobilite-etudiante\/\"},{\"@type\":\"ListItem\",\"position\":3,\"name\":\"Venir en mobilit\u00e9 IN\",\"item\":\"https:\/\/web.umons.ac.be\/fpms\/fr\/mobilite-etudiante\/venir-en-mobilite-in\/\"},{\"@type\":\"ListItem\",\"position\":4,\"name\":\"Infos pratiques\"}]},{\"@type\":\"WebSite\",\"@id\":\"https:\/\/web.umons.ac.be\/fpms\/#website\",\"url\":\"https:\/\/web.umons.ac.be\/fpms\/\",\"name\":\"Facult\u00e9 \/ FPMS\",\"description\":\"Un site utilisant Universit\u00e9 de Mons \u2013 UMONS\",\"potentialAction\":[{\"@type\":\"SearchAction\",\"target\":{\"@type\":\"EntryPoint\",\"urlTemplate\":\"https:\/\/web.umons.ac.be\/fpms\/?s={search_term_string}\"},\"query-input\":{\"@type\":\"PropertyValueSpecification\",\"valueRequired\":true,\"valueName\":\"search_term_string\"}}],\"inLanguage\":\"fr-FR\"}]}<\/script>\n<!-- \/ Yoast SEO plugin. -->","yoast_head_json":{"title":"Infos pratiques - Facult\u00e9 \/ FPMS","robots":{"index":"index","follow":"follow","max-snippet":"max-snippet:-1","max-image-preview":"max-image-preview:large","max-video-preview":"max-video-preview:-1"},"canonical":"https:\/\/web.umons.ac.be\/fpms\/fr\/mobilite-etudiante\/venir-en-mobilite-in\/infos-pratiques\/","og_locale":"fr_FR","og_type":"article","og_title":"Infos pratiques - Facult\u00e9 \/ FPMS","og_description":"Le rythme&#8230; A la Facult\u00e9 Polytechnique de Mons, les cours sont dispens\u00e9s sur un quadrimestre (le premier ou le deuxi\u00e8me) d\u00e9di\u00e9 aux cours et aux examens. Cette information importante, surtout si vous ne venez qu&rsquo;un quadrimestre chez nous, est indiqu\u00e9e dans la colonne p\u00e9riode des programmes de cours. Le 1er quadrimestre (Q1) de l\u2019ann\u00e9e acad\u00e9mique [&hellip;]","og_url":"https:\/\/web.umons.ac.be\/fpms\/fr\/mobilite-etudiante\/venir-en-mobilite-in\/infos-pratiques\/","og_site_name":"Facult\u00e9 \/ FPMS","article_modified_time":"2019-01-09T15:48:22+00:00","twitter_card":"summary_large_image","twitter_misc":{"Dur\u00e9e de lecture estim\u00e9e":"1 minute"},"schema":{"@context":"https:\/\/schema.org","@graph":[{"@type":"WebPage","@id":"https:\/\/web.umons.ac.be\/fpms\/fr\/mobilite-etudiante\/venir-en-mobilite-in\/infos-pratiques\/","url":"https:\/\/web.umons.ac.be\/fpms\/fr\/mobilite-etudiante\/venir-en-mobilite-in\/infos-pratiques\/","name":"Infos pratiques - Facult\u00e9 \/ FPMS","isPartOf":{"@id":"https:\/\/web.umons.ac.be\/fpms\/#website"},"datePublished":"2019-01-09T15:20:44+00:00","dateModified":"2019-01-09T15:48:22+00:00","breadcrumb":{"@id":"https:\/\/web.umons.ac.be\/fpms\/fr\/mobilite-etudiante\/venir-en-mobilite-in\/infos-pratiques\/#breadcrumb"},"inLanguage":"fr-FR","potentialAction":[{"@type":"ReadAction","target":["https:\/\/web.umons.ac.be\/fpms\/fr\/mobilite-etudiante\/venir-en-mobilite-in\/infos-pratiques\/"]}]},{"@type":"BreadcrumbList","@id":"https:\/\/web.umons.ac.be\/fpms\/fr\/mobilite-etudiante\/venir-en-mobilite-in\/infos-pratiques\/#breadcrumb","itemListElement":[{"@type":"ListItem","position":1,"name":"Accueil","item":"https:\/\/web.umons.ac.be\/fpms\/fr\/"},{"@type":"ListItem","position":2,"name":"Mobilit\u00e9 \u00e9tudiante &#8211; International","item":"https:\/\/web.umons.ac.be\/fpms\/fr\/mobilite-etudiante\/"},{"@type":"ListItem","position":3,"name":"Venir en mobilit\u00e9 IN","item":"https:\/\/web.umons.ac.be\/fpms\/fr\/mobilite-etudiante\/venir-en-mobilite-in\/"},{"@type":"ListItem","position":4,"name":"Infos pratiques"}]},{"@type":"WebSite","@id":"https:\/\/web.umons.ac.be\/fpms\/#website","url":"https:\/\/web.umons.ac.be\/fpms\/","name":"Facult\u00e9 \/ FPMS","description":"Un site utilisant Universit\u00e9 de Mons \u2013 UMONS","potentialAction":[{"@type":"SearchAction","target":{"@type":"EntryPoint","urlTemplate":"https:\/\/web.umons.ac.be\/fpms\/?s={search_term_string}"},"query-input":{"@type":"PropertyValueSpecification","valueRequired":true,"valueName":"search_term_string"}}],"inLanguage":"fr-FR"}]}},"lang":"fr","translations":{"fr":1121,"en":1351},"pll_sync_post":[],"_links":{"self":[{"href":"https:\/\/web.umons.ac.be\/fpms\/wp-json\/wp\/v2\/pages\/1121","targetHints":{"allow":["GET"]}}],"collection":[{"href":"https:\/\/web.umons.ac.be\/fpms\/wp-json\/wp\/v2\/pages"}],"about":[{"href":"https:\/\/web.umons.ac.be\/fpms\/wp-json\/wp\/v2\/types\/page"}],"author":[{"embeddable":true,"href":"https:\/\/web.umons.ac.be\/fpms\/wp-json\/wp\/v2\/users\/2"}],"replies":[{"embeddable":true,"href":"https:\/\/web.umons.ac.be\/fpms\/wp-json\/wp\/v2\/comments?post=1121"}],"version-history":[{"count":2,"href":"https:\/\/web.umons.ac.be\/fpms\/wp-json\/wp\/v2\/pages\/1121\/revisions"}],"predecessor-version":[{"id":1139,"href":"https:\/\/web.umons.ac.be\/fpms\/wp-json\/wp\/v2\/pages\/1121\/revisions\/1139"}],"up":[{"embeddable":true,"href":"https:\/\/web.umons.ac.be\/fpms\/wp-json\/wp\/v2\/pages\/1091"}],"wp:attachment":[{"href":"https:\/\/web.umons.ac.be\/fpms\/wp-json\/wp\/v2\/media?parent=1121"}],"curies":[{"name":"wp","href":"https:\/\/api.w.org\/{rel}","templated":true}]}}