{"id":1123,"date":"2019-01-09T16:42:52","date_gmt":"2019-01-09T15:42:52","guid":{"rendered":"https:\/\/web.umons.ac.be\/fpms\/?page_id=1123"},"modified":"2024-03-19T10:24:32","modified_gmt":"2024-03-19T09:24:32","slug":"contacts","status":"publish","type":"page","link":"https:\/\/web.umons.ac.be\/fpms\/fr\/mobilite-etudiante\/venir-en-mobilite-in\/contacts\/","title":{"rendered":"Contacts"},"content":{"rendered":"<h6>Facult\u00e9 Polytechnique<\/h6>\n<table style=\"height: 561px;width: 90.2494%\" width=\"708\">\n<tbody>\n<tr style=\"height: 47px\">\n<td style=\"height: 47px;width: 204px\"><\/td>\n<td style=\"height: 47px\" colspan=\"2\"><strong>Repr\u00e9sentant mobilit\u00e9\u00a0<\/strong><strong>de \u00ab\u00a0sp\u00e9cialit\u00e9\u00a0\u00bb\/<\/strong><strong>COMDIP<\/strong><\/td>\n<\/tr>\n<tr>\n<td style=\"width: 204px\" colspan=\"3\"><strong>Bachelier<\/strong><\/td>\n<\/tr>\n<tr>\n<td style=\"width: 204px\">Bachelier<\/td>\n<td style=\"width: 492.667px\" colspan=\"2\"><strong><a href=\"mailto:Georges.KOUROUSSIS@umons.ac.be\">Georges KOUROUSSIS<\/a><\/strong><\/td>\n<\/tr>\n<tr style=\"height: 52px\">\n<td style=\"height: 52px;width: 696.667px\" colspan=\"3\"><strong>Master<\/strong><\/td>\n<\/tr>\n<tr style=\"height: 52px\">\n<td style=\"height: 52px;width: 204px\">Architecture<\/td>\n<td style=\"height: 52px;width: 492.667px\" colspan=\"2\"><a href=\"mailto:Laurent.VANPARYS@umons.ac.be\">Laurent VAN PARYS<\/a><\/td>\n<\/tr>\n<tr style=\"height: 75px\">\n<td style=\"height: 75px;width: 204px\">Chimie \/ Science des Mat\u00e9riaux<\/td>\n<td style=\"height: 75px;width: 492.667px\" colspan=\"2\"><a href=\"mailto:Veronique.Vitry@umons.ac.be\">V\u00e9ronique VITRY<\/a><\/td>\n<\/tr>\n<tr style=\"height: 52px\">\n<td style=\"height: 52px;width: 204px\">\u00c9lectricit\u00e9<\/td>\n<td style=\"height: 52px;width: 492.667px\" colspan=\"2\"><a href=\"mailto:Marc.WUILPART@umons.ac.be\">Marc WUILPART<\/a><\/td>\n<\/tr>\n<tr>\n<td style=\"width: 204px\">Energie<\/td>\n<td style=\"width: 492.667px\" colspan=\"2\"><a href=\"mailto:Veronique.Vitry@umons.ac.be\">V\u00e9ronique VITRY<\/a><\/td>\n<\/tr>\n<tr style=\"height: 52px\">\n<td style=\"height: 52px;width: 204px\">Informatique et gestion<\/td>\n<td style=\"height: 52px\" colspan=\"2\"><a href=\"mailto:Said.MAHMOUDI@umons.ac.be\">Sa\u00efd MAHMOUDI<\/a><\/td>\n<\/tr>\n<tr style=\"height: 52px\">\n<td style=\"height: 52px;width: 204px\">M\u00e9canique<\/td>\n<td style=\"height: 52px;width: 492.667px\" colspan=\"2\"><a href=\"mailto:Georges.KOUROUSSIS@umons.ac.be\">Georges KOUROUSSIS<\/a><\/td>\n<\/tr>\n<tr style=\"height: 52px\">\n<td style=\"height: 52px;width: 204px\">Mines et g\u00e9ologie<\/td>\n<td style=\"height: 52px;width: 492.667px\" colspan=\"2\"><a href=\"mailto:Philippe.ANCIA@umons.ac.be\">Philippe ANCIA<\/a><\/td>\n<\/tr>\n<tr style=\"height: 52px\">\n<td style=\"height: 52px;width: 696.667px\" colspan=\"3\"><\/td>\n<\/tr>\n<tr>\n<td style=\"width: 204px\"><strong>R\u00e9seau T.I.M.E. &#8211; Double dipl\u00f4mes et conventions<\/strong><\/td>\n<td style=\"width: 492.667px\" colspan=\"2\"><a href=\"mailto:pierre.dehombreux@umons.ac.be\">Pierre DEHOMBREUX<\/a><\/td>\n<\/tr>\n<tr style=\"height: 75px\">\n<td style=\"height: 75px;width: 204px\"><strong>Questions\u00a0<\/strong><strong>administratives<\/strong><\/td>\n<td style=\"height: 75px\" colspan=\"2\"><a href=\"mailto:Veronique.VANRENTERGHEM@umons.ac.be\">V\u00e9ronique VAN RENTERGHEM<\/a><\/td>\n<\/tr>\n<\/tbody>\n<\/table>\n<h6>Service des relations internationales de l\u2019UMONS<\/h6>\n<p><a href=\"https:\/\/web.umons.ac.be\/fr\/international\/contact\/\">Contacter le SRI<\/a><\/p>\n","protected":false},"excerpt":{"rendered":"<p>Facult\u00e9 Polytechnique Repr\u00e9sentant mobilit\u00e9\u00a0de \u00ab\u00a0sp\u00e9cialit\u00e9\u00a0\u00bb\/COMDIP Bachelier Bachelier Georges KOUROUSSIS Master Architecture Laurent VAN PARYS Chimie \/ Science des Mat\u00e9riaux V\u00e9ronique VITRY \u00c9lectricit\u00e9 Marc WUILPART Energie V\u00e9ronique VITRY Informatique et gestion Sa\u00efd MAHMOUDI M\u00e9canique Georges KOUROUSSIS Mines et g\u00e9ologie Philippe ANCIA R\u00e9seau T.I.M.E. &#8211; Double dipl\u00f4mes et conventions Pierre DEHOMBREUX Questions\u00a0administratives V\u00e9ronique VAN RENTERGHEM Service des [&hellip;]<\/p>\n","protected":false},"author":2,"featured_media":0,"parent":1091,"menu_order":11,"comment_status":"closed","ping_status":"closed","template":"","meta":{"footnotes":""},"class_list":["post-1123","page","type-page","status-publish","hentry"],"yoast_head":"<!-- This site is optimized with the Yoast SEO plugin v27.2 - https:\/\/yoast.com\/product\/yoast-seo-wordpress\/ -->\n<title>Contacts - Facult\u00e9 \/ FPMS<\/title>\n<meta name=\"robots\" content=\"index, follow, max-snippet:-1, max-image-preview:large, max-video-preview:-1\" \/>\n<link rel=\"canonical\" href=\"https:\/\/web.umons.ac.be\/fpms\/fr\/mobilite-etudiante\/venir-en-mobilite-in\/contacts\/\" \/>\n<meta property=\"og:locale\" content=\"fr_FR\" \/>\n<meta property=\"og:type\" content=\"article\" \/>\n<meta property=\"og:title\" content=\"Contacts - Facult\u00e9 \/ FPMS\" \/>\n<meta property=\"og:description\" content=\"Facult\u00e9 Polytechnique Repr\u00e9sentant mobilit\u00e9\u00a0de \u00ab\u00a0sp\u00e9cialit\u00e9\u00a0\u00bb\/COMDIP Bachelier Bachelier Georges KOUROUSSIS Master Architecture Laurent VAN PARYS Chimie \/ Science des Mat\u00e9riaux V\u00e9ronique VITRY \u00c9lectricit\u00e9 Marc WUILPART Energie V\u00e9ronique VITRY Informatique et gestion Sa\u00efd MAHMOUDI M\u00e9canique Georges KOUROUSSIS Mines et g\u00e9ologie Philippe ANCIA R\u00e9seau T.I.M.E. &#8211; Double dipl\u00f4mes et conventions Pierre DEHOMBREUX Questions\u00a0administratives V\u00e9ronique VAN RENTERGHEM Service des [&hellip;]\" \/>\n<meta property=\"og:url\" content=\"https:\/\/web.umons.ac.be\/fpms\/fr\/mobilite-etudiante\/venir-en-mobilite-in\/contacts\/\" \/>\n<meta property=\"og:site_name\" content=\"Facult\u00e9 \/ FPMS\" \/>\n<meta property=\"article:modified_time\" content=\"2024-03-19T09:24:32+00:00\" \/>\n<meta name=\"twitter:card\" content=\"summary_large_image\" \/>\n<meta name=\"twitter:label1\" content=\"Dur\u00e9e de lecture estim\u00e9e\" \/>\n\t<meta name=\"twitter:data1\" content=\"1 minute\" \/>\n<script type=\"application\/ld+json\" class=\"yoast-schema-graph\">{\"@context\":\"https:\/\/schema.org\",\"@graph\":[{\"@type\":\"WebPage\",\"@id\":\"https:\/\/web.umons.ac.be\/fpms\/fr\/mobilite-etudiante\/venir-en-mobilite-in\/contacts\/\",\"url\":\"https:\/\/web.umons.ac.be\/fpms\/fr\/mobilite-etudiante\/venir-en-mobilite-in\/contacts\/\",\"name\":\"Contacts - Facult\u00e9 \/ FPMS\",\"isPartOf\":{\"@id\":\"https:\/\/web.umons.ac.be\/fpms\/#website\"},\"datePublished\":\"2019-01-09T15:42:52+00:00\",\"dateModified\":\"2024-03-19T09:24:32+00:00\",\"breadcrumb\":{\"@id\":\"https:\/\/web.umons.ac.be\/fpms\/fr\/mobilite-etudiante\/venir-en-mobilite-in\/contacts\/#breadcrumb\"},\"inLanguage\":\"fr-FR\",\"potentialAction\":[{\"@type\":\"ReadAction\",\"target\":[\"https:\/\/web.umons.ac.be\/fpms\/fr\/mobilite-etudiante\/venir-en-mobilite-in\/contacts\/\"]}]},{\"@type\":\"BreadcrumbList\",\"@id\":\"https:\/\/web.umons.ac.be\/fpms\/fr\/mobilite-etudiante\/venir-en-mobilite-in\/contacts\/#breadcrumb\",\"itemListElement\":[{\"@type\":\"ListItem\",\"position\":1,\"name\":\"Accueil\",\"item\":\"https:\/\/web.umons.ac.be\/fpms\/fr\/\"},{\"@type\":\"ListItem\",\"position\":2,\"name\":\"Mobilit\u00e9 \u00e9tudiante &#8211; International\",\"item\":\"https:\/\/web.umons.ac.be\/fpms\/fr\/mobilite-etudiante\/\"},{\"@type\":\"ListItem\",\"position\":3,\"name\":\"Venir en mobilit\u00e9 IN\",\"item\":\"https:\/\/web.umons.ac.be\/fpms\/fr\/mobilite-etudiante\/venir-en-mobilite-in\/\"},{\"@type\":\"ListItem\",\"position\":4,\"name\":\"Contacts\"}]},{\"@type\":\"WebSite\",\"@id\":\"https:\/\/web.umons.ac.be\/fpms\/#website\",\"url\":\"https:\/\/web.umons.ac.be\/fpms\/\",\"name\":\"Facult\u00e9 \/ FPMS\",\"description\":\"Un site utilisant Universit\u00e9 de Mons \u2013 UMONS\",\"potentialAction\":[{\"@type\":\"SearchAction\",\"target\":{\"@type\":\"EntryPoint\",\"urlTemplate\":\"https:\/\/web.umons.ac.be\/fpms\/?s={search_term_string}\"},\"query-input\":{\"@type\":\"PropertyValueSpecification\",\"valueRequired\":true,\"valueName\":\"search_term_string\"}}],\"inLanguage\":\"fr-FR\"}]}<\/script>\n<!-- \/ Yoast SEO plugin. -->","yoast_head_json":{"title":"Contacts - Facult\u00e9 \/ FPMS","robots":{"index":"index","follow":"follow","max-snippet":"max-snippet:-1","max-image-preview":"max-image-preview:large","max-video-preview":"max-video-preview:-1"},"canonical":"https:\/\/web.umons.ac.be\/fpms\/fr\/mobilite-etudiante\/venir-en-mobilite-in\/contacts\/","og_locale":"fr_FR","og_type":"article","og_title":"Contacts - Facult\u00e9 \/ FPMS","og_description":"Facult\u00e9 Polytechnique Repr\u00e9sentant mobilit\u00e9\u00a0de \u00ab\u00a0sp\u00e9cialit\u00e9\u00a0\u00bb\/COMDIP Bachelier Bachelier Georges KOUROUSSIS Master Architecture Laurent VAN PARYS Chimie \/ Science des Mat\u00e9riaux V\u00e9ronique VITRY \u00c9lectricit\u00e9 Marc WUILPART Energie V\u00e9ronique VITRY Informatique et gestion Sa\u00efd MAHMOUDI M\u00e9canique Georges KOUROUSSIS Mines et g\u00e9ologie Philippe ANCIA R\u00e9seau T.I.M.E. &#8211; Double dipl\u00f4mes et conventions Pierre DEHOMBREUX Questions\u00a0administratives V\u00e9ronique VAN RENTERGHEM Service des [&hellip;]","og_url":"https:\/\/web.umons.ac.be\/fpms\/fr\/mobilite-etudiante\/venir-en-mobilite-in\/contacts\/","og_site_name":"Facult\u00e9 \/ FPMS","article_modified_time":"2024-03-19T09:24:32+00:00","twitter_card":"summary_large_image","twitter_misc":{"Dur\u00e9e de lecture estim\u00e9e":"1 minute"},"schema":{"@context":"https:\/\/schema.org","@graph":[{"@type":"WebPage","@id":"https:\/\/web.umons.ac.be\/fpms\/fr\/mobilite-etudiante\/venir-en-mobilite-in\/contacts\/","url":"https:\/\/web.umons.ac.be\/fpms\/fr\/mobilite-etudiante\/venir-en-mobilite-in\/contacts\/","name":"Contacts - Facult\u00e9 \/ FPMS","isPartOf":{"@id":"https:\/\/web.umons.ac.be\/fpms\/#website"},"datePublished":"2019-01-09T15:42:52+00:00","dateModified":"2024-03-19T09:24:32+00:00","breadcrumb":{"@id":"https:\/\/web.umons.ac.be\/fpms\/fr\/mobilite-etudiante\/venir-en-mobilite-in\/contacts\/#breadcrumb"},"inLanguage":"fr-FR","potentialAction":[{"@type":"ReadAction","target":["https:\/\/web.umons.ac.be\/fpms\/fr\/mobilite-etudiante\/venir-en-mobilite-in\/contacts\/"]}]},{"@type":"BreadcrumbList","@id":"https:\/\/web.umons.ac.be\/fpms\/fr\/mobilite-etudiante\/venir-en-mobilite-in\/contacts\/#breadcrumb","itemListElement":[{"@type":"ListItem","position":1,"name":"Accueil","item":"https:\/\/web.umons.ac.be\/fpms\/fr\/"},{"@type":"ListItem","position":2,"name":"Mobilit\u00e9 \u00e9tudiante &#8211; International","item":"https:\/\/web.umons.ac.be\/fpms\/fr\/mobilite-etudiante\/"},{"@type":"ListItem","position":3,"name":"Venir en mobilit\u00e9 IN","item":"https:\/\/web.umons.ac.be\/fpms\/fr\/mobilite-etudiante\/venir-en-mobilite-in\/"},{"@type":"ListItem","position":4,"name":"Contacts"}]},{"@type":"WebSite","@id":"https:\/\/web.umons.ac.be\/fpms\/#website","url":"https:\/\/web.umons.ac.be\/fpms\/","name":"Facult\u00e9 \/ FPMS","description":"Un site utilisant Universit\u00e9 de Mons \u2013 UMONS","potentialAction":[{"@type":"SearchAction","target":{"@type":"EntryPoint","urlTemplate":"https:\/\/web.umons.ac.be\/fpms\/?s={search_term_string}"},"query-input":{"@type":"PropertyValueSpecification","valueRequired":true,"valueName":"search_term_string"}}],"inLanguage":"fr-FR"}]}},"lang":"fr","translations":{"fr":1123,"en":1354},"pll_sync_post":[],"_links":{"self":[{"href":"https:\/\/web.umons.ac.be\/fpms\/wp-json\/wp\/v2\/pages\/1123","targetHints":{"allow":["GET"]}}],"collection":[{"href":"https:\/\/web.umons.ac.be\/fpms\/wp-json\/wp\/v2\/pages"}],"about":[{"href":"https:\/\/web.umons.ac.be\/fpms\/wp-json\/wp\/v2\/types\/page"}],"author":[{"embeddable":true,"href":"https:\/\/web.umons.ac.be\/fpms\/wp-json\/wp\/v2\/users\/2"}],"replies":[{"embeddable":true,"href":"https:\/\/web.umons.ac.be\/fpms\/wp-json\/wp\/v2\/comments?post=1123"}],"version-history":[{"count":3,"href":"https:\/\/web.umons.ac.be\/fpms\/wp-json\/wp\/v2\/pages\/1123\/revisions"}],"predecessor-version":[{"id":2894,"href":"https:\/\/web.umons.ac.be\/fpms\/wp-json\/wp\/v2\/pages\/1123\/revisions\/2894"}],"up":[{"embeddable":true,"href":"https:\/\/web.umons.ac.be\/fpms\/wp-json\/wp\/v2\/pages\/1091"}],"wp:attachment":[{"href":"https:\/\/web.umons.ac.be\/fpms\/wp-json\/wp\/v2\/media?parent=1123"}],"curies":[{"name":"wp","href":"https:\/\/api.w.org\/{rel}","templated":true}]}}