{"id":1239,"date":"2019-05-07T10:30:02","date_gmt":"2019-05-07T08:30:02","guid":{"rendered":"https:\/\/web.umons.ac.be\/fpms\/?page_id=1239"},"modified":"2021-08-16T16:49:06","modified_gmt":"2021-08-16T14:49:06","slug":"engup","status":"publish","type":"page","link":"https:\/\/web.umons.ac.be\/fpms\/fr\/bienvenue-a-la-polytech\/engup\/","title":{"rendered":"ENG&rsquo;UP : : un environnement de formation et d\u2019accompagnement pour \u201cCr\u00e9er et se Cr\u00e9er\u201d"},"content":{"rendered":"<p><strong>ENG\u2019UP<sup>\u00a9 <\/sup>\u00ab Cr\u00e9er et se Cr\u00e9er \u00bb<\/strong>, est un environnement de formation qui accompagne les \u00e9tudiants de Polytech Mons dans l\u2019acquisition progressive de leurs comp\u00e9tences.<\/p>\n<ul>\n<li><strong>Cr\u00e9er<\/strong>, parce que ce dispositif vise \u00e0 ce que nos \u00e9tudiants acqui\u00e8rent progressivement les comp\u00e9tences scientifiques, techniques et transversales indispensables \u00e0 l\u2019exercice de leur futur m\u00e9tier.<\/li>\n<li><strong>Se cr\u00e9er<\/strong>, parce que cet environnement doit \u00e9galement leur permettre d\u2019agir demain, en tant qu\u2019Ing\u00e9nieurs cr\u00e9ateurs de valeur, \u00e9thiquement responsables, conscients des enjeux, et personnellement \u00e9panouis.<\/li>\n<\/ul>\n<p><strong>Un environnement&#8230; <\/strong><\/p>\n<p>Les \u00e9tudiants travaillent, dans un r\u00e9el climat de confiance, avec les enseignants. Ceux-ci les accompagnent pour structurer l\u2019acquisition de comp\u00e9tences et d\u00e9velopper progressivement l\u2019autonomie.<\/p>\n<p><strong>Un accompagnement&#8230; <\/strong><\/p>\n<p>Au fil des cinq ann\u00e9es de formation, la p\u00e9dagogie se veut r\u00e9solument active et les contacts avec le monde de l\u2019entreprise, omnipr\u00e9sents.<\/p>\n<p><a href=\"https:\/\/web.umons.ac.be\/app\/uploads\/sites\/6\/2019\/10\/ENGUP_visuel_PASAGE_PN.jpg\"><img loading=\"lazy\" decoding=\"async\" class=\"aligncenter wp-image-1410 size-large\" src=\"https:\/\/web.umons.ac.be\/app\/uploads\/sites\/6\/2019\/10\/ENGUP_visuel_PASAGE_PN-1024x724.jpg\" alt=\"\" width=\"1024\" height=\"724\" srcset=\"https:\/\/web.umons.ac.be\/app\/uploads\/sites\/6\/2019\/10\/ENGUP_visuel_PASAGE_PN-1024x724.jpg 1024w, https:\/\/web.umons.ac.be\/app\/uploads\/sites\/6\/2019\/10\/ENGUP_visuel_PASAGE_PN-300x212.jpg 300w, https:\/\/web.umons.ac.be\/app\/uploads\/sites\/6\/2019\/10\/ENGUP_visuel_PASAGE_PN-768x543.jpg 768w, https:\/\/web.umons.ac.be\/app\/uploads\/sites\/6\/2019\/10\/ENGUP_visuel_PASAGE_PN-934x660.jpg 934w, https:\/\/web.umons.ac.be\/app\/uploads\/sites\/6\/2019\/10\/ENGUP_visuel_PASAGE_PN-30x21.jpg 30w, https:\/\/web.umons.ac.be\/app\/uploads\/sites\/6\/2019\/10\/ENGUP_visuel_PASAGE_PN-60x42.jpg 60w, https:\/\/web.umons.ac.be\/app\/uploads\/sites\/6\/2019\/10\/ENGUP_visuel_PASAGE_PN-360x255.jpg 360w\" sizes=\"auto, (max-width: 1024px) 100vw, 1024px\" \/><\/a><\/p>\n<p>La d\u00e9marche <strong>ENG\u2019UP \u00a9 <\/strong>permet aux \u00e9tudiants d\u2019acqu\u00e9rir, non seulement des comp\u00e9tences scientifiques et technologiques de pointe, mais aussi de stimuler leur r\u00e9flexion sur le m\u00e9tier d\u2019Ing\u00e9nieur et sur leur projet professionnel personnel. Cette r\u00e9flexion se concr\u00e9tise notam\u00adment par la r\u00e9alisation d\u2019un portfolio initi\u00e9 d\u00e8s la premi\u00e8re ann\u00e9e et qui ac\u00adcompagne le futur Ing\u00e9nieur tout au long de son cursus.<\/p>\n<p>Des rencontres avec des Ing\u00e9nieurs en activit\u00e9, qui t\u00e9moignent de leur m\u00e9tier, sont orga\u00adnis\u00e9es d\u00e8s les premi\u00e8res semaines de cours en 1\u00e8re Bachelier et sont maintenues tout au long du cursus. Apr\u00e8s avoir \u00e9t\u00e9 amen\u00e9s \u00e0 r\u00e9fl\u00e9chir sur le m\u00e9tier d\u2019Ing\u00e9nieur et ses dif\u00adf\u00e9rentes sp\u00e9cialisations les \u00e9tudiants sont \u00e9galement interpell\u00e9s sur la dimension citoyenne de leur profes\u00adsion. Au fil des cinq ann\u00e9es de forma\u00adtion, la p\u00e9dagogie se veut r\u00e9solument active, en contact avec le monde de l\u2019entreprise et ouverte \u00e0 l\u2019internatio\u00adnal.<\/p>\n<p>Ces activit\u00e9s et cette d\u00e9marche, re\u00adgroup\u00e9es sous l\u2019acronyme ENG\u2019UP \u00a9, poussent chaque \u00e9tudiant \u00e0 s\u2019interro\u00adger sur sa future vie professionnelle et accompagnent progressivement sa transformation en Ing\u00e9nieur cr\u00e9a\u00adteur de valeur, \u00e9panoui et respon\u00adsable.<\/p>\n<p><a href=\"https:\/\/web.umons.ac.be\/app\/uploads\/sites\/6\/2021\/08\/Article-Polytech_References.jpg\" target=\"_blank\" rel=\"noopener noreferrer\"><img loading=\"lazy\" decoding=\"async\" class=\"aligncenter wp-image-1889 size-large\" src=\"https:\/\/web.umons.ac.be\/app\/uploads\/sites\/6\/2021\/08\/Article-Polytech_References-1024x724.jpg\" alt=\"\" width=\"1024\" height=\"724\" srcset=\"https:\/\/web.umons.ac.be\/app\/uploads\/sites\/6\/2021\/08\/Article-Polytech_References-1024x724.jpg 1024w, https:\/\/web.umons.ac.be\/app\/uploads\/sites\/6\/2021\/08\/Article-Polytech_References-300x212.jpg 300w, https:\/\/web.umons.ac.be\/app\/uploads\/sites\/6\/2021\/08\/Article-Polytech_References-768x543.jpg 768w, https:\/\/web.umons.ac.be\/app\/uploads\/sites\/6\/2021\/08\/Article-Polytech_References-934x660.jpg 934w, https:\/\/web.umons.ac.be\/app\/uploads\/sites\/6\/2021\/08\/Article-Polytech_References-30x21.jpg 30w, https:\/\/web.umons.ac.be\/app\/uploads\/sites\/6\/2021\/08\/Article-Polytech_References-60x42.jpg 60w, https:\/\/web.umons.ac.be\/app\/uploads\/sites\/6\/2021\/08\/Article-Polytech_References-360x254.jpg 360w, https:\/\/web.umons.ac.be\/app\/uploads\/sites\/6\/2021\/08\/Article-Polytech_References.jpg 1392w\" sizes=\"auto, (max-width: 1024px) 100vw, 1024px\" \/><\/a><\/p>\n","protected":false},"excerpt":{"rendered":"<p>ENG\u2019UP\u00a9 \u00ab Cr\u00e9er et se Cr\u00e9er \u00bb, est un environnement de formation qui accompagne les \u00e9tudiants de Polytech Mons dans l\u2019acquisition progressive de leurs comp\u00e9tences. Cr\u00e9er, parce que ce dispositif vise \u00e0 ce que nos \u00e9tudiants acqui\u00e8rent progressivement les comp\u00e9tences scientifiques, techniques et transversales indispensables \u00e0 l\u2019exercice de leur futur m\u00e9tier. Se cr\u00e9er, parce que [&hellip;]<\/p>\n","protected":false},"author":2,"featured_media":0,"parent":100,"menu_order":4,"comment_status":"closed","ping_status":"closed","template":"","meta":{"footnotes":""},"class_list":["post-1239","page","type-page","status-publish","hentry"],"yoast_head":"<!-- This site is optimized with the Yoast SEO plugin v27.2 - https:\/\/yoast.com\/product\/yoast-seo-wordpress\/ -->\n<title>ENG&#039;UP : : un environnement de formation et d\u2019accompagnement pour \u201cCr\u00e9er et se Cr\u00e9er\u201d - Facult\u00e9 \/ FPMS<\/title>\n<meta name=\"robots\" content=\"index, follow, max-snippet:-1, max-image-preview:large, max-video-preview:-1\" \/>\n<link rel=\"canonical\" href=\"https:\/\/web.umons.ac.be\/fpms\/fr\/bienvenue-a-la-polytech\/engup\/\" \/>\n<meta property=\"og:locale\" content=\"fr_FR\" \/>\n<meta property=\"og:type\" content=\"article\" \/>\n<meta property=\"og:title\" content=\"ENG&#039;UP : : un environnement de formation et d\u2019accompagnement pour \u201cCr\u00e9er et se Cr\u00e9er\u201d - Facult\u00e9 \/ FPMS\" \/>\n<meta property=\"og:description\" content=\"ENG\u2019UP\u00a9 \u00ab Cr\u00e9er et se Cr\u00e9er \u00bb, est un environnement de formation qui accompagne les \u00e9tudiants de Polytech Mons dans l\u2019acquisition progressive de leurs comp\u00e9tences. Cr\u00e9er, parce que ce dispositif vise \u00e0 ce que nos \u00e9tudiants acqui\u00e8rent progressivement les comp\u00e9tences scientifiques, techniques et transversales indispensables \u00e0 l\u2019exercice de leur futur m\u00e9tier. Se cr\u00e9er, parce que [&hellip;]\" \/>\n<meta property=\"og:url\" content=\"https:\/\/web.umons.ac.be\/fpms\/fr\/bienvenue-a-la-polytech\/engup\/\" \/>\n<meta property=\"og:site_name\" content=\"Facult\u00e9 \/ FPMS\" \/>\n<meta property=\"article:modified_time\" content=\"2021-08-16T14:49:06+00:00\" \/>\n<meta property=\"og:image\" content=\"https:\/\/web.umons.ac.be\/app\/uploads\/sites\/6\/2019\/10\/ENGUP_visuel_PASAGE_PN-1024x724.jpg\" \/>\n<meta name=\"twitter:card\" content=\"summary_large_image\" \/>\n<meta name=\"twitter:label1\" content=\"Dur\u00e9e de lecture estim\u00e9e\" \/>\n\t<meta name=\"twitter:data1\" content=\"2 minutes\" \/>\n<script type=\"application\/ld+json\" class=\"yoast-schema-graph\">{\"@context\":\"https:\/\/schema.org\",\"@graph\":[{\"@type\":\"WebPage\",\"@id\":\"https:\/\/web.umons.ac.be\/fpms\/fr\/bienvenue-a-la-polytech\/engup\/\",\"url\":\"https:\/\/web.umons.ac.be\/fpms\/fr\/bienvenue-a-la-polytech\/engup\/\",\"name\":\"ENG'UP : : un environnement de formation et d\u2019accompagnement pour \u201cCr\u00e9er et se Cr\u00e9er\u201d - Facult\u00e9 \/ FPMS\",\"isPartOf\":{\"@id\":\"https:\/\/web.umons.ac.be\/fpms\/#website\"},\"primaryImageOfPage\":{\"@id\":\"https:\/\/web.umons.ac.be\/fpms\/fr\/bienvenue-a-la-polytech\/engup\/#primaryimage\"},\"image\":{\"@id\":\"https:\/\/web.umons.ac.be\/fpms\/fr\/bienvenue-a-la-polytech\/engup\/#primaryimage\"},\"thumbnailUrl\":\"https:\/\/web.umons.ac.be\/app\/uploads\/sites\/6\/2019\/10\/ENGUP_visuel_PASAGE_PN-1024x724.jpg\",\"datePublished\":\"2019-05-07T08:30:02+00:00\",\"dateModified\":\"2021-08-16T14:49:06+00:00\",\"breadcrumb\":{\"@id\":\"https:\/\/web.umons.ac.be\/fpms\/fr\/bienvenue-a-la-polytech\/engup\/#breadcrumb\"},\"inLanguage\":\"fr-FR\",\"potentialAction\":[{\"@type\":\"ReadAction\",\"target\":[\"https:\/\/web.umons.ac.be\/fpms\/fr\/bienvenue-a-la-polytech\/engup\/\"]}]},{\"@type\":\"ImageObject\",\"inLanguage\":\"fr-FR\",\"@id\":\"https:\/\/web.umons.ac.be\/fpms\/fr\/bienvenue-a-la-polytech\/engup\/#primaryimage\",\"url\":\"https:\/\/web.umons.ac.be\/app\/uploads\/sites\/6\/2019\/10\/ENGUP_visuel_PASAGE_PN-1024x724.jpg\",\"contentUrl\":\"https:\/\/web.umons.ac.be\/app\/uploads\/sites\/6\/2019\/10\/ENGUP_visuel_PASAGE_PN-1024x724.jpg\"},{\"@type\":\"BreadcrumbList\",\"@id\":\"https:\/\/web.umons.ac.be\/fpms\/fr\/bienvenue-a-la-polytech\/engup\/#breadcrumb\",\"itemListElement\":[{\"@type\":\"ListItem\",\"position\":1,\"name\":\"Accueil\",\"item\":\"https:\/\/web.umons.ac.be\/fpms\/fr\/\"},{\"@type\":\"ListItem\",\"position\":2,\"name\":\"Bienvenue \u00e0 la Polytech\",\"item\":\"https:\/\/web.umons.ac.be\/fpms\/fr\/bienvenue-a-la-polytech\/\"},{\"@type\":\"ListItem\",\"position\":3,\"name\":\"ENG&rsquo;UP : : un environnement de formation et d\u2019accompagnement pour \u201cCr\u00e9er et se Cr\u00e9er\u201d\"}]},{\"@type\":\"WebSite\",\"@id\":\"https:\/\/web.umons.ac.be\/fpms\/#website\",\"url\":\"https:\/\/web.umons.ac.be\/fpms\/\",\"name\":\"Facult\u00e9 \/ FPMS\",\"description\":\"Un site utilisant Universit\u00e9 de Mons \u2013 UMONS\",\"potentialAction\":[{\"@type\":\"SearchAction\",\"target\":{\"@type\":\"EntryPoint\",\"urlTemplate\":\"https:\/\/web.umons.ac.be\/fpms\/?s={search_term_string}\"},\"query-input\":{\"@type\":\"PropertyValueSpecification\",\"valueRequired\":true,\"valueName\":\"search_term_string\"}}],\"inLanguage\":\"fr-FR\"}]}<\/script>\n<!-- \/ Yoast SEO plugin. -->","yoast_head_json":{"title":"ENG'UP : : un environnement de formation et d\u2019accompagnement pour \u201cCr\u00e9er et se Cr\u00e9er\u201d - Facult\u00e9 \/ FPMS","robots":{"index":"index","follow":"follow","max-snippet":"max-snippet:-1","max-image-preview":"max-image-preview:large","max-video-preview":"max-video-preview:-1"},"canonical":"https:\/\/web.umons.ac.be\/fpms\/fr\/bienvenue-a-la-polytech\/engup\/","og_locale":"fr_FR","og_type":"article","og_title":"ENG'UP : : un environnement de formation et d\u2019accompagnement pour \u201cCr\u00e9er et se Cr\u00e9er\u201d - Facult\u00e9 \/ FPMS","og_description":"ENG\u2019UP\u00a9 \u00ab Cr\u00e9er et se Cr\u00e9er \u00bb, est un environnement de formation qui accompagne les \u00e9tudiants de Polytech Mons dans l\u2019acquisition progressive de leurs comp\u00e9tences. Cr\u00e9er, parce que ce dispositif vise \u00e0 ce que nos \u00e9tudiants acqui\u00e8rent progressivement les comp\u00e9tences scientifiques, techniques et transversales indispensables \u00e0 l\u2019exercice de leur futur m\u00e9tier. Se cr\u00e9er, parce que [&hellip;]","og_url":"https:\/\/web.umons.ac.be\/fpms\/fr\/bienvenue-a-la-polytech\/engup\/","og_site_name":"Facult\u00e9 \/ FPMS","article_modified_time":"2021-08-16T14:49:06+00:00","og_image":[{"url":"https:\/\/web.umons.ac.be\/app\/uploads\/sites\/6\/2019\/10\/ENGUP_visuel_PASAGE_PN-1024x724.jpg","type":"","width":"","height":""}],"twitter_card":"summary_large_image","twitter_misc":{"Dur\u00e9e de lecture estim\u00e9e":"2 minutes"},"schema":{"@context":"https:\/\/schema.org","@graph":[{"@type":"WebPage","@id":"https:\/\/web.umons.ac.be\/fpms\/fr\/bienvenue-a-la-polytech\/engup\/","url":"https:\/\/web.umons.ac.be\/fpms\/fr\/bienvenue-a-la-polytech\/engup\/","name":"ENG'UP : : un environnement de formation et d\u2019accompagnement pour \u201cCr\u00e9er et se Cr\u00e9er\u201d - Facult\u00e9 \/ FPMS","isPartOf":{"@id":"https:\/\/web.umons.ac.be\/fpms\/#website"},"primaryImageOfPage":{"@id":"https:\/\/web.umons.ac.be\/fpms\/fr\/bienvenue-a-la-polytech\/engup\/#primaryimage"},"image":{"@id":"https:\/\/web.umons.ac.be\/fpms\/fr\/bienvenue-a-la-polytech\/engup\/#primaryimage"},"thumbnailUrl":"https:\/\/web.umons.ac.be\/app\/uploads\/sites\/6\/2019\/10\/ENGUP_visuel_PASAGE_PN-1024x724.jpg","datePublished":"2019-05-07T08:30:02+00:00","dateModified":"2021-08-16T14:49:06+00:00","breadcrumb":{"@id":"https:\/\/web.umons.ac.be\/fpms\/fr\/bienvenue-a-la-polytech\/engup\/#breadcrumb"},"inLanguage":"fr-FR","potentialAction":[{"@type":"ReadAction","target":["https:\/\/web.umons.ac.be\/fpms\/fr\/bienvenue-a-la-polytech\/engup\/"]}]},{"@type":"ImageObject","inLanguage":"fr-FR","@id":"https:\/\/web.umons.ac.be\/fpms\/fr\/bienvenue-a-la-polytech\/engup\/#primaryimage","url":"https:\/\/web.umons.ac.be\/app\/uploads\/sites\/6\/2019\/10\/ENGUP_visuel_PASAGE_PN-1024x724.jpg","contentUrl":"https:\/\/web.umons.ac.be\/app\/uploads\/sites\/6\/2019\/10\/ENGUP_visuel_PASAGE_PN-1024x724.jpg"},{"@type":"BreadcrumbList","@id":"https:\/\/web.umons.ac.be\/fpms\/fr\/bienvenue-a-la-polytech\/engup\/#breadcrumb","itemListElement":[{"@type":"ListItem","position":1,"name":"Accueil","item":"https:\/\/web.umons.ac.be\/fpms\/fr\/"},{"@type":"ListItem","position":2,"name":"Bienvenue \u00e0 la Polytech","item":"https:\/\/web.umons.ac.be\/fpms\/fr\/bienvenue-a-la-polytech\/"},{"@type":"ListItem","position":3,"name":"ENG&rsquo;UP : : un environnement de formation et d\u2019accompagnement pour \u201cCr\u00e9er et se Cr\u00e9er\u201d"}]},{"@type":"WebSite","@id":"https:\/\/web.umons.ac.be\/fpms\/#website","url":"https:\/\/web.umons.ac.be\/fpms\/","name":"Facult\u00e9 \/ FPMS","description":"Un site utilisant Universit\u00e9 de Mons \u2013 UMONS","potentialAction":[{"@type":"SearchAction","target":{"@type":"EntryPoint","urlTemplate":"https:\/\/web.umons.ac.be\/fpms\/?s={search_term_string}"},"query-input":{"@type":"PropertyValueSpecification","valueRequired":true,"valueName":"search_term_string"}}],"inLanguage":"fr-FR"}]}},"lang":"fr","translations":{"fr":1239},"pll_sync_post":[],"_links":{"self":[{"href":"https:\/\/web.umons.ac.be\/fpms\/wp-json\/wp\/v2\/pages\/1239","targetHints":{"allow":["GET"]}}],"collection":[{"href":"https:\/\/web.umons.ac.be\/fpms\/wp-json\/wp\/v2\/pages"}],"about":[{"href":"https:\/\/web.umons.ac.be\/fpms\/wp-json\/wp\/v2\/types\/page"}],"author":[{"embeddable":true,"href":"https:\/\/web.umons.ac.be\/fpms\/wp-json\/wp\/v2\/users\/2"}],"replies":[{"embeddable":true,"href":"https:\/\/web.umons.ac.be\/fpms\/wp-json\/wp\/v2\/comments?post=1239"}],"version-history":[{"count":12,"href":"https:\/\/web.umons.ac.be\/fpms\/wp-json\/wp\/v2\/pages\/1239\/revisions"}],"predecessor-version":[{"id":1890,"href":"https:\/\/web.umons.ac.be\/fpms\/wp-json\/wp\/v2\/pages\/1239\/revisions\/1890"}],"up":[{"embeddable":true,"href":"https:\/\/web.umons.ac.be\/fpms\/wp-json\/wp\/v2\/pages\/100"}],"wp:attachment":[{"href":"https:\/\/web.umons.ac.be\/fpms\/wp-json\/wp\/v2\/media?parent=1239"}],"curies":[{"name":"wp","href":"https:\/\/api.w.org\/{rel}","templated":true}]}}