{"id":1246,"date":"2019-05-07T10:43:50","date_gmt":"2019-05-07T08:43:50","guid":{"rendered":"https:\/\/web.umons.ac.be\/fpms\/?page_id=1246"},"modified":"2019-12-19T07:50:21","modified_gmt":"2019-12-19T06:50:21","slug":"entreprendre-un-doctorat","status":"publish","type":"page","link":"https:\/\/web.umons.ac.be\/fpms\/fr\/bienvenue-a-la-polytech\/debouches\/entreprendre-un-doctorat\/","title":{"rendered":"Entreprendre un Doctorat"},"content":{"rendered":"<p>Apr\u00e8s une formation d\u2019au moins 300 cr\u00e9dits (Bachelier + Master), le jeune Ing\u00e9nieur a la possibilit\u00e9 d\u2019ajouter une plus-value \u00e0 son dipl\u00f4me de Master en Sciences de l\u2019Ing\u00e9nieur en s\u2019inscrivant au Doctorat (180 cr\u00e9dits). Il enrichira sa formation de nouvelles connaissances, plus pointues, dans un domaine de recherche sp\u00e9cifique. Le Doctorat est une formation universitaire de 3\u00e8me cycle ayant pour objectif la formation par la recherche scientifique ; elle conduit au grade acad\u00e9mique de Docteur en Sciences de l\u2019Ing\u00e9nieur, en Art de B\u00e2tir et Urbanisme ou encore en Art et Sciences de l\u2019Art.<\/p>\n<p>Le Doctorat ouvre \u00e0 ceux qui s\u2019y investissent des perspectives de carri\u00e8res passionnantes dans l&rsquo;enseignement universitaire et dans les m\u00e9tiers de la recherche et d\u00e9veloppement, tant dans le secteur priv\u00e9 que public.<\/p>\n","protected":false},"excerpt":{"rendered":"<p>Apr\u00e8s une formation d\u2019au moins 300 cr\u00e9dits (Bachelier + Master), le jeune Ing\u00e9nieur a la possibilit\u00e9 d\u2019ajouter une plus-value \u00e0 son dipl\u00f4me de Master en Sciences de l\u2019Ing\u00e9nieur en s\u2019inscrivant au Doctorat (180 cr\u00e9dits). Il enrichira sa formation de nouvelles connaissances, plus pointues, dans un domaine de recherche sp\u00e9cifique. Le Doctorat est une formation universitaire [&hellip;]<\/p>\n","protected":false},"author":2,"featured_media":0,"parent":249,"menu_order":1,"comment_status":"closed","ping_status":"closed","template":"","meta":{"footnotes":""},"class_list":["post-1246","page","type-page","status-publish","hentry"],"yoast_head":"<!-- This site is optimized with the Yoast SEO plugin v27.2 - https:\/\/yoast.com\/product\/yoast-seo-wordpress\/ -->\n<title>Entreprendre un Doctorat - Facult\u00e9 \/ FPMS<\/title>\n<meta name=\"robots\" content=\"index, follow, max-snippet:-1, max-image-preview:large, max-video-preview:-1\" \/>\n<link rel=\"canonical\" href=\"https:\/\/web.umons.ac.be\/fpms\/fr\/bienvenue-a-la-polytech\/debouches\/entreprendre-un-doctorat\/\" \/>\n<meta property=\"og:locale\" content=\"fr_FR\" \/>\n<meta property=\"og:type\" content=\"article\" \/>\n<meta property=\"og:title\" content=\"Entreprendre un Doctorat - Facult\u00e9 \/ FPMS\" \/>\n<meta property=\"og:description\" content=\"Apr\u00e8s une formation d\u2019au moins 300 cr\u00e9dits (Bachelier + Master), le jeune Ing\u00e9nieur a la possibilit\u00e9 d\u2019ajouter une plus-value \u00e0 son dipl\u00f4me de Master en Sciences de l\u2019Ing\u00e9nieur en s\u2019inscrivant au Doctorat (180 cr\u00e9dits). Il enrichira sa formation de nouvelles connaissances, plus pointues, dans un domaine de recherche sp\u00e9cifique. Le Doctorat est une formation universitaire [&hellip;]\" \/>\n<meta property=\"og:url\" content=\"https:\/\/web.umons.ac.be\/fpms\/fr\/bienvenue-a-la-polytech\/debouches\/entreprendre-un-doctorat\/\" \/>\n<meta property=\"og:site_name\" content=\"Facult\u00e9 \/ FPMS\" \/>\n<meta property=\"article:modified_time\" content=\"2019-12-19T06:50:21+00:00\" \/>\n<meta name=\"twitter:card\" content=\"summary_large_image\" \/>\n<meta name=\"twitter:label1\" content=\"Dur\u00e9e de lecture estim\u00e9e\" \/>\n\t<meta name=\"twitter:data1\" content=\"1 minute\" \/>\n<script type=\"application\/ld+json\" class=\"yoast-schema-graph\">{\"@context\":\"https:\/\/schema.org\",\"@graph\":[{\"@type\":\"WebPage\",\"@id\":\"https:\/\/web.umons.ac.be\/fpms\/fr\/bienvenue-a-la-polytech\/debouches\/entreprendre-un-doctorat\/\",\"url\":\"https:\/\/web.umons.ac.be\/fpms\/fr\/bienvenue-a-la-polytech\/debouches\/entreprendre-un-doctorat\/\",\"name\":\"Entreprendre un Doctorat - Facult\u00e9 \/ FPMS\",\"isPartOf\":{\"@id\":\"https:\/\/web.umons.ac.be\/fpms\/#website\"},\"datePublished\":\"2019-05-07T08:43:50+00:00\",\"dateModified\":\"2019-12-19T06:50:21+00:00\",\"breadcrumb\":{\"@id\":\"https:\/\/web.umons.ac.be\/fpms\/fr\/bienvenue-a-la-polytech\/debouches\/entreprendre-un-doctorat\/#breadcrumb\"},\"inLanguage\":\"fr-FR\",\"potentialAction\":[{\"@type\":\"ReadAction\",\"target\":[\"https:\/\/web.umons.ac.be\/fpms\/fr\/bienvenue-a-la-polytech\/debouches\/entreprendre-un-doctorat\/\"]}]},{\"@type\":\"BreadcrumbList\",\"@id\":\"https:\/\/web.umons.ac.be\/fpms\/fr\/bienvenue-a-la-polytech\/debouches\/entreprendre-un-doctorat\/#breadcrumb\",\"itemListElement\":[{\"@type\":\"ListItem\",\"position\":1,\"name\":\"Accueil\",\"item\":\"https:\/\/web.umons.ac.be\/fpms\/fr\/\"},{\"@type\":\"ListItem\",\"position\":2,\"name\":\"Bienvenue \u00e0 la Polytech\",\"item\":\"https:\/\/web.umons.ac.be\/fpms\/fr\/bienvenue-a-la-polytech\/\"},{\"@type\":\"ListItem\",\"position\":3,\"name\":\"D\u00e9bouch\u00e9s\",\"item\":\"https:\/\/web.umons.ac.be\/fpms\/fr\/bienvenue-a-la-polytech\/debouches\/\"},{\"@type\":\"ListItem\",\"position\":4,\"name\":\"Entreprendre un Doctorat\"}]},{\"@type\":\"WebSite\",\"@id\":\"https:\/\/web.umons.ac.be\/fpms\/#website\",\"url\":\"https:\/\/web.umons.ac.be\/fpms\/\",\"name\":\"Facult\u00e9 \/ FPMS\",\"description\":\"Un site utilisant Universit\u00e9 de Mons \u2013 UMONS\",\"potentialAction\":[{\"@type\":\"SearchAction\",\"target\":{\"@type\":\"EntryPoint\",\"urlTemplate\":\"https:\/\/web.umons.ac.be\/fpms\/?s={search_term_string}\"},\"query-input\":{\"@type\":\"PropertyValueSpecification\",\"valueRequired\":true,\"valueName\":\"search_term_string\"}}],\"inLanguage\":\"fr-FR\"}]}<\/script>\n<!-- \/ Yoast SEO plugin. -->","yoast_head_json":{"title":"Entreprendre un Doctorat - Facult\u00e9 \/ FPMS","robots":{"index":"index","follow":"follow","max-snippet":"max-snippet:-1","max-image-preview":"max-image-preview:large","max-video-preview":"max-video-preview:-1"},"canonical":"https:\/\/web.umons.ac.be\/fpms\/fr\/bienvenue-a-la-polytech\/debouches\/entreprendre-un-doctorat\/","og_locale":"fr_FR","og_type":"article","og_title":"Entreprendre un Doctorat - Facult\u00e9 \/ FPMS","og_description":"Apr\u00e8s une formation d\u2019au moins 300 cr\u00e9dits (Bachelier + Master), le jeune Ing\u00e9nieur a la possibilit\u00e9 d\u2019ajouter une plus-value \u00e0 son dipl\u00f4me de Master en Sciences de l\u2019Ing\u00e9nieur en s\u2019inscrivant au Doctorat (180 cr\u00e9dits). Il enrichira sa formation de nouvelles connaissances, plus pointues, dans un domaine de recherche sp\u00e9cifique. Le Doctorat est une formation universitaire [&hellip;]","og_url":"https:\/\/web.umons.ac.be\/fpms\/fr\/bienvenue-a-la-polytech\/debouches\/entreprendre-un-doctorat\/","og_site_name":"Facult\u00e9 \/ FPMS","article_modified_time":"2019-12-19T06:50:21+00:00","twitter_card":"summary_large_image","twitter_misc":{"Dur\u00e9e de lecture estim\u00e9e":"1 minute"},"schema":{"@context":"https:\/\/schema.org","@graph":[{"@type":"WebPage","@id":"https:\/\/web.umons.ac.be\/fpms\/fr\/bienvenue-a-la-polytech\/debouches\/entreprendre-un-doctorat\/","url":"https:\/\/web.umons.ac.be\/fpms\/fr\/bienvenue-a-la-polytech\/debouches\/entreprendre-un-doctorat\/","name":"Entreprendre un Doctorat - Facult\u00e9 \/ FPMS","isPartOf":{"@id":"https:\/\/web.umons.ac.be\/fpms\/#website"},"datePublished":"2019-05-07T08:43:50+00:00","dateModified":"2019-12-19T06:50:21+00:00","breadcrumb":{"@id":"https:\/\/web.umons.ac.be\/fpms\/fr\/bienvenue-a-la-polytech\/debouches\/entreprendre-un-doctorat\/#breadcrumb"},"inLanguage":"fr-FR","potentialAction":[{"@type":"ReadAction","target":["https:\/\/web.umons.ac.be\/fpms\/fr\/bienvenue-a-la-polytech\/debouches\/entreprendre-un-doctorat\/"]}]},{"@type":"BreadcrumbList","@id":"https:\/\/web.umons.ac.be\/fpms\/fr\/bienvenue-a-la-polytech\/debouches\/entreprendre-un-doctorat\/#breadcrumb","itemListElement":[{"@type":"ListItem","position":1,"name":"Accueil","item":"https:\/\/web.umons.ac.be\/fpms\/fr\/"},{"@type":"ListItem","position":2,"name":"Bienvenue \u00e0 la Polytech","item":"https:\/\/web.umons.ac.be\/fpms\/fr\/bienvenue-a-la-polytech\/"},{"@type":"ListItem","position":3,"name":"D\u00e9bouch\u00e9s","item":"https:\/\/web.umons.ac.be\/fpms\/fr\/bienvenue-a-la-polytech\/debouches\/"},{"@type":"ListItem","position":4,"name":"Entreprendre un Doctorat"}]},{"@type":"WebSite","@id":"https:\/\/web.umons.ac.be\/fpms\/#website","url":"https:\/\/web.umons.ac.be\/fpms\/","name":"Facult\u00e9 \/ FPMS","description":"Un site utilisant Universit\u00e9 de Mons \u2013 UMONS","potentialAction":[{"@type":"SearchAction","target":{"@type":"EntryPoint","urlTemplate":"https:\/\/web.umons.ac.be\/fpms\/?s={search_term_string}"},"query-input":{"@type":"PropertyValueSpecification","valueRequired":true,"valueName":"search_term_string"}}],"inLanguage":"fr-FR"}]}},"lang":"fr","translations":{"fr":1246},"pll_sync_post":[],"_links":{"self":[{"href":"https:\/\/web.umons.ac.be\/fpms\/wp-json\/wp\/v2\/pages\/1246","targetHints":{"allow":["GET"]}}],"collection":[{"href":"https:\/\/web.umons.ac.be\/fpms\/wp-json\/wp\/v2\/pages"}],"about":[{"href":"https:\/\/web.umons.ac.be\/fpms\/wp-json\/wp\/v2\/types\/page"}],"author":[{"embeddable":true,"href":"https:\/\/web.umons.ac.be\/fpms\/wp-json\/wp\/v2\/users\/2"}],"replies":[{"embeddable":true,"href":"https:\/\/web.umons.ac.be\/fpms\/wp-json\/wp\/v2\/comments?post=1246"}],"version-history":[{"count":3,"href":"https:\/\/web.umons.ac.be\/fpms\/wp-json\/wp\/v2\/pages\/1246\/revisions"}],"predecessor-version":[{"id":1474,"href":"https:\/\/web.umons.ac.be\/fpms\/wp-json\/wp\/v2\/pages\/1246\/revisions\/1474"}],"up":[{"embeddable":true,"href":"https:\/\/web.umons.ac.be\/fpms\/wp-json\/wp\/v2\/pages\/249"}],"wp:attachment":[{"href":"https:\/\/web.umons.ac.be\/fpms\/wp-json\/wp\/v2\/media?parent=1246"}],"curies":[{"name":"wp","href":"https:\/\/api.w.org\/{rel}","templated":true}]}}