{"id":127,"date":"2017-07-07T15:03:37","date_gmt":"2017-07-07T13:03:37","guid":{"rendered":"https:\/\/web.umons.ac.be\/fpms\/?page_id=127"},"modified":"2023-05-12T13:58:03","modified_gmt":"2023-05-12T11:58:03","slug":"structure-des-etudes","status":"publish","type":"page","link":"https:\/\/web.umons.ac.be\/fpms\/fr\/bienvenue-a-la-polytech\/structure-des-etudes\/","title":{"rendered":"Structure des \u00e9tudes"},"content":{"rendered":"<p>&nbsp;<\/p>\n<p><a href=\"https:\/\/web.umons.ac.be\/app\/uploads\/sites\/6\/2023\/05\/2023-05-12_09-40-37-1-scaled.jpg\"><img loading=\"lazy\" decoding=\"async\" class=\"aligncenter size-large wp-image-2676\" src=\"https:\/\/web.umons.ac.be\/app\/uploads\/sites\/6\/2023\/05\/2023-05-12_09-40-37-1-1024x896.jpg\" alt=\"\" width=\"1024\" height=\"896\" srcset=\"https:\/\/web.umons.ac.be\/app\/uploads\/sites\/6\/2023\/05\/2023-05-12_09-40-37-1-1024x896.jpg 1024w, https:\/\/web.umons.ac.be\/app\/uploads\/sites\/6\/2023\/05\/2023-05-12_09-40-37-1-300x262.jpg 300w, https:\/\/web.umons.ac.be\/app\/uploads\/sites\/6\/2023\/05\/2023-05-12_09-40-37-1-768x672.jpg 768w, https:\/\/web.umons.ac.be\/app\/uploads\/sites\/6\/2023\/05\/2023-05-12_09-40-37-1-1536x1344.jpg 1536w, https:\/\/web.umons.ac.be\/app\/uploads\/sites\/6\/2023\/05\/2023-05-12_09-40-37-1-2048x1791.jpg 2048w, https:\/\/web.umons.ac.be\/app\/uploads\/sites\/6\/2023\/05\/2023-05-12_09-40-37-1-755x660.jpg 755w, https:\/\/web.umons.ac.be\/app\/uploads\/sites\/6\/2023\/05\/2023-05-12_09-40-37-1-30x26.jpg 30w, https:\/\/web.umons.ac.be\/app\/uploads\/sites\/6\/2023\/05\/2023-05-12_09-40-37-1-60x52.jpg 60w, https:\/\/web.umons.ac.be\/app\/uploads\/sites\/6\/2023\/05\/2023-05-12_09-40-37-1-360x315.jpg 360w\" sizes=\"auto, (max-width: 1024px) 100vw, 1024px\" \/><\/a><\/p>\n<h5>Examen d\u2019admission, la cl\u00e9 pour s\u2019inscrire en Polytech<\/h5>\n<p>L\u2019acc\u00e8s au premier cycle des \u00e9tudes d\u2019Ing\u00e9nieur civil est conditionn\u00e9 \u00e0 la r\u00e9ussite d\u2019un examen d\u2019admission obligatoire. Il s\u2019agit d\u2019un examen et non d\u2019un concours: les candidats sont \u00e9valu\u00e9s sur leurs aptitudes, il n\u2019y a donc aucune limitation au nombre d\u2019\u00e9tudiants admis. <em>Lien vers les pages sur <a href=\"https:\/\/web.umons.ac.be\/fpms\/fr\/etudes\/examen-admission\/\">l&rsquo;admission<\/a><\/em><\/p>\n<h5>Cinq ann\u00e9es pour devenir un ing\u00e9nieur polyvalent et innovant<\/h5>\n<p>Apr\u00e8s avoir r\u00e9ussi l\u2019\u00e9preuve d\u2019admission, les \u00e9tudiants entament un premier cycle de Bachelier, garantissant une formation scientifique fondamentale (math\u00e9matique, physique, chimie, &#8230;), tout en s\u2019ouvrant aux domaines plus sp\u00e9cifiques des sciences de l\u2019ing\u00e9nieur (\u00e9lectronique, m\u00e9canique, mat\u00e9riaux, \u2026). Apprentissage des outils fondamentaux (informatique, infographie, \u2026) et acquisition des comp\u00e9tences transversales, notamment en langue anglaise, sont \u00e9galement au programme. L\u2019approche \u00ab M\u00e9tiers de l\u2019Ing\u00e9nieur \u00bb est au centre des pr\u00e9occupations des trois premi\u00e8res ann\u00e9es : contexte de l\u2019entreprise (\u00e9conomie, environnement, \u2026), pratique du projet en \u00e9quipe ,&#8230; Au fil des ann\u00e9es, la formation se sp\u00e9cialise. En cycle Master, l\u2019\u00e9tudiant b\u00e9n\u00e9ficie plus que jamais d\u2019un enseignement riche, nourri continuellement par les travaux de recherche d\u2019enseignants \u00e0 la pointe dans leurs domaines. Les \u00e9tudiants ing\u00e9nieurs qui ont choisi l\u2019architecture b\u00e9n\u00e9ficient d\u2019un programme sp\u00e9cifique, les mettant de suite en prise avec l\u2019art et la science de b\u00e2tir. La formation Polytech Mons b\u00e9n\u00e9ficie d\u2019une p\u00e9dagogie interactive favoris\u00e9e par des s\u00e9ances d\u2019exercices et de travaux pratiques ainsi que par des travaux personnels en groupe, les projets. Ceux-ci favorisent le d\u00e9veloppement progressif des comp\u00e9tences scientifiques, techniques et humaines attendues de l\u2019Ing\u00e9nieur. Ils permettent de d\u00e9velopper cr\u00e9ativit\u00e9, esprit d\u2019entreprise et de recherche.<\/p>\n<h5>Un r\u00e9f\u00e9rentiel de comp\u00e9tences<\/h5>\n<p>La Facult\u00e9 Polytechnique fonde ses programmes sur un r\u00e9f\u00e9rentiel qui pr\u00e9sente de mani\u00e8re globale l\u2019ensemble des comp\u00e9tences que l\u2019\u00e9tudiant acquiert progressivement tout au long de ses \u00e9tudes. L\u2019\u00e9tudiant est le ma\u00eetre d\u2019\u0153uvre de son d\u00e9veloppement personnel. Mieux inform\u00e9 par ce r\u00e9f\u00e9rentiel sur les perspectives de sa formation et sur la r\u00e9alit\u00e9 de son futur m\u00e9tier, il pourra s\u2019impliquer efficacement dans projet professionnel.<\/p>\n<p>Le r\u00e9f\u00e9rentiel de comp\u00e9tences offre une v\u00e9ritable carte d\u2019identit\u00e9 de l\u2019Ing\u00e9nieur. Il constitue un \u00e9l\u00e9ment important dans le dialogue de nos jeunes dipl\u00f4m\u00e9s avec leurs employeurs, leur permettant de mieux mettre en valeur leur apport face aux besoins de l\u2019entreprise. L\u2019Ing\u00e9nieur se pr\u00e9sente ainsi comme un fournisseur de comp\u00e9tences indispensables \u00e0 l\u2019entreprise et \u00e0 la soci\u00e9t\u00e9<\/p>\n<p><a href=\"https:\/\/web.umons.ac.be\/app\/uploads\/sites\/6\/2019\/10\/Pages-de-FPMs-2019-v10-NEW.png\"><img loading=\"lazy\" decoding=\"async\" class=\"aligncenter size-large wp-image-1413\" src=\"https:\/\/web.umons.ac.be\/app\/uploads\/sites\/6\/2019\/10\/Pages-de-FPMs-2019-v10-NEW-1024x968.png\" alt=\"\" width=\"1024\" height=\"968\" srcset=\"https:\/\/web.umons.ac.be\/app\/uploads\/sites\/6\/2019\/10\/Pages-de-FPMs-2019-v10-NEW-1024x968.png 1024w, https:\/\/web.umons.ac.be\/app\/uploads\/sites\/6\/2019\/10\/Pages-de-FPMs-2019-v10-NEW-300x284.png 300w, https:\/\/web.umons.ac.be\/app\/uploads\/sites\/6\/2019\/10\/Pages-de-FPMs-2019-v10-NEW-768x726.png 768w, https:\/\/web.umons.ac.be\/app\/uploads\/sites\/6\/2019\/10\/Pages-de-FPMs-2019-v10-NEW-698x660.png 698w, https:\/\/web.umons.ac.be\/app\/uploads\/sites\/6\/2019\/10\/Pages-de-FPMs-2019-v10-NEW-30x28.png 30w, https:\/\/web.umons.ac.be\/app\/uploads\/sites\/6\/2019\/10\/Pages-de-FPMs-2019-v10-NEW-60x57.png 60w, https:\/\/web.umons.ac.be\/app\/uploads\/sites\/6\/2019\/10\/Pages-de-FPMs-2019-v10-NEW-360x340.png 360w\" sizes=\"auto, (max-width: 1024px) 100vw, 1024px\" \/><\/a><\/p>\n","protected":false},"excerpt":{"rendered":"<p>&nbsp; Examen d\u2019admission, la cl\u00e9 pour s\u2019inscrire en Polytech L\u2019acc\u00e8s au premier cycle des \u00e9tudes d\u2019Ing\u00e9nieur civil est conditionn\u00e9 \u00e0 la r\u00e9ussite d\u2019un examen d\u2019admission obligatoire. Il s\u2019agit d\u2019un examen et non d\u2019un concours: les candidats sont \u00e9valu\u00e9s sur leurs aptitudes, il n\u2019y a donc aucune limitation au nombre d\u2019\u00e9tudiants admis. Lien vers les pages [&hellip;]<\/p>\n","protected":false},"author":2,"featured_media":0,"parent":100,"menu_order":1,"comment_status":"closed","ping_status":"closed","template":"","meta":{"footnotes":""},"class_list":["post-127","page","type-page","status-publish","hentry"],"yoast_head":"<!-- This site is optimized with the Yoast SEO plugin v27.2 - https:\/\/yoast.com\/product\/yoast-seo-wordpress\/ -->\n<title>Structure des \u00e9tudes - Facult\u00e9 \/ FPMS<\/title>\n<meta name=\"robots\" content=\"index, follow, max-snippet:-1, max-image-preview:large, max-video-preview:-1\" \/>\n<link rel=\"canonical\" href=\"https:\/\/web.umons.ac.be\/fpms\/fr\/bienvenue-a-la-polytech\/structure-des-etudes\/\" \/>\n<meta property=\"og:locale\" content=\"fr_FR\" \/>\n<meta property=\"og:type\" content=\"article\" \/>\n<meta property=\"og:title\" content=\"Structure des \u00e9tudes - Facult\u00e9 \/ FPMS\" \/>\n<meta property=\"og:description\" content=\"&nbsp; Examen d\u2019admission, la cl\u00e9 pour s\u2019inscrire en Polytech L\u2019acc\u00e8s au premier cycle des \u00e9tudes d\u2019Ing\u00e9nieur civil est conditionn\u00e9 \u00e0 la r\u00e9ussite d\u2019un examen d\u2019admission obligatoire. Il s\u2019agit d\u2019un examen et non d\u2019un concours: les candidats sont \u00e9valu\u00e9s sur leurs aptitudes, il n\u2019y a donc aucune limitation au nombre d\u2019\u00e9tudiants admis. Lien vers les pages [&hellip;]\" \/>\n<meta property=\"og:url\" content=\"https:\/\/web.umons.ac.be\/fpms\/fr\/bienvenue-a-la-polytech\/structure-des-etudes\/\" \/>\n<meta property=\"og:site_name\" content=\"Facult\u00e9 \/ FPMS\" \/>\n<meta property=\"article:modified_time\" content=\"2023-05-12T11:58:03+00:00\" \/>\n<meta property=\"og:image\" content=\"https:\/\/web.umons.ac.be\/app\/uploads\/sites\/6\/2023\/05\/2023-05-12_09-40-37-1-1024x896.jpg\" \/>\n<meta name=\"twitter:card\" content=\"summary_large_image\" \/>\n<meta name=\"twitter:label1\" content=\"Dur\u00e9e de lecture estim\u00e9e\" \/>\n\t<meta name=\"twitter:data1\" content=\"3 minutes\" \/>\n<script type=\"application\/ld+json\" class=\"yoast-schema-graph\">{\"@context\":\"https:\/\/schema.org\",\"@graph\":[{\"@type\":\"WebPage\",\"@id\":\"https:\/\/web.umons.ac.be\/fpms\/fr\/bienvenue-a-la-polytech\/structure-des-etudes\/\",\"url\":\"https:\/\/web.umons.ac.be\/fpms\/fr\/bienvenue-a-la-polytech\/structure-des-etudes\/\",\"name\":\"Structure des \u00e9tudes - Facult\u00e9 \/ FPMS\",\"isPartOf\":{\"@id\":\"https:\/\/web.umons.ac.be\/fpms\/#website\"},\"primaryImageOfPage\":{\"@id\":\"https:\/\/web.umons.ac.be\/fpms\/fr\/bienvenue-a-la-polytech\/structure-des-etudes\/#primaryimage\"},\"image\":{\"@id\":\"https:\/\/web.umons.ac.be\/fpms\/fr\/bienvenue-a-la-polytech\/structure-des-etudes\/#primaryimage\"},\"thumbnailUrl\":\"https:\/\/web.umons.ac.be\/app\/uploads\/sites\/6\/2023\/05\/2023-05-12_09-40-37-1-1024x896.jpg\",\"datePublished\":\"2017-07-07T13:03:37+00:00\",\"dateModified\":\"2023-05-12T11:58:03+00:00\",\"breadcrumb\":{\"@id\":\"https:\/\/web.umons.ac.be\/fpms\/fr\/bienvenue-a-la-polytech\/structure-des-etudes\/#breadcrumb\"},\"inLanguage\":\"fr-FR\",\"potentialAction\":[{\"@type\":\"ReadAction\",\"target\":[\"https:\/\/web.umons.ac.be\/fpms\/fr\/bienvenue-a-la-polytech\/structure-des-etudes\/\"]}]},{\"@type\":\"ImageObject\",\"inLanguage\":\"fr-FR\",\"@id\":\"https:\/\/web.umons.ac.be\/fpms\/fr\/bienvenue-a-la-polytech\/structure-des-etudes\/#primaryimage\",\"url\":\"https:\/\/web.umons.ac.be\/app\/uploads\/sites\/6\/2023\/05\/2023-05-12_09-40-37-1-1024x896.jpg\",\"contentUrl\":\"https:\/\/web.umons.ac.be\/app\/uploads\/sites\/6\/2023\/05\/2023-05-12_09-40-37-1-1024x896.jpg\"},{\"@type\":\"BreadcrumbList\",\"@id\":\"https:\/\/web.umons.ac.be\/fpms\/fr\/bienvenue-a-la-polytech\/structure-des-etudes\/#breadcrumb\",\"itemListElement\":[{\"@type\":\"ListItem\",\"position\":1,\"name\":\"Accueil\",\"item\":\"https:\/\/web.umons.ac.be\/fpms\/fr\/\"},{\"@type\":\"ListItem\",\"position\":2,\"name\":\"Bienvenue \u00e0 la Polytech\",\"item\":\"https:\/\/web.umons.ac.be\/fpms\/fr\/bienvenue-a-la-polytech\/\"},{\"@type\":\"ListItem\",\"position\":3,\"name\":\"Structure des \u00e9tudes\"}]},{\"@type\":\"WebSite\",\"@id\":\"https:\/\/web.umons.ac.be\/fpms\/#website\",\"url\":\"https:\/\/web.umons.ac.be\/fpms\/\",\"name\":\"Facult\u00e9 \/ FPMS\",\"description\":\"Un site utilisant Universit\u00e9 de Mons \u2013 UMONS\",\"potentialAction\":[{\"@type\":\"SearchAction\",\"target\":{\"@type\":\"EntryPoint\",\"urlTemplate\":\"https:\/\/web.umons.ac.be\/fpms\/?s={search_term_string}\"},\"query-input\":{\"@type\":\"PropertyValueSpecification\",\"valueRequired\":true,\"valueName\":\"search_term_string\"}}],\"inLanguage\":\"fr-FR\"}]}<\/script>\n<!-- \/ Yoast SEO plugin. -->","yoast_head_json":{"title":"Structure des \u00e9tudes - Facult\u00e9 \/ FPMS","robots":{"index":"index","follow":"follow","max-snippet":"max-snippet:-1","max-image-preview":"max-image-preview:large","max-video-preview":"max-video-preview:-1"},"canonical":"https:\/\/web.umons.ac.be\/fpms\/fr\/bienvenue-a-la-polytech\/structure-des-etudes\/","og_locale":"fr_FR","og_type":"article","og_title":"Structure des \u00e9tudes - Facult\u00e9 \/ FPMS","og_description":"&nbsp; Examen d\u2019admission, la cl\u00e9 pour s\u2019inscrire en Polytech L\u2019acc\u00e8s au premier cycle des \u00e9tudes d\u2019Ing\u00e9nieur civil est conditionn\u00e9 \u00e0 la r\u00e9ussite d\u2019un examen d\u2019admission obligatoire. Il s\u2019agit d\u2019un examen et non d\u2019un concours: les candidats sont \u00e9valu\u00e9s sur leurs aptitudes, il n\u2019y a donc aucune limitation au nombre d\u2019\u00e9tudiants admis. Lien vers les pages [&hellip;]","og_url":"https:\/\/web.umons.ac.be\/fpms\/fr\/bienvenue-a-la-polytech\/structure-des-etudes\/","og_site_name":"Facult\u00e9 \/ FPMS","article_modified_time":"2023-05-12T11:58:03+00:00","og_image":[{"url":"https:\/\/web.umons.ac.be\/app\/uploads\/sites\/6\/2023\/05\/2023-05-12_09-40-37-1-1024x896.jpg","type":"","width":"","height":""}],"twitter_card":"summary_large_image","twitter_misc":{"Dur\u00e9e de lecture estim\u00e9e":"3 minutes"},"schema":{"@context":"https:\/\/schema.org","@graph":[{"@type":"WebPage","@id":"https:\/\/web.umons.ac.be\/fpms\/fr\/bienvenue-a-la-polytech\/structure-des-etudes\/","url":"https:\/\/web.umons.ac.be\/fpms\/fr\/bienvenue-a-la-polytech\/structure-des-etudes\/","name":"Structure des \u00e9tudes - Facult\u00e9 \/ FPMS","isPartOf":{"@id":"https:\/\/web.umons.ac.be\/fpms\/#website"},"primaryImageOfPage":{"@id":"https:\/\/web.umons.ac.be\/fpms\/fr\/bienvenue-a-la-polytech\/structure-des-etudes\/#primaryimage"},"image":{"@id":"https:\/\/web.umons.ac.be\/fpms\/fr\/bienvenue-a-la-polytech\/structure-des-etudes\/#primaryimage"},"thumbnailUrl":"https:\/\/web.umons.ac.be\/app\/uploads\/sites\/6\/2023\/05\/2023-05-12_09-40-37-1-1024x896.jpg","datePublished":"2017-07-07T13:03:37+00:00","dateModified":"2023-05-12T11:58:03+00:00","breadcrumb":{"@id":"https:\/\/web.umons.ac.be\/fpms\/fr\/bienvenue-a-la-polytech\/structure-des-etudes\/#breadcrumb"},"inLanguage":"fr-FR","potentialAction":[{"@type":"ReadAction","target":["https:\/\/web.umons.ac.be\/fpms\/fr\/bienvenue-a-la-polytech\/structure-des-etudes\/"]}]},{"@type":"ImageObject","inLanguage":"fr-FR","@id":"https:\/\/web.umons.ac.be\/fpms\/fr\/bienvenue-a-la-polytech\/structure-des-etudes\/#primaryimage","url":"https:\/\/web.umons.ac.be\/app\/uploads\/sites\/6\/2023\/05\/2023-05-12_09-40-37-1-1024x896.jpg","contentUrl":"https:\/\/web.umons.ac.be\/app\/uploads\/sites\/6\/2023\/05\/2023-05-12_09-40-37-1-1024x896.jpg"},{"@type":"BreadcrumbList","@id":"https:\/\/web.umons.ac.be\/fpms\/fr\/bienvenue-a-la-polytech\/structure-des-etudes\/#breadcrumb","itemListElement":[{"@type":"ListItem","position":1,"name":"Accueil","item":"https:\/\/web.umons.ac.be\/fpms\/fr\/"},{"@type":"ListItem","position":2,"name":"Bienvenue \u00e0 la Polytech","item":"https:\/\/web.umons.ac.be\/fpms\/fr\/bienvenue-a-la-polytech\/"},{"@type":"ListItem","position":3,"name":"Structure des \u00e9tudes"}]},{"@type":"WebSite","@id":"https:\/\/web.umons.ac.be\/fpms\/#website","url":"https:\/\/web.umons.ac.be\/fpms\/","name":"Facult\u00e9 \/ FPMS","description":"Un site utilisant Universit\u00e9 de Mons \u2013 UMONS","potentialAction":[{"@type":"SearchAction","target":{"@type":"EntryPoint","urlTemplate":"https:\/\/web.umons.ac.be\/fpms\/?s={search_term_string}"},"query-input":{"@type":"PropertyValueSpecification","valueRequired":true,"valueName":"search_term_string"}}],"inLanguage":"fr-FR"}]}},"lang":"fr","translations":{"fr":127},"pll_sync_post":[],"_links":{"self":[{"href":"https:\/\/web.umons.ac.be\/fpms\/wp-json\/wp\/v2\/pages\/127","targetHints":{"allow":["GET"]}}],"collection":[{"href":"https:\/\/web.umons.ac.be\/fpms\/wp-json\/wp\/v2\/pages"}],"about":[{"href":"https:\/\/web.umons.ac.be\/fpms\/wp-json\/wp\/v2\/types\/page"}],"author":[{"embeddable":true,"href":"https:\/\/web.umons.ac.be\/fpms\/wp-json\/wp\/v2\/users\/2"}],"replies":[{"embeddable":true,"href":"https:\/\/web.umons.ac.be\/fpms\/wp-json\/wp\/v2\/comments?post=127"}],"version-history":[{"count":4,"href":"https:\/\/web.umons.ac.be\/fpms\/wp-json\/wp\/v2\/pages\/127\/revisions"}],"predecessor-version":[{"id":2677,"href":"https:\/\/web.umons.ac.be\/fpms\/wp-json\/wp\/v2\/pages\/127\/revisions\/2677"}],"up":[{"embeddable":true,"href":"https:\/\/web.umons.ac.be\/fpms\/wp-json\/wp\/v2\/pages\/100"}],"wp:attachment":[{"href":"https:\/\/web.umons.ac.be\/fpms\/wp-json\/wp\/v2\/media?parent=127"}],"curies":[{"name":"wp","href":"https:\/\/api.w.org\/{rel}","templated":true}]}}