{"id":1354,"date":"2019-09-04T11:01:34","date_gmt":"2019-09-04T09:01:34","guid":{"rendered":"https:\/\/web.umons.ac.be\/fpms\/?page_id=1354"},"modified":"2024-03-19T10:25:54","modified_gmt":"2024-03-19T09:25:54","slug":"faculty-contacts","status":"publish","type":"page","link":"https:\/\/web.umons.ac.be\/fpms\/en\/student-mobility-international\/in-mobility\/faculty-contacts\/","title":{"rendered":"Faculty Contacts"},"content":{"rendered":"<h6><em>Faculty of Engineering <\/em><\/h6>\n<table style=\"width: 90.2494%;height: 676px\" width=\"464\">\n<tbody>\n<tr style=\"height: 52px\">\n<td style=\"height: 52px\" width=\"187\"><\/td>\n<td style=\"height: 52px\" width=\"277\"><strong>Mobility Representative according to specialist focus \/ COMDIP<\/strong><\/td>\n<\/tr>\n<tr style=\"height: 52px\">\n<td style=\"height: 52px\" colspan=\"2\"><strong>Bachelor<\/strong><\/td>\n<\/tr>\n<tr style=\"height: 52px\">\n<td style=\"height: 52px\">Bachelor&rsquo;s Degree<\/td>\n<td style=\"height: 52px\"><strong><a href=\"mailto:Georges.KOUROUSSIS@umons.ac.be\">Georges Kouroussis<\/a><\/strong><\/td>\n<\/tr>\n<tr style=\"height: 52px\">\n<td style=\"height: 52px\" colspan=\"2\" width=\"464\"><strong>Master<\/strong><\/td>\n<\/tr>\n<tr style=\"height: 52px\">\n<td style=\"height: 52px\" width=\"187\">Architectural Engineering<\/td>\n<td style=\"height: 52px\" width=\"277\"><a href=\"mailto:Laurent.VANPARYS@umons.ac.be\"><strong>Laurent Va<\/strong>n<strong> Pa<\/strong>rys<\/a><\/td>\n<\/tr>\n<tr style=\"height: 52px\">\n<td style=\"height: 52px\" width=\"187\">Chemical Engineering \/ Materials Science<\/td>\n<td style=\"height: 52px\" width=\"277\"><a href=\"mailto:Veronique.Vitry@umons.ac.be\"><strong>V\u00e9ronique Vitry<\/strong><\/a><\/td>\n<\/tr>\n<tr style=\"height: 52px\">\n<td style=\"height: 52px\" width=\"187\">Electrical Engineering<\/td>\n<td style=\"height: 52px\" width=\"277\"><a href=\"mailto:Marc.WUILPART@umons.ac.be\"><strong>Marc Wuilpart <\/strong><\/a><\/td>\n<\/tr>\n<tr style=\"height: 52px\">\n<td style=\"height: 52px\" width=\"187\">Computer Science and Management<\/td>\n<td style=\"height: 52px\" width=\"277\"><a href=\"mailto:Said.MAHMOUDI@umons.ac.be\">Sa\u00efd Mahmoudi<\/a><\/td>\n<\/tr>\n<tr style=\"height: 52px\">\n<td style=\"height: 52px\">Energy Engineering<\/td>\n<td style=\"height: 52px\"><a href=\"mailto:veronique.vitry@umons.ac.be\"><strong>V\u00e9ronique Vitry<\/strong><\/a><\/td>\n<\/tr>\n<tr style=\"height: 52px\">\n<td style=\"height: 52px\" width=\"187\">Mechanical Engineering<\/td>\n<td style=\"height: 52px\" width=\"277\"><a href=\"mailto:Georges.KOUROUSSIS@umons.ac.be\"><strong>Georges Kouroussis<\/strong><\/a><\/td>\n<\/tr>\n<tr style=\"height: 52px\">\n<td style=\"height: 52px\" width=\"187\">Mining Engineering and Geology<\/td>\n<td style=\"height: 52px\" width=\"277\"><a href=\"mailto:Philippe.ANCIA@umons.ac.be\"><strong>Philippe Ancia<\/strong><\/a><\/td>\n<\/tr>\n<tr style=\"height: 52px\">\n<td style=\"height: 52px\" colspan=\"2\" width=\"464\"><\/td>\n<\/tr>\n<tr>\n<td><strong>T.I.M.E. association \u2013 Double degree and cooperation agreements<\/strong> <strong><br \/>\n<\/strong><\/td>\n<td><a href=\"mailto:pierre.dehombreux@umons.ac.be\"><strong>Pierre Dehombreux<\/strong><\/a><\/td>\n<\/tr>\n<tr style=\"height: 52px\">\n<td style=\"height: 52px\" width=\"187\"><strong>Administrative<\/strong> <strong>Questions<\/strong><\/td>\n<td style=\"height: 52px\" width=\"277\"><a href=\"mailto:Veronique.VANRENTERGHEM@umons.ac.be\"><strong>V\u00e9ronique Van Renterghem<\/strong><\/a><\/td>\n<\/tr>\n<\/tbody>\n<\/table>\n<h6><em>UMONS International Relations Office (SRI)<\/em><\/h6>\n<h6><a href=\"https:\/\/web.umons.ac.be\/en\/international\/contact-us\/\"><strong>Contact the SRI<\/strong><\/a><\/h6>\n","protected":false},"excerpt":{"rendered":"<p>Faculty of Engineering Mobility Representative according to specialist focus \/ COMDIP Bachelor Bachelor&rsquo;s Degree Georges Kouroussis Master Architectural Engineering Laurent Van Parys Chemical Engineering \/ Materials Science V\u00e9ronique Vitry Electrical Engineering Marc Wuilpart Computer Science and Management Sa\u00efd Mahmoudi Energy Engineering V\u00e9ronique Vitry Mechanical Engineering Georges Kouroussis Mining Engineering and Geology Philippe Ancia T.I.M.E. association [&hellip;]<\/p>\n","protected":false},"author":2,"featured_media":0,"parent":1323,"menu_order":11,"comment_status":"closed","ping_status":"closed","template":"","meta":{"footnotes":""},"class_list":["post-1354","page","type-page","status-publish","hentry"],"yoast_head":"<!-- This site is optimized with the Yoast SEO plugin v27.2 - https:\/\/yoast.com\/product\/yoast-seo-wordpress\/ -->\n<title>Faculty Contacts - Facult\u00e9 \/ FPMS<\/title>\n<meta name=\"robots\" content=\"index, follow, max-snippet:-1, max-image-preview:large, max-video-preview:-1\" \/>\n<link rel=\"canonical\" href=\"https:\/\/web.umons.ac.be\/fpms\/en\/student-mobility-international\/in-mobility\/faculty-contacts\/\" \/>\n<meta property=\"og:locale\" content=\"fr_FR\" \/>\n<meta property=\"og:type\" content=\"article\" \/>\n<meta property=\"og:title\" content=\"Faculty Contacts - Facult\u00e9 \/ FPMS\" \/>\n<meta property=\"og:description\" content=\"Faculty of Engineering Mobility Representative according to specialist focus \/ COMDIP Bachelor Bachelor&rsquo;s Degree Georges Kouroussis Master Architectural Engineering Laurent Van Parys Chemical Engineering \/ Materials Science V\u00e9ronique Vitry Electrical Engineering Marc Wuilpart Computer Science and Management Sa\u00efd Mahmoudi Energy Engineering V\u00e9ronique Vitry Mechanical Engineering Georges Kouroussis Mining Engineering and Geology Philippe Ancia T.I.M.E. association [&hellip;]\" \/>\n<meta property=\"og:url\" content=\"https:\/\/web.umons.ac.be\/fpms\/en\/student-mobility-international\/in-mobility\/faculty-contacts\/\" \/>\n<meta property=\"og:site_name\" content=\"Facult\u00e9 \/ FPMS\" \/>\n<meta property=\"article:modified_time\" content=\"2024-03-19T09:25:54+00:00\" \/>\n<meta name=\"twitter:card\" content=\"summary_large_image\" \/>\n<meta name=\"twitter:label1\" content=\"Dur\u00e9e de lecture estim\u00e9e\" \/>\n\t<meta name=\"twitter:data1\" content=\"1 minute\" \/>\n<script type=\"application\/ld+json\" class=\"yoast-schema-graph\">{\"@context\":\"https:\/\/schema.org\",\"@graph\":[{\"@type\":\"WebPage\",\"@id\":\"https:\/\/web.umons.ac.be\/fpms\/en\/student-mobility-international\/in-mobility\/faculty-contacts\/\",\"url\":\"https:\/\/web.umons.ac.be\/fpms\/en\/student-mobility-international\/in-mobility\/faculty-contacts\/\",\"name\":\"Faculty Contacts - Facult\u00e9 \/ FPMS\",\"isPartOf\":{\"@id\":\"https:\/\/web.umons.ac.be\/fpms\/#website\"},\"datePublished\":\"2019-09-04T09:01:34+00:00\",\"dateModified\":\"2024-03-19T09:25:54+00:00\",\"breadcrumb\":{\"@id\":\"https:\/\/web.umons.ac.be\/fpms\/en\/student-mobility-international\/in-mobility\/faculty-contacts\/#breadcrumb\"},\"inLanguage\":\"fr-FR\",\"potentialAction\":[{\"@type\":\"ReadAction\",\"target\":[\"https:\/\/web.umons.ac.be\/fpms\/en\/student-mobility-international\/in-mobility\/faculty-contacts\/\"]}]},{\"@type\":\"BreadcrumbList\",\"@id\":\"https:\/\/web.umons.ac.be\/fpms\/en\/student-mobility-international\/in-mobility\/faculty-contacts\/#breadcrumb\",\"itemListElement\":[{\"@type\":\"ListItem\",\"position\":1,\"name\":\"Accueil\",\"item\":\"https:\/\/web.umons.ac.be\/fpms\/fr\/\"},{\"@type\":\"ListItem\",\"position\":2,\"name\":\"International Student Mobility\",\"item\":\"https:\/\/web.umons.ac.be\/fpms\/en\/student-mobility-international\/\"},{\"@type\":\"ListItem\",\"position\":3,\"name\":\"IN mobility\",\"item\":\"https:\/\/web.umons.ac.be\/fpms\/en\/student-mobility-international\/in-mobility\/\"},{\"@type\":\"ListItem\",\"position\":4,\"name\":\"Faculty Contacts\"}]},{\"@type\":\"WebSite\",\"@id\":\"https:\/\/web.umons.ac.be\/fpms\/#website\",\"url\":\"https:\/\/web.umons.ac.be\/fpms\/\",\"name\":\"Facult\u00e9 \/ FPMS\",\"description\":\"Un site utilisant Universit\u00e9 de Mons \u2013 UMONS\",\"potentialAction\":[{\"@type\":\"SearchAction\",\"target\":{\"@type\":\"EntryPoint\",\"urlTemplate\":\"https:\/\/web.umons.ac.be\/fpms\/?s={search_term_string}\"},\"query-input\":{\"@type\":\"PropertyValueSpecification\",\"valueRequired\":true,\"valueName\":\"search_term_string\"}}],\"inLanguage\":\"fr-FR\"}]}<\/script>\n<!-- \/ Yoast SEO plugin. -->","yoast_head_json":{"title":"Faculty Contacts - Facult\u00e9 \/ FPMS","robots":{"index":"index","follow":"follow","max-snippet":"max-snippet:-1","max-image-preview":"max-image-preview:large","max-video-preview":"max-video-preview:-1"},"canonical":"https:\/\/web.umons.ac.be\/fpms\/en\/student-mobility-international\/in-mobility\/faculty-contacts\/","og_locale":"fr_FR","og_type":"article","og_title":"Faculty Contacts - Facult\u00e9 \/ FPMS","og_description":"Faculty of Engineering Mobility Representative according to specialist focus \/ COMDIP Bachelor Bachelor&rsquo;s Degree Georges Kouroussis Master Architectural Engineering Laurent Van Parys Chemical Engineering \/ Materials Science V\u00e9ronique Vitry Electrical Engineering Marc Wuilpart Computer Science and Management Sa\u00efd Mahmoudi Energy Engineering V\u00e9ronique Vitry Mechanical Engineering Georges Kouroussis Mining Engineering and Geology Philippe Ancia T.I.M.E. association [&hellip;]","og_url":"https:\/\/web.umons.ac.be\/fpms\/en\/student-mobility-international\/in-mobility\/faculty-contacts\/","og_site_name":"Facult\u00e9 \/ FPMS","article_modified_time":"2024-03-19T09:25:54+00:00","twitter_card":"summary_large_image","twitter_misc":{"Dur\u00e9e de lecture estim\u00e9e":"1 minute"},"schema":{"@context":"https:\/\/schema.org","@graph":[{"@type":"WebPage","@id":"https:\/\/web.umons.ac.be\/fpms\/en\/student-mobility-international\/in-mobility\/faculty-contacts\/","url":"https:\/\/web.umons.ac.be\/fpms\/en\/student-mobility-international\/in-mobility\/faculty-contacts\/","name":"Faculty Contacts - Facult\u00e9 \/ FPMS","isPartOf":{"@id":"https:\/\/web.umons.ac.be\/fpms\/#website"},"datePublished":"2019-09-04T09:01:34+00:00","dateModified":"2024-03-19T09:25:54+00:00","breadcrumb":{"@id":"https:\/\/web.umons.ac.be\/fpms\/en\/student-mobility-international\/in-mobility\/faculty-contacts\/#breadcrumb"},"inLanguage":"fr-FR","potentialAction":[{"@type":"ReadAction","target":["https:\/\/web.umons.ac.be\/fpms\/en\/student-mobility-international\/in-mobility\/faculty-contacts\/"]}]},{"@type":"BreadcrumbList","@id":"https:\/\/web.umons.ac.be\/fpms\/en\/student-mobility-international\/in-mobility\/faculty-contacts\/#breadcrumb","itemListElement":[{"@type":"ListItem","position":1,"name":"Accueil","item":"https:\/\/web.umons.ac.be\/fpms\/fr\/"},{"@type":"ListItem","position":2,"name":"International Student Mobility","item":"https:\/\/web.umons.ac.be\/fpms\/en\/student-mobility-international\/"},{"@type":"ListItem","position":3,"name":"IN mobility","item":"https:\/\/web.umons.ac.be\/fpms\/en\/student-mobility-international\/in-mobility\/"},{"@type":"ListItem","position":4,"name":"Faculty Contacts"}]},{"@type":"WebSite","@id":"https:\/\/web.umons.ac.be\/fpms\/#website","url":"https:\/\/web.umons.ac.be\/fpms\/","name":"Facult\u00e9 \/ FPMS","description":"Un site utilisant Universit\u00e9 de Mons \u2013 UMONS","potentialAction":[{"@type":"SearchAction","target":{"@type":"EntryPoint","urlTemplate":"https:\/\/web.umons.ac.be\/fpms\/?s={search_term_string}"},"query-input":{"@type":"PropertyValueSpecification","valueRequired":true,"valueName":"search_term_string"}}],"inLanguage":"fr-FR"}]}},"lang":"en","translations":{"en":1354,"fr":1123},"pll_sync_post":[],"_links":{"self":[{"href":"https:\/\/web.umons.ac.be\/fpms\/wp-json\/wp\/v2\/pages\/1354","targetHints":{"allow":["GET"]}}],"collection":[{"href":"https:\/\/web.umons.ac.be\/fpms\/wp-json\/wp\/v2\/pages"}],"about":[{"href":"https:\/\/web.umons.ac.be\/fpms\/wp-json\/wp\/v2\/types\/page"}],"author":[{"embeddable":true,"href":"https:\/\/web.umons.ac.be\/fpms\/wp-json\/wp\/v2\/users\/2"}],"replies":[{"embeddable":true,"href":"https:\/\/web.umons.ac.be\/fpms\/wp-json\/wp\/v2\/comments?post=1354"}],"version-history":[{"count":3,"href":"https:\/\/web.umons.ac.be\/fpms\/wp-json\/wp\/v2\/pages\/1354\/revisions"}],"predecessor-version":[{"id":2895,"href":"https:\/\/web.umons.ac.be\/fpms\/wp-json\/wp\/v2\/pages\/1354\/revisions\/2895"}],"up":[{"embeddable":true,"href":"https:\/\/web.umons.ac.be\/fpms\/wp-json\/wp\/v2\/pages\/1323"}],"wp:attachment":[{"href":"https:\/\/web.umons.ac.be\/fpms\/wp-json\/wp\/v2\/media?parent=1354"}],"curies":[{"name":"wp","href":"https:\/\/api.w.org\/{rel}","templated":true}]}}