{"id":171,"date":"2017-09-11T15:12:32","date_gmt":"2017-09-11T13:12:32","guid":{"rendered":"https:\/\/web.umons.ac.be\/fpms\/?page_id=171"},"modified":"2021-09-07T11:16:46","modified_gmt":"2021-09-07T09:16:46","slug":"devenir-ingenieur-civil-a-mons","status":"publish","type":"page","link":"https:\/\/web.umons.ac.be\/fpms\/fr\/devenir-ingenieur-civil-a-mons\/","title":{"rendered":"Devenir Ing\u00e9nieur Civil \u00e0 Mons"},"content":{"rendered":"<p><em><strong>Si acqu\u00e9rir un dipl\u00f4me tr\u00e8s appr\u00e9ci\u00e9 sur le march\u00e9 de l\u2019emploi est un de vos objectifs,<\/strong><\/em><\/p>\n<p><em><strong>Si la ma\u00eetrise des sciences et des techniques vous attire,<\/strong><\/em><\/p>\n<p><em><strong>Si les nouvelles technologies vous passionnent,<\/strong><\/em><\/p>\n<p><em><strong>Si concevoir et r\u00e9aliser des syst\u00e8mes et des produits utiles \u00e0 la soci\u00e9t\u00e9 vous s\u00e9duit,<\/strong><\/em><\/p>\n<p><em><strong>Si vous ambitionnez de b\u00e2tir l\u2019avenir,<\/strong><\/em><\/p>\n<start-cask-shortcode-wrapper><end-cask-shortcode-wrapper>\n<p>&nbsp;<\/p>\n","protected":false},"excerpt":{"rendered":"<p>Si acqu\u00e9rir un dipl\u00f4me tr\u00e8s appr\u00e9ci\u00e9 sur le march\u00e9 de l\u2019emploi est un de vos objectifs, Si la ma\u00eetrise des sciences et des techniques vous attire, Si les nouvelles technologies vous passionnent, Si concevoir et r\u00e9aliser des syst\u00e8mes et des produits utiles \u00e0 la soci\u00e9t\u00e9 vous s\u00e9duit, Si vous ambitionnez de b\u00e2tir l\u2019avenir, &nbsp;<\/p>\n","protected":false},"author":2,"featured_media":0,"parent":0,"menu_order":2,"comment_status":"closed","ping_status":"closed","template":"","meta":{"footnotes":""},"class_list":["post-171","page","type-page","status-publish","hentry"],"yoast_head":"<!-- This site is optimized with the Yoast SEO plugin v27.2 - https:\/\/yoast.com\/product\/yoast-seo-wordpress\/ -->\n<title>Devenir Ing\u00e9nieur Civil \u00e0 Mons - Facult\u00e9 \/ FPMS<\/title>\n<meta name=\"robots\" content=\"index, follow, max-snippet:-1, max-image-preview:large, max-video-preview:-1\" \/>\n<link rel=\"canonical\" href=\"https:\/\/web.umons.ac.be\/fpms\/fr\/devenir-ingenieur-civil-a-mons\/\" \/>\n<meta property=\"og:locale\" content=\"fr_FR\" \/>\n<meta property=\"og:type\" content=\"article\" \/>\n<meta property=\"og:title\" content=\"Devenir Ing\u00e9nieur Civil \u00e0 Mons - Facult\u00e9 \/ FPMS\" \/>\n<meta property=\"og:description\" content=\"Si acqu\u00e9rir un dipl\u00f4me tr\u00e8s appr\u00e9ci\u00e9 sur le march\u00e9 de l\u2019emploi est un de vos objectifs, Si la ma\u00eetrise des sciences et des techniques vous attire, Si les nouvelles technologies vous passionnent, Si concevoir et r\u00e9aliser des syst\u00e8mes et des produits utiles \u00e0 la soci\u00e9t\u00e9 vous s\u00e9duit, Si vous ambitionnez de b\u00e2tir l\u2019avenir, &nbsp;\" \/>\n<meta property=\"og:url\" content=\"https:\/\/web.umons.ac.be\/fpms\/fr\/devenir-ingenieur-civil-a-mons\/\" \/>\n<meta property=\"og:site_name\" content=\"Facult\u00e9 \/ FPMS\" \/>\n<meta property=\"article:modified_time\" content=\"2021-09-07T09:16:46+00:00\" \/>\n<meta name=\"twitter:card\" content=\"summary_large_image\" \/>\n<meta name=\"twitter:label1\" content=\"Dur\u00e9e de lecture estim\u00e9e\" \/>\n\t<meta name=\"twitter:data1\" content=\"1 minute\" \/>\n<script type=\"application\/ld+json\" class=\"yoast-schema-graph\">{\"@context\":\"https:\/\/schema.org\",\"@graph\":[{\"@type\":\"WebPage\",\"@id\":\"https:\/\/web.umons.ac.be\/fpms\/fr\/devenir-ingenieur-civil-a-mons\/\",\"url\":\"https:\/\/web.umons.ac.be\/fpms\/fr\/devenir-ingenieur-civil-a-mons\/\",\"name\":\"Devenir Ing\u00e9nieur Civil \u00e0 Mons - Facult\u00e9 \/ FPMS\",\"isPartOf\":{\"@id\":\"https:\/\/web.umons.ac.be\/fpms\/#website\"},\"datePublished\":\"2017-09-11T13:12:32+00:00\",\"dateModified\":\"2021-09-07T09:16:46+00:00\",\"breadcrumb\":{\"@id\":\"https:\/\/web.umons.ac.be\/fpms\/fr\/devenir-ingenieur-civil-a-mons\/#breadcrumb\"},\"inLanguage\":\"fr-FR\",\"potentialAction\":[{\"@type\":\"ReadAction\",\"target\":[\"https:\/\/web.umons.ac.be\/fpms\/fr\/devenir-ingenieur-civil-a-mons\/\"]}]},{\"@type\":\"BreadcrumbList\",\"@id\":\"https:\/\/web.umons.ac.be\/fpms\/fr\/devenir-ingenieur-civil-a-mons\/#breadcrumb\",\"itemListElement\":[{\"@type\":\"ListItem\",\"position\":1,\"name\":\"Accueil\",\"item\":\"https:\/\/web.umons.ac.be\/fpms\/fr\/\"},{\"@type\":\"ListItem\",\"position\":2,\"name\":\"Devenir Ing\u00e9nieur Civil \u00e0 Mons\"}]},{\"@type\":\"WebSite\",\"@id\":\"https:\/\/web.umons.ac.be\/fpms\/#website\",\"url\":\"https:\/\/web.umons.ac.be\/fpms\/\",\"name\":\"Facult\u00e9 \/ FPMS\",\"description\":\"Un site utilisant Universit\u00e9 de Mons \u2013 UMONS\",\"potentialAction\":[{\"@type\":\"SearchAction\",\"target\":{\"@type\":\"EntryPoint\",\"urlTemplate\":\"https:\/\/web.umons.ac.be\/fpms\/?s={search_term_string}\"},\"query-input\":{\"@type\":\"PropertyValueSpecification\",\"valueRequired\":true,\"valueName\":\"search_term_string\"}}],\"inLanguage\":\"fr-FR\"}]}<\/script>\n<!-- \/ Yoast SEO plugin. -->","yoast_head_json":{"title":"Devenir Ing\u00e9nieur Civil \u00e0 Mons - Facult\u00e9 \/ FPMS","robots":{"index":"index","follow":"follow","max-snippet":"max-snippet:-1","max-image-preview":"max-image-preview:large","max-video-preview":"max-video-preview:-1"},"canonical":"https:\/\/web.umons.ac.be\/fpms\/fr\/devenir-ingenieur-civil-a-mons\/","og_locale":"fr_FR","og_type":"article","og_title":"Devenir Ing\u00e9nieur Civil \u00e0 Mons - Facult\u00e9 \/ FPMS","og_description":"Si acqu\u00e9rir un dipl\u00f4me tr\u00e8s appr\u00e9ci\u00e9 sur le march\u00e9 de l\u2019emploi est un de vos objectifs, Si la ma\u00eetrise des sciences et des techniques vous attire, Si les nouvelles technologies vous passionnent, Si concevoir et r\u00e9aliser des syst\u00e8mes et des produits utiles \u00e0 la soci\u00e9t\u00e9 vous s\u00e9duit, Si vous ambitionnez de b\u00e2tir l\u2019avenir, &nbsp;","og_url":"https:\/\/web.umons.ac.be\/fpms\/fr\/devenir-ingenieur-civil-a-mons\/","og_site_name":"Facult\u00e9 \/ FPMS","article_modified_time":"2021-09-07T09:16:46+00:00","twitter_card":"summary_large_image","twitter_misc":{"Dur\u00e9e de lecture estim\u00e9e":"1 minute"},"schema":{"@context":"https:\/\/schema.org","@graph":[{"@type":"WebPage","@id":"https:\/\/web.umons.ac.be\/fpms\/fr\/devenir-ingenieur-civil-a-mons\/","url":"https:\/\/web.umons.ac.be\/fpms\/fr\/devenir-ingenieur-civil-a-mons\/","name":"Devenir Ing\u00e9nieur Civil \u00e0 Mons - Facult\u00e9 \/ FPMS","isPartOf":{"@id":"https:\/\/web.umons.ac.be\/fpms\/#website"},"datePublished":"2017-09-11T13:12:32+00:00","dateModified":"2021-09-07T09:16:46+00:00","breadcrumb":{"@id":"https:\/\/web.umons.ac.be\/fpms\/fr\/devenir-ingenieur-civil-a-mons\/#breadcrumb"},"inLanguage":"fr-FR","potentialAction":[{"@type":"ReadAction","target":["https:\/\/web.umons.ac.be\/fpms\/fr\/devenir-ingenieur-civil-a-mons\/"]}]},{"@type":"BreadcrumbList","@id":"https:\/\/web.umons.ac.be\/fpms\/fr\/devenir-ingenieur-civil-a-mons\/#breadcrumb","itemListElement":[{"@type":"ListItem","position":1,"name":"Accueil","item":"https:\/\/web.umons.ac.be\/fpms\/fr\/"},{"@type":"ListItem","position":2,"name":"Devenir Ing\u00e9nieur Civil \u00e0 Mons"}]},{"@type":"WebSite","@id":"https:\/\/web.umons.ac.be\/fpms\/#website","url":"https:\/\/web.umons.ac.be\/fpms\/","name":"Facult\u00e9 \/ FPMS","description":"Un site utilisant Universit\u00e9 de Mons \u2013 UMONS","potentialAction":[{"@type":"SearchAction","target":{"@type":"EntryPoint","urlTemplate":"https:\/\/web.umons.ac.be\/fpms\/?s={search_term_string}"},"query-input":{"@type":"PropertyValueSpecification","valueRequired":true,"valueName":"search_term_string"}}],"inLanguage":"fr-FR"}]}},"lang":"fr","translations":{"fr":171,"en":536},"pll_sync_post":[],"_links":{"self":[{"href":"https:\/\/web.umons.ac.be\/fpms\/wp-json\/wp\/v2\/pages\/171","targetHints":{"allow":["GET"]}}],"collection":[{"href":"https:\/\/web.umons.ac.be\/fpms\/wp-json\/wp\/v2\/pages"}],"about":[{"href":"https:\/\/web.umons.ac.be\/fpms\/wp-json\/wp\/v2\/types\/page"}],"author":[{"embeddable":true,"href":"https:\/\/web.umons.ac.be\/fpms\/wp-json\/wp\/v2\/users\/2"}],"replies":[{"embeddable":true,"href":"https:\/\/web.umons.ac.be\/fpms\/wp-json\/wp\/v2\/comments?post=171"}],"version-history":[{"count":10,"href":"https:\/\/web.umons.ac.be\/fpms\/wp-json\/wp\/v2\/pages\/171\/revisions"}],"predecessor-version":[{"id":1906,"href":"https:\/\/web.umons.ac.be\/fpms\/wp-json\/wp\/v2\/pages\/171\/revisions\/1906"}],"wp:attachment":[{"href":"https:\/\/web.umons.ac.be\/fpms\/wp-json\/wp\/v2\/media?parent=171"}],"curies":[{"name":"wp","href":"https:\/\/api.w.org\/{rel}","templated":true}]}}