{"id":177,"date":"2017-09-11T15:19:31","date_gmt":"2017-09-11T13:19:31","guid":{"rendered":"https:\/\/web.umons.ac.be\/fpms\/?page_id=177"},"modified":"2021-09-29T11:19:58","modified_gmt":"2021-09-29T09:19:58","slug":"a-propos-de-la-faculte","status":"publish","type":"page","link":"https:\/\/web.umons.ac.be\/fpms\/fr\/a-propos-de-la-faculte\/","title":{"rendered":"A propos de la Facult\u00e9"},"content":{"rendered":"<h2>Polytech Mons<\/h2>\n<p>Fond\u00e9e \u00e0 Mons par deux Ing\u00e9nieurs\u00a0dipl\u00f4m\u00e9s de l\u2019Ecole Centrale Paris, la Facult\u00e9 Polytechnique de Mons <strong>forme\u00a0<\/strong><strong>des Ing\u00e9nieurs civils depuis 1837<\/strong>.<\/p>\n<ul>\n<li><strong>Polytech Mons <\/strong>est 1 des 4 Facult\u00e9s de Sciences Appliqu\u00e9es de la F\u00e9d\u00e9ration Wallonie \u2013Bruxelles<\/li>\n<li><strong>1000 \u00e9tudiants <\/strong>en Sciences de l\u2019Ing\u00e9nieur (Bachelier, Master, Doctorat, Formation continue)<\/li>\n<li><strong>250 acad\u00e9miques, scientifiques, <\/strong><strong>chercheurs, techniciens et administratifs<\/strong><\/li>\n<li>Pr\u00e9sente \u00e0 <strong>Mons <\/strong>et \u00e0 <strong>Charleroi<\/strong><\/li>\n<\/ul>\n<p><strong>\u00a0<\/strong><\/p>\n<p>La Facult\u00e9 Polytechnique de Mons d\u00e9livre le dipl\u00f4me de <strong>Master Ing\u00e9nieur <\/strong><strong>civil <\/strong>dans six sp\u00e9cialit\u00e9s :<\/p>\n<ul>\n<li><em>Architecture<\/em><\/li>\n<li><em>Chimie et Sciences des Mat\u00e9riaux<\/em><\/li>\n<li><em>Electricit\u00e9<\/em><\/li>\n<li><em>Informatique et Gestion<\/em><\/li>\n<li><em>M\u00e9canique<\/em><\/li>\n<li><em>Mines et G\u00e9ologue<\/em><\/li>\n<\/ul>\n","protected":false},"excerpt":{"rendered":"<p>Polytech Mons Fond\u00e9e \u00e0 Mons par deux Ing\u00e9nieurs\u00a0dipl\u00f4m\u00e9s de l\u2019Ecole Centrale Paris, la Facult\u00e9 Polytechnique de Mons forme\u00a0des Ing\u00e9nieurs civils depuis 1837. Polytech Mons est 1 des 4 Facult\u00e9s de Sciences Appliqu\u00e9es de la F\u00e9d\u00e9ration Wallonie \u2013Bruxelles 1000 \u00e9tudiants en Sciences de l\u2019Ing\u00e9nieur (Bachelier, Master, Doctorat, Formation continue) 250 acad\u00e9miques, scientifiques, chercheurs, techniciens et administratifs [&hellip;]<\/p>\n","protected":false},"author":2,"featured_media":0,"parent":0,"menu_order":8,"comment_status":"closed","ping_status":"closed","template":"","meta":{"footnotes":""},"class_list":["post-177","page","type-page","status-publish","hentry"],"yoast_head":"<!-- This site is optimized with the Yoast SEO plugin v27.2 - https:\/\/yoast.com\/product\/yoast-seo-wordpress\/ -->\n<title>A propos de la Facult\u00e9 - Facult\u00e9 \/ FPMS<\/title>\n<meta name=\"robots\" content=\"index, follow, max-snippet:-1, max-image-preview:large, max-video-preview:-1\" \/>\n<link rel=\"canonical\" href=\"https:\/\/web.umons.ac.be\/fpms\/fr\/a-propos-de-la-faculte\/\" \/>\n<meta property=\"og:locale\" content=\"fr_FR\" \/>\n<meta property=\"og:type\" content=\"article\" \/>\n<meta property=\"og:title\" content=\"A propos de la Facult\u00e9 - Facult\u00e9 \/ FPMS\" \/>\n<meta property=\"og:description\" content=\"Polytech Mons Fond\u00e9e \u00e0 Mons par deux Ing\u00e9nieurs\u00a0dipl\u00f4m\u00e9s de l\u2019Ecole Centrale Paris, la Facult\u00e9 Polytechnique de Mons forme\u00a0des Ing\u00e9nieurs civils depuis 1837. Polytech Mons est 1 des 4 Facult\u00e9s de Sciences Appliqu\u00e9es de la F\u00e9d\u00e9ration Wallonie \u2013Bruxelles 1000 \u00e9tudiants en Sciences de l\u2019Ing\u00e9nieur (Bachelier, Master, Doctorat, Formation continue) 250 acad\u00e9miques, scientifiques, chercheurs, techniciens et administratifs [&hellip;]\" \/>\n<meta property=\"og:url\" content=\"https:\/\/web.umons.ac.be\/fpms\/fr\/a-propos-de-la-faculte\/\" \/>\n<meta property=\"og:site_name\" content=\"Facult\u00e9 \/ FPMS\" \/>\n<meta property=\"article:modified_time\" content=\"2021-09-29T09:19:58+00:00\" \/>\n<meta name=\"twitter:card\" content=\"summary_large_image\" \/>\n<meta name=\"twitter:label1\" content=\"Dur\u00e9e de lecture estim\u00e9e\" \/>\n\t<meta name=\"twitter:data1\" content=\"1 minute\" \/>\n<script type=\"application\/ld+json\" class=\"yoast-schema-graph\">{\"@context\":\"https:\/\/schema.org\",\"@graph\":[{\"@type\":\"WebPage\",\"@id\":\"https:\/\/web.umons.ac.be\/fpms\/fr\/a-propos-de-la-faculte\/\",\"url\":\"https:\/\/web.umons.ac.be\/fpms\/fr\/a-propos-de-la-faculte\/\",\"name\":\"A propos de la Facult\u00e9 - Facult\u00e9 \/ FPMS\",\"isPartOf\":{\"@id\":\"https:\/\/web.umons.ac.be\/fpms\/#website\"},\"datePublished\":\"2017-09-11T13:19:31+00:00\",\"dateModified\":\"2021-09-29T09:19:58+00:00\",\"breadcrumb\":{\"@id\":\"https:\/\/web.umons.ac.be\/fpms\/fr\/a-propos-de-la-faculte\/#breadcrumb\"},\"inLanguage\":\"fr-FR\",\"potentialAction\":[{\"@type\":\"ReadAction\",\"target\":[\"https:\/\/web.umons.ac.be\/fpms\/fr\/a-propos-de-la-faculte\/\"]}]},{\"@type\":\"BreadcrumbList\",\"@id\":\"https:\/\/web.umons.ac.be\/fpms\/fr\/a-propos-de-la-faculte\/#breadcrumb\",\"itemListElement\":[{\"@type\":\"ListItem\",\"position\":1,\"name\":\"Accueil\",\"item\":\"https:\/\/web.umons.ac.be\/fpms\/fr\/\"},{\"@type\":\"ListItem\",\"position\":2,\"name\":\"A propos de la Facult\u00e9\"}]},{\"@type\":\"WebSite\",\"@id\":\"https:\/\/web.umons.ac.be\/fpms\/#website\",\"url\":\"https:\/\/web.umons.ac.be\/fpms\/\",\"name\":\"Facult\u00e9 \/ FPMS\",\"description\":\"Un site utilisant Universit\u00e9 de Mons \u2013 UMONS\",\"potentialAction\":[{\"@type\":\"SearchAction\",\"target\":{\"@type\":\"EntryPoint\",\"urlTemplate\":\"https:\/\/web.umons.ac.be\/fpms\/?s={search_term_string}\"},\"query-input\":{\"@type\":\"PropertyValueSpecification\",\"valueRequired\":true,\"valueName\":\"search_term_string\"}}],\"inLanguage\":\"fr-FR\"}]}<\/script>\n<!-- \/ Yoast SEO plugin. -->","yoast_head_json":{"title":"A propos de la Facult\u00e9 - Facult\u00e9 \/ FPMS","robots":{"index":"index","follow":"follow","max-snippet":"max-snippet:-1","max-image-preview":"max-image-preview:large","max-video-preview":"max-video-preview:-1"},"canonical":"https:\/\/web.umons.ac.be\/fpms\/fr\/a-propos-de-la-faculte\/","og_locale":"fr_FR","og_type":"article","og_title":"A propos de la Facult\u00e9 - Facult\u00e9 \/ FPMS","og_description":"Polytech Mons Fond\u00e9e \u00e0 Mons par deux Ing\u00e9nieurs\u00a0dipl\u00f4m\u00e9s de l\u2019Ecole Centrale Paris, la Facult\u00e9 Polytechnique de Mons forme\u00a0des Ing\u00e9nieurs civils depuis 1837. Polytech Mons est 1 des 4 Facult\u00e9s de Sciences Appliqu\u00e9es de la F\u00e9d\u00e9ration Wallonie \u2013Bruxelles 1000 \u00e9tudiants en Sciences de l\u2019Ing\u00e9nieur (Bachelier, Master, Doctorat, Formation continue) 250 acad\u00e9miques, scientifiques, chercheurs, techniciens et administratifs [&hellip;]","og_url":"https:\/\/web.umons.ac.be\/fpms\/fr\/a-propos-de-la-faculte\/","og_site_name":"Facult\u00e9 \/ FPMS","article_modified_time":"2021-09-29T09:19:58+00:00","twitter_card":"summary_large_image","twitter_misc":{"Dur\u00e9e de lecture estim\u00e9e":"1 minute"},"schema":{"@context":"https:\/\/schema.org","@graph":[{"@type":"WebPage","@id":"https:\/\/web.umons.ac.be\/fpms\/fr\/a-propos-de-la-faculte\/","url":"https:\/\/web.umons.ac.be\/fpms\/fr\/a-propos-de-la-faculte\/","name":"A propos de la Facult\u00e9 - Facult\u00e9 \/ FPMS","isPartOf":{"@id":"https:\/\/web.umons.ac.be\/fpms\/#website"},"datePublished":"2017-09-11T13:19:31+00:00","dateModified":"2021-09-29T09:19:58+00:00","breadcrumb":{"@id":"https:\/\/web.umons.ac.be\/fpms\/fr\/a-propos-de-la-faculte\/#breadcrumb"},"inLanguage":"fr-FR","potentialAction":[{"@type":"ReadAction","target":["https:\/\/web.umons.ac.be\/fpms\/fr\/a-propos-de-la-faculte\/"]}]},{"@type":"BreadcrumbList","@id":"https:\/\/web.umons.ac.be\/fpms\/fr\/a-propos-de-la-faculte\/#breadcrumb","itemListElement":[{"@type":"ListItem","position":1,"name":"Accueil","item":"https:\/\/web.umons.ac.be\/fpms\/fr\/"},{"@type":"ListItem","position":2,"name":"A propos de la Facult\u00e9"}]},{"@type":"WebSite","@id":"https:\/\/web.umons.ac.be\/fpms\/#website","url":"https:\/\/web.umons.ac.be\/fpms\/","name":"Facult\u00e9 \/ FPMS","description":"Un site utilisant Universit\u00e9 de Mons \u2013 UMONS","potentialAction":[{"@type":"SearchAction","target":{"@type":"EntryPoint","urlTemplate":"https:\/\/web.umons.ac.be\/fpms\/?s={search_term_string}"},"query-input":{"@type":"PropertyValueSpecification","valueRequired":true,"valueName":"search_term_string"}}],"inLanguage":"fr-FR"}]}},"lang":"fr","translations":{"fr":177,"en":622},"pll_sync_post":[],"_links":{"self":[{"href":"https:\/\/web.umons.ac.be\/fpms\/wp-json\/wp\/v2\/pages\/177","targetHints":{"allow":["GET"]}}],"collection":[{"href":"https:\/\/web.umons.ac.be\/fpms\/wp-json\/wp\/v2\/pages"}],"about":[{"href":"https:\/\/web.umons.ac.be\/fpms\/wp-json\/wp\/v2\/types\/page"}],"author":[{"embeddable":true,"href":"https:\/\/web.umons.ac.be\/fpms\/wp-json\/wp\/v2\/users\/2"}],"replies":[{"embeddable":true,"href":"https:\/\/web.umons.ac.be\/fpms\/wp-json\/wp\/v2\/comments?post=177"}],"version-history":[{"count":3,"href":"https:\/\/web.umons.ac.be\/fpms\/wp-json\/wp\/v2\/pages\/177\/revisions"}],"predecessor-version":[{"id":1939,"href":"https:\/\/web.umons.ac.be\/fpms\/wp-json\/wp\/v2\/pages\/177\/revisions\/1939"}],"wp:attachment":[{"href":"https:\/\/web.umons.ac.be\/fpms\/wp-json\/wp\/v2\/media?parent=177"}],"curies":[{"name":"wp","href":"https:\/\/api.w.org\/{rel}","templated":true}]}}