{"id":200,"date":"2017-09-11T15:37:24","date_gmt":"2017-09-11T13:37:24","guid":{"rendered":"https:\/\/web.umons.ac.be\/fpms\/?page_id=200"},"modified":"2023-08-30T15:31:58","modified_gmt":"2023-08-30T13:31:58","slug":"historique","status":"publish","type":"page","link":"https:\/\/web.umons.ac.be\/fpms\/fr\/a-propos-de-la-faculte\/historique\/","title":{"rendered":"Historique"},"content":{"rendered":"<h2>De l&rsquo;Ecole des Mines \u00e0 la Facult\u00e9 Polytechnique de Mons<\/h2>\n<div class=\"file-attachment\">\n<p>En 1836, sur proposition de Jean-Baptiste Thorn, deuxi\u00e8me gouverneur du Hainaut de la Belgique ind\u00e9pendante, le conseil Provincial du Hainaut reconna\u00eet la n\u00e9cessit\u00e9 pour la Province de promouvoir la formation d&rsquo;ing\u00e9nieurs aptes \u00e0 exercer les diverses professions industrielles de l&rsquo;\u00e9poque. Nos houill\u00e8res, hauts fourneaux, laminoirs, verreries, fa\u00efenceries, raffineries et sucreries se d\u00e9veloppent \u00e0 un rythme soutenu et les bassins industriels du Hainaut sont en pleine transformation. En sa s\u00e9ance du 21 octobre 1836, le Conseil Provincial prend la d\u00e9cision de cr\u00e9er \u00e0 Mons une \u00ab\u00a0Ecole Provinciale des Mines du Hainaut\u00a0\u00bb.\u00a0L&rsquo;arr\u00eat\u00e9 royal du 27 septembre 1837 la place sous le contr\u00f4le de la D\u00e9putation Permanente et, le 1er novembre de la m\u00eame ann\u00e9e, les cours s&rsquo;ouvrent dans un local offert par la Ville de Mons. Les cr\u00e9dits annuels sont allou\u00e9s par la Province de Hainaut et par la Ville de Mons. Les premiers\u00a0cours de l&rsquo;Ecole Provinciale des Mines du Hainaut (1837-1838)\u00a0auront lieu le premier lundi de novembre 1837<\/p>\n<p><a href=\"https:\/\/web.umons.ac.be\/app\/uploads\/sites\/6\/2017\/09\/Historiquesiteweb.pdf\" target=\"_blank\" rel=\"noopener noreferrer\">suite du r\u00e9cit&#8230;<\/a><\/p>\n<\/div>\n<h5>1837-2012 : 175 ans<\/h5>\n<p><img loading=\"lazy\" decoding=\"async\" class=\"alignright size-medium wp-image-92\" src=\"https:\/\/web.umons.ac.be\/app\/uploads\/sites\/6\/2017\/07\/DSC_47381-300x233.jpg\" alt=\"\" width=\"300\" height=\"233\" srcset=\"https:\/\/web.umons.ac.be\/app\/uploads\/sites\/6\/2017\/07\/DSC_47381-300x233.jpg 300w, https:\/\/web.umons.ac.be\/app\/uploads\/sites\/6\/2017\/07\/DSC_47381-30x23.jpg 30w, https:\/\/web.umons.ac.be\/app\/uploads\/sites\/6\/2017\/07\/DSC_47381-60x47.jpg 60w, https:\/\/web.umons.ac.be\/app\/uploads\/sites\/6\/2017\/07\/DSC_47381-360x279.jpg 360w, https:\/\/web.umons.ac.be\/app\/uploads\/sites\/6\/2017\/07\/DSC_47381.jpg 409w\" sizes=\"auto, (max-width: 300px) 100vw, 300px\" \/>Ils sont jeunes ing\u00e9nieurs \u2026 Ils sont dipl\u00f4m\u00e9s d\u2019une grande \u00e9cole d\u2019ing\u00e9nieurs \u2026 Ils s&rsquo;appellent Alphonse et Th\u00e9ophile. Mais les jeunes ing\u00e9nieurs ne portent plus ces pr\u00e9noms l\u00e0 aujourd&rsquo;hui, et pour cause&#8230;<\/p>\n<p>Nous sommes en 1837 et le gouvernement provincial du Hainaut a d\u00e9cid\u00e9 de confier \u00e0 <strong>Th\u00e9ophile G<\/strong><strong>uibal et Adolphe Devillez<\/strong> la responsabilit\u00e9 d\u2019organiser les programmes de l\u2019Ecole\u00a0Provinciale des Mines du Hainaut, nouvellement\u00a0cr\u00e9\u00e9e.<\/p>\n<p>Ces deux jeunes ing\u00e9nieurs sont issus de l&rsquo;Ecole Centrale des Arts et Manufactures de Paris, fond\u00e9e huit ans auparavant. Le premier lundi de novembre 1837, ils accueillent avec deux autres coll\u00e8gues leurs premiers \u00e9tudiants, qui entament un cycle d&rsquo;\u00e9tudes dont la dur\u00e9e \u00e9tait fix\u00e9e \u00e0 l&rsquo;\u00e9poque \u00e0 deux ans. Les quatre dipl\u00f4m\u00e9s de la premi\u00e8re promotion sortiront donc en 1839.<\/p>\n<h5><strong>Directeurs, administrateurs, recteurs et doyens qui se sont succ\u00e9d\u00e9s \u00e0 la t\u00eate de la Facult\u00e9 Polytechnique de Mons depuis 1837<\/strong><\/h5>\n<ul>\n<li><strong>Adolphe Devillez<\/strong>, de 1837 \u00e0 1865, sans titre<\/li>\n<li><strong>Adolphe Devillez<\/strong>, de 1866 \u00e0 1888, nomm\u00e9 Directeur pour la 1\u00e8re fois<\/li>\n<li><strong>M. Lambert<\/strong>, de 1888 \u00e0 1890, Directeur int\u00e9rimaire<\/li>\n<li><strong>Auguste Macquet<\/strong>, de 1890 \u00e0 1918, Directeur<\/li>\n<li><strong>Armand Halleux<\/strong>, de 1918 \u00e0 1923, Administrateur<\/li>\n<li><strong>Jules Yernaux<\/strong>, de 1923 \u00e0 1934, Administrateur<\/li>\n<li><strong>Jules Yernaux<\/strong>, de 1934 \u00e0 1946, Administrateur-Directeur<\/li>\n<li><strong>A.J. Jadot<\/strong>, de 1946 \u00e0 1952, Administrateur<\/li>\n<li><strong>Pierre Houzeau de Lehaie<\/strong>, de 1952 \u00e0 1954, Administrateur<\/li>\n<li><strong>Pierre Houzeau de Lehaie<\/strong>, de 1954 \u00e0 1970, nomm\u00e9 Recteur pour la 1\u00e8re fois<\/li>\n<li><strong>Jean Baland<\/strong>, de 1970 \u00e0 1974, Recteur<\/li>\n<li><strong>Ren\u00e9 Emile Baland<\/strong>, de 1974 \u00e0 1986, Recteur<\/li>\n<li><strong>Christian Bouquegneau<\/strong>, de 1986 \u00e0 1994, Recteur<\/li>\n<li><strong>Serge Boucher<\/strong>, de 1994 \u00e0 2006, Recteur<\/li>\n<li><strong>Calogero Conti<\/strong>, de 2006 \u00e0 2009, Recteur<\/li>\n<li><strong>Paul Lybaert<\/strong>, de 2009 \u00e0 2014, Doyen<\/li>\n<li><strong>Pierre Dehombeux<\/strong>, de 2014 \u00e0 2018, Doyen<\/li>\n<li><strong>Christine Renotte<\/strong>, de 2018 \u00e0 2022, Doyenne<\/li>\n<li><strong>V\u00e9ronique Feldheim<\/strong>, de 2022 \u00e0 &#8230;, Doyenne<\/li>\n<\/ul>\n<h5><strong>Le Coll\u00e8ge de Houdain<\/strong><\/h5>\n<p><img loading=\"lazy\" decoding=\"async\" class=\"alignright size-medium wp-image-37\" src=\"https:\/\/web.umons.ac.be\/app\/uploads\/sites\/6\/2017\/07\/04FPMs-2016.pdf-Adobe-Acrobat-Pro-DC-8-213x300.jpg\" alt=\"\" width=\"213\" height=\"300\" srcset=\"https:\/\/web.umons.ac.be\/app\/uploads\/sites\/6\/2017\/07\/04FPMs-2016.pdf-Adobe-Acrobat-Pro-DC-8-213x300.jpg 213w, https:\/\/web.umons.ac.be\/app\/uploads\/sites\/6\/2017\/07\/04FPMs-2016.pdf-Adobe-Acrobat-Pro-DC-8-768x1084.jpg 768w, https:\/\/web.umons.ac.be\/app\/uploads\/sites\/6\/2017\/07\/04FPMs-2016.pdf-Adobe-Acrobat-Pro-DC-8-726x1024.jpg 726w, https:\/\/web.umons.ac.be\/app\/uploads\/sites\/6\/2017\/07\/04FPMs-2016.pdf-Adobe-Acrobat-Pro-DC-8-30x42.jpg 30w, https:\/\/web.umons.ac.be\/app\/uploads\/sites\/6\/2017\/07\/04FPMs-2016.pdf-Adobe-Acrobat-Pro-DC-8-43x60.jpg 43w, https:\/\/web.umons.ac.be\/app\/uploads\/sites\/6\/2017\/07\/04FPMs-2016.pdf-Adobe-Acrobat-Pro-DC-8-360x508.jpg 360w, https:\/\/web.umons.ac.be\/app\/uploads\/sites\/6\/2017\/07\/04FPMs-2016.pdf-Adobe-Acrobat-Pro-DC-8.jpg 798w\" sizes=\"auto, (max-width: 213px) 100vw, 213px\" \/>A l\u2019origine ce b\u00e2timent forme le coll\u00e8ge de Houdain, coll\u00e8ge d\u2019humanit\u00e9 fond\u00e9 en 1545 par le Magistrat de la Ville de Mons. Sis au c\u0153ur de l\u2019ancien jardin de l\u2019h\u00f4pital de Houdain, l\u2019\u00e9difice actuel date du 1er tiers du XVIIIe si\u00e8cle et fut dessin\u00e9 par l\u2019architecte Claude-J. de Bettignies, aussi auteur du campanile de Sainte-Elisabeth, et reconstruit de 1735 \u00e0 1739 par le m\u00eame architecte. L\u2019aile originelle est surmont\u00e9e d\u2019un campanile ajour\u00e9 et de lucarnes d\u2019agr\u00e9ment.<\/p>\n<p>Int\u00e9gr\u00e9 en 1781 \u00e0 l\u2019H\u00f4pital du Saint-Esprit et au Bureau de Bienfaisance, le coll\u00e8ge re\u00e7u le nom de caserne de Saint-Esprit. Apr\u00e8s la suppression du coll\u00e8ge en 1794, il fut occup\u00e9 par des ateliers. L\u2019Ecole des Mines le r\u00e9cup\u00e9ra en 1878. C\u2019est alors que seront \u00e9difi\u00e9es la partie centrale et l\u2019aile de droite actuelle par l\u2019architecte Hector Puchot, en 1900-1904.<\/p>\n<p>Le monument de bronze install\u00e9 en 1902 au centre de la cour d\u2019honneur repr\u00e9sente Guibal et Devillez, fondateurs de l\u2019Ecole des Mines. Il est l\u2019\u0153uvre de L. Devillez.<\/p>\n<p>Aujourd&rsquo;hui, l\u2019ancien coll\u00e8ge de Houdain est int\u00e9gr\u00e9 dans les b\u00e2timents de la Facult\u00e9 Polytechnique. Construction homog\u00e8ne, vaste et aust\u00e8re, \u00e0 quatre niveaux dont un rez-de-chauss\u00e9e orn\u00e9 d\u2019une belle galerie de neuf arcades en plein cintre. L&rsquo;int\u00e9rieur comprend un remarquable escalier en fonte et en \u00ab petit granit \u00bb de Soignies.<\/p>\n<p>Outre le site historique de la Facult\u00e9 Polytechnique, ces b\u00e2timents abritent un espace mus\u00e9al.<\/p>\n<p><iframe loading=\"lazy\" title=\"R\u00e9trospective 175 ans de la Facult\u00e9 Polytechnique de Mons\" width=\"500\" height=\"281\" src=\"https:\/\/www.youtube.com\/embed\/-EHLQAWPqUQ?feature=oembed\" frameborder=\"0\" allow=\"accelerometer; autoplay; clipboard-write; encrypted-media; gyroscope; picture-in-picture; web-share\" referrerpolicy=\"strict-origin-when-cross-origin\" allowfullscreen><\/iframe><\/p>\n","protected":false},"excerpt":{"rendered":"<p>De l&rsquo;Ecole des Mines \u00e0 la Facult\u00e9 Polytechnique de Mons En 1836, sur proposition de Jean-Baptiste Thorn, deuxi\u00e8me gouverneur du Hainaut de la Belgique ind\u00e9pendante, le conseil Provincial du Hainaut reconna\u00eet la n\u00e9cessit\u00e9 pour la Province de promouvoir la formation d&rsquo;ing\u00e9nieurs aptes \u00e0 exercer les diverses professions industrielles de l&rsquo;\u00e9poque. Nos houill\u00e8res, hauts fourneaux, laminoirs, [&hellip;]<\/p>\n","protected":false},"author":2,"featured_media":0,"parent":177,"menu_order":5,"comment_status":"closed","ping_status":"closed","template":"","meta":{"footnotes":""},"class_list":["post-200","page","type-page","status-publish","hentry"],"yoast_head":"<!-- This site is optimized with the Yoast SEO plugin v27.2 - https:\/\/yoast.com\/product\/yoast-seo-wordpress\/ -->\n<title>Historique - Facult\u00e9 \/ FPMS<\/title>\n<meta name=\"robots\" content=\"index, follow, max-snippet:-1, max-image-preview:large, max-video-preview:-1\" \/>\n<link rel=\"canonical\" href=\"https:\/\/web.umons.ac.be\/fpms\/fr\/a-propos-de-la-faculte\/historique\/\" \/>\n<meta property=\"og:locale\" content=\"fr_FR\" \/>\n<meta property=\"og:type\" content=\"article\" \/>\n<meta property=\"og:title\" content=\"Historique - Facult\u00e9 \/ FPMS\" \/>\n<meta property=\"og:description\" content=\"De l&rsquo;Ecole des Mines \u00e0 la Facult\u00e9 Polytechnique de Mons En 1836, sur proposition de Jean-Baptiste Thorn, deuxi\u00e8me gouverneur du Hainaut de la Belgique ind\u00e9pendante, le conseil Provincial du Hainaut reconna\u00eet la n\u00e9cessit\u00e9 pour la Province de promouvoir la formation d&rsquo;ing\u00e9nieurs aptes \u00e0 exercer les diverses professions industrielles de l&rsquo;\u00e9poque. Nos houill\u00e8res, hauts fourneaux, laminoirs, [&hellip;]\" \/>\n<meta property=\"og:url\" content=\"https:\/\/web.umons.ac.be\/fpms\/fr\/a-propos-de-la-faculte\/historique\/\" \/>\n<meta property=\"og:site_name\" content=\"Facult\u00e9 \/ FPMS\" \/>\n<meta property=\"article:modified_time\" content=\"2023-08-30T13:31:58+00:00\" \/>\n<meta property=\"og:image\" content=\"https:\/\/web.umons.ac.be\/app\/uploads\/sites\/6\/2017\/07\/DSC_47381-300x233.jpg\" \/>\n<meta name=\"twitter:card\" content=\"summary_large_image\" \/>\n<meta name=\"twitter:label1\" content=\"Dur\u00e9e de lecture estim\u00e9e\" \/>\n\t<meta name=\"twitter:data1\" content=\"4 minutes\" \/>\n<script type=\"application\/ld+json\" class=\"yoast-schema-graph\">{\"@context\":\"https:\/\/schema.org\",\"@graph\":[{\"@type\":\"WebPage\",\"@id\":\"https:\/\/web.umons.ac.be\/fpms\/fr\/a-propos-de-la-faculte\/historique\/\",\"url\":\"https:\/\/web.umons.ac.be\/fpms\/fr\/a-propos-de-la-faculte\/historique\/\",\"name\":\"Historique - Facult\u00e9 \/ FPMS\",\"isPartOf\":{\"@id\":\"https:\/\/web.umons.ac.be\/fpms\/#website\"},\"primaryImageOfPage\":{\"@id\":\"https:\/\/web.umons.ac.be\/fpms\/fr\/a-propos-de-la-faculte\/historique\/#primaryimage\"},\"image\":{\"@id\":\"https:\/\/web.umons.ac.be\/fpms\/fr\/a-propos-de-la-faculte\/historique\/#primaryimage\"},\"thumbnailUrl\":\"https:\/\/web.umons.ac.be\/app\/uploads\/sites\/6\/2017\/07\/DSC_47381-300x233.jpg\",\"datePublished\":\"2017-09-11T13:37:24+00:00\",\"dateModified\":\"2023-08-30T13:31:58+00:00\",\"breadcrumb\":{\"@id\":\"https:\/\/web.umons.ac.be\/fpms\/fr\/a-propos-de-la-faculte\/historique\/#breadcrumb\"},\"inLanguage\":\"fr-FR\",\"potentialAction\":[{\"@type\":\"ReadAction\",\"target\":[\"https:\/\/web.umons.ac.be\/fpms\/fr\/a-propos-de-la-faculte\/historique\/\"]}]},{\"@type\":\"ImageObject\",\"inLanguage\":\"fr-FR\",\"@id\":\"https:\/\/web.umons.ac.be\/fpms\/fr\/a-propos-de-la-faculte\/historique\/#primaryimage\",\"url\":\"https:\/\/web.umons.ac.be\/app\/uploads\/sites\/6\/2017\/07\/DSC_47381-300x233.jpg\",\"contentUrl\":\"https:\/\/web.umons.ac.be\/app\/uploads\/sites\/6\/2017\/07\/DSC_47381-300x233.jpg\"},{\"@type\":\"BreadcrumbList\",\"@id\":\"https:\/\/web.umons.ac.be\/fpms\/fr\/a-propos-de-la-faculte\/historique\/#breadcrumb\",\"itemListElement\":[{\"@type\":\"ListItem\",\"position\":1,\"name\":\"Accueil\",\"item\":\"https:\/\/web.umons.ac.be\/fpms\/fr\/\"},{\"@type\":\"ListItem\",\"position\":2,\"name\":\"A propos de la Facult\u00e9\",\"item\":\"https:\/\/web.umons.ac.be\/fpms\/fr\/a-propos-de-la-faculte\/\"},{\"@type\":\"ListItem\",\"position\":3,\"name\":\"Historique\"}]},{\"@type\":\"WebSite\",\"@id\":\"https:\/\/web.umons.ac.be\/fpms\/#website\",\"url\":\"https:\/\/web.umons.ac.be\/fpms\/\",\"name\":\"Facult\u00e9 \/ FPMS\",\"description\":\"Un site utilisant Universit\u00e9 de Mons \u2013 UMONS\",\"potentialAction\":[{\"@type\":\"SearchAction\",\"target\":{\"@type\":\"EntryPoint\",\"urlTemplate\":\"https:\/\/web.umons.ac.be\/fpms\/?s={search_term_string}\"},\"query-input\":{\"@type\":\"PropertyValueSpecification\",\"valueRequired\":true,\"valueName\":\"search_term_string\"}}],\"inLanguage\":\"fr-FR\"}]}<\/script>\n<!-- \/ Yoast SEO plugin. -->","yoast_head_json":{"title":"Historique - Facult\u00e9 \/ FPMS","robots":{"index":"index","follow":"follow","max-snippet":"max-snippet:-1","max-image-preview":"max-image-preview:large","max-video-preview":"max-video-preview:-1"},"canonical":"https:\/\/web.umons.ac.be\/fpms\/fr\/a-propos-de-la-faculte\/historique\/","og_locale":"fr_FR","og_type":"article","og_title":"Historique - Facult\u00e9 \/ FPMS","og_description":"De l&rsquo;Ecole des Mines \u00e0 la Facult\u00e9 Polytechnique de Mons En 1836, sur proposition de Jean-Baptiste Thorn, deuxi\u00e8me gouverneur du Hainaut de la Belgique ind\u00e9pendante, le conseil Provincial du Hainaut reconna\u00eet la n\u00e9cessit\u00e9 pour la Province de promouvoir la formation d&rsquo;ing\u00e9nieurs aptes \u00e0 exercer les diverses professions industrielles de l&rsquo;\u00e9poque. Nos houill\u00e8res, hauts fourneaux, laminoirs, [&hellip;]","og_url":"https:\/\/web.umons.ac.be\/fpms\/fr\/a-propos-de-la-faculte\/historique\/","og_site_name":"Facult\u00e9 \/ FPMS","article_modified_time":"2023-08-30T13:31:58+00:00","og_image":[{"url":"https:\/\/web.umons.ac.be\/app\/uploads\/sites\/6\/2017\/07\/DSC_47381-300x233.jpg","type":"","width":"","height":""}],"twitter_card":"summary_large_image","twitter_misc":{"Dur\u00e9e de lecture estim\u00e9e":"4 minutes"},"schema":{"@context":"https:\/\/schema.org","@graph":[{"@type":"WebPage","@id":"https:\/\/web.umons.ac.be\/fpms\/fr\/a-propos-de-la-faculte\/historique\/","url":"https:\/\/web.umons.ac.be\/fpms\/fr\/a-propos-de-la-faculte\/historique\/","name":"Historique - Facult\u00e9 \/ FPMS","isPartOf":{"@id":"https:\/\/web.umons.ac.be\/fpms\/#website"},"primaryImageOfPage":{"@id":"https:\/\/web.umons.ac.be\/fpms\/fr\/a-propos-de-la-faculte\/historique\/#primaryimage"},"image":{"@id":"https:\/\/web.umons.ac.be\/fpms\/fr\/a-propos-de-la-faculte\/historique\/#primaryimage"},"thumbnailUrl":"https:\/\/web.umons.ac.be\/app\/uploads\/sites\/6\/2017\/07\/DSC_47381-300x233.jpg","datePublished":"2017-09-11T13:37:24+00:00","dateModified":"2023-08-30T13:31:58+00:00","breadcrumb":{"@id":"https:\/\/web.umons.ac.be\/fpms\/fr\/a-propos-de-la-faculte\/historique\/#breadcrumb"},"inLanguage":"fr-FR","potentialAction":[{"@type":"ReadAction","target":["https:\/\/web.umons.ac.be\/fpms\/fr\/a-propos-de-la-faculte\/historique\/"]}]},{"@type":"ImageObject","inLanguage":"fr-FR","@id":"https:\/\/web.umons.ac.be\/fpms\/fr\/a-propos-de-la-faculte\/historique\/#primaryimage","url":"https:\/\/web.umons.ac.be\/app\/uploads\/sites\/6\/2017\/07\/DSC_47381-300x233.jpg","contentUrl":"https:\/\/web.umons.ac.be\/app\/uploads\/sites\/6\/2017\/07\/DSC_47381-300x233.jpg"},{"@type":"BreadcrumbList","@id":"https:\/\/web.umons.ac.be\/fpms\/fr\/a-propos-de-la-faculte\/historique\/#breadcrumb","itemListElement":[{"@type":"ListItem","position":1,"name":"Accueil","item":"https:\/\/web.umons.ac.be\/fpms\/fr\/"},{"@type":"ListItem","position":2,"name":"A propos de la Facult\u00e9","item":"https:\/\/web.umons.ac.be\/fpms\/fr\/a-propos-de-la-faculte\/"},{"@type":"ListItem","position":3,"name":"Historique"}]},{"@type":"WebSite","@id":"https:\/\/web.umons.ac.be\/fpms\/#website","url":"https:\/\/web.umons.ac.be\/fpms\/","name":"Facult\u00e9 \/ FPMS","description":"Un site utilisant Universit\u00e9 de Mons \u2013 UMONS","potentialAction":[{"@type":"SearchAction","target":{"@type":"EntryPoint","urlTemplate":"https:\/\/web.umons.ac.be\/fpms\/?s={search_term_string}"},"query-input":{"@type":"PropertyValueSpecification","valueRequired":true,"valueName":"search_term_string"}}],"inLanguage":"fr-FR"}]}},"lang":"fr","translations":{"fr":200,"en":637},"pll_sync_post":[],"_links":{"self":[{"href":"https:\/\/web.umons.ac.be\/fpms\/wp-json\/wp\/v2\/pages\/200","targetHints":{"allow":["GET"]}}],"collection":[{"href":"https:\/\/web.umons.ac.be\/fpms\/wp-json\/wp\/v2\/pages"}],"about":[{"href":"https:\/\/web.umons.ac.be\/fpms\/wp-json\/wp\/v2\/types\/page"}],"author":[{"embeddable":true,"href":"https:\/\/web.umons.ac.be\/fpms\/wp-json\/wp\/v2\/users\/2"}],"replies":[{"embeddable":true,"href":"https:\/\/web.umons.ac.be\/fpms\/wp-json\/wp\/v2\/comments?post=200"}],"version-history":[{"count":4,"href":"https:\/\/web.umons.ac.be\/fpms\/wp-json\/wp\/v2\/pages\/200\/revisions"}],"predecessor-version":[{"id":2761,"href":"https:\/\/web.umons.ac.be\/fpms\/wp-json\/wp\/v2\/pages\/200\/revisions\/2761"}],"up":[{"embeddable":true,"href":"https:\/\/web.umons.ac.be\/fpms\/wp-json\/wp\/v2\/pages\/177"}],"wp:attachment":[{"href":"https:\/\/web.umons.ac.be\/fpms\/wp-json\/wp\/v2\/media?parent=200"}],"curies":[{"name":"wp","href":"https:\/\/api.w.org\/{rel}","templated":true}]}}