{"id":210,"date":"2017-09-11T16:02:06","date_gmt":"2017-09-11T14:02:06","guid":{"rendered":"https:\/\/web.umons.ac.be\/fpms\/?page_id=210"},"modified":"2021-09-29T11:22:31","modified_gmt":"2021-09-29T09:22:31","slug":"docteur-honoris-causa","status":"publish","type":"page","link":"https:\/\/web.umons.ac.be\/fpms\/fr\/a-propos-de-la-faculte\/docteur-honoris-causa\/","title":{"rendered":"Docteur Honoris Causa"},"content":{"rendered":"<h2>Doctorats Honoris Causa d\u00e9cern\u00e9s par la Facult\u00e9 Polytechnique<\/h2>\n<p><img loading=\"lazy\" decoding=\"async\" class=\"alignleft wp-image-214 size-full\" src=\"https:\/\/web.umons.ac.be\/app\/uploads\/sites\/6\/2017\/09\/dhc_insigne.jpg\" alt=\"\" width=\"151\" height=\"203\" srcset=\"https:\/\/web.umons.ac.be\/app\/uploads\/sites\/6\/2017\/09\/dhc_insigne.jpg 151w, https:\/\/web.umons.ac.be\/app\/uploads\/sites\/6\/2017\/09\/dhc_insigne-30x40.jpg 30w, https:\/\/web.umons.ac.be\/app\/uploads\/sites\/6\/2017\/09\/dhc_insigne-45x60.jpg 45w\" sizes=\"auto, (max-width: 151px) 100vw, 151px\" \/>Le grade de docteur honoraire ou doctor honoris causa est un titre honorifique attribu\u00e9 par proc\u00e9dure d&rsquo;exception. Il distingue une personnalit\u00e9 hors du commun qui a apport\u00e9 une contribution notable \u00e0 son champ d&rsquo;expertise, ou \u00e0 une institution en particulier. La plupart des r\u00e8glements insistent sur des qualit\u00e9s morales du docteur honoraire, comme la probit\u00e9, et un autre crit\u00e8re \u00e9galement important pour la nomination d&rsquo;un doctor honoris causa est la reconnaissance par les pairs. On peut rencontrer des doctor honoris causa dans tous les champs du savoir, qu&rsquo;il s&rsquo;agisse des lettres et des arts, des sciences exactes, des sciences humaines ou sociales, de la philosophie&#8230; Depuis 1987, la FPMs a ainsi honor\u00e9 34 personnalit\u00e9s \u00e0 tr\u00e8s fort rayonnement international.<\/p>\n<p><a href=\"https:\/\/web.umons.ac.be\/fr\/universite\/lumons-en-bref\/les-docteurs-honoris-causa\/les-dhc-avant-la-creation-de-lumons\/\" target=\"_blank\" rel=\"noopener\">Voir la liste des DHC de la FPMS de 1987 \u00e0 2008<\/a><\/p>\n","protected":false},"excerpt":{"rendered":"<p>Doctorats Honoris Causa d\u00e9cern\u00e9s par la Facult\u00e9 Polytechnique Le grade de docteur honoraire ou doctor honoris causa est un titre honorifique attribu\u00e9 par proc\u00e9dure d&rsquo;exception. Il distingue une personnalit\u00e9 hors du commun qui a apport\u00e9 une contribution notable \u00e0 son champ d&rsquo;expertise, ou \u00e0 une institution en particulier. La plupart des r\u00e8glements insistent sur des [&hellip;]<\/p>\n","protected":false},"author":2,"featured_media":0,"parent":177,"menu_order":6,"comment_status":"closed","ping_status":"closed","template":"","meta":{"footnotes":""},"class_list":["post-210","page","type-page","status-publish","hentry"],"yoast_head":"<!-- This site is optimized with the Yoast SEO plugin v27.2 - https:\/\/yoast.com\/product\/yoast-seo-wordpress\/ -->\n<title>Docteur Honoris Causa - Facult\u00e9 \/ FPMS<\/title>\n<meta name=\"robots\" content=\"index, follow, max-snippet:-1, max-image-preview:large, max-video-preview:-1\" \/>\n<link rel=\"canonical\" href=\"https:\/\/web.umons.ac.be\/fpms\/fr\/a-propos-de-la-faculte\/docteur-honoris-causa\/\" \/>\n<meta property=\"og:locale\" content=\"fr_FR\" \/>\n<meta property=\"og:type\" content=\"article\" \/>\n<meta property=\"og:title\" content=\"Docteur Honoris Causa - Facult\u00e9 \/ FPMS\" \/>\n<meta property=\"og:description\" content=\"Doctorats Honoris Causa d\u00e9cern\u00e9s par la Facult\u00e9 Polytechnique Le grade de docteur honoraire ou doctor honoris causa est un titre honorifique attribu\u00e9 par proc\u00e9dure d&rsquo;exception. Il distingue une personnalit\u00e9 hors du commun qui a apport\u00e9 une contribution notable \u00e0 son champ d&rsquo;expertise, ou \u00e0 une institution en particulier. La plupart des r\u00e8glements insistent sur des [&hellip;]\" \/>\n<meta property=\"og:url\" content=\"https:\/\/web.umons.ac.be\/fpms\/fr\/a-propos-de-la-faculte\/docteur-honoris-causa\/\" \/>\n<meta property=\"og:site_name\" content=\"Facult\u00e9 \/ FPMS\" \/>\n<meta property=\"article:modified_time\" content=\"2021-09-29T09:22:31+00:00\" \/>\n<meta property=\"og:image\" content=\"https:\/\/web.umons.ac.be\/app\/uploads\/sites\/6\/2017\/09\/dhc_insigne.jpg\" \/>\n<meta name=\"twitter:card\" content=\"summary_large_image\" \/>\n<meta name=\"twitter:label1\" content=\"Dur\u00e9e de lecture estim\u00e9e\" \/>\n\t<meta name=\"twitter:data1\" content=\"1 minute\" \/>\n<script type=\"application\/ld+json\" class=\"yoast-schema-graph\">{\"@context\":\"https:\/\/schema.org\",\"@graph\":[{\"@type\":\"WebPage\",\"@id\":\"https:\/\/web.umons.ac.be\/fpms\/fr\/a-propos-de-la-faculte\/docteur-honoris-causa\/\",\"url\":\"https:\/\/web.umons.ac.be\/fpms\/fr\/a-propos-de-la-faculte\/docteur-honoris-causa\/\",\"name\":\"Docteur Honoris Causa - Facult\u00e9 \/ FPMS\",\"isPartOf\":{\"@id\":\"https:\/\/web.umons.ac.be\/fpms\/#website\"},\"primaryImageOfPage\":{\"@id\":\"https:\/\/web.umons.ac.be\/fpms\/fr\/a-propos-de-la-faculte\/docteur-honoris-causa\/#primaryimage\"},\"image\":{\"@id\":\"https:\/\/web.umons.ac.be\/fpms\/fr\/a-propos-de-la-faculte\/docteur-honoris-causa\/#primaryimage\"},\"thumbnailUrl\":\"https:\/\/web.umons.ac.be\/app\/uploads\/sites\/6\/2017\/09\/dhc_insigne.jpg\",\"datePublished\":\"2017-09-11T14:02:06+00:00\",\"dateModified\":\"2021-09-29T09:22:31+00:00\",\"breadcrumb\":{\"@id\":\"https:\/\/web.umons.ac.be\/fpms\/fr\/a-propos-de-la-faculte\/docteur-honoris-causa\/#breadcrumb\"},\"inLanguage\":\"fr-FR\",\"potentialAction\":[{\"@type\":\"ReadAction\",\"target\":[\"https:\/\/web.umons.ac.be\/fpms\/fr\/a-propos-de-la-faculte\/docteur-honoris-causa\/\"]}]},{\"@type\":\"ImageObject\",\"inLanguage\":\"fr-FR\",\"@id\":\"https:\/\/web.umons.ac.be\/fpms\/fr\/a-propos-de-la-faculte\/docteur-honoris-causa\/#primaryimage\",\"url\":\"https:\/\/web.umons.ac.be\/app\/uploads\/sites\/6\/2017\/09\/dhc_insigne.jpg\",\"contentUrl\":\"https:\/\/web.umons.ac.be\/app\/uploads\/sites\/6\/2017\/09\/dhc_insigne.jpg\"},{\"@type\":\"BreadcrumbList\",\"@id\":\"https:\/\/web.umons.ac.be\/fpms\/fr\/a-propos-de-la-faculte\/docteur-honoris-causa\/#breadcrumb\",\"itemListElement\":[{\"@type\":\"ListItem\",\"position\":1,\"name\":\"Accueil\",\"item\":\"https:\/\/web.umons.ac.be\/fpms\/fr\/\"},{\"@type\":\"ListItem\",\"position\":2,\"name\":\"A propos de la Facult\u00e9\",\"item\":\"https:\/\/web.umons.ac.be\/fpms\/fr\/a-propos-de-la-faculte\/\"},{\"@type\":\"ListItem\",\"position\":3,\"name\":\"Docteur Honoris Causa\"}]},{\"@type\":\"WebSite\",\"@id\":\"https:\/\/web.umons.ac.be\/fpms\/#website\",\"url\":\"https:\/\/web.umons.ac.be\/fpms\/\",\"name\":\"Facult\u00e9 \/ FPMS\",\"description\":\"Un site utilisant Universit\u00e9 de Mons \u2013 UMONS\",\"potentialAction\":[{\"@type\":\"SearchAction\",\"target\":{\"@type\":\"EntryPoint\",\"urlTemplate\":\"https:\/\/web.umons.ac.be\/fpms\/?s={search_term_string}\"},\"query-input\":{\"@type\":\"PropertyValueSpecification\",\"valueRequired\":true,\"valueName\":\"search_term_string\"}}],\"inLanguage\":\"fr-FR\"}]}<\/script>\n<!-- \/ Yoast SEO plugin. -->","yoast_head_json":{"title":"Docteur Honoris Causa - Facult\u00e9 \/ FPMS","robots":{"index":"index","follow":"follow","max-snippet":"max-snippet:-1","max-image-preview":"max-image-preview:large","max-video-preview":"max-video-preview:-1"},"canonical":"https:\/\/web.umons.ac.be\/fpms\/fr\/a-propos-de-la-faculte\/docteur-honoris-causa\/","og_locale":"fr_FR","og_type":"article","og_title":"Docteur Honoris Causa - Facult\u00e9 \/ FPMS","og_description":"Doctorats Honoris Causa d\u00e9cern\u00e9s par la Facult\u00e9 Polytechnique Le grade de docteur honoraire ou doctor honoris causa est un titre honorifique attribu\u00e9 par proc\u00e9dure d&rsquo;exception. Il distingue une personnalit\u00e9 hors du commun qui a apport\u00e9 une contribution notable \u00e0 son champ d&rsquo;expertise, ou \u00e0 une institution en particulier. La plupart des r\u00e8glements insistent sur des [&hellip;]","og_url":"https:\/\/web.umons.ac.be\/fpms\/fr\/a-propos-de-la-faculte\/docteur-honoris-causa\/","og_site_name":"Facult\u00e9 \/ FPMS","article_modified_time":"2021-09-29T09:22:31+00:00","og_image":[{"url":"https:\/\/web.umons.ac.be\/app\/uploads\/sites\/6\/2017\/09\/dhc_insigne.jpg","type":"","width":"","height":""}],"twitter_card":"summary_large_image","twitter_misc":{"Dur\u00e9e de lecture estim\u00e9e":"1 minute"},"schema":{"@context":"https:\/\/schema.org","@graph":[{"@type":"WebPage","@id":"https:\/\/web.umons.ac.be\/fpms\/fr\/a-propos-de-la-faculte\/docteur-honoris-causa\/","url":"https:\/\/web.umons.ac.be\/fpms\/fr\/a-propos-de-la-faculte\/docteur-honoris-causa\/","name":"Docteur Honoris Causa - Facult\u00e9 \/ FPMS","isPartOf":{"@id":"https:\/\/web.umons.ac.be\/fpms\/#website"},"primaryImageOfPage":{"@id":"https:\/\/web.umons.ac.be\/fpms\/fr\/a-propos-de-la-faculte\/docteur-honoris-causa\/#primaryimage"},"image":{"@id":"https:\/\/web.umons.ac.be\/fpms\/fr\/a-propos-de-la-faculte\/docteur-honoris-causa\/#primaryimage"},"thumbnailUrl":"https:\/\/web.umons.ac.be\/app\/uploads\/sites\/6\/2017\/09\/dhc_insigne.jpg","datePublished":"2017-09-11T14:02:06+00:00","dateModified":"2021-09-29T09:22:31+00:00","breadcrumb":{"@id":"https:\/\/web.umons.ac.be\/fpms\/fr\/a-propos-de-la-faculte\/docteur-honoris-causa\/#breadcrumb"},"inLanguage":"fr-FR","potentialAction":[{"@type":"ReadAction","target":["https:\/\/web.umons.ac.be\/fpms\/fr\/a-propos-de-la-faculte\/docteur-honoris-causa\/"]}]},{"@type":"ImageObject","inLanguage":"fr-FR","@id":"https:\/\/web.umons.ac.be\/fpms\/fr\/a-propos-de-la-faculte\/docteur-honoris-causa\/#primaryimage","url":"https:\/\/web.umons.ac.be\/app\/uploads\/sites\/6\/2017\/09\/dhc_insigne.jpg","contentUrl":"https:\/\/web.umons.ac.be\/app\/uploads\/sites\/6\/2017\/09\/dhc_insigne.jpg"},{"@type":"BreadcrumbList","@id":"https:\/\/web.umons.ac.be\/fpms\/fr\/a-propos-de-la-faculte\/docteur-honoris-causa\/#breadcrumb","itemListElement":[{"@type":"ListItem","position":1,"name":"Accueil","item":"https:\/\/web.umons.ac.be\/fpms\/fr\/"},{"@type":"ListItem","position":2,"name":"A propos de la Facult\u00e9","item":"https:\/\/web.umons.ac.be\/fpms\/fr\/a-propos-de-la-faculte\/"},{"@type":"ListItem","position":3,"name":"Docteur Honoris Causa"}]},{"@type":"WebSite","@id":"https:\/\/web.umons.ac.be\/fpms\/#website","url":"https:\/\/web.umons.ac.be\/fpms\/","name":"Facult\u00e9 \/ FPMS","description":"Un site utilisant Universit\u00e9 de Mons \u2013 UMONS","potentialAction":[{"@type":"SearchAction","target":{"@type":"EntryPoint","urlTemplate":"https:\/\/web.umons.ac.be\/fpms\/?s={search_term_string}"},"query-input":{"@type":"PropertyValueSpecification","valueRequired":true,"valueName":"search_term_string"}}],"inLanguage":"fr-FR"}]}},"lang":"fr","translations":{"fr":210,"en":653},"pll_sync_post":[],"_links":{"self":[{"href":"https:\/\/web.umons.ac.be\/fpms\/wp-json\/wp\/v2\/pages\/210","targetHints":{"allow":["GET"]}}],"collection":[{"href":"https:\/\/web.umons.ac.be\/fpms\/wp-json\/wp\/v2\/pages"}],"about":[{"href":"https:\/\/web.umons.ac.be\/fpms\/wp-json\/wp\/v2\/types\/page"}],"author":[{"embeddable":true,"href":"https:\/\/web.umons.ac.be\/fpms\/wp-json\/wp\/v2\/users\/2"}],"replies":[{"embeddable":true,"href":"https:\/\/web.umons.ac.be\/fpms\/wp-json\/wp\/v2\/comments?post=210"}],"version-history":[{"count":6,"href":"https:\/\/web.umons.ac.be\/fpms\/wp-json\/wp\/v2\/pages\/210\/revisions"}],"predecessor-version":[{"id":1942,"href":"https:\/\/web.umons.ac.be\/fpms\/wp-json\/wp\/v2\/pages\/210\/revisions\/1942"}],"up":[{"embeddable":true,"href":"https:\/\/web.umons.ac.be\/fpms\/wp-json\/wp\/v2\/pages\/177"}],"wp:attachment":[{"href":"https:\/\/web.umons.ac.be\/fpms\/wp-json\/wp\/v2\/media?parent=210"}],"curies":[{"name":"wp","href":"https:\/\/api.w.org\/{rel}","templated":true}]}}