{"id":240,"date":"2017-09-11T16:31:58","date_gmt":"2017-09-11T14:31:58","guid":{"rendered":"https:\/\/web.umons.ac.be\/fpms\/?page_id=240"},"modified":"2021-09-29T10:50:49","modified_gmt":"2021-09-29T08:50:49","slug":"stage-en-entreprise","status":"publish","type":"page","link":"https:\/\/web.umons.ac.be\/fpms\/fr\/bienvenue-a-la-polytech\/stage-en-entreprise\/","title":{"rendered":"Stage en entreprise"},"content":{"rendered":"<h2>Deux \u00e0 trois mois en entreprise<\/h2>\n<p>Polytech Mons a fait le choix strat\u00e9gique de porter \u00e0 8, voire 12 semaines, la dur\u00e9e du stage obligatoire en entreprise. Il s\u2019agit d\u2019un stage ing\u00e9nieur, entre la premi\u00e8re et la seconde ann\u00e9e du Master, qui permet \u00e0 l\u2019\u00e9tudiant de se confronter aux exigences de la vie en entreprise. Exp\u00e9rimenter au quotidien la vie d\u2019un ing\u00e9nieur in situ, dans un secteur et une fonction, concr\u00e9tise la perception d\u2019un m\u00e9tier et contribue \u00e0 faire \u00e9voluer le projet professionnel du futur dipl\u00f4m\u00e9. Le stage constitue ainsi un r\u00e9el travail de pr\u00e9paration \u00e0 l\u2019insertion professionnelle. Gr\u00e2ce \u00e0 un am\u00e9nagement de ses programmes de formation, \u00e0 l\u2019implication de son r\u00e9seau de contacts industriels et aux liens renforc\u00e9s qu\u2019elle a tiss\u00e9 avec son association d\u2019anciens (Polytech Mons Alumni), la Facult\u00e9 Polytechnique de Mons est la seule Facult\u00e9 en F\u00e9d\u00e9ration Wallonie-Bruxelles \u00e0 le proposer sous cette forme \u00e0 l\u2019ensemble de ses \u00e9tudiants.<\/p>\n<start-cask-shortcode-wrapper>\n<blockquote class=\"shortcode-testimonial scheme-fpms\">\n    <div class=\"testimonial-quote\">\n        <div>\u201cJe pense que l\u2019avantage majeur\u00a0de la formation d\u2019Ing\u00e9nieur\u00a0civil \u00e0 la FPMs est de permettre\u00a0aux \u00e9tudiants de d\u00e9velopper\u00a0des comp\u00e9tences transversales,\u00a0soit celles ne s\u2019apprenant\u00a0pas sur les bancs d\u2019u&hellip;<\/div>\n                <a href=\"#testimonial-modal-744\" class=\"button-secondary open-testimonial scheme-border scheme-color-hover-important\">\n            Poursuivre la lecture <span class=\"icon umons-icon-tail-right\" aria-hidden=\"true\"><\/span>\n        <\/a>\n            <\/div>\n    <div class=\"testimonial-author\">\n                <div class=\"testimonial-picture\">\n            <img decoding=\"async\" src=\"https:\/\/web.umons.ac.be\/app\/uploads\/sites\/6\/2018\/01\/FPMs-2017-ok28web29.pdf-Adobe-Acrobat-Pro-DC-3-80x80.jpg\" alt=\"\" \/>\n        <\/div>\n                <div class=\"testimonial-text\">\n            <div class=\"testimonial-identity\">\n                <span class=\"testimonial-author-name\">Ja\u00efm\u00e9 CUBO SOTO<\/span>\n                            <\/div>\n            <div class=\"testimonial-meta\">\n                                                <span class=\"testimonial-group\">Ing\u00e9nieur Civil m\u00e9canicien<\/span>\n                            <\/div>\n        <\/div>\n    <\/div>\n<\/blockquote>\n<div id=\"testimonial-modal-744\" class=\"testimonial-modal-wrap normal\" style=\"display: none;\">\n    <div class=\"shortcode-testimonial-modal\">\n        <blockquote class=\"shortcode-testimonial\">\n            <div class=\"testimonial-quote editor-front\">\n                                <blockquote class=\"highlighted-quote\">\u201cJe pense que l\u2019avantage majeur\u00a0de la formation d\u2019Ing\u00e9nieur\u00a0civil \u00e0 la FPMs est de permettre\u00a0aux \u00e9tudiants de d\u00e9velopper\u00a0des comp\u00e9tences transversales,\u00a0soit celles ne s\u2019apprenant\u00a0pas sur les bancs d\u2019un\u00a0auditoire et tant cherch\u00e9es par les entreprises ! Que\u00a0ce soit par la p\u00e9dagogie par projet, des visites industrielles,\u00a0des conf\u00e9rences scientifiques et techniques,\u00a0des mises en situation ou encore par un stage,\u2026<\/blockquote>\n                                                <div class=\"testimonial-full-quote\"><p>\u201cJe pense que l\u2019avantage majeur\u00a0de la formation d\u2019Ing\u00e9nieur\u00a0civil \u00e0 la FPMs est de permettre\u00a0aux \u00e9tudiants de d\u00e9velopper\u00a0des comp\u00e9tences transversales,\u00a0soit celles ne s\u2019apprenant\u00a0pas sur les bancs d\u2019un\u00a0auditoire et tant cherch\u00e9es par les entreprises ! Que\u00a0ce soit par la p\u00e9dagogie par projet, des visites industrielles,\u00a0des conf\u00e9rences scientifiques et techniques,\u00a0des mises en situation ou encore par un stage, l\u2019\u00e9tudiant\u00a0m\u00e9canicien est confront\u00e9, tout au long de son\u00a0cursus, aux r\u00e9alit\u00e9s du milieu industriel. A ce sujet, je\u00a0souhaiterais mettre en avant le projet d\u2019\u00e9quipe Eurobot\u00a0auquel j\u2019ai eu la chance de prendre part, projet\u00a0consistant \u00e0 concevoir et \u00e0 r\u00e9aliser deux robots autonomes\u00a0et comp\u00e9titifs pour une coupe de robotique\u00a0belge puis europ\u00e9enne. En plus du d\u00e9veloppement\u00a0d\u2019une multitude de comp\u00e9tences techniques, ce\u00a0type de projet permet de rapprocher les \u00e9tudiants\u00a0de leur futur m\u00e9tier d\u2019ing\u00e9nieur gr\u00e2ce \u00e0 l\u2019acquisition\u00a0de comp\u00e9tences telles que l\u2019organisation en \u00e9quipe,\u00a0la gestion d\u2019un budget, la recherche de sponsors ou\u00a0encore la communication.<br \/>\nEnfin, que ce soit lors de mon stage r\u00e9alis\u00e9 en entreprise\u00a0ou durant mes d\u00e9buts en tant qu\u2019ing\u00e9nieur, je\u00a0me suis senti pr\u00eat \u00e0 r\u00e9aliser le travail demand\u00e9. Ce\u00a0qui prouve, selon moi, la qualit\u00e9 de la formation \u00e0 la\u00a0FPMs \u201d<\/p>\n<\/div>\n                            <\/div>\n            <div class=\"testimonial-author\">\n                                <div class=\"testimonial-picture\">\n                    <img decoding=\"async\" src=\"https:\/\/web.umons.ac.be\/app\/uploads\/sites\/6\/2018\/01\/FPMs-2017-ok28web29.pdf-Adobe-Acrobat-Pro-DC-3-80x80.jpg\" alt=\"\" \/>\n                <\/div>\n                                <div class=\"testimonial-text\">\n                    <div class=\"testimonial-identity\">\n                        <span class=\"testimonial-author-name\">Ja\u00efm\u00e9 CUBO SOTO<\/span>\n                                            <\/div>\n                    <div class=\"testimonial-meta\">\n                                                                        <span class=\"testimonial-group\">(Ing\u00e9nieur Civil m\u00e9canicien)<\/span>\n                                            <\/div>\n                <\/div>\n            <\/div>\n        <\/blockquote>\n    <\/div>\n<\/div>\n<end-cask-shortcode-wrapper>\n","protected":false},"excerpt":{"rendered":"<p>Deux \u00e0 trois mois en entreprise Polytech Mons a fait le choix strat\u00e9gique de porter \u00e0 8, voire 12 semaines, la dur\u00e9e du stage obligatoire en entreprise. Il s\u2019agit d\u2019un stage ing\u00e9nieur, entre la premi\u00e8re et la seconde ann\u00e9e du Master, qui permet \u00e0 l\u2019\u00e9tudiant de se confronter aux exigences de la vie en entreprise. [&hellip;]<\/p>\n","protected":false},"author":2,"featured_media":0,"parent":100,"menu_order":8,"comment_status":"closed","ping_status":"closed","template":"","meta":{"footnotes":""},"class_list":["post-240","page","type-page","status-publish","hentry"],"yoast_head":"<!-- This site is optimized with the Yoast SEO plugin v27.2 - https:\/\/yoast.com\/product\/yoast-seo-wordpress\/ -->\n<title>Stage en entreprise - Facult\u00e9 \/ FPMS<\/title>\n<meta name=\"robots\" content=\"index, follow, max-snippet:-1, max-image-preview:large, max-video-preview:-1\" \/>\n<link rel=\"canonical\" href=\"https:\/\/web.umons.ac.be\/fpms\/fr\/bienvenue-a-la-polytech\/stage-en-entreprise\/\" \/>\n<meta property=\"og:locale\" content=\"fr_FR\" \/>\n<meta property=\"og:type\" content=\"article\" \/>\n<meta property=\"og:title\" content=\"Stage en entreprise - Facult\u00e9 \/ FPMS\" \/>\n<meta property=\"og:description\" content=\"Deux \u00e0 trois mois en entreprise Polytech Mons a fait le choix strat\u00e9gique de porter \u00e0 8, voire 12 semaines, la dur\u00e9e du stage obligatoire en entreprise. Il s\u2019agit d\u2019un stage ing\u00e9nieur, entre la premi\u00e8re et la seconde ann\u00e9e du Master, qui permet \u00e0 l\u2019\u00e9tudiant de se confronter aux exigences de la vie en entreprise. [&hellip;]\" \/>\n<meta property=\"og:url\" content=\"https:\/\/web.umons.ac.be\/fpms\/fr\/bienvenue-a-la-polytech\/stage-en-entreprise\/\" \/>\n<meta property=\"og:site_name\" content=\"Facult\u00e9 \/ FPMS\" \/>\n<meta property=\"article:modified_time\" content=\"2021-09-29T08:50:49+00:00\" \/>\n<meta name=\"twitter:card\" content=\"summary_large_image\" \/>\n<meta name=\"twitter:label1\" content=\"Dur\u00e9e de lecture estim\u00e9e\" \/>\n\t<meta name=\"twitter:data1\" content=\"1 minute\" \/>\n<script type=\"application\/ld+json\" class=\"yoast-schema-graph\">{\"@context\":\"https:\/\/schema.org\",\"@graph\":[{\"@type\":\"WebPage\",\"@id\":\"https:\/\/web.umons.ac.be\/fpms\/fr\/bienvenue-a-la-polytech\/stage-en-entreprise\/\",\"url\":\"https:\/\/web.umons.ac.be\/fpms\/fr\/bienvenue-a-la-polytech\/stage-en-entreprise\/\",\"name\":\"Stage en entreprise - Facult\u00e9 \/ FPMS\",\"isPartOf\":{\"@id\":\"https:\/\/web.umons.ac.be\/fpms\/#website\"},\"datePublished\":\"2017-09-11T14:31:58+00:00\",\"dateModified\":\"2021-09-29T08:50:49+00:00\",\"breadcrumb\":{\"@id\":\"https:\/\/web.umons.ac.be\/fpms\/fr\/bienvenue-a-la-polytech\/stage-en-entreprise\/#breadcrumb\"},\"inLanguage\":\"fr-FR\",\"potentialAction\":[{\"@type\":\"ReadAction\",\"target\":[\"https:\/\/web.umons.ac.be\/fpms\/fr\/bienvenue-a-la-polytech\/stage-en-entreprise\/\"]}]},{\"@type\":\"BreadcrumbList\",\"@id\":\"https:\/\/web.umons.ac.be\/fpms\/fr\/bienvenue-a-la-polytech\/stage-en-entreprise\/#breadcrumb\",\"itemListElement\":[{\"@type\":\"ListItem\",\"position\":1,\"name\":\"Accueil\",\"item\":\"https:\/\/web.umons.ac.be\/fpms\/fr\/\"},{\"@type\":\"ListItem\",\"position\":2,\"name\":\"Bienvenue \u00e0 la Polytech\",\"item\":\"https:\/\/web.umons.ac.be\/fpms\/fr\/bienvenue-a-la-polytech\/\"},{\"@type\":\"ListItem\",\"position\":3,\"name\":\"Stage en entreprise\"}]},{\"@type\":\"WebSite\",\"@id\":\"https:\/\/web.umons.ac.be\/fpms\/#website\",\"url\":\"https:\/\/web.umons.ac.be\/fpms\/\",\"name\":\"Facult\u00e9 \/ FPMS\",\"description\":\"Un site utilisant Universit\u00e9 de Mons \u2013 UMONS\",\"potentialAction\":[{\"@type\":\"SearchAction\",\"target\":{\"@type\":\"EntryPoint\",\"urlTemplate\":\"https:\/\/web.umons.ac.be\/fpms\/?s={search_term_string}\"},\"query-input\":{\"@type\":\"PropertyValueSpecification\",\"valueRequired\":true,\"valueName\":\"search_term_string\"}}],\"inLanguage\":\"fr-FR\"}]}<\/script>\n<!-- \/ Yoast SEO plugin. -->","yoast_head_json":{"title":"Stage en entreprise - Facult\u00e9 \/ FPMS","robots":{"index":"index","follow":"follow","max-snippet":"max-snippet:-1","max-image-preview":"max-image-preview:large","max-video-preview":"max-video-preview:-1"},"canonical":"https:\/\/web.umons.ac.be\/fpms\/fr\/bienvenue-a-la-polytech\/stage-en-entreprise\/","og_locale":"fr_FR","og_type":"article","og_title":"Stage en entreprise - Facult\u00e9 \/ FPMS","og_description":"Deux \u00e0 trois mois en entreprise Polytech Mons a fait le choix strat\u00e9gique de porter \u00e0 8, voire 12 semaines, la dur\u00e9e du stage obligatoire en entreprise. Il s\u2019agit d\u2019un stage ing\u00e9nieur, entre la premi\u00e8re et la seconde ann\u00e9e du Master, qui permet \u00e0 l\u2019\u00e9tudiant de se confronter aux exigences de la vie en entreprise. [&hellip;]","og_url":"https:\/\/web.umons.ac.be\/fpms\/fr\/bienvenue-a-la-polytech\/stage-en-entreprise\/","og_site_name":"Facult\u00e9 \/ FPMS","article_modified_time":"2021-09-29T08:50:49+00:00","twitter_card":"summary_large_image","twitter_misc":{"Dur\u00e9e de lecture estim\u00e9e":"1 minute"},"schema":{"@context":"https:\/\/schema.org","@graph":[{"@type":"WebPage","@id":"https:\/\/web.umons.ac.be\/fpms\/fr\/bienvenue-a-la-polytech\/stage-en-entreprise\/","url":"https:\/\/web.umons.ac.be\/fpms\/fr\/bienvenue-a-la-polytech\/stage-en-entreprise\/","name":"Stage en entreprise - Facult\u00e9 \/ FPMS","isPartOf":{"@id":"https:\/\/web.umons.ac.be\/fpms\/#website"},"datePublished":"2017-09-11T14:31:58+00:00","dateModified":"2021-09-29T08:50:49+00:00","breadcrumb":{"@id":"https:\/\/web.umons.ac.be\/fpms\/fr\/bienvenue-a-la-polytech\/stage-en-entreprise\/#breadcrumb"},"inLanguage":"fr-FR","potentialAction":[{"@type":"ReadAction","target":["https:\/\/web.umons.ac.be\/fpms\/fr\/bienvenue-a-la-polytech\/stage-en-entreprise\/"]}]},{"@type":"BreadcrumbList","@id":"https:\/\/web.umons.ac.be\/fpms\/fr\/bienvenue-a-la-polytech\/stage-en-entreprise\/#breadcrumb","itemListElement":[{"@type":"ListItem","position":1,"name":"Accueil","item":"https:\/\/web.umons.ac.be\/fpms\/fr\/"},{"@type":"ListItem","position":2,"name":"Bienvenue \u00e0 la Polytech","item":"https:\/\/web.umons.ac.be\/fpms\/fr\/bienvenue-a-la-polytech\/"},{"@type":"ListItem","position":3,"name":"Stage en entreprise"}]},{"@type":"WebSite","@id":"https:\/\/web.umons.ac.be\/fpms\/#website","url":"https:\/\/web.umons.ac.be\/fpms\/","name":"Facult\u00e9 \/ FPMS","description":"Un site utilisant Universit\u00e9 de Mons \u2013 UMONS","potentialAction":[{"@type":"SearchAction","target":{"@type":"EntryPoint","urlTemplate":"https:\/\/web.umons.ac.be\/fpms\/?s={search_term_string}"},"query-input":{"@type":"PropertyValueSpecification","valueRequired":true,"valueName":"search_term_string"}}],"inLanguage":"fr-FR"}]}},"lang":"fr","translations":{"fr":240,"en":602},"pll_sync_post":[],"_links":{"self":[{"href":"https:\/\/web.umons.ac.be\/fpms\/wp-json\/wp\/v2\/pages\/240","targetHints":{"allow":["GET"]}}],"collection":[{"href":"https:\/\/web.umons.ac.be\/fpms\/wp-json\/wp\/v2\/pages"}],"about":[{"href":"https:\/\/web.umons.ac.be\/fpms\/wp-json\/wp\/v2\/types\/page"}],"author":[{"embeddable":true,"href":"https:\/\/web.umons.ac.be\/fpms\/wp-json\/wp\/v2\/users\/2"}],"replies":[{"embeddable":true,"href":"https:\/\/web.umons.ac.be\/fpms\/wp-json\/wp\/v2\/comments?post=240"}],"version-history":[{"count":4,"href":"https:\/\/web.umons.ac.be\/fpms\/wp-json\/wp\/v2\/pages\/240\/revisions"}],"predecessor-version":[{"id":1927,"href":"https:\/\/web.umons.ac.be\/fpms\/wp-json\/wp\/v2\/pages\/240\/revisions\/1927"}],"up":[{"embeddable":true,"href":"https:\/\/web.umons.ac.be\/fpms\/wp-json\/wp\/v2\/pages\/100"}],"wp:attachment":[{"href":"https:\/\/web.umons.ac.be\/fpms\/wp-json\/wp\/v2\/media?parent=240"}],"curies":[{"name":"wp","href":"https:\/\/api.w.org\/{rel}","templated":true}]}}