{"id":246,"date":"2017-09-11T16:37:34","date_gmt":"2017-09-11T14:37:34","guid":{"rendered":"https:\/\/web.umons.ac.be\/fpms\/?page_id=246"},"modified":"2024-09-10T11:51:09","modified_gmt":"2024-09-10T09:51:09","slug":"reprise-detudes","status":"publish","type":"page","link":"https:\/\/web.umons.ac.be\/fpms\/fr\/offre-de-formation\/reprise-detudes\/","title":{"rendered":"Reprise d\u2019\u00e9tudes"},"content":{"rendered":"<p>Avec ses formations offertes \u00e0 Mons et \u00e0 Charleroi, la Facult\u00e9 Polytechnique se pose depuis de tr\u00e8s nombreuses ann\u00e9es en partenaire privil\u00e9gi\u00e9 pour l&rsquo;\u00e9ducation tout au long de la vie et pour le d\u00e9veloppement de votre carri\u00e8re professionnelle.<\/p>\n<h6>La Facult\u00e9 Polytechnique propose plusieurs types de formations, notamment :<\/h6>\n<ul>\n<li>Des programmes menant \u00e0 un dipl\u00f4me reconnu par la Communaut\u00e9 fran\u00e7aise de Belgique (<strong>Master<\/strong>; <strong>Master de Sp\u00e9cialisation<\/strong>)<\/li>\n<li>Des formations menant \u00e0 un titre p\u00e9dagogique (<strong>AESS<\/strong>)<br \/>\nPoint de contact\u00a0:<br \/>\n<strong>Secr\u00e9tariat des \u00e9tudes<\/strong><br \/>\nCampus Polytech<br \/>\n9, rue de Houdain<br \/>\n7000 MONS<br \/>\n+32(0)65 37 40 33<br \/>\n<a href=\"mailto:info.polytech@umons.ac.be\">info.polytech@umons.ac.be<\/a><\/li>\n<li>Des <strong>programmes certifiants<\/strong> conduisant \u00e0 un certificat d\u2019universit\u00e9.<br \/>\nPoint de contact\u00a0:<br \/>\n<strong>Service Formation continue<\/strong><br \/>\n+32(0)65 37 37 12-14-15<br \/>\n<a href=\"mailto:formation.continue@umons.ac.be\">formation.continue@umons.ac.be<\/a><\/li>\n<\/ul>\n","protected":false},"excerpt":{"rendered":"<p>Avec ses formations offertes \u00e0 Mons et \u00e0 Charleroi, la Facult\u00e9 Polytechnique se pose depuis de tr\u00e8s nombreuses ann\u00e9es en partenaire privil\u00e9gi\u00e9 pour l&rsquo;\u00e9ducation tout au long de la vie et pour le d\u00e9veloppement de votre carri\u00e8re professionnelle. La Facult\u00e9 Polytechnique propose plusieurs types de formations, notamment : Des programmes menant \u00e0 un dipl\u00f4me reconnu [&hellip;]<\/p>\n","protected":false},"author":2,"featured_media":0,"parent":325,"menu_order":4,"comment_status":"closed","ping_status":"closed","template":"","meta":{"footnotes":""},"class_list":["post-246","page","type-page","status-publish","hentry"],"yoast_head":"<!-- This site is optimized with the Yoast SEO plugin v27.2 - https:\/\/yoast.com\/product\/yoast-seo-wordpress\/ -->\n<title>Reprise d\u2019\u00e9tudes - Facult\u00e9 \/ FPMS<\/title>\n<meta name=\"robots\" content=\"index, follow, max-snippet:-1, max-image-preview:large, max-video-preview:-1\" \/>\n<link rel=\"canonical\" href=\"https:\/\/web.umons.ac.be\/fpms\/fr\/offre-de-formation\/reprise-detudes\/\" \/>\n<meta property=\"og:locale\" content=\"fr_FR\" \/>\n<meta property=\"og:type\" content=\"article\" \/>\n<meta property=\"og:title\" content=\"Reprise d\u2019\u00e9tudes - Facult\u00e9 \/ FPMS\" \/>\n<meta property=\"og:description\" content=\"Avec ses formations offertes \u00e0 Mons et \u00e0 Charleroi, la Facult\u00e9 Polytechnique se pose depuis de tr\u00e8s nombreuses ann\u00e9es en partenaire privil\u00e9gi\u00e9 pour l&rsquo;\u00e9ducation tout au long de la vie et pour le d\u00e9veloppement de votre carri\u00e8re professionnelle. La Facult\u00e9 Polytechnique propose plusieurs types de formations, notamment : Des programmes menant \u00e0 un dipl\u00f4me reconnu [&hellip;]\" \/>\n<meta property=\"og:url\" content=\"https:\/\/web.umons.ac.be\/fpms\/fr\/offre-de-formation\/reprise-detudes\/\" \/>\n<meta property=\"og:site_name\" content=\"Facult\u00e9 \/ FPMS\" \/>\n<meta property=\"article:modified_time\" content=\"2024-09-10T09:51:09+00:00\" \/>\n<meta name=\"twitter:card\" content=\"summary_large_image\" \/>\n<meta name=\"twitter:label1\" content=\"Dur\u00e9e de lecture estim\u00e9e\" \/>\n\t<meta name=\"twitter:data1\" content=\"1 minute\" \/>\n<script type=\"application\/ld+json\" class=\"yoast-schema-graph\">{\"@context\":\"https:\/\/schema.org\",\"@graph\":[{\"@type\":\"WebPage\",\"@id\":\"https:\/\/web.umons.ac.be\/fpms\/fr\/offre-de-formation\/reprise-detudes\/\",\"url\":\"https:\/\/web.umons.ac.be\/fpms\/fr\/offre-de-formation\/reprise-detudes\/\",\"name\":\"Reprise d\u2019\u00e9tudes - Facult\u00e9 \/ FPMS\",\"isPartOf\":{\"@id\":\"https:\/\/web.umons.ac.be\/fpms\/#website\"},\"datePublished\":\"2017-09-11T14:37:34+00:00\",\"dateModified\":\"2024-09-10T09:51:09+00:00\",\"breadcrumb\":{\"@id\":\"https:\/\/web.umons.ac.be\/fpms\/fr\/offre-de-formation\/reprise-detudes\/#breadcrumb\"},\"inLanguage\":\"fr-FR\",\"potentialAction\":[{\"@type\":\"ReadAction\",\"target\":[\"https:\/\/web.umons.ac.be\/fpms\/fr\/offre-de-formation\/reprise-detudes\/\"]}]},{\"@type\":\"BreadcrumbList\",\"@id\":\"https:\/\/web.umons.ac.be\/fpms\/fr\/offre-de-formation\/reprise-detudes\/#breadcrumb\",\"itemListElement\":[{\"@type\":\"ListItem\",\"position\":1,\"name\":\"Accueil\",\"item\":\"https:\/\/web.umons.ac.be\/fpms\/fr\/\"},{\"@type\":\"ListItem\",\"position\":2,\"name\":\"L&rsquo;offre de formation\",\"item\":\"https:\/\/web.umons.ac.be\/fpms\/fr\/offre-de-formation\/\"},{\"@type\":\"ListItem\",\"position\":3,\"name\":\"Reprise d\u2019\u00e9tudes\"}]},{\"@type\":\"WebSite\",\"@id\":\"https:\/\/web.umons.ac.be\/fpms\/#website\",\"url\":\"https:\/\/web.umons.ac.be\/fpms\/\",\"name\":\"Facult\u00e9 \/ FPMS\",\"description\":\"Un site utilisant Universit\u00e9 de Mons \u2013 UMONS\",\"potentialAction\":[{\"@type\":\"SearchAction\",\"target\":{\"@type\":\"EntryPoint\",\"urlTemplate\":\"https:\/\/web.umons.ac.be\/fpms\/?s={search_term_string}\"},\"query-input\":{\"@type\":\"PropertyValueSpecification\",\"valueRequired\":true,\"valueName\":\"search_term_string\"}}],\"inLanguage\":\"fr-FR\"}]}<\/script>\n<!-- \/ Yoast SEO plugin. -->","yoast_head_json":{"title":"Reprise d\u2019\u00e9tudes - Facult\u00e9 \/ FPMS","robots":{"index":"index","follow":"follow","max-snippet":"max-snippet:-1","max-image-preview":"max-image-preview:large","max-video-preview":"max-video-preview:-1"},"canonical":"https:\/\/web.umons.ac.be\/fpms\/fr\/offre-de-formation\/reprise-detudes\/","og_locale":"fr_FR","og_type":"article","og_title":"Reprise d\u2019\u00e9tudes - Facult\u00e9 \/ FPMS","og_description":"Avec ses formations offertes \u00e0 Mons et \u00e0 Charleroi, la Facult\u00e9 Polytechnique se pose depuis de tr\u00e8s nombreuses ann\u00e9es en partenaire privil\u00e9gi\u00e9 pour l&rsquo;\u00e9ducation tout au long de la vie et pour le d\u00e9veloppement de votre carri\u00e8re professionnelle. La Facult\u00e9 Polytechnique propose plusieurs types de formations, notamment : Des programmes menant \u00e0 un dipl\u00f4me reconnu [&hellip;]","og_url":"https:\/\/web.umons.ac.be\/fpms\/fr\/offre-de-formation\/reprise-detudes\/","og_site_name":"Facult\u00e9 \/ FPMS","article_modified_time":"2024-09-10T09:51:09+00:00","twitter_card":"summary_large_image","twitter_misc":{"Dur\u00e9e de lecture estim\u00e9e":"1 minute"},"schema":{"@context":"https:\/\/schema.org","@graph":[{"@type":"WebPage","@id":"https:\/\/web.umons.ac.be\/fpms\/fr\/offre-de-formation\/reprise-detudes\/","url":"https:\/\/web.umons.ac.be\/fpms\/fr\/offre-de-formation\/reprise-detudes\/","name":"Reprise d\u2019\u00e9tudes - Facult\u00e9 \/ FPMS","isPartOf":{"@id":"https:\/\/web.umons.ac.be\/fpms\/#website"},"datePublished":"2017-09-11T14:37:34+00:00","dateModified":"2024-09-10T09:51:09+00:00","breadcrumb":{"@id":"https:\/\/web.umons.ac.be\/fpms\/fr\/offre-de-formation\/reprise-detudes\/#breadcrumb"},"inLanguage":"fr-FR","potentialAction":[{"@type":"ReadAction","target":["https:\/\/web.umons.ac.be\/fpms\/fr\/offre-de-formation\/reprise-detudes\/"]}]},{"@type":"BreadcrumbList","@id":"https:\/\/web.umons.ac.be\/fpms\/fr\/offre-de-formation\/reprise-detudes\/#breadcrumb","itemListElement":[{"@type":"ListItem","position":1,"name":"Accueil","item":"https:\/\/web.umons.ac.be\/fpms\/fr\/"},{"@type":"ListItem","position":2,"name":"L&rsquo;offre de formation","item":"https:\/\/web.umons.ac.be\/fpms\/fr\/offre-de-formation\/"},{"@type":"ListItem","position":3,"name":"Reprise d\u2019\u00e9tudes"}]},{"@type":"WebSite","@id":"https:\/\/web.umons.ac.be\/fpms\/#website","url":"https:\/\/web.umons.ac.be\/fpms\/","name":"Facult\u00e9 \/ FPMS","description":"Un site utilisant Universit\u00e9 de Mons \u2013 UMONS","potentialAction":[{"@type":"SearchAction","target":{"@type":"EntryPoint","urlTemplate":"https:\/\/web.umons.ac.be\/fpms\/?s={search_term_string}"},"query-input":{"@type":"PropertyValueSpecification","valueRequired":true,"valueName":"search_term_string"}}],"inLanguage":"fr-FR"}]}},"lang":"fr","translations":{"fr":246,"en":582},"pll_sync_post":[],"_links":{"self":[{"href":"https:\/\/web.umons.ac.be\/fpms\/wp-json\/wp\/v2\/pages\/246","targetHints":{"allow":["GET"]}}],"collection":[{"href":"https:\/\/web.umons.ac.be\/fpms\/wp-json\/wp\/v2\/pages"}],"about":[{"href":"https:\/\/web.umons.ac.be\/fpms\/wp-json\/wp\/v2\/types\/page"}],"author":[{"embeddable":true,"href":"https:\/\/web.umons.ac.be\/fpms\/wp-json\/wp\/v2\/users\/2"}],"replies":[{"embeddable":true,"href":"https:\/\/web.umons.ac.be\/fpms\/wp-json\/wp\/v2\/comments?post=246"}],"version-history":[{"count":4,"href":"https:\/\/web.umons.ac.be\/fpms\/wp-json\/wp\/v2\/pages\/246\/revisions"}],"predecessor-version":[{"id":3010,"href":"https:\/\/web.umons.ac.be\/fpms\/wp-json\/wp\/v2\/pages\/246\/revisions\/3010"}],"up":[{"embeddable":true,"href":"https:\/\/web.umons.ac.be\/fpms\/wp-json\/wp\/v2\/pages\/325"}],"wp:attachment":[{"href":"https:\/\/web.umons.ac.be\/fpms\/wp-json\/wp\/v2\/media?parent=246"}],"curies":[{"name":"wp","href":"https:\/\/api.w.org\/{rel}","templated":true}]}}