{"id":249,"date":"2017-09-11T16:40:08","date_gmt":"2017-09-11T14:40:08","guid":{"rendered":"https:\/\/web.umons.ac.be\/fpms\/?page_id=249"},"modified":"2021-09-29T11:04:51","modified_gmt":"2021-09-29T09:04:51","slug":"debouches","status":"publish","type":"page","link":"https:\/\/web.umons.ac.be\/fpms\/fr\/bienvenue-a-la-polytech\/debouches\/","title":{"rendered":"D\u00e9bouch\u00e9s"},"content":{"rendered":"<p>Le dipl\u00f4me Polytech Mons est tr\u00e8s recherch\u00e9 sur le march\u00e9 de l\u2019emploi.\u00a0 La formation polyvalente des ing\u00e9nieurs issus de Polytech Mons leur ouvre des perspectives professionnelles dans une tr\u00e8s large palette de secteurs, o\u00f9 ils exercent principalement des fonctions de concepteurs, de sp\u00e9cialistes techniques et de managers.\u00a0 Depuis sa cr\u00e9ation, Polytech Mons s&rsquo;est ainsi b\u00e2ti un solide r\u00e9seau de dipl\u00f4m\u00e9s pr\u00e9sents dans tous les secteurs, dans toutes les formes d&rsquo;organisation &#8211; des PME aux tr\u00e8s grandes entreprises, en passant par le secteur public &#8211; et couvrant l&rsquo;ensemble des m\u00e9tiers de l&rsquo;ing\u00e9nieur, de l&rsquo;expertise technique au top management.<\/p>\n<p>Fort de pr\u00e8s de 2000 membres actifs, le r\u00e9seau <strong>Polytech Mons Alumni<\/strong> constitue un atout consid\u00e9rable pour r\u00e9ussir son entr\u00e9e dans le monde du travail.\u00a0 L\u2019association pr\u00e9pare \u00e9galement activement les \u00e9tudiants \u00e0 leur future insertion professionnelle pendant la derni\u00e8re \u00e9tape de leur cursus et accompagne les jeunes dipl\u00f4m\u00e9s dans leur recherche d\u2019emploi.<\/p>\n<p>Les enqu\u00eates r\u00e9alis\u00e9es annuellement par l\u2019UMONS aupr\u00e8s de ses dipl\u00f4m\u00e9s montrent que pr\u00e8s de 85% des jeunes ing\u00e9nieurs Polytech ont \u00e9t\u00e9 recrut\u00e9s moins de six mois apr\u00e8s l\u2019obtention de leur dipl\u00f4me et la moiti\u00e9 d\u2019entre eux avant la fin de leurs \u00e9tudes.<\/p>\n<start-cask-shortcode-wrapper>\n<blockquote class=\"shortcode-testimonial scheme-fpms\">\n    <div class=\"testimonial-quote\">\n        <div>\u201cQuels conseils donneriez vous aux futurs \u00e9tudiants \u00abentrepreneur \u00bb ?\u201d\r\n\r\n\" Accepter d\u2019avoir tort, \u00e7a arrivera. Souvent. \u00c7a fait partie de ma d\u00e9marche entrepreneuriale et \u00e0 chaque fois que tu te plant&hellip;<\/div>\n                <a href=\"#testimonial-modal-746\" class=\"button-secondary open-testimonial scheme-border scheme-color-hover-important\">\n            Poursuivre la lecture <span class=\"icon umons-icon-tail-right\" aria-hidden=\"true\"><\/span>\n        <\/a>\n            <\/div>\n    <div class=\"testimonial-author\">\n                <div class=\"testimonial-picture\">\n            <img decoding=\"async\" src=\"https:\/\/web.umons.ac.be\/app\/uploads\/sites\/6\/2018\/01\/FPMs-2017-ok28web29.pdf-Adobe-Acrobat-Pro-DC-4-80x80.jpg\" alt=\"\" \/>\n        <\/div>\n                <div class=\"testimonial-text\">\n            <div class=\"testimonial-identity\">\n                <span class=\"testimonial-author-name\">Romain CAMBIER<\/span>\n                            <\/div>\n            <div class=\"testimonial-meta\">\n                                                <span class=\"testimonial-group\">Ing\u00e9nieur Civil en Informatique et Gestion<\/span>\n                            <\/div>\n        <\/div>\n    <\/div>\n<\/blockquote>\n<div id=\"testimonial-modal-746\" class=\"testimonial-modal-wrap normal\" style=\"display: none;\">\n    <div class=\"shortcode-testimonial-modal\">\n        <blockquote class=\"shortcode-testimonial\">\n            <div class=\"testimonial-quote editor-front\">\n                                <blockquote class=\"highlighted-quote\">\u201cQuels conseils donneriez vous aux futurs \u00e9tudiants \u00abentrepreneur \u00bb ?\u201d<\/blockquote>\n                                                <div class=\"testimonial-full-quote\"><p>\u201cQuels conseils donneriez vous aux futurs \u00e9tudiants \u00abentrepreneur \u00bb ?\u201d<\/p>\n<p>\u00a0\u00bb Accepter d\u2019avoir tort, \u00e7a arrivera. Souvent. \u00c7a fait partie de ma d\u00e9marche entrepreneuriale et \u00e0 chaque fois que tu te planteras, tu apprendras comment mieux atteindre tes objectifs. Autre chose : vas voir ton client potentiel t\u00f4t, presque au stade de l\u2019id\u00e9e car c\u2019est lui qui doit guider le design de ton produit, pas l\u2019id\u00e9e que tu te fais de ses besoins\/probl\u00e8mes ! Enfin, n\u2019aie pas peur : la fac, c\u2019est le moment de foncer car rien \u00e0 perdre et les parents sont derri\u00e8re au cas-o\u00f9. Bref, r\u00e9fl\u00e9chis, parles-en, puis fonce ! \u201d<\/p>\n<\/div>\n                            <\/div>\n            <div class=\"testimonial-author\">\n                                <div class=\"testimonial-picture\">\n                    <img decoding=\"async\" src=\"https:\/\/web.umons.ac.be\/app\/uploads\/sites\/6\/2018\/01\/FPMs-2017-ok28web29.pdf-Adobe-Acrobat-Pro-DC-4-80x80.jpg\" alt=\"\" \/>\n                <\/div>\n                                <div class=\"testimonial-text\">\n                    <div class=\"testimonial-identity\">\n                        <span class=\"testimonial-author-name\">Romain CAMBIER<\/span>\n                                            <\/div>\n                    <div class=\"testimonial-meta\">\n                                                                        <span class=\"testimonial-group\">(Ing\u00e9nieur Civil en Informatique et Gestion)<\/span>\n                                            <\/div>\n                <\/div>\n            <\/div>\n        <\/blockquote>\n    <\/div>\n<\/div>\n<end-cask-shortcode-wrapper>\n<start-cask-shortcode-wrapper>\n<blockquote class=\"shortcode-testimonial scheme-fpms\">\n    <div class=\"testimonial-quote\">\n        <div>\u201cEn choisissant mes \u00e9tudes, j\u2019avais l\u2019impression de faire un choix qui allait d\u00e9terminer le reste de ma vie, ce qui est bien stressant \u00e0 18 ans. Avec le recul, je me suis rendue compte que le dipl\u00f4me &hellip;<\/div>\n                <a href=\"#testimonial-modal-1928\" class=\"button-secondary open-testimonial scheme-border scheme-color-hover-important\">\n            Poursuivre la lecture <span class=\"icon umons-icon-tail-right\" aria-hidden=\"true\"><\/span>\n        <\/a>\n            <\/div>\n    <div class=\"testimonial-author\">\n                <div class=\"testimonial-picture\">\n            <img decoding=\"async\" src=\"https:\/\/web.umons.ac.be\/app\/uploads\/sites\/6\/2021\/09\/charline-lefevre-80x80.jpg\" alt=\"\" \/>\n        <\/div>\n                <div class=\"testimonial-text\">\n            <div class=\"testimonial-identity\">\n                <span class=\"testimonial-author-name\">Charline  LEF\u00c8VRE<\/span>\n                            <\/div>\n            <div class=\"testimonial-meta\">\n                                                <span class=\"testimonial-group\">Ing\u00e9nieur civil Architecte<\/span>\n                            <\/div>\n        <\/div>\n    <\/div>\n<\/blockquote>\n<div id=\"testimonial-modal-1928\" class=\"testimonial-modal-wrap normal\" style=\"display: none;\">\n    <div class=\"shortcode-testimonial-modal\">\n        <blockquote class=\"shortcode-testimonial\">\n            <div class=\"testimonial-quote editor-front\">\n                                <blockquote class=\"highlighted-quote\">\u201cEn choisissant mes \u00e9tudes, j\u2019avais l\u2019impression de faire un choix qui allait d\u00e9terminer le reste de ma vie, ce qui est bien stressant \u00e0 18 ans. Avec le recul, je me suis rendue compte que le dipl\u00f4me d\u2019ing\u00e9nieur, quelle que soit l\u2019option, ouvre plein de possibilit\u00e9s dans des domaines tr\u00e8s vari\u00e9s, \u00e0 nous de choisir\u2026<\/blockquote>\n                                                <div class=\"testimonial-full-quote\"><p>\u201cEn choisissant mes \u00e9tudes, j\u2019avais l\u2019impression de faire un choix qui allait d\u00e9terminer le reste de ma vie, ce qui est bien stressant \u00e0 18 ans. Avec le recul, je me suis rendue compte que le dipl\u00f4me d\u2019ing\u00e9nieur, quelle que soit l\u2019option, ouvre plein de possibilit\u00e9s dans des domaines tr\u00e8s vari\u00e9s, \u00e0 nous de choisir celui-ci dans lequel on souhaite s\u2019\u00e9panouir!\u201d<\/p>\n<\/div>\n                            <\/div>\n            <div class=\"testimonial-author\">\n                                <div class=\"testimonial-picture\">\n                    <img decoding=\"async\" src=\"https:\/\/web.umons.ac.be\/app\/uploads\/sites\/6\/2021\/09\/charline-lefevre-80x80.jpg\" alt=\"\" \/>\n                <\/div>\n                                <div class=\"testimonial-text\">\n                    <div class=\"testimonial-identity\">\n                        <span class=\"testimonial-author-name\">Charline  LEF\u00c8VRE<\/span>\n                                            <\/div>\n                    <div class=\"testimonial-meta\">\n                                                                        <span class=\"testimonial-group\">(Ing\u00e9nieur civil Architecte)<\/span>\n                                            <\/div>\n                <\/div>\n            <\/div>\n        <\/blockquote>\n    <\/div>\n<\/div>\n<end-cask-shortcode-wrapper>\n<start-cask-shortcode-wrapper>\n<blockquote class=\"shortcode-testimonial scheme-fpms\">\n    <div class=\"testimonial-quote\">\n        <div>\u201cCet esprit Polytech qui relie\u00a0corps enseignant, les \u00e9tudiants\u00a0et les anciens est vraiment sp\u00e9cifique\u00a0\u00e0 notre Facult\u00e9 et sera \u00e0\u00a0mon avis un v\u00e9ritable atout dans\u00a0ma future vie professionnelle. En\u00a0effet&hellip;<\/div>\n                <a href=\"#testimonial-modal-742\" class=\"button-secondary open-testimonial scheme-border scheme-color-hover-important\">\n            Poursuivre la lecture <span class=\"icon umons-icon-tail-right\" aria-hidden=\"true\"><\/span>\n        <\/a>\n            <\/div>\n    <div class=\"testimonial-author\">\n                <div class=\"testimonial-picture\">\n            <img decoding=\"async\" src=\"https:\/\/web.umons.ac.be\/app\/uploads\/sites\/6\/2018\/01\/FPMs-2017-ok28web29.pdf-Adobe-Acrobat-Pro-DC-2-80x80.jpg\" alt=\"\" \/>\n        <\/div>\n                <div class=\"testimonial-text\">\n            <div class=\"testimonial-identity\">\n                <span class=\"testimonial-author-name\">Laurent SPITAELS<\/span>\n                            <\/div>\n            <div class=\"testimonial-meta\">\n                                                <span class=\"testimonial-group\">Master Ing\u00e9nieur civil m\u00e9canicien, \u00e0 finalit\u00e9 sp\u00e9cialis\u00e9e en m\u00e9catronique<\/span>\n                            <\/div>\n        <\/div>\n    <\/div>\n<\/blockquote>\n<div id=\"testimonial-modal-742\" class=\"testimonial-modal-wrap normal\" style=\"display: none;\">\n    <div class=\"shortcode-testimonial-modal\">\n        <blockquote class=\"shortcode-testimonial\">\n            <div class=\"testimonial-quote editor-front\">\n                                <blockquote class=\"highlighted-quote\">\u201cCet esprit Polytech qui relie\u00a0corps enseignant, les \u00e9tudiants\u00a0et les anciens est vraiment sp\u00e9cifique\u00a0\u00e0 notre Facult\u00e9 et sera \u00e0\u00a0mon avis un v\u00e9ritable atout dans\u00a0ma future vie professionnelle. En\u00a0effet, le m\u00e9tier d\u2019ing\u00e9nieur ne se r\u00e9sume pas qu\u2019\u00e0 appliquer\u00a0les principes scientifiques vus en cours mais rev\u00eat\u00a0\u00e9galement un aspect social. Le stage que je suis en train\u00a0de faire en\u2026<\/blockquote>\n                                                <div class=\"testimonial-full-quote\"><p>\u201cCet esprit Polytech qui relie\u00a0corps enseignant, les \u00e9tudiants\u00a0et les anciens est vraiment sp\u00e9cifique\u00a0\u00e0 notre Facult\u00e9 et sera \u00e0\u00a0mon avis un v\u00e9ritable atout dans\u00a0ma future vie professionnelle. En\u00a0effet, le m\u00e9tier d\u2019ing\u00e9nieur ne se r\u00e9sume pas qu\u2019\u00e0 appliquer\u00a0les principes scientifiques vus en cours mais rev\u00eat\u00a0\u00e9galement un aspect social. Le stage que je suis en train\u00a0de faire en \u00e9crivant ces lignes me le rappelle chaque\u00a0jour. La Polytech m\u2019a aussi permis de d\u00e9velopper des\u00a0qualit\u00e9s relationnelles et m\u2019\u00e9panouir dans une Facult\u00e9\u00a0qui reste \u00e0 taille humaine.\u201d<\/p>\n<\/div>\n                            <\/div>\n            <div class=\"testimonial-author\">\n                                <div class=\"testimonial-picture\">\n                    <img decoding=\"async\" src=\"https:\/\/web.umons.ac.be\/app\/uploads\/sites\/6\/2018\/01\/FPMs-2017-ok28web29.pdf-Adobe-Acrobat-Pro-DC-2-80x80.jpg\" alt=\"\" \/>\n                <\/div>\n                                <div class=\"testimonial-text\">\n                    <div class=\"testimonial-identity\">\n                        <span class=\"testimonial-author-name\">Laurent SPITAELS<\/span>\n                                            <\/div>\n                    <div class=\"testimonial-meta\">\n                                                                        <span class=\"testimonial-group\">(Master Ing\u00e9nieur civil m\u00e9canicien, \u00e0 finalit\u00e9 sp\u00e9cialis\u00e9e en m\u00e9catronique)<\/span>\n                                            <\/div>\n                <\/div>\n            <\/div>\n        <\/blockquote>\n    <\/div>\n<\/div>\n<end-cask-shortcode-wrapper>\n<p>&nbsp;<\/p>\n<p>&nbsp;<\/p>\n","protected":false},"excerpt":{"rendered":"<p>Le dipl\u00f4me Polytech Mons est tr\u00e8s recherch\u00e9 sur le march\u00e9 de l\u2019emploi.\u00a0 La formation polyvalente des ing\u00e9nieurs issus de Polytech Mons leur ouvre des perspectives professionnelles dans une tr\u00e8s large palette de secteurs, o\u00f9 ils exercent principalement des fonctions de concepteurs, de sp\u00e9cialistes techniques et de managers.\u00a0 Depuis sa cr\u00e9ation, Polytech Mons s&rsquo;est ainsi b\u00e2ti [&hellip;]<\/p>\n","protected":false},"author":2,"featured_media":0,"parent":100,"menu_order":11,"comment_status":"closed","ping_status":"closed","template":"","meta":{"footnotes":""},"class_list":["post-249","page","type-page","status-publish","hentry"],"yoast_head":"<!-- This site is optimized with the Yoast SEO plugin v27.2 - https:\/\/yoast.com\/product\/yoast-seo-wordpress\/ -->\n<title>D\u00e9bouch\u00e9s - Facult\u00e9 \/ FPMS<\/title>\n<meta name=\"robots\" content=\"index, follow, max-snippet:-1, max-image-preview:large, max-video-preview:-1\" \/>\n<link rel=\"canonical\" href=\"https:\/\/web.umons.ac.be\/fpms\/fr\/bienvenue-a-la-polytech\/debouches\/\" \/>\n<meta property=\"og:locale\" content=\"fr_FR\" \/>\n<meta property=\"og:type\" content=\"article\" \/>\n<meta property=\"og:title\" content=\"D\u00e9bouch\u00e9s - Facult\u00e9 \/ FPMS\" \/>\n<meta property=\"og:description\" content=\"Le dipl\u00f4me Polytech Mons est tr\u00e8s recherch\u00e9 sur le march\u00e9 de l\u2019emploi.\u00a0 La formation polyvalente des ing\u00e9nieurs issus de Polytech Mons leur ouvre des perspectives professionnelles dans une tr\u00e8s large palette de secteurs, o\u00f9 ils exercent principalement des fonctions de concepteurs, de sp\u00e9cialistes techniques et de managers.\u00a0 Depuis sa cr\u00e9ation, Polytech Mons s&rsquo;est ainsi b\u00e2ti [&hellip;]\" \/>\n<meta property=\"og:url\" content=\"https:\/\/web.umons.ac.be\/fpms\/fr\/bienvenue-a-la-polytech\/debouches\/\" \/>\n<meta property=\"og:site_name\" content=\"Facult\u00e9 \/ FPMS\" \/>\n<meta property=\"article:modified_time\" content=\"2021-09-29T09:04:51+00:00\" \/>\n<meta name=\"twitter:card\" content=\"summary_large_image\" \/>\n<meta name=\"twitter:label1\" content=\"Dur\u00e9e de lecture estim\u00e9e\" \/>\n\t<meta name=\"twitter:data1\" content=\"1 minute\" \/>\n<script type=\"application\/ld+json\" class=\"yoast-schema-graph\">{\"@context\":\"https:\/\/schema.org\",\"@graph\":[{\"@type\":\"WebPage\",\"@id\":\"https:\/\/web.umons.ac.be\/fpms\/fr\/bienvenue-a-la-polytech\/debouches\/\",\"url\":\"https:\/\/web.umons.ac.be\/fpms\/fr\/bienvenue-a-la-polytech\/debouches\/\",\"name\":\"D\u00e9bouch\u00e9s - Facult\u00e9 \/ FPMS\",\"isPartOf\":{\"@id\":\"https:\/\/web.umons.ac.be\/fpms\/#website\"},\"datePublished\":\"2017-09-11T14:40:08+00:00\",\"dateModified\":\"2021-09-29T09:04:51+00:00\",\"breadcrumb\":{\"@id\":\"https:\/\/web.umons.ac.be\/fpms\/fr\/bienvenue-a-la-polytech\/debouches\/#breadcrumb\"},\"inLanguage\":\"fr-FR\",\"potentialAction\":[{\"@type\":\"ReadAction\",\"target\":[\"https:\/\/web.umons.ac.be\/fpms\/fr\/bienvenue-a-la-polytech\/debouches\/\"]}]},{\"@type\":\"BreadcrumbList\",\"@id\":\"https:\/\/web.umons.ac.be\/fpms\/fr\/bienvenue-a-la-polytech\/debouches\/#breadcrumb\",\"itemListElement\":[{\"@type\":\"ListItem\",\"position\":1,\"name\":\"Accueil\",\"item\":\"https:\/\/web.umons.ac.be\/fpms\/fr\/\"},{\"@type\":\"ListItem\",\"position\":2,\"name\":\"Bienvenue \u00e0 la Polytech\",\"item\":\"https:\/\/web.umons.ac.be\/fpms\/fr\/bienvenue-a-la-polytech\/\"},{\"@type\":\"ListItem\",\"position\":3,\"name\":\"D\u00e9bouch\u00e9s\"}]},{\"@type\":\"WebSite\",\"@id\":\"https:\/\/web.umons.ac.be\/fpms\/#website\",\"url\":\"https:\/\/web.umons.ac.be\/fpms\/\",\"name\":\"Facult\u00e9 \/ FPMS\",\"description\":\"Un site utilisant Universit\u00e9 de Mons \u2013 UMONS\",\"potentialAction\":[{\"@type\":\"SearchAction\",\"target\":{\"@type\":\"EntryPoint\",\"urlTemplate\":\"https:\/\/web.umons.ac.be\/fpms\/?s={search_term_string}\"},\"query-input\":{\"@type\":\"PropertyValueSpecification\",\"valueRequired\":true,\"valueName\":\"search_term_string\"}}],\"inLanguage\":\"fr-FR\"}]}<\/script>\n<!-- \/ Yoast SEO plugin. -->","yoast_head_json":{"title":"D\u00e9bouch\u00e9s - Facult\u00e9 \/ FPMS","robots":{"index":"index","follow":"follow","max-snippet":"max-snippet:-1","max-image-preview":"max-image-preview:large","max-video-preview":"max-video-preview:-1"},"canonical":"https:\/\/web.umons.ac.be\/fpms\/fr\/bienvenue-a-la-polytech\/debouches\/","og_locale":"fr_FR","og_type":"article","og_title":"D\u00e9bouch\u00e9s - Facult\u00e9 \/ FPMS","og_description":"Le dipl\u00f4me Polytech Mons est tr\u00e8s recherch\u00e9 sur le march\u00e9 de l\u2019emploi.\u00a0 La formation polyvalente des ing\u00e9nieurs issus de Polytech Mons leur ouvre des perspectives professionnelles dans une tr\u00e8s large palette de secteurs, o\u00f9 ils exercent principalement des fonctions de concepteurs, de sp\u00e9cialistes techniques et de managers.\u00a0 Depuis sa cr\u00e9ation, Polytech Mons s&rsquo;est ainsi b\u00e2ti [&hellip;]","og_url":"https:\/\/web.umons.ac.be\/fpms\/fr\/bienvenue-a-la-polytech\/debouches\/","og_site_name":"Facult\u00e9 \/ FPMS","article_modified_time":"2021-09-29T09:04:51+00:00","twitter_card":"summary_large_image","twitter_misc":{"Dur\u00e9e de lecture estim\u00e9e":"1 minute"},"schema":{"@context":"https:\/\/schema.org","@graph":[{"@type":"WebPage","@id":"https:\/\/web.umons.ac.be\/fpms\/fr\/bienvenue-a-la-polytech\/debouches\/","url":"https:\/\/web.umons.ac.be\/fpms\/fr\/bienvenue-a-la-polytech\/debouches\/","name":"D\u00e9bouch\u00e9s - Facult\u00e9 \/ FPMS","isPartOf":{"@id":"https:\/\/web.umons.ac.be\/fpms\/#website"},"datePublished":"2017-09-11T14:40:08+00:00","dateModified":"2021-09-29T09:04:51+00:00","breadcrumb":{"@id":"https:\/\/web.umons.ac.be\/fpms\/fr\/bienvenue-a-la-polytech\/debouches\/#breadcrumb"},"inLanguage":"fr-FR","potentialAction":[{"@type":"ReadAction","target":["https:\/\/web.umons.ac.be\/fpms\/fr\/bienvenue-a-la-polytech\/debouches\/"]}]},{"@type":"BreadcrumbList","@id":"https:\/\/web.umons.ac.be\/fpms\/fr\/bienvenue-a-la-polytech\/debouches\/#breadcrumb","itemListElement":[{"@type":"ListItem","position":1,"name":"Accueil","item":"https:\/\/web.umons.ac.be\/fpms\/fr\/"},{"@type":"ListItem","position":2,"name":"Bienvenue \u00e0 la Polytech","item":"https:\/\/web.umons.ac.be\/fpms\/fr\/bienvenue-a-la-polytech\/"},{"@type":"ListItem","position":3,"name":"D\u00e9bouch\u00e9s"}]},{"@type":"WebSite","@id":"https:\/\/web.umons.ac.be\/fpms\/#website","url":"https:\/\/web.umons.ac.be\/fpms\/","name":"Facult\u00e9 \/ FPMS","description":"Un site utilisant Universit\u00e9 de Mons \u2013 UMONS","potentialAction":[{"@type":"SearchAction","target":{"@type":"EntryPoint","urlTemplate":"https:\/\/web.umons.ac.be\/fpms\/?s={search_term_string}"},"query-input":{"@type":"PropertyValueSpecification","valueRequired":true,"valueName":"search_term_string"}}],"inLanguage":"fr-FR"}]}},"lang":"fr","translations":{"fr":249,"en":678},"pll_sync_post":[],"_links":{"self":[{"href":"https:\/\/web.umons.ac.be\/fpms\/wp-json\/wp\/v2\/pages\/249","targetHints":{"allow":["GET"]}}],"collection":[{"href":"https:\/\/web.umons.ac.be\/fpms\/wp-json\/wp\/v2\/pages"}],"about":[{"href":"https:\/\/web.umons.ac.be\/fpms\/wp-json\/wp\/v2\/types\/page"}],"author":[{"embeddable":true,"href":"https:\/\/web.umons.ac.be\/fpms\/wp-json\/wp\/v2\/users\/2"}],"replies":[{"embeddable":true,"href":"https:\/\/web.umons.ac.be\/fpms\/wp-json\/wp\/v2\/comments?post=249"}],"version-history":[{"count":8,"href":"https:\/\/web.umons.ac.be\/fpms\/wp-json\/wp\/v2\/pages\/249\/revisions"}],"predecessor-version":[{"id":1933,"href":"https:\/\/web.umons.ac.be\/fpms\/wp-json\/wp\/v2\/pages\/249\/revisions\/1933"}],"up":[{"embeddable":true,"href":"https:\/\/web.umons.ac.be\/fpms\/wp-json\/wp\/v2\/pages\/100"}],"wp:attachment":[{"href":"https:\/\/web.umons.ac.be\/fpms\/wp-json\/wp\/v2\/media?parent=249"}],"curies":[{"name":"wp","href":"https:\/\/api.w.org\/{rel}","templated":true}]}}