{"id":257,"date":"2017-09-11T16:47:32","date_gmt":"2017-09-11T14:47:32","guid":{"rendered":"https:\/\/web.umons.ac.be\/fpms\/?page_id=257"},"modified":"2021-09-29T11:10:09","modified_gmt":"2021-09-29T09:10:09","slug":"activites-de-recherche","status":"publish","type":"page","link":"https:\/\/web.umons.ac.be\/fpms\/fr\/activites-de-recherche\/","title":{"rendered":"Activit\u00e9s de recherche"},"content":{"rendered":"<h5>Recherche et enseignement<\/h5>\n<p>Polytech Mons est une institution reconnue sur le plan international pour l\u2019excellence de sa recherche. L\u2019encadrement des \u00e9tudiants par des professeurs et des scientifiques actifs dans le monde de la recherche garantit un enseignement toujours \u00e0 la pointe de la technologie.<\/p>\n<h5>La recherche \u00e0 Polytech Mons en chiffres<\/h5>\n<ul>\n<li>250 acad\u00e9miques, scientifiques, chercheurs, techniciens et administratifs<\/li>\n<li>pr\u00e8s de 20 th\u00e8ses soutenues par an<\/li>\n<li>cr\u00e9ation de start-up et de spin-off.<\/li>\n<\/ul>\n<h5>L\u2019excellence autour de 7 domaines, en collaboration avec des \u00e9quipes de recherche de l\u2019Universit\u00e9 de Mons<\/h5>\n<ul>\n<li>Institut de recherche en Biosciences<\/li>\n<li>Institut de recherche sur les Probl\u00e9matiques \u00c9nerg\u00e9tiques<\/li>\n<li>Institut de recherche en Syst\u00e8mes Complexes<\/li>\n<li>Institut de recherche en Sciences et Ing\u00e9nierie des Mat\u00e9riaux<\/li>\n<li>Institut de recherche en Technologies de l\u2019Information et Sciences de l\u2019Informatique<\/li>\n<li>Institut de recherche pour les Technologies Cr\u00e9atives<\/li>\n<li>Institut de recherche en Sciences et Management des Risques<\/li>\n<\/ul>\n<h5>La recherche \u00e0 l\u2019UMONS<\/h5>\n<p><a href=\"https:\/\/web.umons.ac.be\/fr\/nos-missions\/recherche\/\">https:\/\/web.umons.ac.be\/fr\/nos-missions\/recherche\/<\/a><\/p>\n","protected":false},"excerpt":{"rendered":"<p>Recherche et enseignement Polytech Mons est une institution reconnue sur le plan international pour l\u2019excellence de sa recherche. L\u2019encadrement des \u00e9tudiants par des professeurs et des scientifiques actifs dans le monde de la recherche garantit un enseignement toujours \u00e0 la pointe de la technologie. La recherche \u00e0 Polytech Mons en chiffres 250 acad\u00e9miques, scientifiques, chercheurs, [&hellip;]<\/p>\n","protected":false},"author":2,"featured_media":0,"parent":0,"menu_order":6,"comment_status":"closed","ping_status":"closed","template":"","meta":{"footnotes":""},"class_list":["post-257","page","type-page","status-publish","hentry"],"yoast_head":"<!-- This site is optimized with the Yoast SEO plugin v27.2 - https:\/\/yoast.com\/product\/yoast-seo-wordpress\/ -->\n<title>Activit\u00e9s de recherche - Facult\u00e9 \/ FPMS<\/title>\n<meta name=\"robots\" content=\"index, follow, max-snippet:-1, max-image-preview:large, max-video-preview:-1\" \/>\n<link rel=\"canonical\" href=\"https:\/\/web.umons.ac.be\/fpms\/fr\/activites-de-recherche\/\" \/>\n<meta property=\"og:locale\" content=\"fr_FR\" \/>\n<meta property=\"og:type\" content=\"article\" \/>\n<meta property=\"og:title\" content=\"Activit\u00e9s de recherche - Facult\u00e9 \/ FPMS\" \/>\n<meta property=\"og:description\" content=\"Recherche et enseignement Polytech Mons est une institution reconnue sur le plan international pour l\u2019excellence de sa recherche. L\u2019encadrement des \u00e9tudiants par des professeurs et des scientifiques actifs dans le monde de la recherche garantit un enseignement toujours \u00e0 la pointe de la technologie. La recherche \u00e0 Polytech Mons en chiffres 250 acad\u00e9miques, scientifiques, chercheurs, [&hellip;]\" \/>\n<meta property=\"og:url\" content=\"https:\/\/web.umons.ac.be\/fpms\/fr\/activites-de-recherche\/\" \/>\n<meta property=\"og:site_name\" content=\"Facult\u00e9 \/ FPMS\" \/>\n<meta property=\"article:modified_time\" content=\"2021-09-29T09:10:09+00:00\" \/>\n<meta name=\"twitter:card\" content=\"summary_large_image\" \/>\n<meta name=\"twitter:label1\" content=\"Dur\u00e9e de lecture estim\u00e9e\" \/>\n\t<meta name=\"twitter:data1\" content=\"1 minute\" \/>\n<script type=\"application\/ld+json\" class=\"yoast-schema-graph\">{\"@context\":\"https:\/\/schema.org\",\"@graph\":[{\"@type\":\"WebPage\",\"@id\":\"https:\/\/web.umons.ac.be\/fpms\/fr\/activites-de-recherche\/\",\"url\":\"https:\/\/web.umons.ac.be\/fpms\/fr\/activites-de-recherche\/\",\"name\":\"Activit\u00e9s de recherche - Facult\u00e9 \/ FPMS\",\"isPartOf\":{\"@id\":\"https:\/\/web.umons.ac.be\/fpms\/#website\"},\"datePublished\":\"2017-09-11T14:47:32+00:00\",\"dateModified\":\"2021-09-29T09:10:09+00:00\",\"breadcrumb\":{\"@id\":\"https:\/\/web.umons.ac.be\/fpms\/fr\/activites-de-recherche\/#breadcrumb\"},\"inLanguage\":\"fr-FR\",\"potentialAction\":[{\"@type\":\"ReadAction\",\"target\":[\"https:\/\/web.umons.ac.be\/fpms\/fr\/activites-de-recherche\/\"]}]},{\"@type\":\"BreadcrumbList\",\"@id\":\"https:\/\/web.umons.ac.be\/fpms\/fr\/activites-de-recherche\/#breadcrumb\",\"itemListElement\":[{\"@type\":\"ListItem\",\"position\":1,\"name\":\"Accueil\",\"item\":\"https:\/\/web.umons.ac.be\/fpms\/fr\/\"},{\"@type\":\"ListItem\",\"position\":2,\"name\":\"Activit\u00e9s de recherche\"}]},{\"@type\":\"WebSite\",\"@id\":\"https:\/\/web.umons.ac.be\/fpms\/#website\",\"url\":\"https:\/\/web.umons.ac.be\/fpms\/\",\"name\":\"Facult\u00e9 \/ FPMS\",\"description\":\"Un site utilisant Universit\u00e9 de Mons \u2013 UMONS\",\"potentialAction\":[{\"@type\":\"SearchAction\",\"target\":{\"@type\":\"EntryPoint\",\"urlTemplate\":\"https:\/\/web.umons.ac.be\/fpms\/?s={search_term_string}\"},\"query-input\":{\"@type\":\"PropertyValueSpecification\",\"valueRequired\":true,\"valueName\":\"search_term_string\"}}],\"inLanguage\":\"fr-FR\"}]}<\/script>\n<!-- \/ Yoast SEO plugin. -->","yoast_head_json":{"title":"Activit\u00e9s de recherche - Facult\u00e9 \/ FPMS","robots":{"index":"index","follow":"follow","max-snippet":"max-snippet:-1","max-image-preview":"max-image-preview:large","max-video-preview":"max-video-preview:-1"},"canonical":"https:\/\/web.umons.ac.be\/fpms\/fr\/activites-de-recherche\/","og_locale":"fr_FR","og_type":"article","og_title":"Activit\u00e9s de recherche - Facult\u00e9 \/ FPMS","og_description":"Recherche et enseignement Polytech Mons est une institution reconnue sur le plan international pour l\u2019excellence de sa recherche. L\u2019encadrement des \u00e9tudiants par des professeurs et des scientifiques actifs dans le monde de la recherche garantit un enseignement toujours \u00e0 la pointe de la technologie. La recherche \u00e0 Polytech Mons en chiffres 250 acad\u00e9miques, scientifiques, chercheurs, [&hellip;]","og_url":"https:\/\/web.umons.ac.be\/fpms\/fr\/activites-de-recherche\/","og_site_name":"Facult\u00e9 \/ FPMS","article_modified_time":"2021-09-29T09:10:09+00:00","twitter_card":"summary_large_image","twitter_misc":{"Dur\u00e9e de lecture estim\u00e9e":"1 minute"},"schema":{"@context":"https:\/\/schema.org","@graph":[{"@type":"WebPage","@id":"https:\/\/web.umons.ac.be\/fpms\/fr\/activites-de-recherche\/","url":"https:\/\/web.umons.ac.be\/fpms\/fr\/activites-de-recherche\/","name":"Activit\u00e9s de recherche - Facult\u00e9 \/ FPMS","isPartOf":{"@id":"https:\/\/web.umons.ac.be\/fpms\/#website"},"datePublished":"2017-09-11T14:47:32+00:00","dateModified":"2021-09-29T09:10:09+00:00","breadcrumb":{"@id":"https:\/\/web.umons.ac.be\/fpms\/fr\/activites-de-recherche\/#breadcrumb"},"inLanguage":"fr-FR","potentialAction":[{"@type":"ReadAction","target":["https:\/\/web.umons.ac.be\/fpms\/fr\/activites-de-recherche\/"]}]},{"@type":"BreadcrumbList","@id":"https:\/\/web.umons.ac.be\/fpms\/fr\/activites-de-recherche\/#breadcrumb","itemListElement":[{"@type":"ListItem","position":1,"name":"Accueil","item":"https:\/\/web.umons.ac.be\/fpms\/fr\/"},{"@type":"ListItem","position":2,"name":"Activit\u00e9s de recherche"}]},{"@type":"WebSite","@id":"https:\/\/web.umons.ac.be\/fpms\/#website","url":"https:\/\/web.umons.ac.be\/fpms\/","name":"Facult\u00e9 \/ FPMS","description":"Un site utilisant Universit\u00e9 de Mons \u2013 UMONS","potentialAction":[{"@type":"SearchAction","target":{"@type":"EntryPoint","urlTemplate":"https:\/\/web.umons.ac.be\/fpms\/?s={search_term_string}"},"query-input":{"@type":"PropertyValueSpecification","valueRequired":true,"valueName":"search_term_string"}}],"inLanguage":"fr-FR"}]}},"lang":"fr","translations":{"fr":257,"en":608},"pll_sync_post":[],"_links":{"self":[{"href":"https:\/\/web.umons.ac.be\/fpms\/wp-json\/wp\/v2\/pages\/257","targetHints":{"allow":["GET"]}}],"collection":[{"href":"https:\/\/web.umons.ac.be\/fpms\/wp-json\/wp\/v2\/pages"}],"about":[{"href":"https:\/\/web.umons.ac.be\/fpms\/wp-json\/wp\/v2\/types\/page"}],"author":[{"embeddable":true,"href":"https:\/\/web.umons.ac.be\/fpms\/wp-json\/wp\/v2\/users\/2"}],"replies":[{"embeddable":true,"href":"https:\/\/web.umons.ac.be\/fpms\/wp-json\/wp\/v2\/comments?post=257"}],"version-history":[{"count":6,"href":"https:\/\/web.umons.ac.be\/fpms\/wp-json\/wp\/v2\/pages\/257\/revisions"}],"predecessor-version":[{"id":1935,"href":"https:\/\/web.umons.ac.be\/fpms\/wp-json\/wp\/v2\/pages\/257\/revisions\/1935"}],"wp:attachment":[{"href":"https:\/\/web.umons.ac.be\/fpms\/wp-json\/wp\/v2\/media?parent=257"}],"curies":[{"name":"wp","href":"https:\/\/api.w.org\/{rel}","templated":true}]}}