{"id":260,"date":"2017-09-11T16:56:47","date_gmt":"2017-09-11T14:56:47","guid":{"rendered":"https:\/\/web.umons.ac.be\/fpms\/?page_id=260"},"modified":"2021-09-29T11:17:30","modified_gmt":"2021-09-29T09:17:30","slug":"instituts-de-recherche","status":"publish","type":"page","link":"https:\/\/web.umons.ac.be\/fpms\/fr\/activites-de-recherche\/instituts-de-recherche\/","title":{"rendered":"Instituts de recherche"},"content":{"rendered":"<h2>L\u2019excellence autour de 7 domaines, en collaboration\u00a0avec des \u00e9quipes de recherche de l\u2019Universit\u00e9 de\u00a0Mons<\/h2>\n<h3><\/h3>\n<h5><a href=\"https:\/\/web.umons.ac.be\/biosciences\" target=\"_blank\" rel=\"noopener\">Institut Biosciences<\/a><img loading=\"lazy\" decoding=\"async\" class=\"alignright size-thumbnail wp-image-336\" src=\"https:\/\/web.umons.ac.be\/app\/uploads\/sites\/6\/2017\/09\/P3221164_bis-150x150.jpg\" alt=\"\" width=\"150\" height=\"150\" srcset=\"https:\/\/web.umons.ac.be\/app\/uploads\/sites\/6\/2017\/09\/P3221164_bis-150x150.jpg 150w, https:\/\/web.umons.ac.be\/app\/uploads\/sites\/6\/2017\/09\/P3221164_bis-80x80.jpg 80w, https:\/\/web.umons.ac.be\/app\/uploads\/sites\/6\/2017\/09\/P3221164_bis-400x400.jpg 400w, https:\/\/web.umons.ac.be\/app\/uploads\/sites\/6\/2017\/09\/P3221164_bis-200x200.jpg 200w\" sizes=\"auto, (max-width: 150px) 100vw, 150px\" \/><\/h5>\n<p><strong>D\u00e9veloppement de bioproc\u00e9d\u00e9s :\u00a0<\/strong><br \/>\ndomaines pharmaceutiques agroalimentaires\u00a0et environnementaux en associant les propri\u00e9t\u00e9s<br \/>\nde micro-organismes ou de cellules\u00a0de mammif\u00e8res.<\/p>\n<p><strong>Mod\u00e8les math\u00e9matiques :<\/strong><br \/>\ntechnologies sp\u00e9cifiques et d\u00e9veloppement<br \/>\nd\u2019outils d\u2019optimisation et de r\u00e9gulation.<\/p>\n<hr \/>\n<h5><a href=\"https:\/\/web.umons.ac.be\/complexys\" target=\"_blank\" rel=\"noopener\">Institut Complexys : Syst\u00e8mes complexes<\/a><img loading=\"lazy\" decoding=\"async\" class=\"alignright size-thumbnail wp-image-339\" src=\"https:\/\/web.umons.ac.be\/app\/uploads\/sites\/6\/2017\/09\/Fotolia_4346415_Subscription_XL-150x150.jpg\" alt=\"\" width=\"150\" height=\"150\" srcset=\"https:\/\/web.umons.ac.be\/app\/uploads\/sites\/6\/2017\/09\/Fotolia_4346415_Subscription_XL-150x150.jpg 150w, https:\/\/web.umons.ac.be\/app\/uploads\/sites\/6\/2017\/09\/Fotolia_4346415_Subscription_XL-80x80.jpg 80w, https:\/\/web.umons.ac.be\/app\/uploads\/sites\/6\/2017\/09\/Fotolia_4346415_Subscription_XL-400x400.jpg 400w, https:\/\/web.umons.ac.be\/app\/uploads\/sites\/6\/2017\/09\/Fotolia_4346415_Subscription_XL-200x200.jpg 200w\" sizes=\"auto, (max-width: 150px) 100vw, 150px\" \/><\/h5>\n<p><strong>D\u00e9veloppement de bioproc\u00e9d\u00e9s :<\/strong><br \/>\ninformatiques, math\u00e9matiques, sociologique\u00a0\u00e9cologiques, \u00e9conomiques, biologiques et\u00a0physiques.<\/p>\n<p><strong>Elaboration d\u2019outils en analyse :<\/strong><br \/>\nnum\u00e9rique,\u00a0syst\u00e8mes dynamiques, th\u00e9orie des jeux,\u00a0recherche op\u00e9rationnelle, aide \u00e0 la d\u00e9cision\u00a0et logique math\u00e9matique.<\/p>\n<hr \/>\n<h5><a href=\"https:\/\/web.umons.ac.be\/energie\" target=\"_blank\" rel=\"noopener\"><strong>Institut Energie : Probl\u00e9matiques \u00c9nerg\u00e9tiques <\/strong><\/a><img loading=\"lazy\" decoding=\"async\" class=\"alignright size-thumbnail wp-image-29\" src=\"https:\/\/web.umons.ac.be\/app\/uploads\/sites\/6\/2017\/07\/04FPMs-2016.pdf-Adobe-Acrobat-Pro-DC-150x150.jpg\" alt=\"\" width=\"150\" height=\"150\" srcset=\"https:\/\/web.umons.ac.be\/app\/uploads\/sites\/6\/2017\/07\/04FPMs-2016.pdf-Adobe-Acrobat-Pro-DC-150x150.jpg 150w, https:\/\/web.umons.ac.be\/app\/uploads\/sites\/6\/2017\/07\/04FPMs-2016.pdf-Adobe-Acrobat-Pro-DC-30x29.jpg 30w, https:\/\/web.umons.ac.be\/app\/uploads\/sites\/6\/2017\/07\/04FPMs-2016.pdf-Adobe-Acrobat-Pro-DC-80x80.jpg 80w, https:\/\/web.umons.ac.be\/app\/uploads\/sites\/6\/2017\/07\/04FPMs-2016.pdf-Adobe-Acrobat-Pro-DC-60x60.jpg 60w, https:\/\/web.umons.ac.be\/app\/uploads\/sites\/6\/2017\/07\/04FPMs-2016.pdf-Adobe-Acrobat-Pro-DC-200x200.jpg 200w\" sizes=\"auto, (max-width: 150px) 100vw, 150px\" \/><\/h5>\n<p><strong>Ressources et gestion \u00e9nerg\u00e9tiques :<\/strong><br \/>\nproduction\u00a0de biocarburants (micro-algues), ressource\u00a0g\u00e9othermique, gestion intelligente des\u00a0r\u00e9seaux \u00e9lectriques performances \u00e9nerg\u00e9tiques\u00a0du b\u00e2ti.<br \/>\n<strong>Technologies \u00e9nerg\u00e9tiques :<\/strong><br \/>\nnouvelles\u00a0techniques de combustion, technologies\u00a0solaires et \u00e9oliennes, stockage d\u2019\u00e9nergie\u00a0thermique, r\u00e9utilisation et stockage du CO2.<\/p>\n<hr \/>\n<h5><a href=\"https:\/\/web.umons.ac.be\/materiaux\" target=\"_blank\" rel=\"noopener\">Institut Mat\u00e9riaux : Sciences et Ing\u00e9nierie\u00a0des mat\u00e9riaux<\/a><img loading=\"lazy\" decoding=\"async\" class=\"alignright size-thumbnail wp-image-341\" src=\"https:\/\/web.umons.ac.be\/app\/uploads\/sites\/6\/2017\/09\/NbO_nano_delta-Brun-150x150.jpg\" alt=\"\" width=\"150\" height=\"150\" srcset=\"https:\/\/web.umons.ac.be\/app\/uploads\/sites\/6\/2017\/09\/NbO_nano_delta-Brun-150x150.jpg 150w, https:\/\/web.umons.ac.be\/app\/uploads\/sites\/6\/2017\/09\/NbO_nano_delta-Brun-80x80.jpg 80w, https:\/\/web.umons.ac.be\/app\/uploads\/sites\/6\/2017\/09\/NbO_nano_delta-Brun-400x400.jpg 400w, https:\/\/web.umons.ac.be\/app\/uploads\/sites\/6\/2017\/09\/NbO_nano_delta-Brun-200x200.jpg 200w\" sizes=\"auto, (max-width: 150px) 100vw, 150px\" \/><\/h5>\n<p>Nouveaux mat\u00e9riaux et proc\u00e9d\u00e9s, nanotechnologies\u00a0et nanoparticules, mat\u00e9riaux et\u00a0dispositifs pour l\u2019\u00e9lectronique, fonctionnalisation\u00a0des surfaces, adsorption et catalyse\u00a0h\u00e9t\u00e9rog\u00e8ne, structures et mat\u00e9riaux de construction,\u00a0ing\u00e9nierie des mat\u00e9riaux pour le\u00a0vivant.<\/p>\n<p>&nbsp;<\/p>\n<p>&nbsp;<\/p>\n<hr \/>\n<h5><a href=\"https:\/\/web.umons.ac.be\/infortech\" target=\"_blank\" rel=\"noopener\">Institut Infortech : Technologies de\u00a0l&rsquo;Information et Sciences de l\u2019Informatique <\/a><img loading=\"lazy\" decoding=\"async\" class=\"alignright size-thumbnail wp-image-342\" src=\"https:\/\/web.umons.ac.be\/app\/uploads\/sites\/6\/2017\/09\/Fotolia_39886238_Subscription_XXL-150x150.jpg\" alt=\"\" width=\"150\" height=\"150\" srcset=\"https:\/\/web.umons.ac.be\/app\/uploads\/sites\/6\/2017\/09\/Fotolia_39886238_Subscription_XXL-150x150.jpg 150w, https:\/\/web.umons.ac.be\/app\/uploads\/sites\/6\/2017\/09\/Fotolia_39886238_Subscription_XXL-80x80.jpg 80w, https:\/\/web.umons.ac.be\/app\/uploads\/sites\/6\/2017\/09\/Fotolia_39886238_Subscription_XXL-400x400.jpg 400w, https:\/\/web.umons.ac.be\/app\/uploads\/sites\/6\/2017\/09\/Fotolia_39886238_Subscription_XXL-200x200.jpg 200w\" sizes=\"auto, (max-width: 150px) 100vw, 150px\" \/><\/h5>\n<p><strong>Traitement de l\u2019information :<\/strong><br \/>\ncollecte, transmission\u00a0et traitement de l\u2019information num\u00e9rique\u00a0(donn\u00e9es, vid\u00e9o, images ou signaux).<\/p>\n<p><strong>Architectures de syst\u00e8mes d\u2019information :<\/strong><br \/>\nmod\u00e9lisation, optimisation et v\u00e9rification d\u2019architectures\u00a0mat\u00e9rielles, de logiciels, de syst\u00e8mes\u00a0d\u2019information, de codage ou de communication.<\/p>\n<p><strong>Informatique :<\/strong><br \/>\nd\u00e9veloppement et \u00e9tude des\u00a0logiciels open source.<\/p>\n<hr \/>\n<h5><a href=\"https:\/\/web.umons.ac.be\/numediart\" target=\"_blank\" rel=\"noopener\"><strong>Institut Numediart :<\/strong> Technologies\u00a0cr\u00e9atives<\/a><img loading=\"lazy\" decoding=\"async\" class=\"alignright size-thumbnail wp-image-343\" src=\"https:\/\/web.umons.ac.be\/app\/uploads\/sites\/6\/2017\/09\/8-150x150.jpg\" alt=\"\" width=\"150\" height=\"150\" srcset=\"https:\/\/web.umons.ac.be\/app\/uploads\/sites\/6\/2017\/09\/8-150x150.jpg 150w, https:\/\/web.umons.ac.be\/app\/uploads\/sites\/6\/2017\/09\/8-80x80.jpg 80w, https:\/\/web.umons.ac.be\/app\/uploads\/sites\/6\/2017\/09\/8-400x400.jpg 400w, https:\/\/web.umons.ac.be\/app\/uploads\/sites\/6\/2017\/09\/8-200x200.jpg 200w\" sizes=\"auto, (max-width: 150px) 100vw, 150px\" \/><\/h5>\n<p><strong>Navigation hyperm\u00e9dia :<\/strong><br \/>\nrecherche d\u2019une\u00a0donn\u00e9e particuli\u00e8re dans une grande collection\u00a0de donn\u00e9es multim\u00e9dia.<\/p>\n<p><strong>M\u00e9dias performatifs :<\/strong><br \/>\nmise au point d\u2019instruments\u00a0de musique num\u00e9rique innovants\u00a0bas\u00e9s sur divers capteurs.<\/p>\n<p><strong>Mocap :<\/strong><br \/>\ncapture et analyse stylistique de\u00a0mouvement pour la commande d\u2019avatars ou\u00a0de personnages d\u2019animation.<\/p>\n<p><strong>Espaces intelligents :<\/strong><br \/>\npr\u00e9diction et analyse\u00a0de l\u2019int\u00e9r\u00eat des personnes dans des espaces\u00a0divers (salons, mus\u00e9s, caf\u00e9s). Jeux s\u00e9rieux\u00a0permettant de susciter l\u2019int\u00e9r\u00eat des utilisateurs.<\/p>\n<hr \/>\n<h5><a href=\"https:\/\/web.umons.ac.be\/risques\" target=\"_blank\" rel=\"noopener\">Institut Risques : Sciences et Management des Risques <\/a><img loading=\"lazy\" decoding=\"async\" class=\"alignright size-thumbnail wp-image-338\" src=\"https:\/\/web.umons.ac.be\/app\/uploads\/sites\/6\/2017\/09\/PicRisques300-1-150x150.jpg\" alt=\"\" width=\"150\" height=\"150\" srcset=\"https:\/\/web.umons.ac.be\/app\/uploads\/sites\/6\/2017\/09\/PicRisques300-1-150x150.jpg 150w, https:\/\/web.umons.ac.be\/app\/uploads\/sites\/6\/2017\/09\/PicRisques300-1-80x80.jpg 80w, https:\/\/web.umons.ac.be\/app\/uploads\/sites\/6\/2017\/09\/PicRisques300-1-400x400.jpg 400w, https:\/\/web.umons.ac.be\/app\/uploads\/sites\/6\/2017\/09\/PicRisques300-1-200x200.jpg 200w\" sizes=\"auto, (max-width: 150px) 100vw, 150px\" \/><\/h5>\n<p><strong>Risques naturels &amp; environnementaux :<\/strong><br \/>\nsismicit\u00e9, inondations, foudre, effondrements\u00a0karstiques, pollutions air, eaux et sols.<\/p>\n<p><strong>Risques industriels &amp; technologiques :<\/strong><br \/>\nfiabilit\u00e9\u00a0et maintenance, accidents majeurs,\u00a0s\u00e9curit\u00e9 des transports, incendies, toxicologie.<\/p>\n<p><strong>Risques organisationnels &amp; soci\u00e9taux :<\/strong><br \/>\ngestion de la qualit\u00e9, organisations\u00a0complexes, urbanisation, infrastructures\u00a0critiques<\/p>\n","protected":false},"excerpt":{"rendered":"<p>L\u2019excellence autour de 7 domaines, en collaboration\u00a0avec des \u00e9quipes de recherche de l\u2019Universit\u00e9 de\u00a0Mons Institut Biosciences D\u00e9veloppement de bioproc\u00e9d\u00e9s :\u00a0 domaines pharmaceutiques agroalimentaires\u00a0et environnementaux en associant les propri\u00e9t\u00e9s de micro-organismes ou de cellules\u00a0de mammif\u00e8res. Mod\u00e8les math\u00e9matiques : technologies sp\u00e9cifiques et d\u00e9veloppement d\u2019outils d\u2019optimisation et de r\u00e9gulation. Institut Complexys : Syst\u00e8mes complexes D\u00e9veloppement de bioproc\u00e9d\u00e9s : [&hellip;]<\/p>\n","protected":false},"author":2,"featured_media":0,"parent":257,"menu_order":2,"comment_status":"closed","ping_status":"closed","template":"","meta":{"footnotes":""},"class_list":["post-260","page","type-page","status-publish","hentry"],"yoast_head":"<!-- This site is optimized with the Yoast SEO plugin v27.2 - https:\/\/yoast.com\/product\/yoast-seo-wordpress\/ -->\n<title>Instituts de recherche - Facult\u00e9 \/ FPMS<\/title>\n<meta name=\"robots\" content=\"index, follow, max-snippet:-1, max-image-preview:large, max-video-preview:-1\" \/>\n<link rel=\"canonical\" href=\"https:\/\/web.umons.ac.be\/fpms\/fr\/activites-de-recherche\/instituts-de-recherche\/\" \/>\n<meta property=\"og:locale\" content=\"fr_FR\" \/>\n<meta property=\"og:type\" content=\"article\" \/>\n<meta property=\"og:title\" content=\"Instituts de recherche - Facult\u00e9 \/ FPMS\" \/>\n<meta property=\"og:description\" content=\"L\u2019excellence autour de 7 domaines, en collaboration\u00a0avec des \u00e9quipes de recherche de l\u2019Universit\u00e9 de\u00a0Mons Institut Biosciences D\u00e9veloppement de bioproc\u00e9d\u00e9s :\u00a0 domaines pharmaceutiques agroalimentaires\u00a0et environnementaux en associant les propri\u00e9t\u00e9s de micro-organismes ou de cellules\u00a0de mammif\u00e8res. Mod\u00e8les math\u00e9matiques : technologies sp\u00e9cifiques et d\u00e9veloppement d\u2019outils d\u2019optimisation et de r\u00e9gulation. Institut Complexys : Syst\u00e8mes complexes D\u00e9veloppement de bioproc\u00e9d\u00e9s : [&hellip;]\" \/>\n<meta property=\"og:url\" content=\"https:\/\/web.umons.ac.be\/fpms\/fr\/activites-de-recherche\/instituts-de-recherche\/\" \/>\n<meta property=\"og:site_name\" content=\"Facult\u00e9 \/ FPMS\" \/>\n<meta property=\"article:modified_time\" content=\"2021-09-29T09:17:30+00:00\" \/>\n<meta property=\"og:image\" content=\"https:\/\/web.umons.ac.be\/app\/uploads\/sites\/6\/2017\/09\/P3221164_bis-150x150.jpg\" \/>\n<meta name=\"twitter:card\" content=\"summary_large_image\" \/>\n<meta name=\"twitter:label1\" content=\"Dur\u00e9e de lecture estim\u00e9e\" \/>\n\t<meta name=\"twitter:data1\" content=\"3 minutes\" \/>\n<script type=\"application\/ld+json\" class=\"yoast-schema-graph\">{\"@context\":\"https:\/\/schema.org\",\"@graph\":[{\"@type\":\"WebPage\",\"@id\":\"https:\/\/web.umons.ac.be\/fpms\/fr\/activites-de-recherche\/instituts-de-recherche\/\",\"url\":\"https:\/\/web.umons.ac.be\/fpms\/fr\/activites-de-recherche\/instituts-de-recherche\/\",\"name\":\"Instituts de recherche - Facult\u00e9 \/ FPMS\",\"isPartOf\":{\"@id\":\"https:\/\/web.umons.ac.be\/fpms\/#website\"},\"primaryImageOfPage\":{\"@id\":\"https:\/\/web.umons.ac.be\/fpms\/fr\/activites-de-recherche\/instituts-de-recherche\/#primaryimage\"},\"image\":{\"@id\":\"https:\/\/web.umons.ac.be\/fpms\/fr\/activites-de-recherche\/instituts-de-recherche\/#primaryimage\"},\"thumbnailUrl\":\"https:\/\/web.umons.ac.be\/app\/uploads\/sites\/6\/2017\/09\/P3221164_bis-150x150.jpg\",\"datePublished\":\"2017-09-11T14:56:47+00:00\",\"dateModified\":\"2021-09-29T09:17:30+00:00\",\"breadcrumb\":{\"@id\":\"https:\/\/web.umons.ac.be\/fpms\/fr\/activites-de-recherche\/instituts-de-recherche\/#breadcrumb\"},\"inLanguage\":\"fr-FR\",\"potentialAction\":[{\"@type\":\"ReadAction\",\"target\":[\"https:\/\/web.umons.ac.be\/fpms\/fr\/activites-de-recherche\/instituts-de-recherche\/\"]}]},{\"@type\":\"ImageObject\",\"inLanguage\":\"fr-FR\",\"@id\":\"https:\/\/web.umons.ac.be\/fpms\/fr\/activites-de-recherche\/instituts-de-recherche\/#primaryimage\",\"url\":\"https:\/\/web.umons.ac.be\/app\/uploads\/sites\/6\/2017\/09\/P3221164_bis-150x150.jpg\",\"contentUrl\":\"https:\/\/web.umons.ac.be\/app\/uploads\/sites\/6\/2017\/09\/P3221164_bis-150x150.jpg\"},{\"@type\":\"BreadcrumbList\",\"@id\":\"https:\/\/web.umons.ac.be\/fpms\/fr\/activites-de-recherche\/instituts-de-recherche\/#breadcrumb\",\"itemListElement\":[{\"@type\":\"ListItem\",\"position\":1,\"name\":\"Accueil\",\"item\":\"https:\/\/web.umons.ac.be\/fpms\/fr\/\"},{\"@type\":\"ListItem\",\"position\":2,\"name\":\"Activit\u00e9s de recherche\",\"item\":\"https:\/\/web.umons.ac.be\/fpms\/fr\/activites-de-recherche\/\"},{\"@type\":\"ListItem\",\"position\":3,\"name\":\"Instituts de recherche\"}]},{\"@type\":\"WebSite\",\"@id\":\"https:\/\/web.umons.ac.be\/fpms\/#website\",\"url\":\"https:\/\/web.umons.ac.be\/fpms\/\",\"name\":\"Facult\u00e9 \/ FPMS\",\"description\":\"Un site utilisant Universit\u00e9 de Mons \u2013 UMONS\",\"potentialAction\":[{\"@type\":\"SearchAction\",\"target\":{\"@type\":\"EntryPoint\",\"urlTemplate\":\"https:\/\/web.umons.ac.be\/fpms\/?s={search_term_string}\"},\"query-input\":{\"@type\":\"PropertyValueSpecification\",\"valueRequired\":true,\"valueName\":\"search_term_string\"}}],\"inLanguage\":\"fr-FR\"}]}<\/script>\n<!-- \/ Yoast SEO plugin. -->","yoast_head_json":{"title":"Instituts de recherche - Facult\u00e9 \/ FPMS","robots":{"index":"index","follow":"follow","max-snippet":"max-snippet:-1","max-image-preview":"max-image-preview:large","max-video-preview":"max-video-preview:-1"},"canonical":"https:\/\/web.umons.ac.be\/fpms\/fr\/activites-de-recherche\/instituts-de-recherche\/","og_locale":"fr_FR","og_type":"article","og_title":"Instituts de recherche - Facult\u00e9 \/ FPMS","og_description":"L\u2019excellence autour de 7 domaines, en collaboration\u00a0avec des \u00e9quipes de recherche de l\u2019Universit\u00e9 de\u00a0Mons Institut Biosciences D\u00e9veloppement de bioproc\u00e9d\u00e9s :\u00a0 domaines pharmaceutiques agroalimentaires\u00a0et environnementaux en associant les propri\u00e9t\u00e9s de micro-organismes ou de cellules\u00a0de mammif\u00e8res. Mod\u00e8les math\u00e9matiques : technologies sp\u00e9cifiques et d\u00e9veloppement d\u2019outils d\u2019optimisation et de r\u00e9gulation. Institut Complexys : Syst\u00e8mes complexes D\u00e9veloppement de bioproc\u00e9d\u00e9s : [&hellip;]","og_url":"https:\/\/web.umons.ac.be\/fpms\/fr\/activites-de-recherche\/instituts-de-recherche\/","og_site_name":"Facult\u00e9 \/ FPMS","article_modified_time":"2021-09-29T09:17:30+00:00","og_image":[{"url":"https:\/\/web.umons.ac.be\/app\/uploads\/sites\/6\/2017\/09\/P3221164_bis-150x150.jpg","type":"","width":"","height":""}],"twitter_card":"summary_large_image","twitter_misc":{"Dur\u00e9e de lecture estim\u00e9e":"3 minutes"},"schema":{"@context":"https:\/\/schema.org","@graph":[{"@type":"WebPage","@id":"https:\/\/web.umons.ac.be\/fpms\/fr\/activites-de-recherche\/instituts-de-recherche\/","url":"https:\/\/web.umons.ac.be\/fpms\/fr\/activites-de-recherche\/instituts-de-recherche\/","name":"Instituts de recherche - Facult\u00e9 \/ FPMS","isPartOf":{"@id":"https:\/\/web.umons.ac.be\/fpms\/#website"},"primaryImageOfPage":{"@id":"https:\/\/web.umons.ac.be\/fpms\/fr\/activites-de-recherche\/instituts-de-recherche\/#primaryimage"},"image":{"@id":"https:\/\/web.umons.ac.be\/fpms\/fr\/activites-de-recherche\/instituts-de-recherche\/#primaryimage"},"thumbnailUrl":"https:\/\/web.umons.ac.be\/app\/uploads\/sites\/6\/2017\/09\/P3221164_bis-150x150.jpg","datePublished":"2017-09-11T14:56:47+00:00","dateModified":"2021-09-29T09:17:30+00:00","breadcrumb":{"@id":"https:\/\/web.umons.ac.be\/fpms\/fr\/activites-de-recherche\/instituts-de-recherche\/#breadcrumb"},"inLanguage":"fr-FR","potentialAction":[{"@type":"ReadAction","target":["https:\/\/web.umons.ac.be\/fpms\/fr\/activites-de-recherche\/instituts-de-recherche\/"]}]},{"@type":"ImageObject","inLanguage":"fr-FR","@id":"https:\/\/web.umons.ac.be\/fpms\/fr\/activites-de-recherche\/instituts-de-recherche\/#primaryimage","url":"https:\/\/web.umons.ac.be\/app\/uploads\/sites\/6\/2017\/09\/P3221164_bis-150x150.jpg","contentUrl":"https:\/\/web.umons.ac.be\/app\/uploads\/sites\/6\/2017\/09\/P3221164_bis-150x150.jpg"},{"@type":"BreadcrumbList","@id":"https:\/\/web.umons.ac.be\/fpms\/fr\/activites-de-recherche\/instituts-de-recherche\/#breadcrumb","itemListElement":[{"@type":"ListItem","position":1,"name":"Accueil","item":"https:\/\/web.umons.ac.be\/fpms\/fr\/"},{"@type":"ListItem","position":2,"name":"Activit\u00e9s de recherche","item":"https:\/\/web.umons.ac.be\/fpms\/fr\/activites-de-recherche\/"},{"@type":"ListItem","position":3,"name":"Instituts de recherche"}]},{"@type":"WebSite","@id":"https:\/\/web.umons.ac.be\/fpms\/#website","url":"https:\/\/web.umons.ac.be\/fpms\/","name":"Facult\u00e9 \/ FPMS","description":"Un site utilisant Universit\u00e9 de Mons \u2013 UMONS","potentialAction":[{"@type":"SearchAction","target":{"@type":"EntryPoint","urlTemplate":"https:\/\/web.umons.ac.be\/fpms\/?s={search_term_string}"},"query-input":{"@type":"PropertyValueSpecification","valueRequired":true,"valueName":"search_term_string"}}],"inLanguage":"fr-FR"}]}},"lang":"fr","translations":{"fr":260,"en":612},"pll_sync_post":[],"_links":{"self":[{"href":"https:\/\/web.umons.ac.be\/fpms\/wp-json\/wp\/v2\/pages\/260","targetHints":{"allow":["GET"]}}],"collection":[{"href":"https:\/\/web.umons.ac.be\/fpms\/wp-json\/wp\/v2\/pages"}],"about":[{"href":"https:\/\/web.umons.ac.be\/fpms\/wp-json\/wp\/v2\/types\/page"}],"author":[{"embeddable":true,"href":"https:\/\/web.umons.ac.be\/fpms\/wp-json\/wp\/v2\/users\/2"}],"replies":[{"embeddable":true,"href":"https:\/\/web.umons.ac.be\/fpms\/wp-json\/wp\/v2\/comments?post=260"}],"version-history":[{"count":16,"href":"https:\/\/web.umons.ac.be\/fpms\/wp-json\/wp\/v2\/pages\/260\/revisions"}],"predecessor-version":[{"id":1938,"href":"https:\/\/web.umons.ac.be\/fpms\/wp-json\/wp\/v2\/pages\/260\/revisions\/1938"}],"up":[{"embeddable":true,"href":"https:\/\/web.umons.ac.be\/fpms\/wp-json\/wp\/v2\/pages\/257"}],"wp:attachment":[{"href":"https:\/\/web.umons.ac.be\/fpms\/wp-json\/wp\/v2\/media?parent=260"}],"curies":[{"name":"wp","href":"https:\/\/api.w.org\/{rel}","templated":true}]}}