{"id":282,"date":"2017-09-12T15:58:59","date_gmt":"2017-09-12T13:58:59","guid":{"rendered":"https:\/\/web.umons.ac.be\/fpms\/?page_id=282"},"modified":"2019-09-26T15:45:13","modified_gmt":"2019-09-26T13:45:13","slug":"polytech-news","status":"publish","type":"page","link":"https:\/\/web.umons.ac.be\/fpms\/fr\/a-propos-de-la-faculte\/polytech-news\/","title":{"rendered":"Polytech News"},"content":{"rendered":"<p>Polytech-News (<strong>ISSN 2684-2327)<\/strong> est le journal de la Facult\u00e9 Polytechnique. Il a pour objectif de donner la temp\u00e9rature \u00e0 la FPMs \u00e0 travers les propos, initiatives, d\u00e9placements et r\u00e9alisations des acteurs de la vie facultaire.<\/p>\n<p><a href=\"https:\/\/www.facebook.com\/PolytechNews\" target=\"_blank\" rel=\"noopener noreferrer\"><img loading=\"lazy\" decoding=\"async\" class=\"wp-image-304 size-full alignright\" src=\"https:\/\/web.umons.ac.be\/app\/uploads\/sites\/6\/2017\/09\/REJOIGNEZ-NOUS-SUR-FACEBOOK.jpg\" alt=\"\" width=\"220\" height=\"32\" srcset=\"https:\/\/web.umons.ac.be\/app\/uploads\/sites\/6\/2017\/09\/REJOIGNEZ-NOUS-SUR-FACEBOOK.jpg 220w, https:\/\/web.umons.ac.be\/app\/uploads\/sites\/6\/2017\/09\/REJOIGNEZ-NOUS-SUR-FACEBOOK-30x4.jpg 30w, https:\/\/web.umons.ac.be\/app\/uploads\/sites\/6\/2017\/09\/REJOIGNEZ-NOUS-SUR-FACEBOOK-60x9.jpg 60w\" sizes=\"auto, (max-width: 220px) 100vw, 220px\" \/><\/a><\/p>\n<h5><\/h5>\n<h5><\/h5>\n<h5>Consultez les derniers n\u00b0 :<\/h5>\n<p><iframe loading=\"lazy\" src=\"\/\/v.calameo.com\/library\/?type=subscription&amp;id=442290&amp;rows=2&amp;sortBy=latestIssue&amp;theme=white&amp;bgColor=&amp;thumbSize=large&amp;showTitle=true&amp;showShadow=true&amp;showGloss=true&amp;showInfo=no&amp;linkTo=embed\" width=\"100%\" height=\"480\" frameborder=\"0\" allowfullscreen=\"allowfullscreen\"><\/iframe><\/p>\n<h5>Consultez les fiches p\u00e9dagogiques :<\/h5>\n<p><iframe loading=\"lazy\" src=\"\/\/v.calameo.com\/library\/?type=subscription&amp;id=5333523&amp;rows=1&amp;sortBy=latestPublished&amp;theme=white&amp;bgColor=&amp;thumbSize=normal&amp;showTitle=true&amp;showShadow=true&amp;showGloss=true&amp;showInfo=no&amp;linkTo=embed\" width=\"100%\" height=\"185\" frameborder=\"0\" allowfullscreen=\"allowfullscreen\"><\/iframe><\/p>\n","protected":false},"excerpt":{"rendered":"<p>Polytech-News (ISSN 2684-2327) est le journal de la Facult\u00e9 Polytechnique. Il a pour objectif de donner la temp\u00e9rature \u00e0 la FPMs \u00e0 travers les propos, initiatives, d\u00e9placements et r\u00e9alisations des acteurs de la vie facultaire. Consultez les derniers n\u00b0 : Consultez les fiches p\u00e9dagogiques :<\/p>\n","protected":false},"author":2,"featured_media":0,"parent":177,"menu_order":7,"comment_status":"closed","ping_status":"closed","template":"","meta":{"footnotes":""},"class_list":["post-282","page","type-page","status-publish","hentry"],"yoast_head":"<!-- This site is optimized with the Yoast SEO plugin v27.2 - https:\/\/yoast.com\/product\/yoast-seo-wordpress\/ -->\n<title>Polytech News - Facult\u00e9 \/ FPMS<\/title>\n<meta name=\"robots\" content=\"index, follow, max-snippet:-1, max-image-preview:large, max-video-preview:-1\" \/>\n<link rel=\"canonical\" href=\"https:\/\/web.umons.ac.be\/fpms\/fr\/a-propos-de-la-faculte\/polytech-news\/\" \/>\n<meta property=\"og:locale\" content=\"fr_FR\" \/>\n<meta property=\"og:type\" content=\"article\" \/>\n<meta property=\"og:title\" content=\"Polytech News - Facult\u00e9 \/ FPMS\" \/>\n<meta property=\"og:description\" content=\"Polytech-News (ISSN 2684-2327) est le journal de la Facult\u00e9 Polytechnique. Il a pour objectif de donner la temp\u00e9rature \u00e0 la FPMs \u00e0 travers les propos, initiatives, d\u00e9placements et r\u00e9alisations des acteurs de la vie facultaire. Consultez les derniers n\u00b0 : Consultez les fiches p\u00e9dagogiques :\" \/>\n<meta property=\"og:url\" content=\"https:\/\/web.umons.ac.be\/fpms\/fr\/a-propos-de-la-faculte\/polytech-news\/\" \/>\n<meta property=\"og:site_name\" content=\"Facult\u00e9 \/ FPMS\" \/>\n<meta property=\"article:modified_time\" content=\"2019-09-26T13:45:13+00:00\" \/>\n<meta property=\"og:image\" content=\"https:\/\/web.umons.ac.be\/app\/uploads\/sites\/6\/2017\/09\/REJOIGNEZ-NOUS-SUR-FACEBOOK.jpg\" \/>\n<meta name=\"twitter:card\" content=\"summary_large_image\" \/>\n<script type=\"application\/ld+json\" class=\"yoast-schema-graph\">{\"@context\":\"https:\/\/schema.org\",\"@graph\":[{\"@type\":\"WebPage\",\"@id\":\"https:\/\/web.umons.ac.be\/fpms\/fr\/a-propos-de-la-faculte\/polytech-news\/\",\"url\":\"https:\/\/web.umons.ac.be\/fpms\/fr\/a-propos-de-la-faculte\/polytech-news\/\",\"name\":\"Polytech News - Facult\u00e9 \/ FPMS\",\"isPartOf\":{\"@id\":\"https:\/\/web.umons.ac.be\/fpms\/#website\"},\"primaryImageOfPage\":{\"@id\":\"https:\/\/web.umons.ac.be\/fpms\/fr\/a-propos-de-la-faculte\/polytech-news\/#primaryimage\"},\"image\":{\"@id\":\"https:\/\/web.umons.ac.be\/fpms\/fr\/a-propos-de-la-faculte\/polytech-news\/#primaryimage\"},\"thumbnailUrl\":\"https:\/\/web.umons.ac.be\/app\/uploads\/sites\/6\/2017\/09\/REJOIGNEZ-NOUS-SUR-FACEBOOK.jpg\",\"datePublished\":\"2017-09-12T13:58:59+00:00\",\"dateModified\":\"2019-09-26T13:45:13+00:00\",\"breadcrumb\":{\"@id\":\"https:\/\/web.umons.ac.be\/fpms\/fr\/a-propos-de-la-faculte\/polytech-news\/#breadcrumb\"},\"inLanguage\":\"fr-FR\",\"potentialAction\":[{\"@type\":\"ReadAction\",\"target\":[\"https:\/\/web.umons.ac.be\/fpms\/fr\/a-propos-de-la-faculte\/polytech-news\/\"]}]},{\"@type\":\"ImageObject\",\"inLanguage\":\"fr-FR\",\"@id\":\"https:\/\/web.umons.ac.be\/fpms\/fr\/a-propos-de-la-faculte\/polytech-news\/#primaryimage\",\"url\":\"https:\/\/web.umons.ac.be\/app\/uploads\/sites\/6\/2017\/09\/REJOIGNEZ-NOUS-SUR-FACEBOOK.jpg\",\"contentUrl\":\"https:\/\/web.umons.ac.be\/app\/uploads\/sites\/6\/2017\/09\/REJOIGNEZ-NOUS-SUR-FACEBOOK.jpg\"},{\"@type\":\"BreadcrumbList\",\"@id\":\"https:\/\/web.umons.ac.be\/fpms\/fr\/a-propos-de-la-faculte\/polytech-news\/#breadcrumb\",\"itemListElement\":[{\"@type\":\"ListItem\",\"position\":1,\"name\":\"Accueil\",\"item\":\"https:\/\/web.umons.ac.be\/fpms\/fr\/\"},{\"@type\":\"ListItem\",\"position\":2,\"name\":\"A propos de la Facult\u00e9\",\"item\":\"https:\/\/web.umons.ac.be\/fpms\/fr\/a-propos-de-la-faculte\/\"},{\"@type\":\"ListItem\",\"position\":3,\"name\":\"Polytech News\"}]},{\"@type\":\"WebSite\",\"@id\":\"https:\/\/web.umons.ac.be\/fpms\/#website\",\"url\":\"https:\/\/web.umons.ac.be\/fpms\/\",\"name\":\"Facult\u00e9 \/ FPMS\",\"description\":\"Un site utilisant Universit\u00e9 de Mons \u2013 UMONS\",\"potentialAction\":[{\"@type\":\"SearchAction\",\"target\":{\"@type\":\"EntryPoint\",\"urlTemplate\":\"https:\/\/web.umons.ac.be\/fpms\/?s={search_term_string}\"},\"query-input\":{\"@type\":\"PropertyValueSpecification\",\"valueRequired\":true,\"valueName\":\"search_term_string\"}}],\"inLanguage\":\"fr-FR\"}]}<\/script>\n<!-- \/ Yoast SEO plugin. -->","yoast_head_json":{"title":"Polytech News - Facult\u00e9 \/ FPMS","robots":{"index":"index","follow":"follow","max-snippet":"max-snippet:-1","max-image-preview":"max-image-preview:large","max-video-preview":"max-video-preview:-1"},"canonical":"https:\/\/web.umons.ac.be\/fpms\/fr\/a-propos-de-la-faculte\/polytech-news\/","og_locale":"fr_FR","og_type":"article","og_title":"Polytech News - Facult\u00e9 \/ FPMS","og_description":"Polytech-News (ISSN 2684-2327) est le journal de la Facult\u00e9 Polytechnique. Il a pour objectif de donner la temp\u00e9rature \u00e0 la FPMs \u00e0 travers les propos, initiatives, d\u00e9placements et r\u00e9alisations des acteurs de la vie facultaire. Consultez les derniers n\u00b0 : Consultez les fiches p\u00e9dagogiques :","og_url":"https:\/\/web.umons.ac.be\/fpms\/fr\/a-propos-de-la-faculte\/polytech-news\/","og_site_name":"Facult\u00e9 \/ FPMS","article_modified_time":"2019-09-26T13:45:13+00:00","og_image":[{"url":"https:\/\/web.umons.ac.be\/app\/uploads\/sites\/6\/2017\/09\/REJOIGNEZ-NOUS-SUR-FACEBOOK.jpg","type":"","width":"","height":""}],"twitter_card":"summary_large_image","schema":{"@context":"https:\/\/schema.org","@graph":[{"@type":"WebPage","@id":"https:\/\/web.umons.ac.be\/fpms\/fr\/a-propos-de-la-faculte\/polytech-news\/","url":"https:\/\/web.umons.ac.be\/fpms\/fr\/a-propos-de-la-faculte\/polytech-news\/","name":"Polytech News - Facult\u00e9 \/ FPMS","isPartOf":{"@id":"https:\/\/web.umons.ac.be\/fpms\/#website"},"primaryImageOfPage":{"@id":"https:\/\/web.umons.ac.be\/fpms\/fr\/a-propos-de-la-faculte\/polytech-news\/#primaryimage"},"image":{"@id":"https:\/\/web.umons.ac.be\/fpms\/fr\/a-propos-de-la-faculte\/polytech-news\/#primaryimage"},"thumbnailUrl":"https:\/\/web.umons.ac.be\/app\/uploads\/sites\/6\/2017\/09\/REJOIGNEZ-NOUS-SUR-FACEBOOK.jpg","datePublished":"2017-09-12T13:58:59+00:00","dateModified":"2019-09-26T13:45:13+00:00","breadcrumb":{"@id":"https:\/\/web.umons.ac.be\/fpms\/fr\/a-propos-de-la-faculte\/polytech-news\/#breadcrumb"},"inLanguage":"fr-FR","potentialAction":[{"@type":"ReadAction","target":["https:\/\/web.umons.ac.be\/fpms\/fr\/a-propos-de-la-faculte\/polytech-news\/"]}]},{"@type":"ImageObject","inLanguage":"fr-FR","@id":"https:\/\/web.umons.ac.be\/fpms\/fr\/a-propos-de-la-faculte\/polytech-news\/#primaryimage","url":"https:\/\/web.umons.ac.be\/app\/uploads\/sites\/6\/2017\/09\/REJOIGNEZ-NOUS-SUR-FACEBOOK.jpg","contentUrl":"https:\/\/web.umons.ac.be\/app\/uploads\/sites\/6\/2017\/09\/REJOIGNEZ-NOUS-SUR-FACEBOOK.jpg"},{"@type":"BreadcrumbList","@id":"https:\/\/web.umons.ac.be\/fpms\/fr\/a-propos-de-la-faculte\/polytech-news\/#breadcrumb","itemListElement":[{"@type":"ListItem","position":1,"name":"Accueil","item":"https:\/\/web.umons.ac.be\/fpms\/fr\/"},{"@type":"ListItem","position":2,"name":"A propos de la Facult\u00e9","item":"https:\/\/web.umons.ac.be\/fpms\/fr\/a-propos-de-la-faculte\/"},{"@type":"ListItem","position":3,"name":"Polytech News"}]},{"@type":"WebSite","@id":"https:\/\/web.umons.ac.be\/fpms\/#website","url":"https:\/\/web.umons.ac.be\/fpms\/","name":"Facult\u00e9 \/ FPMS","description":"Un site utilisant Universit\u00e9 de Mons \u2013 UMONS","potentialAction":[{"@type":"SearchAction","target":{"@type":"EntryPoint","urlTemplate":"https:\/\/web.umons.ac.be\/fpms\/?s={search_term_string}"},"query-input":{"@type":"PropertyValueSpecification","valueRequired":true,"valueName":"search_term_string"}}],"inLanguage":"fr-FR"}]}},"lang":"fr","translations":{"fr":282,"en":669},"pll_sync_post":[],"_links":{"self":[{"href":"https:\/\/web.umons.ac.be\/fpms\/wp-json\/wp\/v2\/pages\/282","targetHints":{"allow":["GET"]}}],"collection":[{"href":"https:\/\/web.umons.ac.be\/fpms\/wp-json\/wp\/v2\/pages"}],"about":[{"href":"https:\/\/web.umons.ac.be\/fpms\/wp-json\/wp\/v2\/types\/page"}],"author":[{"embeddable":true,"href":"https:\/\/web.umons.ac.be\/fpms\/wp-json\/wp\/v2\/users\/2"}],"replies":[{"embeddable":true,"href":"https:\/\/web.umons.ac.be\/fpms\/wp-json\/wp\/v2\/comments?post=282"}],"version-history":[{"count":19,"href":"https:\/\/web.umons.ac.be\/fpms\/wp-json\/wp\/v2\/pages\/282\/revisions"}],"predecessor-version":[{"id":1390,"href":"https:\/\/web.umons.ac.be\/fpms\/wp-json\/wp\/v2\/pages\/282\/revisions\/1390"}],"up":[{"embeddable":true,"href":"https:\/\/web.umons.ac.be\/fpms\/wp-json\/wp\/v2\/pages\/177"}],"wp:attachment":[{"href":"https:\/\/web.umons.ac.be\/fpms\/wp-json\/wp\/v2\/media?parent=282"}],"curies":[{"name":"wp","href":"https:\/\/api.w.org\/{rel}","templated":true}]}}