{"id":291,"date":"2017-09-12T16:17:36","date_gmt":"2017-09-12T14:17:36","guid":{"rendered":"https:\/\/web.umons.ac.be\/fpms\/?page_id=291"},"modified":"2026-01-06T14:16:36","modified_gmt":"2026-01-06T13:16:36","slug":"nos-activites-avec-le-secondaire","status":"publish","type":"page","link":"https:\/\/web.umons.ac.be\/fpms\/fr\/nos-activites-avec-le-secondaire\/","title":{"rendered":"Nos activit\u00e9s avec le secondaire"},"content":{"rendered":"<p>Outre nos rendez-vous lors des <a href=\"https:\/\/www.umons.ac.be\/JPO\" target=\"_blank\" rel=\"noopener noreferrer\"><strong>Portes Ouvertes<\/strong><\/a>, \u00a0des <a href=\"https:\/\/web.umons.ac.be\/fr\/rdv-rhetos\/salons-et-manifestations\/\" target=\"_blank\" rel=\"noopener noreferrer\"><strong>Salons Siep<\/strong><\/a> , nous organisons au fil de l\u2019ann\u00e9e, diff\u00e9rentes activit\u00e9s pour d\u00e9couvrir les \u00e9tudes en Polytech et les m\u00e9tiers de l\u2019Ing\u00e9nieur civil, ainsi que pour <a href=\"https:\/\/web.umons.ac.be\/fpms\/fr\/bienvenue-a-la-polytech\/examen-admission\/\">pr\u00e9parer l\u2019examen d\u2019admission<\/a><\/p>\n<hr \/>\n<h2>Les cours ouverts<\/h2>\n<start-cask-shortcode-wrapper>    <div class=\"accordion content-block scheme-fpms\">\n                <div class=\"accordion-inner\">\n            <div class=\"accordion-bellow\">\n                <button class=\"accordion-bellow-toggle scheme-background-hover\" data-target=\"#accordion-content-637e16d948d4f\">\n                    <span class=\"icon umons-icon-chevron-down\" aria-hidden=\"true\"><\/span> Devenir Ing\u00e9nieur : pourquoi pas moi ? Rallye d\u00e9couverte (1) (2)                <\/button>\n            <\/div>\n            <div id=\"accordion-content-637e16d948d4f\" class=\"accordion-content\">\n            \t<div class=\"inner editor-front\">\n            \t\t<p>Devenir Ing\u00e9nieur, c\u2019est acqu\u00e9rir des comp\u00e9tences scientifiques et techniques, mais aussi transversales (gestion de projet, innovation, entreprenariat, \u2026) pour relever les d\u00e9fis de demain. Devenir Ing\u00e9nieur, c\u2019est s\u2019engager dans des \u00e9tudes motivantes qui conduisent \u00e0 un m\u00e9tier vari\u00e9 et \u00e9panouissant.<\/p>\n<p>L\u2019objectif de cette journ\u00e9e est de vous faire d\u00e9couvrir, de mani\u00e8re ludique, au travers d\u2019activit\u00e9s, d\u2019\u00e9changes et de rencontres, les diff\u00e9rentes facettes de l\u2019environnement de formation ENG\u2019UP, sp\u00e9cifique \u00e0 la Polytech de Mons, ainsi que la vari\u00e9t\u00e9 du m\u00e9tier d\u2019Ing\u00e9nieur<\/p>\n            \t<\/div>\n            <\/div>\n        <\/div>\n                <div class=\"accordion-inner\">\n            <div class=\"accordion-bellow\">\n                <button class=\"accordion-bellow-toggle scheme-background-hover\" data-target=\"#accordion-content-637e16d9537c1\">\n                    <span class=\"icon umons-icon-chevron-down\" aria-hidden=\"true\"><\/span> Suivre des cours en Polytech (1) (2)                <\/button>\n            <\/div>\n            <div id=\"accordion-content-637e16d9537c1\" class=\"accordion-content\">\n            \t<div class=\"inner editor-front\">\n            \t\t<p>Les cours dispens\u00e9s \u00e0 la Polytech permettent de d\u00e9couvrir de nouveaux concepts li\u00e9s aux sciences et aux techniques, d\u2019apprendre \u00e0 les ma\u00eetriser, et de les mettre en pratique au travers d\u2019exercices et de travaux. Cette journ\u00e9e sera l\u2019occasion de suivre un cours, d\u2019y prendre des notes, de composer une synth\u00e8se avec un coach, et d\u2019appliquer la mati\u00e8re lors d\u2019un laboratoire<\/p>\n            \t<\/div>\n            <\/div>\n        <\/div>\n                <div class=\"accordion-inner\">\n            <div class=\"accordion-bellow\">\n                <button class=\"accordion-bellow-toggle scheme-background-hover\" data-target=\"#accordion-content-637e16d953aaf\">\n                    <span class=\"icon umons-icon-chevron-down\" aria-hidden=\"true\"><\/span> R\u00e9ussir l\u2019examen d\u2019admission en Polytech (1) (2)                <\/button>\n            <\/div>\n            <div id=\"accordion-content-637e16d953aaf\" class=\"accordion-content\">\n            \t<div class=\"inner editor-front\">\n            \t\t<p>D\u00e9buter ses \u00e9tudes en Polytech passe par la r\u00e9ussite de l\u2019examen d\u2019admission. Un moment pour tout savoir sur le d\u00e9roulement et la pr\u00e9paration de cet examen. Rencontre avec des interrogateurs et les \u00e9tudiants de FPMaths (cours de pr\u00e9paration \u00e0 l\u2019examen d\u2019admission)<\/p>\n            \t<\/div>\n            <\/div>\n        <\/div>\n                <div class=\"accordion-inner\">\n            <div class=\"accordion-bellow\">\n                <button class=\"accordion-bellow-toggle scheme-background-hover\" data-target=\"#accordion-content-637e16d953dd5\">\n                    <span class=\"icon umons-icon-chevron-down\" aria-hidden=\"true\"><\/span> Rencontrer ses futurs \u00ab coll\u00e8gues \u00bb (1) (2)                <\/button>\n            <\/div>\n            <div id=\"accordion-content-637e16d953dd5\" class=\"accordion-content\">\n            \t<div class=\"inner editor-front\">\n            \t\t<p>Rencontrer les \u00e9tudiants de Bachelier et de Master en Polytech pour discuter avec eux et leur poser toutes les questions sur la vie \u00e9tudiante.<\/p>\n            \t<\/div>\n            <\/div>\n        <\/div>\n            <\/div>\n<end-cask-shortcode-wrapper>\n<p>&nbsp;<\/p>\n<p><strong>Quand : durant les cong\u00e9s d\u2019automne\/Toussaint (1) ou de d\u00e9tente\/Carnaval (2)<\/strong><\/p>\n<p><strong>Informations\u00a0: <\/strong><a href=\"mailto:admin.polytech@umons.ac.be\"><strong>admin.polytech@umons.ac.be<\/strong><\/a><strong> (T\u00e9l.\u00a0: 065\/37.40.04)<\/strong><\/p>\n<p><strong>Inscription : <\/strong><a href=\"https:\/\/www.umons.ac.be\/cours-ouverts\" target=\"_blank\" rel=\"noopener\"><strong>voir cette page<\/strong><\/a><\/p>\n<hr \/>\n<p>&nbsp;<\/p>\n<h2>Stages Polytech Jeunes<\/h2>\n<p>Un stage Polytech Jeunes, c\u2019est l\u2019occasion de s\u2019immerger dans les labos de la Polytech \u00e0 la d\u00e9couverte des Sciences de l\u2019Ing\u00e9nieur, de d\u00e9couvrir divers concepts technologiques, de faire des liens avec ce que l\u2019on apprend dans le secondaire, d\u2019aborder des th\u00e8mes scientifiques d\u2019actualit\u00e9.<\/p>\n<p>Physique, Robotique, Electronique et ElectroLab, M\u00e9canique et FabLab, Electricit\u00e9 et T\u00e9l\u00e9communications, Architecture, M\u00e9canique des fluides\u2026 autant de domaines \u00e0 parcourir, au cours de stages allant de 2 \u00e0 5 jours, pour diff\u00e9rents publics de la 1<sup>\u00e8re<\/sup> \u00e0 la 6<sup>\u00e8me<\/sup> secondaire.<\/p>\n<p>Et aussi un stage r\u00e9sidentiel pour les 16-18 ans, encadr\u00e9 par une \u00e9quipe d\u2019animateurs qui accompagne les jeunes tout au long du stage (activit\u00e9s en journ\u00e9e \u00e0 la Polytech, se prolongeant au nouveau Centre r\u00e9sidentiel des Jeunesses Scientifiques de Belgique (JSB)).<\/p>\n<p><strong>Quand :\u00a0<\/strong><strong>pendant les vacances de Printemps <\/strong><\/p>\n<p><strong>Informations et inscriptions :\u00a0<\/strong><strong><a href=\"https:\/\/mumons.be\">https:\/\/mumons.be<\/a><\/strong><strong> (T\u00e9l.\u00a0: 065\/37.22.15 \u2013 <a href=\"mailto:mumons@umons.ac.be\">mumons@umons.ac.be<\/a> )<\/strong><\/p>\n<hr \/>\n<h2>Compagnonnage Junior<\/h2>\n<p>Rencontrer, de fa\u00e7on conviviale, des Ing\u00e9nieurs civils actifs dans diff\u00e9rents domaines, pour comprendre concr\u00e8tement leur m\u00e9tier, leur fonction, leur poser des questions. Echanger avec des \u00e9tudiants de fin de Bachelier.<\/p>\n<p>En collaboration avec <a href=\"https:\/\/www.polytech-mons-alumni.be\/page\/2908946-compagnonnage\" target=\"_blank\" rel=\"noopener\">l\u2019AIMs &#8211; Polytech Mons Alumni<\/a> (Association des Ing\u00e9nieurs de la Facult\u00e9 Polytechnique de Mons) et la Fondation Roi Baudouin<\/p>\n<div id='gallery-1' class='gallery galleryid-291 gallery-columns-3 gallery-size-thumbnail'><figure class='gallery-item'>\n\t\t\t<div class='gallery-icon landscape'>\n\t\t\t\t<a href='https:\/\/web.umons.ac.be\/app\/uploads\/sites\/6\/2020\/02\/Image1.png'><img loading=\"lazy\" decoding=\"async\" width=\"150\" height=\"150\" src=\"https:\/\/web.umons.ac.be\/app\/uploads\/sites\/6\/2020\/02\/Image1-150x150.png\" class=\"attachment-thumbnail size-thumbnail\" alt=\"\" srcset=\"https:\/\/web.umons.ac.be\/app\/uploads\/sites\/6\/2020\/02\/Image1-150x150.png 150w, https:\/\/web.umons.ac.be\/app\/uploads\/sites\/6\/2020\/02\/Image1-80x80.png 80w\" sizes=\"auto, (max-width: 150px) 100vw, 150px\" \/><\/a>\n\t\t\t<\/div><\/figure><figure class='gallery-item'>\n\t\t\t<div class='gallery-icon landscape'>\n\t\t\t\t<a href='https:\/\/web.umons.ac.be\/app\/uploads\/sites\/6\/2020\/02\/Image2.png'><img loading=\"lazy\" decoding=\"async\" width=\"150\" height=\"150\" src=\"https:\/\/web.umons.ac.be\/app\/uploads\/sites\/6\/2020\/02\/Image2-150x150.png\" class=\"attachment-thumbnail size-thumbnail\" alt=\"\" srcset=\"https:\/\/web.umons.ac.be\/app\/uploads\/sites\/6\/2020\/02\/Image2-150x150.png 150w, https:\/\/web.umons.ac.be\/app\/uploads\/sites\/6\/2020\/02\/Image2-80x80.png 80w\" sizes=\"auto, (max-width: 150px) 100vw, 150px\" \/><\/a>\n\t\t\t<\/div><\/figure><figure class='gallery-item'>\n\t\t\t<div class='gallery-icon landscape'>\n\t\t\t\t<a href='https:\/\/web.umons.ac.be\/app\/uploads\/sites\/6\/2020\/02\/Image3.png'><img loading=\"lazy\" decoding=\"async\" width=\"150\" height=\"150\" src=\"https:\/\/web.umons.ac.be\/app\/uploads\/sites\/6\/2020\/02\/Image3-150x150.png\" class=\"attachment-thumbnail size-thumbnail\" alt=\"\" srcset=\"https:\/\/web.umons.ac.be\/app\/uploads\/sites\/6\/2020\/02\/Image3-150x150.png 150w, https:\/\/web.umons.ac.be\/app\/uploads\/sites\/6\/2020\/02\/Image3-80x80.png 80w\" sizes=\"auto, (max-width: 150px) 100vw, 150px\" \/><\/a>\n\t\t\t<\/div><\/figure>\n\t\t<\/div>\n\n<p><strong>Informations et inscription\u00a0: <\/strong><a href=\"mailto:compagnon.polytech.alumni@umons.ac.be\"><strong>compagnon.polytech.alumni@umons.ac.be<\/strong><\/a> <strong>(T\u00e9l.\u00a0: 065\/37.40.04)<\/strong><\/p>\n<hr \/>\n<h2>STAGES D&rsquo;OBSERVATION<\/h2>\n<h6>Organis\u00e9s dans l\u2019enseignement secondaire\u00a0(1 \u00e0 3 jours)<\/h6>\n<p>&nbsp;<\/p>\n<p>Afin d\u2019aider \u00e0 orienter les \u00e9l\u00e8ves de 6<sup>e<\/sup>\u00a0secondaire qui souhaitent d\u00e9couvrir les m\u00e9tiers de l\u2019Ing\u00e9nieur, la Facult\u00e9 Polytechnique collabore avec son association d\u2019anciens dipl\u00f4m\u00e9s, <a href=\"https:\/\/www.polytech-mons-alumni.be\/page\/2909017-accueil\">AIMs Polytech Mons Alumni<\/a>, qui fait appel \u00e0 ses membres pour accueillir un ou plusieurs \u00e9l\u00e8ves pendant la dur\u00e9e de leur stage.<\/p>\n<p>Rendez-vous sur <a href=\"https:\/\/www.polytech-mons-alumni.be\/page\/2908943-stages-etudiants-du-secondaire\">AIMs: Stages d&rsquo;observation (polytech-mons-alumni.be)<\/a><\/p>\n<p>&nbsp;<\/p>\n<hr \/>\n<p><a href=\"https:\/\/web.umons.ac.be\/fpms\/fr\/bienvenue-a-la-polytech\/engup\/\"><img loading=\"lazy\" decoding=\"async\" class=\"aligncenter wp-image-98 size-medium\" src=\"https:\/\/web.umons.ac.be\/app\/uploads\/sites\/6\/2017\/07\/logo-engup20bleu-fpms1-300x266.jpg\" alt=\"\" width=\"300\" height=\"266\" srcset=\"https:\/\/web.umons.ac.be\/app\/uploads\/sites\/6\/2017\/07\/logo-engup20bleu-fpms1-300x266.jpg 300w, https:\/\/web.umons.ac.be\/app\/uploads\/sites\/6\/2017\/07\/logo-engup20bleu-fpms1-768x681.jpg 768w, https:\/\/web.umons.ac.be\/app\/uploads\/sites\/6\/2017\/07\/logo-engup20bleu-fpms1-1024x907.jpg 1024w, https:\/\/web.umons.ac.be\/app\/uploads\/sites\/6\/2017\/07\/logo-engup20bleu-fpms1-30x27.jpg 30w, https:\/\/web.umons.ac.be\/app\/uploads\/sites\/6\/2017\/07\/logo-engup20bleu-fpms1-60x53.jpg 60w, https:\/\/web.umons.ac.be\/app\/uploads\/sites\/6\/2017\/07\/logo-engup20bleu-fpms1-360x319.jpg 360w, https:\/\/web.umons.ac.be\/app\/uploads\/sites\/6\/2017\/07\/logo-engup20bleu-fpms1.jpg 1371w\" sizes=\"auto, (max-width: 300px) 100vw, 300px\" \/><\/a><\/p>\n","protected":false},"excerpt":{"rendered":"<p>Outre nos rendez-vous lors des Portes Ouvertes, \u00a0des Salons Siep , nous organisons au fil de l\u2019ann\u00e9e, diff\u00e9rentes activit\u00e9s pour d\u00e9couvrir les \u00e9tudes en Polytech et les m\u00e9tiers de l\u2019Ing\u00e9nieur civil, ainsi que pour pr\u00e9parer l\u2019examen d\u2019admission Les cours ouverts &nbsp; Quand : durant les cong\u00e9s d\u2019automne\/Toussaint (1) ou de d\u00e9tente\/Carnaval (2) Informations\u00a0: admin.polytech@umons.ac.be (T\u00e9l.\u00a0: [&hellip;]<\/p>\n","protected":false},"author":2,"featured_media":0,"parent":0,"menu_order":6,"comment_status":"closed","ping_status":"closed","template":"","meta":{"footnotes":""},"class_list":["post-291","page","type-page","status-publish","hentry"],"yoast_head":"<!-- This site is optimized with the Yoast SEO plugin v27.2 - https:\/\/yoast.com\/product\/yoast-seo-wordpress\/ -->\n<title>Nos activit\u00e9s avec le secondaire - Facult\u00e9 \/ FPMS<\/title>\n<meta name=\"robots\" content=\"index, follow, max-snippet:-1, max-image-preview:large, max-video-preview:-1\" \/>\n<link rel=\"canonical\" href=\"https:\/\/web.umons.ac.be\/fpms\/fr\/nos-activites-avec-le-secondaire\/\" \/>\n<meta property=\"og:locale\" content=\"fr_FR\" \/>\n<meta property=\"og:type\" content=\"article\" \/>\n<meta property=\"og:title\" content=\"Nos activit\u00e9s avec le secondaire - Facult\u00e9 \/ FPMS\" \/>\n<meta property=\"og:description\" content=\"Outre nos rendez-vous lors des Portes Ouvertes, \u00a0des Salons Siep , nous organisons au fil de l\u2019ann\u00e9e, diff\u00e9rentes activit\u00e9s pour d\u00e9couvrir les \u00e9tudes en Polytech et les m\u00e9tiers de l\u2019Ing\u00e9nieur civil, ainsi que pour pr\u00e9parer l\u2019examen d\u2019admission Les cours ouverts &nbsp; Quand : durant les cong\u00e9s d\u2019automne\/Toussaint (1) ou de d\u00e9tente\/Carnaval (2) Informations\u00a0: admin.polytech@umons.ac.be (T\u00e9l.\u00a0: [&hellip;]\" \/>\n<meta property=\"og:url\" content=\"https:\/\/web.umons.ac.be\/fpms\/fr\/nos-activites-avec-le-secondaire\/\" \/>\n<meta property=\"og:site_name\" content=\"Facult\u00e9 \/ FPMS\" \/>\n<meta property=\"article:modified_time\" content=\"2026-01-06T13:16:36+00:00\" \/>\n<meta property=\"og:image\" content=\"https:\/\/web.umons.ac.be\/app\/uploads\/sites\/6\/2020\/02\/Image1-150x150.png\" \/>\n<meta name=\"twitter:card\" content=\"summary_large_image\" \/>\n<meta name=\"twitter:label1\" content=\"Dur\u00e9e de lecture estim\u00e9e\" \/>\n\t<meta name=\"twitter:data1\" content=\"2 minutes\" \/>\n<script type=\"application\/ld+json\" class=\"yoast-schema-graph\">{\"@context\":\"https:\/\/schema.org\",\"@graph\":[{\"@type\":\"WebPage\",\"@id\":\"https:\/\/web.umons.ac.be\/fpms\/fr\/nos-activites-avec-le-secondaire\/\",\"url\":\"https:\/\/web.umons.ac.be\/fpms\/fr\/nos-activites-avec-le-secondaire\/\",\"name\":\"Nos activit\u00e9s avec le secondaire - Facult\u00e9 \/ FPMS\",\"isPartOf\":{\"@id\":\"https:\/\/web.umons.ac.be\/fpms\/#website\"},\"primaryImageOfPage\":{\"@id\":\"https:\/\/web.umons.ac.be\/fpms\/fr\/nos-activites-avec-le-secondaire\/#primaryimage\"},\"image\":{\"@id\":\"https:\/\/web.umons.ac.be\/fpms\/fr\/nos-activites-avec-le-secondaire\/#primaryimage\"},\"thumbnailUrl\":\"https:\/\/web.umons.ac.be\/app\/uploads\/sites\/6\/2017\/07\/logo-engup20bleu-fpms1-300x266.jpg\",\"datePublished\":\"2017-09-12T14:17:36+00:00\",\"dateModified\":\"2026-01-06T13:16:36+00:00\",\"breadcrumb\":{\"@id\":\"https:\/\/web.umons.ac.be\/fpms\/fr\/nos-activites-avec-le-secondaire\/#breadcrumb\"},\"inLanguage\":\"fr-FR\",\"potentialAction\":[{\"@type\":\"ReadAction\",\"target\":[\"https:\/\/web.umons.ac.be\/fpms\/fr\/nos-activites-avec-le-secondaire\/\"]}]},{\"@type\":\"ImageObject\",\"inLanguage\":\"fr-FR\",\"@id\":\"https:\/\/web.umons.ac.be\/fpms\/fr\/nos-activites-avec-le-secondaire\/#primaryimage\",\"url\":\"https:\/\/web.umons.ac.be\/app\/uploads\/sites\/6\/2017\/07\/logo-engup20bleu-fpms1-300x266.jpg\",\"contentUrl\":\"https:\/\/web.umons.ac.be\/app\/uploads\/sites\/6\/2017\/07\/logo-engup20bleu-fpms1-300x266.jpg\"},{\"@type\":\"BreadcrumbList\",\"@id\":\"https:\/\/web.umons.ac.be\/fpms\/fr\/nos-activites-avec-le-secondaire\/#breadcrumb\",\"itemListElement\":[{\"@type\":\"ListItem\",\"position\":1,\"name\":\"Accueil\",\"item\":\"https:\/\/web.umons.ac.be\/fpms\/fr\/\"},{\"@type\":\"ListItem\",\"position\":2,\"name\":\"Nos activit\u00e9s avec le secondaire\"}]},{\"@type\":\"WebSite\",\"@id\":\"https:\/\/web.umons.ac.be\/fpms\/#website\",\"url\":\"https:\/\/web.umons.ac.be\/fpms\/\",\"name\":\"Facult\u00e9 \/ FPMS\",\"description\":\"Un site utilisant Universit\u00e9 de Mons \u2013 UMONS\",\"potentialAction\":[{\"@type\":\"SearchAction\",\"target\":{\"@type\":\"EntryPoint\",\"urlTemplate\":\"https:\/\/web.umons.ac.be\/fpms\/?s={search_term_string}\"},\"query-input\":{\"@type\":\"PropertyValueSpecification\",\"valueRequired\":true,\"valueName\":\"search_term_string\"}}],\"inLanguage\":\"fr-FR\"}]}<\/script>\n<!-- \/ Yoast SEO plugin. -->","yoast_head_json":{"title":"Nos activit\u00e9s avec le secondaire - Facult\u00e9 \/ FPMS","robots":{"index":"index","follow":"follow","max-snippet":"max-snippet:-1","max-image-preview":"max-image-preview:large","max-video-preview":"max-video-preview:-1"},"canonical":"https:\/\/web.umons.ac.be\/fpms\/fr\/nos-activites-avec-le-secondaire\/","og_locale":"fr_FR","og_type":"article","og_title":"Nos activit\u00e9s avec le secondaire - Facult\u00e9 \/ FPMS","og_description":"Outre nos rendez-vous lors des Portes Ouvertes, \u00a0des Salons Siep , nous organisons au fil de l\u2019ann\u00e9e, diff\u00e9rentes activit\u00e9s pour d\u00e9couvrir les \u00e9tudes en Polytech et les m\u00e9tiers de l\u2019Ing\u00e9nieur civil, ainsi que pour pr\u00e9parer l\u2019examen d\u2019admission Les cours ouverts &nbsp; Quand : durant les cong\u00e9s d\u2019automne\/Toussaint (1) ou de d\u00e9tente\/Carnaval (2) Informations\u00a0: admin.polytech@umons.ac.be (T\u00e9l.\u00a0: [&hellip;]","og_url":"https:\/\/web.umons.ac.be\/fpms\/fr\/nos-activites-avec-le-secondaire\/","og_site_name":"Facult\u00e9 \/ FPMS","article_modified_time":"2026-01-06T13:16:36+00:00","og_image":[{"url":"https:\/\/web.umons.ac.be\/app\/uploads\/sites\/6\/2020\/02\/Image1-150x150.png","type":"","width":"","height":""}],"twitter_card":"summary_large_image","twitter_misc":{"Dur\u00e9e de lecture estim\u00e9e":"2 minutes"},"schema":{"@context":"https:\/\/schema.org","@graph":[{"@type":"WebPage","@id":"https:\/\/web.umons.ac.be\/fpms\/fr\/nos-activites-avec-le-secondaire\/","url":"https:\/\/web.umons.ac.be\/fpms\/fr\/nos-activites-avec-le-secondaire\/","name":"Nos activit\u00e9s avec le secondaire - Facult\u00e9 \/ FPMS","isPartOf":{"@id":"https:\/\/web.umons.ac.be\/fpms\/#website"},"primaryImageOfPage":{"@id":"https:\/\/web.umons.ac.be\/fpms\/fr\/nos-activites-avec-le-secondaire\/#primaryimage"},"image":{"@id":"https:\/\/web.umons.ac.be\/fpms\/fr\/nos-activites-avec-le-secondaire\/#primaryimage"},"thumbnailUrl":"https:\/\/web.umons.ac.be\/app\/uploads\/sites\/6\/2017\/07\/logo-engup20bleu-fpms1-300x266.jpg","datePublished":"2017-09-12T14:17:36+00:00","dateModified":"2026-01-06T13:16:36+00:00","breadcrumb":{"@id":"https:\/\/web.umons.ac.be\/fpms\/fr\/nos-activites-avec-le-secondaire\/#breadcrumb"},"inLanguage":"fr-FR","potentialAction":[{"@type":"ReadAction","target":["https:\/\/web.umons.ac.be\/fpms\/fr\/nos-activites-avec-le-secondaire\/"]}]},{"@type":"ImageObject","inLanguage":"fr-FR","@id":"https:\/\/web.umons.ac.be\/fpms\/fr\/nos-activites-avec-le-secondaire\/#primaryimage","url":"https:\/\/web.umons.ac.be\/app\/uploads\/sites\/6\/2017\/07\/logo-engup20bleu-fpms1-300x266.jpg","contentUrl":"https:\/\/web.umons.ac.be\/app\/uploads\/sites\/6\/2017\/07\/logo-engup20bleu-fpms1-300x266.jpg"},{"@type":"BreadcrumbList","@id":"https:\/\/web.umons.ac.be\/fpms\/fr\/nos-activites-avec-le-secondaire\/#breadcrumb","itemListElement":[{"@type":"ListItem","position":1,"name":"Accueil","item":"https:\/\/web.umons.ac.be\/fpms\/fr\/"},{"@type":"ListItem","position":2,"name":"Nos activit\u00e9s avec le secondaire"}]},{"@type":"WebSite","@id":"https:\/\/web.umons.ac.be\/fpms\/#website","url":"https:\/\/web.umons.ac.be\/fpms\/","name":"Facult\u00e9 \/ FPMS","description":"Un site utilisant Universit\u00e9 de Mons \u2013 UMONS","potentialAction":[{"@type":"SearchAction","target":{"@type":"EntryPoint","urlTemplate":"https:\/\/web.umons.ac.be\/fpms\/?s={search_term_string}"},"query-input":{"@type":"PropertyValueSpecification","valueRequired":true,"valueName":"search_term_string"}}],"inLanguage":"fr-FR"}]}},"lang":"fr","translations":{"fr":291,"en":660},"pll_sync_post":[],"_links":{"self":[{"href":"https:\/\/web.umons.ac.be\/fpms\/wp-json\/wp\/v2\/pages\/291","targetHints":{"allow":["GET"]}}],"collection":[{"href":"https:\/\/web.umons.ac.be\/fpms\/wp-json\/wp\/v2\/pages"}],"about":[{"href":"https:\/\/web.umons.ac.be\/fpms\/wp-json\/wp\/v2\/types\/page"}],"author":[{"embeddable":true,"href":"https:\/\/web.umons.ac.be\/fpms\/wp-json\/wp\/v2\/users\/2"}],"replies":[{"embeddable":true,"href":"https:\/\/web.umons.ac.be\/fpms\/wp-json\/wp\/v2\/comments?post=291"}],"version-history":[{"count":3,"href":"https:\/\/web.umons.ac.be\/fpms\/wp-json\/wp\/v2\/pages\/291\/revisions"}],"predecessor-version":[{"id":3397,"href":"https:\/\/web.umons.ac.be\/fpms\/wp-json\/wp\/v2\/pages\/291\/revisions\/3397"}],"wp:attachment":[{"href":"https:\/\/web.umons.ac.be\/fpms\/wp-json\/wp\/v2\/media?parent=291"}],"curies":[{"name":"wp","href":"https:\/\/api.w.org\/{rel}","templated":true}]}}