{"id":309,"date":"2017-09-12T17:02:28","date_gmt":"2017-09-12T15:02:28","guid":{"rendered":"https:\/\/web.umons.ac.be\/fpms\/?page_id=309"},"modified":"2021-10-06T09:34:38","modified_gmt":"2021-10-06T07:34:38","slug":"entreprise","status":"publish","type":"page","link":"https:\/\/web.umons.ac.be\/fpms\/fr\/entreprise\/","title":{"rendered":"Entreprise"},"content":{"rendered":"<h2>Polytech Mons et les entreprises<\/h2>\n<p>Polytech Mons implique des repr\u00e9sentants du monde professionnel \u00e0 de nombreux niveaux, depuis la conception de ses programmes de formation et leur r\u00e9alisation, jusqu\u2019\u00e0 l\u2019accompagnement des \u00e9tudiants dans les \u00e9tapes de la cr\u00e9ation de leur projet professionnel personnel et le d\u00e9veloppement de leurs comp\u00e9tences m\u00e9tier.<\/p>\n<p>Pour concevoir des profils de formation en ad\u00e9quation avec les besoins de la soci\u00e9t\u00e9, Polytech Mons b\u00e9n\u00e9ficie des conseils de son Conseil strat\u00e9gique, lieu privil\u00e9gi\u00e9 de rencontre et d\u2019\u00e9change avec le milieu socio-professionnel au sein duquel si\u00e8gent de mani\u00e8re paritaire des repr\u00e9sentants de la Facult\u00e9 et des membres issus du monde \u00e9conomique et du monde industriel.\u00a0 Le Conseil strat\u00e9gique de la Facult\u00e9 assure un r\u00f4le de guidance dans les processus de pilotage strat\u00e9gique de la Facult\u00e9, ainsi qu\u2019un r\u00f4le de conseil sur l\u2019\u00e9volution de son offre de formation.\u00a0 Il peut en cela s\u2019appuyer sur les recommandations formul\u00e9es par les Comit\u00e9s consultatifs de programmes de chaque dipl\u00f4me, dont la structure et la mission sont similaires \u00e0 celles du Conseil strat\u00e9gique et concernent plus sp\u00e9cifiquement une fili\u00e8re de formation particuli\u00e8re.<\/p>\n<p>Au cours de leur cursus, les futurs ing\u00e9nieurs form\u00e9s \u00e0 Polytech Mons sont en contact de mani\u00e8re r\u00e9currente avec l\u2019entreprise et largement encourag\u00e9s dans le d\u00e9veloppement de leur esprit d\u2019entreprendre. La Facult\u00e9 s\u2019appuie pour cela sur le vaste r\u00e9seau de contacts industriels de son corps d\u2019enseignants et chercheurs, ses partenariats avec des incubateurs sp\u00e9cialis\u00e9s dans les m\u00e9tiers de l\u2019ing\u00e9nieur, ainsi que sur les liens tr\u00e8s \u00e9troits qu\u2019elle entretient avec son association de dipl\u00f4m\u00e9s, l\u2019AIMs Polytech Mons Alumni (<a href=\"https:\/\/polytech-mons-alumni.be\/accueil\/\" target=\"_blank\" rel=\"noopener\">Association des Ing\u00e9nieurs de la Facult\u00e9 Polytechnique de Mons<\/a> ).<\/p>\n<p>Premier en taille des r\u00e9seaux d\u2019\u00e9coles d\u2019ing\u00e9nieurs du pays, l\u2019AIMs Polytech Mons Alumni et plus particuli\u00e8rement son \u00ab <a href=\"https:\/\/polytech-mons-alumni.be\/stimuler-les-opportunites\/club-entreprendre\/\" target=\"_blank\" rel=\"noopener\">Club Entreprendre<\/a> \u00bb a initi\u00e9 le <a href=\"https:\/\/polytech-mons-alumni.be\/inspirer-les-generations\/compagnons\/\" target=\"_blank\" rel=\"noopener\">Compagnonnage de Polytechniciens<\/a>, action de mise en relation entre un \u00e9tudiant-compagnon (de troisi\u00e8me ann\u00e9e au moins) et un ma\u00eetre-compagnon, professionnel en activit\u00e9 membre de l\u2019 AIMs Polytech Mons Alumni. Soutenue par la Fondation Roi Baudouin, cette action vise \u00e0 r\u00e9aliser des \u00e9changes professionnels entre des \u00e9tudiants de Polytech Mons et des ing\u00e9nieurs en activit\u00e9. L&rsquo;\u00e9tudiant-compagnon est associ\u00e9 \u00e0 des moments-cl\u00e9s de la vie de l\u2019entreprise, qui lui font prendre conscience des exigences et des enjeux de la vie professionnelle mais lui permettent \u00e9galement de conna\u00eetre plus concr\u00e8tement les m\u00e9tiers de l\u2019ing\u00e9nieur pour construire son projet d\u2019orientation professionnelle.<\/p>\n<p>L\u2019intervention de professionnels en tant qu\u2019experts et t\u00e9moins dans les activit\u00e9s d\u2019enseignement, l\u2019ancrage dans un contexte professionnel concret des projets r\u00e9alis\u00e9s par les \u00e9tudiants d\u00e8s le premier cycle, ou la r\u00e9alisation de travaux de fin d\u2019\u00e9tudes en collaboration avec une entreprise ou un centre de recherche participent \u00e0 l\u2019ouverture des \u00e9tudiants de la Polytech aux r\u00e9alit\u00e9s du monde de l\u2019entreprise tout au long de leur formation.<\/p>\n<p>Polytech Mons d\u00e9veloppe une politique d\u2019encouragement de ses \u00e9tudiants \u00e0 l\u2019entrepreneuriat \u00e0 travers des actions con\u00e7ues et r\u00e9alis\u00e9es avec de nombreux partenaires.\u00a0 La cr\u00e9ation en 2015 de l\u2019entreprise \u00e9tudiante <a href=\"http:\/\/www.yeptechmons.com\" target=\"_blank\" rel=\"noopener\">Yep\u2019Tech Mons <\/a>\u00a0 permet aux \u00e9tudiants entrepreneurs de Polytech Mons de r\u00e9aliser des travaux de consultance, recherche et \u00e9tudes li\u00e9s aux m\u00e9tiers de l\u2019ing\u00e9nieur, pour les entreprises priv\u00e9es ou publiques. Le programme Star-Tech permet aux \u00e9tudiants de 2\u00e8me bachelier de d\u00e9velopper leur id\u00e9e personnelle de produit et de soci\u00e9t\u00e9 innovants. En 2012, l\u2019incubateur wallon des sciences de l\u2019ing\u00e9nieur WSL lan\u00e7ait le programme Star-Tech en collaboration avec l\u2019AIMs Polytech Mons Alumni et la Polytech Mons. Son objectif \u00e9tait d\u2019aider les \u00e9tudiants \u00e0 d\u00e9velopper une id\u00e9e de cr\u00e9ation d\u2019entreprise.<\/p>\n<p>Les comp\u00e9tences transversales d\u00e9velopp\u00e9es par la dynamique des projets sont tout particuli\u00e8rement activ\u00e9es dans le cadre du stage en entreprise, r\u00e9alis\u00e9 entre la premi\u00e8re et la deuxi\u00e8me ann\u00e9e du cycle de Master. Obligatoire et d\u2019une dur\u00e9e minimale de 8 semaines, ce stage constitue une occasion privil\u00e9gi\u00e9e d\u2019immersion des futurs ing\u00e9nieurs dans le milieu professionnel, avec l\u2019opportunit\u00e9 de contribuer \u00e0 la r\u00e9solution d\u2019un probl\u00e8me concret de l\u2019entreprise. En proposant un stage, l\u2019entreprise peut non seulement recevoir un renfort ponctuel sur ses projets, mais plus largement contribuer \u00e0 la formation des ing\u00e9nieurs de demain, en initiant de nouveaux talents \u00e0 son exp\u00e9rience.<\/p>\n<p>Les <a href=\"https:\/\/jde.polytech-mons-alumni.be\/\" target=\"_blank\" rel=\"noopener\">Journ\u00e9es des Entreprises<\/a>\u00a0 offrent aux \u00ab\u00a0presque\u00a0\u00bb dipl\u00f4m\u00e9s l&rsquo;opportunit\u00e9 de rencontrer leur futur employeur ou de d\u00e9crocher un stage.\u00a0 Elles sont organis\u00e9es chaque ann\u00e9e en f\u00e9vrier pour les \u00e9tudiants du cycle Master, conjointement par la Facult\u00e9 Polytechnique de Mons, l&rsquo;AIMs Polytech Mons Alumni et la F\u00e9d\u00e9ration des Etudiants Polytech. Ces deux journ\u00e9es permettent une rencontre entre les entreprises et les \u00e9tudiants en fin de cycle, \u00e0 travers des matin\u00e9es de pr\u00e9sentations des entreprises et des apr\u00e8s-midis d\u2019entretiens avec les \u00e9tudiants.\u00a0 L\u2019accompagnement des ing\u00e9nieurs issus de la FPMs dans leur insertion professionnelle peut se poursuivre ensuite tout au long de leur carri\u00e8re \u00e0 travers les services offerts par la cellule \u00ab <a href=\"https:\/\/polytech-mons-alumni.be\/stimuler-les-opportunites\/emploi\/\" target=\"_blank\" rel=\"noopener\">Les Portes de l&rsquo;Emploi<\/a> \u00bb de l&rsquo;AIMs Polytech Mons Alumni.<\/p>\n","protected":false},"excerpt":{"rendered":"<p>Polytech Mons et les entreprises Polytech Mons implique des repr\u00e9sentants du monde professionnel \u00e0 de nombreux niveaux, depuis la conception de ses programmes de formation et leur r\u00e9alisation, jusqu\u2019\u00e0 l\u2019accompagnement des \u00e9tudiants dans les \u00e9tapes de la cr\u00e9ation de leur projet professionnel personnel et le d\u00e9veloppement de leurs comp\u00e9tences m\u00e9tier. Pour concevoir des profils de [&hellip;]<\/p>\n","protected":false},"author":2,"featured_media":0,"parent":0,"menu_order":7,"comment_status":"closed","ping_status":"closed","template":"","meta":{"footnotes":""},"class_list":["post-309","page","type-page","status-publish","hentry"],"yoast_head":"<!-- This site is optimized with the Yoast SEO plugin v27.2 - https:\/\/yoast.com\/product\/yoast-seo-wordpress\/ -->\n<title>Entreprise - Facult\u00e9 \/ FPMS<\/title>\n<meta name=\"robots\" content=\"index, follow, max-snippet:-1, max-image-preview:large, max-video-preview:-1\" \/>\n<link rel=\"canonical\" href=\"https:\/\/web.umons.ac.be\/fpms\/fr\/entreprise\/\" \/>\n<meta property=\"og:locale\" content=\"fr_FR\" \/>\n<meta property=\"og:type\" content=\"article\" \/>\n<meta property=\"og:title\" content=\"Entreprise - Facult\u00e9 \/ FPMS\" \/>\n<meta property=\"og:description\" content=\"Polytech Mons et les entreprises Polytech Mons implique des repr\u00e9sentants du monde professionnel \u00e0 de nombreux niveaux, depuis la conception de ses programmes de formation et leur r\u00e9alisation, jusqu\u2019\u00e0 l\u2019accompagnement des \u00e9tudiants dans les \u00e9tapes de la cr\u00e9ation de leur projet professionnel personnel et le d\u00e9veloppement de leurs comp\u00e9tences m\u00e9tier. Pour concevoir des profils de [&hellip;]\" \/>\n<meta property=\"og:url\" content=\"https:\/\/web.umons.ac.be\/fpms\/fr\/entreprise\/\" \/>\n<meta property=\"og:site_name\" content=\"Facult\u00e9 \/ FPMS\" \/>\n<meta property=\"article:modified_time\" content=\"2021-10-06T07:34:38+00:00\" \/>\n<meta name=\"twitter:card\" content=\"summary_large_image\" \/>\n<meta name=\"twitter:label1\" content=\"Dur\u00e9e de lecture estim\u00e9e\" \/>\n\t<meta name=\"twitter:data1\" content=\"4 minutes\" \/>\n<script type=\"application\/ld+json\" class=\"yoast-schema-graph\">{\"@context\":\"https:\/\/schema.org\",\"@graph\":[{\"@type\":\"WebPage\",\"@id\":\"https:\/\/web.umons.ac.be\/fpms\/fr\/entreprise\/\",\"url\":\"https:\/\/web.umons.ac.be\/fpms\/fr\/entreprise\/\",\"name\":\"Entreprise - Facult\u00e9 \/ FPMS\",\"isPartOf\":{\"@id\":\"https:\/\/web.umons.ac.be\/fpms\/#website\"},\"datePublished\":\"2017-09-12T15:02:28+00:00\",\"dateModified\":\"2021-10-06T07:34:38+00:00\",\"breadcrumb\":{\"@id\":\"https:\/\/web.umons.ac.be\/fpms\/fr\/entreprise\/#breadcrumb\"},\"inLanguage\":\"fr-FR\",\"potentialAction\":[{\"@type\":\"ReadAction\",\"target\":[\"https:\/\/web.umons.ac.be\/fpms\/fr\/entreprise\/\"]}]},{\"@type\":\"BreadcrumbList\",\"@id\":\"https:\/\/web.umons.ac.be\/fpms\/fr\/entreprise\/#breadcrumb\",\"itemListElement\":[{\"@type\":\"ListItem\",\"position\":1,\"name\":\"Accueil\",\"item\":\"https:\/\/web.umons.ac.be\/fpms\/fr\/\"},{\"@type\":\"ListItem\",\"position\":2,\"name\":\"Entreprise\"}]},{\"@type\":\"WebSite\",\"@id\":\"https:\/\/web.umons.ac.be\/fpms\/#website\",\"url\":\"https:\/\/web.umons.ac.be\/fpms\/\",\"name\":\"Facult\u00e9 \/ FPMS\",\"description\":\"Un site utilisant Universit\u00e9 de Mons \u2013 UMONS\",\"potentialAction\":[{\"@type\":\"SearchAction\",\"target\":{\"@type\":\"EntryPoint\",\"urlTemplate\":\"https:\/\/web.umons.ac.be\/fpms\/?s={search_term_string}\"},\"query-input\":{\"@type\":\"PropertyValueSpecification\",\"valueRequired\":true,\"valueName\":\"search_term_string\"}}],\"inLanguage\":\"fr-FR\"}]}<\/script>\n<!-- \/ Yoast SEO plugin. -->","yoast_head_json":{"title":"Entreprise - Facult\u00e9 \/ FPMS","robots":{"index":"index","follow":"follow","max-snippet":"max-snippet:-1","max-image-preview":"max-image-preview:large","max-video-preview":"max-video-preview:-1"},"canonical":"https:\/\/web.umons.ac.be\/fpms\/fr\/entreprise\/","og_locale":"fr_FR","og_type":"article","og_title":"Entreprise - Facult\u00e9 \/ FPMS","og_description":"Polytech Mons et les entreprises Polytech Mons implique des repr\u00e9sentants du monde professionnel \u00e0 de nombreux niveaux, depuis la conception de ses programmes de formation et leur r\u00e9alisation, jusqu\u2019\u00e0 l\u2019accompagnement des \u00e9tudiants dans les \u00e9tapes de la cr\u00e9ation de leur projet professionnel personnel et le d\u00e9veloppement de leurs comp\u00e9tences m\u00e9tier. Pour concevoir des profils de [&hellip;]","og_url":"https:\/\/web.umons.ac.be\/fpms\/fr\/entreprise\/","og_site_name":"Facult\u00e9 \/ FPMS","article_modified_time":"2021-10-06T07:34:38+00:00","twitter_card":"summary_large_image","twitter_misc":{"Dur\u00e9e de lecture estim\u00e9e":"4 minutes"},"schema":{"@context":"https:\/\/schema.org","@graph":[{"@type":"WebPage","@id":"https:\/\/web.umons.ac.be\/fpms\/fr\/entreprise\/","url":"https:\/\/web.umons.ac.be\/fpms\/fr\/entreprise\/","name":"Entreprise - Facult\u00e9 \/ FPMS","isPartOf":{"@id":"https:\/\/web.umons.ac.be\/fpms\/#website"},"datePublished":"2017-09-12T15:02:28+00:00","dateModified":"2021-10-06T07:34:38+00:00","breadcrumb":{"@id":"https:\/\/web.umons.ac.be\/fpms\/fr\/entreprise\/#breadcrumb"},"inLanguage":"fr-FR","potentialAction":[{"@type":"ReadAction","target":["https:\/\/web.umons.ac.be\/fpms\/fr\/entreprise\/"]}]},{"@type":"BreadcrumbList","@id":"https:\/\/web.umons.ac.be\/fpms\/fr\/entreprise\/#breadcrumb","itemListElement":[{"@type":"ListItem","position":1,"name":"Accueil","item":"https:\/\/web.umons.ac.be\/fpms\/fr\/"},{"@type":"ListItem","position":2,"name":"Entreprise"}]},{"@type":"WebSite","@id":"https:\/\/web.umons.ac.be\/fpms\/#website","url":"https:\/\/web.umons.ac.be\/fpms\/","name":"Facult\u00e9 \/ FPMS","description":"Un site utilisant Universit\u00e9 de Mons \u2013 UMONS","potentialAction":[{"@type":"SearchAction","target":{"@type":"EntryPoint","urlTemplate":"https:\/\/web.umons.ac.be\/fpms\/?s={search_term_string}"},"query-input":{"@type":"PropertyValueSpecification","valueRequired":true,"valueName":"search_term_string"}}],"inLanguage":"fr-FR"}]}},"lang":"fr","translations":{"fr":309,"en":663},"pll_sync_post":[],"_links":{"self":[{"href":"https:\/\/web.umons.ac.be\/fpms\/wp-json\/wp\/v2\/pages\/309","targetHints":{"allow":["GET"]}}],"collection":[{"href":"https:\/\/web.umons.ac.be\/fpms\/wp-json\/wp\/v2\/pages"}],"about":[{"href":"https:\/\/web.umons.ac.be\/fpms\/wp-json\/wp\/v2\/types\/page"}],"author":[{"embeddable":true,"href":"https:\/\/web.umons.ac.be\/fpms\/wp-json\/wp\/v2\/users\/2"}],"replies":[{"embeddable":true,"href":"https:\/\/web.umons.ac.be\/fpms\/wp-json\/wp\/v2\/comments?post=309"}],"version-history":[{"count":5,"href":"https:\/\/web.umons.ac.be\/fpms\/wp-json\/wp\/v2\/pages\/309\/revisions"}],"predecessor-version":[{"id":1949,"href":"https:\/\/web.umons.ac.be\/fpms\/wp-json\/wp\/v2\/pages\/309\/revisions\/1949"}],"wp:attachment":[{"href":"https:\/\/web.umons.ac.be\/fpms\/wp-json\/wp\/v2\/media?parent=309"}],"curies":[{"name":"wp","href":"https:\/\/api.w.org\/{rel}","templated":true}]}}