{"id":312,"date":"2017-09-12T17:03:15","date_gmt":"2017-09-12T15:03:15","guid":{"rendered":"https:\/\/web.umons.ac.be\/fpms\/?page_id=312"},"modified":"2023-07-10T10:34:32","modified_gmt":"2023-07-10T08:34:32","slug":"proposer-des-memoires-et-des-stages","status":"publish","type":"page","link":"https:\/\/web.umons.ac.be\/fpms\/fr\/entreprise\/proposer-des-memoires-et-des-stages\/","title":{"rendered":"Proposer des m\u00e9moires et des stages"},"content":{"rendered":"<h4>Proposer des Stages et Travaux de Fin d&rsquo;Etudes en collaboration avec votre entreprise<\/h4>\n<p>En proposant un\u00a0<strong>stage au sein de votre entreprise<\/strong>\u00a0ou un\u00a0<strong>Travail de Fin d&rsquo;Etude<\/strong>s\u00a0en collaboration avec celle-ci, vous devenez partenaire de Polytech Mons dans la formation des ing\u00e9nieurs de demain.<\/p>\n<p>Accueillir un stagiaire vous permet de d\u00e9couvrir de nouveaux talents et de b\u00e9n\u00e9ficier des comp\u00e9tences techniques polyvalentes des futurs ing\u00e9nieurs form\u00e9s \u00e0 la Polytech, tout en les initiant \u00e0 votre exp\u00e9rience de professionnel.<\/p>\n<p>En proposant un sujet pour la r\u00e9alisation d&rsquo;un Travail de Fin d&rsquo;Etudes (TFE) en collaboration avec les services d&rsquo;enseignement et de recherche de Polytech Mons, vous acc\u00e9dez \u00e9galement \u00e0 l&rsquo;expertise scientifique et technique de ses \u00e9quipes d&rsquo;enseignants et de chercheurs.<\/p>\n<start-cask-shortcode-wrapper>    <div class=\"accordion content-block scheme-fpms\">\n                <div class=\"accordion-inner\">\n            <div class=\"accordion-bellow\">\n                <button class=\"accordion-bellow-toggle scheme-background-hover\" data-target=\"#accordion-content-64abc2696f9af\">\n                    <span class=\"icon umons-icon-chevron-down\" aria-hidden=\"true\"><\/span> Quelles sont les diff\u00e9rences entre un stage et un TFE dans ou avec l'entreprise ?                <\/button>\n            <\/div>\n            <div id=\"accordion-content-64abc2696f9af\" class=\"accordion-content\">\n            \t<div class=\"inner editor-front\">\n            \t\t<p>La diff\u00e9rence entre un stage et un TFE en collaboration avec l&rsquo;entreprise r\u00e9side dans l\u2019ampleur et la nature du travail propos\u00e9, ainsi que dans les modalit\u00e9s de r\u00e9alisation :<\/p>\n<h6>Stage<\/h6>\n<ul>\n<li>Approche Projet, r\u00e9solution d&rsquo;un probl\u00e8me concret et d\u00e9limit\u00e9, utile pour une probl\u00e9matique de l&rsquo;entreprise<\/li>\n<li>Avec mise en contexte professionnel, compr\u00e9hension des enjeux pour l&rsquo;entreprise (\u00e9conomiques, environnementaux,\u2026)<\/li>\n<li>Compr\u00e9hension du fonctionnement de l&rsquo;entreprise et mise en \u0153uvre\/d\u00e9veloppement des comp\u00e9tences transversales<\/li>\n<li>Volume de travail \u00e9tudiant : environ de 300 \u00e0 450 heures, selon la dur\u00e9e du stage<\/li>\n<li>R\u00e9alis\u00e9 \u00e0 temps plein dans l\u2019entreprise, 8 \u00e0 12 semaines entre juillet et octobre, entre premi\u00e8re et seconde ann\u00e9e du cycle Master<\/li>\n<\/ul>\n<h6>Travail de Fin d&rsquo;Etudes (TFE)<\/h6>\n<ul>\n<li>Tr\u00e8s nettement orient\u00e9 Recherche, Recherche et D\u00e9veloppement ; travail \u00e9ventuellement plus prospectif dans une d\u00e9marche scientifique rigoureuse en vue de d\u00e9velopper une solution innovante et performante ; encadrement conjoint avec un enseignant-chercheur d&rsquo;une \u00e9quipe de recherche de la FPMs<\/li>\n<li>Volume de travail \u00e9tudiant : environ 600 heures<\/li>\n<li>R\u00e9alis\u00e9 hors de l\u2019entreprise (en collaboration avec celle-ci) ou partiellement dans l\u2019entreprise :\n<ul>\n<li>soit en continu pour une dur\u00e9e typique de l\u2019ordre de 8 semaines (on parle de \u00ab\u00a0TFE en entreprise ou en Centre de Recherche\u00a0\u00bb)<\/li>\n<li>soit suivant un r\u00e9gime de pr\u00e9sence ponctuelle convenu avec l\u2019entreprise (on parle alors de \u00ab\u00a0TFE en collaboration avec l&rsquo;entreprise\u00a0\u00bb)<\/li>\n<\/ul>\n<\/li>\n<li>Entre novembre et fin mai, pendant la seconde ann\u00e9e du cycle Master<\/li>\n<\/ul>\n<p>Le TFE ne peut donc constituer une simple prolongation d&rsquo;un projet trait\u00e9 au cours du stage, mais doit repr\u00e9senter de nouveaux d\u00e9veloppements justifiant un volume de travail suffisant, ou un sujet diff\u00e9rent.<\/p>\n            \t<\/div>\n            <\/div>\n        <\/div>\n                <div class=\"accordion-inner\">\n            <div class=\"accordion-bellow\">\n                <button class=\"accordion-bellow-toggle scheme-background-hover\" data-target=\"#accordion-content-64abc26978c08\">\n                    <span class=\"icon umons-icon-chevron-down\" aria-hidden=\"true\"><\/span> A quoi vais-je m'engager ?                <\/button>\n            <\/div>\n            <div id=\"accordion-content-64abc26978c08\" class=\"accordion-content\">\n            \t<div class=\"inner editor-front\">\n            \t\t<p>Les sujets de stage ou de TFE propos\u00e9s par l\u2019entreprise sont discut\u00e9s avec un enseignant, r\u00e9f\u00e9rent acad\u00e9mique, avant d\u2019\u00eatre approuv\u00e9s officiellement au niveau facultaire.\u00a0Le premier engagement du ma\u00eetre de stage ou promoteur de TFE est donc de participer activement \u00e0 la phase de d\u00e9finition du cahier des charges (objectifs, contenus et livrables attendus) du TFE ou du projet de stage, en collaboration avec un r\u00e9f\u00e9rent acad\u00e9mique et avec l&rsquo;\u00e9tudiant.<\/p>\n<p>Pendant le stage ou la r\u00e9alisation du TFE en entreprise, le ma\u00eetre de stage ou promoteur de TFE:<\/p>\n<ul>\n<li>accueille et int\u00e8gre l\u2019\u00e9tudiant au sein d\u2019une \u00e9quipe, v\u00e9rifie que les t\u00e2ches confi\u00e9es sont compatibles avec les objectifs du stage (pr\u00e9cis\u00e9s dans la convention de stage)<\/li>\n<li>assure la mise \u00e0 disposition des ressources dans l\u2019entreprise<\/li>\n<li>communique un feed-back r\u00e9gulier \u00e0 l&rsquo;\u00e9tudiant.<\/li>\n<\/ul>\n<p>A la fin du stage ou du TFE, il communique au r\u00e9f\u00e9rent acad\u00e9mique les \u00e9l\u00e9ments destin\u00e9s \u00e0 l\u2019\u00e9valuation de l&rsquo;\u00e9tudiant.<\/p>\n            \t<\/div>\n            <\/div>\n        <\/div>\n                <div class=\"accordion-inner\">\n            <div class=\"accordion-bellow\">\n                <button class=\"accordion-bellow-toggle scheme-background-hover\" data-target=\"#accordion-content-64abc26978d52\">\n                    <span class=\"icon umons-icon-chevron-down\" aria-hidden=\"true\"><\/span> Quand et comment proposer un sujet de stage ou de TFE\u00a0?                <\/button>\n            <\/div>\n            <div id=\"accordion-content-64abc26978d52\" class=\"accordion-content\">\n            \t<div class=\"inner editor-front\">\n            \t\t<h6>Stages<\/h6>\n<ul>\n<li>Les offres de stage sont collect\u00e9es tout au long de l\u2019ann\u00e9e et diffus\u00e9es en continu via le portail d\u2019enseignement facultaire, ainsi que par notre\u00a0association d\u2019Alumni\u00a0(AIMs Polytech Mons Alumni)<\/li>\n<li>Vous pouvez transmettre votre proposition en nous transmettant un document descriptif \u00e0 l\u2019adresse <a href=\"mailto:stages.polytech@umons.ac.be\">stages.polytech@umons.ac.be<\/a><\/li>\n<li>L\u2019\u00e9tudiant int\u00e9ress\u00e9 se charge de contacter un r\u00e9f\u00e9rent acad\u00e9mique et le contact technique dans l\u2019entreprise (\u00e0 renseigner dans la proposition de stage) pour finaliser la d\u00e9finition du sujet\u00a0au plus tard fin avril<\/li>\n<li>Le choix du stage est approuv\u00e9 officiellement la\u00a0premi\u00e8re semaine de mai<\/li>\n<li>La convention de stage est finalis\u00e9e\u00a0au plus tard fin juin<\/li>\n<li>Id\u00e9alement, proposer un sujet de stage au plus tard d\u00e9but avril.\u00a0 Au-del\u00e0 de cette date, le sujet peut \u00eatre conserv\u00e9 pour les \u00e9tudiants avec parcours sp\u00e9cifique (stage en dehors des p\u00e9riodes standard, concerne une minorit\u00e9 d&rsquo;\u00e9tudiants), ou pour l&rsquo;ann\u00e9e acad\u00e9mique suivante.<\/li>\n<\/ul>\n<h6>Travaux de Fin d\u2019Etudes en entreprise ou en collaboration avec elle<\/h6>\n<ul>\n<li>Les sujets de TFE sont collect\u00e9s aupr\u00e8s des services d\u2019enseignement de la facult\u00e9 jusque fin juin<\/li>\n<li>Si vous disposez d\u2019un contact parmi les enseignants de la FPMs, le mieux est de lui transmettre votre proposition directement.\u00a0 Si vous ne disposez pas d\u2019un contact personnel,\u00a0 vous pouvez transmettre votre proposition \u00e0 l\u2019adresse\u00a0<a href=\"mailto:stages.polytech@umons.ac.be\">stages.polytech@umons.ac.be\u00a0<\/a>(en pr\u00e9cisant qu&rsquo;il s&rsquo;agit d&rsquo;une proposition de TFE)<a href=\"https:\/\/goo.gl\/forms\/aZBfxaNHIBZd8Uar1\" target=\"_blank\" rel=\"noopener\">\u00a0<\/a>;\u00a0 elle sera diffus\u00e9e aupr\u00e8s des services potentiellement concern\u00e9s. Dans ce cas, si un enseignant souhaite co-encadrer le TFE, il prendra contact avec le responsable technique renseign\u00e9 dans la proposition pour finaliser le sujet et l\u2019int\u00e9grer \u00e0 la liste des sujets propos\u00e9s par son service<\/li>\n<li>Les sujets de TFE propos\u00e9s par les services sont\u00a0<strong>diffus\u00e9s aux \u00e9tudiants d\u00e9but septembre<\/strong><\/li>\n<li>Les choix de TFE par les \u00e9tudiants sont approuv\u00e9s officiellement\u00a0<strong>fin octobre<\/strong><\/li>\n<li><strong>Id\u00e9alement proposer un sujet de TFE au plus tard fin juin<\/strong>. <strong>Au-del\u00e0 de cette date : il reste possible de proposer un sujet jusque fin septembre pour l\u2019ann\u00e9e en cours<\/strong>, mais il doit \u00eatre valid\u00e9 d\u00e8s que possible par un promoteur acad\u00e9mique afin d\u2019avoir encore une chance d\u2019\u00eatre retenu<\/li>\n<\/ul>\n<h6>Rencontrer les \u00e9tudiants<\/h6>\n<p>Si vous souhaitez pr\u00e9senter vos sujets directement aux \u00e9tudiants et rencontrer des candidats potentiels, ceci est possible lors de l&rsquo;UMONS Career Day, courant mars.\u00a0 Contact et informations pour l&rsquo;\u00e9dition de l&rsquo;ann\u00e9e :\u00a0<a href=\"https:\/\/web.umons.ac.be\/fr\/partenaires\/participer-a-nos-career-days\/\">Participer \u00e0 nos Career Days &#8211; Universit\u00e9 de Mons (umons.ac.be)<\/a><\/p>\n            \t<\/div>\n            <\/div>\n        <\/div>\n                <div class=\"accordion-inner\">\n            <div class=\"accordion-bellow\">\n                <button class=\"accordion-bellow-toggle scheme-background-hover\" data-target=\"#accordion-content-64abc26978e7e\">\n                    <span class=\"icon umons-icon-chevron-down\" aria-hidden=\"true\"><\/span> D'autres questions?                <\/button>\n            <\/div>\n            <div id=\"accordion-content-64abc26978e7e\" class=\"accordion-content\">\n            \t<div class=\"inner editor-front\">\n            \t\t<p>Voir \u00e9galement&#8230;.<\/p>\n<ul>\n<li><a href=\"https:\/\/web.umons.ac.be\/fpms\/fr\/offre-de-formation\/2eme-cycle-master\/\">Nos profils de formation<\/a> et <a href=\"https:\/\/web.umons.ac.be\/fpms\/fr\/etudes\/structure-des-etudes\/\">r\u00e9f\u00e9rentiels de comp\u00e9tences<\/a><\/li>\n<li>Informations pour les ma\u00eetres de stage, exemples de convention de stage, coordinateurs de stages par Dipl\u00f4mes, documents-types: contacter\u00a0<a style=\"font-family: Calibri, sans-serif;\" href=\"mailto:stages.polytech@umons.ac.be\">stages.polytech@umons.ac.be\u00a0<\/a> &#8211; \u279532 65 37 40 73<\/li>\n<li>Partenariats et collaborations des entreprises avec les entit\u00e9s de l&rsquo;UMONS: <a href=\"https:\/\/web.umons.ac.be\/fr\/vous-etes\/futur-partenaire\/\">Futur partenaire &#8211; Universit\u00e9 de Mons (umons.ac.be)<\/a><\/li>\n<\/ul>\n            \t<\/div>\n            <\/div>\n        <\/div>\n            <\/div>\n<end-cask-shortcode-wrapper>\n<h3><\/h3>\n","protected":false},"excerpt":{"rendered":"<p>Proposer des Stages et Travaux de Fin d&rsquo;Etudes en collaboration avec votre entreprise En proposant un\u00a0stage au sein de votre entreprise\u00a0ou un\u00a0Travail de Fin d&rsquo;Etudes\u00a0en collaboration avec celle-ci, vous devenez partenaire de Polytech Mons dans la formation des ing\u00e9nieurs de demain. Accueillir un stagiaire vous permet de d\u00e9couvrir de nouveaux talents et de b\u00e9n\u00e9ficier des [&hellip;]<\/p>\n","protected":false},"author":2,"featured_media":0,"parent":309,"menu_order":1,"comment_status":"closed","ping_status":"closed","template":"","meta":{"footnotes":""},"class_list":["post-312","page","type-page","status-publish","hentry"],"yoast_head":"<!-- This site is optimized with the Yoast SEO plugin v27.2 - https:\/\/yoast.com\/product\/yoast-seo-wordpress\/ -->\n<title>Proposer des m\u00e9moires et des stages - Facult\u00e9 \/ FPMS<\/title>\n<meta name=\"robots\" content=\"index, follow, max-snippet:-1, max-image-preview:large, max-video-preview:-1\" \/>\n<link rel=\"canonical\" href=\"https:\/\/web.umons.ac.be\/fpms\/fr\/entreprise\/proposer-des-memoires-et-des-stages\/\" \/>\n<meta property=\"og:locale\" content=\"fr_FR\" \/>\n<meta property=\"og:type\" content=\"article\" \/>\n<meta property=\"og:title\" content=\"Proposer des m\u00e9moires et des stages - Facult\u00e9 \/ FPMS\" \/>\n<meta property=\"og:description\" content=\"Proposer des Stages et Travaux de Fin d&rsquo;Etudes en collaboration avec votre entreprise En proposant un\u00a0stage au sein de votre entreprise\u00a0ou un\u00a0Travail de Fin d&rsquo;Etudes\u00a0en collaboration avec celle-ci, vous devenez partenaire de Polytech Mons dans la formation des ing\u00e9nieurs de demain. Accueillir un stagiaire vous permet de d\u00e9couvrir de nouveaux talents et de b\u00e9n\u00e9ficier des [&hellip;]\" \/>\n<meta property=\"og:url\" content=\"https:\/\/web.umons.ac.be\/fpms\/fr\/entreprise\/proposer-des-memoires-et-des-stages\/\" \/>\n<meta property=\"og:site_name\" content=\"Facult\u00e9 \/ FPMS\" \/>\n<meta property=\"article:modified_time\" content=\"2023-07-10T08:34:32+00:00\" \/>\n<meta name=\"twitter:card\" content=\"summary_large_image\" \/>\n<meta name=\"twitter:label1\" content=\"Dur\u00e9e de lecture estim\u00e9e\" \/>\n\t<meta name=\"twitter:data1\" content=\"1 minute\" \/>\n<script type=\"application\/ld+json\" class=\"yoast-schema-graph\">{\"@context\":\"https:\/\/schema.org\",\"@graph\":[{\"@type\":\"WebPage\",\"@id\":\"https:\/\/web.umons.ac.be\/fpms\/fr\/entreprise\/proposer-des-memoires-et-des-stages\/\",\"url\":\"https:\/\/web.umons.ac.be\/fpms\/fr\/entreprise\/proposer-des-memoires-et-des-stages\/\",\"name\":\"Proposer des m\u00e9moires et des stages - Facult\u00e9 \/ FPMS\",\"isPartOf\":{\"@id\":\"https:\/\/web.umons.ac.be\/fpms\/#website\"},\"datePublished\":\"2017-09-12T15:03:15+00:00\",\"dateModified\":\"2023-07-10T08:34:32+00:00\",\"breadcrumb\":{\"@id\":\"https:\/\/web.umons.ac.be\/fpms\/fr\/entreprise\/proposer-des-memoires-et-des-stages\/#breadcrumb\"},\"inLanguage\":\"fr-FR\",\"potentialAction\":[{\"@type\":\"ReadAction\",\"target\":[\"https:\/\/web.umons.ac.be\/fpms\/fr\/entreprise\/proposer-des-memoires-et-des-stages\/\"]}]},{\"@type\":\"BreadcrumbList\",\"@id\":\"https:\/\/web.umons.ac.be\/fpms\/fr\/entreprise\/proposer-des-memoires-et-des-stages\/#breadcrumb\",\"itemListElement\":[{\"@type\":\"ListItem\",\"position\":1,\"name\":\"Accueil\",\"item\":\"https:\/\/web.umons.ac.be\/fpms\/fr\/\"},{\"@type\":\"ListItem\",\"position\":2,\"name\":\"Entreprise\",\"item\":\"https:\/\/web.umons.ac.be\/fpms\/fr\/entreprise\/\"},{\"@type\":\"ListItem\",\"position\":3,\"name\":\"Proposer des m\u00e9moires et des stages\"}]},{\"@type\":\"WebSite\",\"@id\":\"https:\/\/web.umons.ac.be\/fpms\/#website\",\"url\":\"https:\/\/web.umons.ac.be\/fpms\/\",\"name\":\"Facult\u00e9 \/ FPMS\",\"description\":\"Un site utilisant Universit\u00e9 de Mons \u2013 UMONS\",\"potentialAction\":[{\"@type\":\"SearchAction\",\"target\":{\"@type\":\"EntryPoint\",\"urlTemplate\":\"https:\/\/web.umons.ac.be\/fpms\/?s={search_term_string}\"},\"query-input\":{\"@type\":\"PropertyValueSpecification\",\"valueRequired\":true,\"valueName\":\"search_term_string\"}}],\"inLanguage\":\"fr-FR\"}]}<\/script>\n<!-- \/ Yoast SEO plugin. -->","yoast_head_json":{"title":"Proposer des m\u00e9moires et des stages - Facult\u00e9 \/ FPMS","robots":{"index":"index","follow":"follow","max-snippet":"max-snippet:-1","max-image-preview":"max-image-preview:large","max-video-preview":"max-video-preview:-1"},"canonical":"https:\/\/web.umons.ac.be\/fpms\/fr\/entreprise\/proposer-des-memoires-et-des-stages\/","og_locale":"fr_FR","og_type":"article","og_title":"Proposer des m\u00e9moires et des stages - Facult\u00e9 \/ FPMS","og_description":"Proposer des Stages et Travaux de Fin d&rsquo;Etudes en collaboration avec votre entreprise En proposant un\u00a0stage au sein de votre entreprise\u00a0ou un\u00a0Travail de Fin d&rsquo;Etudes\u00a0en collaboration avec celle-ci, vous devenez partenaire de Polytech Mons dans la formation des ing\u00e9nieurs de demain. Accueillir un stagiaire vous permet de d\u00e9couvrir de nouveaux talents et de b\u00e9n\u00e9ficier des [&hellip;]","og_url":"https:\/\/web.umons.ac.be\/fpms\/fr\/entreprise\/proposer-des-memoires-et-des-stages\/","og_site_name":"Facult\u00e9 \/ FPMS","article_modified_time":"2023-07-10T08:34:32+00:00","twitter_card":"summary_large_image","twitter_misc":{"Dur\u00e9e de lecture estim\u00e9e":"1 minute"},"schema":{"@context":"https:\/\/schema.org","@graph":[{"@type":"WebPage","@id":"https:\/\/web.umons.ac.be\/fpms\/fr\/entreprise\/proposer-des-memoires-et-des-stages\/","url":"https:\/\/web.umons.ac.be\/fpms\/fr\/entreprise\/proposer-des-memoires-et-des-stages\/","name":"Proposer des m\u00e9moires et des stages - Facult\u00e9 \/ FPMS","isPartOf":{"@id":"https:\/\/web.umons.ac.be\/fpms\/#website"},"datePublished":"2017-09-12T15:03:15+00:00","dateModified":"2023-07-10T08:34:32+00:00","breadcrumb":{"@id":"https:\/\/web.umons.ac.be\/fpms\/fr\/entreprise\/proposer-des-memoires-et-des-stages\/#breadcrumb"},"inLanguage":"fr-FR","potentialAction":[{"@type":"ReadAction","target":["https:\/\/web.umons.ac.be\/fpms\/fr\/entreprise\/proposer-des-memoires-et-des-stages\/"]}]},{"@type":"BreadcrumbList","@id":"https:\/\/web.umons.ac.be\/fpms\/fr\/entreprise\/proposer-des-memoires-et-des-stages\/#breadcrumb","itemListElement":[{"@type":"ListItem","position":1,"name":"Accueil","item":"https:\/\/web.umons.ac.be\/fpms\/fr\/"},{"@type":"ListItem","position":2,"name":"Entreprise","item":"https:\/\/web.umons.ac.be\/fpms\/fr\/entreprise\/"},{"@type":"ListItem","position":3,"name":"Proposer des m\u00e9moires et des stages"}]},{"@type":"WebSite","@id":"https:\/\/web.umons.ac.be\/fpms\/#website","url":"https:\/\/web.umons.ac.be\/fpms\/","name":"Facult\u00e9 \/ FPMS","description":"Un site utilisant Universit\u00e9 de Mons \u2013 UMONS","potentialAction":[{"@type":"SearchAction","target":{"@type":"EntryPoint","urlTemplate":"https:\/\/web.umons.ac.be\/fpms\/?s={search_term_string}"},"query-input":{"@type":"PropertyValueSpecification","valueRequired":true,"valueName":"search_term_string"}}],"inLanguage":"fr-FR"}]}},"lang":"fr","translations":{"fr":312,"en":666},"pll_sync_post":[],"_links":{"self":[{"href":"https:\/\/web.umons.ac.be\/fpms\/wp-json\/wp\/v2\/pages\/312","targetHints":{"allow":["GET"]}}],"collection":[{"href":"https:\/\/web.umons.ac.be\/fpms\/wp-json\/wp\/v2\/pages"}],"about":[{"href":"https:\/\/web.umons.ac.be\/fpms\/wp-json\/wp\/v2\/types\/page"}],"author":[{"embeddable":true,"href":"https:\/\/web.umons.ac.be\/fpms\/wp-json\/wp\/v2\/users\/2"}],"replies":[{"embeddable":true,"href":"https:\/\/web.umons.ac.be\/fpms\/wp-json\/wp\/v2\/comments?post=312"}],"version-history":[{"count":4,"href":"https:\/\/web.umons.ac.be\/fpms\/wp-json\/wp\/v2\/pages\/312\/revisions"}],"predecessor-version":[{"id":2717,"href":"https:\/\/web.umons.ac.be\/fpms\/wp-json\/wp\/v2\/pages\/312\/revisions\/2717"}],"up":[{"embeddable":true,"href":"https:\/\/web.umons.ac.be\/fpms\/wp-json\/wp\/v2\/pages\/309"}],"wp:attachment":[{"href":"https:\/\/web.umons.ac.be\/fpms\/wp-json\/wp\/v2\/media?parent=312"}],"curies":[{"name":"wp","href":"https:\/\/api.w.org\/{rel}","templated":true}]}}