{"id":325,"date":"2017-09-19T16:01:31","date_gmt":"2017-09-19T14:01:31","guid":{"rendered":"https:\/\/web.umons.ac.be\/fpms\/?page_id=325"},"modified":"2023-03-30T17:51:28","modified_gmt":"2023-03-30T15:51:28","slug":"offre-de-formation","status":"publish","type":"page","link":"https:\/\/web.umons.ac.be\/fpms\/fr\/offre-de-formation\/","title":{"rendered":"L&rsquo;offre de formation"},"content":{"rendered":"<p>La Facult\u00e9 Polytechnique organise \u00e0 Mons la formation des ing\u00e9nieurs civils du bachelier au master.<\/p>\n<p>Apr\u00e8s l\u2019obtention d\u2019un dipl\u00f4me de premier cycle (<strong>Bachelier Ing\u00e9nieur Civil<\/strong> ou <strong>Ing\u00e9nieur Civil Architecte<\/strong>), l\u2019\u00e9tudiant est amen\u00e9 \u00e0 choisir sa discipline parmi les dipl\u00f4mes de second cycle (<strong>Master<\/strong>) suivants\u00a0:<\/p>\n<ul>\n<li>Master ing\u00e9nieur civil <strong>architecte<\/strong><\/li>\n<li>Master ing\u00e9nieur civil en <strong>chimie et science des mat\u00e9riaux<\/strong><\/li>\n<li>Master ing\u00e9nieur civil <strong>\u00e9lectricien<\/strong><\/li>\n<li>Master ing\u00e9nieur civil en <strong>g\u00e9nie de l\u2019\u00e9nergie<\/strong><\/li>\n<li>Master ing\u00e9nieur civil en <strong>informatique et gestion<\/strong><\/li>\n<li>Master ing\u00e9nieur civil <strong>m\u00e9canicien<\/strong><\/li>\n<li>Master ing\u00e9nieur civil des <strong>mines et g\u00e9ologue<\/strong><\/li>\n<\/ul>\n<p>La poursuite d\u2019un <strong>Doctorat<\/strong> est possible dans les domaines\u00a0:<\/p>\n<ul>\n<li>Sciences de l\u2019ing\u00e9nieur et technologie<\/li>\n<li>Art de b\u00e2tir et Urbanisme<\/li>\n<li>Art et sciences de l\u2019Art<\/li>\n<\/ul>\n<p>Diff\u00e9rentes formations dipl\u00f4mantes et certifiantes sont \u00e9galement en horaire adapt\u00e9 sur le Campus de Mons ou de Charleroi.<\/p>\n<p><a href=\"https:\/\/web.umons.ac.be\/charleroi\/\"><img loading=\"lazy\" decoding=\"async\" class=\"wp-image-1921 size-medium alignright\" src=\"https:\/\/web.umons.ac.be\/app\/uploads\/sites\/6\/2021\/09\/Logo-CampusUCharleroi-HD-1024x341-1-300x100.png\" alt=\"\" width=\"300\" height=\"100\" srcset=\"https:\/\/web.umons.ac.be\/app\/uploads\/sites\/6\/2021\/09\/Logo-CampusUCharleroi-HD-1024x341-1-300x100.png 300w, https:\/\/web.umons.ac.be\/app\/uploads\/sites\/6\/2021\/09\/Logo-CampusUCharleroi-HD-1024x341-1-768x256.png 768w, https:\/\/web.umons.ac.be\/app\/uploads\/sites\/6\/2021\/09\/Logo-CampusUCharleroi-HD-1024x341-1-30x10.png 30w, https:\/\/web.umons.ac.be\/app\/uploads\/sites\/6\/2021\/09\/Logo-CampusUCharleroi-HD-1024x341-1-60x20.png 60w, https:\/\/web.umons.ac.be\/app\/uploads\/sites\/6\/2021\/09\/Logo-CampusUCharleroi-HD-1024x341-1-360x120.png 360w, https:\/\/web.umons.ac.be\/app\/uploads\/sites\/6\/2021\/09\/Logo-CampusUCharleroi-HD-1024x341-1.png 1024w\" sizes=\"auto, (max-width: 300px) 100vw, 300px\" \/><\/a>Les 3 ann\u00e9es du Bachelier en Sciences de l\u2019Ing\u00e9nieur civil (180 cr\u00e9dits) sont aussi organis\u00e9es \u00e0 Charleroi, en collaboration avec l\u2019ULB, dans un environnement alliant proximit\u00e9, encadrement personnalis\u00e9\u00a0et excellence acad\u00e9mique. Les cours et travaux de laboratoires sont dispens\u00e9s sur le <a href=\"https:\/\/web.umons.ac.be\/charleroi\/\" target=\"_blank\" rel=\"noopener\"><strong>CampusUCharleroi<\/strong><\/a>.<\/p>\n","protected":false},"excerpt":{"rendered":"<p>La Facult\u00e9 Polytechnique organise \u00e0 Mons la formation des ing\u00e9nieurs civils du bachelier au master. Apr\u00e8s l\u2019obtention d\u2019un dipl\u00f4me de premier cycle (Bachelier Ing\u00e9nieur Civil ou Ing\u00e9nieur Civil Architecte), l\u2019\u00e9tudiant est amen\u00e9 \u00e0 choisir sa discipline parmi les dipl\u00f4mes de second cycle (Master) suivants\u00a0: Master ing\u00e9nieur civil architecte Master ing\u00e9nieur civil en chimie et science [&hellip;]<\/p>\n","protected":false},"author":2,"featured_media":0,"parent":0,"menu_order":3,"comment_status":"closed","ping_status":"closed","template":"","meta":{"footnotes":""},"class_list":["post-325","page","type-page","status-publish","hentry"],"yoast_head":"<!-- This site is optimized with the Yoast SEO plugin v27.2 - https:\/\/yoast.com\/product\/yoast-seo-wordpress\/ -->\n<title>L&#039;offre de formation - Facult\u00e9 \/ FPMS<\/title>\n<meta name=\"robots\" content=\"index, follow, max-snippet:-1, max-image-preview:large, max-video-preview:-1\" \/>\n<link rel=\"canonical\" href=\"https:\/\/web.umons.ac.be\/fpms\/fr\/offre-de-formation\/\" \/>\n<meta property=\"og:locale\" content=\"fr_FR\" \/>\n<meta property=\"og:type\" content=\"article\" \/>\n<meta property=\"og:title\" content=\"L&#039;offre de formation - Facult\u00e9 \/ FPMS\" \/>\n<meta property=\"og:description\" content=\"La Facult\u00e9 Polytechnique organise \u00e0 Mons la formation des ing\u00e9nieurs civils du bachelier au master. Apr\u00e8s l\u2019obtention d\u2019un dipl\u00f4me de premier cycle (Bachelier Ing\u00e9nieur Civil ou Ing\u00e9nieur Civil Architecte), l\u2019\u00e9tudiant est amen\u00e9 \u00e0 choisir sa discipline parmi les dipl\u00f4mes de second cycle (Master) suivants\u00a0: Master ing\u00e9nieur civil architecte Master ing\u00e9nieur civil en chimie et science [&hellip;]\" \/>\n<meta property=\"og:url\" content=\"https:\/\/web.umons.ac.be\/fpms\/fr\/offre-de-formation\/\" \/>\n<meta property=\"og:site_name\" content=\"Facult\u00e9 \/ FPMS\" \/>\n<meta property=\"article:modified_time\" content=\"2023-03-30T15:51:28+00:00\" \/>\n<meta property=\"og:image\" content=\"https:\/\/web.umons.ac.be\/app\/uploads\/sites\/6\/2021\/09\/Logo-CampusUCharleroi-HD-1024x341-1-300x100.png\" \/>\n<meta name=\"twitter:card\" content=\"summary_large_image\" \/>\n<meta name=\"twitter:label1\" content=\"Dur\u00e9e de lecture estim\u00e9e\" \/>\n\t<meta name=\"twitter:data1\" content=\"2 minutes\" \/>\n<script type=\"application\/ld+json\" class=\"yoast-schema-graph\">{\"@context\":\"https:\/\/schema.org\",\"@graph\":[{\"@type\":\"WebPage\",\"@id\":\"https:\/\/web.umons.ac.be\/fpms\/fr\/offre-de-formation\/\",\"url\":\"https:\/\/web.umons.ac.be\/fpms\/fr\/offre-de-formation\/\",\"name\":\"L'offre de formation - Facult\u00e9 \/ FPMS\",\"isPartOf\":{\"@id\":\"https:\/\/web.umons.ac.be\/fpms\/#website\"},\"primaryImageOfPage\":{\"@id\":\"https:\/\/web.umons.ac.be\/fpms\/fr\/offre-de-formation\/#primaryimage\"},\"image\":{\"@id\":\"https:\/\/web.umons.ac.be\/fpms\/fr\/offre-de-formation\/#primaryimage\"},\"thumbnailUrl\":\"https:\/\/web.umons.ac.be\/app\/uploads\/sites\/6\/2021\/09\/Logo-CampusUCharleroi-HD-1024x341-1-300x100.png\",\"datePublished\":\"2017-09-19T14:01:31+00:00\",\"dateModified\":\"2023-03-30T15:51:28+00:00\",\"breadcrumb\":{\"@id\":\"https:\/\/web.umons.ac.be\/fpms\/fr\/offre-de-formation\/#breadcrumb\"},\"inLanguage\":\"fr-FR\",\"potentialAction\":[{\"@type\":\"ReadAction\",\"target\":[\"https:\/\/web.umons.ac.be\/fpms\/fr\/offre-de-formation\/\"]}]},{\"@type\":\"ImageObject\",\"inLanguage\":\"fr-FR\",\"@id\":\"https:\/\/web.umons.ac.be\/fpms\/fr\/offre-de-formation\/#primaryimage\",\"url\":\"https:\/\/web.umons.ac.be\/app\/uploads\/sites\/6\/2021\/09\/Logo-CampusUCharleroi-HD-1024x341-1-300x100.png\",\"contentUrl\":\"https:\/\/web.umons.ac.be\/app\/uploads\/sites\/6\/2021\/09\/Logo-CampusUCharleroi-HD-1024x341-1-300x100.png\"},{\"@type\":\"BreadcrumbList\",\"@id\":\"https:\/\/web.umons.ac.be\/fpms\/fr\/offre-de-formation\/#breadcrumb\",\"itemListElement\":[{\"@type\":\"ListItem\",\"position\":1,\"name\":\"Accueil\",\"item\":\"https:\/\/web.umons.ac.be\/fpms\/fr\/\"},{\"@type\":\"ListItem\",\"position\":2,\"name\":\"L&rsquo;offre de formation\"}]},{\"@type\":\"WebSite\",\"@id\":\"https:\/\/web.umons.ac.be\/fpms\/#website\",\"url\":\"https:\/\/web.umons.ac.be\/fpms\/\",\"name\":\"Facult\u00e9 \/ FPMS\",\"description\":\"Un site utilisant Universit\u00e9 de Mons \u2013 UMONS\",\"potentialAction\":[{\"@type\":\"SearchAction\",\"target\":{\"@type\":\"EntryPoint\",\"urlTemplate\":\"https:\/\/web.umons.ac.be\/fpms\/?s={search_term_string}\"},\"query-input\":{\"@type\":\"PropertyValueSpecification\",\"valueRequired\":true,\"valueName\":\"search_term_string\"}}],\"inLanguage\":\"fr-FR\"}]}<\/script>\n<!-- \/ Yoast SEO plugin. -->","yoast_head_json":{"title":"L'offre de formation - Facult\u00e9 \/ FPMS","robots":{"index":"index","follow":"follow","max-snippet":"max-snippet:-1","max-image-preview":"max-image-preview:large","max-video-preview":"max-video-preview:-1"},"canonical":"https:\/\/web.umons.ac.be\/fpms\/fr\/offre-de-formation\/","og_locale":"fr_FR","og_type":"article","og_title":"L'offre de formation - Facult\u00e9 \/ FPMS","og_description":"La Facult\u00e9 Polytechnique organise \u00e0 Mons la formation des ing\u00e9nieurs civils du bachelier au master. Apr\u00e8s l\u2019obtention d\u2019un dipl\u00f4me de premier cycle (Bachelier Ing\u00e9nieur Civil ou Ing\u00e9nieur Civil Architecte), l\u2019\u00e9tudiant est amen\u00e9 \u00e0 choisir sa discipline parmi les dipl\u00f4mes de second cycle (Master) suivants\u00a0: Master ing\u00e9nieur civil architecte Master ing\u00e9nieur civil en chimie et science [&hellip;]","og_url":"https:\/\/web.umons.ac.be\/fpms\/fr\/offre-de-formation\/","og_site_name":"Facult\u00e9 \/ FPMS","article_modified_time":"2023-03-30T15:51:28+00:00","og_image":[{"url":"https:\/\/web.umons.ac.be\/app\/uploads\/sites\/6\/2021\/09\/Logo-CampusUCharleroi-HD-1024x341-1-300x100.png","type":"","width":"","height":""}],"twitter_card":"summary_large_image","twitter_misc":{"Dur\u00e9e de lecture estim\u00e9e":"2 minutes"},"schema":{"@context":"https:\/\/schema.org","@graph":[{"@type":"WebPage","@id":"https:\/\/web.umons.ac.be\/fpms\/fr\/offre-de-formation\/","url":"https:\/\/web.umons.ac.be\/fpms\/fr\/offre-de-formation\/","name":"L'offre de formation - Facult\u00e9 \/ FPMS","isPartOf":{"@id":"https:\/\/web.umons.ac.be\/fpms\/#website"},"primaryImageOfPage":{"@id":"https:\/\/web.umons.ac.be\/fpms\/fr\/offre-de-formation\/#primaryimage"},"image":{"@id":"https:\/\/web.umons.ac.be\/fpms\/fr\/offre-de-formation\/#primaryimage"},"thumbnailUrl":"https:\/\/web.umons.ac.be\/app\/uploads\/sites\/6\/2021\/09\/Logo-CampusUCharleroi-HD-1024x341-1-300x100.png","datePublished":"2017-09-19T14:01:31+00:00","dateModified":"2023-03-30T15:51:28+00:00","breadcrumb":{"@id":"https:\/\/web.umons.ac.be\/fpms\/fr\/offre-de-formation\/#breadcrumb"},"inLanguage":"fr-FR","potentialAction":[{"@type":"ReadAction","target":["https:\/\/web.umons.ac.be\/fpms\/fr\/offre-de-formation\/"]}]},{"@type":"ImageObject","inLanguage":"fr-FR","@id":"https:\/\/web.umons.ac.be\/fpms\/fr\/offre-de-formation\/#primaryimage","url":"https:\/\/web.umons.ac.be\/app\/uploads\/sites\/6\/2021\/09\/Logo-CampusUCharleroi-HD-1024x341-1-300x100.png","contentUrl":"https:\/\/web.umons.ac.be\/app\/uploads\/sites\/6\/2021\/09\/Logo-CampusUCharleroi-HD-1024x341-1-300x100.png"},{"@type":"BreadcrumbList","@id":"https:\/\/web.umons.ac.be\/fpms\/fr\/offre-de-formation\/#breadcrumb","itemListElement":[{"@type":"ListItem","position":1,"name":"Accueil","item":"https:\/\/web.umons.ac.be\/fpms\/fr\/"},{"@type":"ListItem","position":2,"name":"L&rsquo;offre de formation"}]},{"@type":"WebSite","@id":"https:\/\/web.umons.ac.be\/fpms\/#website","url":"https:\/\/web.umons.ac.be\/fpms\/","name":"Facult\u00e9 \/ FPMS","description":"Un site utilisant Universit\u00e9 de Mons \u2013 UMONS","potentialAction":[{"@type":"SearchAction","target":{"@type":"EntryPoint","urlTemplate":"https:\/\/web.umons.ac.be\/fpms\/?s={search_term_string}"},"query-input":{"@type":"PropertyValueSpecification","valueRequired":true,"valueName":"search_term_string"}}],"inLanguage":"fr-FR"}]}},"lang":"fr","translations":{"fr":325,"en":543},"pll_sync_post":[],"_links":{"self":[{"href":"https:\/\/web.umons.ac.be\/fpms\/wp-json\/wp\/v2\/pages\/325","targetHints":{"allow":["GET"]}}],"collection":[{"href":"https:\/\/web.umons.ac.be\/fpms\/wp-json\/wp\/v2\/pages"}],"about":[{"href":"https:\/\/web.umons.ac.be\/fpms\/wp-json\/wp\/v2\/types\/page"}],"author":[{"embeddable":true,"href":"https:\/\/web.umons.ac.be\/fpms\/wp-json\/wp\/v2\/users\/2"}],"replies":[{"embeddable":true,"href":"https:\/\/web.umons.ac.be\/fpms\/wp-json\/wp\/v2\/comments?post=325"}],"version-history":[{"count":3,"href":"https:\/\/web.umons.ac.be\/fpms\/wp-json\/wp\/v2\/pages\/325\/revisions"}],"predecessor-version":[{"id":2628,"href":"https:\/\/web.umons.ac.be\/fpms\/wp-json\/wp\/v2\/pages\/325\/revisions\/2628"}],"wp:attachment":[{"href":"https:\/\/web.umons.ac.be\/fpms\/wp-json\/wp\/v2\/media?parent=325"}],"curies":[{"name":"wp","href":"https:\/\/api.w.org\/{rel}","templated":true}]}}