{"id":362,"date":"2017-10-09T14:31:09","date_gmt":"2017-10-09T12:31:09","guid":{"rendered":"https:\/\/web.umons.ac.be\/fpms\/?page_id=362"},"modified":"2018-02-07T11:44:39","modified_gmt":"2018-02-07T10:44:39","slug":"ingenieur-civil-architecte","status":"publish","type":"page","link":"https:\/\/web.umons.ac.be\/fpms\/fr\/offre-de-formation\/2eme-cycle-master\/ingenieur-civil-architecte\/","title":{"rendered":"Ing\u00e9nieur civil architecte"},"content":{"rendered":"<p>L&rsquo;ing\u00e9nieur civil architecte est un manager de projets de conception ou d\u2019intervention sur le b\u00e2ti ou le territoire.<br \/>\nIl associe la cr\u00e9ativit\u00e9 \u00e0 la maitrise technique et scientifique.<br \/>\nIl peut se pr\u00e9valoir de la capacit\u00e9 de compr\u00e9hension de toutes les composantes architectoniques, techniques, \u00e9conomiques et humaines inh\u00e9rentes \u00e0 un projet architectural. Il est en ce sens un manager de projets capable d\u2019int\u00e9grer les diverses composantes qui y interagissent.<br \/>\nSes comp\u00e9tences sp\u00e9cifiques en architectonique et sciences de l\u2019ing\u00e9nieur lui permettent d\u2019\u00e9voluer dans tous les secteurs \u00e9conomiques ou administratifs li\u00e9es de pr\u00e8s ou de loin \u00e0 l\u2019architecture, \u00e0 la construction ou \u00e0 l\u2019am\u00e9nagement du territoire. L\u2019\u00e9tendue de choix en termes de carri\u00e8res (architecte ind\u00e9pendant, bureau d&rsquo;\u00e9tude, bureau d&rsquo;architecture, ing\u00e9nieur conseil, bureau d&rsquo;acoustique, bureau de contr\u00f4le, bureau sp\u00e9cialis\u00e9 en techniques sp\u00e9ciales, centre de recherche, administrations de l\u2019urbanisme,&#8230;) est un atout de sa formation.<\/p>\n<start-cask-shortcode-wrapper><article class=\"shortcode-training training-small content-block scheme-fpms\">\n\t<a href=\"https:\/\/web.umons.ac.be\/fpms\/fr\/formations\/m2-irarfs\/\" class=\"training-link scheme-border-hover\">\n\t\t<header class=\"training-small-header\">\n\t\t\t<div class=\"training-small-entity scheme-color\">\n\t\t\t\tFacult\u00e9 \/ FPMS\t\t\t\t\t           \t<img decoding=\"async\" src=\"https:\/\/web.umons.ac.be\/app\/uploads\/sites\/6\/2017\/05\/POLYTECH.png\" class=\"training-small-entity-logo\" alt=\"Ic\u00f4ne de Facult\u00e9 \/ FPMS\">\n\t        \t\t\t\t<\/div>\n\t\t\t<div class=\"training-small-degree\">\n\t\t\t\tMaster en\t\t\t<\/div>\n\n\t\t\t<h1 class=\"training-small-title\">Ing\u00e9nieur civil architecte<\/h1>\n\n\t\t\t\t\t\t<div class=\"training-small-subtitle\">\n\t\t\t\t<strong>Finalit\u00e9 sp\u00e9cialis\u00e9e<\/strong>\n\t\t\t<\/div>\n\t\t\t\t\t<\/header>\n\t\t\t\t<div class=\"training-small-content\">\n\t\t\t<div class=\"training-small-location\">\n\t\t\t\t<span class=\"icon umons-icon-pin\" aria-hidden=\"true\"><\/span>\n\t\t\t\t<span class=\"location\">Mons<\/span>\n\t\t\t<\/div>\n\n\t\t\t\t\t\t<div class=\"training-small-side-info\">\n\t\t\t\t<ul class=\"training-small-side-info-list\">\n\t\t\t\t\t\t\t\t\t\t<li>\n\t\t\t\t\t\t<div class=\"training-single-schedule\">\n\t\t\t\t\t\t\t<div class=\"label\">Horaire<\/div>\n\t\t\t\t\t\t\t<div class=\"value\">Horaire de jour<\/div>\n\t\t\t\t\t\t<\/div>\n\t\t\t\t\t<\/li>\n\t\t\t\t\t\t\t\t\t\t\t\t\t\t\t<li>\n\t\t\t\t\t\t<div class=\"training-single-credits\">\n\t\t\t\t\t\t\t<div class=\"label\">Cr\u00e9dits ECTS<\/div>\n\t\t\t\t\t\t\t<div class=\"value\">120<\/div>\n\t\t\t\t\t\t<\/div>\n\t\t\t\t\t<\/li>\n\t\t\t\t\t\t\t\t\t\t\t\t\t\t\t<li>\n\t\t\t\t\t\t<div class=\"training-single-languages\">\n\t\t\t\t\t\t\t<div class=\"label\">Langue<\/div>\n\t\t\t\t\t\t\t<div class=\"value\">\n\t\t\t\t\t\t\t\t<span class=\"lang\">Fran\u00e7ais<\/span>\n\t\t\t\t\t\t\t<\/div>\n\t\t\t\t\t\t<\/div>\n\t\t\t\t\t<\/li>\n\t\t\t\t\t\t\t\t\t<\/ul>\n\t\t\t<\/div>\n\t\t\t\t\t<\/div>\n\t\t\t<\/a>\n<\/article>\n<end-cask-shortcode-wrapper>\n<p>&nbsp;<\/p>\n<start-cask-shortcode-wrapper>\n<blockquote class=\"shortcode-testimonial scheme-fpms\">\n    <div class=\"testimonial-quote\">\n        <div>\u201cJ\u2019ai toujours r\u00eav\u00e9 d\u2019\u00e9tudier\u00a0et de concevoir des\u00a0b\u00e2timents et des grands\u00a0\u00e9difices. La formation\u00a0d\u2019ing\u00e9nieur architecte\u00a0me semblait donc \u00eatre le\u00a0choix id\u00e9al. La compl\u00e9tude de cette formation,\u00a0alliant &hellip;<\/div>\n                <a href=\"#testimonial-modal-748\" class=\"button-secondary open-testimonial scheme-border scheme-color-hover-important\">\n            Poursuivre la lecture <span class=\"icon umons-icon-tail-right\" aria-hidden=\"true\"><\/span>\n        <\/a>\n            <\/div>\n    <div class=\"testimonial-author\">\n                <div class=\"testimonial-picture\">\n            <img decoding=\"async\" src=\"https:\/\/web.umons.ac.be\/app\/uploads\/sites\/6\/2018\/01\/FPMs-2017-ok28web29.pdf-Adobe-Acrobat-Pro-DC-5-80x80.jpg\" alt=\"\" \/>\n        <\/div>\n                <div class=\"testimonial-text\">\n            <div class=\"testimonial-identity\">\n                <span class=\"testimonial-author-name\">S\u00e9bastien MOULIN<\/span>\n                            <\/div>\n            <div class=\"testimonial-meta\">\n                                                <span class=\"testimonial-group\">Ing\u00e9nieur Civil Architecte<\/span>\n                            <\/div>\n        <\/div>\n    <\/div>\n<\/blockquote>\n<div id=\"testimonial-modal-748\" class=\"testimonial-modal-wrap normal\" style=\"display: none;\">\n    <div class=\"shortcode-testimonial-modal\">\n        <blockquote class=\"shortcode-testimonial\">\n            <div class=\"testimonial-quote editor-front\">\n                                <blockquote class=\"highlighted-quote\">\u201cJ\u2019ai toujours r\u00eav\u00e9 d\u2019\u00e9tudier\u00a0et de concevoir des\u00a0b\u00e2timents et des grands\u00a0\u00e9difices. La formation\u00a0d\u2019ing\u00e9nieur architecte\u00a0me semblait donc \u00eatre le\u00a0choix id\u00e9al. La compl\u00e9tude de cette formation,\u00a0alliant notamment la technique,\u00a0la cr\u00e9ativit\u00e9 ou l\u2019humanit\u00e9 m\u2019a tout de\u00a0suite s\u00e9duite. J\u2019ai choisi la FPMs pour\u00a0sa bonne r\u00e9putation et pour sa taille humaine.\u00a0Je n\u2019ai pas \u00e9t\u00e9 d\u00e9\u00e7u, j\u2019y ai m\u00eame\u00a0trouv\u00e9 bien plus. D\u00e8s\u2026<\/blockquote>\n                                                <div class=\"testimonial-full-quote\"><p>\u201cJ\u2019ai toujours r\u00eav\u00e9 d\u2019\u00e9tudier\u00a0et de concevoir des\u00a0b\u00e2timents et des grands\u00a0\u00e9difices. La formation\u00a0d\u2019ing\u00e9nieur architecte\u00a0me semblait donc \u00eatre le\u00a0choix id\u00e9al. La compl\u00e9tude de cette formation,\u00a0alliant notamment la technique,\u00a0la cr\u00e9ativit\u00e9 ou l\u2019humanit\u00e9 m\u2019a tout de\u00a0suite s\u00e9duite. J\u2019ai choisi la FPMs pour\u00a0sa bonne r\u00e9putation et pour sa taille humaine.\u00a0Je n\u2019ai pas \u00e9t\u00e9 d\u00e9\u00e7u, j\u2019y ai m\u00eame\u00a0trouv\u00e9 bien plus. D\u00e8s mon entr\u00e9e \u00e0 la\u00a0Facult\u00e9, je me suis senti accueilli dans\u00a0cette grande famille et j\u2019ai tr\u00e8s vite \u00e9t\u00e9\u00a0consid\u00e9r\u00e9 comme un de ses membres\u00a0et non comme un num\u00e9ro. J\u2019y ai pass\u00e9\u00a0cinq excellentes ann\u00e9es. L\u2019ambiance en\u00a0cours et en dehors des heures de cours\u00a0y a toujours \u00e9t\u00e9 agr\u00e9able, les enseignements\u00a0de qualit\u00e9 et les activit\u00e9s extrascolaires\u00a0nombreuses. Mon passage\u00a0\u00e0 la Facult\u00e9 a, entre autres, encourag\u00e9\u00a0mes envies d\u2019entreprenariat et c\u2019est ainsi\u00a0qu\u2019apr\u00e8s quelques ann\u00e9es dans la vie\u00a0active, j\u2019ai d\u00e9cid\u00e9 de m\u2019associer avec\u00a0un ami rencontr\u00e9 \u00e0 la Facult\u00e9 et de cr\u00e9er\u00a0notre bureau d\u2019\u00e9tudes. Je peux affirmer\u00a0que la formation d\u2019ing\u00e9nieur m\u2019a apport\u00e9\u00a0ce qu\u2019il me manquait pour pouvoir poursuivre\u00a0mes r\u00eaves\u2026 \u201d<\/p>\n<\/div>\n                            <\/div>\n            <div class=\"testimonial-author\">\n                                <div class=\"testimonial-picture\">\n                    <img decoding=\"async\" src=\"https:\/\/web.umons.ac.be\/app\/uploads\/sites\/6\/2018\/01\/FPMs-2017-ok28web29.pdf-Adobe-Acrobat-Pro-DC-5-80x80.jpg\" alt=\"\" \/>\n                <\/div>\n                                <div class=\"testimonial-text\">\n                    <div class=\"testimonial-identity\">\n                        <span class=\"testimonial-author-name\">S\u00e9bastien MOULIN<\/span>\n                                            <\/div>\n                    <div class=\"testimonial-meta\">\n                                                                        <span class=\"testimonial-group\">(Ing\u00e9nieur Civil Architecte)<\/span>\n                                            <\/div>\n                <\/div>\n            <\/div>\n        <\/blockquote>\n    <\/div>\n<\/div>\n<end-cask-shortcode-wrapper>\n","protected":false},"excerpt":{"rendered":"<p>L&rsquo;ing\u00e9nieur civil architecte est un manager de projets de conception ou d\u2019intervention sur le b\u00e2ti ou le territoire. Il associe la cr\u00e9ativit\u00e9 \u00e0 la maitrise technique et scientifique. Il peut se pr\u00e9valoir de la capacit\u00e9 de compr\u00e9hension de toutes les composantes architectoniques, techniques, \u00e9conomiques et humaines inh\u00e9rentes \u00e0 un projet architectural. Il est en ce [&hellip;]<\/p>\n","protected":false},"author":2,"featured_media":0,"parent":111,"menu_order":1,"comment_status":"closed","ping_status":"closed","template":"","meta":{"footnotes":""},"class_list":["post-362","page","type-page","status-publish","hentry"],"yoast_head":"<!-- This site is optimized with the Yoast SEO plugin v27.2 - https:\/\/yoast.com\/product\/yoast-seo-wordpress\/ -->\n<title>Ing\u00e9nieur civil architecte - Facult\u00e9 \/ FPMS<\/title>\n<meta name=\"robots\" content=\"index, follow, max-snippet:-1, max-image-preview:large, max-video-preview:-1\" \/>\n<link rel=\"canonical\" href=\"https:\/\/web.umons.ac.be\/fpms\/fr\/offre-de-formation\/2eme-cycle-master\/ingenieur-civil-architecte\/\" \/>\n<meta property=\"og:locale\" content=\"fr_FR\" \/>\n<meta property=\"og:type\" content=\"article\" \/>\n<meta property=\"og:title\" content=\"Ing\u00e9nieur civil architecte - Facult\u00e9 \/ FPMS\" \/>\n<meta property=\"og:description\" content=\"L&rsquo;ing\u00e9nieur civil architecte est un manager de projets de conception ou d\u2019intervention sur le b\u00e2ti ou le territoire. Il associe la cr\u00e9ativit\u00e9 \u00e0 la maitrise technique et scientifique. Il peut se pr\u00e9valoir de la capacit\u00e9 de compr\u00e9hension de toutes les composantes architectoniques, techniques, \u00e9conomiques et humaines inh\u00e9rentes \u00e0 un projet architectural. Il est en ce [&hellip;]\" \/>\n<meta property=\"og:url\" content=\"https:\/\/web.umons.ac.be\/fpms\/fr\/offre-de-formation\/2eme-cycle-master\/ingenieur-civil-architecte\/\" \/>\n<meta property=\"og:site_name\" content=\"Facult\u00e9 \/ FPMS\" \/>\n<meta property=\"article:modified_time\" content=\"2018-02-07T10:44:39+00:00\" \/>\n<meta name=\"twitter:card\" content=\"summary_large_image\" \/>\n<meta name=\"twitter:label1\" content=\"Dur\u00e9e de lecture estim\u00e9e\" \/>\n\t<meta name=\"twitter:data1\" content=\"1 minute\" \/>\n<script type=\"application\/ld+json\" class=\"yoast-schema-graph\">{\"@context\":\"https:\/\/schema.org\",\"@graph\":[{\"@type\":\"WebPage\",\"@id\":\"https:\/\/web.umons.ac.be\/fpms\/fr\/offre-de-formation\/2eme-cycle-master\/ingenieur-civil-architecte\/\",\"url\":\"https:\/\/web.umons.ac.be\/fpms\/fr\/offre-de-formation\/2eme-cycle-master\/ingenieur-civil-architecte\/\",\"name\":\"Ing\u00e9nieur civil architecte - Facult\u00e9 \/ FPMS\",\"isPartOf\":{\"@id\":\"https:\/\/web.umons.ac.be\/fpms\/#website\"},\"datePublished\":\"2017-10-09T12:31:09+00:00\",\"dateModified\":\"2018-02-07T10:44:39+00:00\",\"breadcrumb\":{\"@id\":\"https:\/\/web.umons.ac.be\/fpms\/fr\/offre-de-formation\/2eme-cycle-master\/ingenieur-civil-architecte\/#breadcrumb\"},\"inLanguage\":\"fr-FR\",\"potentialAction\":[{\"@type\":\"ReadAction\",\"target\":[\"https:\/\/web.umons.ac.be\/fpms\/fr\/offre-de-formation\/2eme-cycle-master\/ingenieur-civil-architecte\/\"]}]},{\"@type\":\"BreadcrumbList\",\"@id\":\"https:\/\/web.umons.ac.be\/fpms\/fr\/offre-de-formation\/2eme-cycle-master\/ingenieur-civil-architecte\/#breadcrumb\",\"itemListElement\":[{\"@type\":\"ListItem\",\"position\":1,\"name\":\"Accueil\",\"item\":\"https:\/\/web.umons.ac.be\/fpms\/fr\/\"},{\"@type\":\"ListItem\",\"position\":2,\"name\":\"L&rsquo;offre de formation\",\"item\":\"https:\/\/web.umons.ac.be\/fpms\/fr\/offre-de-formation\/\"},{\"@type\":\"ListItem\",\"position\":3,\"name\":\"2\u00e8me cycle : Master\",\"item\":\"https:\/\/web.umons.ac.be\/fpms\/fr\/offre-de-formation\/2eme-cycle-master\/\"},{\"@type\":\"ListItem\",\"position\":4,\"name\":\"Ing\u00e9nieur civil architecte\"}]},{\"@type\":\"WebSite\",\"@id\":\"https:\/\/web.umons.ac.be\/fpms\/#website\",\"url\":\"https:\/\/web.umons.ac.be\/fpms\/\",\"name\":\"Facult\u00e9 \/ FPMS\",\"description\":\"Un site utilisant Universit\u00e9 de Mons \u2013 UMONS\",\"potentialAction\":[{\"@type\":\"SearchAction\",\"target\":{\"@type\":\"EntryPoint\",\"urlTemplate\":\"https:\/\/web.umons.ac.be\/fpms\/?s={search_term_string}\"},\"query-input\":{\"@type\":\"PropertyValueSpecification\",\"valueRequired\":true,\"valueName\":\"search_term_string\"}}],\"inLanguage\":\"fr-FR\"}]}<\/script>\n<!-- \/ Yoast SEO plugin. -->","yoast_head_json":{"title":"Ing\u00e9nieur civil architecte - Facult\u00e9 \/ FPMS","robots":{"index":"index","follow":"follow","max-snippet":"max-snippet:-1","max-image-preview":"max-image-preview:large","max-video-preview":"max-video-preview:-1"},"canonical":"https:\/\/web.umons.ac.be\/fpms\/fr\/offre-de-formation\/2eme-cycle-master\/ingenieur-civil-architecte\/","og_locale":"fr_FR","og_type":"article","og_title":"Ing\u00e9nieur civil architecte - Facult\u00e9 \/ FPMS","og_description":"L&rsquo;ing\u00e9nieur civil architecte est un manager de projets de conception ou d\u2019intervention sur le b\u00e2ti ou le territoire. Il associe la cr\u00e9ativit\u00e9 \u00e0 la maitrise technique et scientifique. Il peut se pr\u00e9valoir de la capacit\u00e9 de compr\u00e9hension de toutes les composantes architectoniques, techniques, \u00e9conomiques et humaines inh\u00e9rentes \u00e0 un projet architectural. Il est en ce [&hellip;]","og_url":"https:\/\/web.umons.ac.be\/fpms\/fr\/offre-de-formation\/2eme-cycle-master\/ingenieur-civil-architecte\/","og_site_name":"Facult\u00e9 \/ FPMS","article_modified_time":"2018-02-07T10:44:39+00:00","twitter_card":"summary_large_image","twitter_misc":{"Dur\u00e9e de lecture estim\u00e9e":"1 minute"},"schema":{"@context":"https:\/\/schema.org","@graph":[{"@type":"WebPage","@id":"https:\/\/web.umons.ac.be\/fpms\/fr\/offre-de-formation\/2eme-cycle-master\/ingenieur-civil-architecte\/","url":"https:\/\/web.umons.ac.be\/fpms\/fr\/offre-de-formation\/2eme-cycle-master\/ingenieur-civil-architecte\/","name":"Ing\u00e9nieur civil architecte - Facult\u00e9 \/ FPMS","isPartOf":{"@id":"https:\/\/web.umons.ac.be\/fpms\/#website"},"datePublished":"2017-10-09T12:31:09+00:00","dateModified":"2018-02-07T10:44:39+00:00","breadcrumb":{"@id":"https:\/\/web.umons.ac.be\/fpms\/fr\/offre-de-formation\/2eme-cycle-master\/ingenieur-civil-architecte\/#breadcrumb"},"inLanguage":"fr-FR","potentialAction":[{"@type":"ReadAction","target":["https:\/\/web.umons.ac.be\/fpms\/fr\/offre-de-formation\/2eme-cycle-master\/ingenieur-civil-architecte\/"]}]},{"@type":"BreadcrumbList","@id":"https:\/\/web.umons.ac.be\/fpms\/fr\/offre-de-formation\/2eme-cycle-master\/ingenieur-civil-architecte\/#breadcrumb","itemListElement":[{"@type":"ListItem","position":1,"name":"Accueil","item":"https:\/\/web.umons.ac.be\/fpms\/fr\/"},{"@type":"ListItem","position":2,"name":"L&rsquo;offre de formation","item":"https:\/\/web.umons.ac.be\/fpms\/fr\/offre-de-formation\/"},{"@type":"ListItem","position":3,"name":"2\u00e8me cycle : Master","item":"https:\/\/web.umons.ac.be\/fpms\/fr\/offre-de-formation\/2eme-cycle-master\/"},{"@type":"ListItem","position":4,"name":"Ing\u00e9nieur civil architecte"}]},{"@type":"WebSite","@id":"https:\/\/web.umons.ac.be\/fpms\/#website","url":"https:\/\/web.umons.ac.be\/fpms\/","name":"Facult\u00e9 \/ FPMS","description":"Un site utilisant Universit\u00e9 de Mons \u2013 UMONS","potentialAction":[{"@type":"SearchAction","target":{"@type":"EntryPoint","urlTemplate":"https:\/\/web.umons.ac.be\/fpms\/?s={search_term_string}"},"query-input":{"@type":"PropertyValueSpecification","valueRequired":true,"valueName":"search_term_string"}}],"inLanguage":"fr-FR"}]}},"lang":"fr","translations":{"fr":362,"en":552},"pll_sync_post":[],"_links":{"self":[{"href":"https:\/\/web.umons.ac.be\/fpms\/wp-json\/wp\/v2\/pages\/362","targetHints":{"allow":["GET"]}}],"collection":[{"href":"https:\/\/web.umons.ac.be\/fpms\/wp-json\/wp\/v2\/pages"}],"about":[{"href":"https:\/\/web.umons.ac.be\/fpms\/wp-json\/wp\/v2\/types\/page"}],"author":[{"embeddable":true,"href":"https:\/\/web.umons.ac.be\/fpms\/wp-json\/wp\/v2\/users\/2"}],"replies":[{"embeddable":true,"href":"https:\/\/web.umons.ac.be\/fpms\/wp-json\/wp\/v2\/comments?post=362"}],"version-history":[{"count":6,"href":"https:\/\/web.umons.ac.be\/fpms\/wp-json\/wp\/v2\/pages\/362\/revisions"}],"predecessor-version":[{"id":760,"href":"https:\/\/web.umons.ac.be\/fpms\/wp-json\/wp\/v2\/pages\/362\/revisions\/760"}],"up":[{"embeddable":true,"href":"https:\/\/web.umons.ac.be\/fpms\/wp-json\/wp\/v2\/pages\/111"}],"wp:attachment":[{"href":"https:\/\/web.umons.ac.be\/fpms\/wp-json\/wp\/v2\/media?parent=362"}],"curies":[{"name":"wp","href":"https:\/\/api.w.org\/{rel}","templated":true}]}}