{"id":366,"date":"2017-10-09T15:19:24","date_gmt":"2017-10-09T13:19:24","guid":{"rendered":"https:\/\/web.umons.ac.be\/fpms\/?page_id=366"},"modified":"2023-02-27T09:34:04","modified_gmt":"2023-02-27T08:34:04","slug":"ingenieur-civil-en-chimie-et-science-des-materiaux","status":"publish","type":"page","link":"https:\/\/web.umons.ac.be\/fpms\/fr\/offre-de-formation\/2eme-cycle-master\/ingenieur-civil-en-chimie-et-science-des-materiaux\/","title":{"rendered":"Ing\u00e9nieur civil en chimie et science des mat\u00e9riaux"},"content":{"rendered":"<p>Le principal enjeu auquel devra r\u00e9pondre l\u2019Ing\u00e9nieur civil en Chimie\u2013Science des Mat\u00e9riaux est de comprendre le monde industriel d\u2019aujourd\u2019hui et d\u2019assurer son \u00e9volution pour mieux r\u00e9pondre aux besoins soci\u00e9taux et environnementaux et ce, dans un contexte \u00e9thique et internationalis\u00e9. Il se doit d\u2019\u00eatre le sp\u00e9cialiste de la mati\u00e8re au sens le plus large du terme. Il devra ma\u00eetriser les \u00e9tats et les transformations physiques, chimiques et m\u00e9caniques de la mati\u00e8re, ainsi que les \u00e9changes d\u2019\u00e9nergie associ\u00e9s tant au niveau de la compr\u00e9hension des ph\u00e9nom\u00e8nes que de la mise en oeuvre. Il mettra ses comp\u00e9tences au service du d\u00e9veloppement de nouveaux produits, de nouveaux proc\u00e9d\u00e9s et de l\u2019adaptation des proc\u00e9d\u00e9s existants. Il devra relever les d\u00e9fis de durabilit\u00e9, promouvoir l\u2019\u00e9conomie circulaire et l\u2019int\u00e9gration du cycle de vie au design, r\u00e9duire les impacts environnementaux et l\u2019empreinte \u00e9nerg\u00e9tique, et ce dans un environnement s\u00e9curis\u00e9.<br \/>\nLes comp\u00e9tences acquises lui permettent ainsi d\u2019assumer des responsabilit\u00e9s \u00e0 toutes les \u00e9tapes de la production d\u2019un produit, depuis sa conception jusqu\u2019\u00e0 sa mise sur le march\u00e9, en passant, notamment, par la Recherche &amp; D\u00e9veloppement, l\u2019ing\u00e9nierie, le contr\u00f4le qualit\u00e9, la gestion de la s\u00e9curit\u00e9 et de l\u2019environnement, et la conduite d\u2019unit\u00e9s de fabrication.<\/p>\n<start-cask-shortcode-wrapper><article class=\"shortcode-training training-small content-block scheme-fpms\">\n\t<a href=\"https:\/\/web.umons.ac.be\/fpms\/fr\/formations\/m2-irchfs\/\" class=\"training-link scheme-border-hover\">\n\t\t<header class=\"training-small-header\">\n\t\t\t<div class=\"training-small-entity scheme-color\">\n\t\t\t\tFacult\u00e9 \/ FPMS\t\t\t\t\t           \t<img decoding=\"async\" src=\"https:\/\/web.umons.ac.be\/app\/uploads\/sites\/6\/2017\/05\/POLYTECH.png\" class=\"training-small-entity-logo\" alt=\"Ic\u00f4ne de Facult\u00e9 \/ FPMS\">\n\t        \t\t\t\t<\/div>\n\t\t\t<div class=\"training-small-degree\">\n\t\t\t\tMaster en\t\t\t<\/div>\n\n\t\t\t<h1 class=\"training-small-title\">Ing\u00e9nieur civil en chimie et science des mat\u00e9riaux<\/h1>\n\n\t\t\t\t\t\t<div class=\"training-small-subtitle\">\n\t\t\t\t<strong>Finalit\u00e9 sp\u00e9cialis\u00e9e<\/strong>\n\t\t\t<\/div>\n\t\t\t\t\t<\/header>\n\t\t\t\t<div class=\"training-small-content\">\n\t\t\t<div class=\"training-small-location\">\n\t\t\t\t<span class=\"icon umons-icon-pin\" aria-hidden=\"true\"><\/span>\n\t\t\t\t<span class=\"location\">Mons<\/span>\n\t\t\t<\/div>\n\n\t\t\t\t\t\t<div class=\"training-small-side-info\">\n\t\t\t\t<ul class=\"training-small-side-info-list\">\n\t\t\t\t\t\t\t\t\t\t<li>\n\t\t\t\t\t\t<div class=\"training-single-schedule\">\n\t\t\t\t\t\t\t<div class=\"label\">Horaire<\/div>\n\t\t\t\t\t\t\t<div class=\"value\">Horaire de jour<\/div>\n\t\t\t\t\t\t<\/div>\n\t\t\t\t\t<\/li>\n\t\t\t\t\t\t\t\t\t\t\t\t\t\t\t<li>\n\t\t\t\t\t\t<div class=\"training-single-credits\">\n\t\t\t\t\t\t\t<div class=\"label\">Cr\u00e9dits ECTS<\/div>\n\t\t\t\t\t\t\t<div class=\"value\">120<\/div>\n\t\t\t\t\t\t<\/div>\n\t\t\t\t\t<\/li>\n\t\t\t\t\t\t\t\t\t\t\t\t\t\t\t<li>\n\t\t\t\t\t\t<div class=\"training-single-languages\">\n\t\t\t\t\t\t\t<div class=\"label\">Langue<\/div>\n\t\t\t\t\t\t\t<div class=\"value\">\n\t\t\t\t\t\t\t\t<span class=\"lang\">Fran\u00e7ais<\/span>\n\t\t\t\t\t\t\t<\/div>\n\t\t\t\t\t\t<\/div>\n\t\t\t\t\t<\/li>\n\t\t\t\t\t\t\t\t\t<\/ul>\n\t\t\t<\/div>\n\t\t\t\t\t<\/div>\n\t\t\t<\/a>\n<\/article>\n<end-cask-shortcode-wrapper>\n<hr \/>\n<p><em><strong>Lien vers le programme des cours des Masters maintenus \u00e0 titre transitoire :<\/strong><\/em><\/p>\n<ul class=\"tabCursus\">\n<li><em><a class=\"cursus_link\" href=\"https:\/\/applications.umons.ac.be\/web\/fr\/pde\/2023-2024\/cursus\/MST1_S223.htm\">Master : ing\u00e9nieur civil en chimie et science des mat\u00e9riaux, \u00e0 finalit\u00e9 sp\u00e9cialis\u00e9e en proc\u00e9d\u00e9s, \u00e9nergie, environnement (Mons)<\/a><\/em><\/li>\n<li><em><a class=\"cursus_link\" href=\"https:\/\/applications.umons.ac.be\/web\/fr\/pde\/2023-2024\/cursus\/MST1_S224.htm\">Master : ing\u00e9nieur civil en chimie et science des mat\u00e9riaux, \u00e0 finalit\u00e9 sp\u00e9cialis\u00e9e en science et g\u00e9nie des mat\u00e9riaux (Mons)<\/a><\/em><\/li>\n<\/ul>\n<p>&nbsp;<\/p>\n<start-cask-shortcode-wrapper>\n<blockquote class=\"shortcode-testimonial scheme-fpms\">\n    <div class=\"testimonial-quote\">\n        <div>\u201cAu d\u00e9part, plut\u00f4t\u00a0ind\u00e9cis dans\u00a0le choix de mes\u00a0futures \u00e9tudes mais\u00a0int\u00e9ress\u00e9 par les sciences et les\u00a0math\u00e9matiques je suis all\u00e9 passer\u00a0l\u2019examen d\u2019entr\u00e9e. La r\u00e9ussite de\u00a0cet examen a bien entendu cond&hellip;<\/div>\n                <a href=\"#testimonial-modal-750\" class=\"button-secondary open-testimonial scheme-border scheme-color-hover-important\">\n            Poursuivre la lecture <span class=\"icon umons-icon-tail-right\" aria-hidden=\"true\"><\/span>\n        <\/a>\n            <\/div>\n    <div class=\"testimonial-author\">\n                <div class=\"testimonial-picture\">\n            <img decoding=\"async\" src=\"https:\/\/web.umons.ac.be\/app\/uploads\/sites\/6\/2018\/01\/FPMs-2017-ok28web29.pdf-Adobe-Acrobat-Pro-DC-6-80x80.jpg\" alt=\"\" \/>\n        <\/div>\n                <div class=\"testimonial-text\">\n            <div class=\"testimonial-identity\">\n                <span class=\"testimonial-author-name\">Flavio GUGLIELMI<\/span>\n                            <\/div>\n            <div class=\"testimonial-meta\">\n                                                <span class=\"testimonial-group\">Ing\u00e9nieur Civil en Chimie-Science des Mat\u00e9riaux chez Xylowatt sa<\/span>\n                            <\/div>\n        <\/div>\n    <\/div>\n<\/blockquote>\n<div id=\"testimonial-modal-750\" class=\"testimonial-modal-wrap normal\" style=\"display: none;\">\n    <div class=\"shortcode-testimonial-modal\">\n        <blockquote class=\"shortcode-testimonial\">\n            <div class=\"testimonial-quote editor-front\">\n                                <blockquote class=\"highlighted-quote\">\u201cAu d\u00e9part, plut\u00f4t\u00a0ind\u00e9cis dans\u00a0le choix de mes\u00a0futures \u00e9tudes mais\u00a0int\u00e9ress\u00e9 par les sciences et les\u00a0math\u00e9matiques je suis all\u00e9 passer\u00a0l\u2019examen d\u2019entr\u00e9e. La r\u00e9ussite de\u00a0cet examen a bien entendu conditionn\u00e9\u00a0mon choix de carri\u00e8re et m\u2019a\u00a0orient\u00e9 vers les sciences de l\u2019ing\u00e9nieur\u00a0civil. Je me suis vite rendu compte que\u00a0le m\u00e9tier d\u2019ing\u00e9nieur permettait\u00a0d\u2019\u00eatre au service de la soci\u00e9t\u00e9\u00a0(valeur importante \u00e0 mes\u2026<\/blockquote>\n                                                <div class=\"testimonial-full-quote\"><p>\u201cAu d\u00e9part, plut\u00f4t\u00a0ind\u00e9cis dans\u00a0le choix de mes\u00a0futures \u00e9tudes mais\u00a0int\u00e9ress\u00e9 par les sciences et les\u00a0math\u00e9matiques je suis all\u00e9 passer\u00a0l\u2019examen d\u2019entr\u00e9e. La r\u00e9ussite de\u00a0cet examen a bien entendu conditionn\u00e9\u00a0mon choix de carri\u00e8re et m\u2019a\u00a0orient\u00e9 vers les sciences de l\u2019ing\u00e9nieur\u00a0civil.<br \/>\nJe me suis vite rendu compte que\u00a0le m\u00e9tier d\u2019ing\u00e9nieur permettait\u00a0d\u2019\u00eatre au service de la soci\u00e9t\u00e9\u00a0(valeur importante \u00e0 mes yeux). En\u00a0effet, on est amen\u00e9 \u00e0 proposer des\u00a0solutions, des am\u00e9liorations aux\u00a0situations probl\u00e9matiques rencontr\u00e9es\u00a0de nos jours (environnement,\u00a0\u00e9nergie, domaine de la sant\u00e9, &#8230;).\u00a0De plus la formation propos\u00e9e par\u00a0la FPMs me semble tout \u00e0 fait compl\u00e8te\u00a0pour former les ing\u00e9nieurs de\u00a0demain.\u201d<\/p>\n<\/div>\n                            <\/div>\n            <div class=\"testimonial-author\">\n                                <div class=\"testimonial-picture\">\n                    <img decoding=\"async\" src=\"https:\/\/web.umons.ac.be\/app\/uploads\/sites\/6\/2018\/01\/FPMs-2017-ok28web29.pdf-Adobe-Acrobat-Pro-DC-6-80x80.jpg\" alt=\"\" \/>\n                <\/div>\n                                <div class=\"testimonial-text\">\n                    <div class=\"testimonial-identity\">\n                        <span class=\"testimonial-author-name\">Flavio GUGLIELMI<\/span>\n                                            <\/div>\n                    <div class=\"testimonial-meta\">\n                                                                        <span class=\"testimonial-group\">(Ing\u00e9nieur Civil en Chimie-Science des Mat\u00e9riaux chez Xylowatt sa)<\/span>\n                                            <\/div>\n                <\/div>\n            <\/div>\n        <\/blockquote>\n    <\/div>\n<\/div>\n<end-cask-shortcode-wrapper>\n","protected":false},"excerpt":{"rendered":"<p>Le principal enjeu auquel devra r\u00e9pondre l\u2019Ing\u00e9nieur civil en Chimie\u2013Science des Mat\u00e9riaux est de comprendre le monde industriel d\u2019aujourd\u2019hui et d\u2019assurer son \u00e9volution pour mieux r\u00e9pondre aux besoins soci\u00e9taux et environnementaux et ce, dans un contexte \u00e9thique et internationalis\u00e9. Il se doit d\u2019\u00eatre le sp\u00e9cialiste de la mati\u00e8re au sens le plus large du terme. [&hellip;]<\/p>\n","protected":false},"author":2,"featured_media":0,"parent":111,"menu_order":2,"comment_status":"closed","ping_status":"closed","template":"","meta":{"footnotes":""},"class_list":["post-366","page","type-page","status-publish","hentry"],"yoast_head":"<!-- This site is optimized with the Yoast SEO plugin v27.2 - https:\/\/yoast.com\/product\/yoast-seo-wordpress\/ -->\n<title>Ing\u00e9nieur civil en chimie et science des mat\u00e9riaux - Facult\u00e9 \/ FPMS<\/title>\n<meta name=\"robots\" content=\"index, follow, max-snippet:-1, max-image-preview:large, max-video-preview:-1\" \/>\n<link rel=\"canonical\" href=\"https:\/\/web.umons.ac.be\/fpms\/fr\/offre-de-formation\/2eme-cycle-master\/ingenieur-civil-en-chimie-et-science-des-materiaux\/\" \/>\n<meta property=\"og:locale\" content=\"fr_FR\" \/>\n<meta property=\"og:type\" content=\"article\" \/>\n<meta property=\"og:title\" content=\"Ing\u00e9nieur civil en chimie et science des mat\u00e9riaux - Facult\u00e9 \/ FPMS\" \/>\n<meta property=\"og:description\" content=\"Le principal enjeu auquel devra r\u00e9pondre l\u2019Ing\u00e9nieur civil en Chimie\u2013Science des Mat\u00e9riaux est de comprendre le monde industriel d\u2019aujourd\u2019hui et d\u2019assurer son \u00e9volution pour mieux r\u00e9pondre aux besoins soci\u00e9taux et environnementaux et ce, dans un contexte \u00e9thique et internationalis\u00e9. Il se doit d\u2019\u00eatre le sp\u00e9cialiste de la mati\u00e8re au sens le plus large du terme. [&hellip;]\" \/>\n<meta property=\"og:url\" content=\"https:\/\/web.umons.ac.be\/fpms\/fr\/offre-de-formation\/2eme-cycle-master\/ingenieur-civil-en-chimie-et-science-des-materiaux\/\" \/>\n<meta property=\"og:site_name\" content=\"Facult\u00e9 \/ FPMS\" \/>\n<meta property=\"article:modified_time\" content=\"2023-02-27T08:34:04+00:00\" \/>\n<meta name=\"twitter:card\" content=\"summary_large_image\" \/>\n<meta name=\"twitter:label1\" content=\"Dur\u00e9e de lecture estim\u00e9e\" \/>\n\t<meta name=\"twitter:data1\" content=\"2 minutes\" \/>\n<script type=\"application\/ld+json\" class=\"yoast-schema-graph\">{\"@context\":\"https:\/\/schema.org\",\"@graph\":[{\"@type\":\"WebPage\",\"@id\":\"https:\/\/web.umons.ac.be\/fpms\/fr\/offre-de-formation\/2eme-cycle-master\/ingenieur-civil-en-chimie-et-science-des-materiaux\/\",\"url\":\"https:\/\/web.umons.ac.be\/fpms\/fr\/offre-de-formation\/2eme-cycle-master\/ingenieur-civil-en-chimie-et-science-des-materiaux\/\",\"name\":\"Ing\u00e9nieur civil en chimie et science des mat\u00e9riaux - Facult\u00e9 \/ FPMS\",\"isPartOf\":{\"@id\":\"https:\/\/web.umons.ac.be\/fpms\/#website\"},\"datePublished\":\"2017-10-09T13:19:24+00:00\",\"dateModified\":\"2023-02-27T08:34:04+00:00\",\"breadcrumb\":{\"@id\":\"https:\/\/web.umons.ac.be\/fpms\/fr\/offre-de-formation\/2eme-cycle-master\/ingenieur-civil-en-chimie-et-science-des-materiaux\/#breadcrumb\"},\"inLanguage\":\"fr-FR\",\"potentialAction\":[{\"@type\":\"ReadAction\",\"target\":[\"https:\/\/web.umons.ac.be\/fpms\/fr\/offre-de-formation\/2eme-cycle-master\/ingenieur-civil-en-chimie-et-science-des-materiaux\/\"]}]},{\"@type\":\"BreadcrumbList\",\"@id\":\"https:\/\/web.umons.ac.be\/fpms\/fr\/offre-de-formation\/2eme-cycle-master\/ingenieur-civil-en-chimie-et-science-des-materiaux\/#breadcrumb\",\"itemListElement\":[{\"@type\":\"ListItem\",\"position\":1,\"name\":\"Accueil\",\"item\":\"https:\/\/web.umons.ac.be\/fpms\/fr\/\"},{\"@type\":\"ListItem\",\"position\":2,\"name\":\"L&rsquo;offre de formation\",\"item\":\"https:\/\/web.umons.ac.be\/fpms\/fr\/offre-de-formation\/\"},{\"@type\":\"ListItem\",\"position\":3,\"name\":\"2\u00e8me cycle : Master\",\"item\":\"https:\/\/web.umons.ac.be\/fpms\/fr\/offre-de-formation\/2eme-cycle-master\/\"},{\"@type\":\"ListItem\",\"position\":4,\"name\":\"Ing\u00e9nieur civil en chimie et science des mat\u00e9riaux\"}]},{\"@type\":\"WebSite\",\"@id\":\"https:\/\/web.umons.ac.be\/fpms\/#website\",\"url\":\"https:\/\/web.umons.ac.be\/fpms\/\",\"name\":\"Facult\u00e9 \/ FPMS\",\"description\":\"Un site utilisant Universit\u00e9 de Mons \u2013 UMONS\",\"potentialAction\":[{\"@type\":\"SearchAction\",\"target\":{\"@type\":\"EntryPoint\",\"urlTemplate\":\"https:\/\/web.umons.ac.be\/fpms\/?s={search_term_string}\"},\"query-input\":{\"@type\":\"PropertyValueSpecification\",\"valueRequired\":true,\"valueName\":\"search_term_string\"}}],\"inLanguage\":\"fr-FR\"}]}<\/script>\n<!-- \/ Yoast SEO plugin. -->","yoast_head_json":{"title":"Ing\u00e9nieur civil en chimie et science des mat\u00e9riaux - Facult\u00e9 \/ FPMS","robots":{"index":"index","follow":"follow","max-snippet":"max-snippet:-1","max-image-preview":"max-image-preview:large","max-video-preview":"max-video-preview:-1"},"canonical":"https:\/\/web.umons.ac.be\/fpms\/fr\/offre-de-formation\/2eme-cycle-master\/ingenieur-civil-en-chimie-et-science-des-materiaux\/","og_locale":"fr_FR","og_type":"article","og_title":"Ing\u00e9nieur civil en chimie et science des mat\u00e9riaux - Facult\u00e9 \/ FPMS","og_description":"Le principal enjeu auquel devra r\u00e9pondre l\u2019Ing\u00e9nieur civil en Chimie\u2013Science des Mat\u00e9riaux est de comprendre le monde industriel d\u2019aujourd\u2019hui et d\u2019assurer son \u00e9volution pour mieux r\u00e9pondre aux besoins soci\u00e9taux et environnementaux et ce, dans un contexte \u00e9thique et internationalis\u00e9. Il se doit d\u2019\u00eatre le sp\u00e9cialiste de la mati\u00e8re au sens le plus large du terme. [&hellip;]","og_url":"https:\/\/web.umons.ac.be\/fpms\/fr\/offre-de-formation\/2eme-cycle-master\/ingenieur-civil-en-chimie-et-science-des-materiaux\/","og_site_name":"Facult\u00e9 \/ FPMS","article_modified_time":"2023-02-27T08:34:04+00:00","twitter_card":"summary_large_image","twitter_misc":{"Dur\u00e9e de lecture estim\u00e9e":"2 minutes"},"schema":{"@context":"https:\/\/schema.org","@graph":[{"@type":"WebPage","@id":"https:\/\/web.umons.ac.be\/fpms\/fr\/offre-de-formation\/2eme-cycle-master\/ingenieur-civil-en-chimie-et-science-des-materiaux\/","url":"https:\/\/web.umons.ac.be\/fpms\/fr\/offre-de-formation\/2eme-cycle-master\/ingenieur-civil-en-chimie-et-science-des-materiaux\/","name":"Ing\u00e9nieur civil en chimie et science des mat\u00e9riaux - Facult\u00e9 \/ FPMS","isPartOf":{"@id":"https:\/\/web.umons.ac.be\/fpms\/#website"},"datePublished":"2017-10-09T13:19:24+00:00","dateModified":"2023-02-27T08:34:04+00:00","breadcrumb":{"@id":"https:\/\/web.umons.ac.be\/fpms\/fr\/offre-de-formation\/2eme-cycle-master\/ingenieur-civil-en-chimie-et-science-des-materiaux\/#breadcrumb"},"inLanguage":"fr-FR","potentialAction":[{"@type":"ReadAction","target":["https:\/\/web.umons.ac.be\/fpms\/fr\/offre-de-formation\/2eme-cycle-master\/ingenieur-civil-en-chimie-et-science-des-materiaux\/"]}]},{"@type":"BreadcrumbList","@id":"https:\/\/web.umons.ac.be\/fpms\/fr\/offre-de-formation\/2eme-cycle-master\/ingenieur-civil-en-chimie-et-science-des-materiaux\/#breadcrumb","itemListElement":[{"@type":"ListItem","position":1,"name":"Accueil","item":"https:\/\/web.umons.ac.be\/fpms\/fr\/"},{"@type":"ListItem","position":2,"name":"L&rsquo;offre de formation","item":"https:\/\/web.umons.ac.be\/fpms\/fr\/offre-de-formation\/"},{"@type":"ListItem","position":3,"name":"2\u00e8me cycle : Master","item":"https:\/\/web.umons.ac.be\/fpms\/fr\/offre-de-formation\/2eme-cycle-master\/"},{"@type":"ListItem","position":4,"name":"Ing\u00e9nieur civil en chimie et science des mat\u00e9riaux"}]},{"@type":"WebSite","@id":"https:\/\/web.umons.ac.be\/fpms\/#website","url":"https:\/\/web.umons.ac.be\/fpms\/","name":"Facult\u00e9 \/ FPMS","description":"Un site utilisant Universit\u00e9 de Mons \u2013 UMONS","potentialAction":[{"@type":"SearchAction","target":{"@type":"EntryPoint","urlTemplate":"https:\/\/web.umons.ac.be\/fpms\/?s={search_term_string}"},"query-input":{"@type":"PropertyValueSpecification","valueRequired":true,"valueName":"search_term_string"}}],"inLanguage":"fr-FR"}]}},"lang":"fr","translations":{"fr":366,"en":555},"pll_sync_post":[],"_links":{"self":[{"href":"https:\/\/web.umons.ac.be\/fpms\/wp-json\/wp\/v2\/pages\/366","targetHints":{"allow":["GET"]}}],"collection":[{"href":"https:\/\/web.umons.ac.be\/fpms\/wp-json\/wp\/v2\/pages"}],"about":[{"href":"https:\/\/web.umons.ac.be\/fpms\/wp-json\/wp\/v2\/types\/page"}],"author":[{"embeddable":true,"href":"https:\/\/web.umons.ac.be\/fpms\/wp-json\/wp\/v2\/users\/2"}],"replies":[{"embeddable":true,"href":"https:\/\/web.umons.ac.be\/fpms\/wp-json\/wp\/v2\/comments?post=366"}],"version-history":[{"count":3,"href":"https:\/\/web.umons.ac.be\/fpms\/wp-json\/wp\/v2\/pages\/366\/revisions"}],"predecessor-version":[{"id":2580,"href":"https:\/\/web.umons.ac.be\/fpms\/wp-json\/wp\/v2\/pages\/366\/revisions\/2580"}],"up":[{"embeddable":true,"href":"https:\/\/web.umons.ac.be\/fpms\/wp-json\/wp\/v2\/pages\/111"}],"wp:attachment":[{"href":"https:\/\/web.umons.ac.be\/fpms\/wp-json\/wp\/v2\/media?parent=366"}],"curies":[{"name":"wp","href":"https:\/\/api.w.org\/{rel}","templated":true}]}}