{"id":375,"date":"2017-10-09T15:23:53","date_gmt":"2017-10-09T13:23:53","guid":{"rendered":"https:\/\/web.umons.ac.be\/fpms\/?page_id=375"},"modified":"2023-02-27T09:43:46","modified_gmt":"2023-02-27T08:43:46","slug":"ingenieur-civil-mecanicien","status":"publish","type":"page","link":"https:\/\/web.umons.ac.be\/fpms\/fr\/offre-de-formation\/2eme-cycle-master\/ingenieur-civil-mecanicien\/","title":{"rendered":"Ing\u00e9nieur civil m\u00e9canicien"},"content":{"rendered":"<p>Imaginer, concevoir, r\u00e9aliser et mettre en oeuvre des syst\u00e8mes m\u00e9caniques tout en int\u00e9grant les contraintes environnementales, \u00e9nerg\u00e9tiques et socio-\u00e9conomiques.<\/p>\n<p>\u00ab La m\u00e9canique est la pierre angulaire de toutes les industries. Elle est \u00e0 la base de la cr\u00e9ation et de la fabrication de tous les objets technologiques ou communs qui nous entourent \u00bb*.<\/p>\n<p>L\u2019ing\u00e9nieur civil m\u00e9canicien est un concepteur, un producteur et un gestionnaire de machines, d\u2019\u00e9quipements et de syst\u00e8mes. C\u2019est un g\u00e9n\u00e9raliste disposant d\u2019un large \u00e9ventail d\u2019aptitudes scientifiques et techniques. Il utilise ses comp\u00e9tences dans de tr\u00e8s nombreux secteurs d\u2019activit\u00e9s: les fabrications m\u00e9caniques, \u00e9lectriques et \u00e9lectroniques, la production et la conversion d\u2019\u00e9nergie, le transport, les industries agro-alimentaires, chimiques et p\u00e9trochimiques, la sid\u00e9rurgie, la sant\u00e9, l\u2019environnement\u2026..<\/p>\n<p>Il peut y occuper diverses fonctions, de la conception en bureau d\u2019\u00e9tudes \u00e0 la production, en passant par la recherche et l\u2019innovation.<\/p>\n<p><em>*Martine Cl\u00e9ment, Pr\u00e9sidente d\u2019honneur de la F\u00e9d\u00e9ration fran\u00e7aise des Industries m\u00e9caniques (1993)<\/em><\/p>\n<start-cask-shortcode-wrapper><article class=\"shortcode-training training-small content-block scheme-fpms\">\n\t<a href=\"https:\/\/web.umons.ac.be\/fpms\/fr\/formations\/m2-irmefs\/\" class=\"training-link scheme-border-hover\">\n\t\t<header class=\"training-small-header\">\n\t\t\t<div class=\"training-small-entity scheme-color\">\n\t\t\t\tFacult\u00e9 \/ FPMS\t\t\t\t\t           \t<img decoding=\"async\" src=\"https:\/\/web.umons.ac.be\/app\/uploads\/sites\/6\/2017\/05\/POLYTECH.png\" class=\"training-small-entity-logo\" alt=\"Ic\u00f4ne de Facult\u00e9 \/ FPMS\">\n\t        \t\t\t\t<\/div>\n\t\t\t<div class=\"training-small-degree\">\n\t\t\t\tMaster en\t\t\t<\/div>\n\n\t\t\t<h1 class=\"training-small-title\">Ing\u00e9nieur civil m\u00e9canicien<\/h1>\n\n\t\t\t\t\t\t<div class=\"training-small-subtitle\">\n\t\t\t\t<strong>Finalit\u00e9 sp\u00e9cialis\u00e9e<\/strong>\n\t\t\t<\/div>\n\t\t\t\t\t<\/header>\n\t\t\t\t<div class=\"training-small-content\">\n\t\t\t<div class=\"training-small-location\">\n\t\t\t\t<span class=\"icon umons-icon-pin\" aria-hidden=\"true\"><\/span>\n\t\t\t\t<span class=\"location\">Mons<\/span>\n\t\t\t<\/div>\n\n\t\t\t\t\t\t<div class=\"training-small-side-info\">\n\t\t\t\t<ul class=\"training-small-side-info-list\">\n\t\t\t\t\t\t\t\t\t\t<li>\n\t\t\t\t\t\t<div class=\"training-single-schedule\">\n\t\t\t\t\t\t\t<div class=\"label\">Horaire<\/div>\n\t\t\t\t\t\t\t<div class=\"value\">Horaire de jour<\/div>\n\t\t\t\t\t\t<\/div>\n\t\t\t\t\t<\/li>\n\t\t\t\t\t\t\t\t\t\t\t\t\t\t\t<li>\n\t\t\t\t\t\t<div class=\"training-single-credits\">\n\t\t\t\t\t\t\t<div class=\"label\">Cr\u00e9dits ECTS<\/div>\n\t\t\t\t\t\t\t<div class=\"value\">120<\/div>\n\t\t\t\t\t\t<\/div>\n\t\t\t\t\t<\/li>\n\t\t\t\t\t\t\t\t\t\t\t\t\t\t\t<li>\n\t\t\t\t\t\t<div class=\"training-single-languages\">\n\t\t\t\t\t\t\t<div class=\"label\">Langue<\/div>\n\t\t\t\t\t\t\t<div class=\"value\">\n\t\t\t\t\t\t\t\t<span class=\"lang\">Fran\u00e7ais<\/span>\n\t\t\t\t\t\t\t<\/div>\n\t\t\t\t\t\t<\/div>\n\t\t\t\t\t<\/li>\n\t\t\t\t\t\t\t\t\t<\/ul>\n\t\t\t<\/div>\n\t\t\t\t\t<\/div>\n\t\t\t<\/a>\n<\/article>\n<end-cask-shortcode-wrapper>\n<hr \/>\n<p><strong><em>Lien vers le programme des cours des Masters maintenus \u00e0 titre transitoire :<\/em><\/strong><\/p>\n<ul class=\"tabCursus\">\n<li><em><a class=\"cursus_link\" href=\"https:\/\/applications.umons.ac.be\/web\/fr\/pde\/2023-2024\/cursus\/MEC1_S231.htm\">Master : ing\u00e9nieur civil m\u00e9canicien, \u00e0 finalit\u00e9 sp\u00e9cialis\u00e9e en m\u00e9catronique (Mons)<\/a><\/em><\/li>\n<li><em><a class=\"cursus_link\" href=\"https:\/\/applications.umons.ac.be\/web\/fr\/pde\/2023-2024\/cursus\/MEC1_S232.htm\">Master : ing\u00e9nieur civil m\u00e9canicien, \u00e0 finalit\u00e9 sp\u00e9cialis\u00e9e en g\u00e9nie \u00e9nerg\u00e9tique (Mons)<\/a><\/em><\/li>\n<li><em><a class=\"cursus_link\" href=\"https:\/\/applications.umons.ac.be\/web\/fr\/pde\/2023-2024\/cursus\/MEC1_S233.htm\">Master : ing\u00e9nieur civil m\u00e9canicien, \u00e0 finalit\u00e9 sp\u00e9cialis\u00e9e en conception et production (Mons)<\/a><\/em><\/li>\n<\/ul>\n<p>&nbsp;<\/p>\n<start-cask-shortcode-wrapper>\n<blockquote class=\"shortcode-testimonial scheme-fpms\">\n    <div class=\"testimonial-quote\">\n        <div>\u201cD\u00e8s les portes ouvertes, j\u2019ai\u00a0\u00e9t\u00e9 sensible au caract\u00e8re familial\u00a0de la FPMs : je m\u2019y suis\u00a0directement senti accueilli\u00a0tant par le personnel acad\u00e9mique\u00a0que par les autres \u00e9tudiants.\r\nAujourd\u2019hui en 5e&hellip;<\/div>\n                <a href=\"#testimonial-modal-756\" class=\"button-secondary open-testimonial scheme-border scheme-color-hover-important\">\n            Poursuivre la lecture <span class=\"icon umons-icon-tail-right\" aria-hidden=\"true\"><\/span>\n        <\/a>\n            <\/div>\n    <div class=\"testimonial-author\">\n                <div class=\"testimonial-picture\">\n            <img decoding=\"async\" src=\"https:\/\/web.umons.ac.be\/app\/uploads\/sites\/6\/2018\/01\/FPMs-2017-ok28web29.pdf-Adobe-Acrobat-Pro-DC-9-80x80.jpg\" alt=\"\" \/>\n        <\/div>\n                <div class=\"testimonial-text\">\n            <div class=\"testimonial-identity\">\n                <span class=\"testimonial-author-name\">Gauthier CHERDON<\/span>\n                            <\/div>\n            <div class=\"testimonial-meta\">\n                                                <span class=\"testimonial-group\">Master ing\u00e9nieur civil m\u00e9canicien, \u00e0 finalit\u00e9 sp\u00e9cialis\u00e9e en m\u00e9catronique<\/span>\n                            <\/div>\n        <\/div>\n    <\/div>\n<\/blockquote>\n<div id=\"testimonial-modal-756\" class=\"testimonial-modal-wrap normal\" style=\"display: none;\">\n    <div class=\"shortcode-testimonial-modal\">\n        <blockquote class=\"shortcode-testimonial\">\n            <div class=\"testimonial-quote editor-front\">\n                                <blockquote class=\"highlighted-quote\">\u201cD\u00e8s les portes ouvertes, j\u2019ai\u00a0\u00e9t\u00e9 sensible au caract\u00e8re familial\u00a0de la FPMs : je m\u2019y suis\u00a0directement senti accueilli\u00a0tant par le personnel acad\u00e9mique\u00a0que par les autres \u00e9tudiants. Aujourd\u2019hui en 5e ann\u00e9e, j\u2019ai eu la chance\u00a0d\u2019\u00eatre chef d\u2019un projet de grande envergure\u00a0: la participation \u00e0 la coupe europ\u00e9enne\u00a0de robotique \u00ab Eurobot \u00bb. Exp\u00e9rience tr\u00e8s\u00a0enrichissante. J\u2019ai \u00e9t\u00e9 plong\u00e9 dans\u2026<\/blockquote>\n                                                <div class=\"testimonial-full-quote\"><p>\u201cD\u00e8s les portes ouvertes, j\u2019ai\u00a0\u00e9t\u00e9 sensible au caract\u00e8re familial\u00a0de la FPMs : je m\u2019y suis\u00a0directement senti accueilli\u00a0tant par le personnel acad\u00e9mique\u00a0que par les autres \u00e9tudiants.<br \/>\nAujourd\u2019hui en 5e ann\u00e9e, j\u2019ai eu la chance\u00a0d\u2019\u00eatre chef d\u2019un projet de grande envergure\u00a0: la participation \u00e0 la coupe europ\u00e9enne\u00a0de robotique \u00ab Eurobot \u00bb. Exp\u00e9rience tr\u00e8s\u00a0enrichissante. J\u2019ai \u00e9t\u00e9 plong\u00e9 dans un projet\u00a0d\u2019\u00e9quipe tr\u00e8s concret et motivant qui, arriv\u00e9\u00a0\u00e0 \u00e9ch\u00e9ance, a fait na\u00eetre un robot performant\u00a0et fiable. Cela m\u2019a appris beaucoup d\u2019un\u00a0point de vue technique dans le domaine de\u00a0la robotique, mais pas seulement. J\u2019ai aussi\u00a0d\u00e9velopp\u00e9 d\u2019autres comp\u00e9tences telles que\u00a0la gestion d\u2019\u00e9quipe, la communication, ou\u00a0encore la gestion d\u2019un budget.<br \/>\nUne aventure inoubliable ! Un r\u00e9el atout\u00a0pour entrer dans le m\u00e9tier d\u2019ing\u00e9nieur civil !\u201d<\/p>\n<\/div>\n                            <\/div>\n            <div class=\"testimonial-author\">\n                                <div class=\"testimonial-picture\">\n                    <img decoding=\"async\" src=\"https:\/\/web.umons.ac.be\/app\/uploads\/sites\/6\/2018\/01\/FPMs-2017-ok28web29.pdf-Adobe-Acrobat-Pro-DC-9-80x80.jpg\" alt=\"\" \/>\n                <\/div>\n                                <div class=\"testimonial-text\">\n                    <div class=\"testimonial-identity\">\n                        <span class=\"testimonial-author-name\">Gauthier CHERDON<\/span>\n                                            <\/div>\n                    <div class=\"testimonial-meta\">\n                                                                        <span class=\"testimonial-group\">(Master ing\u00e9nieur civil m\u00e9canicien, \u00e0 finalit\u00e9 sp\u00e9cialis\u00e9e en m\u00e9catronique)<\/span>\n                                            <\/div>\n                <\/div>\n            <\/div>\n        <\/blockquote>\n    <\/div>\n<\/div>\n<end-cask-shortcode-wrapper>\n","protected":false},"excerpt":{"rendered":"<p>Imaginer, concevoir, r\u00e9aliser et mettre en oeuvre des syst\u00e8mes m\u00e9caniques tout en int\u00e9grant les contraintes environnementales, \u00e9nerg\u00e9tiques et socio-\u00e9conomiques. \u00ab La m\u00e9canique est la pierre angulaire de toutes les industries. Elle est \u00e0 la base de la cr\u00e9ation et de la fabrication de tous les objets technologiques ou communs qui nous entourent \u00bb*. L\u2019ing\u00e9nieur civil [&hellip;]<\/p>\n","protected":false},"author":2,"featured_media":0,"parent":111,"menu_order":5,"comment_status":"closed","ping_status":"closed","template":"","meta":{"footnotes":""},"class_list":["post-375","page","type-page","status-publish","hentry"],"yoast_head":"<!-- This site is optimized with the Yoast SEO plugin v27.2 - https:\/\/yoast.com\/product\/yoast-seo-wordpress\/ -->\n<title>Ing\u00e9nieur civil m\u00e9canicien - Facult\u00e9 \/ FPMS<\/title>\n<meta name=\"robots\" content=\"index, follow, max-snippet:-1, max-image-preview:large, max-video-preview:-1\" \/>\n<link rel=\"canonical\" href=\"https:\/\/web.umons.ac.be\/fpms\/fr\/offre-de-formation\/2eme-cycle-master\/ingenieur-civil-mecanicien\/\" \/>\n<meta property=\"og:locale\" content=\"fr_FR\" \/>\n<meta property=\"og:type\" content=\"article\" \/>\n<meta property=\"og:title\" content=\"Ing\u00e9nieur civil m\u00e9canicien - Facult\u00e9 \/ FPMS\" \/>\n<meta property=\"og:description\" content=\"Imaginer, concevoir, r\u00e9aliser et mettre en oeuvre des syst\u00e8mes m\u00e9caniques tout en int\u00e9grant les contraintes environnementales, \u00e9nerg\u00e9tiques et socio-\u00e9conomiques. \u00ab La m\u00e9canique est la pierre angulaire de toutes les industries. Elle est \u00e0 la base de la cr\u00e9ation et de la fabrication de tous les objets technologiques ou communs qui nous entourent \u00bb*. L\u2019ing\u00e9nieur civil [&hellip;]\" \/>\n<meta property=\"og:url\" content=\"https:\/\/web.umons.ac.be\/fpms\/fr\/offre-de-formation\/2eme-cycle-master\/ingenieur-civil-mecanicien\/\" \/>\n<meta property=\"og:site_name\" content=\"Facult\u00e9 \/ FPMS\" \/>\n<meta property=\"article:modified_time\" content=\"2023-02-27T08:43:46+00:00\" \/>\n<meta name=\"twitter:card\" content=\"summary_large_image\" \/>\n<meta name=\"twitter:label1\" content=\"Dur\u00e9e de lecture estim\u00e9e\" \/>\n\t<meta name=\"twitter:data1\" content=\"2 minutes\" \/>\n<script type=\"application\/ld+json\" class=\"yoast-schema-graph\">{\"@context\":\"https:\/\/schema.org\",\"@graph\":[{\"@type\":\"WebPage\",\"@id\":\"https:\/\/web.umons.ac.be\/fpms\/fr\/offre-de-formation\/2eme-cycle-master\/ingenieur-civil-mecanicien\/\",\"url\":\"https:\/\/web.umons.ac.be\/fpms\/fr\/offre-de-formation\/2eme-cycle-master\/ingenieur-civil-mecanicien\/\",\"name\":\"Ing\u00e9nieur civil m\u00e9canicien - Facult\u00e9 \/ FPMS\",\"isPartOf\":{\"@id\":\"https:\/\/web.umons.ac.be\/fpms\/#website\"},\"datePublished\":\"2017-10-09T13:23:53+00:00\",\"dateModified\":\"2023-02-27T08:43:46+00:00\",\"breadcrumb\":{\"@id\":\"https:\/\/web.umons.ac.be\/fpms\/fr\/offre-de-formation\/2eme-cycle-master\/ingenieur-civil-mecanicien\/#breadcrumb\"},\"inLanguage\":\"fr-FR\",\"potentialAction\":[{\"@type\":\"ReadAction\",\"target\":[\"https:\/\/web.umons.ac.be\/fpms\/fr\/offre-de-formation\/2eme-cycle-master\/ingenieur-civil-mecanicien\/\"]}]},{\"@type\":\"BreadcrumbList\",\"@id\":\"https:\/\/web.umons.ac.be\/fpms\/fr\/offre-de-formation\/2eme-cycle-master\/ingenieur-civil-mecanicien\/#breadcrumb\",\"itemListElement\":[{\"@type\":\"ListItem\",\"position\":1,\"name\":\"Accueil\",\"item\":\"https:\/\/web.umons.ac.be\/fpms\/fr\/\"},{\"@type\":\"ListItem\",\"position\":2,\"name\":\"L&rsquo;offre de formation\",\"item\":\"https:\/\/web.umons.ac.be\/fpms\/fr\/offre-de-formation\/\"},{\"@type\":\"ListItem\",\"position\":3,\"name\":\"2\u00e8me cycle : Master\",\"item\":\"https:\/\/web.umons.ac.be\/fpms\/fr\/offre-de-formation\/2eme-cycle-master\/\"},{\"@type\":\"ListItem\",\"position\":4,\"name\":\"Ing\u00e9nieur civil m\u00e9canicien\"}]},{\"@type\":\"WebSite\",\"@id\":\"https:\/\/web.umons.ac.be\/fpms\/#website\",\"url\":\"https:\/\/web.umons.ac.be\/fpms\/\",\"name\":\"Facult\u00e9 \/ FPMS\",\"description\":\"Un site utilisant Universit\u00e9 de Mons \u2013 UMONS\",\"potentialAction\":[{\"@type\":\"SearchAction\",\"target\":{\"@type\":\"EntryPoint\",\"urlTemplate\":\"https:\/\/web.umons.ac.be\/fpms\/?s={search_term_string}\"},\"query-input\":{\"@type\":\"PropertyValueSpecification\",\"valueRequired\":true,\"valueName\":\"search_term_string\"}}],\"inLanguage\":\"fr-FR\"}]}<\/script>\n<!-- \/ Yoast SEO plugin. -->","yoast_head_json":{"title":"Ing\u00e9nieur civil m\u00e9canicien - Facult\u00e9 \/ FPMS","robots":{"index":"index","follow":"follow","max-snippet":"max-snippet:-1","max-image-preview":"max-image-preview:large","max-video-preview":"max-video-preview:-1"},"canonical":"https:\/\/web.umons.ac.be\/fpms\/fr\/offre-de-formation\/2eme-cycle-master\/ingenieur-civil-mecanicien\/","og_locale":"fr_FR","og_type":"article","og_title":"Ing\u00e9nieur civil m\u00e9canicien - Facult\u00e9 \/ FPMS","og_description":"Imaginer, concevoir, r\u00e9aliser et mettre en oeuvre des syst\u00e8mes m\u00e9caniques tout en int\u00e9grant les contraintes environnementales, \u00e9nerg\u00e9tiques et socio-\u00e9conomiques. \u00ab La m\u00e9canique est la pierre angulaire de toutes les industries. Elle est \u00e0 la base de la cr\u00e9ation et de la fabrication de tous les objets technologiques ou communs qui nous entourent \u00bb*. L\u2019ing\u00e9nieur civil [&hellip;]","og_url":"https:\/\/web.umons.ac.be\/fpms\/fr\/offre-de-formation\/2eme-cycle-master\/ingenieur-civil-mecanicien\/","og_site_name":"Facult\u00e9 \/ FPMS","article_modified_time":"2023-02-27T08:43:46+00:00","twitter_card":"summary_large_image","twitter_misc":{"Dur\u00e9e de lecture estim\u00e9e":"2 minutes"},"schema":{"@context":"https:\/\/schema.org","@graph":[{"@type":"WebPage","@id":"https:\/\/web.umons.ac.be\/fpms\/fr\/offre-de-formation\/2eme-cycle-master\/ingenieur-civil-mecanicien\/","url":"https:\/\/web.umons.ac.be\/fpms\/fr\/offre-de-formation\/2eme-cycle-master\/ingenieur-civil-mecanicien\/","name":"Ing\u00e9nieur civil m\u00e9canicien - Facult\u00e9 \/ FPMS","isPartOf":{"@id":"https:\/\/web.umons.ac.be\/fpms\/#website"},"datePublished":"2017-10-09T13:23:53+00:00","dateModified":"2023-02-27T08:43:46+00:00","breadcrumb":{"@id":"https:\/\/web.umons.ac.be\/fpms\/fr\/offre-de-formation\/2eme-cycle-master\/ingenieur-civil-mecanicien\/#breadcrumb"},"inLanguage":"fr-FR","potentialAction":[{"@type":"ReadAction","target":["https:\/\/web.umons.ac.be\/fpms\/fr\/offre-de-formation\/2eme-cycle-master\/ingenieur-civil-mecanicien\/"]}]},{"@type":"BreadcrumbList","@id":"https:\/\/web.umons.ac.be\/fpms\/fr\/offre-de-formation\/2eme-cycle-master\/ingenieur-civil-mecanicien\/#breadcrumb","itemListElement":[{"@type":"ListItem","position":1,"name":"Accueil","item":"https:\/\/web.umons.ac.be\/fpms\/fr\/"},{"@type":"ListItem","position":2,"name":"L&rsquo;offre de formation","item":"https:\/\/web.umons.ac.be\/fpms\/fr\/offre-de-formation\/"},{"@type":"ListItem","position":3,"name":"2\u00e8me cycle : Master","item":"https:\/\/web.umons.ac.be\/fpms\/fr\/offre-de-formation\/2eme-cycle-master\/"},{"@type":"ListItem","position":4,"name":"Ing\u00e9nieur civil m\u00e9canicien"}]},{"@type":"WebSite","@id":"https:\/\/web.umons.ac.be\/fpms\/#website","url":"https:\/\/web.umons.ac.be\/fpms\/","name":"Facult\u00e9 \/ FPMS","description":"Un site utilisant Universit\u00e9 de Mons \u2013 UMONS","potentialAction":[{"@type":"SearchAction","target":{"@type":"EntryPoint","urlTemplate":"https:\/\/web.umons.ac.be\/fpms\/?s={search_term_string}"},"query-input":{"@type":"PropertyValueSpecification","valueRequired":true,"valueName":"search_term_string"}}],"inLanguage":"fr-FR"}]}},"lang":"fr","translations":{"fr":375,"en":573},"pll_sync_post":[],"_links":{"self":[{"href":"https:\/\/web.umons.ac.be\/fpms\/wp-json\/wp\/v2\/pages\/375","targetHints":{"allow":["GET"]}}],"collection":[{"href":"https:\/\/web.umons.ac.be\/fpms\/wp-json\/wp\/v2\/pages"}],"about":[{"href":"https:\/\/web.umons.ac.be\/fpms\/wp-json\/wp\/v2\/types\/page"}],"author":[{"embeddable":true,"href":"https:\/\/web.umons.ac.be\/fpms\/wp-json\/wp\/v2\/users\/2"}],"replies":[{"embeddable":true,"href":"https:\/\/web.umons.ac.be\/fpms\/wp-json\/wp\/v2\/comments?post=375"}],"version-history":[{"count":3,"href":"https:\/\/web.umons.ac.be\/fpms\/wp-json\/wp\/v2\/pages\/375\/revisions"}],"predecessor-version":[{"id":2585,"href":"https:\/\/web.umons.ac.be\/fpms\/wp-json\/wp\/v2\/pages\/375\/revisions\/2585"}],"up":[{"embeddable":true,"href":"https:\/\/web.umons.ac.be\/fpms\/wp-json\/wp\/v2\/pages\/111"}],"wp:attachment":[{"href":"https:\/\/web.umons.ac.be\/fpms\/wp-json\/wp\/v2\/media?parent=375"}],"curies":[{"name":"wp","href":"https:\/\/api.w.org\/{rel}","templated":true}]}}